{"id":562947,"date":"2025-06-06T09:59:28","date_gmt":"2025-06-06T07:59:28","guid":{"rendered":"https:\/\/www.daisho.be\/produit\/puesto-de-entrenamiento-multifuncional\/"},"modified":"2025-06-06T09:59:28","modified_gmt":"2025-06-06T07:59:28","slug":"puesto-de-entrenamiento-multifuncional","status":"publish","type":"product","link":"https:\/\/www.daisho.be\/es\/produit\/puesto-de-entrenamiento-multifuncional\/","title":{"rendered":"Puesto de entrenamiento multifuncional"},"content":{"rendered":"<p>Date total libertad de entrenamiento con nuestra estaci\u00f3n multifuncional, dise\u00f1ada para trabajar eficazmente todas las zonas de tu cuerpo. Modular y f\u00e1cil de desmontar, se adapta perfectamente a tus objetivos y a tu espacio.<br \/>\nEspecificaciones: 2736mm\u00d72736mm\u00d72600mm<br \/>\nMaterial: Acero de construcci\u00f3n al carbono<br \/>\nCaracter\u00edsticas:<br \/>\nEste producto es un completo entrenador de boxeo multifuncional que incorpora sacos de arena (4 piezas), una bola de pera, una diana de pared y una bola de velocidad de boxeo. Cubre una superficie peque\u00f1a y no necesita fijarse.<br \/>\nLos usuarios pueden desmontar y ajustar la m\u00e1quina de boxeo para adaptarla a sus propias necesidades, lo que flexibiliza su uso.<\/p>\n","protected":false},"excerpt":{"rendered":"<p>Date total libertad de entrenamiento con nuestra estaci\u00f3n multifuncional, dise\u00f1ada para trabajar eficazmente todas las zonas de tu cuerpo. Modular y f\u00e1cil de desmontar, se adapta perfectamente a tus objetivos y a tu espacio. Especificaciones: 2736mm\u00d72736mm\u00d72600mm Material: Acero de construcci\u00f3n al carbono Caracter\u00edsticas: Este producto es un completo entrenador de boxeo multifuncional que incorpora sacos [&hellip;]<\/p>\n","protected":false},"featured_media":525373,"comment_status":"open","ping_status":"closed","template":"","meta":{"inline_featured_image":false},"product_brand":[],"product_cat":[1418,1409,1321],"product_tag":[2529],"sport":[],"class_list":{"0":"post-562947","1":"product","2":"type-product","3":"status-publish","4":"has-post-thumbnail","6":"product_cat-equipo-de-entrenamiento-de-boxeo","7":"product_cat-equipos-de-formacion-es","8":"product_cat-sacos-de-boxeo","9":"product_tag-taishan","11":"first","12":"instock","13":"taxable","14":"shipping-taxable","15":"purchasable","16":"product-type-simple"},"yoast_head":"<!-- This site is optimized with the Yoast SEO plugin v27.2 - https:\/\/yoast.com\/product\/yoast-seo-wordpress\/ -->\n<title>Puesto de entrenamiento multifuncional &#8211; Daisho<\/title>\n<meta name=\"robots\" content=\"index, follow, max-snippet:-1, max-image-preview:large, max-video-preview:-1\" \/>\n<link rel=\"canonical\" href=\"https:\/\/www.daisho.be\/es\/produit\/puesto-de-entrenamiento-multifuncional\/\" \/>\n<meta property=\"og:locale\" content=\"es_ES\" \/>\n<meta property=\"og:type\" content=\"article\" \/>\n<meta property=\"og:title\" content=\"Puesto de entrenamiento multifuncional &#8211; Daisho\" \/>\n<meta property=\"og:description\" content=\"Date total libertad de entrenamiento con nuestra estaci\u00f3n multifuncional, dise\u00f1ada para trabajar eficazmente todas las zonas de tu cuerpo. Modular y f\u00e1cil de desmontar, se adapta perfectamente a tus objetivos y a tu espacio. Especificaciones: 2736mm\u00d72736mm\u00d72600mm Material: Acero de construcci\u00f3n al carbono Caracter\u00edsticas: Este producto es un completo entrenador de boxeo multifuncional que incorpora sacos [&hellip;]\" \/>\n<meta property=\"og:url\" content=\"https:\/\/www.daisho.be\/es\/produit\/puesto-de-entrenamiento-multifuncional\/\" \/>\n<meta property=\"og:site_name\" content=\"Daisho\" \/>\n<meta property=\"og:image\" content=\"https:\/\/www.daisho.be\/wp-content\/uploads\/2025\/06\/image-18-scaled.png\" \/>\n\t<meta property=\"og:image:width\" content=\"1536\" \/>\n\t<meta property=\"og:image:height\" content=\"2048\" \/>\n\t<meta property=\"og:image:type\" content=\"image\/png\" \/>\n<meta name=\"twitter:card\" content=\"summary_large_image\" \/>\n<meta name=\"twitter:label1\" content=\"Tiempo de lectura\" \/>\n\t<meta name=\"twitter:data1\" content=\"1 minuto\" \/>\n<script type=\"application\/ld+json\" class=\"yoast-schema-graph\">{\"@context\":\"https:\/\/schema.org\",\"@graph\":[{\"@type\":\"WebPage\",\"@id\":\"https:\/\/www.daisho.be\/es\/produit\/puesto-de-entrenamiento-multifuncional\/\",\"url\":\"https:\/\/www.daisho.be\/es\/produit\/puesto-de-entrenamiento-multifuncional\/\",\"name\":\"Puesto de entrenamiento multifuncional &#8211; Daisho\",\"isPartOf\":{\"@id\":\"https:\/\/www.daisho.be\/es\/#website\"},\"primaryImageOfPage\":{\"@id\":\"https:\/\/www.daisho.be\/es\/produit\/puesto-de-entrenamiento-multifuncional\/#primaryimage\"},\"image\":{\"@id\":\"https:\/\/www.daisho.be\/es\/produit\/puesto-de-entrenamiento-multifuncional\/#primaryimage\"},\"thumbnailUrl\":\"https:\/\/www.daisho.be\/wp-content\/uploads\/2025\/06\/image-18-scaled.png\",\"datePublished\":\"2025-06-06T07:59:28+00:00\",\"breadcrumb\":{\"@id\":\"https:\/\/www.daisho.be\/es\/produit\/puesto-de-entrenamiento-multifuncional\/#breadcrumb\"},\"inLanguage\":\"es\",\"potentialAction\":[{\"@type\":\"ReadAction\",\"target\":[\"https:\/\/www.daisho.be\/es\/produit\/puesto-de-entrenamiento-multifuncional\/\"]}]},{\"@type\":\"ImageObject\",\"inLanguage\":\"es\",\"@id\":\"https:\/\/www.daisho.be\/es\/produit\/puesto-de-entrenamiento-multifuncional\/#primaryimage\",\"url\":\"https:\/\/www.daisho.be\/wp-content\/uploads\/2025\/06\/image-18-scaled.png\",\"contentUrl\":\"https:\/\/www.daisho.be\/wp-content\/uploads\/2025\/06\/image-18-scaled.png\",\"width\":1536,\"height\":2048,\"caption\":\"Station d'entra\u00eenement multifonctionnelle -1\"},{\"@type\":\"BreadcrumbList\",\"@id\":\"https:\/\/www.daisho.be\/es\/produit\/puesto-de-entrenamiento-multifuncional\/#breadcrumb\",\"itemListElement\":[{\"@type\":\"ListItem\",\"position\":1,\"name\":\"Accueil\",\"item\":\"https:\/\/www.daisho.be\/es\/\"},{\"@type\":\"ListItem\",\"position\":2,\"name\":\"Productos\",\"item\":\"https:\/\/www.daisho.be\/es\/productos\/\"},{\"@type\":\"ListItem\",\"position\":3,\"name\":\"Equipamiento y ropa para artes marciales y deportes de combate\",\"item\":\"https:\/\/www.daisho.be\/es\/categorie-produit\/equipamiento-y-ropa-para-artes-marciales-y-deportes-de-combate\/\"},{\"@type\":\"ListItem\",\"position\":4,\"name\":\"Boxeo\",\"item\":\"https:\/\/www.daisho.be\/es\/categorie-produit\/equipamiento-y-ropa-para-artes-marciales-y-deportes-de-combate\/boxeo-es\/\"},{\"@type\":\"ListItem\",\"position\":5,\"name\":\"Equipo de entrenamiento de boxeo\",\"item\":\"https:\/\/www.daisho.be\/es\/categorie-produit\/equipamiento-y-ropa-para-artes-marciales-y-deportes-de-combate\/boxeo-es\/equipo-de-entrenamiento-de-boxeo\/\"},{\"@type\":\"ListItem\",\"position\":6,\"name\":\"Puesto de entrenamiento multifuncional\"}]},{\"@type\":\"WebSite\",\"@id\":\"https:\/\/www.daisho.be\/es\/#website\",\"url\":\"https:\/\/www.daisho.be\/es\/\",\"name\":\"Daisho\",\"description\":\"Sp&eacute;cialiste de l'&eacute;quipement sportif d'arts martiaux\",\"publisher\":{\"@id\":\"https:\/\/www.daisho.be\/es\/#organization\"},\"potentialAction\":[{\"@type\":\"SearchAction\",\"target\":{\"@type\":\"EntryPoint\",\"urlTemplate\":\"https:\/\/www.daisho.be\/es\/?s={search_term_string}\"},\"query-input\":{\"@type\":\"PropertyValueSpecification\",\"valueRequired\":true,\"valueName\":\"search_term_string\"}}],\"inLanguage\":\"es\"},{\"@type\":\"Organization\",\"@id\":\"https:\/\/www.daisho.be\/es\/#organization\",\"name\":\"Daisho\",\"url\":\"https:\/\/www.daisho.be\/es\/\",\"logo\":{\"@type\":\"ImageObject\",\"inLanguage\":\"es\",\"@id\":\"https:\/\/www.daisho.be\/es\/#\/schema\/logo\/image\/\",\"url\":\"https:\/\/www.daisho.be\/wp-content\/uploads\/2019\/07\/color-nothing-horizontale4x-e1564486100247.png\",\"contentUrl\":\"https:\/\/www.daisho.be\/wp-content\/uploads\/2019\/07\/color-nothing-horizontale4x-e1564486100247.png\",\"width\":1547,\"height\":385,\"caption\":\"Daisho\"},\"image\":{\"@id\":\"https:\/\/www.daisho.be\/es\/#\/schema\/logo\/image\/\"}}]}<\/script>\n<!-- \/ Yoast SEO plugin. -->","yoast_head_json":{"title":"Puesto de entrenamiento multifuncional &#8211; Daisho","robots":{"index":"index","follow":"follow","max-snippet":"max-snippet:-1","max-image-preview":"max-image-preview:large","max-video-preview":"max-video-preview:-1"},"canonical":"https:\/\/www.daisho.be\/es\/produit\/puesto-de-entrenamiento-multifuncional\/","og_locale":"es_ES","og_type":"article","og_title":"Puesto de entrenamiento multifuncional &#8211; Daisho","og_description":"Date total libertad de entrenamiento con nuestra estaci\u00f3n multifuncional, dise\u00f1ada para trabajar eficazmente todas las zonas de tu cuerpo. Modular y f\u00e1cil de desmontar, se adapta perfectamente a tus objetivos y a tu espacio. Especificaciones: 2736mm\u00d72736mm\u00d72600mm Material: Acero de construcci\u00f3n al carbono Caracter\u00edsticas: Este producto es un completo entrenador de boxeo multifuncional que incorpora sacos [&hellip;]","og_url":"https:\/\/www.daisho.be\/es\/produit\/puesto-de-entrenamiento-multifuncional\/","og_site_name":"Daisho","og_image":[{"width":1536,"height":2048,"url":"https:\/\/www.daisho.be\/wp-content\/uploads\/2025\/06\/image-18-scaled.png","type":"image\/png"}],"twitter_card":"summary_large_image","twitter_misc":{"Tiempo de lectura":"1 minuto"},"schema":{"@context":"https:\/\/schema.org","@graph":[{"@type":"WebPage","@id":"https:\/\/www.daisho.be\/es\/produit\/puesto-de-entrenamiento-multifuncional\/","url":"https:\/\/www.daisho.be\/es\/produit\/puesto-de-entrenamiento-multifuncional\/","name":"Puesto de entrenamiento multifuncional &#8211; Daisho","isPartOf":{"@id":"https:\/\/www.daisho.be\/es\/#website"},"primaryImageOfPage":{"@id":"https:\/\/www.daisho.be\/es\/produit\/puesto-de-entrenamiento-multifuncional\/#primaryimage"},"image":{"@id":"https:\/\/www.daisho.be\/es\/produit\/puesto-de-entrenamiento-multifuncional\/#primaryimage"},"thumbnailUrl":"https:\/\/www.daisho.be\/wp-content\/uploads\/2025\/06\/image-18-scaled.png","datePublished":"2025-06-06T07:59:28+00:00","breadcrumb":{"@id":"https:\/\/www.daisho.be\/es\/produit\/puesto-de-entrenamiento-multifuncional\/#breadcrumb"},"inLanguage":"es","potentialAction":[{"@type":"ReadAction","target":["https:\/\/www.daisho.be\/es\/produit\/puesto-de-entrenamiento-multifuncional\/"]}]},{"@type":"ImageObject","inLanguage":"es","@id":"https:\/\/www.daisho.be\/es\/produit\/puesto-de-entrenamiento-multifuncional\/#primaryimage","url":"https:\/\/www.daisho.be\/wp-content\/uploads\/2025\/06\/image-18-scaled.png","contentUrl":"https:\/\/www.daisho.be\/wp-content\/uploads\/2025\/06\/image-18-scaled.png","width":1536,"height":2048,"caption":"Station d'entra\u00eenement multifonctionnelle -1"},{"@type":"BreadcrumbList","@id":"https:\/\/www.daisho.be\/es\/produit\/puesto-de-entrenamiento-multifuncional\/#breadcrumb","itemListElement":[{"@type":"ListItem","position":1,"name":"Accueil","item":"https:\/\/www.daisho.be\/es\/"},{"@type":"ListItem","position":2,"name":"Productos","item":"https:\/\/www.daisho.be\/es\/productos\/"},{"@type":"ListItem","position":3,"name":"Equipamiento y ropa para artes marciales y deportes de combate","item":"https:\/\/www.daisho.be\/es\/categorie-produit\/equipamiento-y-ropa-para-artes-marciales-y-deportes-de-combate\/"},{"@type":"ListItem","position":4,"name":"Boxeo","item":"https:\/\/www.daisho.be\/es\/categorie-produit\/equipamiento-y-ropa-para-artes-marciales-y-deportes-de-combate\/boxeo-es\/"},{"@type":"ListItem","position":5,"name":"Equipo de entrenamiento de boxeo","item":"https:\/\/www.daisho.be\/es\/categorie-produit\/equipamiento-y-ropa-para-artes-marciales-y-deportes-de-combate\/boxeo-es\/equipo-de-entrenamiento-de-boxeo\/"},{"@type":"ListItem","position":6,"name":"Puesto de entrenamiento multifuncional"}]},{"@type":"WebSite","@id":"https:\/\/www.daisho.be\/es\/#website","url":"https:\/\/www.daisho.be\/es\/","name":"Daisho","description":"Sp&eacute;cialiste de l'&eacute;quipement sportif d'arts martiaux","publisher":{"@id":"https:\/\/www.daisho.be\/es\/#organization"},"potentialAction":[{"@type":"SearchAction","target":{"@type":"EntryPoint","urlTemplate":"https:\/\/www.daisho.be\/es\/?s={search_term_string}"},"query-input":{"@type":"PropertyValueSpecification","valueRequired":true,"valueName":"search_term_string"}}],"inLanguage":"es"},{"@type":"Organization","@id":"https:\/\/www.daisho.be\/es\/#organization","name":"Daisho","url":"https:\/\/www.daisho.be\/es\/","logo":{"@type":"ImageObject","inLanguage":"es","@id":"https:\/\/www.daisho.be\/es\/#\/schema\/logo\/image\/","url":"https:\/\/www.daisho.be\/wp-content\/uploads\/2019\/07\/color-nothing-horizontale4x-e1564486100247.png","contentUrl":"https:\/\/www.daisho.be\/wp-content\/uploads\/2019\/07\/color-nothing-horizontale4x-e1564486100247.png","width":1547,"height":385,"caption":"Daisho"},"image":{"@id":"https:\/\/www.daisho.be\/es\/#\/schema\/logo\/image\/"}}]}},"_links":{"self":[{"href":"https:\/\/www.daisho.be\/es\/wp-json\/wp\/v2\/product\/562947","targetHints":{"allow":["GET"]}}],"collection":[{"href":"https:\/\/www.daisho.be\/es\/wp-json\/wp\/v2\/product"}],"about":[{"href":"https:\/\/www.daisho.be\/es\/wp-json\/wp\/v2\/types\/product"}],"replies":[{"embeddable":true,"href":"https:\/\/www.daisho.be\/es\/wp-json\/wp\/v2\/comments?post=562947"}],"wp:featuredmedia":[{"embeddable":true,"href":"https:\/\/www.daisho.be\/es\/wp-json\/wp\/v2\/media\/525373"}],"wp:attachment":[{"href":"https:\/\/www.daisho.be\/es\/wp-json\/wp\/v2\/media?parent=562947"}],"wp:term":[{"taxonomy":"product_brand","embeddable":true,"href":"https:\/\/www.daisho.be\/es\/wp-json\/wp\/v2\/product_brand?post=562947"},{"taxonomy":"product_cat","embeddable":true,"href":"https:\/\/www.daisho.be\/es\/wp-json\/wp\/v2\/product_cat?post=562947"},{"taxonomy":"product_tag","embeddable":true,"href":"https:\/\/www.daisho.be\/es\/wp-json\/wp\/v2\/product_tag?post=562947"},{"taxonomy":"sport","embeddable":true,"href":"https:\/\/www.daisho.be\/es\/wp-json\/wp\/v2\/sport?post=562947"}],"curies":[{"name":"wp","href":"https:\/\/api.w.org\/{rel}","templated":true}]}}