{"id":562946,"date":"2025-06-06T09:36:14","date_gmt":"2025-06-06T07:36:14","guid":{"rendered":"https:\/\/www.daisho.be\/produit\/ring-de-boxeo-de-entrenamiento\/"},"modified":"2026-03-17T18:25:59","modified_gmt":"2026-03-17T17:25:59","slug":"ring-de-boxeo-de-entrenamiento","status":"publish","type":"product","link":"https:\/\/www.daisho.be\/es\/produit\/ring-de-boxeo-de-entrenamiento\/","title":{"rendered":"Ring de entrenamiento de boxeo 5m"},"content":{"rendered":"<p>El ring de boxeo de 5 metros est\u00e1 especialmente dise\u00f1ado para el entrenamiento. Es robusto y duradero gracias a los materiales utilizados en su construcci\u00f3n.<br \/>\nModelo: TQ2252\/2<br \/>\nEspecificaciones: 5000 \u00d7 5000 \u00d7 1942 mm (altura de la plataforma: 500 mm)<br \/>\nMaterial: PU, PVC, tejido de urdimbre, esponja, lona, esponja de alta resistencia, XPE, acero estructural al carbono de alta calidad, panel multicapa de abedul, etc.<br \/>\nCaracter\u00edsticas:<br \/>\n&#8211; La plataforma superior se compone principalmente de columnas, vigas de soporte y paneles de madera: los principales materiales utilizados para el armaz\u00f3n y las columnas son tubos rectangulares de acero;<br \/>\n El principal material utilizado para los paneles de madera es el panel multicapa de abedul.<br \/>\n  La plataforma alta adopta el m\u00e9todo de montaje U-clip, que garantiza un montaje s\u00f3lido y fiable y un buen aspecto;<br \/>\n&#8211; pies c\u00f3modos, buena elasticidad, que permite a los atletas jugar;<br \/>\n&#8211; antideslizante, buena capacidad de carga;<br \/>\n&#8211; f\u00e1cil instalaci\u00f3n y desmontaje.<\/p>\n","protected":false},"excerpt":{"rendered":"<p>El ring de boxeo de 5 metros est\u00e1 especialmente dise\u00f1ado para el entrenamiento. Es robusto y duradero gracias a los materiales utilizados en su construcci\u00f3n. Modelo: TQ2252\/2 Especificaciones: 5000 \u00d7 5000 \u00d7 1942 mm (altura de la plataforma: 500 mm) Material: PU, PVC, tejido de urdimbre, esponja, lona, esponja de alta resistencia, XPE, acero estructural [&hellip;]<\/p>\n","protected":false},"featured_media":525364,"comment_status":"open","ping_status":"closed","template":"","meta":{"inline_featured_image":false},"product_brand":[],"product_cat":[1475],"product_tag":[2529],"sport":[],"class_list":{"0":"post-562946","1":"product","2":"type-product","3":"status-publish","4":"has-post-thumbnail","6":"product_cat-equipos-de-competicion","7":"product_tag-taishan","9":"first","10":"instock","11":"taxable","12":"shipping-taxable","13":"purchasable","14":"product-type-simple"},"yoast_head":"<!-- This site is optimized with the Yoast SEO plugin v27.2 - https:\/\/yoast.com\/product\/yoast-seo-wordpress\/ -->\n<title>Ring de entrenamiento de boxeo 5m &#8211; Daisho<\/title>\n<meta name=\"description\" content=\"Descubre el ring de boxeo Taishan, especialmente dise\u00f1ado para el entrenamiento. Encu\u00e9ntralo en nuestro sitio web www.daisho.be|Daisho\" \/>\n<meta name=\"robots\" content=\"index, follow, max-snippet:-1, max-image-preview:large, max-video-preview:-1\" \/>\n<link rel=\"canonical\" href=\"https:\/\/www.daisho.be\/es\/produit\/ring-de-boxeo-de-entrenamiento\/\" \/>\n<meta property=\"og:locale\" content=\"es_ES\" \/>\n<meta property=\"og:type\" content=\"article\" \/>\n<meta property=\"og:title\" content=\"Ring de entrenamiento de boxeo 5m &#8211; Daisho\" \/>\n<meta property=\"og:description\" content=\"Descubre el ring de boxeo Taishan, especialmente dise\u00f1ado para el entrenamiento. Encu\u00e9ntralo en nuestro sitio web www.daisho.be|Daisho\" \/>\n<meta property=\"og:url\" content=\"https:\/\/www.daisho.be\/es\/produit\/ring-de-boxeo-de-entrenamiento\/\" \/>\n<meta property=\"og:site_name\" content=\"Daisho\" \/>\n<meta property=\"article:modified_time\" content=\"2026-03-17T17:25:59+00:00\" \/>\n<meta property=\"og:image\" content=\"https:\/\/www.daisho.be\/wp-content\/uploads\/2025\/06\/image-17.png\" \/>\n\t<meta property=\"og:image:width\" content=\"2000\" \/>\n\t<meta property=\"og:image:height\" content=\"1139\" \/>\n\t<meta property=\"og:image:type\" content=\"image\/png\" \/>\n<meta name=\"twitter:card\" content=\"summary_large_image\" \/>\n<meta name=\"twitter:label1\" content=\"Tiempo de lectura\" \/>\n\t<meta name=\"twitter:data1\" content=\"1 minuto\" \/>\n<script type=\"application\/ld+json\" class=\"yoast-schema-graph\">{\"@context\":\"https:\/\/schema.org\",\"@graph\":[{\"@type\":\"WebPage\",\"@id\":\"https:\/\/www.daisho.be\/es\/produit\/ring-de-boxeo-de-entrenamiento\/\",\"url\":\"https:\/\/www.daisho.be\/es\/produit\/ring-de-boxeo-de-entrenamiento\/\",\"name\":\"Ring de entrenamiento de boxeo 5m &#8211; Daisho\",\"isPartOf\":{\"@id\":\"https:\/\/www.daisho.be\/es\/#website\"},\"primaryImageOfPage\":{\"@id\":\"https:\/\/www.daisho.be\/es\/produit\/ring-de-boxeo-de-entrenamiento\/#primaryimage\"},\"image\":{\"@id\":\"https:\/\/www.daisho.be\/es\/produit\/ring-de-boxeo-de-entrenamiento\/#primaryimage\"},\"thumbnailUrl\":\"https:\/\/www.daisho.be\/wp-content\/uploads\/2025\/06\/image-17.png\",\"datePublished\":\"2025-06-06T07:36:14+00:00\",\"dateModified\":\"2026-03-17T17:25:59+00:00\",\"description\":\"Descubre el ring de boxeo Taishan, especialmente dise\u00f1ado para el entrenamiento. Encu\u00e9ntralo en nuestro sitio web www.daisho.be|Daisho\",\"breadcrumb\":{\"@id\":\"https:\/\/www.daisho.be\/es\/produit\/ring-de-boxeo-de-entrenamiento\/#breadcrumb\"},\"inLanguage\":\"es\",\"potentialAction\":[{\"@type\":\"ReadAction\",\"target\":[\"https:\/\/www.daisho.be\/es\/produit\/ring-de-boxeo-de-entrenamiento\/\"]}]},{\"@type\":\"ImageObject\",\"inLanguage\":\"es\",\"@id\":\"https:\/\/www.daisho.be\/es\/produit\/ring-de-boxeo-de-entrenamiento\/#primaryimage\",\"url\":\"https:\/\/www.daisho.be\/wp-content\/uploads\/2025\/06\/image-17.png\",\"contentUrl\":\"https:\/\/www.daisho.be\/wp-content\/uploads\/2025\/06\/image-17.png\",\"width\":2000,\"height\":1139,\"caption\":\"Ring de entrenamiento de boxeo 7m-1\"},{\"@type\":\"BreadcrumbList\",\"@id\":\"https:\/\/www.daisho.be\/es\/produit\/ring-de-boxeo-de-entrenamiento\/#breadcrumb\",\"itemListElement\":[{\"@type\":\"ListItem\",\"position\":1,\"name\":\"Accueil\",\"item\":\"https:\/\/www.daisho.be\/es\/\"},{\"@type\":\"ListItem\",\"position\":2,\"name\":\"Productos\",\"item\":\"https:\/\/www.daisho.be\/es\/productos\/\"},{\"@type\":\"ListItem\",\"position\":3,\"name\":\"Deportes de combate\",\"item\":\"https:\/\/www.daisho.be\/es\/categorie-produit\/deportes-de-combate\/\"},{\"@type\":\"ListItem\",\"position\":4,\"name\":\"Equipos de competici\u00f3n\",\"item\":\"https:\/\/www.daisho.be\/es\/categorie-produit\/deportes-de-combate\/equipos-de-competicion\/\"},{\"@type\":\"ListItem\",\"position\":5,\"name\":\"Ring de entrenamiento de boxeo 5m\"}]},{\"@type\":\"WebSite\",\"@id\":\"https:\/\/www.daisho.be\/es\/#website\",\"url\":\"https:\/\/www.daisho.be\/es\/\",\"name\":\"Daisho\",\"description\":\"Sp&eacute;cialiste de l'&eacute;quipement sportif d'arts martiaux\",\"publisher\":{\"@id\":\"https:\/\/www.daisho.be\/es\/#organization\"},\"potentialAction\":[{\"@type\":\"SearchAction\",\"target\":{\"@type\":\"EntryPoint\",\"urlTemplate\":\"https:\/\/www.daisho.be\/es\/?s={search_term_string}\"},\"query-input\":{\"@type\":\"PropertyValueSpecification\",\"valueRequired\":true,\"valueName\":\"search_term_string\"}}],\"inLanguage\":\"es\"},{\"@type\":\"Organization\",\"@id\":\"https:\/\/www.daisho.be\/es\/#organization\",\"name\":\"Daisho\",\"url\":\"https:\/\/www.daisho.be\/es\/\",\"logo\":{\"@type\":\"ImageObject\",\"inLanguage\":\"es\",\"@id\":\"https:\/\/www.daisho.be\/es\/#\/schema\/logo\/image\/\",\"url\":\"https:\/\/www.daisho.be\/wp-content\/uploads\/2019\/07\/color-nothing-horizontale4x-e1564486100247.png\",\"contentUrl\":\"https:\/\/www.daisho.be\/wp-content\/uploads\/2019\/07\/color-nothing-horizontale4x-e1564486100247.png\",\"width\":1547,\"height\":385,\"caption\":\"Daisho\"},\"image\":{\"@id\":\"https:\/\/www.daisho.be\/es\/#\/schema\/logo\/image\/\"}}]}<\/script>\n<!-- \/ Yoast SEO plugin. -->","yoast_head_json":{"title":"Ring de entrenamiento de boxeo 5m &#8211; Daisho","description":"Descubre el ring de boxeo Taishan, especialmente dise\u00f1ado para el entrenamiento. Encu\u00e9ntralo en nuestro sitio web www.daisho.be|Daisho","robots":{"index":"index","follow":"follow","max-snippet":"max-snippet:-1","max-image-preview":"max-image-preview:large","max-video-preview":"max-video-preview:-1"},"canonical":"https:\/\/www.daisho.be\/es\/produit\/ring-de-boxeo-de-entrenamiento\/","og_locale":"es_ES","og_type":"article","og_title":"Ring de entrenamiento de boxeo 5m &#8211; Daisho","og_description":"Descubre el ring de boxeo Taishan, especialmente dise\u00f1ado para el entrenamiento. Encu\u00e9ntralo en nuestro sitio web www.daisho.be|Daisho","og_url":"https:\/\/www.daisho.be\/es\/produit\/ring-de-boxeo-de-entrenamiento\/","og_site_name":"Daisho","article_modified_time":"2026-03-17T17:25:59+00:00","og_image":[{"width":2000,"height":1139,"url":"https:\/\/www.daisho.be\/wp-content\/uploads\/2025\/06\/image-17.png","type":"image\/png"}],"twitter_card":"summary_large_image","twitter_misc":{"Tiempo de lectura":"1 minuto"},"schema":{"@context":"https:\/\/schema.org","@graph":[{"@type":"WebPage","@id":"https:\/\/www.daisho.be\/es\/produit\/ring-de-boxeo-de-entrenamiento\/","url":"https:\/\/www.daisho.be\/es\/produit\/ring-de-boxeo-de-entrenamiento\/","name":"Ring de entrenamiento de boxeo 5m &#8211; Daisho","isPartOf":{"@id":"https:\/\/www.daisho.be\/es\/#website"},"primaryImageOfPage":{"@id":"https:\/\/www.daisho.be\/es\/produit\/ring-de-boxeo-de-entrenamiento\/#primaryimage"},"image":{"@id":"https:\/\/www.daisho.be\/es\/produit\/ring-de-boxeo-de-entrenamiento\/#primaryimage"},"thumbnailUrl":"https:\/\/www.daisho.be\/wp-content\/uploads\/2025\/06\/image-17.png","datePublished":"2025-06-06T07:36:14+00:00","dateModified":"2026-03-17T17:25:59+00:00","description":"Descubre el ring de boxeo Taishan, especialmente dise\u00f1ado para el entrenamiento. Encu\u00e9ntralo en nuestro sitio web www.daisho.be|Daisho","breadcrumb":{"@id":"https:\/\/www.daisho.be\/es\/produit\/ring-de-boxeo-de-entrenamiento\/#breadcrumb"},"inLanguage":"es","potentialAction":[{"@type":"ReadAction","target":["https:\/\/www.daisho.be\/es\/produit\/ring-de-boxeo-de-entrenamiento\/"]}]},{"@type":"ImageObject","inLanguage":"es","@id":"https:\/\/www.daisho.be\/es\/produit\/ring-de-boxeo-de-entrenamiento\/#primaryimage","url":"https:\/\/www.daisho.be\/wp-content\/uploads\/2025\/06\/image-17.png","contentUrl":"https:\/\/www.daisho.be\/wp-content\/uploads\/2025\/06\/image-17.png","width":2000,"height":1139,"caption":"Ring de entrenamiento de boxeo 7m-1"},{"@type":"BreadcrumbList","@id":"https:\/\/www.daisho.be\/es\/produit\/ring-de-boxeo-de-entrenamiento\/#breadcrumb","itemListElement":[{"@type":"ListItem","position":1,"name":"Accueil","item":"https:\/\/www.daisho.be\/es\/"},{"@type":"ListItem","position":2,"name":"Productos","item":"https:\/\/www.daisho.be\/es\/productos\/"},{"@type":"ListItem","position":3,"name":"Deportes de combate","item":"https:\/\/www.daisho.be\/es\/categorie-produit\/deportes-de-combate\/"},{"@type":"ListItem","position":4,"name":"Equipos de competici\u00f3n","item":"https:\/\/www.daisho.be\/es\/categorie-produit\/deportes-de-combate\/equipos-de-competicion\/"},{"@type":"ListItem","position":5,"name":"Ring de entrenamiento de boxeo 5m"}]},{"@type":"WebSite","@id":"https:\/\/www.daisho.be\/es\/#website","url":"https:\/\/www.daisho.be\/es\/","name":"Daisho","description":"Sp&eacute;cialiste de l'&eacute;quipement sportif d'arts martiaux","publisher":{"@id":"https:\/\/www.daisho.be\/es\/#organization"},"potentialAction":[{"@type":"SearchAction","target":{"@type":"EntryPoint","urlTemplate":"https:\/\/www.daisho.be\/es\/?s={search_term_string}"},"query-input":{"@type":"PropertyValueSpecification","valueRequired":true,"valueName":"search_term_string"}}],"inLanguage":"es"},{"@type":"Organization","@id":"https:\/\/www.daisho.be\/es\/#organization","name":"Daisho","url":"https:\/\/www.daisho.be\/es\/","logo":{"@type":"ImageObject","inLanguage":"es","@id":"https:\/\/www.daisho.be\/es\/#\/schema\/logo\/image\/","url":"https:\/\/www.daisho.be\/wp-content\/uploads\/2019\/07\/color-nothing-horizontale4x-e1564486100247.png","contentUrl":"https:\/\/www.daisho.be\/wp-content\/uploads\/2019\/07\/color-nothing-horizontale4x-e1564486100247.png","width":1547,"height":385,"caption":"Daisho"},"image":{"@id":"https:\/\/www.daisho.be\/es\/#\/schema\/logo\/image\/"}}]}},"_links":{"self":[{"href":"https:\/\/www.daisho.be\/es\/wp-json\/wp\/v2\/product\/562946","targetHints":{"allow":["GET"]}}],"collection":[{"href":"https:\/\/www.daisho.be\/es\/wp-json\/wp\/v2\/product"}],"about":[{"href":"https:\/\/www.daisho.be\/es\/wp-json\/wp\/v2\/types\/product"}],"replies":[{"embeddable":true,"href":"https:\/\/www.daisho.be\/es\/wp-json\/wp\/v2\/comments?post=562946"}],"wp:featuredmedia":[{"embeddable":true,"href":"https:\/\/www.daisho.be\/es\/wp-json\/wp\/v2\/media\/525364"}],"wp:attachment":[{"href":"https:\/\/www.daisho.be\/es\/wp-json\/wp\/v2\/media?parent=562946"}],"wp:term":[{"taxonomy":"product_brand","embeddable":true,"href":"https:\/\/www.daisho.be\/es\/wp-json\/wp\/v2\/product_brand?post=562946"},{"taxonomy":"product_cat","embeddable":true,"href":"https:\/\/www.daisho.be\/es\/wp-json\/wp\/v2\/product_cat?post=562946"},{"taxonomy":"product_tag","embeddable":true,"href":"https:\/\/www.daisho.be\/es\/wp-json\/wp\/v2\/product_tag?post=562946"},{"taxonomy":"sport","embeddable":true,"href":"https:\/\/www.daisho.be\/es\/wp-json\/wp\/v2\/sport?post=562946"}],"curies":[{"name":"wp","href":"https:\/\/api.w.org\/{rel}","templated":true}]}}