{"id":562915,"date":"2025-06-06T12:03:28","date_gmt":"2025-06-06T10:03:28","guid":{"rendered":"https:\/\/www.daisho.be\/produit\/esterilla-de-entrenamiento-sanda-homologada-por-la-iwuf\/"},"modified":"2025-06-06T12:03:28","modified_gmt":"2025-06-06T10:03:28","slug":"esterilla-de-entrenamiento-sanda-homologada-por-la-iwuf","status":"publish","type":"product","link":"https:\/\/www.daisho.be\/es\/produit\/esterilla-de-entrenamiento-sanda-homologada-por-la-iwuf\/","title":{"rendered":"Esterilla de entrenamiento Sanda (homologada por la IWUF)"},"content":{"rendered":"<p>La alfombrilla est\u00e1 dise\u00f1ada para el entrenamiento y la competici\u00f3n de Sanda. Cumple la normativa federativa, ya que est\u00e1 homologada por la IWUF. <\/p>\n<p>Specification: 8000mm\u00d78000mm\u00d760mm<\/p>\n<p>Material: La funda est\u00e1 hecha de cuero espacial + tela de PVC tejida a m\u00e1quina.<br \/>\nLa capa flexible est\u00e1 hecha de tela de PVC tejida a m\u00e1quina +XPE. La funda del coj\u00edn es una superficie de goma antideslizante que se puede limpiar en cuero de PVC.<br \/>\nEl n\u00facleo del coj\u00edn es de XPE. <\/p>\n<p>Caracter\u00edsticas: Este producto se utiliza para el entrenamiento o la competici\u00f3n de sanda.<\/p>\n","protected":false},"excerpt":{"rendered":"<p>La alfombrilla est\u00e1 dise\u00f1ada para el entrenamiento y la competici\u00f3n de Sanda. Cumple la normativa federativa, ya que est\u00e1 homologada por la IWUF. Specification: 8000mm\u00d78000mm\u00d760mm Material: La funda est\u00e1 hecha de cuero espacial + tela de PVC tejida a m\u00e1quina. La capa flexible est\u00e1 hecha de tela de PVC tejida a m\u00e1quina +XPE. La funda [&hellip;]<\/p>\n","protected":false},"featured_media":525486,"comment_status":"open","ping_status":"closed","template":"","meta":{"inline_featured_image":false},"product_brand":[],"product_cat":[1612,1714,1475],"product_tag":[2529],"sport":[],"class_list":{"0":"post-562915","1":"product","2":"type-product","3":"status-publish","4":"has-post-thumbnail","6":"product_cat-alfombras","7":"product_cat-equipamiento-y-ropa-para-artes-marciales-y-deportes-de-combate","8":"product_cat-equipos-de-competicion","9":"product_tag-taishan","11":"first","12":"instock","13":"taxable","14":"shipping-taxable","15":"purchasable","16":"product-type-simple"},"yoast_head":"<!-- This site is optimized with the Yoast SEO plugin v27.2 - https:\/\/yoast.com\/product\/yoast-seo-wordpress\/ -->\n<title>Esterilla de entrenamiento Sanda (homologada por la IWUF) &#8211; Daisho<\/title>\n<meta name=\"description\" content=\"Descubre nuestras alfombrillas para Sanda. Cumplen la normativa IWUF. C\u00f3mpralas en nuestra tienda online www.daisho.be|Daisho\" \/>\n<meta name=\"robots\" content=\"index, follow, max-snippet:-1, max-image-preview:large, max-video-preview:-1\" \/>\n<link rel=\"canonical\" href=\"https:\/\/www.daisho.be\/es\/produit\/esterilla-de-entrenamiento-sanda-homologada-por-la-iwuf\/\" \/>\n<meta property=\"og:locale\" content=\"es_ES\" \/>\n<meta property=\"og:type\" content=\"article\" \/>\n<meta property=\"og:title\" content=\"Esterilla de entrenamiento Sanda (homologada por la IWUF) &#8211; Daisho\" \/>\n<meta property=\"og:description\" content=\"Descubre nuestras alfombrillas para Sanda. Cumplen la normativa IWUF. C\u00f3mpralas en nuestra tienda online www.daisho.be|Daisho\" \/>\n<meta property=\"og:url\" content=\"https:\/\/www.daisho.be\/es\/produit\/esterilla-de-entrenamiento-sanda-homologada-por-la-iwuf\/\" \/>\n<meta property=\"og:site_name\" content=\"Daisho\" \/>\n<meta property=\"og:image\" content=\"https:\/\/www.daisho.be\/wp-content\/uploads\/2025\/06\/image-21-1024x683.png\" \/>\n\t<meta property=\"og:image:width\" content=\"1024\" \/>\n\t<meta property=\"og:image:height\" content=\"683\" \/>\n\t<meta property=\"og:image:type\" content=\"image\/png\" \/>\n<meta name=\"twitter:card\" content=\"summary_large_image\" \/>\n<meta name=\"twitter:label1\" content=\"Tiempo de lectura\" \/>\n\t<meta name=\"twitter:data1\" content=\"1 minuto\" \/>\n<script type=\"application\/ld+json\" class=\"yoast-schema-graph\">{\"@context\":\"https:\/\/schema.org\",\"@graph\":[{\"@type\":\"WebPage\",\"@id\":\"https:\/\/www.daisho.be\/es\/produit\/esterilla-de-entrenamiento-sanda-homologada-por-la-iwuf\/\",\"url\":\"https:\/\/www.daisho.be\/es\/produit\/esterilla-de-entrenamiento-sanda-homologada-por-la-iwuf\/\",\"name\":\"Esterilla de entrenamiento Sanda (homologada por la IWUF) &#8211; Daisho\",\"isPartOf\":{\"@id\":\"https:\/\/www.daisho.be\/es\/#website\"},\"primaryImageOfPage\":{\"@id\":\"https:\/\/www.daisho.be\/es\/produit\/esterilla-de-entrenamiento-sanda-homologada-por-la-iwuf\/#primaryimage\"},\"image\":{\"@id\":\"https:\/\/www.daisho.be\/es\/produit\/esterilla-de-entrenamiento-sanda-homologada-por-la-iwuf\/#primaryimage\"},\"thumbnailUrl\":\"https:\/\/www.daisho.be\/wp-content\/uploads\/2025\/06\/image-21-scaled.png\",\"datePublished\":\"2025-06-06T10:03:28+00:00\",\"description\":\"Descubre nuestras alfombrillas para Sanda. Cumplen la normativa IWUF. C\u00f3mpralas en nuestra tienda online www.daisho.be|Daisho\",\"breadcrumb\":{\"@id\":\"https:\/\/www.daisho.be\/es\/produit\/esterilla-de-entrenamiento-sanda-homologada-por-la-iwuf\/#breadcrumb\"},\"inLanguage\":\"es\",\"potentialAction\":[{\"@type\":\"ReadAction\",\"target\":[\"https:\/\/www.daisho.be\/es\/produit\/esterilla-de-entrenamiento-sanda-homologada-por-la-iwuf\/\"]}]},{\"@type\":\"ImageObject\",\"inLanguage\":\"es\",\"@id\":\"https:\/\/www.daisho.be\/es\/produit\/esterilla-de-entrenamiento-sanda-homologada-por-la-iwuf\/#primaryimage\",\"url\":\"https:\/\/www.daisho.be\/wp-content\/uploads\/2025\/06\/image-21-scaled.png\",\"contentUrl\":\"https:\/\/www.daisho.be\/wp-content\/uploads\/2025\/06\/image-21-scaled.png\",\"width\":2048,\"height\":1365,\"caption\":\"Esterilla de entrenamiento Sanda (homologada por la IWUF) -1\"},{\"@type\":\"BreadcrumbList\",\"@id\":\"https:\/\/www.daisho.be\/es\/produit\/esterilla-de-entrenamiento-sanda-homologada-por-la-iwuf\/#breadcrumb\",\"itemListElement\":[{\"@type\":\"ListItem\",\"position\":1,\"name\":\"Accueil\",\"item\":\"https:\/\/www.daisho.be\/es\/\"},{\"@type\":\"ListItem\",\"position\":2,\"name\":\"Productos\",\"item\":\"https:\/\/www.daisho.be\/es\/productos\/\"},{\"@type\":\"ListItem\",\"position\":3,\"name\":\"Deportes de combate\",\"item\":\"https:\/\/www.daisho.be\/es\/categorie-produit\/deportes-de-combate\/\"},{\"@type\":\"ListItem\",\"position\":4,\"name\":\"Alfombras\",\"item\":\"https:\/\/www.daisho.be\/es\/categorie-produit\/deportes-de-combate\/alfombras\/\"},{\"@type\":\"ListItem\",\"position\":5,\"name\":\"Esterilla de entrenamiento Sanda (homologada por la IWUF)\"}]},{\"@type\":\"WebSite\",\"@id\":\"https:\/\/www.daisho.be\/es\/#website\",\"url\":\"https:\/\/www.daisho.be\/es\/\",\"name\":\"Daisho\",\"description\":\"Sp&eacute;cialiste de l'&eacute;quipement sportif d'arts martiaux\",\"publisher\":{\"@id\":\"https:\/\/www.daisho.be\/es\/#organization\"},\"potentialAction\":[{\"@type\":\"SearchAction\",\"target\":{\"@type\":\"EntryPoint\",\"urlTemplate\":\"https:\/\/www.daisho.be\/es\/?s={search_term_string}\"},\"query-input\":{\"@type\":\"PropertyValueSpecification\",\"valueRequired\":true,\"valueName\":\"search_term_string\"}}],\"inLanguage\":\"es\"},{\"@type\":\"Organization\",\"@id\":\"https:\/\/www.daisho.be\/es\/#organization\",\"name\":\"Daisho\",\"url\":\"https:\/\/www.daisho.be\/es\/\",\"logo\":{\"@type\":\"ImageObject\",\"inLanguage\":\"es\",\"@id\":\"https:\/\/www.daisho.be\/es\/#\/schema\/logo\/image\/\",\"url\":\"https:\/\/www.daisho.be\/wp-content\/uploads\/2019\/07\/color-nothing-horizontale4x-e1564486100247.png\",\"contentUrl\":\"https:\/\/www.daisho.be\/wp-content\/uploads\/2019\/07\/color-nothing-horizontale4x-e1564486100247.png\",\"width\":1547,\"height\":385,\"caption\":\"Daisho\"},\"image\":{\"@id\":\"https:\/\/www.daisho.be\/es\/#\/schema\/logo\/image\/\"}}]}<\/script>\n<!-- \/ Yoast SEO plugin. -->","yoast_head_json":{"title":"Esterilla de entrenamiento Sanda (homologada por la IWUF) &#8211; Daisho","description":"Descubre nuestras alfombrillas para Sanda. Cumplen la normativa IWUF. C\u00f3mpralas en nuestra tienda online www.daisho.be|Daisho","robots":{"index":"index","follow":"follow","max-snippet":"max-snippet:-1","max-image-preview":"max-image-preview:large","max-video-preview":"max-video-preview:-1"},"canonical":"https:\/\/www.daisho.be\/es\/produit\/esterilla-de-entrenamiento-sanda-homologada-por-la-iwuf\/","og_locale":"es_ES","og_type":"article","og_title":"Esterilla de entrenamiento Sanda (homologada por la IWUF) &#8211; Daisho","og_description":"Descubre nuestras alfombrillas para Sanda. Cumplen la normativa IWUF. C\u00f3mpralas en nuestra tienda online www.daisho.be|Daisho","og_url":"https:\/\/www.daisho.be\/es\/produit\/esterilla-de-entrenamiento-sanda-homologada-por-la-iwuf\/","og_site_name":"Daisho","og_image":[{"width":1024,"height":683,"url":"https:\/\/www.daisho.be\/wp-content\/uploads\/2025\/06\/image-21-1024x683.png","type":"image\/png"}],"twitter_card":"summary_large_image","twitter_misc":{"Tiempo de lectura":"1 minuto"},"schema":{"@context":"https:\/\/schema.org","@graph":[{"@type":"WebPage","@id":"https:\/\/www.daisho.be\/es\/produit\/esterilla-de-entrenamiento-sanda-homologada-por-la-iwuf\/","url":"https:\/\/www.daisho.be\/es\/produit\/esterilla-de-entrenamiento-sanda-homologada-por-la-iwuf\/","name":"Esterilla de entrenamiento Sanda (homologada por la IWUF) &#8211; Daisho","isPartOf":{"@id":"https:\/\/www.daisho.be\/es\/#website"},"primaryImageOfPage":{"@id":"https:\/\/www.daisho.be\/es\/produit\/esterilla-de-entrenamiento-sanda-homologada-por-la-iwuf\/#primaryimage"},"image":{"@id":"https:\/\/www.daisho.be\/es\/produit\/esterilla-de-entrenamiento-sanda-homologada-por-la-iwuf\/#primaryimage"},"thumbnailUrl":"https:\/\/www.daisho.be\/wp-content\/uploads\/2025\/06\/image-21-scaled.png","datePublished":"2025-06-06T10:03:28+00:00","description":"Descubre nuestras alfombrillas para Sanda. Cumplen la normativa IWUF. C\u00f3mpralas en nuestra tienda online www.daisho.be|Daisho","breadcrumb":{"@id":"https:\/\/www.daisho.be\/es\/produit\/esterilla-de-entrenamiento-sanda-homologada-por-la-iwuf\/#breadcrumb"},"inLanguage":"es","potentialAction":[{"@type":"ReadAction","target":["https:\/\/www.daisho.be\/es\/produit\/esterilla-de-entrenamiento-sanda-homologada-por-la-iwuf\/"]}]},{"@type":"ImageObject","inLanguage":"es","@id":"https:\/\/www.daisho.be\/es\/produit\/esterilla-de-entrenamiento-sanda-homologada-por-la-iwuf\/#primaryimage","url":"https:\/\/www.daisho.be\/wp-content\/uploads\/2025\/06\/image-21-scaled.png","contentUrl":"https:\/\/www.daisho.be\/wp-content\/uploads\/2025\/06\/image-21-scaled.png","width":2048,"height":1365,"caption":"Esterilla de entrenamiento Sanda (homologada por la IWUF) -1"},{"@type":"BreadcrumbList","@id":"https:\/\/www.daisho.be\/es\/produit\/esterilla-de-entrenamiento-sanda-homologada-por-la-iwuf\/#breadcrumb","itemListElement":[{"@type":"ListItem","position":1,"name":"Accueil","item":"https:\/\/www.daisho.be\/es\/"},{"@type":"ListItem","position":2,"name":"Productos","item":"https:\/\/www.daisho.be\/es\/productos\/"},{"@type":"ListItem","position":3,"name":"Deportes de combate","item":"https:\/\/www.daisho.be\/es\/categorie-produit\/deportes-de-combate\/"},{"@type":"ListItem","position":4,"name":"Alfombras","item":"https:\/\/www.daisho.be\/es\/categorie-produit\/deportes-de-combate\/alfombras\/"},{"@type":"ListItem","position":5,"name":"Esterilla de entrenamiento Sanda (homologada por la IWUF)"}]},{"@type":"WebSite","@id":"https:\/\/www.daisho.be\/es\/#website","url":"https:\/\/www.daisho.be\/es\/","name":"Daisho","description":"Sp&eacute;cialiste de l'&eacute;quipement sportif d'arts martiaux","publisher":{"@id":"https:\/\/www.daisho.be\/es\/#organization"},"potentialAction":[{"@type":"SearchAction","target":{"@type":"EntryPoint","urlTemplate":"https:\/\/www.daisho.be\/es\/?s={search_term_string}"},"query-input":{"@type":"PropertyValueSpecification","valueRequired":true,"valueName":"search_term_string"}}],"inLanguage":"es"},{"@type":"Organization","@id":"https:\/\/www.daisho.be\/es\/#organization","name":"Daisho","url":"https:\/\/www.daisho.be\/es\/","logo":{"@type":"ImageObject","inLanguage":"es","@id":"https:\/\/www.daisho.be\/es\/#\/schema\/logo\/image\/","url":"https:\/\/www.daisho.be\/wp-content\/uploads\/2019\/07\/color-nothing-horizontale4x-e1564486100247.png","contentUrl":"https:\/\/www.daisho.be\/wp-content\/uploads\/2019\/07\/color-nothing-horizontale4x-e1564486100247.png","width":1547,"height":385,"caption":"Daisho"},"image":{"@id":"https:\/\/www.daisho.be\/es\/#\/schema\/logo\/image\/"}}]}},"_links":{"self":[{"href":"https:\/\/www.daisho.be\/es\/wp-json\/wp\/v2\/product\/562915","targetHints":{"allow":["GET"]}}],"collection":[{"href":"https:\/\/www.daisho.be\/es\/wp-json\/wp\/v2\/product"}],"about":[{"href":"https:\/\/www.daisho.be\/es\/wp-json\/wp\/v2\/types\/product"}],"replies":[{"embeddable":true,"href":"https:\/\/www.daisho.be\/es\/wp-json\/wp\/v2\/comments?post=562915"}],"wp:featuredmedia":[{"embeddable":true,"href":"https:\/\/www.daisho.be\/es\/wp-json\/wp\/v2\/media\/525486"}],"wp:attachment":[{"href":"https:\/\/www.daisho.be\/es\/wp-json\/wp\/v2\/media?parent=562915"}],"wp:term":[{"taxonomy":"product_brand","embeddable":true,"href":"https:\/\/www.daisho.be\/es\/wp-json\/wp\/v2\/product_brand?post=562915"},{"taxonomy":"product_cat","embeddable":true,"href":"https:\/\/www.daisho.be\/es\/wp-json\/wp\/v2\/product_cat?post=562915"},{"taxonomy":"product_tag","embeddable":true,"href":"https:\/\/www.daisho.be\/es\/wp-json\/wp\/v2\/product_tag?post=562915"},{"taxonomy":"sport","embeddable":true,"href":"https:\/\/www.daisho.be\/es\/wp-json\/wp\/v2\/sport?post=562915"}],"curies":[{"name":"wp","href":"https:\/\/api.w.org\/{rel}","templated":true}]}}