{"id":562901,"date":"2025-06-06T12:54:59","date_gmt":"2025-06-06T10:54:59","guid":{"rendered":"https:\/\/www.daisho.be\/produit\/octogono-de-artes-marciales\/"},"modified":"2025-06-06T12:54:59","modified_gmt":"2025-06-06T10:54:59","slug":"octogono-de-artes-marciales","status":"publish","type":"product","link":"https:\/\/www.daisho.be\/es\/produit\/octogono-de-artes-marciales\/","title":{"rendered":"Oct\u00f3gono de artes marciales"},"content":{"rendered":"<p>El oct\u00f3gono de artes marciales est\u00e1 disponible bajo pedido en el tama\u00f1o que necesites.<\/p>\n<p>Informaci\u00f3n sobre el producto :<\/p>\n<p>&#8211; Un juego completo de bastidores de acero con recubrimiento de polvo, formado por tubos de acero de 8 cm*10 cm*2,5 mm.<br \/>\n&#8211; 8 juegos de balaustradas de eslabones de cadena, de alambre de acero antifisuras y antideformaci\u00f3n, protegidas por impregnaci\u00f3n de etileno, inoxidables.<br \/>\n&#8211; 8 columnas angulares, de tubo de acero de 8 cm x 10 cm de pared gruesa con revestimiento de polvo antioxidante.<br \/>\n&#8211; 8 juegos de cojines de columna de esquina, en etileno de 20 oz y espuma de alta densidad.<br \/>\n&#8211; Un juego completo de almohadillas protectoras de EVA de 3 cm de grosor.<br \/>\n&#8211; Un conjunto de revestimientos de suelo de PVC.<br \/>\n&#8211; Un juego completo de suelo de madera contrachapada de 2,5 cm que reduce el ruido.<br \/>\n&#8211; Un mosquet\u00f3n alrededor del borde fald\u00f3n, en PU.<br \/>\n&#8211; 2 puertas.<br \/>\n&#8211; 2 escaleras.<br \/>\n&#8211; El logotipo del club est\u00e1 impreso en la espalda y en el fald\u00f3n.<\/p>\n<p>Dimensiones est\u00e1ndar: 8 m x 8 m x 1 m<\/p>\n<p>Dimensiones personalizables: 4&#215;4, 5&#215;5, 6&#215;6, 7&#215;7, 8x8m Altura: 0,5-1m<\/p>\n","protected":false},"excerpt":{"rendered":"<p>El oct\u00f3gono de artes marciales est\u00e1 disponible bajo pedido en el tama\u00f1o que necesites. Informaci\u00f3n sobre el producto : &#8211; Un juego completo de bastidores de acero con recubrimiento de polvo, formado por tubos de acero de 8 cm*10 cm*2,5 mm. &#8211; 8 juegos de balaustradas de eslabones de cadena, de alambre de acero antifisuras [&hellip;]<\/p>\n","protected":false},"featured_media":525509,"comment_status":"open","ping_status":"closed","template":"","meta":{"inline_featured_image":false},"product_brand":[],"product_cat":[1475],"product_tag":[2529],"sport":[],"class_list":{"0":"post-562901","1":"product","2":"type-product","3":"status-publish","4":"has-post-thumbnail","6":"product_cat-equipos-de-competicion","7":"product_tag-taishan","9":"first","10":"instock","11":"taxable","12":"shipping-taxable","13":"purchasable","14":"product-type-simple"},"yoast_head":"<!-- This site is optimized with the Yoast SEO plugin v27.2 - https:\/\/yoast.com\/product\/yoast-seo-wordpress\/ -->\n<title>Oct\u00f3gono de artes marciales &#8211; Daisho<\/title>\n<meta name=\"description\" content=\"\u00bfBuscas un oct\u00f3gono profesional de alta calidad? Visita www.daisho.be|Daisho para conseguir el oct\u00f3gono de artes marciales Taishan.\" \/>\n<meta name=\"robots\" content=\"index, follow, max-snippet:-1, max-image-preview:large, max-video-preview:-1\" \/>\n<link rel=\"canonical\" href=\"https:\/\/www.daisho.be\/es\/produit\/octogono-de-artes-marciales\/\" \/>\n<meta property=\"og:locale\" content=\"es_ES\" \/>\n<meta property=\"og:type\" content=\"article\" \/>\n<meta property=\"og:title\" content=\"Oct\u00f3gono de artes marciales &#8211; Daisho\" \/>\n<meta property=\"og:description\" content=\"\u00bfBuscas un oct\u00f3gono profesional de alta calidad? Visita www.daisho.be|Daisho para conseguir el oct\u00f3gono de artes marciales Taishan.\" \/>\n<meta property=\"og:url\" content=\"https:\/\/www.daisho.be\/es\/produit\/octogono-de-artes-marciales\/\" \/>\n<meta property=\"og:site_name\" content=\"Daisho\" \/>\n<meta property=\"og:image\" content=\"https:\/\/www.daisho.be\/wp-content\/uploads\/2025\/06\/image-23.png\" \/>\n\t<meta property=\"og:image:width\" content=\"472\" \/>\n\t<meta property=\"og:image:height\" content=\"345\" \/>\n\t<meta property=\"og:image:type\" content=\"image\/png\" \/>\n<meta name=\"twitter:card\" content=\"summary_large_image\" \/>\n<meta name=\"twitter:label1\" content=\"Tiempo de lectura\" \/>\n\t<meta name=\"twitter:data1\" content=\"1 minuto\" \/>\n<script type=\"application\/ld+json\" class=\"yoast-schema-graph\">{\"@context\":\"https:\/\/schema.org\",\"@graph\":[{\"@type\":\"WebPage\",\"@id\":\"https:\/\/www.daisho.be\/es\/produit\/octogono-de-artes-marciales\/\",\"url\":\"https:\/\/www.daisho.be\/es\/produit\/octogono-de-artes-marciales\/\",\"name\":\"Oct\u00f3gono de artes marciales &#8211; Daisho\",\"isPartOf\":{\"@id\":\"https:\/\/www.daisho.be\/es\/#website\"},\"primaryImageOfPage\":{\"@id\":\"https:\/\/www.daisho.be\/es\/produit\/octogono-de-artes-marciales\/#primaryimage\"},\"image\":{\"@id\":\"https:\/\/www.daisho.be\/es\/produit\/octogono-de-artes-marciales\/#primaryimage\"},\"thumbnailUrl\":\"https:\/\/www.daisho.be\/wp-content\/uploads\/2025\/06\/image-23.png\",\"datePublished\":\"2025-06-06T10:54:59+00:00\",\"description\":\"\u00bfBuscas un oct\u00f3gono profesional de alta calidad? Visita www.daisho.be|Daisho para conseguir el oct\u00f3gono de artes marciales Taishan.\",\"breadcrumb\":{\"@id\":\"https:\/\/www.daisho.be\/es\/produit\/octogono-de-artes-marciales\/#breadcrumb\"},\"inLanguage\":\"es\",\"potentialAction\":[{\"@type\":\"ReadAction\",\"target\":[\"https:\/\/www.daisho.be\/es\/produit\/octogono-de-artes-marciales\/\"]}]},{\"@type\":\"ImageObject\",\"inLanguage\":\"es\",\"@id\":\"https:\/\/www.daisho.be\/es\/produit\/octogono-de-artes-marciales\/#primaryimage\",\"url\":\"https:\/\/www.daisho.be\/wp-content\/uploads\/2025\/06\/image-23.png\",\"contentUrl\":\"https:\/\/www.daisho.be\/wp-content\/uploads\/2025\/06\/image-23.png\",\"width\":472,\"height\":345,\"caption\":\"Oct\u00f3gono de artes marciales -1\"},{\"@type\":\"BreadcrumbList\",\"@id\":\"https:\/\/www.daisho.be\/es\/produit\/octogono-de-artes-marciales\/#breadcrumb\",\"itemListElement\":[{\"@type\":\"ListItem\",\"position\":1,\"name\":\"Accueil\",\"item\":\"https:\/\/www.daisho.be\/es\/\"},{\"@type\":\"ListItem\",\"position\":2,\"name\":\"Productos\",\"item\":\"https:\/\/www.daisho.be\/es\/productos\/\"},{\"@type\":\"ListItem\",\"position\":3,\"name\":\"Deportes de combate\",\"item\":\"https:\/\/www.daisho.be\/es\/categorie-produit\/deportes-de-combate\/\"},{\"@type\":\"ListItem\",\"position\":4,\"name\":\"Equipos de competici\u00f3n\",\"item\":\"https:\/\/www.daisho.be\/es\/categorie-produit\/deportes-de-combate\/equipos-de-competicion\/\"},{\"@type\":\"ListItem\",\"position\":5,\"name\":\"Oct\u00f3gono de artes marciales\"}]},{\"@type\":\"WebSite\",\"@id\":\"https:\/\/www.daisho.be\/es\/#website\",\"url\":\"https:\/\/www.daisho.be\/es\/\",\"name\":\"Daisho\",\"description\":\"Sp&eacute;cialiste de l'&eacute;quipement sportif d'arts martiaux\",\"publisher\":{\"@id\":\"https:\/\/www.daisho.be\/es\/#organization\"},\"potentialAction\":[{\"@type\":\"SearchAction\",\"target\":{\"@type\":\"EntryPoint\",\"urlTemplate\":\"https:\/\/www.daisho.be\/es\/?s={search_term_string}\"},\"query-input\":{\"@type\":\"PropertyValueSpecification\",\"valueRequired\":true,\"valueName\":\"search_term_string\"}}],\"inLanguage\":\"es\"},{\"@type\":\"Organization\",\"@id\":\"https:\/\/www.daisho.be\/es\/#organization\",\"name\":\"Daisho\",\"url\":\"https:\/\/www.daisho.be\/es\/\",\"logo\":{\"@type\":\"ImageObject\",\"inLanguage\":\"es\",\"@id\":\"https:\/\/www.daisho.be\/es\/#\/schema\/logo\/image\/\",\"url\":\"https:\/\/www.daisho.be\/wp-content\/uploads\/2019\/07\/color-nothing-horizontale4x-e1564486100247.png\",\"contentUrl\":\"https:\/\/www.daisho.be\/wp-content\/uploads\/2019\/07\/color-nothing-horizontale4x-e1564486100247.png\",\"width\":1547,\"height\":385,\"caption\":\"Daisho\"},\"image\":{\"@id\":\"https:\/\/www.daisho.be\/es\/#\/schema\/logo\/image\/\"}}]}<\/script>\n<!-- \/ Yoast SEO plugin. -->","yoast_head_json":{"title":"Oct\u00f3gono de artes marciales &#8211; Daisho","description":"\u00bfBuscas un oct\u00f3gono profesional de alta calidad? Visita www.daisho.be|Daisho para conseguir el oct\u00f3gono de artes marciales Taishan.","robots":{"index":"index","follow":"follow","max-snippet":"max-snippet:-1","max-image-preview":"max-image-preview:large","max-video-preview":"max-video-preview:-1"},"canonical":"https:\/\/www.daisho.be\/es\/produit\/octogono-de-artes-marciales\/","og_locale":"es_ES","og_type":"article","og_title":"Oct\u00f3gono de artes marciales &#8211; Daisho","og_description":"\u00bfBuscas un oct\u00f3gono profesional de alta calidad? Visita www.daisho.be|Daisho para conseguir el oct\u00f3gono de artes marciales Taishan.","og_url":"https:\/\/www.daisho.be\/es\/produit\/octogono-de-artes-marciales\/","og_site_name":"Daisho","og_image":[{"width":472,"height":345,"url":"https:\/\/www.daisho.be\/wp-content\/uploads\/2025\/06\/image-23.png","type":"image\/png"}],"twitter_card":"summary_large_image","twitter_misc":{"Tiempo de lectura":"1 minuto"},"schema":{"@context":"https:\/\/schema.org","@graph":[{"@type":"WebPage","@id":"https:\/\/www.daisho.be\/es\/produit\/octogono-de-artes-marciales\/","url":"https:\/\/www.daisho.be\/es\/produit\/octogono-de-artes-marciales\/","name":"Oct\u00f3gono de artes marciales &#8211; Daisho","isPartOf":{"@id":"https:\/\/www.daisho.be\/es\/#website"},"primaryImageOfPage":{"@id":"https:\/\/www.daisho.be\/es\/produit\/octogono-de-artes-marciales\/#primaryimage"},"image":{"@id":"https:\/\/www.daisho.be\/es\/produit\/octogono-de-artes-marciales\/#primaryimage"},"thumbnailUrl":"https:\/\/www.daisho.be\/wp-content\/uploads\/2025\/06\/image-23.png","datePublished":"2025-06-06T10:54:59+00:00","description":"\u00bfBuscas un oct\u00f3gono profesional de alta calidad? Visita www.daisho.be|Daisho para conseguir el oct\u00f3gono de artes marciales Taishan.","breadcrumb":{"@id":"https:\/\/www.daisho.be\/es\/produit\/octogono-de-artes-marciales\/#breadcrumb"},"inLanguage":"es","potentialAction":[{"@type":"ReadAction","target":["https:\/\/www.daisho.be\/es\/produit\/octogono-de-artes-marciales\/"]}]},{"@type":"ImageObject","inLanguage":"es","@id":"https:\/\/www.daisho.be\/es\/produit\/octogono-de-artes-marciales\/#primaryimage","url":"https:\/\/www.daisho.be\/wp-content\/uploads\/2025\/06\/image-23.png","contentUrl":"https:\/\/www.daisho.be\/wp-content\/uploads\/2025\/06\/image-23.png","width":472,"height":345,"caption":"Oct\u00f3gono de artes marciales -1"},{"@type":"BreadcrumbList","@id":"https:\/\/www.daisho.be\/es\/produit\/octogono-de-artes-marciales\/#breadcrumb","itemListElement":[{"@type":"ListItem","position":1,"name":"Accueil","item":"https:\/\/www.daisho.be\/es\/"},{"@type":"ListItem","position":2,"name":"Productos","item":"https:\/\/www.daisho.be\/es\/productos\/"},{"@type":"ListItem","position":3,"name":"Deportes de combate","item":"https:\/\/www.daisho.be\/es\/categorie-produit\/deportes-de-combate\/"},{"@type":"ListItem","position":4,"name":"Equipos de competici\u00f3n","item":"https:\/\/www.daisho.be\/es\/categorie-produit\/deportes-de-combate\/equipos-de-competicion\/"},{"@type":"ListItem","position":5,"name":"Oct\u00f3gono de artes marciales"}]},{"@type":"WebSite","@id":"https:\/\/www.daisho.be\/es\/#website","url":"https:\/\/www.daisho.be\/es\/","name":"Daisho","description":"Sp&eacute;cialiste de l'&eacute;quipement sportif d'arts martiaux","publisher":{"@id":"https:\/\/www.daisho.be\/es\/#organization"},"potentialAction":[{"@type":"SearchAction","target":{"@type":"EntryPoint","urlTemplate":"https:\/\/www.daisho.be\/es\/?s={search_term_string}"},"query-input":{"@type":"PropertyValueSpecification","valueRequired":true,"valueName":"search_term_string"}}],"inLanguage":"es"},{"@type":"Organization","@id":"https:\/\/www.daisho.be\/es\/#organization","name":"Daisho","url":"https:\/\/www.daisho.be\/es\/","logo":{"@type":"ImageObject","inLanguage":"es","@id":"https:\/\/www.daisho.be\/es\/#\/schema\/logo\/image\/","url":"https:\/\/www.daisho.be\/wp-content\/uploads\/2019\/07\/color-nothing-horizontale4x-e1564486100247.png","contentUrl":"https:\/\/www.daisho.be\/wp-content\/uploads\/2019\/07\/color-nothing-horizontale4x-e1564486100247.png","width":1547,"height":385,"caption":"Daisho"},"image":{"@id":"https:\/\/www.daisho.be\/es\/#\/schema\/logo\/image\/"}}]}},"_links":{"self":[{"href":"https:\/\/www.daisho.be\/es\/wp-json\/wp\/v2\/product\/562901","targetHints":{"allow":["GET"]}}],"collection":[{"href":"https:\/\/www.daisho.be\/es\/wp-json\/wp\/v2\/product"}],"about":[{"href":"https:\/\/www.daisho.be\/es\/wp-json\/wp\/v2\/types\/product"}],"replies":[{"embeddable":true,"href":"https:\/\/www.daisho.be\/es\/wp-json\/wp\/v2\/comments?post=562901"}],"wp:featuredmedia":[{"embeddable":true,"href":"https:\/\/www.daisho.be\/es\/wp-json\/wp\/v2\/media\/525509"}],"wp:attachment":[{"href":"https:\/\/www.daisho.be\/es\/wp-json\/wp\/v2\/media?parent=562901"}],"wp:term":[{"taxonomy":"product_brand","embeddable":true,"href":"https:\/\/www.daisho.be\/es\/wp-json\/wp\/v2\/product_brand?post=562901"},{"taxonomy":"product_cat","embeddable":true,"href":"https:\/\/www.daisho.be\/es\/wp-json\/wp\/v2\/product_cat?post=562901"},{"taxonomy":"product_tag","embeddable":true,"href":"https:\/\/www.daisho.be\/es\/wp-json\/wp\/v2\/product_tag?post=562901"},{"taxonomy":"sport","embeddable":true,"href":"https:\/\/www.daisho.be\/es\/wp-json\/wp\/v2\/sport?post=562901"}],"curies":[{"name":"wp","href":"https:\/\/api.w.org\/{rel}","templated":true}]}}