{"id":562837,"date":"2025-06-19T12:50:04","date_gmt":"2025-06-19T10:50:04","guid":{"rendered":"https:\/\/www.daisho.be\/produit\/jaula-mma-6mx6m\/"},"modified":"2025-06-19T12:50:04","modified_gmt":"2025-06-19T10:50:04","slug":"jaula-mma-6mx6m","status":"publish","type":"product","link":"https:\/\/www.daisho.be\/es\/produit\/jaula-mma-6mx6m\/","title":{"rendered":"Jaula MMA &#8211; 6Mx6M"},"content":{"rendered":"<p>Par\u00e1metros del producto:<\/p>\n<p>Tama\u00f1o:6m*6m<br \/>\n1. El armaz\u00f3n de la jaula octogonal es una estructura compuesta de acero, tratada por pulverizaci\u00f3n con pl\u00e1stico antioxidante.<br \/>\n2. El respaldo tiene un dise\u00f1o interno y externo conectado, fabricado con PU resistente al desgaste y a la rotura, con un relleno moldeado de EVA de alta densidad.<br \/>\n3. La jaula octogonal est\u00e1 cubierta con tablones de madera especiales de 2,5 cm de grosor.<br \/>\n4. La alfombrilla de anillas es una alfombrilla de combate especial de 3 cm de grosor y dureza moderada.<br \/>\n5. El tejido de la cubierta es un tejido s\u00e1ndwich de PVC antideslizante fabricado mediante tecnolog\u00eda de soldadura por calor.<br \/>\n6. La red de la jaula es una red de eslabones sumergida en pl\u00e1stico. *<\/p>\n<p>Funciones y aplicaciones:<\/p>\n<p>La placa es plana, estable y tiene una elasticidad moderada, lo que ayuda a los atletas a rendir a un alto nivel durante el entrenamiento y la competici\u00f3n. Puede satisfacer<br \/>\nlas necesidades de entrenamiento y competici\u00f3n de los deportes de combate, evitando que los atletas<br \/>\nse lesionen y mejorando sus habilidades t\u00e9cnicas y t\u00e1cticas profesionales. <\/p>\n","protected":false},"excerpt":{"rendered":"<p>Par\u00e1metros del producto: Tama\u00f1o:6m*6m 1. El armaz\u00f3n de la jaula octogonal es una estructura compuesta de acero, tratada por pulverizaci\u00f3n con pl\u00e1stico antioxidante. 2. El respaldo tiene un dise\u00f1o interno y externo conectado, fabricado con PU resistente al desgaste y a la rotura, con un relleno moldeado de EVA de alta densidad. 3. La jaula [&hellip;]<\/p>\n","protected":false},"featured_media":531315,"comment_status":"open","ping_status":"closed","template":"","meta":{"inline_featured_image":false},"product_brand":[],"product_cat":[1714],"product_tag":[2529],"sport":[],"class_list":{"0":"post-562837","1":"product","2":"type-product","3":"status-publish","4":"has-post-thumbnail","6":"product_cat-equipamiento-y-ropa-para-artes-marciales-y-deportes-de-combate","7":"product_tag-taishan","9":"first","10":"instock","11":"taxable","12":"shipping-taxable","13":"purchasable","14":"product-type-simple"},"yoast_head":"<!-- This site is optimized with the Yoast SEO plugin v27.2 - https:\/\/yoast.com\/product\/yoast-seo-wordpress\/ -->\n<title>Jaula MMA - 6Mx6M &#8211; Daisho<\/title>\n<meta name=\"robots\" content=\"index, follow, max-snippet:-1, max-image-preview:large, max-video-preview:-1\" \/>\n<link rel=\"canonical\" href=\"https:\/\/www.daisho.be\/es\/produit\/jaula-mma-6mx6m\/\" \/>\n<meta property=\"og:locale\" content=\"es_ES\" \/>\n<meta property=\"og:type\" content=\"article\" \/>\n<meta property=\"og:title\" content=\"Jaula MMA - 6Mx6M &#8211; Daisho\" \/>\n<meta property=\"og:description\" content=\"Par\u00e1metros del producto: Tama\u00f1o:6m*6m 1. El armaz\u00f3n de la jaula octogonal es una estructura compuesta de acero, tratada por pulverizaci\u00f3n con pl\u00e1stico antioxidante. 2. El respaldo tiene un dise\u00f1o interno y externo conectado, fabricado con PU resistente al desgaste y a la rotura, con un relleno moldeado de EVA de alta densidad. 3. La jaula [&hellip;]\" \/>\n<meta property=\"og:url\" content=\"https:\/\/www.daisho.be\/es\/produit\/jaula-mma-6mx6m\/\" \/>\n<meta property=\"og:site_name\" content=\"Daisho\" \/>\n<meta property=\"og:image\" content=\"https:\/\/www.daisho.be\/wp-content\/uploads\/2025\/06\/image-26.png\" \/>\n\t<meta property=\"og:image:width\" content=\"452\" \/>\n\t<meta property=\"og:image:height\" content=\"365\" \/>\n\t<meta property=\"og:image:type\" content=\"image\/png\" \/>\n<meta name=\"twitter:card\" content=\"summary_large_image\" \/>\n<meta name=\"twitter:label1\" content=\"Tiempo de lectura\" \/>\n\t<meta name=\"twitter:data1\" content=\"1 minuto\" \/>\n<script type=\"application\/ld+json\" class=\"yoast-schema-graph\">{\"@context\":\"https:\/\/schema.org\",\"@graph\":[{\"@type\":\"WebPage\",\"@id\":\"https:\/\/www.daisho.be\/es\/produit\/jaula-mma-6mx6m\/\",\"url\":\"https:\/\/www.daisho.be\/es\/produit\/jaula-mma-6mx6m\/\",\"name\":\"Jaula MMA - 6Mx6M &#8211; Daisho\",\"isPartOf\":{\"@id\":\"https:\/\/www.daisho.be\/es\/#website\"},\"primaryImageOfPage\":{\"@id\":\"https:\/\/www.daisho.be\/es\/produit\/jaula-mma-6mx6m\/#primaryimage\"},\"image\":{\"@id\":\"https:\/\/www.daisho.be\/es\/produit\/jaula-mma-6mx6m\/#primaryimage\"},\"thumbnailUrl\":\"https:\/\/www.daisho.be\/wp-content\/uploads\/2025\/06\/image-26.png\",\"datePublished\":\"2025-06-19T10:50:04+00:00\",\"breadcrumb\":{\"@id\":\"https:\/\/www.daisho.be\/es\/produit\/jaula-mma-6mx6m\/#breadcrumb\"},\"inLanguage\":\"es\",\"potentialAction\":[{\"@type\":\"ReadAction\",\"target\":[\"https:\/\/www.daisho.be\/es\/produit\/jaula-mma-6mx6m\/\"]}]},{\"@type\":\"ImageObject\",\"inLanguage\":\"es\",\"@id\":\"https:\/\/www.daisho.be\/es\/produit\/jaula-mma-6mx6m\/#primaryimage\",\"url\":\"https:\/\/www.daisho.be\/wp-content\/uploads\/2025\/06\/image-26.png\",\"contentUrl\":\"https:\/\/www.daisho.be\/wp-content\/uploads\/2025\/06\/image-26.png\",\"width\":452,\"height\":365,\"caption\":\"Cage de MMA - 6Mx6M-1\"},{\"@type\":\"BreadcrumbList\",\"@id\":\"https:\/\/www.daisho.be\/es\/produit\/jaula-mma-6mx6m\/#breadcrumb\",\"itemListElement\":[{\"@type\":\"ListItem\",\"position\":1,\"name\":\"Accueil\",\"item\":\"https:\/\/www.daisho.be\/es\/\"},{\"@type\":\"ListItem\",\"position\":2,\"name\":\"Productos\",\"item\":\"https:\/\/www.daisho.be\/es\/productos\/\"},{\"@type\":\"ListItem\",\"position\":3,\"name\":\"Equipamiento y ropa para artes marciales y deportes de combate\",\"item\":\"https:\/\/www.daisho.be\/es\/categorie-produit\/equipamiento-y-ropa-para-artes-marciales-y-deportes-de-combate\/\"},{\"@type\":\"ListItem\",\"position\":4,\"name\":\"Jaula MMA &#8211; 6Mx6M\"}]},{\"@type\":\"WebSite\",\"@id\":\"https:\/\/www.daisho.be\/es\/#website\",\"url\":\"https:\/\/www.daisho.be\/es\/\",\"name\":\"Daisho\",\"description\":\"Sp&eacute;cialiste de l'&eacute;quipement sportif d'arts martiaux\",\"publisher\":{\"@id\":\"https:\/\/www.daisho.be\/es\/#organization\"},\"potentialAction\":[{\"@type\":\"SearchAction\",\"target\":{\"@type\":\"EntryPoint\",\"urlTemplate\":\"https:\/\/www.daisho.be\/es\/?s={search_term_string}\"},\"query-input\":{\"@type\":\"PropertyValueSpecification\",\"valueRequired\":true,\"valueName\":\"search_term_string\"}}],\"inLanguage\":\"es\"},{\"@type\":\"Organization\",\"@id\":\"https:\/\/www.daisho.be\/es\/#organization\",\"name\":\"Daisho\",\"url\":\"https:\/\/www.daisho.be\/es\/\",\"logo\":{\"@type\":\"ImageObject\",\"inLanguage\":\"es\",\"@id\":\"https:\/\/www.daisho.be\/es\/#\/schema\/logo\/image\/\",\"url\":\"https:\/\/www.daisho.be\/wp-content\/uploads\/2019\/07\/color-nothing-horizontale4x-e1564486100247.png\",\"contentUrl\":\"https:\/\/www.daisho.be\/wp-content\/uploads\/2019\/07\/color-nothing-horizontale4x-e1564486100247.png\",\"width\":1547,\"height\":385,\"caption\":\"Daisho\"},\"image\":{\"@id\":\"https:\/\/www.daisho.be\/es\/#\/schema\/logo\/image\/\"}}]}<\/script>\n<!-- \/ Yoast SEO plugin. -->","yoast_head_json":{"title":"Jaula MMA - 6Mx6M &#8211; Daisho","robots":{"index":"index","follow":"follow","max-snippet":"max-snippet:-1","max-image-preview":"max-image-preview:large","max-video-preview":"max-video-preview:-1"},"canonical":"https:\/\/www.daisho.be\/es\/produit\/jaula-mma-6mx6m\/","og_locale":"es_ES","og_type":"article","og_title":"Jaula MMA - 6Mx6M &#8211; Daisho","og_description":"Par\u00e1metros del producto: Tama\u00f1o:6m*6m 1. El armaz\u00f3n de la jaula octogonal es una estructura compuesta de acero, tratada por pulverizaci\u00f3n con pl\u00e1stico antioxidante. 2. El respaldo tiene un dise\u00f1o interno y externo conectado, fabricado con PU resistente al desgaste y a la rotura, con un relleno moldeado de EVA de alta densidad. 3. La jaula [&hellip;]","og_url":"https:\/\/www.daisho.be\/es\/produit\/jaula-mma-6mx6m\/","og_site_name":"Daisho","og_image":[{"width":452,"height":365,"url":"https:\/\/www.daisho.be\/wp-content\/uploads\/2025\/06\/image-26.png","type":"image\/png"}],"twitter_card":"summary_large_image","twitter_misc":{"Tiempo de lectura":"1 minuto"},"schema":{"@context":"https:\/\/schema.org","@graph":[{"@type":"WebPage","@id":"https:\/\/www.daisho.be\/es\/produit\/jaula-mma-6mx6m\/","url":"https:\/\/www.daisho.be\/es\/produit\/jaula-mma-6mx6m\/","name":"Jaula MMA - 6Mx6M &#8211; Daisho","isPartOf":{"@id":"https:\/\/www.daisho.be\/es\/#website"},"primaryImageOfPage":{"@id":"https:\/\/www.daisho.be\/es\/produit\/jaula-mma-6mx6m\/#primaryimage"},"image":{"@id":"https:\/\/www.daisho.be\/es\/produit\/jaula-mma-6mx6m\/#primaryimage"},"thumbnailUrl":"https:\/\/www.daisho.be\/wp-content\/uploads\/2025\/06\/image-26.png","datePublished":"2025-06-19T10:50:04+00:00","breadcrumb":{"@id":"https:\/\/www.daisho.be\/es\/produit\/jaula-mma-6mx6m\/#breadcrumb"},"inLanguage":"es","potentialAction":[{"@type":"ReadAction","target":["https:\/\/www.daisho.be\/es\/produit\/jaula-mma-6mx6m\/"]}]},{"@type":"ImageObject","inLanguage":"es","@id":"https:\/\/www.daisho.be\/es\/produit\/jaula-mma-6mx6m\/#primaryimage","url":"https:\/\/www.daisho.be\/wp-content\/uploads\/2025\/06\/image-26.png","contentUrl":"https:\/\/www.daisho.be\/wp-content\/uploads\/2025\/06\/image-26.png","width":452,"height":365,"caption":"Cage de MMA - 6Mx6M-1"},{"@type":"BreadcrumbList","@id":"https:\/\/www.daisho.be\/es\/produit\/jaula-mma-6mx6m\/#breadcrumb","itemListElement":[{"@type":"ListItem","position":1,"name":"Accueil","item":"https:\/\/www.daisho.be\/es\/"},{"@type":"ListItem","position":2,"name":"Productos","item":"https:\/\/www.daisho.be\/es\/productos\/"},{"@type":"ListItem","position":3,"name":"Equipamiento y ropa para artes marciales y deportes de combate","item":"https:\/\/www.daisho.be\/es\/categorie-produit\/equipamiento-y-ropa-para-artes-marciales-y-deportes-de-combate\/"},{"@type":"ListItem","position":4,"name":"Jaula MMA &#8211; 6Mx6M"}]},{"@type":"WebSite","@id":"https:\/\/www.daisho.be\/es\/#website","url":"https:\/\/www.daisho.be\/es\/","name":"Daisho","description":"Sp&eacute;cialiste de l'&eacute;quipement sportif d'arts martiaux","publisher":{"@id":"https:\/\/www.daisho.be\/es\/#organization"},"potentialAction":[{"@type":"SearchAction","target":{"@type":"EntryPoint","urlTemplate":"https:\/\/www.daisho.be\/es\/?s={search_term_string}"},"query-input":{"@type":"PropertyValueSpecification","valueRequired":true,"valueName":"search_term_string"}}],"inLanguage":"es"},{"@type":"Organization","@id":"https:\/\/www.daisho.be\/es\/#organization","name":"Daisho","url":"https:\/\/www.daisho.be\/es\/","logo":{"@type":"ImageObject","inLanguage":"es","@id":"https:\/\/www.daisho.be\/es\/#\/schema\/logo\/image\/","url":"https:\/\/www.daisho.be\/wp-content\/uploads\/2019\/07\/color-nothing-horizontale4x-e1564486100247.png","contentUrl":"https:\/\/www.daisho.be\/wp-content\/uploads\/2019\/07\/color-nothing-horizontale4x-e1564486100247.png","width":1547,"height":385,"caption":"Daisho"},"image":{"@id":"https:\/\/www.daisho.be\/es\/#\/schema\/logo\/image\/"}}]}},"_links":{"self":[{"href":"https:\/\/www.daisho.be\/es\/wp-json\/wp\/v2\/product\/562837","targetHints":{"allow":["GET"]}}],"collection":[{"href":"https:\/\/www.daisho.be\/es\/wp-json\/wp\/v2\/product"}],"about":[{"href":"https:\/\/www.daisho.be\/es\/wp-json\/wp\/v2\/types\/product"}],"replies":[{"embeddable":true,"href":"https:\/\/www.daisho.be\/es\/wp-json\/wp\/v2\/comments?post=562837"}],"wp:featuredmedia":[{"embeddable":true,"href":"https:\/\/www.daisho.be\/es\/wp-json\/wp\/v2\/media\/531315"}],"wp:attachment":[{"href":"https:\/\/www.daisho.be\/es\/wp-json\/wp\/v2\/media?parent=562837"}],"wp:term":[{"taxonomy":"product_brand","embeddable":true,"href":"https:\/\/www.daisho.be\/es\/wp-json\/wp\/v2\/product_brand?post=562837"},{"taxonomy":"product_cat","embeddable":true,"href":"https:\/\/www.daisho.be\/es\/wp-json\/wp\/v2\/product_cat?post=562837"},{"taxonomy":"product_tag","embeddable":true,"href":"https:\/\/www.daisho.be\/es\/wp-json\/wp\/v2\/product_tag?post=562837"},{"taxonomy":"sport","embeddable":true,"href":"https:\/\/www.daisho.be\/es\/wp-json\/wp\/v2\/sport?post=562837"}],"curies":[{"name":"wp","href":"https:\/\/api.w.org\/{rel}","templated":true}]}}