{"id":562809,"date":"2025-07-07T10:54:07","date_gmt":"2025-07-07T08:54:07","guid":{"rendered":"https:\/\/www.daisho.be\/produit\/palo-escrima-azul-60-cm\/"},"modified":"2026-02-25T13:58:00","modified_gmt":"2026-02-25T12:58:00","slug":"palo-escrima-azul-60-cm","status":"publish","type":"product","link":"https:\/\/www.daisho.be\/es\/produit\/palo-escrima-azul-60-cm\/","title":{"rendered":"BAST\u00d3N DE ESGRIMA AZUL &#8211; 61 CM"},"content":{"rendered":"<p>El Bast\u00f3n Blando es un bast\u00f3n de escrima de pl\u00e1stico acolchado.<br \/>\nBast\u00f3n acolchado especial para Kali, Escrima y, por supuesto, tambi\u00e9n para t\u00e9cnicas de defensa personal en Krav Maga, Ju Jutsu, Hapkido, etc. Excelente para el entrenamiento contra armas cortas.<br \/>\nExcelente para el entrenamiento de defensa personal contra armas cortas.<\/p>\n<p>Caracter\u00edsticas:<br \/>\nLongitud: aprox. 61 cm<br \/>\nPeso: 228 g<br \/>\nN\u00facleo de pl\u00e1stico de aprox. 2,4 cm de grosor<br \/>\nFunda de espuma<br \/>\nColor: azul \/ negro<\/p>\n","protected":false},"excerpt":{"rendered":"<p>El Bast\u00f3n Blando es un bast\u00f3n de escrima de pl\u00e1stico acolchado. Bast\u00f3n acolchado especial para Kali, Escrima y, por supuesto, tambi\u00e9n para t\u00e9cnicas de defensa personal en Krav Maga, Ju Jutsu, Hapkido, etc. Excelente para el entrenamiento contra armas cortas. Excelente para el entrenamiento de defensa personal contra armas cortas. Caracter\u00edsticas: Longitud: aprox. 61 cm [&hellip;]<\/p>\n","protected":false},"featured_media":663166,"comment_status":"open","ping_status":"closed","template":"","meta":{"inline_featured_image":false},"product_brand":[],"product_cat":[1343,1338,1346,1301],"product_tag":[1441],"sport":[],"class_list":{"0":"post-562809","1":"product","2":"type-product","3":"status-publish","4":"has-post-thumbnail","6":"product_cat-armas","7":"product_cat-equipo-de-entrenamiento-de-jiu-jitsu","8":"product_cat-equipo-de-entrenamiento-de-krav-maga","9":"product_cat-material-de-entrenamiento-de-karate","10":"product_tag-daisho-es","11":"pa_size-sans-taille-defaut","13":"first","14":"instock","15":"taxable","16":"shipping-taxable","17":"purchasable","18":"product-type-simple"},"yoast_head":"<!-- This site is optimized with the Yoast SEO plugin v27.2 - https:\/\/yoast.com\/product\/yoast-seo-wordpress\/ -->\n<title>BAST\u00d3N DE ESGRIMA AZUL - 61 CM &#8211; Daisho<\/title>\n<meta name=\"robots\" content=\"index, follow, max-snippet:-1, max-image-preview:large, max-video-preview:-1\" \/>\n<link rel=\"canonical\" href=\"https:\/\/www.daisho.be\/es\/produit\/palo-escrima-azul-60-cm\/\" \/>\n<meta property=\"og:locale\" content=\"es_ES\" \/>\n<meta property=\"og:type\" content=\"article\" \/>\n<meta property=\"og:title\" content=\"BAST\u00d3N DE ESGRIMA AZUL - 61 CM &#8211; Daisho\" \/>\n<meta property=\"og:description\" content=\"El Bast\u00f3n Blando es un bast\u00f3n de escrima de pl\u00e1stico acolchado. Bast\u00f3n acolchado especial para Kali, Escrima y, por supuesto, tambi\u00e9n para t\u00e9cnicas de defensa personal en Krav Maga, Ju Jutsu, Hapkido, etc. Excelente para el entrenamiento contra armas cortas. Excelente para el entrenamiento de defensa personal contra armas cortas. Caracter\u00edsticas: Longitud: aprox. 61 cm [&hellip;]\" \/>\n<meta property=\"og:url\" content=\"https:\/\/www.daisho.be\/es\/produit\/palo-escrima-azul-60-cm\/\" \/>\n<meta property=\"og:site_name\" content=\"Daisho\" \/>\n<meta property=\"article:modified_time\" content=\"2026-02-25T12:58:00+00:00\" \/>\n<meta property=\"og:image\" content=\"https:\/\/www.daisho.be\/wp-content\/uploads\/2026\/02\/image.webp\" \/>\n\t<meta property=\"og:image:width\" content=\"1200\" \/>\n\t<meta property=\"og:image:height\" content=\"1031\" \/>\n\t<meta property=\"og:image:type\" content=\"image\/webp\" \/>\n<meta name=\"twitter:card\" content=\"summary_large_image\" \/>\n<script type=\"application\/ld+json\" class=\"yoast-schema-graph\">{\"@context\":\"https:\/\/schema.org\",\"@graph\":[{\"@type\":\"WebPage\",\"@id\":\"https:\/\/www.daisho.be\/es\/produit\/palo-escrima-azul-60-cm\/\",\"url\":\"https:\/\/www.daisho.be\/es\/produit\/palo-escrima-azul-60-cm\/\",\"name\":\"BAST\u00d3N DE ESGRIMA AZUL - 61 CM &#8211; Daisho\",\"isPartOf\":{\"@id\":\"https:\/\/www.daisho.be\/es\/#website\"},\"primaryImageOfPage\":{\"@id\":\"https:\/\/www.daisho.be\/es\/produit\/palo-escrima-azul-60-cm\/#primaryimage\"},\"image\":{\"@id\":\"https:\/\/www.daisho.be\/es\/produit\/palo-escrima-azul-60-cm\/#primaryimage\"},\"thumbnailUrl\":\"https:\/\/www.daisho.be\/wp-content\/uploads\/2026\/02\/image.webp\",\"datePublished\":\"2025-07-07T08:54:07+00:00\",\"dateModified\":\"2026-02-25T12:58:00+00:00\",\"breadcrumb\":{\"@id\":\"https:\/\/www.daisho.be\/es\/produit\/palo-escrima-azul-60-cm\/#breadcrumb\"},\"inLanguage\":\"es\",\"potentialAction\":[{\"@type\":\"ReadAction\",\"target\":[\"https:\/\/www.daisho.be\/es\/produit\/palo-escrima-azul-60-cm\/\"]}]},{\"@type\":\"ImageObject\",\"inLanguage\":\"es\",\"@id\":\"https:\/\/www.daisho.be\/es\/produit\/palo-escrima-azul-60-cm\/#primaryimage\",\"url\":\"https:\/\/www.daisho.be\/wp-content\/uploads\/2026\/02\/image.webp\",\"contentUrl\":\"https:\/\/www.daisho.be\/wp-content\/uploads\/2026\/02\/image.webp\",\"width\":1200,\"height\":1031,\"caption\":\"BARRA ESCRIMA AZUL - 61 CM-1\"},{\"@type\":\"BreadcrumbList\",\"@id\":\"https:\/\/www.daisho.be\/es\/produit\/palo-escrima-azul-60-cm\/#breadcrumb\",\"itemListElement\":[{\"@type\":\"ListItem\",\"position\":1,\"name\":\"Accueil\",\"item\":\"https:\/\/www.daisho.be\/es\/\"},{\"@type\":\"ListItem\",\"position\":2,\"name\":\"Productos\",\"item\":\"https:\/\/www.daisho.be\/es\/productos\/\"},{\"@type\":\"ListItem\",\"position\":3,\"name\":\"Equipamiento y ropa para artes marciales y deportes de combate\",\"item\":\"https:\/\/www.daisho.be\/es\/categorie-produit\/equipamiento-y-ropa-para-artes-marciales-y-deportes-de-combate\/\"},{\"@type\":\"ListItem\",\"position\":4,\"name\":\"Jujitsu y jiu-jitsu brasile\u00f1os\",\"item\":\"https:\/\/www.daisho.be\/es\/categorie-produit\/equipamiento-y-ropa-para-artes-marciales-y-deportes-de-combate\/jujitsu-y-jiu-jitsu-brasilenos\/\"},{\"@type\":\"ListItem\",\"position\":5,\"name\":\"Equipo de entrenamiento de Jiu Jitsu\",\"item\":\"https:\/\/www.daisho.be\/es\/categorie-produit\/equipamiento-y-ropa-para-artes-marciales-y-deportes-de-combate\/jujitsu-y-jiu-jitsu-brasilenos\/equipo-de-entrenamiento-de-jiu-jitsu\/\"},{\"@type\":\"ListItem\",\"position\":6,\"name\":\"BAST\u00d3N DE ESGRIMA AZUL &#8211; 61 CM\"}]},{\"@type\":\"WebSite\",\"@id\":\"https:\/\/www.daisho.be\/es\/#website\",\"url\":\"https:\/\/www.daisho.be\/es\/\",\"name\":\"Daisho\",\"description\":\"Sp&eacute;cialiste de l'&eacute;quipement sportif d'arts martiaux\",\"publisher\":{\"@id\":\"https:\/\/www.daisho.be\/es\/#organization\"},\"potentialAction\":[{\"@type\":\"SearchAction\",\"target\":{\"@type\":\"EntryPoint\",\"urlTemplate\":\"https:\/\/www.daisho.be\/es\/?s={search_term_string}\"},\"query-input\":{\"@type\":\"PropertyValueSpecification\",\"valueRequired\":true,\"valueName\":\"search_term_string\"}}],\"inLanguage\":\"es\"},{\"@type\":\"Organization\",\"@id\":\"https:\/\/www.daisho.be\/es\/#organization\",\"name\":\"Daisho\",\"url\":\"https:\/\/www.daisho.be\/es\/\",\"logo\":{\"@type\":\"ImageObject\",\"inLanguage\":\"es\",\"@id\":\"https:\/\/www.daisho.be\/es\/#\/schema\/logo\/image\/\",\"url\":\"https:\/\/www.daisho.be\/wp-content\/uploads\/2019\/07\/color-nothing-horizontale4x-e1564486100247.png\",\"contentUrl\":\"https:\/\/www.daisho.be\/wp-content\/uploads\/2019\/07\/color-nothing-horizontale4x-e1564486100247.png\",\"width\":1547,\"height\":385,\"caption\":\"Daisho\"},\"image\":{\"@id\":\"https:\/\/www.daisho.be\/es\/#\/schema\/logo\/image\/\"}}]}<\/script>\n<!-- \/ Yoast SEO plugin. -->","yoast_head_json":{"title":"BAST\u00d3N DE ESGRIMA AZUL - 61 CM &#8211; Daisho","robots":{"index":"index","follow":"follow","max-snippet":"max-snippet:-1","max-image-preview":"max-image-preview:large","max-video-preview":"max-video-preview:-1"},"canonical":"https:\/\/www.daisho.be\/es\/produit\/palo-escrima-azul-60-cm\/","og_locale":"es_ES","og_type":"article","og_title":"BAST\u00d3N DE ESGRIMA AZUL - 61 CM &#8211; Daisho","og_description":"El Bast\u00f3n Blando es un bast\u00f3n de escrima de pl\u00e1stico acolchado. Bast\u00f3n acolchado especial para Kali, Escrima y, por supuesto, tambi\u00e9n para t\u00e9cnicas de defensa personal en Krav Maga, Ju Jutsu, Hapkido, etc. Excelente para el entrenamiento contra armas cortas. Excelente para el entrenamiento de defensa personal contra armas cortas. Caracter\u00edsticas: Longitud: aprox. 61 cm [&hellip;]","og_url":"https:\/\/www.daisho.be\/es\/produit\/palo-escrima-azul-60-cm\/","og_site_name":"Daisho","article_modified_time":"2026-02-25T12:58:00+00:00","og_image":[{"width":1200,"height":1031,"url":"https:\/\/www.daisho.be\/wp-content\/uploads\/2026\/02\/image.webp","type":"image\/webp"}],"twitter_card":"summary_large_image","schema":{"@context":"https:\/\/schema.org","@graph":[{"@type":"WebPage","@id":"https:\/\/www.daisho.be\/es\/produit\/palo-escrima-azul-60-cm\/","url":"https:\/\/www.daisho.be\/es\/produit\/palo-escrima-azul-60-cm\/","name":"BAST\u00d3N DE ESGRIMA AZUL - 61 CM &#8211; Daisho","isPartOf":{"@id":"https:\/\/www.daisho.be\/es\/#website"},"primaryImageOfPage":{"@id":"https:\/\/www.daisho.be\/es\/produit\/palo-escrima-azul-60-cm\/#primaryimage"},"image":{"@id":"https:\/\/www.daisho.be\/es\/produit\/palo-escrima-azul-60-cm\/#primaryimage"},"thumbnailUrl":"https:\/\/www.daisho.be\/wp-content\/uploads\/2026\/02\/image.webp","datePublished":"2025-07-07T08:54:07+00:00","dateModified":"2026-02-25T12:58:00+00:00","breadcrumb":{"@id":"https:\/\/www.daisho.be\/es\/produit\/palo-escrima-azul-60-cm\/#breadcrumb"},"inLanguage":"es","potentialAction":[{"@type":"ReadAction","target":["https:\/\/www.daisho.be\/es\/produit\/palo-escrima-azul-60-cm\/"]}]},{"@type":"ImageObject","inLanguage":"es","@id":"https:\/\/www.daisho.be\/es\/produit\/palo-escrima-azul-60-cm\/#primaryimage","url":"https:\/\/www.daisho.be\/wp-content\/uploads\/2026\/02\/image.webp","contentUrl":"https:\/\/www.daisho.be\/wp-content\/uploads\/2026\/02\/image.webp","width":1200,"height":1031,"caption":"BARRA ESCRIMA AZUL - 61 CM-1"},{"@type":"BreadcrumbList","@id":"https:\/\/www.daisho.be\/es\/produit\/palo-escrima-azul-60-cm\/#breadcrumb","itemListElement":[{"@type":"ListItem","position":1,"name":"Accueil","item":"https:\/\/www.daisho.be\/es\/"},{"@type":"ListItem","position":2,"name":"Productos","item":"https:\/\/www.daisho.be\/es\/productos\/"},{"@type":"ListItem","position":3,"name":"Equipamiento y ropa para artes marciales y deportes de combate","item":"https:\/\/www.daisho.be\/es\/categorie-produit\/equipamiento-y-ropa-para-artes-marciales-y-deportes-de-combate\/"},{"@type":"ListItem","position":4,"name":"Jujitsu y jiu-jitsu brasile\u00f1os","item":"https:\/\/www.daisho.be\/es\/categorie-produit\/equipamiento-y-ropa-para-artes-marciales-y-deportes-de-combate\/jujitsu-y-jiu-jitsu-brasilenos\/"},{"@type":"ListItem","position":5,"name":"Equipo de entrenamiento de Jiu Jitsu","item":"https:\/\/www.daisho.be\/es\/categorie-produit\/equipamiento-y-ropa-para-artes-marciales-y-deportes-de-combate\/jujitsu-y-jiu-jitsu-brasilenos\/equipo-de-entrenamiento-de-jiu-jitsu\/"},{"@type":"ListItem","position":6,"name":"BAST\u00d3N DE ESGRIMA AZUL &#8211; 61 CM"}]},{"@type":"WebSite","@id":"https:\/\/www.daisho.be\/es\/#website","url":"https:\/\/www.daisho.be\/es\/","name":"Daisho","description":"Sp&eacute;cialiste de l'&eacute;quipement sportif d'arts martiaux","publisher":{"@id":"https:\/\/www.daisho.be\/es\/#organization"},"potentialAction":[{"@type":"SearchAction","target":{"@type":"EntryPoint","urlTemplate":"https:\/\/www.daisho.be\/es\/?s={search_term_string}"},"query-input":{"@type":"PropertyValueSpecification","valueRequired":true,"valueName":"search_term_string"}}],"inLanguage":"es"},{"@type":"Organization","@id":"https:\/\/www.daisho.be\/es\/#organization","name":"Daisho","url":"https:\/\/www.daisho.be\/es\/","logo":{"@type":"ImageObject","inLanguage":"es","@id":"https:\/\/www.daisho.be\/es\/#\/schema\/logo\/image\/","url":"https:\/\/www.daisho.be\/wp-content\/uploads\/2019\/07\/color-nothing-horizontale4x-e1564486100247.png","contentUrl":"https:\/\/www.daisho.be\/wp-content\/uploads\/2019\/07\/color-nothing-horizontale4x-e1564486100247.png","width":1547,"height":385,"caption":"Daisho"},"image":{"@id":"https:\/\/www.daisho.be\/es\/#\/schema\/logo\/image\/"}}]}},"_links":{"self":[{"href":"https:\/\/www.daisho.be\/es\/wp-json\/wp\/v2\/product\/562809","targetHints":{"allow":["GET"]}}],"collection":[{"href":"https:\/\/www.daisho.be\/es\/wp-json\/wp\/v2\/product"}],"about":[{"href":"https:\/\/www.daisho.be\/es\/wp-json\/wp\/v2\/types\/product"}],"replies":[{"embeddable":true,"href":"https:\/\/www.daisho.be\/es\/wp-json\/wp\/v2\/comments?post=562809"}],"wp:featuredmedia":[{"embeddable":true,"href":"https:\/\/www.daisho.be\/es\/wp-json\/wp\/v2\/media\/663166"}],"wp:attachment":[{"href":"https:\/\/www.daisho.be\/es\/wp-json\/wp\/v2\/media?parent=562809"}],"wp:term":[{"taxonomy":"product_brand","embeddable":true,"href":"https:\/\/www.daisho.be\/es\/wp-json\/wp\/v2\/product_brand?post=562809"},{"taxonomy":"product_cat","embeddable":true,"href":"https:\/\/www.daisho.be\/es\/wp-json\/wp\/v2\/product_cat?post=562809"},{"taxonomy":"product_tag","embeddable":true,"href":"https:\/\/www.daisho.be\/es\/wp-json\/wp\/v2\/product_tag?post=562809"},{"taxonomy":"sport","embeddable":true,"href":"https:\/\/www.daisho.be\/es\/wp-json\/wp\/v2\/sport?post=562809"}],"curies":[{"name":"wp","href":"https:\/\/api.w.org\/{rel}","templated":true}]}}