{"id":562747,"date":"2025-08-07T16:28:25","date_gmt":"2025-08-07T14:28:25","guid":{"rendered":"https:\/\/www.daisho.be\/produit\/exhibicion-de-taekwondo-tae-top-b\/"},"modified":"2026-03-31T15:41:03","modified_gmt":"2026-03-31T13:41:03","slug":"exhibicion-de-taekwondo-tae-top-b","status":"publish","type":"product","link":"https:\/\/www.daisho.be\/es\/produit\/exhibicion-de-taekwondo-tae-top-b\/","title":{"rendered":"Exhibici\u00f3n de taekwondo TAE-ToP\/B"},"content":{"rendered":"<p>El marcador TAE-ToP\/B est\u00e1 especialmente dise\u00f1ado para Taekwondo.<\/p>\n<p>Especificaciones:<br \/>\nDimensiones: 730x370x110 mm<br \/>\nLegibilidad: 35 m<br \/>\nAltura m\u00e1xima de los d\u00edgitos: 9 cm<br \/>\nPeso: 5,5 kg<br \/>\nPantalla: LED SMD de alto brillo<br \/>\n\u00c1ngulo de lectura: 160\u00b0<br \/>\nAlimentaci\u00f3n: 230 V (red o bater\u00eda de 13,6 V CC<br \/>\nPaneles adicionales: 4 paneles de control para jueces<\/p>\n<p>Funciones:<br \/>\nDeuk-jeoms<br \/>\nPenaltis<br \/>\nN\u00famero de ronda<br \/>\nCron\u00f3metro<br \/>\nBocina<\/p>\n<p>Opciones:<br \/>\nFunda de transporte<br \/>\nPantalla repetidora<\/p>\n","protected":false},"excerpt":{"rendered":"<p>El marcador TAE-ToP\/B est\u00e1 especialmente dise\u00f1ado para Taekwondo. Especificaciones: Dimensiones: 730x370x110 mm Legibilidad: 35 m Altura m\u00e1xima de los d\u00edgitos: 9 cm Peso: 5,5 kg Pantalla: LED SMD de alto brillo \u00c1ngulo de lectura: 160\u00b0 Alimentaci\u00f3n: 230 V (red o bater\u00eda de 13,6 V CC Paneles adicionales: 4 paneles de control para jueces Funciones: Deuk-jeoms [&hellip;]<\/p>\n","protected":false},"featured_media":543803,"comment_status":"open","ping_status":"closed","template":"","meta":{"inline_featured_image":false},"product_brand":[],"product_cat":[1431],"product_tag":[1429],"sport":[],"class_list":{"0":"post-562747","1":"product","2":"type-product","3":"status-publish","4":"has-post-thumbnail","6":"product_cat-exposiciones-concurso","7":"product_tag-stramatel-es","9":"first","10":"instock","11":"taxable","12":"shipping-taxable","13":"purchasable","14":"product-type-simple"},"yoast_head":"<!-- This site is optimized with the Yoast SEO plugin v27.2 - https:\/\/yoast.com\/product\/yoast-seo-wordpress\/ -->\n<title>Exhibici\u00f3n de taekwondo TAE-ToP\/B &#8211; Daisho<\/title>\n<meta name=\"description\" content=\"Tablero de taekwondo TAE-ToP\/B: pantalla LED de alta visibilidad (35 m). Incluye puntuaciones, rondas y cron\u00f3metro. Encu\u00e9ntralo en www.daisho.be|Daisho\" \/>\n<meta name=\"robots\" content=\"index, follow, max-snippet:-1, max-image-preview:large, max-video-preview:-1\" \/>\n<link rel=\"canonical\" href=\"https:\/\/www.daisho.be\/es\/produit\/exhibicion-de-taekwondo-tae-top-b\/\" \/>\n<meta property=\"og:locale\" content=\"es_ES\" \/>\n<meta property=\"og:type\" content=\"article\" \/>\n<meta property=\"og:title\" content=\"Exhibici\u00f3n de taekwondo TAE-ToP\/B &#8211; Daisho\" \/>\n<meta property=\"og:description\" content=\"Tablero de taekwondo TAE-ToP\/B: pantalla LED de alta visibilidad (35 m). Incluye puntuaciones, rondas y cron\u00f3metro. Encu\u00e9ntralo en www.daisho.be|Daisho\" \/>\n<meta property=\"og:url\" content=\"https:\/\/www.daisho.be\/es\/produit\/exhibicion-de-taekwondo-tae-top-b\/\" \/>\n<meta property=\"og:site_name\" content=\"Daisho\" \/>\n<meta property=\"article:modified_time\" content=\"2026-03-31T13:41:03+00:00\" \/>\n<meta property=\"og:image\" content=\"https:\/\/www.daisho.be\/wp-content\/uploads\/2025\/08\/image-4-scaled.png\" \/>\n\t<meta property=\"og:image:width\" content=\"2048\" \/>\n\t<meta property=\"og:image:height\" content=\"1027\" \/>\n\t<meta property=\"og:image:type\" content=\"image\/png\" \/>\n<meta name=\"twitter:card\" content=\"summary_large_image\" \/>\n<script type=\"application\/ld+json\" class=\"yoast-schema-graph\">{\"@context\":\"https:\/\/schema.org\",\"@graph\":[{\"@type\":\"WebPage\",\"@id\":\"https:\/\/www.daisho.be\/es\/produit\/exhibicion-de-taekwondo-tae-top-b\/\",\"url\":\"https:\/\/www.daisho.be\/es\/produit\/exhibicion-de-taekwondo-tae-top-b\/\",\"name\":\"Exhibici\u00f3n de taekwondo TAE-ToP\/B &#8211; Daisho\",\"isPartOf\":{\"@id\":\"https:\/\/www.daisho.be\/es\/#website\"},\"primaryImageOfPage\":{\"@id\":\"https:\/\/www.daisho.be\/es\/produit\/exhibicion-de-taekwondo-tae-top-b\/#primaryimage\"},\"image\":{\"@id\":\"https:\/\/www.daisho.be\/es\/produit\/exhibicion-de-taekwondo-tae-top-b\/#primaryimage\"},\"thumbnailUrl\":\"https:\/\/www.daisho.be\/wp-content\/uploads\/2025\/08\/image-4-scaled.png\",\"datePublished\":\"2025-08-07T14:28:25+00:00\",\"dateModified\":\"2026-03-31T13:41:03+00:00\",\"description\":\"Tablero de taekwondo TAE-ToP\/B: pantalla LED de alta visibilidad (35 m). Incluye puntuaciones, rondas y cron\u00f3metro. Encu\u00e9ntralo en www.daisho.be|Daisho\",\"breadcrumb\":{\"@id\":\"https:\/\/www.daisho.be\/es\/produit\/exhibicion-de-taekwondo-tae-top-b\/#breadcrumb\"},\"inLanguage\":\"es\",\"potentialAction\":[{\"@type\":\"ReadAction\",\"target\":[\"https:\/\/www.daisho.be\/es\/produit\/exhibicion-de-taekwondo-tae-top-b\/\"]}]},{\"@type\":\"ImageObject\",\"inLanguage\":\"es\",\"@id\":\"https:\/\/www.daisho.be\/es\/produit\/exhibicion-de-taekwondo-tae-top-b\/#primaryimage\",\"url\":\"https:\/\/www.daisho.be\/wp-content\/uploads\/2025\/08\/image-4-scaled.png\",\"contentUrl\":\"https:\/\/www.daisho.be\/wp-content\/uploads\/2025\/08\/image-4-scaled.png\",\"width\":2048,\"height\":1027,\"caption\":\"Exhibici\u00f3n de taekwondo TAE-ToP\/B-1\"},{\"@type\":\"BreadcrumbList\",\"@id\":\"https:\/\/www.daisho.be\/es\/produit\/exhibicion-de-taekwondo-tae-top-b\/#breadcrumb\",\"itemListElement\":[{\"@type\":\"ListItem\",\"position\":1,\"name\":\"Accueil\",\"item\":\"https:\/\/www.daisho.be\/es\/\"},{\"@type\":\"ListItem\",\"position\":2,\"name\":\"Productos\",\"item\":\"https:\/\/www.daisho.be\/es\/productos\/\"},{\"@type\":\"ListItem\",\"position\":3,\"name\":\"Deportes de combate\",\"item\":\"https:\/\/www.daisho.be\/es\/categorie-produit\/deportes-de-combate\/\"},{\"@type\":\"ListItem\",\"position\":4,\"name\":\"Exposiciones (concurso)\",\"item\":\"https:\/\/www.daisho.be\/es\/categorie-produit\/deportes-de-combate\/exposiciones-concurso\/\"},{\"@type\":\"ListItem\",\"position\":5,\"name\":\"Exhibici\u00f3n de taekwondo TAE-ToP\/B\"}]},{\"@type\":\"WebSite\",\"@id\":\"https:\/\/www.daisho.be\/es\/#website\",\"url\":\"https:\/\/www.daisho.be\/es\/\",\"name\":\"Daisho\",\"description\":\"Sp&eacute;cialiste de l'&eacute;quipement sportif d'arts martiaux\",\"publisher\":{\"@id\":\"https:\/\/www.daisho.be\/es\/#organization\"},\"potentialAction\":[{\"@type\":\"SearchAction\",\"target\":{\"@type\":\"EntryPoint\",\"urlTemplate\":\"https:\/\/www.daisho.be\/es\/?s={search_term_string}\"},\"query-input\":{\"@type\":\"PropertyValueSpecification\",\"valueRequired\":true,\"valueName\":\"search_term_string\"}}],\"inLanguage\":\"es\"},{\"@type\":\"Organization\",\"@id\":\"https:\/\/www.daisho.be\/es\/#organization\",\"name\":\"Daisho\",\"url\":\"https:\/\/www.daisho.be\/es\/\",\"logo\":{\"@type\":\"ImageObject\",\"inLanguage\":\"es\",\"@id\":\"https:\/\/www.daisho.be\/es\/#\/schema\/logo\/image\/\",\"url\":\"https:\/\/www.daisho.be\/wp-content\/uploads\/2019\/07\/color-nothing-horizontale4x-e1564486100247.png\",\"contentUrl\":\"https:\/\/www.daisho.be\/wp-content\/uploads\/2019\/07\/color-nothing-horizontale4x-e1564486100247.png\",\"width\":1547,\"height\":385,\"caption\":\"Daisho\"},\"image\":{\"@id\":\"https:\/\/www.daisho.be\/es\/#\/schema\/logo\/image\/\"}}]}<\/script>\n<!-- \/ Yoast SEO plugin. -->","yoast_head_json":{"title":"Exhibici\u00f3n de taekwondo TAE-ToP\/B &#8211; Daisho","description":"Tablero de taekwondo TAE-ToP\/B: pantalla LED de alta visibilidad (35 m). Incluye puntuaciones, rondas y cron\u00f3metro. Encu\u00e9ntralo en www.daisho.be|Daisho","robots":{"index":"index","follow":"follow","max-snippet":"max-snippet:-1","max-image-preview":"max-image-preview:large","max-video-preview":"max-video-preview:-1"},"canonical":"https:\/\/www.daisho.be\/es\/produit\/exhibicion-de-taekwondo-tae-top-b\/","og_locale":"es_ES","og_type":"article","og_title":"Exhibici\u00f3n de taekwondo TAE-ToP\/B &#8211; Daisho","og_description":"Tablero de taekwondo TAE-ToP\/B: pantalla LED de alta visibilidad (35 m). Incluye puntuaciones, rondas y cron\u00f3metro. Encu\u00e9ntralo en www.daisho.be|Daisho","og_url":"https:\/\/www.daisho.be\/es\/produit\/exhibicion-de-taekwondo-tae-top-b\/","og_site_name":"Daisho","article_modified_time":"2026-03-31T13:41:03+00:00","og_image":[{"width":2048,"height":1027,"url":"https:\/\/www.daisho.be\/wp-content\/uploads\/2025\/08\/image-4-scaled.png","type":"image\/png"}],"twitter_card":"summary_large_image","schema":{"@context":"https:\/\/schema.org","@graph":[{"@type":"WebPage","@id":"https:\/\/www.daisho.be\/es\/produit\/exhibicion-de-taekwondo-tae-top-b\/","url":"https:\/\/www.daisho.be\/es\/produit\/exhibicion-de-taekwondo-tae-top-b\/","name":"Exhibici\u00f3n de taekwondo TAE-ToP\/B &#8211; Daisho","isPartOf":{"@id":"https:\/\/www.daisho.be\/es\/#website"},"primaryImageOfPage":{"@id":"https:\/\/www.daisho.be\/es\/produit\/exhibicion-de-taekwondo-tae-top-b\/#primaryimage"},"image":{"@id":"https:\/\/www.daisho.be\/es\/produit\/exhibicion-de-taekwondo-tae-top-b\/#primaryimage"},"thumbnailUrl":"https:\/\/www.daisho.be\/wp-content\/uploads\/2025\/08\/image-4-scaled.png","datePublished":"2025-08-07T14:28:25+00:00","dateModified":"2026-03-31T13:41:03+00:00","description":"Tablero de taekwondo TAE-ToP\/B: pantalla LED de alta visibilidad (35 m). Incluye puntuaciones, rondas y cron\u00f3metro. Encu\u00e9ntralo en www.daisho.be|Daisho","breadcrumb":{"@id":"https:\/\/www.daisho.be\/es\/produit\/exhibicion-de-taekwondo-tae-top-b\/#breadcrumb"},"inLanguage":"es","potentialAction":[{"@type":"ReadAction","target":["https:\/\/www.daisho.be\/es\/produit\/exhibicion-de-taekwondo-tae-top-b\/"]}]},{"@type":"ImageObject","inLanguage":"es","@id":"https:\/\/www.daisho.be\/es\/produit\/exhibicion-de-taekwondo-tae-top-b\/#primaryimage","url":"https:\/\/www.daisho.be\/wp-content\/uploads\/2025\/08\/image-4-scaled.png","contentUrl":"https:\/\/www.daisho.be\/wp-content\/uploads\/2025\/08\/image-4-scaled.png","width":2048,"height":1027,"caption":"Exhibici\u00f3n de taekwondo TAE-ToP\/B-1"},{"@type":"BreadcrumbList","@id":"https:\/\/www.daisho.be\/es\/produit\/exhibicion-de-taekwondo-tae-top-b\/#breadcrumb","itemListElement":[{"@type":"ListItem","position":1,"name":"Accueil","item":"https:\/\/www.daisho.be\/es\/"},{"@type":"ListItem","position":2,"name":"Productos","item":"https:\/\/www.daisho.be\/es\/productos\/"},{"@type":"ListItem","position":3,"name":"Deportes de combate","item":"https:\/\/www.daisho.be\/es\/categorie-produit\/deportes-de-combate\/"},{"@type":"ListItem","position":4,"name":"Exposiciones (concurso)","item":"https:\/\/www.daisho.be\/es\/categorie-produit\/deportes-de-combate\/exposiciones-concurso\/"},{"@type":"ListItem","position":5,"name":"Exhibici\u00f3n de taekwondo TAE-ToP\/B"}]},{"@type":"WebSite","@id":"https:\/\/www.daisho.be\/es\/#website","url":"https:\/\/www.daisho.be\/es\/","name":"Daisho","description":"Sp&eacute;cialiste de l'&eacute;quipement sportif d'arts martiaux","publisher":{"@id":"https:\/\/www.daisho.be\/es\/#organization"},"potentialAction":[{"@type":"SearchAction","target":{"@type":"EntryPoint","urlTemplate":"https:\/\/www.daisho.be\/es\/?s={search_term_string}"},"query-input":{"@type":"PropertyValueSpecification","valueRequired":true,"valueName":"search_term_string"}}],"inLanguage":"es"},{"@type":"Organization","@id":"https:\/\/www.daisho.be\/es\/#organization","name":"Daisho","url":"https:\/\/www.daisho.be\/es\/","logo":{"@type":"ImageObject","inLanguage":"es","@id":"https:\/\/www.daisho.be\/es\/#\/schema\/logo\/image\/","url":"https:\/\/www.daisho.be\/wp-content\/uploads\/2019\/07\/color-nothing-horizontale4x-e1564486100247.png","contentUrl":"https:\/\/www.daisho.be\/wp-content\/uploads\/2019\/07\/color-nothing-horizontale4x-e1564486100247.png","width":1547,"height":385,"caption":"Daisho"},"image":{"@id":"https:\/\/www.daisho.be\/es\/#\/schema\/logo\/image\/"}}]}},"_links":{"self":[{"href":"https:\/\/www.daisho.be\/es\/wp-json\/wp\/v2\/product\/562747","targetHints":{"allow":["GET"]}}],"collection":[{"href":"https:\/\/www.daisho.be\/es\/wp-json\/wp\/v2\/product"}],"about":[{"href":"https:\/\/www.daisho.be\/es\/wp-json\/wp\/v2\/types\/product"}],"replies":[{"embeddable":true,"href":"https:\/\/www.daisho.be\/es\/wp-json\/wp\/v2\/comments?post=562747"}],"wp:featuredmedia":[{"embeddable":true,"href":"https:\/\/www.daisho.be\/es\/wp-json\/wp\/v2\/media\/543803"}],"wp:attachment":[{"href":"https:\/\/www.daisho.be\/es\/wp-json\/wp\/v2\/media?parent=562747"}],"wp:term":[{"taxonomy":"product_brand","embeddable":true,"href":"https:\/\/www.daisho.be\/es\/wp-json\/wp\/v2\/product_brand?post=562747"},{"taxonomy":"product_cat","embeddable":true,"href":"https:\/\/www.daisho.be\/es\/wp-json\/wp\/v2\/product_cat?post=562747"},{"taxonomy":"product_tag","embeddable":true,"href":"https:\/\/www.daisho.be\/es\/wp-json\/wp\/v2\/product_tag?post=562747"},{"taxonomy":"sport","embeddable":true,"href":"https:\/\/www.daisho.be\/es\/wp-json\/wp\/v2\/sport?post=562747"}],"curies":[{"name":"wp","href":"https:\/\/api.w.org\/{rel}","templated":true}]}}