{"id":562732,"date":"2025-08-18T12:21:00","date_gmt":"2025-08-18T10:21:00","guid":{"rendered":"https:\/\/www.daisho.be\/produit\/chapa-superior-para-airfloor-3-x-1-m-diseno-a-nivel-arriba\/"},"modified":"2025-12-11T12:18:23","modified_gmt":"2025-12-11T11:18:23","slug":"chapa-superior-para-airfloor-3-x-1-m-diseno-a-nivel-arriba","status":"publish","type":"product","link":"https:\/\/www.daisho.be\/es\/produit\/chapa-superior-para-airfloor-3-x-1-m-diseno-a-nivel-arriba\/","title":{"rendered":"Chapa superior para AirFloor &#8211; 3 x 1 m &#8211; Dise\u00f1o A (Nivel arriba)"},"content":{"rendered":"<p>La S\u00e1bana Superior AirTrack es el complemento ideal para tu AirFloor y garantiza una diversi\u00f3n incre\u00edble.<br \/>\nLos tres vibrantes dibujos a\u00f1aden un toque extra de color y emoci\u00f3n.<br \/>\nCada AirFloor AirTrack est\u00e1 provisto de un cierre de velcro en toda la superficie de salto para que pueda ajustarse f\u00e1cilmente.<\/p>\n<p>Caracter\u00edsticas:<\/p>\n<p>Tama\u00f1o: 3 x 1 m<br \/>\nDise\u00f1o A (Level Up)<\/p>\n","protected":false},"excerpt":{"rendered":"<p>La S\u00e1bana Superior AirTrack es el complemento ideal para tu AirFloor y garantiza una diversi\u00f3n incre\u00edble. Los tres vibrantes dibujos a\u00f1aden un toque extra de color y emoci\u00f3n. Cada AirFloor AirTrack est\u00e1 provisto de un cierre de velcro en toda la superficie de salto para que pueda ajustarse f\u00e1cilmente. Caracter\u00edsticas: Tama\u00f1o: 3 x 1 m [&hellip;]<\/p>\n","protected":false},"featured_media":545992,"comment_status":"open","ping_status":"closed","template":"","meta":{"inline_featured_image":false},"product_brand":[],"product_cat":[1612],"product_tag":[1615,2552],"sport":[],"class_list":{"0":"post-562732","1":"product","2":"type-product","3":"status-publish","4":"has-post-thumbnail","6":"product_cat-alfombras","7":"product_tag-airtrack-es","8":"product_tag-cita","9":"product_shipping_class-productos-voluminosos-es","10":"pa_size-sans-taille-defaut","12":"first","13":"instock","14":"taxable","15":"shipping-taxable","16":"purchasable","17":"product-type-variable"},"yoast_head":"<!-- This site is optimized with the Yoast SEO plugin v27.2 - https:\/\/yoast.com\/product\/yoast-seo-wordpress\/ -->\n<title>Chapa superior para AirFloor - 3 x 1 m - Dise\u00f1o A (Nivel arriba) &#8211; Daisho<\/title>\n<meta name=\"robots\" content=\"index, follow, max-snippet:-1, max-image-preview:large, max-video-preview:-1\" \/>\n<link rel=\"canonical\" href=\"https:\/\/www.daisho.be\/es\/produit\/chapa-superior-para-airfloor-3-x-1-m-diseno-a-nivel-arriba\/\" \/>\n<meta property=\"og:locale\" content=\"es_ES\" \/>\n<meta property=\"og:type\" content=\"article\" \/>\n<meta property=\"og:title\" content=\"Chapa superior para AirFloor - 3 x 1 m - Dise\u00f1o A (Nivel arriba) &#8211; Daisho\" \/>\n<meta property=\"og:description\" content=\"La S\u00e1bana Superior AirTrack es el complemento ideal para tu AirFloor y garantiza una diversi\u00f3n incre\u00edble. Los tres vibrantes dibujos a\u00f1aden un toque extra de color y emoci\u00f3n. Cada AirFloor AirTrack est\u00e1 provisto de un cierre de velcro en toda la superficie de salto para que pueda ajustarse f\u00e1cilmente. Caracter\u00edsticas: Tama\u00f1o: 3 x 1 m [&hellip;]\" \/>\n<meta property=\"og:url\" content=\"https:\/\/www.daisho.be\/es\/produit\/chapa-superior-para-airfloor-3-x-1-m-diseno-a-nivel-arriba\/\" \/>\n<meta property=\"og:site_name\" content=\"Daisho\" \/>\n<meta property=\"article:modified_time\" content=\"2025-12-11T11:18:23+00:00\" \/>\n<meta property=\"og:image\" content=\"https:\/\/www.daisho.be\/wp-content\/uploads\/2025\/08\/image-22.png\" \/>\n\t<meta property=\"og:image:width\" content=\"800\" \/>\n\t<meta property=\"og:image:height\" content=\"533\" \/>\n\t<meta property=\"og:image:type\" content=\"image\/png\" \/>\n<meta name=\"twitter:card\" content=\"summary_large_image\" \/>\n<script type=\"application\/ld+json\" class=\"yoast-schema-graph\">{\"@context\":\"https:\/\/schema.org\",\"@graph\":[{\"@type\":\"WebPage\",\"@id\":\"https:\/\/www.daisho.be\/es\/produit\/chapa-superior-para-airfloor-3-x-1-m-diseno-a-nivel-arriba\/\",\"url\":\"https:\/\/www.daisho.be\/es\/produit\/chapa-superior-para-airfloor-3-x-1-m-diseno-a-nivel-arriba\/\",\"name\":\"Chapa superior para AirFloor - 3 x 1 m - Dise\u00f1o A (Nivel arriba) &#8211; Daisho\",\"isPartOf\":{\"@id\":\"https:\/\/www.daisho.be\/es\/#website\"},\"primaryImageOfPage\":{\"@id\":\"https:\/\/www.daisho.be\/es\/produit\/chapa-superior-para-airfloor-3-x-1-m-diseno-a-nivel-arriba\/#primaryimage\"},\"image\":{\"@id\":\"https:\/\/www.daisho.be\/es\/produit\/chapa-superior-para-airfloor-3-x-1-m-diseno-a-nivel-arriba\/#primaryimage\"},\"thumbnailUrl\":\"https:\/\/www.daisho.be\/wp-content\/uploads\/2025\/08\/image-22.png\",\"datePublished\":\"2025-08-18T10:21:00+00:00\",\"dateModified\":\"2025-12-11T11:18:23+00:00\",\"breadcrumb\":{\"@id\":\"https:\/\/www.daisho.be\/es\/produit\/chapa-superior-para-airfloor-3-x-1-m-diseno-a-nivel-arriba\/#breadcrumb\"},\"inLanguage\":\"es\",\"potentialAction\":[{\"@type\":\"ReadAction\",\"target\":[\"https:\/\/www.daisho.be\/es\/produit\/chapa-superior-para-airfloor-3-x-1-m-diseno-a-nivel-arriba\/\"]}]},{\"@type\":\"ImageObject\",\"inLanguage\":\"es\",\"@id\":\"https:\/\/www.daisho.be\/es\/produit\/chapa-superior-para-airfloor-3-x-1-m-diseno-a-nivel-arriba\/#primaryimage\",\"url\":\"https:\/\/www.daisho.be\/wp-content\/uploads\/2025\/08\/image-22.png\",\"contentUrl\":\"https:\/\/www.daisho.be\/wp-content\/uploads\/2025\/08\/image-22.png\",\"width\":800,\"height\":533,\"caption\":\"Chapa superior para AirFloor - 3 x 1 m - Dise\u00f1o A (Nivel arriba)-1\"},{\"@type\":\"BreadcrumbList\",\"@id\":\"https:\/\/www.daisho.be\/es\/produit\/chapa-superior-para-airfloor-3-x-1-m-diseno-a-nivel-arriba\/#breadcrumb\",\"itemListElement\":[{\"@type\":\"ListItem\",\"position\":1,\"name\":\"Accueil\",\"item\":\"https:\/\/www.daisho.be\/es\/\"},{\"@type\":\"ListItem\",\"position\":2,\"name\":\"Productos\",\"item\":\"https:\/\/www.daisho.be\/es\/productos\/\"},{\"@type\":\"ListItem\",\"position\":3,\"name\":\"Deportes de combate\",\"item\":\"https:\/\/www.daisho.be\/es\/categorie-produit\/deportes-de-combate\/\"},{\"@type\":\"ListItem\",\"position\":4,\"name\":\"Alfombras\",\"item\":\"https:\/\/www.daisho.be\/es\/categorie-produit\/deportes-de-combate\/alfombras\/\"},{\"@type\":\"ListItem\",\"position\":5,\"name\":\"Chapa superior para AirFloor &#8211; 3 x 1 m &#8211; Dise\u00f1o A (Nivel arriba)\"}]},{\"@type\":\"WebSite\",\"@id\":\"https:\/\/www.daisho.be\/es\/#website\",\"url\":\"https:\/\/www.daisho.be\/es\/\",\"name\":\"Daisho\",\"description\":\"Sp&eacute;cialiste de l'&eacute;quipement sportif d'arts martiaux\",\"publisher\":{\"@id\":\"https:\/\/www.daisho.be\/es\/#organization\"},\"potentialAction\":[{\"@type\":\"SearchAction\",\"target\":{\"@type\":\"EntryPoint\",\"urlTemplate\":\"https:\/\/www.daisho.be\/es\/?s={search_term_string}\"},\"query-input\":{\"@type\":\"PropertyValueSpecification\",\"valueRequired\":true,\"valueName\":\"search_term_string\"}}],\"inLanguage\":\"es\"},{\"@type\":\"Organization\",\"@id\":\"https:\/\/www.daisho.be\/es\/#organization\",\"name\":\"Daisho\",\"url\":\"https:\/\/www.daisho.be\/es\/\",\"logo\":{\"@type\":\"ImageObject\",\"inLanguage\":\"es\",\"@id\":\"https:\/\/www.daisho.be\/es\/#\/schema\/logo\/image\/\",\"url\":\"https:\/\/www.daisho.be\/wp-content\/uploads\/2019\/07\/color-nothing-horizontale4x-e1564486100247.png\",\"contentUrl\":\"https:\/\/www.daisho.be\/wp-content\/uploads\/2019\/07\/color-nothing-horizontale4x-e1564486100247.png\",\"width\":1547,\"height\":385,\"caption\":\"Daisho\"},\"image\":{\"@id\":\"https:\/\/www.daisho.be\/es\/#\/schema\/logo\/image\/\"}}]}<\/script>\n<!-- \/ Yoast SEO plugin. -->","yoast_head_json":{"title":"Chapa superior para AirFloor - 3 x 1 m - Dise\u00f1o A (Nivel arriba) &#8211; Daisho","robots":{"index":"index","follow":"follow","max-snippet":"max-snippet:-1","max-image-preview":"max-image-preview:large","max-video-preview":"max-video-preview:-1"},"canonical":"https:\/\/www.daisho.be\/es\/produit\/chapa-superior-para-airfloor-3-x-1-m-diseno-a-nivel-arriba\/","og_locale":"es_ES","og_type":"article","og_title":"Chapa superior para AirFloor - 3 x 1 m - Dise\u00f1o A (Nivel arriba) &#8211; Daisho","og_description":"La S\u00e1bana Superior AirTrack es el complemento ideal para tu AirFloor y garantiza una diversi\u00f3n incre\u00edble. Los tres vibrantes dibujos a\u00f1aden un toque extra de color y emoci\u00f3n. Cada AirFloor AirTrack est\u00e1 provisto de un cierre de velcro en toda la superficie de salto para que pueda ajustarse f\u00e1cilmente. Caracter\u00edsticas: Tama\u00f1o: 3 x 1 m [&hellip;]","og_url":"https:\/\/www.daisho.be\/es\/produit\/chapa-superior-para-airfloor-3-x-1-m-diseno-a-nivel-arriba\/","og_site_name":"Daisho","article_modified_time":"2025-12-11T11:18:23+00:00","og_image":[{"width":800,"height":533,"url":"https:\/\/www.daisho.be\/wp-content\/uploads\/2025\/08\/image-22.png","type":"image\/png"}],"twitter_card":"summary_large_image","schema":{"@context":"https:\/\/schema.org","@graph":[{"@type":"WebPage","@id":"https:\/\/www.daisho.be\/es\/produit\/chapa-superior-para-airfloor-3-x-1-m-diseno-a-nivel-arriba\/","url":"https:\/\/www.daisho.be\/es\/produit\/chapa-superior-para-airfloor-3-x-1-m-diseno-a-nivel-arriba\/","name":"Chapa superior para AirFloor - 3 x 1 m - Dise\u00f1o A (Nivel arriba) &#8211; Daisho","isPartOf":{"@id":"https:\/\/www.daisho.be\/es\/#website"},"primaryImageOfPage":{"@id":"https:\/\/www.daisho.be\/es\/produit\/chapa-superior-para-airfloor-3-x-1-m-diseno-a-nivel-arriba\/#primaryimage"},"image":{"@id":"https:\/\/www.daisho.be\/es\/produit\/chapa-superior-para-airfloor-3-x-1-m-diseno-a-nivel-arriba\/#primaryimage"},"thumbnailUrl":"https:\/\/www.daisho.be\/wp-content\/uploads\/2025\/08\/image-22.png","datePublished":"2025-08-18T10:21:00+00:00","dateModified":"2025-12-11T11:18:23+00:00","breadcrumb":{"@id":"https:\/\/www.daisho.be\/es\/produit\/chapa-superior-para-airfloor-3-x-1-m-diseno-a-nivel-arriba\/#breadcrumb"},"inLanguage":"es","potentialAction":[{"@type":"ReadAction","target":["https:\/\/www.daisho.be\/es\/produit\/chapa-superior-para-airfloor-3-x-1-m-diseno-a-nivel-arriba\/"]}]},{"@type":"ImageObject","inLanguage":"es","@id":"https:\/\/www.daisho.be\/es\/produit\/chapa-superior-para-airfloor-3-x-1-m-diseno-a-nivel-arriba\/#primaryimage","url":"https:\/\/www.daisho.be\/wp-content\/uploads\/2025\/08\/image-22.png","contentUrl":"https:\/\/www.daisho.be\/wp-content\/uploads\/2025\/08\/image-22.png","width":800,"height":533,"caption":"Chapa superior para AirFloor - 3 x 1 m - Dise\u00f1o A (Nivel arriba)-1"},{"@type":"BreadcrumbList","@id":"https:\/\/www.daisho.be\/es\/produit\/chapa-superior-para-airfloor-3-x-1-m-diseno-a-nivel-arriba\/#breadcrumb","itemListElement":[{"@type":"ListItem","position":1,"name":"Accueil","item":"https:\/\/www.daisho.be\/es\/"},{"@type":"ListItem","position":2,"name":"Productos","item":"https:\/\/www.daisho.be\/es\/productos\/"},{"@type":"ListItem","position":3,"name":"Deportes de combate","item":"https:\/\/www.daisho.be\/es\/categorie-produit\/deportes-de-combate\/"},{"@type":"ListItem","position":4,"name":"Alfombras","item":"https:\/\/www.daisho.be\/es\/categorie-produit\/deportes-de-combate\/alfombras\/"},{"@type":"ListItem","position":5,"name":"Chapa superior para AirFloor &#8211; 3 x 1 m &#8211; Dise\u00f1o A (Nivel arriba)"}]},{"@type":"WebSite","@id":"https:\/\/www.daisho.be\/es\/#website","url":"https:\/\/www.daisho.be\/es\/","name":"Daisho","description":"Sp&eacute;cialiste de l'&eacute;quipement sportif d'arts martiaux","publisher":{"@id":"https:\/\/www.daisho.be\/es\/#organization"},"potentialAction":[{"@type":"SearchAction","target":{"@type":"EntryPoint","urlTemplate":"https:\/\/www.daisho.be\/es\/?s={search_term_string}"},"query-input":{"@type":"PropertyValueSpecification","valueRequired":true,"valueName":"search_term_string"}}],"inLanguage":"es"},{"@type":"Organization","@id":"https:\/\/www.daisho.be\/es\/#organization","name":"Daisho","url":"https:\/\/www.daisho.be\/es\/","logo":{"@type":"ImageObject","inLanguage":"es","@id":"https:\/\/www.daisho.be\/es\/#\/schema\/logo\/image\/","url":"https:\/\/www.daisho.be\/wp-content\/uploads\/2019\/07\/color-nothing-horizontale4x-e1564486100247.png","contentUrl":"https:\/\/www.daisho.be\/wp-content\/uploads\/2019\/07\/color-nothing-horizontale4x-e1564486100247.png","width":1547,"height":385,"caption":"Daisho"},"image":{"@id":"https:\/\/www.daisho.be\/es\/#\/schema\/logo\/image\/"}}]}},"_links":{"self":[{"href":"https:\/\/www.daisho.be\/es\/wp-json\/wp\/v2\/product\/562732","targetHints":{"allow":["GET"]}}],"collection":[{"href":"https:\/\/www.daisho.be\/es\/wp-json\/wp\/v2\/product"}],"about":[{"href":"https:\/\/www.daisho.be\/es\/wp-json\/wp\/v2\/types\/product"}],"replies":[{"embeddable":true,"href":"https:\/\/www.daisho.be\/es\/wp-json\/wp\/v2\/comments?post=562732"}],"wp:featuredmedia":[{"embeddable":true,"href":"https:\/\/www.daisho.be\/es\/wp-json\/wp\/v2\/media\/545992"}],"wp:attachment":[{"href":"https:\/\/www.daisho.be\/es\/wp-json\/wp\/v2\/media?parent=562732"}],"wp:term":[{"taxonomy":"product_brand","embeddable":true,"href":"https:\/\/www.daisho.be\/es\/wp-json\/wp\/v2\/product_brand?post=562732"},{"taxonomy":"product_cat","embeddable":true,"href":"https:\/\/www.daisho.be\/es\/wp-json\/wp\/v2\/product_cat?post=562732"},{"taxonomy":"product_tag","embeddable":true,"href":"https:\/\/www.daisho.be\/es\/wp-json\/wp\/v2\/product_tag?post=562732"},{"taxonomy":"sport","embeddable":true,"href":"https:\/\/www.daisho.be\/es\/wp-json\/wp\/v2\/sport?post=562732"}],"curies":[{"name":"wp","href":"https:\/\/api.w.org\/{rel}","templated":true}]}}