{"id":562674,"date":"2025-08-18T16:12:57","date_gmt":"2025-08-18T14:12:57","guid":{"rendered":"https:\/\/www.daisho.be\/produit\/airblock-1-x-14-x-02-m-chispa\/"},"modified":"2025-12-11T12:18:47","modified_gmt":"2025-12-11T11:18:47","slug":"airblock-1-x-14-x-02-m-chispa","status":"publish","type":"product","link":"https:\/\/www.daisho.be\/es\/produit\/airblock-1-x-14-x-02-m-chispa\/","title":{"rendered":"AirBlock &#8211; 1 x 1,4 x 0,2 m &#8211; Chispa"},"content":{"rendered":"<p>El AirBlock rebota a\u00fan m\u00e1s que el Airboard.<br \/>\nLa altura extra te da m\u00e1s tiempo en el aire, lo que es perfecto cuando necesitas esa altura extra para terminar tus trucos.<br \/>\nCombinado con el Airfloor y el sistema de velcro de doble cara, \u00a1casi tendr\u00e1s un gimnasio completo montado en casa!<\/p>\n","protected":false},"excerpt":{"rendered":"<p>El AirBlock rebota a\u00fan m\u00e1s que el Airboard. La altura extra te da m\u00e1s tiempo en el aire, lo que es perfecto cuando necesitas esa altura extra para terminar tus trucos. Combinado con el Airfloor y el sistema de velcro de doble cara, \u00a1casi tendr\u00e1s un gimnasio completo montado en casa!<\/p>\n","protected":false},"featured_media":546304,"comment_status":"open","ping_status":"closed","template":"","meta":{"inline_featured_image":false},"product_brand":[],"product_cat":[1622],"product_tag":[1615,2552],"sport":[],"class_list":{"0":"post-562674","1":"product","2":"type-product","3":"status-publish","4":"has-post-thumbnail","6":"product_cat-otros","7":"product_tag-airtrack-es","8":"product_tag-cita","9":"product_shipping_class-productos-voluminosos-es","10":"pa_size-sans-taille-defaut","12":"first","13":"instock","14":"taxable","15":"shipping-taxable","16":"purchasable","17":"product-type-variable"},"yoast_head":"<!-- This site is optimized with the Yoast SEO plugin v27.2 - https:\/\/yoast.com\/product\/yoast-seo-wordpress\/ -->\n<title>AirBlock - 1 x 1,4 x 0,2 m - Chispa &#8211; Daisho<\/title>\n<meta name=\"robots\" content=\"index, follow, max-snippet:-1, max-image-preview:large, max-video-preview:-1\" \/>\n<link rel=\"canonical\" href=\"https:\/\/www.daisho.be\/es\/produit\/airblock-1-x-14-x-02-m-chispa\/\" \/>\n<meta property=\"og:locale\" content=\"es_ES\" \/>\n<meta property=\"og:type\" content=\"article\" \/>\n<meta property=\"og:title\" content=\"AirBlock - 1 x 1,4 x 0,2 m - Chispa &#8211; Daisho\" \/>\n<meta property=\"og:description\" content=\"El AirBlock rebota a\u00fan m\u00e1s que el Airboard. La altura extra te da m\u00e1s tiempo en el aire, lo que es perfecto cuando necesitas esa altura extra para terminar tus trucos. Combinado con el Airfloor y el sistema de velcro de doble cara, \u00a1casi tendr\u00e1s un gimnasio completo montado en casa!\" \/>\n<meta property=\"og:url\" content=\"https:\/\/www.daisho.be\/es\/produit\/airblock-1-x-14-x-02-m-chispa\/\" \/>\n<meta property=\"og:site_name\" content=\"Daisho\" \/>\n<meta property=\"article:modified_time\" content=\"2025-12-11T11:18:47+00:00\" \/>\n<meta property=\"og:image\" content=\"https:\/\/www.daisho.be\/wp-content\/uploads\/2025\/08\/image-9.webp\" \/>\n\t<meta property=\"og:image:width\" content=\"1920\" \/>\n\t<meta property=\"og:image:height\" content=\"1396\" \/>\n\t<meta property=\"og:image:type\" content=\"image\/webp\" \/>\n<meta name=\"twitter:card\" content=\"summary_large_image\" \/>\n<script type=\"application\/ld+json\" class=\"yoast-schema-graph\">{\"@context\":\"https:\/\/schema.org\",\"@graph\":[{\"@type\":\"WebPage\",\"@id\":\"https:\/\/www.daisho.be\/es\/produit\/airblock-1-x-14-x-02-m-chispa\/\",\"url\":\"https:\/\/www.daisho.be\/es\/produit\/airblock-1-x-14-x-02-m-chispa\/\",\"name\":\"AirBlock - 1 x 1,4 x 0,2 m - Chispa &#8211; Daisho\",\"isPartOf\":{\"@id\":\"https:\/\/www.daisho.be\/es\/#website\"},\"primaryImageOfPage\":{\"@id\":\"https:\/\/www.daisho.be\/es\/produit\/airblock-1-x-14-x-02-m-chispa\/#primaryimage\"},\"image\":{\"@id\":\"https:\/\/www.daisho.be\/es\/produit\/airblock-1-x-14-x-02-m-chispa\/#primaryimage\"},\"thumbnailUrl\":\"https:\/\/www.daisho.be\/wp-content\/uploads\/2025\/08\/image-9.webp\",\"datePublished\":\"2025-08-18T14:12:57+00:00\",\"dateModified\":\"2025-12-11T11:18:47+00:00\",\"breadcrumb\":{\"@id\":\"https:\/\/www.daisho.be\/es\/produit\/airblock-1-x-14-x-02-m-chispa\/#breadcrumb\"},\"inLanguage\":\"es\",\"potentialAction\":[{\"@type\":\"ReadAction\",\"target\":[\"https:\/\/www.daisho.be\/es\/produit\/airblock-1-x-14-x-02-m-chispa\/\"]}]},{\"@type\":\"ImageObject\",\"inLanguage\":\"es\",\"@id\":\"https:\/\/www.daisho.be\/es\/produit\/airblock-1-x-14-x-02-m-chispa\/#primaryimage\",\"url\":\"https:\/\/www.daisho.be\/wp-content\/uploads\/2025\/08\/image-9.webp\",\"contentUrl\":\"https:\/\/www.daisho.be\/wp-content\/uploads\/2025\/08\/image-9.webp\",\"width\":1920,\"height\":1396,\"caption\":\"AirBlock - 1 x 1,4 x 0,2 m - Spark-1\"},{\"@type\":\"BreadcrumbList\",\"@id\":\"https:\/\/www.daisho.be\/es\/produit\/airblock-1-x-14-x-02-m-chispa\/#breadcrumb\",\"itemListElement\":[{\"@type\":\"ListItem\",\"position\":1,\"name\":\"Accueil\",\"item\":\"https:\/\/www.daisho.be\/es\/\"},{\"@type\":\"ListItem\",\"position\":2,\"name\":\"Productos\",\"item\":\"https:\/\/www.daisho.be\/es\/productos\/\"},{\"@type\":\"ListItem\",\"position\":3,\"name\":\"Otros\",\"item\":\"https:\/\/www.daisho.be\/es\/categorie-produit\/otros\/\"},{\"@type\":\"ListItem\",\"position\":4,\"name\":\"AirBlock &#8211; 1 x 1,4 x 0,2 m &#8211; Chispa\"}]},{\"@type\":\"WebSite\",\"@id\":\"https:\/\/www.daisho.be\/es\/#website\",\"url\":\"https:\/\/www.daisho.be\/es\/\",\"name\":\"Daisho\",\"description\":\"Sp&eacute;cialiste de l'&eacute;quipement sportif d'arts martiaux\",\"publisher\":{\"@id\":\"https:\/\/www.daisho.be\/es\/#organization\"},\"potentialAction\":[{\"@type\":\"SearchAction\",\"target\":{\"@type\":\"EntryPoint\",\"urlTemplate\":\"https:\/\/www.daisho.be\/es\/?s={search_term_string}\"},\"query-input\":{\"@type\":\"PropertyValueSpecification\",\"valueRequired\":true,\"valueName\":\"search_term_string\"}}],\"inLanguage\":\"es\"},{\"@type\":\"Organization\",\"@id\":\"https:\/\/www.daisho.be\/es\/#organization\",\"name\":\"Daisho\",\"url\":\"https:\/\/www.daisho.be\/es\/\",\"logo\":{\"@type\":\"ImageObject\",\"inLanguage\":\"es\",\"@id\":\"https:\/\/www.daisho.be\/es\/#\/schema\/logo\/image\/\",\"url\":\"https:\/\/www.daisho.be\/wp-content\/uploads\/2019\/07\/color-nothing-horizontale4x-e1564486100247.png\",\"contentUrl\":\"https:\/\/www.daisho.be\/wp-content\/uploads\/2019\/07\/color-nothing-horizontale4x-e1564486100247.png\",\"width\":1547,\"height\":385,\"caption\":\"Daisho\"},\"image\":{\"@id\":\"https:\/\/www.daisho.be\/es\/#\/schema\/logo\/image\/\"}}]}<\/script>\n<!-- \/ Yoast SEO plugin. -->","yoast_head_json":{"title":"AirBlock - 1 x 1,4 x 0,2 m - Chispa &#8211; Daisho","robots":{"index":"index","follow":"follow","max-snippet":"max-snippet:-1","max-image-preview":"max-image-preview:large","max-video-preview":"max-video-preview:-1"},"canonical":"https:\/\/www.daisho.be\/es\/produit\/airblock-1-x-14-x-02-m-chispa\/","og_locale":"es_ES","og_type":"article","og_title":"AirBlock - 1 x 1,4 x 0,2 m - Chispa &#8211; Daisho","og_description":"El AirBlock rebota a\u00fan m\u00e1s que el Airboard. La altura extra te da m\u00e1s tiempo en el aire, lo que es perfecto cuando necesitas esa altura extra para terminar tus trucos. Combinado con el Airfloor y el sistema de velcro de doble cara, \u00a1casi tendr\u00e1s un gimnasio completo montado en casa!","og_url":"https:\/\/www.daisho.be\/es\/produit\/airblock-1-x-14-x-02-m-chispa\/","og_site_name":"Daisho","article_modified_time":"2025-12-11T11:18:47+00:00","og_image":[{"width":1920,"height":1396,"url":"https:\/\/www.daisho.be\/wp-content\/uploads\/2025\/08\/image-9.webp","type":"image\/webp"}],"twitter_card":"summary_large_image","schema":{"@context":"https:\/\/schema.org","@graph":[{"@type":"WebPage","@id":"https:\/\/www.daisho.be\/es\/produit\/airblock-1-x-14-x-02-m-chispa\/","url":"https:\/\/www.daisho.be\/es\/produit\/airblock-1-x-14-x-02-m-chispa\/","name":"AirBlock - 1 x 1,4 x 0,2 m - Chispa &#8211; Daisho","isPartOf":{"@id":"https:\/\/www.daisho.be\/es\/#website"},"primaryImageOfPage":{"@id":"https:\/\/www.daisho.be\/es\/produit\/airblock-1-x-14-x-02-m-chispa\/#primaryimage"},"image":{"@id":"https:\/\/www.daisho.be\/es\/produit\/airblock-1-x-14-x-02-m-chispa\/#primaryimage"},"thumbnailUrl":"https:\/\/www.daisho.be\/wp-content\/uploads\/2025\/08\/image-9.webp","datePublished":"2025-08-18T14:12:57+00:00","dateModified":"2025-12-11T11:18:47+00:00","breadcrumb":{"@id":"https:\/\/www.daisho.be\/es\/produit\/airblock-1-x-14-x-02-m-chispa\/#breadcrumb"},"inLanguage":"es","potentialAction":[{"@type":"ReadAction","target":["https:\/\/www.daisho.be\/es\/produit\/airblock-1-x-14-x-02-m-chispa\/"]}]},{"@type":"ImageObject","inLanguage":"es","@id":"https:\/\/www.daisho.be\/es\/produit\/airblock-1-x-14-x-02-m-chispa\/#primaryimage","url":"https:\/\/www.daisho.be\/wp-content\/uploads\/2025\/08\/image-9.webp","contentUrl":"https:\/\/www.daisho.be\/wp-content\/uploads\/2025\/08\/image-9.webp","width":1920,"height":1396,"caption":"AirBlock - 1 x 1,4 x 0,2 m - Spark-1"},{"@type":"BreadcrumbList","@id":"https:\/\/www.daisho.be\/es\/produit\/airblock-1-x-14-x-02-m-chispa\/#breadcrumb","itemListElement":[{"@type":"ListItem","position":1,"name":"Accueil","item":"https:\/\/www.daisho.be\/es\/"},{"@type":"ListItem","position":2,"name":"Productos","item":"https:\/\/www.daisho.be\/es\/productos\/"},{"@type":"ListItem","position":3,"name":"Otros","item":"https:\/\/www.daisho.be\/es\/categorie-produit\/otros\/"},{"@type":"ListItem","position":4,"name":"AirBlock &#8211; 1 x 1,4 x 0,2 m &#8211; Chispa"}]},{"@type":"WebSite","@id":"https:\/\/www.daisho.be\/es\/#website","url":"https:\/\/www.daisho.be\/es\/","name":"Daisho","description":"Sp&eacute;cialiste de l'&eacute;quipement sportif d'arts martiaux","publisher":{"@id":"https:\/\/www.daisho.be\/es\/#organization"},"potentialAction":[{"@type":"SearchAction","target":{"@type":"EntryPoint","urlTemplate":"https:\/\/www.daisho.be\/es\/?s={search_term_string}"},"query-input":{"@type":"PropertyValueSpecification","valueRequired":true,"valueName":"search_term_string"}}],"inLanguage":"es"},{"@type":"Organization","@id":"https:\/\/www.daisho.be\/es\/#organization","name":"Daisho","url":"https:\/\/www.daisho.be\/es\/","logo":{"@type":"ImageObject","inLanguage":"es","@id":"https:\/\/www.daisho.be\/es\/#\/schema\/logo\/image\/","url":"https:\/\/www.daisho.be\/wp-content\/uploads\/2019\/07\/color-nothing-horizontale4x-e1564486100247.png","contentUrl":"https:\/\/www.daisho.be\/wp-content\/uploads\/2019\/07\/color-nothing-horizontale4x-e1564486100247.png","width":1547,"height":385,"caption":"Daisho"},"image":{"@id":"https:\/\/www.daisho.be\/es\/#\/schema\/logo\/image\/"}}]}},"_links":{"self":[{"href":"https:\/\/www.daisho.be\/es\/wp-json\/wp\/v2\/product\/562674","targetHints":{"allow":["GET"]}}],"collection":[{"href":"https:\/\/www.daisho.be\/es\/wp-json\/wp\/v2\/product"}],"about":[{"href":"https:\/\/www.daisho.be\/es\/wp-json\/wp\/v2\/types\/product"}],"replies":[{"embeddable":true,"href":"https:\/\/www.daisho.be\/es\/wp-json\/wp\/v2\/comments?post=562674"}],"wp:featuredmedia":[{"embeddable":true,"href":"https:\/\/www.daisho.be\/es\/wp-json\/wp\/v2\/media\/546304"}],"wp:attachment":[{"href":"https:\/\/www.daisho.be\/es\/wp-json\/wp\/v2\/media?parent=562674"}],"wp:term":[{"taxonomy":"product_brand","embeddable":true,"href":"https:\/\/www.daisho.be\/es\/wp-json\/wp\/v2\/product_brand?post=562674"},{"taxonomy":"product_cat","embeddable":true,"href":"https:\/\/www.daisho.be\/es\/wp-json\/wp\/v2\/product_cat?post=562674"},{"taxonomy":"product_tag","embeddable":true,"href":"https:\/\/www.daisho.be\/es\/wp-json\/wp\/v2\/product_tag?post=562674"},{"taxonomy":"sport","embeddable":true,"href":"https:\/\/www.daisho.be\/es\/wp-json\/wp\/v2\/sport?post=562674"}],"curies":[{"name":"wp","href":"https:\/\/api.w.org\/{rel}","templated":true}]}}