{"id":562652,"date":"2025-08-19T15:17:32","date_gmt":"2025-08-19T13:17:32","guid":{"rendered":"https:\/\/www.daisho.be\/produit\/mini-medalla-kimono-5-cm\/"},"modified":"2025-08-19T15:17:32","modified_gmt":"2025-08-19T13:17:32","slug":"mini-medalla-kimono-5-cm","status":"publish","type":"product","link":"https:\/\/www.daisho.be\/es\/produit\/mini-medalla-kimono-5-cm\/","title":{"rendered":"Mini medalla Kimono 5 cm"},"content":{"rendered":"<p>Esta mini medalla de kimono es la recompensa perfecta para logros especiales en el deporte, el arte o la competici\u00f3n.<br \/>\nEsta medalla, que s\u00f3lo mide 5 cm, se distingue por su dise\u00f1o ricamente detallado y su acabado de alta calidad.<br \/>\nLa representaci\u00f3n estilizada del motivo de un kimono lo convierte en un homenaje \u00fanico y de inspiraci\u00f3n cultural.<\/p>\n<p>Disponible en oro, plata y bronce, esta medalla ofrece un color que se adapta a cada inversi\u00f3n y simboliza el reconocimiento de un rendimiento sobresaliente.<br \/>\nSu tama\u00f1o compacto y su aspecto refinado lo convierten en una distinci\u00f3n especial que dejar\u00e1 recuerdos duraderos en cada usuario.<\/p>\n<p>Caracter\u00edsticas :<\/p>\n<p>Material: metal<br \/>\nColor: oro, plata y bronce<br \/>\nTama\u00f1o: 5 cm<\/p>\n","protected":false},"excerpt":{"rendered":"<p>Esta mini medalla de kimono es la recompensa perfecta para logros especiales en el deporte, el arte o la competici\u00f3n. Esta medalla, que s\u00f3lo mide 5 cm, se distingue por su dise\u00f1o ricamente detallado y su acabado de alta calidad. La representaci\u00f3n estilizada del motivo de un kimono lo convierte en un homenaje \u00fanico y [&hellip;]<\/p>\n","protected":false},"featured_media":546522,"comment_status":"open","ping_status":"closed","template":"","meta":{"inline_featured_image":false},"product_brand":[],"product_cat":[1475,1430],"product_tag":[1469],"sport":[],"class_list":{"0":"post-562652","1":"product","2":"type-product","3":"status-publish","4":"has-post-thumbnail","6":"product_cat-equipos-de-competicion","7":"product_cat-regalos","8":"product_tag-s-b-j-es","9":"pa_size-argent","10":"pa_size-bronze","11":"pa_size-or","13":"first","14":"instock","15":"taxable","16":"shipping-taxable","17":"purchasable","18":"product-type-variable"},"yoast_head":"<!-- This site is optimized with the Yoast SEO plugin v27.2 - https:\/\/yoast.com\/product\/yoast-seo-wordpress\/ -->\n<title>Mini medalla Kimono 5 cm &#8211; Daisho<\/title>\n<meta name=\"robots\" content=\"index, follow, max-snippet:-1, max-image-preview:large, max-video-preview:-1\" \/>\n<link rel=\"canonical\" href=\"https:\/\/www.daisho.be\/es\/produit\/mini-medalla-kimono-5-cm\/\" \/>\n<meta property=\"og:locale\" content=\"es_ES\" \/>\n<meta property=\"og:type\" content=\"article\" \/>\n<meta property=\"og:title\" content=\"Mini medalla Kimono 5 cm &#8211; Daisho\" \/>\n<meta property=\"og:description\" content=\"Esta mini medalla de kimono es la recompensa perfecta para logros especiales en el deporte, el arte o la competici\u00f3n. Esta medalla, que s\u00f3lo mide 5 cm, se distingue por su dise\u00f1o ricamente detallado y su acabado de alta calidad. La representaci\u00f3n estilizada del motivo de un kimono lo convierte en un homenaje \u00fanico y [&hellip;]\" \/>\n<meta property=\"og:url\" content=\"https:\/\/www.daisho.be\/es\/produit\/mini-medalla-kimono-5-cm\/\" \/>\n<meta property=\"og:site_name\" content=\"Daisho\" \/>\n<meta property=\"og:image\" content=\"https:\/\/www.daisho.be\/wp-content\/uploads\/2025\/08\/image-14.webp\" \/>\n\t<meta property=\"og:image:width\" content=\"1200\" \/>\n\t<meta property=\"og:image:height\" content=\"719\" \/>\n\t<meta property=\"og:image:type\" content=\"image\/webp\" \/>\n<meta name=\"twitter:card\" content=\"summary_large_image\" \/>\n<meta name=\"twitter:label1\" content=\"Tiempo de lectura\" \/>\n\t<meta name=\"twitter:data1\" content=\"1 minuto\" \/>\n<script type=\"application\/ld+json\" class=\"yoast-schema-graph\">{\"@context\":\"https:\/\/schema.org\",\"@graph\":[{\"@type\":\"WebPage\",\"@id\":\"https:\/\/www.daisho.be\/es\/produit\/mini-medalla-kimono-5-cm\/\",\"url\":\"https:\/\/www.daisho.be\/es\/produit\/mini-medalla-kimono-5-cm\/\",\"name\":\"Mini medalla Kimono 5 cm &#8211; Daisho\",\"isPartOf\":{\"@id\":\"https:\/\/www.daisho.be\/es\/#website\"},\"primaryImageOfPage\":{\"@id\":\"https:\/\/www.daisho.be\/es\/produit\/mini-medalla-kimono-5-cm\/#primaryimage\"},\"image\":{\"@id\":\"https:\/\/www.daisho.be\/es\/produit\/mini-medalla-kimono-5-cm\/#primaryimage\"},\"thumbnailUrl\":\"https:\/\/www.daisho.be\/wp-content\/uploads\/2025\/08\/image-14.webp\",\"datePublished\":\"2025-08-19T13:17:32+00:00\",\"breadcrumb\":{\"@id\":\"https:\/\/www.daisho.be\/es\/produit\/mini-medalla-kimono-5-cm\/#breadcrumb\"},\"inLanguage\":\"es\",\"potentialAction\":[{\"@type\":\"ReadAction\",\"target\":[\"https:\/\/www.daisho.be\/es\/produit\/mini-medalla-kimono-5-cm\/\"]}]},{\"@type\":\"ImageObject\",\"inLanguage\":\"es\",\"@id\":\"https:\/\/www.daisho.be\/es\/produit\/mini-medalla-kimono-5-cm\/#primaryimage\",\"url\":\"https:\/\/www.daisho.be\/wp-content\/uploads\/2025\/08\/image-14.webp\",\"contentUrl\":\"https:\/\/www.daisho.be\/wp-content\/uploads\/2025\/08\/image-14.webp\",\"width\":1200,\"height\":719,\"caption\":\"Kimono Mini Medalla 5 cm-1\"},{\"@type\":\"BreadcrumbList\",\"@id\":\"https:\/\/www.daisho.be\/es\/produit\/mini-medalla-kimono-5-cm\/#breadcrumb\",\"itemListElement\":[{\"@type\":\"ListItem\",\"position\":1,\"name\":\"Accueil\",\"item\":\"https:\/\/www.daisho.be\/es\/\"},{\"@type\":\"ListItem\",\"position\":2,\"name\":\"Productos\",\"item\":\"https:\/\/www.daisho.be\/es\/productos\/\"},{\"@type\":\"ListItem\",\"position\":3,\"name\":\"Deportes de combate\",\"item\":\"https:\/\/www.daisho.be\/es\/categorie-produit\/deportes-de-combate\/\"},{\"@type\":\"ListItem\",\"position\":4,\"name\":\"Equipos de competici\u00f3n\",\"item\":\"https:\/\/www.daisho.be\/es\/categorie-produit\/deportes-de-combate\/equipos-de-competicion\/\"},{\"@type\":\"ListItem\",\"position\":5,\"name\":\"Mini medalla Kimono 5 cm\"}]},{\"@type\":\"WebSite\",\"@id\":\"https:\/\/www.daisho.be\/es\/#website\",\"url\":\"https:\/\/www.daisho.be\/es\/\",\"name\":\"Daisho\",\"description\":\"Sp&eacute;cialiste de l'&eacute;quipement sportif d'arts martiaux\",\"publisher\":{\"@id\":\"https:\/\/www.daisho.be\/es\/#organization\"},\"potentialAction\":[{\"@type\":\"SearchAction\",\"target\":{\"@type\":\"EntryPoint\",\"urlTemplate\":\"https:\/\/www.daisho.be\/es\/?s={search_term_string}\"},\"query-input\":{\"@type\":\"PropertyValueSpecification\",\"valueRequired\":true,\"valueName\":\"search_term_string\"}}],\"inLanguage\":\"es\"},{\"@type\":\"Organization\",\"@id\":\"https:\/\/www.daisho.be\/es\/#organization\",\"name\":\"Daisho\",\"url\":\"https:\/\/www.daisho.be\/es\/\",\"logo\":{\"@type\":\"ImageObject\",\"inLanguage\":\"es\",\"@id\":\"https:\/\/www.daisho.be\/es\/#\/schema\/logo\/image\/\",\"url\":\"https:\/\/www.daisho.be\/wp-content\/uploads\/2019\/07\/color-nothing-horizontale4x-e1564486100247.png\",\"contentUrl\":\"https:\/\/www.daisho.be\/wp-content\/uploads\/2019\/07\/color-nothing-horizontale4x-e1564486100247.png\",\"width\":1547,\"height\":385,\"caption\":\"Daisho\"},\"image\":{\"@id\":\"https:\/\/www.daisho.be\/es\/#\/schema\/logo\/image\/\"}}]}<\/script>\n<!-- \/ Yoast SEO plugin. -->","yoast_head_json":{"title":"Mini medalla Kimono 5 cm &#8211; Daisho","robots":{"index":"index","follow":"follow","max-snippet":"max-snippet:-1","max-image-preview":"max-image-preview:large","max-video-preview":"max-video-preview:-1"},"canonical":"https:\/\/www.daisho.be\/es\/produit\/mini-medalla-kimono-5-cm\/","og_locale":"es_ES","og_type":"article","og_title":"Mini medalla Kimono 5 cm &#8211; Daisho","og_description":"Esta mini medalla de kimono es la recompensa perfecta para logros especiales en el deporte, el arte o la competici\u00f3n. Esta medalla, que s\u00f3lo mide 5 cm, se distingue por su dise\u00f1o ricamente detallado y su acabado de alta calidad. La representaci\u00f3n estilizada del motivo de un kimono lo convierte en un homenaje \u00fanico y [&hellip;]","og_url":"https:\/\/www.daisho.be\/es\/produit\/mini-medalla-kimono-5-cm\/","og_site_name":"Daisho","og_image":[{"width":1200,"height":719,"url":"https:\/\/www.daisho.be\/wp-content\/uploads\/2025\/08\/image-14.webp","type":"image\/webp"}],"twitter_card":"summary_large_image","twitter_misc":{"Tiempo de lectura":"1 minuto"},"schema":{"@context":"https:\/\/schema.org","@graph":[{"@type":"WebPage","@id":"https:\/\/www.daisho.be\/es\/produit\/mini-medalla-kimono-5-cm\/","url":"https:\/\/www.daisho.be\/es\/produit\/mini-medalla-kimono-5-cm\/","name":"Mini medalla Kimono 5 cm &#8211; Daisho","isPartOf":{"@id":"https:\/\/www.daisho.be\/es\/#website"},"primaryImageOfPage":{"@id":"https:\/\/www.daisho.be\/es\/produit\/mini-medalla-kimono-5-cm\/#primaryimage"},"image":{"@id":"https:\/\/www.daisho.be\/es\/produit\/mini-medalla-kimono-5-cm\/#primaryimage"},"thumbnailUrl":"https:\/\/www.daisho.be\/wp-content\/uploads\/2025\/08\/image-14.webp","datePublished":"2025-08-19T13:17:32+00:00","breadcrumb":{"@id":"https:\/\/www.daisho.be\/es\/produit\/mini-medalla-kimono-5-cm\/#breadcrumb"},"inLanguage":"es","potentialAction":[{"@type":"ReadAction","target":["https:\/\/www.daisho.be\/es\/produit\/mini-medalla-kimono-5-cm\/"]}]},{"@type":"ImageObject","inLanguage":"es","@id":"https:\/\/www.daisho.be\/es\/produit\/mini-medalla-kimono-5-cm\/#primaryimage","url":"https:\/\/www.daisho.be\/wp-content\/uploads\/2025\/08\/image-14.webp","contentUrl":"https:\/\/www.daisho.be\/wp-content\/uploads\/2025\/08\/image-14.webp","width":1200,"height":719,"caption":"Kimono Mini Medalla 5 cm-1"},{"@type":"BreadcrumbList","@id":"https:\/\/www.daisho.be\/es\/produit\/mini-medalla-kimono-5-cm\/#breadcrumb","itemListElement":[{"@type":"ListItem","position":1,"name":"Accueil","item":"https:\/\/www.daisho.be\/es\/"},{"@type":"ListItem","position":2,"name":"Productos","item":"https:\/\/www.daisho.be\/es\/productos\/"},{"@type":"ListItem","position":3,"name":"Deportes de combate","item":"https:\/\/www.daisho.be\/es\/categorie-produit\/deportes-de-combate\/"},{"@type":"ListItem","position":4,"name":"Equipos de competici\u00f3n","item":"https:\/\/www.daisho.be\/es\/categorie-produit\/deportes-de-combate\/equipos-de-competicion\/"},{"@type":"ListItem","position":5,"name":"Mini medalla Kimono 5 cm"}]},{"@type":"WebSite","@id":"https:\/\/www.daisho.be\/es\/#website","url":"https:\/\/www.daisho.be\/es\/","name":"Daisho","description":"Sp&eacute;cialiste de l'&eacute;quipement sportif d'arts martiaux","publisher":{"@id":"https:\/\/www.daisho.be\/es\/#organization"},"potentialAction":[{"@type":"SearchAction","target":{"@type":"EntryPoint","urlTemplate":"https:\/\/www.daisho.be\/es\/?s={search_term_string}"},"query-input":{"@type":"PropertyValueSpecification","valueRequired":true,"valueName":"search_term_string"}}],"inLanguage":"es"},{"@type":"Organization","@id":"https:\/\/www.daisho.be\/es\/#organization","name":"Daisho","url":"https:\/\/www.daisho.be\/es\/","logo":{"@type":"ImageObject","inLanguage":"es","@id":"https:\/\/www.daisho.be\/es\/#\/schema\/logo\/image\/","url":"https:\/\/www.daisho.be\/wp-content\/uploads\/2019\/07\/color-nothing-horizontale4x-e1564486100247.png","contentUrl":"https:\/\/www.daisho.be\/wp-content\/uploads\/2019\/07\/color-nothing-horizontale4x-e1564486100247.png","width":1547,"height":385,"caption":"Daisho"},"image":{"@id":"https:\/\/www.daisho.be\/es\/#\/schema\/logo\/image\/"}}]}},"_links":{"self":[{"href":"https:\/\/www.daisho.be\/es\/wp-json\/wp\/v2\/product\/562652","targetHints":{"allow":["GET"]}}],"collection":[{"href":"https:\/\/www.daisho.be\/es\/wp-json\/wp\/v2\/product"}],"about":[{"href":"https:\/\/www.daisho.be\/es\/wp-json\/wp\/v2\/types\/product"}],"replies":[{"embeddable":true,"href":"https:\/\/www.daisho.be\/es\/wp-json\/wp\/v2\/comments?post=562652"}],"wp:featuredmedia":[{"embeddable":true,"href":"https:\/\/www.daisho.be\/es\/wp-json\/wp\/v2\/media\/546522"}],"wp:attachment":[{"href":"https:\/\/www.daisho.be\/es\/wp-json\/wp\/v2\/media?parent=562652"}],"wp:term":[{"taxonomy":"product_brand","embeddable":true,"href":"https:\/\/www.daisho.be\/es\/wp-json\/wp\/v2\/product_brand?post=562652"},{"taxonomy":"product_cat","embeddable":true,"href":"https:\/\/www.daisho.be\/es\/wp-json\/wp\/v2\/product_cat?post=562652"},{"taxonomy":"product_tag","embeddable":true,"href":"https:\/\/www.daisho.be\/es\/wp-json\/wp\/v2\/product_tag?post=562652"},{"taxonomy":"sport","embeddable":true,"href":"https:\/\/www.daisho.be\/es\/wp-json\/wp\/v2\/sport?post=562652"}],"curies":[{"name":"wp","href":"https:\/\/api.w.org\/{rel}","templated":true}]}}