{"id":562622,"date":"2025-08-21T11:24:56","date_gmt":"2025-08-21T09:24:56","guid":{"rendered":"https:\/\/www.daisho.be\/produit\/airroll-spark-o90-x-120-cm\/"},"modified":"2025-12-11T12:18:55","modified_gmt":"2025-12-11T11:18:55","slug":"airroll-spark-o90-x-120-cm","status":"publish","type":"product","link":"https:\/\/www.daisho.be\/es\/produit\/airroll-spark-o90-x-120-cm\/","title":{"rendered":"AirRoll Spark &#8211; \u00d890 x 120 cm"},"content":{"rendered":"<p>El AirRoll se ha desarrollado para ayudar a las gimnastas a aprender el frontflip y el backflip.<br \/>\nLas gimnastas m\u00e1s avanzadas entrenan su rebote y equilibrio en los AirRolls. Los tres tama\u00f1os disponibles son adecuados para gimnastas peque\u00f1as, medianas y grandes.<br \/>\nUso m\u00faltiple.<br \/>\nLigero.<br \/>\n5 a\u00f1os de garant\u00eda. <\/p>\n","protected":false},"excerpt":{"rendered":"<p>El AirRoll se ha desarrollado para ayudar a las gimnastas a aprender el frontflip y el backflip. Las gimnastas m\u00e1s avanzadas entrenan su rebote y equilibrio en los AirRolls. Los tres tama\u00f1os disponibles son adecuados para gimnastas peque\u00f1as, medianas y grandes. Uso m\u00faltiple. Ligero. 5 a\u00f1os de garant\u00eda.<\/p>\n","protected":false},"featured_media":546957,"comment_status":"open","ping_status":"closed","template":"","meta":{"inline_featured_image":false},"product_brand":[],"product_cat":[1612],"product_tag":[1615,2552],"sport":[],"class_list":{"0":"post-562622","1":"product","2":"type-product","3":"status-publish","4":"has-post-thumbnail","6":"product_cat-alfombras","7":"product_tag-airtrack-es","8":"product_tag-cita","9":"pa_size-sans-taille-defaut","11":"first","12":"instock","13":"taxable","14":"shipping-taxable","15":"purchasable","16":"product-type-variable"},"yoast_head":"<!-- This site is optimized with the Yoast SEO plugin v27.2 - https:\/\/yoast.com\/product\/yoast-seo-wordpress\/ -->\n<title>AirRoll Spark - \u00d890 x 120 cm &#8211; Daisho<\/title>\n<meta name=\"robots\" content=\"index, follow, max-snippet:-1, max-image-preview:large, max-video-preview:-1\" \/>\n<link rel=\"canonical\" href=\"https:\/\/www.daisho.be\/es\/produit\/airroll-spark-o90-x-120-cm\/\" \/>\n<meta property=\"og:locale\" content=\"es_ES\" \/>\n<meta property=\"og:type\" content=\"article\" \/>\n<meta property=\"og:title\" content=\"AirRoll Spark - \u00d890 x 120 cm &#8211; Daisho\" \/>\n<meta property=\"og:description\" content=\"El AirRoll se ha desarrollado para ayudar a las gimnastas a aprender el frontflip y el backflip. Las gimnastas m\u00e1s avanzadas entrenan su rebote y equilibrio en los AirRolls. Los tres tama\u00f1os disponibles son adecuados para gimnastas peque\u00f1as, medianas y grandes. Uso m\u00faltiple. Ligero. 5 a\u00f1os de garant\u00eda.\" \/>\n<meta property=\"og:url\" content=\"https:\/\/www.daisho.be\/es\/produit\/airroll-spark-o90-x-120-cm\/\" \/>\n<meta property=\"og:site_name\" content=\"Daisho\" \/>\n<meta property=\"article:modified_time\" content=\"2025-12-11T11:18:55+00:00\" \/>\n<meta property=\"og:image\" content=\"https:\/\/www.daisho.be\/wp-content\/uploads\/2025\/08\/image-26.jpg\" \/>\n\t<meta property=\"og:image:width\" content=\"550\" \/>\n\t<meta property=\"og:image:height\" content=\"607\" \/>\n\t<meta property=\"og:image:type\" content=\"image\/jpeg\" \/>\n<meta name=\"twitter:card\" content=\"summary_large_image\" \/>\n<script type=\"application\/ld+json\" class=\"yoast-schema-graph\">{\"@context\":\"https:\/\/schema.org\",\"@graph\":[{\"@type\":\"WebPage\",\"@id\":\"https:\/\/www.daisho.be\/es\/produit\/airroll-spark-o90-x-120-cm\/\",\"url\":\"https:\/\/www.daisho.be\/es\/produit\/airroll-spark-o90-x-120-cm\/\",\"name\":\"AirRoll Spark - \u00d890 x 120 cm &#8211; Daisho\",\"isPartOf\":{\"@id\":\"https:\/\/www.daisho.be\/es\/#website\"},\"primaryImageOfPage\":{\"@id\":\"https:\/\/www.daisho.be\/es\/produit\/airroll-spark-o90-x-120-cm\/#primaryimage\"},\"image\":{\"@id\":\"https:\/\/www.daisho.be\/es\/produit\/airroll-spark-o90-x-120-cm\/#primaryimage\"},\"thumbnailUrl\":\"https:\/\/www.daisho.be\/wp-content\/uploads\/2025\/08\/image-26.jpg\",\"datePublished\":\"2025-08-21T09:24:56+00:00\",\"dateModified\":\"2025-12-11T11:18:55+00:00\",\"breadcrumb\":{\"@id\":\"https:\/\/www.daisho.be\/es\/produit\/airroll-spark-o90-x-120-cm\/#breadcrumb\"},\"inLanguage\":\"es\",\"potentialAction\":[{\"@type\":\"ReadAction\",\"target\":[\"https:\/\/www.daisho.be\/es\/produit\/airroll-spark-o90-x-120-cm\/\"]}]},{\"@type\":\"ImageObject\",\"inLanguage\":\"es\",\"@id\":\"https:\/\/www.daisho.be\/es\/produit\/airroll-spark-o90-x-120-cm\/#primaryimage\",\"url\":\"https:\/\/www.daisho.be\/wp-content\/uploads\/2025\/08\/image-26.jpg\",\"contentUrl\":\"https:\/\/www.daisho.be\/wp-content\/uploads\/2025\/08\/image-26.jpg\",\"width\":550,\"height\":607,\"caption\":\"AirRoll Spark - \u00d890 x 120 cm-1\"},{\"@type\":\"BreadcrumbList\",\"@id\":\"https:\/\/www.daisho.be\/es\/produit\/airroll-spark-o90-x-120-cm\/#breadcrumb\",\"itemListElement\":[{\"@type\":\"ListItem\",\"position\":1,\"name\":\"Accueil\",\"item\":\"https:\/\/www.daisho.be\/es\/\"},{\"@type\":\"ListItem\",\"position\":2,\"name\":\"Productos\",\"item\":\"https:\/\/www.daisho.be\/es\/productos\/\"},{\"@type\":\"ListItem\",\"position\":3,\"name\":\"Deportes de combate\",\"item\":\"https:\/\/www.daisho.be\/es\/categorie-produit\/deportes-de-combate\/\"},{\"@type\":\"ListItem\",\"position\":4,\"name\":\"Alfombras\",\"item\":\"https:\/\/www.daisho.be\/es\/categorie-produit\/deportes-de-combate\/alfombras\/\"},{\"@type\":\"ListItem\",\"position\":5,\"name\":\"AirRoll Spark &#8211; \u00d890 x 120 cm\"}]},{\"@type\":\"WebSite\",\"@id\":\"https:\/\/www.daisho.be\/es\/#website\",\"url\":\"https:\/\/www.daisho.be\/es\/\",\"name\":\"Daisho\",\"description\":\"Sp&eacute;cialiste de l'&eacute;quipement sportif d'arts martiaux\",\"publisher\":{\"@id\":\"https:\/\/www.daisho.be\/es\/#organization\"},\"potentialAction\":[{\"@type\":\"SearchAction\",\"target\":{\"@type\":\"EntryPoint\",\"urlTemplate\":\"https:\/\/www.daisho.be\/es\/?s={search_term_string}\"},\"query-input\":{\"@type\":\"PropertyValueSpecification\",\"valueRequired\":true,\"valueName\":\"search_term_string\"}}],\"inLanguage\":\"es\"},{\"@type\":\"Organization\",\"@id\":\"https:\/\/www.daisho.be\/es\/#organization\",\"name\":\"Daisho\",\"url\":\"https:\/\/www.daisho.be\/es\/\",\"logo\":{\"@type\":\"ImageObject\",\"inLanguage\":\"es\",\"@id\":\"https:\/\/www.daisho.be\/es\/#\/schema\/logo\/image\/\",\"url\":\"https:\/\/www.daisho.be\/wp-content\/uploads\/2019\/07\/color-nothing-horizontale4x-e1564486100247.png\",\"contentUrl\":\"https:\/\/www.daisho.be\/wp-content\/uploads\/2019\/07\/color-nothing-horizontale4x-e1564486100247.png\",\"width\":1547,\"height\":385,\"caption\":\"Daisho\"},\"image\":{\"@id\":\"https:\/\/www.daisho.be\/es\/#\/schema\/logo\/image\/\"}}]}<\/script>\n<!-- \/ Yoast SEO plugin. -->","yoast_head_json":{"title":"AirRoll Spark - \u00d890 x 120 cm &#8211; Daisho","robots":{"index":"index","follow":"follow","max-snippet":"max-snippet:-1","max-image-preview":"max-image-preview:large","max-video-preview":"max-video-preview:-1"},"canonical":"https:\/\/www.daisho.be\/es\/produit\/airroll-spark-o90-x-120-cm\/","og_locale":"es_ES","og_type":"article","og_title":"AirRoll Spark - \u00d890 x 120 cm &#8211; Daisho","og_description":"El AirRoll se ha desarrollado para ayudar a las gimnastas a aprender el frontflip y el backflip. Las gimnastas m\u00e1s avanzadas entrenan su rebote y equilibrio en los AirRolls. Los tres tama\u00f1os disponibles son adecuados para gimnastas peque\u00f1as, medianas y grandes. Uso m\u00faltiple. Ligero. 5 a\u00f1os de garant\u00eda.","og_url":"https:\/\/www.daisho.be\/es\/produit\/airroll-spark-o90-x-120-cm\/","og_site_name":"Daisho","article_modified_time":"2025-12-11T11:18:55+00:00","og_image":[{"width":550,"height":607,"url":"https:\/\/www.daisho.be\/wp-content\/uploads\/2025\/08\/image-26.jpg","type":"image\/jpeg"}],"twitter_card":"summary_large_image","schema":{"@context":"https:\/\/schema.org","@graph":[{"@type":"WebPage","@id":"https:\/\/www.daisho.be\/es\/produit\/airroll-spark-o90-x-120-cm\/","url":"https:\/\/www.daisho.be\/es\/produit\/airroll-spark-o90-x-120-cm\/","name":"AirRoll Spark - \u00d890 x 120 cm &#8211; Daisho","isPartOf":{"@id":"https:\/\/www.daisho.be\/es\/#website"},"primaryImageOfPage":{"@id":"https:\/\/www.daisho.be\/es\/produit\/airroll-spark-o90-x-120-cm\/#primaryimage"},"image":{"@id":"https:\/\/www.daisho.be\/es\/produit\/airroll-spark-o90-x-120-cm\/#primaryimage"},"thumbnailUrl":"https:\/\/www.daisho.be\/wp-content\/uploads\/2025\/08\/image-26.jpg","datePublished":"2025-08-21T09:24:56+00:00","dateModified":"2025-12-11T11:18:55+00:00","breadcrumb":{"@id":"https:\/\/www.daisho.be\/es\/produit\/airroll-spark-o90-x-120-cm\/#breadcrumb"},"inLanguage":"es","potentialAction":[{"@type":"ReadAction","target":["https:\/\/www.daisho.be\/es\/produit\/airroll-spark-o90-x-120-cm\/"]}]},{"@type":"ImageObject","inLanguage":"es","@id":"https:\/\/www.daisho.be\/es\/produit\/airroll-spark-o90-x-120-cm\/#primaryimage","url":"https:\/\/www.daisho.be\/wp-content\/uploads\/2025\/08\/image-26.jpg","contentUrl":"https:\/\/www.daisho.be\/wp-content\/uploads\/2025\/08\/image-26.jpg","width":550,"height":607,"caption":"AirRoll Spark - \u00d890 x 120 cm-1"},{"@type":"BreadcrumbList","@id":"https:\/\/www.daisho.be\/es\/produit\/airroll-spark-o90-x-120-cm\/#breadcrumb","itemListElement":[{"@type":"ListItem","position":1,"name":"Accueil","item":"https:\/\/www.daisho.be\/es\/"},{"@type":"ListItem","position":2,"name":"Productos","item":"https:\/\/www.daisho.be\/es\/productos\/"},{"@type":"ListItem","position":3,"name":"Deportes de combate","item":"https:\/\/www.daisho.be\/es\/categorie-produit\/deportes-de-combate\/"},{"@type":"ListItem","position":4,"name":"Alfombras","item":"https:\/\/www.daisho.be\/es\/categorie-produit\/deportes-de-combate\/alfombras\/"},{"@type":"ListItem","position":5,"name":"AirRoll Spark &#8211; \u00d890 x 120 cm"}]},{"@type":"WebSite","@id":"https:\/\/www.daisho.be\/es\/#website","url":"https:\/\/www.daisho.be\/es\/","name":"Daisho","description":"Sp&eacute;cialiste de l'&eacute;quipement sportif d'arts martiaux","publisher":{"@id":"https:\/\/www.daisho.be\/es\/#organization"},"potentialAction":[{"@type":"SearchAction","target":{"@type":"EntryPoint","urlTemplate":"https:\/\/www.daisho.be\/es\/?s={search_term_string}"},"query-input":{"@type":"PropertyValueSpecification","valueRequired":true,"valueName":"search_term_string"}}],"inLanguage":"es"},{"@type":"Organization","@id":"https:\/\/www.daisho.be\/es\/#organization","name":"Daisho","url":"https:\/\/www.daisho.be\/es\/","logo":{"@type":"ImageObject","inLanguage":"es","@id":"https:\/\/www.daisho.be\/es\/#\/schema\/logo\/image\/","url":"https:\/\/www.daisho.be\/wp-content\/uploads\/2019\/07\/color-nothing-horizontale4x-e1564486100247.png","contentUrl":"https:\/\/www.daisho.be\/wp-content\/uploads\/2019\/07\/color-nothing-horizontale4x-e1564486100247.png","width":1547,"height":385,"caption":"Daisho"},"image":{"@id":"https:\/\/www.daisho.be\/es\/#\/schema\/logo\/image\/"}}]}},"_links":{"self":[{"href":"https:\/\/www.daisho.be\/es\/wp-json\/wp\/v2\/product\/562622","targetHints":{"allow":["GET"]}}],"collection":[{"href":"https:\/\/www.daisho.be\/es\/wp-json\/wp\/v2\/product"}],"about":[{"href":"https:\/\/www.daisho.be\/es\/wp-json\/wp\/v2\/types\/product"}],"replies":[{"embeddable":true,"href":"https:\/\/www.daisho.be\/es\/wp-json\/wp\/v2\/comments?post=562622"}],"wp:featuredmedia":[{"embeddable":true,"href":"https:\/\/www.daisho.be\/es\/wp-json\/wp\/v2\/media\/546957"}],"wp:attachment":[{"href":"https:\/\/www.daisho.be\/es\/wp-json\/wp\/v2\/media?parent=562622"}],"wp:term":[{"taxonomy":"product_brand","embeddable":true,"href":"https:\/\/www.daisho.be\/es\/wp-json\/wp\/v2\/product_brand?post=562622"},{"taxonomy":"product_cat","embeddable":true,"href":"https:\/\/www.daisho.be\/es\/wp-json\/wp\/v2\/product_cat?post=562622"},{"taxonomy":"product_tag","embeddable":true,"href":"https:\/\/www.daisho.be\/es\/wp-json\/wp\/v2\/product_tag?post=562622"},{"taxonomy":"sport","embeddable":true,"href":"https:\/\/www.daisho.be\/es\/wp-json\/wp\/v2\/sport?post=562622"}],"curies":[{"name":"wp","href":"https:\/\/api.w.org\/{rel}","templated":true}]}}