{"id":562454,"date":"2025-09-09T16:53:10","date_gmt":"2025-09-09T14:53:10","guid":{"rendered":"https:\/\/www.daisho.be\/produit\/adidas-millenium-mygi-judogi\/"},"modified":"2025-09-09T16:53:10","modified_gmt":"2025-09-09T14:53:10","slug":"adidas-millenium-mygi-judogi","status":"publish","type":"product","link":"https:\/\/www.daisho.be\/es\/produit\/adidas-millenium-mygi-judogi\/","title":{"rendered":"adidas MILLENIUM MyGi Judogi"},"content":{"rendered":"<p>Los que busquen un traje de judo resistente y grueso, seg\u00fan la vieja tradici\u00f3n, estar\u00e1n contentos con el Millenium.<br \/>\nLa Millenium tiene un aspecto sobrio y elegante gracias al nuevo logotipo de adidas bordado en la parte superior del brazo.<br \/>\nEste mono de judo adidas est\u00e1 fabricado con un material s\u00f3lido, un pu\u00f1o reforzado y un gran ajuste entallado hacen de este mono una fant\u00e1stica pieza de equipamiento deportivo.<br \/>\nLa prenda est\u00e1 confeccionada con un tejido de grano de arroz, 75% algod\u00f3n y 25% poli\u00e9ster, y pesa 990 g\/m2.<br \/>\nEste gi est\u00e1 autorizado a participar en todos los campeonatos nacionales.<\/p>\n<p>Caracter\u00edsticas :<br \/>\n&#8211; Peso: 990 g<br \/>\n&#8211; Ideal a partir de cadete 1 para competidores del m\u00e1s alto nivel<br \/>\n&#8211; Chaqueta en tejido de grano de arroz (75% algod\u00f3n y 25% poli\u00e9ster)<br \/>\n&#8211; Pantal\u00f3n 100% algod\u00f3n<br \/>\n&#8211; Costura trasera<br \/>\n&#8211; Cuello muy tupido con 6 hileras de costuras<br \/>\n&#8211; Forro interior sublimado<br \/>\n&#8211; Corte regular.<br \/>\n&#8211; LOGOTIPO adidas en la manga izquierda: en los colores del club<br \/>\n&#8211; Logotipo bordado en tu propio color<br \/>\n&#8211; Tallas: de 150 cm a 210 cm (5 x 5 cm).<\/p>\n","protected":false},"excerpt":{"rendered":"<p>Los que busquen un traje de judo resistente y grueso, seg\u00fan la vieja tradici\u00f3n, estar\u00e1n contentos con el Millenium. La Millenium tiene un aspecto sobrio y elegante gracias al nuevo logotipo de adidas bordado en la parte superior del brazo. Este mono de judo adidas est\u00e1 fabricado con un material s\u00f3lido, un pu\u00f1o reforzado y [&hellip;]<\/p>\n","protected":false},"featured_media":552341,"comment_status":"open","ping_status":"closed","template":"","meta":{"inline_featured_image":false},"product_brand":[],"product_cat":[1712,1654],"product_tag":[1560],"sport":[],"class_list":{"0":"post-562454","1":"product","2":"type-product","3":"status-publish","4":"has-post-thumbnail","6":"product_cat-kimono-judogi-adidas-es","7":"product_cat-kimonos-de-judo","8":"product_tag-adidas-es","9":"pa_size-380","10":"pa_size-388","11":"pa_size-379","12":"pa_size-387","13":"pa_size-378","14":"pa_size-386","15":"pa_size-377","16":"pa_size-385","17":"pa_size-376","18":"pa_size-384","19":"pa_size-383","20":"pa_size-953","21":"pa_size-382","23":"first","24":"instock","25":"taxable","26":"shipping-taxable","27":"purchasable","28":"product-type-variable"},"yoast_head":"<!-- This site is optimized with the Yoast SEO plugin v27.2 - https:\/\/yoast.com\/product\/yoast-seo-wordpress\/ -->\n<title>adidas MILLENIUM MyGi Judogi &#8211; Daisho<\/title>\n<meta name=\"robots\" content=\"index, follow, max-snippet:-1, max-image-preview:large, max-video-preview:-1\" \/>\n<link rel=\"canonical\" href=\"https:\/\/www.daisho.be\/es\/produit\/adidas-millenium-mygi-judogi\/\" \/>\n<meta property=\"og:locale\" content=\"es_ES\" \/>\n<meta property=\"og:type\" content=\"article\" \/>\n<meta property=\"og:title\" content=\"adidas MILLENIUM MyGi Judogi &#8211; Daisho\" \/>\n<meta property=\"og:description\" content=\"Los que busquen un traje de judo resistente y grueso, seg\u00fan la vieja tradici\u00f3n, estar\u00e1n contentos con el Millenium. La Millenium tiene un aspecto sobrio y elegante gracias al nuevo logotipo de adidas bordado en la parte superior del brazo. Este mono de judo adidas est\u00e1 fabricado con un material s\u00f3lido, un pu\u00f1o reforzado y [&hellip;]\" \/>\n<meta property=\"og:url\" content=\"https:\/\/www.daisho.be\/es\/produit\/adidas-millenium-mygi-judogi\/\" \/>\n<meta property=\"og:site_name\" content=\"Daisho\" \/>\n<meta property=\"og:image\" content=\"https:\/\/www.daisho.be\/wp-content\/uploads\/2025\/09\/image-4.png\" \/>\n\t<meta property=\"og:image:width\" content=\"500\" \/>\n\t<meta property=\"og:image:height\" content=\"693\" \/>\n\t<meta property=\"og:image:type\" content=\"image\/png\" \/>\n<meta name=\"twitter:card\" content=\"summary_large_image\" \/>\n<meta name=\"twitter:label1\" content=\"Tiempo de lectura\" \/>\n\t<meta name=\"twitter:data1\" content=\"1 minuto\" \/>\n<script type=\"application\/ld+json\" class=\"yoast-schema-graph\">{\"@context\":\"https:\/\/schema.org\",\"@graph\":[{\"@type\":\"WebPage\",\"@id\":\"https:\/\/www.daisho.be\/es\/produit\/adidas-millenium-mygi-judogi\/\",\"url\":\"https:\/\/www.daisho.be\/es\/produit\/adidas-millenium-mygi-judogi\/\",\"name\":\"adidas MILLENIUM MyGi Judogi &#8211; Daisho\",\"isPartOf\":{\"@id\":\"https:\/\/www.daisho.be\/es\/#website\"},\"primaryImageOfPage\":{\"@id\":\"https:\/\/www.daisho.be\/es\/produit\/adidas-millenium-mygi-judogi\/#primaryimage\"},\"image\":{\"@id\":\"https:\/\/www.daisho.be\/es\/produit\/adidas-millenium-mygi-judogi\/#primaryimage\"},\"thumbnailUrl\":\"https:\/\/www.daisho.be\/wp-content\/uploads\/2025\/09\/image-4.png\",\"datePublished\":\"2025-09-09T14:53:10+00:00\",\"breadcrumb\":{\"@id\":\"https:\/\/www.daisho.be\/es\/produit\/adidas-millenium-mygi-judogi\/#breadcrumb\"},\"inLanguage\":\"es\",\"potentialAction\":[{\"@type\":\"ReadAction\",\"target\":[\"https:\/\/www.daisho.be\/es\/produit\/adidas-millenium-mygi-judogi\/\"]}]},{\"@type\":\"ImageObject\",\"inLanguage\":\"es\",\"@id\":\"https:\/\/www.daisho.be\/es\/produit\/adidas-millenium-mygi-judogi\/#primaryimage\",\"url\":\"https:\/\/www.daisho.be\/wp-content\/uploads\/2025\/09\/image-4.png\",\"contentUrl\":\"https:\/\/www.daisho.be\/wp-content\/uploads\/2025\/09\/image-4.png\",\"width\":500,\"height\":693,\"caption\":\"Judogi MILLENIUM MyGi adidas-1\"},{\"@type\":\"BreadcrumbList\",\"@id\":\"https:\/\/www.daisho.be\/es\/produit\/adidas-millenium-mygi-judogi\/#breadcrumb\",\"itemListElement\":[{\"@type\":\"ListItem\",\"position\":1,\"name\":\"Accueil\",\"item\":\"https:\/\/www.daisho.be\/es\/\"},{\"@type\":\"ListItem\",\"position\":2,\"name\":\"Productos\",\"item\":\"https:\/\/www.daisho.be\/es\/productos\/\"},{\"@type\":\"ListItem\",\"position\":3,\"name\":\"ADIDAS COMBAT SPORTS\",\"item\":\"https:\/\/www.daisho.be\/es\/categorie-produit\/adidas-combat-sports-es\/\"},{\"@type\":\"ListItem\",\"position\":4,\"name\":\"Judo\",\"item\":\"https:\/\/www.daisho.be\/es\/categorie-produit\/adidas-combat-sports-es\/judo-es-2\/\"},{\"@type\":\"ListItem\",\"position\":5,\"name\":\"Kimono - Judogi Adidas\",\"item\":\"https:\/\/www.daisho.be\/es\/categorie-produit\/adidas-combat-sports-es\/judo-es-2\/kimono-judogi-adidas-es\/\"},{\"@type\":\"ListItem\",\"position\":6,\"name\":\"adidas MILLENIUM MyGi Judogi\"}]},{\"@type\":\"WebSite\",\"@id\":\"https:\/\/www.daisho.be\/es\/#website\",\"url\":\"https:\/\/www.daisho.be\/es\/\",\"name\":\"Daisho\",\"description\":\"Sp&eacute;cialiste de l'&eacute;quipement sportif d'arts martiaux\",\"publisher\":{\"@id\":\"https:\/\/www.daisho.be\/es\/#organization\"},\"potentialAction\":[{\"@type\":\"SearchAction\",\"target\":{\"@type\":\"EntryPoint\",\"urlTemplate\":\"https:\/\/www.daisho.be\/es\/?s={search_term_string}\"},\"query-input\":{\"@type\":\"PropertyValueSpecification\",\"valueRequired\":true,\"valueName\":\"search_term_string\"}}],\"inLanguage\":\"es\"},{\"@type\":\"Organization\",\"@id\":\"https:\/\/www.daisho.be\/es\/#organization\",\"name\":\"Daisho\",\"url\":\"https:\/\/www.daisho.be\/es\/\",\"logo\":{\"@type\":\"ImageObject\",\"inLanguage\":\"es\",\"@id\":\"https:\/\/www.daisho.be\/es\/#\/schema\/logo\/image\/\",\"url\":\"https:\/\/www.daisho.be\/wp-content\/uploads\/2019\/07\/color-nothing-horizontale4x-e1564486100247.png\",\"contentUrl\":\"https:\/\/www.daisho.be\/wp-content\/uploads\/2019\/07\/color-nothing-horizontale4x-e1564486100247.png\",\"width\":1547,\"height\":385,\"caption\":\"Daisho\"},\"image\":{\"@id\":\"https:\/\/www.daisho.be\/es\/#\/schema\/logo\/image\/\"}}]}<\/script>\n<!-- \/ Yoast SEO plugin. -->","yoast_head_json":{"title":"adidas MILLENIUM MyGi Judogi &#8211; Daisho","robots":{"index":"index","follow":"follow","max-snippet":"max-snippet:-1","max-image-preview":"max-image-preview:large","max-video-preview":"max-video-preview:-1"},"canonical":"https:\/\/www.daisho.be\/es\/produit\/adidas-millenium-mygi-judogi\/","og_locale":"es_ES","og_type":"article","og_title":"adidas MILLENIUM MyGi Judogi &#8211; Daisho","og_description":"Los que busquen un traje de judo resistente y grueso, seg\u00fan la vieja tradici\u00f3n, estar\u00e1n contentos con el Millenium. La Millenium tiene un aspecto sobrio y elegante gracias al nuevo logotipo de adidas bordado en la parte superior del brazo. Este mono de judo adidas est\u00e1 fabricado con un material s\u00f3lido, un pu\u00f1o reforzado y [&hellip;]","og_url":"https:\/\/www.daisho.be\/es\/produit\/adidas-millenium-mygi-judogi\/","og_site_name":"Daisho","og_image":[{"width":500,"height":693,"url":"https:\/\/www.daisho.be\/wp-content\/uploads\/2025\/09\/image-4.png","type":"image\/png"}],"twitter_card":"summary_large_image","twitter_misc":{"Tiempo de lectura":"1 minuto"},"schema":{"@context":"https:\/\/schema.org","@graph":[{"@type":"WebPage","@id":"https:\/\/www.daisho.be\/es\/produit\/adidas-millenium-mygi-judogi\/","url":"https:\/\/www.daisho.be\/es\/produit\/adidas-millenium-mygi-judogi\/","name":"adidas MILLENIUM MyGi Judogi &#8211; Daisho","isPartOf":{"@id":"https:\/\/www.daisho.be\/es\/#website"},"primaryImageOfPage":{"@id":"https:\/\/www.daisho.be\/es\/produit\/adidas-millenium-mygi-judogi\/#primaryimage"},"image":{"@id":"https:\/\/www.daisho.be\/es\/produit\/adidas-millenium-mygi-judogi\/#primaryimage"},"thumbnailUrl":"https:\/\/www.daisho.be\/wp-content\/uploads\/2025\/09\/image-4.png","datePublished":"2025-09-09T14:53:10+00:00","breadcrumb":{"@id":"https:\/\/www.daisho.be\/es\/produit\/adidas-millenium-mygi-judogi\/#breadcrumb"},"inLanguage":"es","potentialAction":[{"@type":"ReadAction","target":["https:\/\/www.daisho.be\/es\/produit\/adidas-millenium-mygi-judogi\/"]}]},{"@type":"ImageObject","inLanguage":"es","@id":"https:\/\/www.daisho.be\/es\/produit\/adidas-millenium-mygi-judogi\/#primaryimage","url":"https:\/\/www.daisho.be\/wp-content\/uploads\/2025\/09\/image-4.png","contentUrl":"https:\/\/www.daisho.be\/wp-content\/uploads\/2025\/09\/image-4.png","width":500,"height":693,"caption":"Judogi MILLENIUM MyGi adidas-1"},{"@type":"BreadcrumbList","@id":"https:\/\/www.daisho.be\/es\/produit\/adidas-millenium-mygi-judogi\/#breadcrumb","itemListElement":[{"@type":"ListItem","position":1,"name":"Accueil","item":"https:\/\/www.daisho.be\/es\/"},{"@type":"ListItem","position":2,"name":"Productos","item":"https:\/\/www.daisho.be\/es\/productos\/"},{"@type":"ListItem","position":3,"name":"ADIDAS COMBAT SPORTS","item":"https:\/\/www.daisho.be\/es\/categorie-produit\/adidas-combat-sports-es\/"},{"@type":"ListItem","position":4,"name":"Judo","item":"https:\/\/www.daisho.be\/es\/categorie-produit\/adidas-combat-sports-es\/judo-es-2\/"},{"@type":"ListItem","position":5,"name":"Kimono - Judogi Adidas","item":"https:\/\/www.daisho.be\/es\/categorie-produit\/adidas-combat-sports-es\/judo-es-2\/kimono-judogi-adidas-es\/"},{"@type":"ListItem","position":6,"name":"adidas MILLENIUM MyGi Judogi"}]},{"@type":"WebSite","@id":"https:\/\/www.daisho.be\/es\/#website","url":"https:\/\/www.daisho.be\/es\/","name":"Daisho","description":"Sp&eacute;cialiste de l'&eacute;quipement sportif d'arts martiaux","publisher":{"@id":"https:\/\/www.daisho.be\/es\/#organization"},"potentialAction":[{"@type":"SearchAction","target":{"@type":"EntryPoint","urlTemplate":"https:\/\/www.daisho.be\/es\/?s={search_term_string}"},"query-input":{"@type":"PropertyValueSpecification","valueRequired":true,"valueName":"search_term_string"}}],"inLanguage":"es"},{"@type":"Organization","@id":"https:\/\/www.daisho.be\/es\/#organization","name":"Daisho","url":"https:\/\/www.daisho.be\/es\/","logo":{"@type":"ImageObject","inLanguage":"es","@id":"https:\/\/www.daisho.be\/es\/#\/schema\/logo\/image\/","url":"https:\/\/www.daisho.be\/wp-content\/uploads\/2019\/07\/color-nothing-horizontale4x-e1564486100247.png","contentUrl":"https:\/\/www.daisho.be\/wp-content\/uploads\/2019\/07\/color-nothing-horizontale4x-e1564486100247.png","width":1547,"height":385,"caption":"Daisho"},"image":{"@id":"https:\/\/www.daisho.be\/es\/#\/schema\/logo\/image\/"}}]}},"_links":{"self":[{"href":"https:\/\/www.daisho.be\/es\/wp-json\/wp\/v2\/product\/562454","targetHints":{"allow":["GET"]}}],"collection":[{"href":"https:\/\/www.daisho.be\/es\/wp-json\/wp\/v2\/product"}],"about":[{"href":"https:\/\/www.daisho.be\/es\/wp-json\/wp\/v2\/types\/product"}],"replies":[{"embeddable":true,"href":"https:\/\/www.daisho.be\/es\/wp-json\/wp\/v2\/comments?post=562454"}],"wp:featuredmedia":[{"embeddable":true,"href":"https:\/\/www.daisho.be\/es\/wp-json\/wp\/v2\/media\/552341"}],"wp:attachment":[{"href":"https:\/\/www.daisho.be\/es\/wp-json\/wp\/v2\/media?parent=562454"}],"wp:term":[{"taxonomy":"product_brand","embeddable":true,"href":"https:\/\/www.daisho.be\/es\/wp-json\/wp\/v2\/product_brand?post=562454"},{"taxonomy":"product_cat","embeddable":true,"href":"https:\/\/www.daisho.be\/es\/wp-json\/wp\/v2\/product_cat?post=562454"},{"taxonomy":"product_tag","embeddable":true,"href":"https:\/\/www.daisho.be\/es\/wp-json\/wp\/v2\/product_tag?post=562454"},{"taxonomy":"sport","embeddable":true,"href":"https:\/\/www.daisho.be\/es\/wp-json\/wp\/v2\/sport?post=562454"}],"curies":[{"name":"wp","href":"https:\/\/api.w.org\/{rel}","templated":true}]}}