{"id":562237,"date":"2025-04-03T13:52:40","date_gmt":"2025-04-03T11:52:40","guid":{"rendered":"https:\/\/www.daisho.be\/produit\/saco-de-boxeo-de-pie-de-lujo-victory-sports\/"},"modified":"2025-11-19T11:54:43","modified_gmt":"2025-11-19T10:54:43","slug":"saco-de-boxeo-de-pie-de-lujo-victory-sports","status":"publish","type":"product","link":"https:\/\/www.daisho.be\/es\/produit\/saco-de-boxeo-de-pie-de-lujo-victory-sports\/","title":{"rendered":"Saco de boxeo de pie de lujo Victory Sports"},"content":{"rendered":"<p>\u00a1Este lujoso saco de boxeo de pie de Victory Sports es realmente todo lo que buscas! \u00a1Ideal para patadas, patadas altas, patadas bajas y pu\u00f1etazos para todos los niveles!<br \/>\nEspecificaciones t\u00e9cnicas :<br \/>\n&#8211; Altura del soporte: 40 cm ;<br \/>\n&#8211; Di\u00e1metro de la base: 55 cm ;<br \/>\n&#8211; Altura del poste: 140 cm ;<br \/>\n&#8211; Di\u00e1metro del m\u00e1stil: 37 cm ;<br \/>\n&#8211; Altura total: 185 cm ;<br \/>\n&#8211; Color: negro, con el logotipo de Victory Sport;<br \/>\n&#8211; Secci\u00f3n de golpeo de 140 cm con un di\u00e1metro de 37 cm;<br \/>\n&#8211; Muy resistente y duradera;<br \/>\n&#8211; Adecuada para cualquier practicante de artes marciales o como entrenamiento cardiovascular;<br \/>\n&#8211; Estable gracias al gran peso de la base una vez llena.<\/p>\n<p>Este saco de boxeo de pie tiene una base de pl\u00e1stico duro que debe rellenarse con grava o arena. Esta base es muy estable durante el entrenamiento. La parte en la que puedes golpear y dar patadas est\u00e1 hecha de cuero sint\u00e9tico muy resistente, lo que hace que el saco de boxeo de pie sea extremadamente duradero. El interior est\u00e1 formado por varias capas de espuma de polietileno. Esta espuma es muy flexible, lo que significa que vuelve una y otra vez sin abolladuras.<br \/>\nEste saco de boxeo de pie Victory Sports es fant\u00e1stico de usar por su gran superficie de impacto. La parte en la que puedes entrenar perfectamente tus patadas altas, patadas bajas y pu\u00f1etazos mide nada menos que 140 cm de largo y tiene un di\u00e1metro de 37 cm, lo que hace que el saco de boxeo de pie sea m\u00e1s ancho de lo normal. La base tiene aproximadamente 40 cm de altura, lo que da al saco de boxeo de pie una altura total de 185 cm. La base tiene un di\u00e1metro de 55 cm.<br \/>\nEl saco de boxeo es adecuado para cualquier persona que practique artes marciales o simplemente quiera trabajar su forma f\u00edsica. El saco de boxeo de pie Victory Sports es adecuado para todas las artes marciales que requieran pu\u00f1etazos y patadas.        <\/p>\n","protected":false},"excerpt":{"rendered":"<p>\u00a1Este lujoso saco de boxeo de pie de Victory Sports es realmente todo lo que buscas! \u00a1Ideal para patadas, patadas altas, patadas bajas y pu\u00f1etazos para todos los niveles! Especificaciones t\u00e9cnicas : &#8211; Altura del soporte: 40 cm ; &#8211; Di\u00e1metro de la base: 55 cm ; &#8211; Altura del poste: 140 cm ; &#8211; [&hellip;]<\/p>\n","protected":false},"featured_media":511399,"comment_status":"open","ping_status":"closed","template":"","meta":{"inline_featured_image":false},"product_brand":[],"product_cat":[1322,1301,1321,1325],"product_tag":[2552,1675],"sport":[],"class_list":{"0":"post-562237","1":"product","2":"type-product","3":"status-publish","4":"has-post-thumbnail","6":"product_cat-equipo-de-entrenamiento-de-kickboxing","7":"product_cat-material-de-entrenamiento-de-karate","8":"product_cat-sacos-de-boxeo","9":"product_cat-sacos-de-boxeo-es","10":"product_tag-cita","11":"product_tag-deportes-de-victoria","12":"pa_size-sans-taille-defaut","14":"first","15":"instock","16":"taxable","17":"shipping-taxable","18":"purchasable","19":"product-type-variable"},"yoast_head":"<!-- This site is optimized with the Yoast SEO plugin v27.2 - https:\/\/yoast.com\/product\/yoast-seo-wordpress\/ -->\n<title>Saco de boxeo de pie de lujo Victory Sports &#8211; Daisho<\/title>\n<meta name=\"robots\" content=\"index, follow, max-snippet:-1, max-image-preview:large, max-video-preview:-1\" \/>\n<link rel=\"canonical\" href=\"https:\/\/www.daisho.be\/es\/produit\/saco-de-boxeo-de-pie-de-lujo-victory-sports\/\" \/>\n<meta property=\"og:locale\" content=\"es_ES\" \/>\n<meta property=\"og:type\" content=\"article\" \/>\n<meta property=\"og:title\" content=\"Saco de boxeo de pie de lujo Victory Sports &#8211; Daisho\" \/>\n<meta property=\"og:description\" content=\"\u00a1Este lujoso saco de boxeo de pie de Victory Sports es realmente todo lo que buscas! \u00a1Ideal para patadas, patadas altas, patadas bajas y pu\u00f1etazos para todos los niveles! Especificaciones t\u00e9cnicas : &#8211; Altura del soporte: 40 cm ; &#8211; Di\u00e1metro de la base: 55 cm ; &#8211; Altura del poste: 140 cm ; &#8211; [&hellip;]\" \/>\n<meta property=\"og:url\" content=\"https:\/\/www.daisho.be\/es\/produit\/saco-de-boxeo-de-pie-de-lujo-victory-sports\/\" \/>\n<meta property=\"og:site_name\" content=\"Daisho\" \/>\n<meta property=\"article:modified_time\" content=\"2025-11-19T10:54:43+00:00\" \/>\n<meta property=\"og:image\" content=\"https:\/\/www.daisho.be\/wp-content\/uploads\/2025\/04\/image-1.jpg\" \/>\n\t<meta property=\"og:image:width\" content=\"800\" \/>\n\t<meta property=\"og:image:height\" content=\"800\" \/>\n\t<meta property=\"og:image:type\" content=\"image\/jpeg\" \/>\n<meta name=\"twitter:card\" content=\"summary_large_image\" \/>\n<meta name=\"twitter:label1\" content=\"Tiempo de lectura\" \/>\n\t<meta name=\"twitter:data1\" content=\"2 minutos\" \/>\n<script type=\"application\/ld+json\" class=\"yoast-schema-graph\">{\"@context\":\"https:\/\/schema.org\",\"@graph\":[{\"@type\":\"WebPage\",\"@id\":\"https:\/\/www.daisho.be\/es\/produit\/saco-de-boxeo-de-pie-de-lujo-victory-sports\/\",\"url\":\"https:\/\/www.daisho.be\/es\/produit\/saco-de-boxeo-de-pie-de-lujo-victory-sports\/\",\"name\":\"Saco de boxeo de pie de lujo Victory Sports &#8211; Daisho\",\"isPartOf\":{\"@id\":\"https:\/\/www.daisho.be\/es\/#website\"},\"primaryImageOfPage\":{\"@id\":\"https:\/\/www.daisho.be\/es\/produit\/saco-de-boxeo-de-pie-de-lujo-victory-sports\/#primaryimage\"},\"image\":{\"@id\":\"https:\/\/www.daisho.be\/es\/produit\/saco-de-boxeo-de-pie-de-lujo-victory-sports\/#primaryimage\"},\"thumbnailUrl\":\"https:\/\/www.daisho.be\/wp-content\/uploads\/2025\/04\/image-1.jpg\",\"datePublished\":\"2025-04-03T11:52:40+00:00\",\"dateModified\":\"2025-11-19T10:54:43+00:00\",\"breadcrumb\":{\"@id\":\"https:\/\/www.daisho.be\/es\/produit\/saco-de-boxeo-de-pie-de-lujo-victory-sports\/#breadcrumb\"},\"inLanguage\":\"es\",\"potentialAction\":[{\"@type\":\"ReadAction\",\"target\":[\"https:\/\/www.daisho.be\/es\/produit\/saco-de-boxeo-de-pie-de-lujo-victory-sports\/\"]}]},{\"@type\":\"ImageObject\",\"inLanguage\":\"es\",\"@id\":\"https:\/\/www.daisho.be\/es\/produit\/saco-de-boxeo-de-pie-de-lujo-victory-sports\/#primaryimage\",\"url\":\"https:\/\/www.daisho.be\/wp-content\/uploads\/2025\/04\/image-1.jpg\",\"contentUrl\":\"https:\/\/www.daisho.be\/wp-content\/uploads\/2025\/04\/image-1.jpg\",\"width\":800,\"height\":800,\"caption\":\"Saco de boxeo de pie de lujo Victory Sports-1\"},{\"@type\":\"BreadcrumbList\",\"@id\":\"https:\/\/www.daisho.be\/es\/produit\/saco-de-boxeo-de-pie-de-lujo-victory-sports\/#breadcrumb\",\"itemListElement\":[{\"@type\":\"ListItem\",\"position\":1,\"name\":\"Accueil\",\"item\":\"https:\/\/www.daisho.be\/es\/\"},{\"@type\":\"ListItem\",\"position\":2,\"name\":\"Productos\",\"item\":\"https:\/\/www.daisho.be\/es\/productos\/\"},{\"@type\":\"ListItem\",\"position\":3,\"name\":\"Equipamiento y ropa para artes marciales y deportes de combate\",\"item\":\"https:\/\/www.daisho.be\/es\/categorie-produit\/equipamiento-y-ropa-para-artes-marciales-y-deportes-de-combate\/\"},{\"@type\":\"ListItem\",\"position\":4,\"name\":\"Kick Boxing\",\"item\":\"https:\/\/www.daisho.be\/es\/categorie-produit\/equipamiento-y-ropa-para-artes-marciales-y-deportes-de-combate\/kick-boxing-es\/\"},{\"@type\":\"ListItem\",\"position\":5,\"name\":\"Equipo de entrenamiento de kickboxing\",\"item\":\"https:\/\/www.daisho.be\/es\/categorie-produit\/equipamiento-y-ropa-para-artes-marciales-y-deportes-de-combate\/kick-boxing-es\/equipo-de-entrenamiento-de-kickboxing\/\"},{\"@type\":\"ListItem\",\"position\":6,\"name\":\"Saco de boxeo de pie de lujo Victory Sports\"}]},{\"@type\":\"WebSite\",\"@id\":\"https:\/\/www.daisho.be\/es\/#website\",\"url\":\"https:\/\/www.daisho.be\/es\/\",\"name\":\"Daisho\",\"description\":\"Sp&eacute;cialiste de l'&eacute;quipement sportif d'arts martiaux\",\"publisher\":{\"@id\":\"https:\/\/www.daisho.be\/es\/#organization\"},\"potentialAction\":[{\"@type\":\"SearchAction\",\"target\":{\"@type\":\"EntryPoint\",\"urlTemplate\":\"https:\/\/www.daisho.be\/es\/?s={search_term_string}\"},\"query-input\":{\"@type\":\"PropertyValueSpecification\",\"valueRequired\":true,\"valueName\":\"search_term_string\"}}],\"inLanguage\":\"es\"},{\"@type\":\"Organization\",\"@id\":\"https:\/\/www.daisho.be\/es\/#organization\",\"name\":\"Daisho\",\"url\":\"https:\/\/www.daisho.be\/es\/\",\"logo\":{\"@type\":\"ImageObject\",\"inLanguage\":\"es\",\"@id\":\"https:\/\/www.daisho.be\/es\/#\/schema\/logo\/image\/\",\"url\":\"https:\/\/www.daisho.be\/wp-content\/uploads\/2019\/07\/color-nothing-horizontale4x-e1564486100247.png\",\"contentUrl\":\"https:\/\/www.daisho.be\/wp-content\/uploads\/2019\/07\/color-nothing-horizontale4x-e1564486100247.png\",\"width\":1547,\"height\":385,\"caption\":\"Daisho\"},\"image\":{\"@id\":\"https:\/\/www.daisho.be\/es\/#\/schema\/logo\/image\/\"}}]}<\/script>\n<!-- \/ Yoast SEO plugin. -->","yoast_head_json":{"title":"Saco de boxeo de pie de lujo Victory Sports &#8211; Daisho","robots":{"index":"index","follow":"follow","max-snippet":"max-snippet:-1","max-image-preview":"max-image-preview:large","max-video-preview":"max-video-preview:-1"},"canonical":"https:\/\/www.daisho.be\/es\/produit\/saco-de-boxeo-de-pie-de-lujo-victory-sports\/","og_locale":"es_ES","og_type":"article","og_title":"Saco de boxeo de pie de lujo Victory Sports &#8211; Daisho","og_description":"\u00a1Este lujoso saco de boxeo de pie de Victory Sports es realmente todo lo que buscas! \u00a1Ideal para patadas, patadas altas, patadas bajas y pu\u00f1etazos para todos los niveles! Especificaciones t\u00e9cnicas : &#8211; Altura del soporte: 40 cm ; &#8211; Di\u00e1metro de la base: 55 cm ; &#8211; Altura del poste: 140 cm ; &#8211; [&hellip;]","og_url":"https:\/\/www.daisho.be\/es\/produit\/saco-de-boxeo-de-pie-de-lujo-victory-sports\/","og_site_name":"Daisho","article_modified_time":"2025-11-19T10:54:43+00:00","og_image":[{"width":800,"height":800,"url":"https:\/\/www.daisho.be\/wp-content\/uploads\/2025\/04\/image-1.jpg","type":"image\/jpeg"}],"twitter_card":"summary_large_image","twitter_misc":{"Tiempo de lectura":"2 minutos"},"schema":{"@context":"https:\/\/schema.org","@graph":[{"@type":"WebPage","@id":"https:\/\/www.daisho.be\/es\/produit\/saco-de-boxeo-de-pie-de-lujo-victory-sports\/","url":"https:\/\/www.daisho.be\/es\/produit\/saco-de-boxeo-de-pie-de-lujo-victory-sports\/","name":"Saco de boxeo de pie de lujo Victory Sports &#8211; Daisho","isPartOf":{"@id":"https:\/\/www.daisho.be\/es\/#website"},"primaryImageOfPage":{"@id":"https:\/\/www.daisho.be\/es\/produit\/saco-de-boxeo-de-pie-de-lujo-victory-sports\/#primaryimage"},"image":{"@id":"https:\/\/www.daisho.be\/es\/produit\/saco-de-boxeo-de-pie-de-lujo-victory-sports\/#primaryimage"},"thumbnailUrl":"https:\/\/www.daisho.be\/wp-content\/uploads\/2025\/04\/image-1.jpg","datePublished":"2025-04-03T11:52:40+00:00","dateModified":"2025-11-19T10:54:43+00:00","breadcrumb":{"@id":"https:\/\/www.daisho.be\/es\/produit\/saco-de-boxeo-de-pie-de-lujo-victory-sports\/#breadcrumb"},"inLanguage":"es","potentialAction":[{"@type":"ReadAction","target":["https:\/\/www.daisho.be\/es\/produit\/saco-de-boxeo-de-pie-de-lujo-victory-sports\/"]}]},{"@type":"ImageObject","inLanguage":"es","@id":"https:\/\/www.daisho.be\/es\/produit\/saco-de-boxeo-de-pie-de-lujo-victory-sports\/#primaryimage","url":"https:\/\/www.daisho.be\/wp-content\/uploads\/2025\/04\/image-1.jpg","contentUrl":"https:\/\/www.daisho.be\/wp-content\/uploads\/2025\/04\/image-1.jpg","width":800,"height":800,"caption":"Saco de boxeo de pie de lujo Victory Sports-1"},{"@type":"BreadcrumbList","@id":"https:\/\/www.daisho.be\/es\/produit\/saco-de-boxeo-de-pie-de-lujo-victory-sports\/#breadcrumb","itemListElement":[{"@type":"ListItem","position":1,"name":"Accueil","item":"https:\/\/www.daisho.be\/es\/"},{"@type":"ListItem","position":2,"name":"Productos","item":"https:\/\/www.daisho.be\/es\/productos\/"},{"@type":"ListItem","position":3,"name":"Equipamiento y ropa para artes marciales y deportes de combate","item":"https:\/\/www.daisho.be\/es\/categorie-produit\/equipamiento-y-ropa-para-artes-marciales-y-deportes-de-combate\/"},{"@type":"ListItem","position":4,"name":"Kick Boxing","item":"https:\/\/www.daisho.be\/es\/categorie-produit\/equipamiento-y-ropa-para-artes-marciales-y-deportes-de-combate\/kick-boxing-es\/"},{"@type":"ListItem","position":5,"name":"Equipo de entrenamiento de kickboxing","item":"https:\/\/www.daisho.be\/es\/categorie-produit\/equipamiento-y-ropa-para-artes-marciales-y-deportes-de-combate\/kick-boxing-es\/equipo-de-entrenamiento-de-kickboxing\/"},{"@type":"ListItem","position":6,"name":"Saco de boxeo de pie de lujo Victory Sports"}]},{"@type":"WebSite","@id":"https:\/\/www.daisho.be\/es\/#website","url":"https:\/\/www.daisho.be\/es\/","name":"Daisho","description":"Sp&eacute;cialiste de l'&eacute;quipement sportif d'arts martiaux","publisher":{"@id":"https:\/\/www.daisho.be\/es\/#organization"},"potentialAction":[{"@type":"SearchAction","target":{"@type":"EntryPoint","urlTemplate":"https:\/\/www.daisho.be\/es\/?s={search_term_string}"},"query-input":{"@type":"PropertyValueSpecification","valueRequired":true,"valueName":"search_term_string"}}],"inLanguage":"es"},{"@type":"Organization","@id":"https:\/\/www.daisho.be\/es\/#organization","name":"Daisho","url":"https:\/\/www.daisho.be\/es\/","logo":{"@type":"ImageObject","inLanguage":"es","@id":"https:\/\/www.daisho.be\/es\/#\/schema\/logo\/image\/","url":"https:\/\/www.daisho.be\/wp-content\/uploads\/2019\/07\/color-nothing-horizontale4x-e1564486100247.png","contentUrl":"https:\/\/www.daisho.be\/wp-content\/uploads\/2019\/07\/color-nothing-horizontale4x-e1564486100247.png","width":1547,"height":385,"caption":"Daisho"},"image":{"@id":"https:\/\/www.daisho.be\/es\/#\/schema\/logo\/image\/"}}]}},"_links":{"self":[{"href":"https:\/\/www.daisho.be\/es\/wp-json\/wp\/v2\/product\/562237","targetHints":{"allow":["GET"]}}],"collection":[{"href":"https:\/\/www.daisho.be\/es\/wp-json\/wp\/v2\/product"}],"about":[{"href":"https:\/\/www.daisho.be\/es\/wp-json\/wp\/v2\/types\/product"}],"replies":[{"embeddable":true,"href":"https:\/\/www.daisho.be\/es\/wp-json\/wp\/v2\/comments?post=562237"}],"wp:featuredmedia":[{"embeddable":true,"href":"https:\/\/www.daisho.be\/es\/wp-json\/wp\/v2\/media\/511399"}],"wp:attachment":[{"href":"https:\/\/www.daisho.be\/es\/wp-json\/wp\/v2\/media?parent=562237"}],"wp:term":[{"taxonomy":"product_brand","embeddable":true,"href":"https:\/\/www.daisho.be\/es\/wp-json\/wp\/v2\/product_brand?post=562237"},{"taxonomy":"product_cat","embeddable":true,"href":"https:\/\/www.daisho.be\/es\/wp-json\/wp\/v2\/product_cat?post=562237"},{"taxonomy":"product_tag","embeddable":true,"href":"https:\/\/www.daisho.be\/es\/wp-json\/wp\/v2\/product_tag?post=562237"},{"taxonomy":"sport","embeddable":true,"href":"https:\/\/www.daisho.be\/es\/wp-json\/wp\/v2\/sport?post=562237"}],"curies":[{"name":"wp","href":"https:\/\/api.w.org\/{rel}","templated":true}]}}