{"id":562230,"date":"2025-04-04T16:08:53","date_gmt":"2025-04-04T14:08:53","guid":{"rendered":"https:\/\/www.daisho.be\/produit\/pantalon-corto-tsunami-tokaido\/"},"modified":"2025-04-04T16:08:53","modified_gmt":"2025-04-04T14:08:53","slug":"pantalon-corto-tsunami-tokaido","status":"publish","type":"product","link":"https:\/\/www.daisho.be\/es\/produit\/pantalon-corto-tsunami-tokaido\/","title":{"rendered":"Pantal\u00f3n Corto Tsunami TOKAIDO"},"content":{"rendered":"<p>C\u00f3modo pantal\u00f3n corto de tejido ligero, el\u00e1stico y transpirable.<br \/>\nUn pr\u00e1ctico cierre de velcro combinado con un cord\u00f3n de ajuste en la cintura garantiza un ajuste seguro.<br \/>\nTodos los logotipos y estampados se han realizado mediante sublimaci\u00f3n de alta calidad (no se decoloran con el uso ni con los lavados).<\/p>\n<p>Color: Negro<br \/>\nTejido: 88% poli\u00e9ster, 12% elastano-malla<br \/>\nAjuste: Regular<\/p>\n<p>Caracter\u00edsticas:<\/p>\n<p> Tejido ligero, secado r\u00e1pido<br \/>\n Muy resistente al desgarro<br \/>\n Ajuste \u00f3ptimo<br \/>\n Material: 88% poli\u00e9ster, 12% elastano-malla<\/p>\n","protected":false},"excerpt":{"rendered":"<p>C\u00f3modo pantal\u00f3n corto de tejido ligero, el\u00e1stico y transpirable. Un pr\u00e1ctico cierre de velcro combinado con un cord\u00f3n de ajuste en la cintura garantiza un ajuste seguro. Todos los logotipos y estampados se han realizado mediante sublimaci\u00f3n de alta calidad (no se decoloran con el uso ni con los lavados). Color: Negro Tejido: 88% poli\u00e9ster, [&hellip;]<\/p>\n","protected":false},"featured_media":511883,"comment_status":"open","ping_status":"closed","template":"","meta":{"inline_featured_image":false},"product_brand":[],"product_cat":[1464,1388,1390],"product_tag":[1306],"sport":[],"class_list":{"0":"post-562230","1":"product","2":"type-product","3":"status-publish","4":"has-post-thumbnail","6":"product_cat-favoritos","7":"product_cat-ropa","8":"product_cat-ropa-de-karate","9":"product_tag-tokaido-es","10":"pa_size-2xl","11":"pa_size-l","12":"pa_size-m","13":"pa_size-s","14":"pa_size-xl","15":"pa_size-xs","17":"first","18":"instock","19":"taxable","20":"shipping-taxable","21":"purchasable","22":"product-type-variable"},"yoast_head":"<!-- This site is optimized with the Yoast SEO plugin v27.2 - https:\/\/yoast.com\/product\/yoast-seo-wordpress\/ -->\n<title>Pantal\u00f3n Corto Tsunami TOKAIDO &#8211; Daisho<\/title>\n<meta name=\"description\" content=\"Pantalones cortos de entrenamiento de k\u00e1rate Tokaido Tsunami con bonitos estampados japoneses. P\u00eddelos a www.daisho.be | Daisho\" \/>\n<meta name=\"robots\" content=\"index, follow, max-snippet:-1, max-image-preview:large, max-video-preview:-1\" \/>\n<link rel=\"canonical\" href=\"https:\/\/www.daisho.be\/es\/produit\/pantalon-corto-tsunami-tokaido\/\" \/>\n<meta property=\"og:locale\" content=\"es_ES\" \/>\n<meta property=\"og:type\" content=\"article\" \/>\n<meta property=\"og:title\" content=\"Pantal\u00f3n Corto Tsunami TOKAIDO &#8211; Daisho\" \/>\n<meta property=\"og:description\" content=\"Pantalones cortos de entrenamiento de k\u00e1rate Tokaido Tsunami con bonitos estampados japoneses. P\u00eddelos a www.daisho.be | Daisho\" \/>\n<meta property=\"og:url\" content=\"https:\/\/www.daisho.be\/es\/produit\/pantalon-corto-tsunami-tokaido\/\" \/>\n<meta property=\"og:site_name\" content=\"Daisho\" \/>\n<meta property=\"og:image\" content=\"https:\/\/www.daisho.be\/wp-content\/uploads\/2025\/04\/image-8.jpg\" \/>\n\t<meta property=\"og:image:width\" content=\"800\" \/>\n\t<meta property=\"og:image:height\" content=\"1280\" \/>\n\t<meta property=\"og:image:type\" content=\"image\/jpeg\" \/>\n<meta name=\"twitter:card\" content=\"summary_large_image\" \/>\n<script type=\"application\/ld+json\" class=\"yoast-schema-graph\">{\"@context\":\"https:\/\/schema.org\",\"@graph\":[{\"@type\":\"WebPage\",\"@id\":\"https:\/\/www.daisho.be\/es\/produit\/pantalon-corto-tsunami-tokaido\/\",\"url\":\"https:\/\/www.daisho.be\/es\/produit\/pantalon-corto-tsunami-tokaido\/\",\"name\":\"Pantal\u00f3n Corto Tsunami TOKAIDO &#8211; Daisho\",\"isPartOf\":{\"@id\":\"https:\/\/www.daisho.be\/es\/#website\"},\"primaryImageOfPage\":{\"@id\":\"https:\/\/www.daisho.be\/es\/produit\/pantalon-corto-tsunami-tokaido\/#primaryimage\"},\"image\":{\"@id\":\"https:\/\/www.daisho.be\/es\/produit\/pantalon-corto-tsunami-tokaido\/#primaryimage\"},\"thumbnailUrl\":\"https:\/\/www.daisho.be\/wp-content\/uploads\/2025\/04\/image-8.jpg\",\"datePublished\":\"2025-04-04T14:08:53+00:00\",\"description\":\"Pantalones cortos de entrenamiento de k\u00e1rate Tokaido Tsunami con bonitos estampados japoneses. P\u00eddelos a www.daisho.be | Daisho\",\"breadcrumb\":{\"@id\":\"https:\/\/www.daisho.be\/es\/produit\/pantalon-corto-tsunami-tokaido\/#breadcrumb\"},\"inLanguage\":\"es\",\"potentialAction\":[{\"@type\":\"ReadAction\",\"target\":[\"https:\/\/www.daisho.be\/es\/produit\/pantalon-corto-tsunami-tokaido\/\"]}]},{\"@type\":\"ImageObject\",\"inLanguage\":\"es\",\"@id\":\"https:\/\/www.daisho.be\/es\/produit\/pantalon-corto-tsunami-tokaido\/#primaryimage\",\"url\":\"https:\/\/www.daisho.be\/wp-content\/uploads\/2025\/04\/image-8.jpg\",\"contentUrl\":\"https:\/\/www.daisho.be\/wp-content\/uploads\/2025\/04\/image-8.jpg\",\"width\":800,\"height\":1280,\"caption\":\"Pantal\u00f3n corto TOKAIDO Tsunami-1\"},{\"@type\":\"BreadcrumbList\",\"@id\":\"https:\/\/www.daisho.be\/es\/produit\/pantalon-corto-tsunami-tokaido\/#breadcrumb\",\"itemListElement\":[{\"@type\":\"ListItem\",\"position\":1,\"name\":\"Accueil\",\"item\":\"https:\/\/www.daisho.be\/es\/\"},{\"@type\":\"ListItem\",\"position\":2,\"name\":\"Productos\",\"item\":\"https:\/\/www.daisho.be\/es\/productos\/\"},{\"@type\":\"ListItem\",\"position\":3,\"name\":\"Deportes de combate\",\"item\":\"https:\/\/www.daisho.be\/es\/categorie-produit\/deportes-de-combate\/\"},{\"@type\":\"ListItem\",\"position\":4,\"name\":\"Ropa\",\"item\":\"https:\/\/www.daisho.be\/es\/categorie-produit\/deportes-de-combate\/ropa\/\"},{\"@type\":\"ListItem\",\"position\":5,\"name\":\"Pantal\u00f3n Corto Tsunami TOKAIDO\"}]},{\"@type\":\"WebSite\",\"@id\":\"https:\/\/www.daisho.be\/es\/#website\",\"url\":\"https:\/\/www.daisho.be\/es\/\",\"name\":\"Daisho\",\"description\":\"Sp&eacute;cialiste de l'&eacute;quipement sportif d'arts martiaux\",\"publisher\":{\"@id\":\"https:\/\/www.daisho.be\/es\/#organization\"},\"potentialAction\":[{\"@type\":\"SearchAction\",\"target\":{\"@type\":\"EntryPoint\",\"urlTemplate\":\"https:\/\/www.daisho.be\/es\/?s={search_term_string}\"},\"query-input\":{\"@type\":\"PropertyValueSpecification\",\"valueRequired\":true,\"valueName\":\"search_term_string\"}}],\"inLanguage\":\"es\"},{\"@type\":\"Organization\",\"@id\":\"https:\/\/www.daisho.be\/es\/#organization\",\"name\":\"Daisho\",\"url\":\"https:\/\/www.daisho.be\/es\/\",\"logo\":{\"@type\":\"ImageObject\",\"inLanguage\":\"es\",\"@id\":\"https:\/\/www.daisho.be\/es\/#\/schema\/logo\/image\/\",\"url\":\"https:\/\/www.daisho.be\/wp-content\/uploads\/2019\/07\/color-nothing-horizontale4x-e1564486100247.png\",\"contentUrl\":\"https:\/\/www.daisho.be\/wp-content\/uploads\/2019\/07\/color-nothing-horizontale4x-e1564486100247.png\",\"width\":1547,\"height\":385,\"caption\":\"Daisho\"},\"image\":{\"@id\":\"https:\/\/www.daisho.be\/es\/#\/schema\/logo\/image\/\"}}]}<\/script>\n<!-- \/ Yoast SEO plugin. -->","yoast_head_json":{"title":"Pantal\u00f3n Corto Tsunami TOKAIDO &#8211; Daisho","description":"Pantalones cortos de entrenamiento de k\u00e1rate Tokaido Tsunami con bonitos estampados japoneses. P\u00eddelos a www.daisho.be | Daisho","robots":{"index":"index","follow":"follow","max-snippet":"max-snippet:-1","max-image-preview":"max-image-preview:large","max-video-preview":"max-video-preview:-1"},"canonical":"https:\/\/www.daisho.be\/es\/produit\/pantalon-corto-tsunami-tokaido\/","og_locale":"es_ES","og_type":"article","og_title":"Pantal\u00f3n Corto Tsunami TOKAIDO &#8211; Daisho","og_description":"Pantalones cortos de entrenamiento de k\u00e1rate Tokaido Tsunami con bonitos estampados japoneses. P\u00eddelos a www.daisho.be | Daisho","og_url":"https:\/\/www.daisho.be\/es\/produit\/pantalon-corto-tsunami-tokaido\/","og_site_name":"Daisho","og_image":[{"width":800,"height":1280,"url":"https:\/\/www.daisho.be\/wp-content\/uploads\/2025\/04\/image-8.jpg","type":"image\/jpeg"}],"twitter_card":"summary_large_image","schema":{"@context":"https:\/\/schema.org","@graph":[{"@type":"WebPage","@id":"https:\/\/www.daisho.be\/es\/produit\/pantalon-corto-tsunami-tokaido\/","url":"https:\/\/www.daisho.be\/es\/produit\/pantalon-corto-tsunami-tokaido\/","name":"Pantal\u00f3n Corto Tsunami TOKAIDO &#8211; Daisho","isPartOf":{"@id":"https:\/\/www.daisho.be\/es\/#website"},"primaryImageOfPage":{"@id":"https:\/\/www.daisho.be\/es\/produit\/pantalon-corto-tsunami-tokaido\/#primaryimage"},"image":{"@id":"https:\/\/www.daisho.be\/es\/produit\/pantalon-corto-tsunami-tokaido\/#primaryimage"},"thumbnailUrl":"https:\/\/www.daisho.be\/wp-content\/uploads\/2025\/04\/image-8.jpg","datePublished":"2025-04-04T14:08:53+00:00","description":"Pantalones cortos de entrenamiento de k\u00e1rate Tokaido Tsunami con bonitos estampados japoneses. P\u00eddelos a www.daisho.be | Daisho","breadcrumb":{"@id":"https:\/\/www.daisho.be\/es\/produit\/pantalon-corto-tsunami-tokaido\/#breadcrumb"},"inLanguage":"es","potentialAction":[{"@type":"ReadAction","target":["https:\/\/www.daisho.be\/es\/produit\/pantalon-corto-tsunami-tokaido\/"]}]},{"@type":"ImageObject","inLanguage":"es","@id":"https:\/\/www.daisho.be\/es\/produit\/pantalon-corto-tsunami-tokaido\/#primaryimage","url":"https:\/\/www.daisho.be\/wp-content\/uploads\/2025\/04\/image-8.jpg","contentUrl":"https:\/\/www.daisho.be\/wp-content\/uploads\/2025\/04\/image-8.jpg","width":800,"height":1280,"caption":"Pantal\u00f3n corto TOKAIDO Tsunami-1"},{"@type":"BreadcrumbList","@id":"https:\/\/www.daisho.be\/es\/produit\/pantalon-corto-tsunami-tokaido\/#breadcrumb","itemListElement":[{"@type":"ListItem","position":1,"name":"Accueil","item":"https:\/\/www.daisho.be\/es\/"},{"@type":"ListItem","position":2,"name":"Productos","item":"https:\/\/www.daisho.be\/es\/productos\/"},{"@type":"ListItem","position":3,"name":"Deportes de combate","item":"https:\/\/www.daisho.be\/es\/categorie-produit\/deportes-de-combate\/"},{"@type":"ListItem","position":4,"name":"Ropa","item":"https:\/\/www.daisho.be\/es\/categorie-produit\/deportes-de-combate\/ropa\/"},{"@type":"ListItem","position":5,"name":"Pantal\u00f3n Corto Tsunami TOKAIDO"}]},{"@type":"WebSite","@id":"https:\/\/www.daisho.be\/es\/#website","url":"https:\/\/www.daisho.be\/es\/","name":"Daisho","description":"Sp&eacute;cialiste de l'&eacute;quipement sportif d'arts martiaux","publisher":{"@id":"https:\/\/www.daisho.be\/es\/#organization"},"potentialAction":[{"@type":"SearchAction","target":{"@type":"EntryPoint","urlTemplate":"https:\/\/www.daisho.be\/es\/?s={search_term_string}"},"query-input":{"@type":"PropertyValueSpecification","valueRequired":true,"valueName":"search_term_string"}}],"inLanguage":"es"},{"@type":"Organization","@id":"https:\/\/www.daisho.be\/es\/#organization","name":"Daisho","url":"https:\/\/www.daisho.be\/es\/","logo":{"@type":"ImageObject","inLanguage":"es","@id":"https:\/\/www.daisho.be\/es\/#\/schema\/logo\/image\/","url":"https:\/\/www.daisho.be\/wp-content\/uploads\/2019\/07\/color-nothing-horizontale4x-e1564486100247.png","contentUrl":"https:\/\/www.daisho.be\/wp-content\/uploads\/2019\/07\/color-nothing-horizontale4x-e1564486100247.png","width":1547,"height":385,"caption":"Daisho"},"image":{"@id":"https:\/\/www.daisho.be\/es\/#\/schema\/logo\/image\/"}}]}},"_links":{"self":[{"href":"https:\/\/www.daisho.be\/es\/wp-json\/wp\/v2\/product\/562230","targetHints":{"allow":["GET"]}}],"collection":[{"href":"https:\/\/www.daisho.be\/es\/wp-json\/wp\/v2\/product"}],"about":[{"href":"https:\/\/www.daisho.be\/es\/wp-json\/wp\/v2\/types\/product"}],"replies":[{"embeddable":true,"href":"https:\/\/www.daisho.be\/es\/wp-json\/wp\/v2\/comments?post=562230"}],"wp:featuredmedia":[{"embeddable":true,"href":"https:\/\/www.daisho.be\/es\/wp-json\/wp\/v2\/media\/511883"}],"wp:attachment":[{"href":"https:\/\/www.daisho.be\/es\/wp-json\/wp\/v2\/media?parent=562230"}],"wp:term":[{"taxonomy":"product_brand","embeddable":true,"href":"https:\/\/www.daisho.be\/es\/wp-json\/wp\/v2\/product_brand?post=562230"},{"taxonomy":"product_cat","embeddable":true,"href":"https:\/\/www.daisho.be\/es\/wp-json\/wp\/v2\/product_cat?post=562230"},{"taxonomy":"product_tag","embeddable":true,"href":"https:\/\/www.daisho.be\/es\/wp-json\/wp\/v2\/product_tag?post=562230"},{"taxonomy":"sport","embeddable":true,"href":"https:\/\/www.daisho.be\/es\/wp-json\/wp\/v2\/sport?post=562230"}],"curies":[{"name":"wp","href":"https:\/\/api.w.org\/{rel}","templated":true}]}}