{"id":562176,"date":"2025-04-04T16:19:31","date_gmt":"2025-04-04T14:19:31","guid":{"rendered":"https:\/\/www.daisho.be\/produit\/lycra-tsunami-tokaido\/"},"modified":"2025-04-04T16:19:31","modified_gmt":"2025-04-04T14:19:31","slug":"lycra-tsunami-tokaido","status":"publish","type":"product","link":"https:\/\/www.daisho.be\/es\/produit\/lycra-tsunami-tokaido\/","title":{"rendered":"Lycra Tsunami TOKAIDO"},"content":{"rendered":"<p>Camiseta de compresi\u00f3n ajustada y el\u00e1stica con mangas largas.<br \/>\nEl tejido el\u00e1stico transpirable envuelve los m\u00fasculos y act\u00faa como soporte. Las vibraciones musculares se reducen eficazmente con cada movimiento, sin restringir la libertad de movimientos. La agradable presi\u00f3n tambi\u00e9n mejora la circulaci\u00f3n sangu\u00ednea.<br \/>\nOtro elemento destacado es el estampado tradicional japon\u00e9s impreso por sublimaci\u00f3n: el estampado se integra directamente en el tejido y no se desvanece con el uso, los lavados, etc.<br \/>\nCaracter\u00edsticas:<\/p>\n<p> Color: Negro<br \/>\n Tejido: 88% Poli\u00e9ster, 12% Spandex-Malla<br \/>\n Ajuste: Slim Fit<br \/>\n Tejido transpirable y de secado r\u00e1pido<br \/>\n Altamente resistente al desgarro<br \/>\n Impresi\u00f3n por sublimaci\u00f3n de alta calidad<br \/>\n Material: 88% Poli\u00e9ster, 12% Spandex<br \/>\n Ideal para todo tipo de entrenamiento  <\/p>\n","protected":false},"excerpt":{"rendered":"<p>Camiseta de compresi\u00f3n ajustada y el\u00e1stica con mangas largas. El tejido el\u00e1stico transpirable envuelve los m\u00fasculos y act\u00faa como soporte. Las vibraciones musculares se reducen eficazmente con cada movimiento, sin restringir la libertad de movimientos. La agradable presi\u00f3n tambi\u00e9n mejora la circulaci\u00f3n sangu\u00ednea. Otro elemento destacado es el estampado tradicional japon\u00e9s impreso por sublimaci\u00f3n: el [&hellip;]<\/p>\n","protected":false},"featured_media":511931,"comment_status":"open","ping_status":"closed","template":"","meta":{"inline_featured_image":false},"product_brand":[],"product_cat":[1464,1388,1390],"product_tag":[1306],"sport":[],"class_list":{"0":"post-562176","1":"product","2":"type-product","3":"status-publish","4":"has-post-thumbnail","6":"product_cat-favoritos","7":"product_cat-ropa","8":"product_cat-ropa-de-karate","9":"product_tag-tokaido-es","10":"pa_size-2xl","11":"pa_size-l","12":"pa_size-m","13":"pa_size-s","14":"pa_size-xl","15":"pa_size-xs","17":"first","18":"instock","19":"taxable","20":"shipping-taxable","21":"purchasable","22":"product-type-variable"},"yoast_head":"<!-- This site is optimized with the Yoast SEO plugin v27.2 - https:\/\/yoast.com\/product\/yoast-seo-wordpress\/ -->\n<title>Lycra Tsunami TOKAIDO &#8211; Daisho<\/title>\n<meta name=\"description\" content=\"Camiseta o lycra de compresi\u00f3n Tokaido Tsunami para entrenamiento de k\u00e1rate. P\u00eddelo en nuestra web www.daisho.be | Daisho\" \/>\n<meta name=\"robots\" content=\"index, follow, max-snippet:-1, max-image-preview:large, max-video-preview:-1\" \/>\n<link rel=\"canonical\" href=\"https:\/\/www.daisho.be\/es\/produit\/lycra-tsunami-tokaido\/\" \/>\n<meta property=\"og:locale\" content=\"es_ES\" \/>\n<meta property=\"og:type\" content=\"article\" \/>\n<meta property=\"og:title\" content=\"Lycra Tsunami TOKAIDO &#8211; Daisho\" \/>\n<meta property=\"og:description\" content=\"Camiseta o lycra de compresi\u00f3n Tokaido Tsunami para entrenamiento de k\u00e1rate. P\u00eddelo en nuestra web www.daisho.be | Daisho\" \/>\n<meta property=\"og:url\" content=\"https:\/\/www.daisho.be\/es\/produit\/lycra-tsunami-tokaido\/\" \/>\n<meta property=\"og:site_name\" content=\"Daisho\" \/>\n<meta property=\"og:image\" content=\"https:\/\/www.daisho.be\/wp-content\/uploads\/2025\/04\/image-11.jpg\" \/>\n\t<meta property=\"og:image:width\" content=\"800\" \/>\n\t<meta property=\"og:image:height\" content=\"1280\" \/>\n\t<meta property=\"og:image:type\" content=\"image\/jpeg\" \/>\n<meta name=\"twitter:card\" content=\"summary_large_image\" \/>\n<meta name=\"twitter:label1\" content=\"Tiempo de lectura\" \/>\n\t<meta name=\"twitter:data1\" content=\"1 minuto\" \/>\n<script type=\"application\/ld+json\" class=\"yoast-schema-graph\">{\"@context\":\"https:\/\/schema.org\",\"@graph\":[{\"@type\":\"WebPage\",\"@id\":\"https:\/\/www.daisho.be\/es\/produit\/lycra-tsunami-tokaido\/\",\"url\":\"https:\/\/www.daisho.be\/es\/produit\/lycra-tsunami-tokaido\/\",\"name\":\"Lycra Tsunami TOKAIDO &#8211; Daisho\",\"isPartOf\":{\"@id\":\"https:\/\/www.daisho.be\/es\/#website\"},\"primaryImageOfPage\":{\"@id\":\"https:\/\/www.daisho.be\/es\/produit\/lycra-tsunami-tokaido\/#primaryimage\"},\"image\":{\"@id\":\"https:\/\/www.daisho.be\/es\/produit\/lycra-tsunami-tokaido\/#primaryimage\"},\"thumbnailUrl\":\"https:\/\/www.daisho.be\/wp-content\/uploads\/2025\/04\/image-11.jpg\",\"datePublished\":\"2025-04-04T14:19:31+00:00\",\"description\":\"Camiseta o lycra de compresi\u00f3n Tokaido Tsunami para entrenamiento de k\u00e1rate. P\u00eddelo en nuestra web www.daisho.be | Daisho\",\"breadcrumb\":{\"@id\":\"https:\/\/www.daisho.be\/es\/produit\/lycra-tsunami-tokaido\/#breadcrumb\"},\"inLanguage\":\"es\",\"potentialAction\":[{\"@type\":\"ReadAction\",\"target\":[\"https:\/\/www.daisho.be\/es\/produit\/lycra-tsunami-tokaido\/\"]}]},{\"@type\":\"ImageObject\",\"inLanguage\":\"es\",\"@id\":\"https:\/\/www.daisho.be\/es\/produit\/lycra-tsunami-tokaido\/#primaryimage\",\"url\":\"https:\/\/www.daisho.be\/wp-content\/uploads\/2025\/04\/image-11.jpg\",\"contentUrl\":\"https:\/\/www.daisho.be\/wp-content\/uploads\/2025\/04\/image-11.jpg\",\"width\":800,\"height\":1280,\"caption\":\"Lycra TOKAIDO Tsunami-1\"},{\"@type\":\"BreadcrumbList\",\"@id\":\"https:\/\/www.daisho.be\/es\/produit\/lycra-tsunami-tokaido\/#breadcrumb\",\"itemListElement\":[{\"@type\":\"ListItem\",\"position\":1,\"name\":\"Accueil\",\"item\":\"https:\/\/www.daisho.be\/es\/\"},{\"@type\":\"ListItem\",\"position\":2,\"name\":\"Productos\",\"item\":\"https:\/\/www.daisho.be\/es\/productos\/\"},{\"@type\":\"ListItem\",\"position\":3,\"name\":\"Deportes de combate\",\"item\":\"https:\/\/www.daisho.be\/es\/categorie-produit\/deportes-de-combate\/\"},{\"@type\":\"ListItem\",\"position\":4,\"name\":\"Ropa\",\"item\":\"https:\/\/www.daisho.be\/es\/categorie-produit\/deportes-de-combate\/ropa\/\"},{\"@type\":\"ListItem\",\"position\":5,\"name\":\"Lycra Tsunami TOKAIDO\"}]},{\"@type\":\"WebSite\",\"@id\":\"https:\/\/www.daisho.be\/es\/#website\",\"url\":\"https:\/\/www.daisho.be\/es\/\",\"name\":\"Daisho\",\"description\":\"Sp&eacute;cialiste de l'&eacute;quipement sportif d'arts martiaux\",\"publisher\":{\"@id\":\"https:\/\/www.daisho.be\/es\/#organization\"},\"potentialAction\":[{\"@type\":\"SearchAction\",\"target\":{\"@type\":\"EntryPoint\",\"urlTemplate\":\"https:\/\/www.daisho.be\/es\/?s={search_term_string}\"},\"query-input\":{\"@type\":\"PropertyValueSpecification\",\"valueRequired\":true,\"valueName\":\"search_term_string\"}}],\"inLanguage\":\"es\"},{\"@type\":\"Organization\",\"@id\":\"https:\/\/www.daisho.be\/es\/#organization\",\"name\":\"Daisho\",\"url\":\"https:\/\/www.daisho.be\/es\/\",\"logo\":{\"@type\":\"ImageObject\",\"inLanguage\":\"es\",\"@id\":\"https:\/\/www.daisho.be\/es\/#\/schema\/logo\/image\/\",\"url\":\"https:\/\/www.daisho.be\/wp-content\/uploads\/2019\/07\/color-nothing-horizontale4x-e1564486100247.png\",\"contentUrl\":\"https:\/\/www.daisho.be\/wp-content\/uploads\/2019\/07\/color-nothing-horizontale4x-e1564486100247.png\",\"width\":1547,\"height\":385,\"caption\":\"Daisho\"},\"image\":{\"@id\":\"https:\/\/www.daisho.be\/es\/#\/schema\/logo\/image\/\"}}]}<\/script>\n<!-- \/ Yoast SEO plugin. -->","yoast_head_json":{"title":"Lycra Tsunami TOKAIDO &#8211; Daisho","description":"Camiseta o lycra de compresi\u00f3n Tokaido Tsunami para entrenamiento de k\u00e1rate. P\u00eddelo en nuestra web www.daisho.be | Daisho","robots":{"index":"index","follow":"follow","max-snippet":"max-snippet:-1","max-image-preview":"max-image-preview:large","max-video-preview":"max-video-preview:-1"},"canonical":"https:\/\/www.daisho.be\/es\/produit\/lycra-tsunami-tokaido\/","og_locale":"es_ES","og_type":"article","og_title":"Lycra Tsunami TOKAIDO &#8211; Daisho","og_description":"Camiseta o lycra de compresi\u00f3n Tokaido Tsunami para entrenamiento de k\u00e1rate. P\u00eddelo en nuestra web www.daisho.be | Daisho","og_url":"https:\/\/www.daisho.be\/es\/produit\/lycra-tsunami-tokaido\/","og_site_name":"Daisho","og_image":[{"width":800,"height":1280,"url":"https:\/\/www.daisho.be\/wp-content\/uploads\/2025\/04\/image-11.jpg","type":"image\/jpeg"}],"twitter_card":"summary_large_image","twitter_misc":{"Tiempo de lectura":"1 minuto"},"schema":{"@context":"https:\/\/schema.org","@graph":[{"@type":"WebPage","@id":"https:\/\/www.daisho.be\/es\/produit\/lycra-tsunami-tokaido\/","url":"https:\/\/www.daisho.be\/es\/produit\/lycra-tsunami-tokaido\/","name":"Lycra Tsunami TOKAIDO &#8211; Daisho","isPartOf":{"@id":"https:\/\/www.daisho.be\/es\/#website"},"primaryImageOfPage":{"@id":"https:\/\/www.daisho.be\/es\/produit\/lycra-tsunami-tokaido\/#primaryimage"},"image":{"@id":"https:\/\/www.daisho.be\/es\/produit\/lycra-tsunami-tokaido\/#primaryimage"},"thumbnailUrl":"https:\/\/www.daisho.be\/wp-content\/uploads\/2025\/04\/image-11.jpg","datePublished":"2025-04-04T14:19:31+00:00","description":"Camiseta o lycra de compresi\u00f3n Tokaido Tsunami para entrenamiento de k\u00e1rate. P\u00eddelo en nuestra web www.daisho.be | Daisho","breadcrumb":{"@id":"https:\/\/www.daisho.be\/es\/produit\/lycra-tsunami-tokaido\/#breadcrumb"},"inLanguage":"es","potentialAction":[{"@type":"ReadAction","target":["https:\/\/www.daisho.be\/es\/produit\/lycra-tsunami-tokaido\/"]}]},{"@type":"ImageObject","inLanguage":"es","@id":"https:\/\/www.daisho.be\/es\/produit\/lycra-tsunami-tokaido\/#primaryimage","url":"https:\/\/www.daisho.be\/wp-content\/uploads\/2025\/04\/image-11.jpg","contentUrl":"https:\/\/www.daisho.be\/wp-content\/uploads\/2025\/04\/image-11.jpg","width":800,"height":1280,"caption":"Lycra TOKAIDO Tsunami-1"},{"@type":"BreadcrumbList","@id":"https:\/\/www.daisho.be\/es\/produit\/lycra-tsunami-tokaido\/#breadcrumb","itemListElement":[{"@type":"ListItem","position":1,"name":"Accueil","item":"https:\/\/www.daisho.be\/es\/"},{"@type":"ListItem","position":2,"name":"Productos","item":"https:\/\/www.daisho.be\/es\/productos\/"},{"@type":"ListItem","position":3,"name":"Deportes de combate","item":"https:\/\/www.daisho.be\/es\/categorie-produit\/deportes-de-combate\/"},{"@type":"ListItem","position":4,"name":"Ropa","item":"https:\/\/www.daisho.be\/es\/categorie-produit\/deportes-de-combate\/ropa\/"},{"@type":"ListItem","position":5,"name":"Lycra Tsunami TOKAIDO"}]},{"@type":"WebSite","@id":"https:\/\/www.daisho.be\/es\/#website","url":"https:\/\/www.daisho.be\/es\/","name":"Daisho","description":"Sp&eacute;cialiste de l'&eacute;quipement sportif d'arts martiaux","publisher":{"@id":"https:\/\/www.daisho.be\/es\/#organization"},"potentialAction":[{"@type":"SearchAction","target":{"@type":"EntryPoint","urlTemplate":"https:\/\/www.daisho.be\/es\/?s={search_term_string}"},"query-input":{"@type":"PropertyValueSpecification","valueRequired":true,"valueName":"search_term_string"}}],"inLanguage":"es"},{"@type":"Organization","@id":"https:\/\/www.daisho.be\/es\/#organization","name":"Daisho","url":"https:\/\/www.daisho.be\/es\/","logo":{"@type":"ImageObject","inLanguage":"es","@id":"https:\/\/www.daisho.be\/es\/#\/schema\/logo\/image\/","url":"https:\/\/www.daisho.be\/wp-content\/uploads\/2019\/07\/color-nothing-horizontale4x-e1564486100247.png","contentUrl":"https:\/\/www.daisho.be\/wp-content\/uploads\/2019\/07\/color-nothing-horizontale4x-e1564486100247.png","width":1547,"height":385,"caption":"Daisho"},"image":{"@id":"https:\/\/www.daisho.be\/es\/#\/schema\/logo\/image\/"}}]}},"_links":{"self":[{"href":"https:\/\/www.daisho.be\/es\/wp-json\/wp\/v2\/product\/562176","targetHints":{"allow":["GET"]}}],"collection":[{"href":"https:\/\/www.daisho.be\/es\/wp-json\/wp\/v2\/product"}],"about":[{"href":"https:\/\/www.daisho.be\/es\/wp-json\/wp\/v2\/types\/product"}],"replies":[{"embeddable":true,"href":"https:\/\/www.daisho.be\/es\/wp-json\/wp\/v2\/comments?post=562176"}],"wp:featuredmedia":[{"embeddable":true,"href":"https:\/\/www.daisho.be\/es\/wp-json\/wp\/v2\/media\/511931"}],"wp:attachment":[{"href":"https:\/\/www.daisho.be\/es\/wp-json\/wp\/v2\/media?parent=562176"}],"wp:term":[{"taxonomy":"product_brand","embeddable":true,"href":"https:\/\/www.daisho.be\/es\/wp-json\/wp\/v2\/product_brand?post=562176"},{"taxonomy":"product_cat","embeddable":true,"href":"https:\/\/www.daisho.be\/es\/wp-json\/wp\/v2\/product_cat?post=562176"},{"taxonomy":"product_tag","embeddable":true,"href":"https:\/\/www.daisho.be\/es\/wp-json\/wp\/v2\/product_tag?post=562176"},{"taxonomy":"sport","embeddable":true,"href":"https:\/\/www.daisho.be\/es\/wp-json\/wp\/v2\/sport?post=562176"}],"curies":[{"name":"wp","href":"https:\/\/api.w.org\/{rel}","templated":true}]}}