{"id":561912,"date":"2025-05-02T15:17:35","date_gmt":"2025-05-02T13:17:35","guid":{"rendered":"https:\/\/www.daisho.be\/produit\/judogi-adidas-champion-iii-azul-aprobado-por-la-ijf-made-in-japan\/"},"modified":"2025-05-02T15:17:35","modified_gmt":"2025-05-02T13:17:35","slug":"judogi-adidas-champion-iii-azul-aprobado-por-la-ijf-made-in-japan","status":"publish","type":"product","link":"https:\/\/www.daisho.be\/es\/produit\/judogi-adidas-champion-iii-azul-aprobado-por-la-ijf-made-in-japan\/","title":{"rendered":"Judogi adidas Champion III Azul Aprobado por la IJF \u00abMADE IN JAPAN"},"content":{"rendered":"<p>Fabricado 100% en Jap\u00f3n, con tejidos hechos en Jap\u00f3n seg\u00fan la m\u00e1s pura tradici\u00f3n y en una f\u00e1brica aut\u00e9nticamente japonesa de la ciudad de Ota-Gunma, en la provincia septentrional de Kanto.<br \/>\nCumple las NUEVAS NORMAS IJF 2022 para competiciones internacionales.<br \/>\nChaqueta confeccionada con tejido de grano de arroz sanforizado, 75% algod\u00f3n y 25% poli\u00e9ster.<br \/>\nPantal\u00f3n confeccionado con sarga de algod\u00f3n sanforizado 100%.<br \/>\nNumerosos refuerzos: costuras en la espalda de la chaqueta, cuello de 4 cm de ancho y 1 cm de grosor, conforme a las \u00faltimas normas deportivas internacionales.<br \/>\nPantal\u00f3n abrochado con cord\u00f3n tradicional.<\/p>\n","protected":false},"excerpt":{"rendered":"<p>Fabricado 100% en Jap\u00f3n, con tejidos hechos en Jap\u00f3n seg\u00fan la m\u00e1s pura tradici\u00f3n y en una f\u00e1brica aut\u00e9nticamente japonesa de la ciudad de Ota-Gunma, en la provincia septentrional de Kanto. Cumple las NUEVAS NORMAS IJF 2022 para competiciones internacionales. Chaqueta confeccionada con tejido de grano de arroz sanforizado, 75% algod\u00f3n y 25% poli\u00e9ster. Pantal\u00f3n [&hellip;]<\/p>\n","protected":false},"featured_media":516390,"comment_status":"open","ping_status":"closed","template":"","meta":{"inline_featured_image":false},"product_brand":[],"product_cat":[1728,1712,1327,1654],"product_tag":[1560],"sport":[],"class_list":{"0":"post-561912","1":"product","2":"type-product","3":"status-publish","4":"has-post-thumbnail","6":"product_cat-kimono-jiu-jitsu-keikogi-es","7":"product_cat-kimono-judogi-adidas-es","8":"product_cat-kimono-de-jujitsu-es","9":"product_cat-kimonos-de-judo","10":"product_tag-adidas-es","11":"pa_size-380","12":"pa_size-388","13":"pa_size-379","14":"pa_size-387","15":"pa_size-378","16":"pa_size-386","17":"pa_size-377","18":"pa_size-385","19":"pa_size-376","20":"pa_size-384","21":"pa_size-383","23":"first","24":"onbackorder","25":"taxable","26":"shipping-taxable","27":"purchasable","28":"product-type-variable"},"yoast_head":"<!-- This site is optimized with the Yoast SEO plugin v27.2 - https:\/\/yoast.com\/product\/yoast-seo-wordpress\/ -->\n<title>Judogi adidas Champion III Azul Aprobado por la IJF &quot;MADE IN JAPAN &#8211; Daisho<\/title>\n<meta name=\"robots\" content=\"index, follow, max-snippet:-1, max-image-preview:large, max-video-preview:-1\" \/>\n<link rel=\"canonical\" href=\"https:\/\/www.daisho.be\/es\/produit\/judogi-adidas-champion-iii-azul-aprobado-por-la-ijf-made-in-japan\/\" \/>\n<meta property=\"og:locale\" content=\"es_ES\" \/>\n<meta property=\"og:type\" content=\"article\" \/>\n<meta property=\"og:title\" content=\"Judogi adidas Champion III Azul Aprobado por la IJF &quot;MADE IN JAPAN &#8211; Daisho\" \/>\n<meta property=\"og:description\" content=\"Fabricado 100% en Jap\u00f3n, con tejidos hechos en Jap\u00f3n seg\u00fan la m\u00e1s pura tradici\u00f3n y en una f\u00e1brica aut\u00e9nticamente japonesa de la ciudad de Ota-Gunma, en la provincia septentrional de Kanto. Cumple las NUEVAS NORMAS IJF 2022 para competiciones internacionales. Chaqueta confeccionada con tejido de grano de arroz sanforizado, 75% algod\u00f3n y 25% poli\u00e9ster. Pantal\u00f3n [&hellip;]\" \/>\n<meta property=\"og:url\" content=\"https:\/\/www.daisho.be\/es\/produit\/judogi-adidas-champion-iii-azul-aprobado-por-la-ijf-made-in-japan\/\" \/>\n<meta property=\"og:site_name\" content=\"Daisho\" \/>\n<meta property=\"og:image\" content=\"https:\/\/www.daisho.be\/wp-content\/uploads\/2025\/05\/image-4.png\" \/>\n\t<meta property=\"og:image:width\" content=\"713\" \/>\n\t<meta property=\"og:image:height\" content=\"703\" \/>\n\t<meta property=\"og:image:type\" content=\"image\/png\" \/>\n<meta name=\"twitter:card\" content=\"summary_large_image\" \/>\n<meta name=\"twitter:label1\" content=\"Tiempo de lectura\" \/>\n\t<meta name=\"twitter:data1\" content=\"1 minuto\" \/>\n<script type=\"application\/ld+json\" class=\"yoast-schema-graph\">{\"@context\":\"https:\/\/schema.org\",\"@graph\":[{\"@type\":\"WebPage\",\"@id\":\"https:\/\/www.daisho.be\/es\/produit\/judogi-adidas-champion-iii-azul-aprobado-por-la-ijf-made-in-japan\/\",\"url\":\"https:\/\/www.daisho.be\/es\/produit\/judogi-adidas-champion-iii-azul-aprobado-por-la-ijf-made-in-japan\/\",\"name\":\"Judogi adidas Champion III Azul Aprobado por la IJF \\\"MADE IN JAPAN &#8211; Daisho\",\"isPartOf\":{\"@id\":\"https:\/\/www.daisho.be\/es\/#website\"},\"primaryImageOfPage\":{\"@id\":\"https:\/\/www.daisho.be\/es\/produit\/judogi-adidas-champion-iii-azul-aprobado-por-la-ijf-made-in-japan\/#primaryimage\"},\"image\":{\"@id\":\"https:\/\/www.daisho.be\/es\/produit\/judogi-adidas-champion-iii-azul-aprobado-por-la-ijf-made-in-japan\/#primaryimage\"},\"thumbnailUrl\":\"https:\/\/www.daisho.be\/wp-content\/uploads\/2025\/05\/image-4.png\",\"datePublished\":\"2025-05-02T13:17:35+00:00\",\"breadcrumb\":{\"@id\":\"https:\/\/www.daisho.be\/es\/produit\/judogi-adidas-champion-iii-azul-aprobado-por-la-ijf-made-in-japan\/#breadcrumb\"},\"inLanguage\":\"es\",\"potentialAction\":[{\"@type\":\"ReadAction\",\"target\":[\"https:\/\/www.daisho.be\/es\/produit\/judogi-adidas-champion-iii-azul-aprobado-por-la-ijf-made-in-japan\/\"]}]},{\"@type\":\"ImageObject\",\"inLanguage\":\"es\",\"@id\":\"https:\/\/www.daisho.be\/es\/produit\/judogi-adidas-champion-iii-azul-aprobado-por-la-ijf-made-in-japan\/#primaryimage\",\"url\":\"https:\/\/www.daisho.be\/wp-content\/uploads\/2025\/05\/image-4.png\",\"contentUrl\":\"https:\/\/www.daisho.be\/wp-content\/uploads\/2025\/05\/image-4.png\",\"width\":713,\"height\":703,\"caption\":\"Judogi adidas Champion III Bleu IJF \\\"MADE IN JAPAN\\\" Approved-1\"},{\"@type\":\"BreadcrumbList\",\"@id\":\"https:\/\/www.daisho.be\/es\/produit\/judogi-adidas-champion-iii-azul-aprobado-por-la-ijf-made-in-japan\/#breadcrumb\",\"itemListElement\":[{\"@type\":\"ListItem\",\"position\":1,\"name\":\"Accueil\",\"item\":\"https:\/\/www.daisho.be\/es\/\"},{\"@type\":\"ListItem\",\"position\":2,\"name\":\"Productos\",\"item\":\"https:\/\/www.daisho.be\/es\/productos\/\"},{\"@type\":\"ListItem\",\"position\":3,\"name\":\"ADIDAS COMBAT SPORTS\",\"item\":\"https:\/\/www.daisho.be\/es\/categorie-produit\/adidas-combat-sports-es\/\"},{\"@type\":\"ListItem\",\"position\":4,\"name\":\"Jiu-Jitsu\",\"item\":\"https:\/\/www.daisho.be\/es\/categorie-produit\/adidas-combat-sports-es\/jiu-jitsu-es\/\"},{\"@type\":\"ListItem\",\"position\":5,\"name\":\"Kimono - Jiu-Jitsu Keikogi\",\"item\":\"https:\/\/www.daisho.be\/es\/categorie-produit\/adidas-combat-sports-es\/jiu-jitsu-es\/kimono-jiu-jitsu-keikogi-es\/\"},{\"@type\":\"ListItem\",\"position\":6,\"name\":\"Judogi adidas Champion III Azul Aprobado por la IJF \u00abMADE IN JAPAN\"}]},{\"@type\":\"WebSite\",\"@id\":\"https:\/\/www.daisho.be\/es\/#website\",\"url\":\"https:\/\/www.daisho.be\/es\/\",\"name\":\"Daisho\",\"description\":\"Sp&eacute;cialiste de l'&eacute;quipement sportif d'arts martiaux\",\"publisher\":{\"@id\":\"https:\/\/www.daisho.be\/es\/#organization\"},\"potentialAction\":[{\"@type\":\"SearchAction\",\"target\":{\"@type\":\"EntryPoint\",\"urlTemplate\":\"https:\/\/www.daisho.be\/es\/?s={search_term_string}\"},\"query-input\":{\"@type\":\"PropertyValueSpecification\",\"valueRequired\":true,\"valueName\":\"search_term_string\"}}],\"inLanguage\":\"es\"},{\"@type\":\"Organization\",\"@id\":\"https:\/\/www.daisho.be\/es\/#organization\",\"name\":\"Daisho\",\"url\":\"https:\/\/www.daisho.be\/es\/\",\"logo\":{\"@type\":\"ImageObject\",\"inLanguage\":\"es\",\"@id\":\"https:\/\/www.daisho.be\/es\/#\/schema\/logo\/image\/\",\"url\":\"https:\/\/www.daisho.be\/wp-content\/uploads\/2019\/07\/color-nothing-horizontale4x-e1564486100247.png\",\"contentUrl\":\"https:\/\/www.daisho.be\/wp-content\/uploads\/2019\/07\/color-nothing-horizontale4x-e1564486100247.png\",\"width\":1547,\"height\":385,\"caption\":\"Daisho\"},\"image\":{\"@id\":\"https:\/\/www.daisho.be\/es\/#\/schema\/logo\/image\/\"}}]}<\/script>\n<!-- \/ Yoast SEO plugin. -->","yoast_head_json":{"title":"Judogi adidas Champion III Azul Aprobado por la IJF \"MADE IN JAPAN &#8211; Daisho","robots":{"index":"index","follow":"follow","max-snippet":"max-snippet:-1","max-image-preview":"max-image-preview:large","max-video-preview":"max-video-preview:-1"},"canonical":"https:\/\/www.daisho.be\/es\/produit\/judogi-adidas-champion-iii-azul-aprobado-por-la-ijf-made-in-japan\/","og_locale":"es_ES","og_type":"article","og_title":"Judogi adidas Champion III Azul Aprobado por la IJF \"MADE IN JAPAN &#8211; Daisho","og_description":"Fabricado 100% en Jap\u00f3n, con tejidos hechos en Jap\u00f3n seg\u00fan la m\u00e1s pura tradici\u00f3n y en una f\u00e1brica aut\u00e9nticamente japonesa de la ciudad de Ota-Gunma, en la provincia septentrional de Kanto. Cumple las NUEVAS NORMAS IJF 2022 para competiciones internacionales. Chaqueta confeccionada con tejido de grano de arroz sanforizado, 75% algod\u00f3n y 25% poli\u00e9ster. Pantal\u00f3n [&hellip;]","og_url":"https:\/\/www.daisho.be\/es\/produit\/judogi-adidas-champion-iii-azul-aprobado-por-la-ijf-made-in-japan\/","og_site_name":"Daisho","og_image":[{"width":713,"height":703,"url":"https:\/\/www.daisho.be\/wp-content\/uploads\/2025\/05\/image-4.png","type":"image\/png"}],"twitter_card":"summary_large_image","twitter_misc":{"Tiempo de lectura":"1 minuto"},"schema":{"@context":"https:\/\/schema.org","@graph":[{"@type":"WebPage","@id":"https:\/\/www.daisho.be\/es\/produit\/judogi-adidas-champion-iii-azul-aprobado-por-la-ijf-made-in-japan\/","url":"https:\/\/www.daisho.be\/es\/produit\/judogi-adidas-champion-iii-azul-aprobado-por-la-ijf-made-in-japan\/","name":"Judogi adidas Champion III Azul Aprobado por la IJF \"MADE IN JAPAN &#8211; Daisho","isPartOf":{"@id":"https:\/\/www.daisho.be\/es\/#website"},"primaryImageOfPage":{"@id":"https:\/\/www.daisho.be\/es\/produit\/judogi-adidas-champion-iii-azul-aprobado-por-la-ijf-made-in-japan\/#primaryimage"},"image":{"@id":"https:\/\/www.daisho.be\/es\/produit\/judogi-adidas-champion-iii-azul-aprobado-por-la-ijf-made-in-japan\/#primaryimage"},"thumbnailUrl":"https:\/\/www.daisho.be\/wp-content\/uploads\/2025\/05\/image-4.png","datePublished":"2025-05-02T13:17:35+00:00","breadcrumb":{"@id":"https:\/\/www.daisho.be\/es\/produit\/judogi-adidas-champion-iii-azul-aprobado-por-la-ijf-made-in-japan\/#breadcrumb"},"inLanguage":"es","potentialAction":[{"@type":"ReadAction","target":["https:\/\/www.daisho.be\/es\/produit\/judogi-adidas-champion-iii-azul-aprobado-por-la-ijf-made-in-japan\/"]}]},{"@type":"ImageObject","inLanguage":"es","@id":"https:\/\/www.daisho.be\/es\/produit\/judogi-adidas-champion-iii-azul-aprobado-por-la-ijf-made-in-japan\/#primaryimage","url":"https:\/\/www.daisho.be\/wp-content\/uploads\/2025\/05\/image-4.png","contentUrl":"https:\/\/www.daisho.be\/wp-content\/uploads\/2025\/05\/image-4.png","width":713,"height":703,"caption":"Judogi adidas Champion III Bleu IJF \"MADE IN JAPAN\" Approved-1"},{"@type":"BreadcrumbList","@id":"https:\/\/www.daisho.be\/es\/produit\/judogi-adidas-champion-iii-azul-aprobado-por-la-ijf-made-in-japan\/#breadcrumb","itemListElement":[{"@type":"ListItem","position":1,"name":"Accueil","item":"https:\/\/www.daisho.be\/es\/"},{"@type":"ListItem","position":2,"name":"Productos","item":"https:\/\/www.daisho.be\/es\/productos\/"},{"@type":"ListItem","position":3,"name":"ADIDAS COMBAT SPORTS","item":"https:\/\/www.daisho.be\/es\/categorie-produit\/adidas-combat-sports-es\/"},{"@type":"ListItem","position":4,"name":"Jiu-Jitsu","item":"https:\/\/www.daisho.be\/es\/categorie-produit\/adidas-combat-sports-es\/jiu-jitsu-es\/"},{"@type":"ListItem","position":5,"name":"Kimono - Jiu-Jitsu Keikogi","item":"https:\/\/www.daisho.be\/es\/categorie-produit\/adidas-combat-sports-es\/jiu-jitsu-es\/kimono-jiu-jitsu-keikogi-es\/"},{"@type":"ListItem","position":6,"name":"Judogi adidas Champion III Azul Aprobado por la IJF \u00abMADE IN JAPAN"}]},{"@type":"WebSite","@id":"https:\/\/www.daisho.be\/es\/#website","url":"https:\/\/www.daisho.be\/es\/","name":"Daisho","description":"Sp&eacute;cialiste de l'&eacute;quipement sportif d'arts martiaux","publisher":{"@id":"https:\/\/www.daisho.be\/es\/#organization"},"potentialAction":[{"@type":"SearchAction","target":{"@type":"EntryPoint","urlTemplate":"https:\/\/www.daisho.be\/es\/?s={search_term_string}"},"query-input":{"@type":"PropertyValueSpecification","valueRequired":true,"valueName":"search_term_string"}}],"inLanguage":"es"},{"@type":"Organization","@id":"https:\/\/www.daisho.be\/es\/#organization","name":"Daisho","url":"https:\/\/www.daisho.be\/es\/","logo":{"@type":"ImageObject","inLanguage":"es","@id":"https:\/\/www.daisho.be\/es\/#\/schema\/logo\/image\/","url":"https:\/\/www.daisho.be\/wp-content\/uploads\/2019\/07\/color-nothing-horizontale4x-e1564486100247.png","contentUrl":"https:\/\/www.daisho.be\/wp-content\/uploads\/2019\/07\/color-nothing-horizontale4x-e1564486100247.png","width":1547,"height":385,"caption":"Daisho"},"image":{"@id":"https:\/\/www.daisho.be\/es\/#\/schema\/logo\/image\/"}}]}},"_links":{"self":[{"href":"https:\/\/www.daisho.be\/es\/wp-json\/wp\/v2\/product\/561912","targetHints":{"allow":["GET"]}}],"collection":[{"href":"https:\/\/www.daisho.be\/es\/wp-json\/wp\/v2\/product"}],"about":[{"href":"https:\/\/www.daisho.be\/es\/wp-json\/wp\/v2\/types\/product"}],"replies":[{"embeddable":true,"href":"https:\/\/www.daisho.be\/es\/wp-json\/wp\/v2\/comments?post=561912"}],"wp:featuredmedia":[{"embeddable":true,"href":"https:\/\/www.daisho.be\/es\/wp-json\/wp\/v2\/media\/516390"}],"wp:attachment":[{"href":"https:\/\/www.daisho.be\/es\/wp-json\/wp\/v2\/media?parent=561912"}],"wp:term":[{"taxonomy":"product_brand","embeddable":true,"href":"https:\/\/www.daisho.be\/es\/wp-json\/wp\/v2\/product_brand?post=561912"},{"taxonomy":"product_cat","embeddable":true,"href":"https:\/\/www.daisho.be\/es\/wp-json\/wp\/v2\/product_cat?post=561912"},{"taxonomy":"product_tag","embeddable":true,"href":"https:\/\/www.daisho.be\/es\/wp-json\/wp\/v2\/product_tag?post=561912"},{"taxonomy":"sport","embeddable":true,"href":"https:\/\/www.daisho.be\/es\/wp-json\/wp\/v2\/sport?post=561912"}],"curies":[{"name":"wp","href":"https:\/\/api.w.org\/{rel}","templated":true}]}}