{"id":561853,"date":"2025-05-12T09:03:36","date_gmt":"2025-05-12T07:03:36","guid":{"rendered":"https:\/\/www.daisho.be\/produit\/mochila-adidas-power-vii-negro-oro\/"},"modified":"2025-05-12T09:03:36","modified_gmt":"2025-05-12T07:03:36","slug":"mochila-adidas-power-vii-negro-oro","status":"publish","type":"product","link":"https:\/\/www.daisho.be\/es\/produit\/mochila-adidas-power-vii-negro-oro\/","title":{"rendered":"Mochila Adidas Power VII negro\/oro"},"content":{"rendered":"<p>La mochila adidas Power VII &#8211; negra con rayas doradas es la compa\u00f1era perfecta para la vida cotidiana, el deporte y el ocio.<br \/>\nCon la mochila adidas Power VII, no s\u00f3lo apuestas por la funcionalidad, sino tambi\u00e9n por un aspecto deportivo y elegante.<br \/>\nEsta mochila de alta calidad combina un dise\u00f1o cuidado con un acabado robusto, lo que la convierte en la compa\u00f1era ideal para el colegio, la universidad, la oficina, el deporte o los viajes cortos.<\/p>\n<p>El negro atemporal se acent\u00faa con elegantes detalles dorados: un look a la vez deportivo y elegante.<br \/>\nEl ic\u00f3nico logotipo de adidas en la parte delantera completa el dise\u00f1o y es un aut\u00e9ntico reclamo. Gracias a su aspecto moderno, la mochila puede llevarse con casi cualquier atuendo, ya sea deportivo, informal o urbano. <\/p>\n<p>Con un generoso compartimento principal, la Power VII tiene espacio de sobra para libros, ropa, equipamiento deportivo o tecnolog\u00eda.<br \/>\nUn compartimento integrado para el port\u00e1til protege tu dispositivo cuando est\u00e1s en movimiento.<br \/>\nAdem\u00e1s, varios compartimentos con cremallera y bolsillos organizadores garantizan el orden y el acceso r\u00e1pido a objetos peque\u00f1os como las llaves, el m\u00f3vil o la cartera.<br \/>\nDos bolsillos laterales de malla son ideales para botellas de agua o un paraguas, perfectos para cuando est\u00e1s en movimiento.<\/p>\n<p>Los tirantes ergon\u00f3micos y acolchados hacen que la mochila sea c\u00f3moda de llevar, incluso durante largos periodos de uso.<br \/>\nLa correa ajustable para el pecho proporciona estabilidad adicional, especialmente \u00fatil para montar en bicicleta o realizar viajes largos.<br \/>\nLa zona de la espalda reforzada proporciona comodidad y ventilaci\u00f3n, incluso cuando la mochila est\u00e1 totalmente cargada.<\/p>\n<p>Fabricada con poli\u00e9ster resistente y parcialmente reciclado, la Power VII de adidas impresiona no s\u00f3lo por su calidad, sino tambi\u00e9n por su durabilidad.<br \/>\nEl revestimiento hidr\u00f3fugo protege el contenido en caso de lluvia ligera: ideal para el tiempo cambiante.<\/p>\n<p>Caracter\u00edsticas :<\/p>\n<p>Color: negro con rayas adidas doradas<br \/>\nvolumen: aprox. 27,5 litros<br \/>\ndimensiones: aprox. 50 x 30 x 18 cm<br \/>\ncompartimento externo para el port\u00e1til (acolchado)<br \/>\ntirantes acolchados y ajustables<br \/>\ncorreas de compresi\u00f3n laterales, espalda y parte posterior de los tirantes en Air &#8211; Mesh<br \/>\nfondo de la mochila con revestimiento de TPE resistente<br \/>\n100% poli\u00e9ster reciclado (tejido simple)<\/p>\n","protected":false},"excerpt":{"rendered":"<p>La mochila adidas Power VII &#8211; negra con rayas doradas es la compa\u00f1era perfecta para la vida cotidiana, el deporte y el ocio. Con la mochila adidas Power VII, no s\u00f3lo apuestas por la funcionalidad, sino tambi\u00e9n por un aspecto deportivo y elegante. Esta mochila de alta calidad combina un dise\u00f1o cuidado con un acabado [&hellip;]<\/p>\n","protected":false},"featured_media":517921,"comment_status":"open","ping_status":"closed","template":"","meta":{"inline_featured_image":false},"product_brand":[],"product_cat":[1580,1585,1714],"product_tag":[1560],"sport":[],"class_list":{"0":"post-561853","1":"product","2":"type-product","3":"status-publish","4":"has-post-thumbnail","6":"product_cat-bolsa-de-karate-adidas","7":"product_cat-bolsas-de-deporte-adidas-combat","8":"product_cat-equipamiento-y-ropa-para-artes-marciales-y-deportes-de-combate","9":"product_tag-adidas-es","11":"first","12":"instock","13":"taxable","14":"shipping-taxable","15":"purchasable","16":"product-type-simple"},"yoast_head":"<!-- This site is optimized with the Yoast SEO plugin v27.2 - https:\/\/yoast.com\/product\/yoast-seo-wordpress\/ -->\n<title>Mochila Adidas Power VII negro\/oro &#8211; Daisho<\/title>\n<meta name=\"robots\" content=\"index, follow, max-snippet:-1, max-image-preview:large, max-video-preview:-1\" \/>\n<link rel=\"canonical\" href=\"https:\/\/www.daisho.be\/es\/produit\/mochila-adidas-power-vii-negro-oro\/\" \/>\n<meta property=\"og:locale\" content=\"es_ES\" \/>\n<meta property=\"og:type\" content=\"article\" \/>\n<meta property=\"og:title\" content=\"Mochila Adidas Power VII negro\/oro &#8211; Daisho\" \/>\n<meta property=\"og:description\" content=\"La mochila adidas Power VII &#8211; negra con rayas doradas es la compa\u00f1era perfecta para la vida cotidiana, el deporte y el ocio. Con la mochila adidas Power VII, no s\u00f3lo apuestas por la funcionalidad, sino tambi\u00e9n por un aspecto deportivo y elegante. Esta mochila de alta calidad combina un dise\u00f1o cuidado con un acabado [&hellip;]\" \/>\n<meta property=\"og:url\" content=\"https:\/\/www.daisho.be\/es\/produit\/mochila-adidas-power-vii-negro-oro\/\" \/>\n<meta property=\"og:site_name\" content=\"Daisho\" \/>\n<meta property=\"og:image\" content=\"https:\/\/www.daisho.be\/wp-content\/uploads\/2025\/05\/image.webp\" \/>\n\t<meta property=\"og:image:width\" content=\"1200\" \/>\n\t<meta property=\"og:image:height\" content=\"1200\" \/>\n\t<meta property=\"og:image:type\" content=\"image\/webp\" \/>\n<meta name=\"twitter:card\" content=\"summary_large_image\" \/>\n<meta name=\"twitter:label1\" content=\"Tiempo de lectura\" \/>\n\t<meta name=\"twitter:data1\" content=\"2 minutos\" \/>\n<script type=\"application\/ld+json\" class=\"yoast-schema-graph\">{\"@context\":\"https:\/\/schema.org\",\"@graph\":[{\"@type\":\"WebPage\",\"@id\":\"https:\/\/www.daisho.be\/es\/produit\/mochila-adidas-power-vii-negro-oro\/\",\"url\":\"https:\/\/www.daisho.be\/es\/produit\/mochila-adidas-power-vii-negro-oro\/\",\"name\":\"Mochila Adidas Power VII negro\/oro &#8211; Daisho\",\"isPartOf\":{\"@id\":\"https:\/\/www.daisho.be\/es\/#website\"},\"primaryImageOfPage\":{\"@id\":\"https:\/\/www.daisho.be\/es\/produit\/mochila-adidas-power-vii-negro-oro\/#primaryimage\"},\"image\":{\"@id\":\"https:\/\/www.daisho.be\/es\/produit\/mochila-adidas-power-vii-negro-oro\/#primaryimage\"},\"thumbnailUrl\":\"https:\/\/www.daisho.be\/wp-content\/uploads\/2025\/05\/image.webp\",\"datePublished\":\"2025-05-12T07:03:36+00:00\",\"breadcrumb\":{\"@id\":\"https:\/\/www.daisho.be\/es\/produit\/mochila-adidas-power-vii-negro-oro\/#breadcrumb\"},\"inLanguage\":\"es\",\"potentialAction\":[{\"@type\":\"ReadAction\",\"target\":[\"https:\/\/www.daisho.be\/es\/produit\/mochila-adidas-power-vii-negro-oro\/\"]}]},{\"@type\":\"ImageObject\",\"inLanguage\":\"es\",\"@id\":\"https:\/\/www.daisho.be\/es\/produit\/mochila-adidas-power-vii-negro-oro\/#primaryimage\",\"url\":\"https:\/\/www.daisho.be\/wp-content\/uploads\/2025\/05\/image.webp\",\"contentUrl\":\"https:\/\/www.daisho.be\/wp-content\/uploads\/2025\/05\/image.webp\",\"width\":1200,\"height\":1200,\"caption\":\"Sac \u00e0 dos Adidas Power VII noir\/or-1\"},{\"@type\":\"BreadcrumbList\",\"@id\":\"https:\/\/www.daisho.be\/es\/produit\/mochila-adidas-power-vii-negro-oro\/#breadcrumb\",\"itemListElement\":[{\"@type\":\"ListItem\",\"position\":1,\"name\":\"Accueil\",\"item\":\"https:\/\/www.daisho.be\/es\/\"},{\"@type\":\"ListItem\",\"position\":2,\"name\":\"Productos\",\"item\":\"https:\/\/www.daisho.be\/es\/productos\/\"},{\"@type\":\"ListItem\",\"position\":3,\"name\":\"ADIDAS COMBAT SPORTS\",\"item\":\"https:\/\/www.daisho.be\/es\/categorie-produit\/adidas-combat-sports-es\/\"},{\"@type\":\"ListItem\",\"position\":4,\"name\":\"Karate\",\"item\":\"https:\/\/www.daisho.be\/es\/categorie-produit\/adidas-combat-sports-es\/karate-es\/\"},{\"@type\":\"ListItem\",\"position\":5,\"name\":\"Bolsa de k\u00e1rate Adidas\",\"item\":\"https:\/\/www.daisho.be\/es\/categorie-produit\/adidas-combat-sports-es\/karate-es\/bolsa-de-karate-adidas\/\"},{\"@type\":\"ListItem\",\"position\":6,\"name\":\"Mochila Adidas Power VII negro\/oro\"}]},{\"@type\":\"WebSite\",\"@id\":\"https:\/\/www.daisho.be\/es\/#website\",\"url\":\"https:\/\/www.daisho.be\/es\/\",\"name\":\"Daisho\",\"description\":\"Sp&eacute;cialiste de l'&eacute;quipement sportif d'arts martiaux\",\"publisher\":{\"@id\":\"https:\/\/www.daisho.be\/es\/#organization\"},\"potentialAction\":[{\"@type\":\"SearchAction\",\"target\":{\"@type\":\"EntryPoint\",\"urlTemplate\":\"https:\/\/www.daisho.be\/es\/?s={search_term_string}\"},\"query-input\":{\"@type\":\"PropertyValueSpecification\",\"valueRequired\":true,\"valueName\":\"search_term_string\"}}],\"inLanguage\":\"es\"},{\"@type\":\"Organization\",\"@id\":\"https:\/\/www.daisho.be\/es\/#organization\",\"name\":\"Daisho\",\"url\":\"https:\/\/www.daisho.be\/es\/\",\"logo\":{\"@type\":\"ImageObject\",\"inLanguage\":\"es\",\"@id\":\"https:\/\/www.daisho.be\/es\/#\/schema\/logo\/image\/\",\"url\":\"https:\/\/www.daisho.be\/wp-content\/uploads\/2019\/07\/color-nothing-horizontale4x-e1564486100247.png\",\"contentUrl\":\"https:\/\/www.daisho.be\/wp-content\/uploads\/2019\/07\/color-nothing-horizontale4x-e1564486100247.png\",\"width\":1547,\"height\":385,\"caption\":\"Daisho\"},\"image\":{\"@id\":\"https:\/\/www.daisho.be\/es\/#\/schema\/logo\/image\/\"}}]}<\/script>\n<!-- \/ Yoast SEO plugin. -->","yoast_head_json":{"title":"Mochila Adidas Power VII negro\/oro &#8211; Daisho","robots":{"index":"index","follow":"follow","max-snippet":"max-snippet:-1","max-image-preview":"max-image-preview:large","max-video-preview":"max-video-preview:-1"},"canonical":"https:\/\/www.daisho.be\/es\/produit\/mochila-adidas-power-vii-negro-oro\/","og_locale":"es_ES","og_type":"article","og_title":"Mochila Adidas Power VII negro\/oro &#8211; Daisho","og_description":"La mochila adidas Power VII &#8211; negra con rayas doradas es la compa\u00f1era perfecta para la vida cotidiana, el deporte y el ocio. Con la mochila adidas Power VII, no s\u00f3lo apuestas por la funcionalidad, sino tambi\u00e9n por un aspecto deportivo y elegante. Esta mochila de alta calidad combina un dise\u00f1o cuidado con un acabado [&hellip;]","og_url":"https:\/\/www.daisho.be\/es\/produit\/mochila-adidas-power-vii-negro-oro\/","og_site_name":"Daisho","og_image":[{"width":1200,"height":1200,"url":"https:\/\/www.daisho.be\/wp-content\/uploads\/2025\/05\/image.webp","type":"image\/webp"}],"twitter_card":"summary_large_image","twitter_misc":{"Tiempo de lectura":"2 minutos"},"schema":{"@context":"https:\/\/schema.org","@graph":[{"@type":"WebPage","@id":"https:\/\/www.daisho.be\/es\/produit\/mochila-adidas-power-vii-negro-oro\/","url":"https:\/\/www.daisho.be\/es\/produit\/mochila-adidas-power-vii-negro-oro\/","name":"Mochila Adidas Power VII negro\/oro &#8211; Daisho","isPartOf":{"@id":"https:\/\/www.daisho.be\/es\/#website"},"primaryImageOfPage":{"@id":"https:\/\/www.daisho.be\/es\/produit\/mochila-adidas-power-vii-negro-oro\/#primaryimage"},"image":{"@id":"https:\/\/www.daisho.be\/es\/produit\/mochila-adidas-power-vii-negro-oro\/#primaryimage"},"thumbnailUrl":"https:\/\/www.daisho.be\/wp-content\/uploads\/2025\/05\/image.webp","datePublished":"2025-05-12T07:03:36+00:00","breadcrumb":{"@id":"https:\/\/www.daisho.be\/es\/produit\/mochila-adidas-power-vii-negro-oro\/#breadcrumb"},"inLanguage":"es","potentialAction":[{"@type":"ReadAction","target":["https:\/\/www.daisho.be\/es\/produit\/mochila-adidas-power-vii-negro-oro\/"]}]},{"@type":"ImageObject","inLanguage":"es","@id":"https:\/\/www.daisho.be\/es\/produit\/mochila-adidas-power-vii-negro-oro\/#primaryimage","url":"https:\/\/www.daisho.be\/wp-content\/uploads\/2025\/05\/image.webp","contentUrl":"https:\/\/www.daisho.be\/wp-content\/uploads\/2025\/05\/image.webp","width":1200,"height":1200,"caption":"Sac \u00e0 dos Adidas Power VII noir\/or-1"},{"@type":"BreadcrumbList","@id":"https:\/\/www.daisho.be\/es\/produit\/mochila-adidas-power-vii-negro-oro\/#breadcrumb","itemListElement":[{"@type":"ListItem","position":1,"name":"Accueil","item":"https:\/\/www.daisho.be\/es\/"},{"@type":"ListItem","position":2,"name":"Productos","item":"https:\/\/www.daisho.be\/es\/productos\/"},{"@type":"ListItem","position":3,"name":"ADIDAS COMBAT SPORTS","item":"https:\/\/www.daisho.be\/es\/categorie-produit\/adidas-combat-sports-es\/"},{"@type":"ListItem","position":4,"name":"Karate","item":"https:\/\/www.daisho.be\/es\/categorie-produit\/adidas-combat-sports-es\/karate-es\/"},{"@type":"ListItem","position":5,"name":"Bolsa de k\u00e1rate Adidas","item":"https:\/\/www.daisho.be\/es\/categorie-produit\/adidas-combat-sports-es\/karate-es\/bolsa-de-karate-adidas\/"},{"@type":"ListItem","position":6,"name":"Mochila Adidas Power VII negro\/oro"}]},{"@type":"WebSite","@id":"https:\/\/www.daisho.be\/es\/#website","url":"https:\/\/www.daisho.be\/es\/","name":"Daisho","description":"Sp&eacute;cialiste de l'&eacute;quipement sportif d'arts martiaux","publisher":{"@id":"https:\/\/www.daisho.be\/es\/#organization"},"potentialAction":[{"@type":"SearchAction","target":{"@type":"EntryPoint","urlTemplate":"https:\/\/www.daisho.be\/es\/?s={search_term_string}"},"query-input":{"@type":"PropertyValueSpecification","valueRequired":true,"valueName":"search_term_string"}}],"inLanguage":"es"},{"@type":"Organization","@id":"https:\/\/www.daisho.be\/es\/#organization","name":"Daisho","url":"https:\/\/www.daisho.be\/es\/","logo":{"@type":"ImageObject","inLanguage":"es","@id":"https:\/\/www.daisho.be\/es\/#\/schema\/logo\/image\/","url":"https:\/\/www.daisho.be\/wp-content\/uploads\/2019\/07\/color-nothing-horizontale4x-e1564486100247.png","contentUrl":"https:\/\/www.daisho.be\/wp-content\/uploads\/2019\/07\/color-nothing-horizontale4x-e1564486100247.png","width":1547,"height":385,"caption":"Daisho"},"image":{"@id":"https:\/\/www.daisho.be\/es\/#\/schema\/logo\/image\/"}}]}},"_links":{"self":[{"href":"https:\/\/www.daisho.be\/es\/wp-json\/wp\/v2\/product\/561853","targetHints":{"allow":["GET"]}}],"collection":[{"href":"https:\/\/www.daisho.be\/es\/wp-json\/wp\/v2\/product"}],"about":[{"href":"https:\/\/www.daisho.be\/es\/wp-json\/wp\/v2\/types\/product"}],"replies":[{"embeddable":true,"href":"https:\/\/www.daisho.be\/es\/wp-json\/wp\/v2\/comments?post=561853"}],"wp:featuredmedia":[{"embeddable":true,"href":"https:\/\/www.daisho.be\/es\/wp-json\/wp\/v2\/media\/517921"}],"wp:attachment":[{"href":"https:\/\/www.daisho.be\/es\/wp-json\/wp\/v2\/media?parent=561853"}],"wp:term":[{"taxonomy":"product_brand","embeddable":true,"href":"https:\/\/www.daisho.be\/es\/wp-json\/wp\/v2\/product_brand?post=561853"},{"taxonomy":"product_cat","embeddable":true,"href":"https:\/\/www.daisho.be\/es\/wp-json\/wp\/v2\/product_cat?post=561853"},{"taxonomy":"product_tag","embeddable":true,"href":"https:\/\/www.daisho.be\/es\/wp-json\/wp\/v2\/product_tag?post=561853"},{"taxonomy":"sport","embeddable":true,"href":"https:\/\/www.daisho.be\/es\/wp-json\/wp\/v2\/sport?post=561853"}],"curies":[{"name":"wp","href":"https:\/\/api.w.org\/{rel}","templated":true}]}}