{"id":561573,"date":"2025-05-22T11:24:27","date_gmt":"2025-05-22T09:24:27","guid":{"rendered":"https:\/\/www.daisho.be\/produit\/pantalon-largo-adidas-210t-kickboxing-negroblanco\/"},"modified":"2025-05-22T11:24:27","modified_gmt":"2025-05-22T09:24:27","slug":"pantalon-largo-adidas-210t-kickboxing-negroblanco","status":"publish","type":"product","link":"https:\/\/www.daisho.be\/es\/produit\/pantalon-largo-adidas-210t-kickboxing-negroblanco\/","title":{"rendered":"Pantal\u00f3n largo Adidas 210T Kickboxing negro|blanco"},"content":{"rendered":"<p>La nueva colecci\u00f3n adidas kickboxing, con su dise\u00f1o moderno y sus nuevos cortes, aporta un soplo de aire fresco al entrenamiento.<br \/>\nLa funcionalidad y la calidad son excepcionales, y el ajuste holgado proporciona al luchador una gran libertad de movimientos.<br \/>\nLa serie 210T se dise\u00f1\u00f3 como pantalones pull-on para kickboxing y freestyle.<br \/>\nEl agradable material satinado se ha refinado con una impresi\u00f3n por sublimaci\u00f3n para una larga duraci\u00f3n.<br \/>\nLas 3 rayas en la parte inferior de las perneras dan a estos pantalones ese toque deportivo de adidas.<br \/>\nLa marca tambi\u00e9n se ha colocado en el centro de la cintura delantera del pantal\u00f3n.<br \/>\nEl material de malla est\u00e1 integrado entre las perneras del pantal\u00f3n para garantizar un intercambio de humedad \u00f3ptimo.<br \/>\nLos pantalones est\u00e1n disponibles en las tallas 150-190 cm.<\/p>\n<p>Caracter\u00edsticas :<\/p>\n<p>&#8211; Material:100% poli\u00e9ster satinado<br \/>\n&#8211; tallas disponibles: 150 cm &#8211; 190 cm<br \/>\n&#8211; pantal\u00f3n largo<br \/>\n&#8211; corte holgado<\/p>\n","protected":false},"excerpt":{"rendered":"<p>La nueva colecci\u00f3n adidas kickboxing, con su dise\u00f1o moderno y sus nuevos cortes, aporta un soplo de aire fresco al entrenamiento. La funcionalidad y la calidad son excepcionales, y el ajuste holgado proporciona al luchador una gran libertad de movimientos. La serie 210T se dise\u00f1\u00f3 como pantalones pull-on para kickboxing y freestyle. El agradable material [&hellip;]<\/p>\n","protected":false},"featured_media":519733,"comment_status":"open","ping_status":"closed","template":"","meta":{"inline_featured_image":false},"product_brand":[],"product_cat":[1474,1689],"product_tag":[1560],"sport":[],"class_list":{"0":"post-561573","1":"product","2":"type-product","3":"status-publish","4":"has-post-thumbnail","6":"product_cat-pantalones-de-kickboxing","7":"product_cat-ropa-adidas-kickboxing","8":"product_tag-adidas-es","9":"pa_size-380","10":"pa_size-379","11":"pa_size-378","12":"pa_size-377","13":"pa_size-376","15":"first","16":"instock","17":"taxable","18":"shipping-taxable","19":"purchasable","20":"product-type-variable"},"yoast_head":"<!-- This site is optimized with the Yoast SEO plugin v27.2 - https:\/\/yoast.com\/product\/yoast-seo-wordpress\/ -->\n<title>Pantal\u00f3n largo Adidas 210T Kickboxing negro|blanco &#8211; Daisho<\/title>\n<meta name=\"description\" content=\"Descubre el pantal\u00f3n de kickboxing 210T de Adidas, que combina comodidad y calidad para tus entrenamientos y competiciones. C\u00f3mpralos en www.daisho.be|Daisho\" \/>\n<meta name=\"robots\" content=\"index, follow, max-snippet:-1, max-image-preview:large, max-video-preview:-1\" \/>\n<link rel=\"canonical\" href=\"https:\/\/www.daisho.be\/es\/produit\/pantalon-largo-adidas-210t-kickboxing-negroblanco\/\" \/>\n<meta property=\"og:locale\" content=\"es_ES\" \/>\n<meta property=\"og:type\" content=\"article\" \/>\n<meta property=\"og:title\" content=\"Pantal\u00f3n largo Adidas 210T Kickboxing negro|blanco &#8211; Daisho\" \/>\n<meta property=\"og:description\" content=\"Descubre el pantal\u00f3n de kickboxing 210T de Adidas, que combina comodidad y calidad para tus entrenamientos y competiciones. C\u00f3mpralos en www.daisho.be|Daisho\" \/>\n<meta property=\"og:url\" content=\"https:\/\/www.daisho.be\/es\/produit\/pantalon-largo-adidas-210t-kickboxing-negroblanco\/\" \/>\n<meta property=\"og:site_name\" content=\"Daisho\" \/>\n<meta property=\"og:image\" content=\"https:\/\/www.daisho.be\/wp-content\/uploads\/2025\/05\/image-8.webp\" \/>\n\t<meta property=\"og:image:width\" content=\"545\" \/>\n\t<meta property=\"og:image:height\" content=\"1200\" \/>\n\t<meta property=\"og:image:type\" content=\"image\/webp\" \/>\n<meta name=\"twitter:card\" content=\"summary_large_image\" \/>\n<meta name=\"twitter:label1\" content=\"Tiempo de lectura\" \/>\n\t<meta name=\"twitter:data1\" content=\"1 minuto\" \/>\n<script type=\"application\/ld+json\" class=\"yoast-schema-graph\">{\"@context\":\"https:\/\/schema.org\",\"@graph\":[{\"@type\":\"WebPage\",\"@id\":\"https:\/\/www.daisho.be\/es\/produit\/pantalon-largo-adidas-210t-kickboxing-negroblanco\/\",\"url\":\"https:\/\/www.daisho.be\/es\/produit\/pantalon-largo-adidas-210t-kickboxing-negroblanco\/\",\"name\":\"Pantal\u00f3n largo Adidas 210T Kickboxing negro|blanco &#8211; Daisho\",\"isPartOf\":{\"@id\":\"https:\/\/www.daisho.be\/es\/#website\"},\"primaryImageOfPage\":{\"@id\":\"https:\/\/www.daisho.be\/es\/produit\/pantalon-largo-adidas-210t-kickboxing-negroblanco\/#primaryimage\"},\"image\":{\"@id\":\"https:\/\/www.daisho.be\/es\/produit\/pantalon-largo-adidas-210t-kickboxing-negroblanco\/#primaryimage\"},\"thumbnailUrl\":\"https:\/\/www.daisho.be\/wp-content\/uploads\/2025\/05\/image-8.webp\",\"datePublished\":\"2025-05-22T09:24:27+00:00\",\"description\":\"Descubre el pantal\u00f3n de kickboxing 210T de Adidas, que combina comodidad y calidad para tus entrenamientos y competiciones. C\u00f3mpralos en www.daisho.be|Daisho\",\"breadcrumb\":{\"@id\":\"https:\/\/www.daisho.be\/es\/produit\/pantalon-largo-adidas-210t-kickboxing-negroblanco\/#breadcrumb\"},\"inLanguage\":\"es\",\"potentialAction\":[{\"@type\":\"ReadAction\",\"target\":[\"https:\/\/www.daisho.be\/es\/produit\/pantalon-largo-adidas-210t-kickboxing-negroblanco\/\"]}]},{\"@type\":\"ImageObject\",\"inLanguage\":\"es\",\"@id\":\"https:\/\/www.daisho.be\/es\/produit\/pantalon-largo-adidas-210t-kickboxing-negroblanco\/#primaryimage\",\"url\":\"https:\/\/www.daisho.be\/wp-content\/uploads\/2025\/05\/image-8.webp\",\"contentUrl\":\"https:\/\/www.daisho.be\/wp-content\/uploads\/2025\/05\/image-8.webp\",\"width\":545,\"height\":1200,\"caption\":\"Pantal\u00f3n largo Adidas 210T Kickboxing negro|blanco-1\"},{\"@type\":\"BreadcrumbList\",\"@id\":\"https:\/\/www.daisho.be\/es\/produit\/pantalon-largo-adidas-210t-kickboxing-negroblanco\/#breadcrumb\",\"itemListElement\":[{\"@type\":\"ListItem\",\"position\":1,\"name\":\"Accueil\",\"item\":\"https:\/\/www.daisho.be\/es\/\"},{\"@type\":\"ListItem\",\"position\":2,\"name\":\"Productos\",\"item\":\"https:\/\/www.daisho.be\/es\/productos\/\"},{\"@type\":\"ListItem\",\"position\":3,\"name\":\"Equipamiento y ropa para artes marciales y deportes de combate\",\"item\":\"https:\/\/www.daisho.be\/es\/categorie-produit\/equipamiento-y-ropa-para-artes-marciales-y-deportes-de-combate\/\"},{\"@type\":\"ListItem\",\"position\":4,\"name\":\"Kick Boxing\",\"item\":\"https:\/\/www.daisho.be\/es\/categorie-produit\/equipamiento-y-ropa-para-artes-marciales-y-deportes-de-combate\/kick-boxing-es\/\"},{\"@type\":\"ListItem\",\"position\":5,\"name\":\"Pantalones de kickboxing\",\"item\":\"https:\/\/www.daisho.be\/es\/categorie-produit\/equipamiento-y-ropa-para-artes-marciales-y-deportes-de-combate\/kick-boxing-es\/pantalones-de-kickboxing\/\"},{\"@type\":\"ListItem\",\"position\":6,\"name\":\"Pantal\u00f3n largo Adidas 210T Kickboxing negro|blanco\"}]},{\"@type\":\"WebSite\",\"@id\":\"https:\/\/www.daisho.be\/es\/#website\",\"url\":\"https:\/\/www.daisho.be\/es\/\",\"name\":\"Daisho\",\"description\":\"Sp&eacute;cialiste de l'&eacute;quipement sportif d'arts martiaux\",\"publisher\":{\"@id\":\"https:\/\/www.daisho.be\/es\/#organization\"},\"potentialAction\":[{\"@type\":\"SearchAction\",\"target\":{\"@type\":\"EntryPoint\",\"urlTemplate\":\"https:\/\/www.daisho.be\/es\/?s={search_term_string}\"},\"query-input\":{\"@type\":\"PropertyValueSpecification\",\"valueRequired\":true,\"valueName\":\"search_term_string\"}}],\"inLanguage\":\"es\"},{\"@type\":\"Organization\",\"@id\":\"https:\/\/www.daisho.be\/es\/#organization\",\"name\":\"Daisho\",\"url\":\"https:\/\/www.daisho.be\/es\/\",\"logo\":{\"@type\":\"ImageObject\",\"inLanguage\":\"es\",\"@id\":\"https:\/\/www.daisho.be\/es\/#\/schema\/logo\/image\/\",\"url\":\"https:\/\/www.daisho.be\/wp-content\/uploads\/2019\/07\/color-nothing-horizontale4x-e1564486100247.png\",\"contentUrl\":\"https:\/\/www.daisho.be\/wp-content\/uploads\/2019\/07\/color-nothing-horizontale4x-e1564486100247.png\",\"width\":1547,\"height\":385,\"caption\":\"Daisho\"},\"image\":{\"@id\":\"https:\/\/www.daisho.be\/es\/#\/schema\/logo\/image\/\"}}]}<\/script>\n<!-- \/ Yoast SEO plugin. -->","yoast_head_json":{"title":"Pantal\u00f3n largo Adidas 210T Kickboxing negro|blanco &#8211; Daisho","description":"Descubre el pantal\u00f3n de kickboxing 210T de Adidas, que combina comodidad y calidad para tus entrenamientos y competiciones. C\u00f3mpralos en www.daisho.be|Daisho","robots":{"index":"index","follow":"follow","max-snippet":"max-snippet:-1","max-image-preview":"max-image-preview:large","max-video-preview":"max-video-preview:-1"},"canonical":"https:\/\/www.daisho.be\/es\/produit\/pantalon-largo-adidas-210t-kickboxing-negroblanco\/","og_locale":"es_ES","og_type":"article","og_title":"Pantal\u00f3n largo Adidas 210T Kickboxing negro|blanco &#8211; Daisho","og_description":"Descubre el pantal\u00f3n de kickboxing 210T de Adidas, que combina comodidad y calidad para tus entrenamientos y competiciones. C\u00f3mpralos en www.daisho.be|Daisho","og_url":"https:\/\/www.daisho.be\/es\/produit\/pantalon-largo-adidas-210t-kickboxing-negroblanco\/","og_site_name":"Daisho","og_image":[{"width":545,"height":1200,"url":"https:\/\/www.daisho.be\/wp-content\/uploads\/2025\/05\/image-8.webp","type":"image\/webp"}],"twitter_card":"summary_large_image","twitter_misc":{"Tiempo de lectura":"1 minuto"},"schema":{"@context":"https:\/\/schema.org","@graph":[{"@type":"WebPage","@id":"https:\/\/www.daisho.be\/es\/produit\/pantalon-largo-adidas-210t-kickboxing-negroblanco\/","url":"https:\/\/www.daisho.be\/es\/produit\/pantalon-largo-adidas-210t-kickboxing-negroblanco\/","name":"Pantal\u00f3n largo Adidas 210T Kickboxing negro|blanco &#8211; Daisho","isPartOf":{"@id":"https:\/\/www.daisho.be\/es\/#website"},"primaryImageOfPage":{"@id":"https:\/\/www.daisho.be\/es\/produit\/pantalon-largo-adidas-210t-kickboxing-negroblanco\/#primaryimage"},"image":{"@id":"https:\/\/www.daisho.be\/es\/produit\/pantalon-largo-adidas-210t-kickboxing-negroblanco\/#primaryimage"},"thumbnailUrl":"https:\/\/www.daisho.be\/wp-content\/uploads\/2025\/05\/image-8.webp","datePublished":"2025-05-22T09:24:27+00:00","description":"Descubre el pantal\u00f3n de kickboxing 210T de Adidas, que combina comodidad y calidad para tus entrenamientos y competiciones. C\u00f3mpralos en www.daisho.be|Daisho","breadcrumb":{"@id":"https:\/\/www.daisho.be\/es\/produit\/pantalon-largo-adidas-210t-kickboxing-negroblanco\/#breadcrumb"},"inLanguage":"es","potentialAction":[{"@type":"ReadAction","target":["https:\/\/www.daisho.be\/es\/produit\/pantalon-largo-adidas-210t-kickboxing-negroblanco\/"]}]},{"@type":"ImageObject","inLanguage":"es","@id":"https:\/\/www.daisho.be\/es\/produit\/pantalon-largo-adidas-210t-kickboxing-negroblanco\/#primaryimage","url":"https:\/\/www.daisho.be\/wp-content\/uploads\/2025\/05\/image-8.webp","contentUrl":"https:\/\/www.daisho.be\/wp-content\/uploads\/2025\/05\/image-8.webp","width":545,"height":1200,"caption":"Pantal\u00f3n largo Adidas 210T Kickboxing negro|blanco-1"},{"@type":"BreadcrumbList","@id":"https:\/\/www.daisho.be\/es\/produit\/pantalon-largo-adidas-210t-kickboxing-negroblanco\/#breadcrumb","itemListElement":[{"@type":"ListItem","position":1,"name":"Accueil","item":"https:\/\/www.daisho.be\/es\/"},{"@type":"ListItem","position":2,"name":"Productos","item":"https:\/\/www.daisho.be\/es\/productos\/"},{"@type":"ListItem","position":3,"name":"Equipamiento y ropa para artes marciales y deportes de combate","item":"https:\/\/www.daisho.be\/es\/categorie-produit\/equipamiento-y-ropa-para-artes-marciales-y-deportes-de-combate\/"},{"@type":"ListItem","position":4,"name":"Kick Boxing","item":"https:\/\/www.daisho.be\/es\/categorie-produit\/equipamiento-y-ropa-para-artes-marciales-y-deportes-de-combate\/kick-boxing-es\/"},{"@type":"ListItem","position":5,"name":"Pantalones de kickboxing","item":"https:\/\/www.daisho.be\/es\/categorie-produit\/equipamiento-y-ropa-para-artes-marciales-y-deportes-de-combate\/kick-boxing-es\/pantalones-de-kickboxing\/"},{"@type":"ListItem","position":6,"name":"Pantal\u00f3n largo Adidas 210T Kickboxing negro|blanco"}]},{"@type":"WebSite","@id":"https:\/\/www.daisho.be\/es\/#website","url":"https:\/\/www.daisho.be\/es\/","name":"Daisho","description":"Sp&eacute;cialiste de l'&eacute;quipement sportif d'arts martiaux","publisher":{"@id":"https:\/\/www.daisho.be\/es\/#organization"},"potentialAction":[{"@type":"SearchAction","target":{"@type":"EntryPoint","urlTemplate":"https:\/\/www.daisho.be\/es\/?s={search_term_string}"},"query-input":{"@type":"PropertyValueSpecification","valueRequired":true,"valueName":"search_term_string"}}],"inLanguage":"es"},{"@type":"Organization","@id":"https:\/\/www.daisho.be\/es\/#organization","name":"Daisho","url":"https:\/\/www.daisho.be\/es\/","logo":{"@type":"ImageObject","inLanguage":"es","@id":"https:\/\/www.daisho.be\/es\/#\/schema\/logo\/image\/","url":"https:\/\/www.daisho.be\/wp-content\/uploads\/2019\/07\/color-nothing-horizontale4x-e1564486100247.png","contentUrl":"https:\/\/www.daisho.be\/wp-content\/uploads\/2019\/07\/color-nothing-horizontale4x-e1564486100247.png","width":1547,"height":385,"caption":"Daisho"},"image":{"@id":"https:\/\/www.daisho.be\/es\/#\/schema\/logo\/image\/"}}]}},"_links":{"self":[{"href":"https:\/\/www.daisho.be\/es\/wp-json\/wp\/v2\/product\/561573","targetHints":{"allow":["GET"]}}],"collection":[{"href":"https:\/\/www.daisho.be\/es\/wp-json\/wp\/v2\/product"}],"about":[{"href":"https:\/\/www.daisho.be\/es\/wp-json\/wp\/v2\/types\/product"}],"replies":[{"embeddable":true,"href":"https:\/\/www.daisho.be\/es\/wp-json\/wp\/v2\/comments?post=561573"}],"wp:featuredmedia":[{"embeddable":true,"href":"https:\/\/www.daisho.be\/es\/wp-json\/wp\/v2\/media\/519733"}],"wp:attachment":[{"href":"https:\/\/www.daisho.be\/es\/wp-json\/wp\/v2\/media?parent=561573"}],"wp:term":[{"taxonomy":"product_brand","embeddable":true,"href":"https:\/\/www.daisho.be\/es\/wp-json\/wp\/v2\/product_brand?post=561573"},{"taxonomy":"product_cat","embeddable":true,"href":"https:\/\/www.daisho.be\/es\/wp-json\/wp\/v2\/product_cat?post=561573"},{"taxonomy":"product_tag","embeddable":true,"href":"https:\/\/www.daisho.be\/es\/wp-json\/wp\/v2\/product_tag?post=561573"},{"taxonomy":"sport","embeddable":true,"href":"https:\/\/www.daisho.be\/es\/wp-json\/wp\/v2\/sport?post=561573"}],"curies":[{"name":"wp","href":"https:\/\/api.w.org\/{rel}","templated":true}]}}