{"id":561452,"date":"2025-05-22T18:15:48","date_gmt":"2025-05-22T16:15:48","guid":{"rendered":"https:\/\/www.daisho.be\/produit\/camiseta-de-tirantes-adidas-para-el-boxeo-frances\/"},"modified":"2025-05-22T18:15:48","modified_gmt":"2025-05-22T16:15:48","slug":"camiseta-de-tirantes-adidas-para-el-boxeo-frances","status":"publish","type":"product","link":"https:\/\/www.daisho.be\/es\/produit\/camiseta-de-tirantes-adidas-para-el-boxeo-frances\/","title":{"rendered":"Camiseta de tirantes adidas para el boxeo franc\u00e9s"},"content":{"rendered":"<p>Camiseta de tirantes adidas &#8211; Boxeo franc\u00e9s \/ Savate &#8211; corte tradicional<br \/>\nEsta camiseta de tirantes adidas est\u00e1 dise\u00f1ada espec\u00edficamente para el boxeo franc\u00e9s.<br \/>\nFabricada en 100% poli\u00e9ster, combina flexibilidad, elasticidad y transpirabilidad.<br \/>\nSu corte completo tradicional respeta las normas de la disciplina y garantiza un ajuste \u00f3ptimo.<br \/>\nColor: negro con rayas blancas | Material: 100% poli\u00e9ster<br \/>\n<em>Ideal tanto para el entrenamiento como para la competici\u00f3n.<\/em><\/p>\n","protected":false},"excerpt":{"rendered":"<p>Camiseta de tirantes adidas &#8211; Boxeo franc\u00e9s \/ Savate &#8211; corte tradicional Esta camiseta de tirantes adidas est\u00e1 dise\u00f1ada espec\u00edficamente para el boxeo franc\u00e9s. Fabricada en 100% poli\u00e9ster, combina flexibilidad, elasticidad y transpirabilidad. Su corte completo tradicional respeta las normas de la disciplina y garantiza un ajuste \u00f3ptimo. Color: negro con rayas blancas | Material: [&hellip;]<\/p>\n","protected":false},"featured_media":520068,"comment_status":"open","ping_status":"closed","template":"","meta":{"inline_featured_image":false},"product_brand":[],"product_cat":[1388,1626,1311],"product_tag":[1560],"sport":[],"class_list":{"0":"post-561452","1":"product","2":"type-product","3":"status-publish","4":"has-post-thumbnail","6":"product_cat-ropa","7":"product_cat-ropa-de-boxeo-adidas","8":"product_cat-trajes-kimonos","9":"product_tag-adidas-es","10":"pa_size-2xs","11":"pa_size-3xs","12":"pa_size-l","13":"pa_size-m","14":"pa_size-s","15":"pa_size-xl","16":"pa_size-xs","18":"first","19":"instock","20":"taxable","21":"shipping-taxable","22":"purchasable","23":"product-type-variable"},"yoast_head":"<!-- This site is optimized with the Yoast SEO plugin v27.2 - https:\/\/yoast.com\/product\/yoast-seo-wordpress\/ -->\n<title>Camiseta de tirantes adidas para el boxeo franc\u00e9s &#8211; Daisho<\/title>\n<meta name=\"description\" content=\"Camiseta de tirantes adidas Boxe Fran\u00e7aise, corte entero, poli\u00e9ster transpirable. Perfecta para el entrenamiento y la competici\u00f3n.\" \/>\n<meta name=\"robots\" content=\"index, follow, max-snippet:-1, max-image-preview:large, max-video-preview:-1\" \/>\n<link rel=\"canonical\" href=\"https:\/\/www.daisho.be\/es\/produit\/camiseta-de-tirantes-adidas-para-el-boxeo-frances\/\" \/>\n<meta property=\"og:locale\" content=\"es_ES\" \/>\n<meta property=\"og:type\" content=\"article\" \/>\n<meta property=\"og:title\" content=\"Camiseta de tirantes adidas para el boxeo franc\u00e9s &#8211; Daisho\" \/>\n<meta property=\"og:description\" content=\"Camiseta de tirantes adidas Boxe Fran\u00e7aise, corte entero, poli\u00e9ster transpirable. Perfecta para el entrenamiento y la competici\u00f3n.\" \/>\n<meta property=\"og:url\" content=\"https:\/\/www.daisho.be\/es\/produit\/camiseta-de-tirantes-adidas-para-el-boxeo-frances\/\" \/>\n<meta property=\"og:site_name\" content=\"Daisho\" \/>\n<meta property=\"og:image\" content=\"https:\/\/www.daisho.be\/wp-content\/uploads\/2025\/05\/image-17.jpg\" \/>\n\t<meta property=\"og:image:width\" content=\"800\" \/>\n\t<meta property=\"og:image:height\" content=\"800\" \/>\n\t<meta property=\"og:image:type\" content=\"image\/jpeg\" \/>\n<meta name=\"twitter:card\" content=\"summary_large_image\" \/>\n<script type=\"application\/ld+json\" class=\"yoast-schema-graph\">{\"@context\":\"https:\/\/schema.org\",\"@graph\":[{\"@type\":\"WebPage\",\"@id\":\"https:\/\/www.daisho.be\/es\/produit\/camiseta-de-tirantes-adidas-para-el-boxeo-frances\/\",\"url\":\"https:\/\/www.daisho.be\/es\/produit\/camiseta-de-tirantes-adidas-para-el-boxeo-frances\/\",\"name\":\"Camiseta de tirantes adidas para el boxeo franc\u00e9s &#8211; Daisho\",\"isPartOf\":{\"@id\":\"https:\/\/www.daisho.be\/es\/#website\"},\"primaryImageOfPage\":{\"@id\":\"https:\/\/www.daisho.be\/es\/produit\/camiseta-de-tirantes-adidas-para-el-boxeo-frances\/#primaryimage\"},\"image\":{\"@id\":\"https:\/\/www.daisho.be\/es\/produit\/camiseta-de-tirantes-adidas-para-el-boxeo-frances\/#primaryimage\"},\"thumbnailUrl\":\"https:\/\/www.daisho.be\/wp-content\/uploads\/2025\/05\/image-17.jpg\",\"datePublished\":\"2025-05-22T16:15:48+00:00\",\"description\":\"Camiseta de tirantes adidas Boxe Fran\u00e7aise, corte entero, poli\u00e9ster transpirable. Perfecta para el entrenamiento y la competici\u00f3n.\",\"breadcrumb\":{\"@id\":\"https:\/\/www.daisho.be\/es\/produit\/camiseta-de-tirantes-adidas-para-el-boxeo-frances\/#breadcrumb\"},\"inLanguage\":\"es\",\"potentialAction\":[{\"@type\":\"ReadAction\",\"target\":[\"https:\/\/www.daisho.be\/es\/produit\/camiseta-de-tirantes-adidas-para-el-boxeo-frances\/\"]}]},{\"@type\":\"ImageObject\",\"inLanguage\":\"es\",\"@id\":\"https:\/\/www.daisho.be\/es\/produit\/camiseta-de-tirantes-adidas-para-el-boxeo-frances\/#primaryimage\",\"url\":\"https:\/\/www.daisho.be\/wp-content\/uploads\/2025\/05\/image-17.jpg\",\"contentUrl\":\"https:\/\/www.daisho.be\/wp-content\/uploads\/2025\/05\/image-17.jpg\",\"width\":800,\"height\":800,\"caption\":\"Camiseta de tirantes adidas French Boxing-5\"},{\"@type\":\"BreadcrumbList\",\"@id\":\"https:\/\/www.daisho.be\/es\/produit\/camiseta-de-tirantes-adidas-para-el-boxeo-frances\/#breadcrumb\",\"itemListElement\":[{\"@type\":\"ListItem\",\"position\":1,\"name\":\"Accueil\",\"item\":\"https:\/\/www.daisho.be\/es\/\"},{\"@type\":\"ListItem\",\"position\":2,\"name\":\"Productos\",\"item\":\"https:\/\/www.daisho.be\/es\/productos\/\"},{\"@type\":\"ListItem\",\"position\":3,\"name\":\"ADIDAS COMBAT SPORTS\",\"item\":\"https:\/\/www.daisho.be\/es\/categorie-produit\/adidas-combat-sports-es\/\"},{\"@type\":\"ListItem\",\"position\":4,\"name\":\"Boxeo\",\"item\":\"https:\/\/www.daisho.be\/es\/categorie-produit\/adidas-combat-sports-es\/boxeo\/\"},{\"@type\":\"ListItem\",\"position\":5,\"name\":\"Ropa de boxeo Adidas\",\"item\":\"https:\/\/www.daisho.be\/es\/categorie-produit\/adidas-combat-sports-es\/boxeo\/ropa-de-boxeo-adidas\/\"},{\"@type\":\"ListItem\",\"position\":6,\"name\":\"Camiseta de tirantes adidas para el boxeo franc\u00e9s\"}]},{\"@type\":\"WebSite\",\"@id\":\"https:\/\/www.daisho.be\/es\/#website\",\"url\":\"https:\/\/www.daisho.be\/es\/\",\"name\":\"Daisho\",\"description\":\"Sp&eacute;cialiste de l'&eacute;quipement sportif d'arts martiaux\",\"publisher\":{\"@id\":\"https:\/\/www.daisho.be\/es\/#organization\"},\"potentialAction\":[{\"@type\":\"SearchAction\",\"target\":{\"@type\":\"EntryPoint\",\"urlTemplate\":\"https:\/\/www.daisho.be\/es\/?s={search_term_string}\"},\"query-input\":{\"@type\":\"PropertyValueSpecification\",\"valueRequired\":true,\"valueName\":\"search_term_string\"}}],\"inLanguage\":\"es\"},{\"@type\":\"Organization\",\"@id\":\"https:\/\/www.daisho.be\/es\/#organization\",\"name\":\"Daisho\",\"url\":\"https:\/\/www.daisho.be\/es\/\",\"logo\":{\"@type\":\"ImageObject\",\"inLanguage\":\"es\",\"@id\":\"https:\/\/www.daisho.be\/es\/#\/schema\/logo\/image\/\",\"url\":\"https:\/\/www.daisho.be\/wp-content\/uploads\/2019\/07\/color-nothing-horizontale4x-e1564486100247.png\",\"contentUrl\":\"https:\/\/www.daisho.be\/wp-content\/uploads\/2019\/07\/color-nothing-horizontale4x-e1564486100247.png\",\"width\":1547,\"height\":385,\"caption\":\"Daisho\"},\"image\":{\"@id\":\"https:\/\/www.daisho.be\/es\/#\/schema\/logo\/image\/\"}}]}<\/script>\n<!-- \/ Yoast SEO plugin. -->","yoast_head_json":{"title":"Camiseta de tirantes adidas para el boxeo franc\u00e9s &#8211; Daisho","description":"Camiseta de tirantes adidas Boxe Fran\u00e7aise, corte entero, poli\u00e9ster transpirable. Perfecta para el entrenamiento y la competici\u00f3n.","robots":{"index":"index","follow":"follow","max-snippet":"max-snippet:-1","max-image-preview":"max-image-preview:large","max-video-preview":"max-video-preview:-1"},"canonical":"https:\/\/www.daisho.be\/es\/produit\/camiseta-de-tirantes-adidas-para-el-boxeo-frances\/","og_locale":"es_ES","og_type":"article","og_title":"Camiseta de tirantes adidas para el boxeo franc\u00e9s &#8211; Daisho","og_description":"Camiseta de tirantes adidas Boxe Fran\u00e7aise, corte entero, poli\u00e9ster transpirable. Perfecta para el entrenamiento y la competici\u00f3n.","og_url":"https:\/\/www.daisho.be\/es\/produit\/camiseta-de-tirantes-adidas-para-el-boxeo-frances\/","og_site_name":"Daisho","og_image":[{"width":800,"height":800,"url":"https:\/\/www.daisho.be\/wp-content\/uploads\/2025\/05\/image-17.jpg","type":"image\/jpeg"}],"twitter_card":"summary_large_image","schema":{"@context":"https:\/\/schema.org","@graph":[{"@type":"WebPage","@id":"https:\/\/www.daisho.be\/es\/produit\/camiseta-de-tirantes-adidas-para-el-boxeo-frances\/","url":"https:\/\/www.daisho.be\/es\/produit\/camiseta-de-tirantes-adidas-para-el-boxeo-frances\/","name":"Camiseta de tirantes adidas para el boxeo franc\u00e9s &#8211; Daisho","isPartOf":{"@id":"https:\/\/www.daisho.be\/es\/#website"},"primaryImageOfPage":{"@id":"https:\/\/www.daisho.be\/es\/produit\/camiseta-de-tirantes-adidas-para-el-boxeo-frances\/#primaryimage"},"image":{"@id":"https:\/\/www.daisho.be\/es\/produit\/camiseta-de-tirantes-adidas-para-el-boxeo-frances\/#primaryimage"},"thumbnailUrl":"https:\/\/www.daisho.be\/wp-content\/uploads\/2025\/05\/image-17.jpg","datePublished":"2025-05-22T16:15:48+00:00","description":"Camiseta de tirantes adidas Boxe Fran\u00e7aise, corte entero, poli\u00e9ster transpirable. Perfecta para el entrenamiento y la competici\u00f3n.","breadcrumb":{"@id":"https:\/\/www.daisho.be\/es\/produit\/camiseta-de-tirantes-adidas-para-el-boxeo-frances\/#breadcrumb"},"inLanguage":"es","potentialAction":[{"@type":"ReadAction","target":["https:\/\/www.daisho.be\/es\/produit\/camiseta-de-tirantes-adidas-para-el-boxeo-frances\/"]}]},{"@type":"ImageObject","inLanguage":"es","@id":"https:\/\/www.daisho.be\/es\/produit\/camiseta-de-tirantes-adidas-para-el-boxeo-frances\/#primaryimage","url":"https:\/\/www.daisho.be\/wp-content\/uploads\/2025\/05\/image-17.jpg","contentUrl":"https:\/\/www.daisho.be\/wp-content\/uploads\/2025\/05\/image-17.jpg","width":800,"height":800,"caption":"Camiseta de tirantes adidas French Boxing-5"},{"@type":"BreadcrumbList","@id":"https:\/\/www.daisho.be\/es\/produit\/camiseta-de-tirantes-adidas-para-el-boxeo-frances\/#breadcrumb","itemListElement":[{"@type":"ListItem","position":1,"name":"Accueil","item":"https:\/\/www.daisho.be\/es\/"},{"@type":"ListItem","position":2,"name":"Productos","item":"https:\/\/www.daisho.be\/es\/productos\/"},{"@type":"ListItem","position":3,"name":"ADIDAS COMBAT SPORTS","item":"https:\/\/www.daisho.be\/es\/categorie-produit\/adidas-combat-sports-es\/"},{"@type":"ListItem","position":4,"name":"Boxeo","item":"https:\/\/www.daisho.be\/es\/categorie-produit\/adidas-combat-sports-es\/boxeo\/"},{"@type":"ListItem","position":5,"name":"Ropa de boxeo Adidas","item":"https:\/\/www.daisho.be\/es\/categorie-produit\/adidas-combat-sports-es\/boxeo\/ropa-de-boxeo-adidas\/"},{"@type":"ListItem","position":6,"name":"Camiseta de tirantes adidas para el boxeo franc\u00e9s"}]},{"@type":"WebSite","@id":"https:\/\/www.daisho.be\/es\/#website","url":"https:\/\/www.daisho.be\/es\/","name":"Daisho","description":"Sp&eacute;cialiste de l'&eacute;quipement sportif d'arts martiaux","publisher":{"@id":"https:\/\/www.daisho.be\/es\/#organization"},"potentialAction":[{"@type":"SearchAction","target":{"@type":"EntryPoint","urlTemplate":"https:\/\/www.daisho.be\/es\/?s={search_term_string}"},"query-input":{"@type":"PropertyValueSpecification","valueRequired":true,"valueName":"search_term_string"}}],"inLanguage":"es"},{"@type":"Organization","@id":"https:\/\/www.daisho.be\/es\/#organization","name":"Daisho","url":"https:\/\/www.daisho.be\/es\/","logo":{"@type":"ImageObject","inLanguage":"es","@id":"https:\/\/www.daisho.be\/es\/#\/schema\/logo\/image\/","url":"https:\/\/www.daisho.be\/wp-content\/uploads\/2019\/07\/color-nothing-horizontale4x-e1564486100247.png","contentUrl":"https:\/\/www.daisho.be\/wp-content\/uploads\/2019\/07\/color-nothing-horizontale4x-e1564486100247.png","width":1547,"height":385,"caption":"Daisho"},"image":{"@id":"https:\/\/www.daisho.be\/es\/#\/schema\/logo\/image\/"}}]}},"_links":{"self":[{"href":"https:\/\/www.daisho.be\/es\/wp-json\/wp\/v2\/product\/561452","targetHints":{"allow":["GET"]}}],"collection":[{"href":"https:\/\/www.daisho.be\/es\/wp-json\/wp\/v2\/product"}],"about":[{"href":"https:\/\/www.daisho.be\/es\/wp-json\/wp\/v2\/types\/product"}],"replies":[{"embeddable":true,"href":"https:\/\/www.daisho.be\/es\/wp-json\/wp\/v2\/comments?post=561452"}],"wp:featuredmedia":[{"embeddable":true,"href":"https:\/\/www.daisho.be\/es\/wp-json\/wp\/v2\/media\/520068"}],"wp:attachment":[{"href":"https:\/\/www.daisho.be\/es\/wp-json\/wp\/v2\/media?parent=561452"}],"wp:term":[{"taxonomy":"product_brand","embeddable":true,"href":"https:\/\/www.daisho.be\/es\/wp-json\/wp\/v2\/product_brand?post=561452"},{"taxonomy":"product_cat","embeddable":true,"href":"https:\/\/www.daisho.be\/es\/wp-json\/wp\/v2\/product_cat?post=561452"},{"taxonomy":"product_tag","embeddable":true,"href":"https:\/\/www.daisho.be\/es\/wp-json\/wp\/v2\/product_tag?post=561452"},{"taxonomy":"sport","embeddable":true,"href":"https:\/\/www.daisho.be\/es\/wp-json\/wp\/v2\/sport?post=561452"}],"curies":[{"name":"wp","href":"https:\/\/api.w.org\/{rel}","templated":true}]}}