{"id":500335,"date":"2025-03-01T11:19:05","date_gmt":"2025-03-01T10:19:05","guid":{"rendered":"https:\/\/www.daisho.be\/produit\/marcador-de-tiza-tira-de-cuchillo\/"},"modified":"2026-02-09T16:39:14","modified_gmt":"2026-02-09T15:39:14","slug":"marcador-de-tiza-tira-de-cuchillo","status":"publish","type":"product","link":"https:\/\/www.daisho.be\/es\/produit\/marcador-de-tiza-tira-de-cuchillo\/","title":{"rendered":"MARCADOR DE TIZA TIRA DE CUCHILLO"},"content":{"rendered":"<p>Regleta de marcaje para cuchilla de tiza<\/p>\n<p>Tira de recambio dise\u00f1ada para cuchillos marcadores de tiza.<\/p>\n<p>Prolonga el uso de tu cuchillo de entrenamiento de pl\u00e1stico, asegur\u00e1ndote siempre el mejor marcaje posible durante tus ejercicios. Gracias a su adhesivo de alto rendimiento, ofrece un agarre excelente, incluso durante los intercambios intensos. <\/p>\n<p>La intensidad de tus combates y sesiones de entrenamiento ya no compromete la calidad de tu marcaje.<\/p>\n<p>Caracter\u00edsticas :<\/p>\n<p>&#8211; Cinta de repuesto para marcar la hoja del cuchillo<br \/>\n&#8211; Adhesivo de alta resistencia<br \/>\n&#8211; Se venden por unidad<\/p>\n<p>Ideal para mantener el rendimiento y la longevidad de tu equipo de entrenamiento.<\/p>\n","protected":false},"excerpt":{"rendered":"<p>Regleta de marcaje para cuchilla de tiza Tira de recambio dise\u00f1ada para cuchillos marcadores de tiza. Prolonga el uso de tu cuchillo de entrenamiento de pl\u00e1stico, asegur\u00e1ndote siempre el mejor marcaje posible durante tus ejercicios. Gracias a su adhesivo de alto rendimiento, ofrece un agarre excelente, incluso durante los intercambios intensos. La intensidad de tus [&hellip;]<\/p>\n","protected":false},"featured_media":500317,"comment_status":"open","ping_status":"closed","template":"","meta":{"inline_featured_image":false},"product_brand":[],"product_cat":[1343,1354],"product_tag":[2495],"sport":[],"class_list":{"0":"post-500335","1":"product","2":"type-product","3":"status-publish","4":"has-post-thumbnail","6":"product_cat-armas","7":"product_cat-armas-de-krav-maga","8":"product_tag-sharkee-es","9":"pa_size-sans-taille-defaut","11":"first","12":"instock","13":"taxable","14":"shipping-taxable","15":"purchasable","16":"product-type-variable"},"yoast_head":"<!-- This site is optimized with the Yoast SEO plugin v27.2 - https:\/\/yoast.com\/product\/yoast-seo-wordpress\/ -->\n<title>MARCADOR DE TIZA TIRA DE CUCHILLO &#8211; Daisho<\/title>\n<meta name=\"robots\" content=\"index, follow, max-snippet:-1, max-image-preview:large, max-video-preview:-1\" \/>\n<link rel=\"canonical\" href=\"https:\/\/www.daisho.be\/es\/produit\/marcador-de-tiza-tira-de-cuchillo\/\" \/>\n<meta property=\"og:locale\" content=\"es_ES\" \/>\n<meta property=\"og:type\" content=\"article\" \/>\n<meta property=\"og:title\" content=\"MARCADOR DE TIZA TIRA DE CUCHILLO &#8211; Daisho\" \/>\n<meta property=\"og:description\" content=\"Regleta de marcaje para cuchilla de tiza Tira de recambio dise\u00f1ada para cuchillos marcadores de tiza. Prolonga el uso de tu cuchillo de entrenamiento de pl\u00e1stico, asegur\u00e1ndote siempre el mejor marcaje posible durante tus ejercicios. Gracias a su adhesivo de alto rendimiento, ofrece un agarre excelente, incluso durante los intercambios intensos. La intensidad de tus [&hellip;]\" \/>\n<meta property=\"og:url\" content=\"https:\/\/www.daisho.be\/es\/produit\/marcador-de-tiza-tira-de-cuchillo\/\" \/>\n<meta property=\"og:site_name\" content=\"Daisho\" \/>\n<meta property=\"article:modified_time\" content=\"2026-02-09T15:39:14+00:00\" \/>\n<meta property=\"og:image\" content=\"https:\/\/www.daisho.be\/wp-content\/uploads\/2025\/03\/image.webp\" \/>\n\t<meta property=\"og:image:width\" content=\"1000\" \/>\n\t<meta property=\"og:image:height\" content=\"764\" \/>\n\t<meta property=\"og:image:type\" content=\"image\/webp\" \/>\n<meta name=\"twitter:card\" content=\"summary_large_image\" \/>\n<meta name=\"twitter:label1\" content=\"Tiempo de lectura\" \/>\n\t<meta name=\"twitter:data1\" content=\"1 minuto\" \/>\n<script type=\"application\/ld+json\" class=\"yoast-schema-graph\">{\"@context\":\"https:\/\/schema.org\",\"@graph\":[{\"@type\":\"WebPage\",\"@id\":\"https:\/\/www.daisho.be\/es\/produit\/marcador-de-tiza-tira-de-cuchillo\/\",\"url\":\"https:\/\/www.daisho.be\/es\/produit\/marcador-de-tiza-tira-de-cuchillo\/\",\"name\":\"MARCADOR DE TIZA TIRA DE CUCHILLO &#8211; Daisho\",\"isPartOf\":{\"@id\":\"https:\/\/www.daisho.be\/es\/#website\"},\"primaryImageOfPage\":{\"@id\":\"https:\/\/www.daisho.be\/es\/produit\/marcador-de-tiza-tira-de-cuchillo\/#primaryimage\"},\"image\":{\"@id\":\"https:\/\/www.daisho.be\/es\/produit\/marcador-de-tiza-tira-de-cuchillo\/#primaryimage\"},\"thumbnailUrl\":\"https:\/\/www.daisho.be\/wp-content\/uploads\/2025\/03\/image.webp\",\"datePublished\":\"2025-03-01T10:19:05+00:00\",\"dateModified\":\"2026-02-09T15:39:14+00:00\",\"breadcrumb\":{\"@id\":\"https:\/\/www.daisho.be\/es\/produit\/marcador-de-tiza-tira-de-cuchillo\/#breadcrumb\"},\"inLanguage\":\"es\",\"potentialAction\":[{\"@type\":\"ReadAction\",\"target\":[\"https:\/\/www.daisho.be\/es\/produit\/marcador-de-tiza-tira-de-cuchillo\/\"]}]},{\"@type\":\"ImageObject\",\"inLanguage\":\"es\",\"@id\":\"https:\/\/www.daisho.be\/es\/produit\/marcador-de-tiza-tira-de-cuchillo\/#primaryimage\",\"url\":\"https:\/\/www.daisho.be\/wp-content\/uploads\/2025\/03\/image.webp\",\"contentUrl\":\"https:\/\/www.daisho.be\/wp-content\/uploads\/2025\/03\/image.webp\",\"width\":1000,\"height\":764,\"caption\":\"MARCADOR DE TIZA CUCHILLO TIRA-1\"},{\"@type\":\"BreadcrumbList\",\"@id\":\"https:\/\/www.daisho.be\/es\/produit\/marcador-de-tiza-tira-de-cuchillo\/#breadcrumb\",\"itemListElement\":[{\"@type\":\"ListItem\",\"position\":1,\"name\":\"Accueil\",\"item\":\"https:\/\/www.daisho.be\/es\/\"},{\"@type\":\"ListItem\",\"position\":2,\"name\":\"Productos\",\"item\":\"https:\/\/www.daisho.be\/es\/productos\/\"},{\"@type\":\"ListItem\",\"position\":3,\"name\":\"Equipamiento y ropa para artes marciales y deportes de combate\",\"item\":\"https:\/\/www.daisho.be\/es\/categorie-produit\/equipamiento-y-ropa-para-artes-marciales-y-deportes-de-combate\/\"},{\"@type\":\"ListItem\",\"position\":4,\"name\":\"Krav Maga\",\"item\":\"https:\/\/www.daisho.be\/es\/categorie-produit\/equipamiento-y-ropa-para-artes-marciales-y-deportes-de-combate\/krav-maga-es\/\"},{\"@type\":\"ListItem\",\"position\":5,\"name\":\"Armas de Krav Maga\",\"item\":\"https:\/\/www.daisho.be\/es\/categorie-produit\/equipamiento-y-ropa-para-artes-marciales-y-deportes-de-combate\/krav-maga-es\/armas-de-krav-maga\/\"},{\"@type\":\"ListItem\",\"position\":6,\"name\":\"MARCADOR DE TIZA TIRA DE CUCHILLO\"}]},{\"@type\":\"WebSite\",\"@id\":\"https:\/\/www.daisho.be\/es\/#website\",\"url\":\"https:\/\/www.daisho.be\/es\/\",\"name\":\"Daisho\",\"description\":\"Sp&eacute;cialiste de l'&eacute;quipement sportif d'arts martiaux\",\"publisher\":{\"@id\":\"https:\/\/www.daisho.be\/es\/#organization\"},\"potentialAction\":[{\"@type\":\"SearchAction\",\"target\":{\"@type\":\"EntryPoint\",\"urlTemplate\":\"https:\/\/www.daisho.be\/es\/?s={search_term_string}\"},\"query-input\":{\"@type\":\"PropertyValueSpecification\",\"valueRequired\":true,\"valueName\":\"search_term_string\"}}],\"inLanguage\":\"es\"},{\"@type\":\"Organization\",\"@id\":\"https:\/\/www.daisho.be\/es\/#organization\",\"name\":\"Daisho\",\"url\":\"https:\/\/www.daisho.be\/es\/\",\"logo\":{\"@type\":\"ImageObject\",\"inLanguage\":\"es\",\"@id\":\"https:\/\/www.daisho.be\/es\/#\/schema\/logo\/image\/\",\"url\":\"https:\/\/www.daisho.be\/wp-content\/uploads\/2019\/07\/color-nothing-horizontale4x-e1564486100247.png\",\"contentUrl\":\"https:\/\/www.daisho.be\/wp-content\/uploads\/2019\/07\/color-nothing-horizontale4x-e1564486100247.png\",\"width\":1547,\"height\":385,\"caption\":\"Daisho\"},\"image\":{\"@id\":\"https:\/\/www.daisho.be\/es\/#\/schema\/logo\/image\/\"}}]}<\/script>\n<!-- \/ Yoast SEO plugin. -->","yoast_head_json":{"title":"MARCADOR DE TIZA TIRA DE CUCHILLO &#8211; Daisho","robots":{"index":"index","follow":"follow","max-snippet":"max-snippet:-1","max-image-preview":"max-image-preview:large","max-video-preview":"max-video-preview:-1"},"canonical":"https:\/\/www.daisho.be\/es\/produit\/marcador-de-tiza-tira-de-cuchillo\/","og_locale":"es_ES","og_type":"article","og_title":"MARCADOR DE TIZA TIRA DE CUCHILLO &#8211; Daisho","og_description":"Regleta de marcaje para cuchilla de tiza Tira de recambio dise\u00f1ada para cuchillos marcadores de tiza. Prolonga el uso de tu cuchillo de entrenamiento de pl\u00e1stico, asegur\u00e1ndote siempre el mejor marcaje posible durante tus ejercicios. Gracias a su adhesivo de alto rendimiento, ofrece un agarre excelente, incluso durante los intercambios intensos. La intensidad de tus [&hellip;]","og_url":"https:\/\/www.daisho.be\/es\/produit\/marcador-de-tiza-tira-de-cuchillo\/","og_site_name":"Daisho","article_modified_time":"2026-02-09T15:39:14+00:00","og_image":[{"width":1000,"height":764,"url":"https:\/\/www.daisho.be\/wp-content\/uploads\/2025\/03\/image.webp","type":"image\/webp"}],"twitter_card":"summary_large_image","twitter_misc":{"Tiempo de lectura":"1 minuto"},"schema":{"@context":"https:\/\/schema.org","@graph":[{"@type":"WebPage","@id":"https:\/\/www.daisho.be\/es\/produit\/marcador-de-tiza-tira-de-cuchillo\/","url":"https:\/\/www.daisho.be\/es\/produit\/marcador-de-tiza-tira-de-cuchillo\/","name":"MARCADOR DE TIZA TIRA DE CUCHILLO &#8211; Daisho","isPartOf":{"@id":"https:\/\/www.daisho.be\/es\/#website"},"primaryImageOfPage":{"@id":"https:\/\/www.daisho.be\/es\/produit\/marcador-de-tiza-tira-de-cuchillo\/#primaryimage"},"image":{"@id":"https:\/\/www.daisho.be\/es\/produit\/marcador-de-tiza-tira-de-cuchillo\/#primaryimage"},"thumbnailUrl":"https:\/\/www.daisho.be\/wp-content\/uploads\/2025\/03\/image.webp","datePublished":"2025-03-01T10:19:05+00:00","dateModified":"2026-02-09T15:39:14+00:00","breadcrumb":{"@id":"https:\/\/www.daisho.be\/es\/produit\/marcador-de-tiza-tira-de-cuchillo\/#breadcrumb"},"inLanguage":"es","potentialAction":[{"@type":"ReadAction","target":["https:\/\/www.daisho.be\/es\/produit\/marcador-de-tiza-tira-de-cuchillo\/"]}]},{"@type":"ImageObject","inLanguage":"es","@id":"https:\/\/www.daisho.be\/es\/produit\/marcador-de-tiza-tira-de-cuchillo\/#primaryimage","url":"https:\/\/www.daisho.be\/wp-content\/uploads\/2025\/03\/image.webp","contentUrl":"https:\/\/www.daisho.be\/wp-content\/uploads\/2025\/03\/image.webp","width":1000,"height":764,"caption":"MARCADOR DE TIZA CUCHILLO TIRA-1"},{"@type":"BreadcrumbList","@id":"https:\/\/www.daisho.be\/es\/produit\/marcador-de-tiza-tira-de-cuchillo\/#breadcrumb","itemListElement":[{"@type":"ListItem","position":1,"name":"Accueil","item":"https:\/\/www.daisho.be\/es\/"},{"@type":"ListItem","position":2,"name":"Productos","item":"https:\/\/www.daisho.be\/es\/productos\/"},{"@type":"ListItem","position":3,"name":"Equipamiento y ropa para artes marciales y deportes de combate","item":"https:\/\/www.daisho.be\/es\/categorie-produit\/equipamiento-y-ropa-para-artes-marciales-y-deportes-de-combate\/"},{"@type":"ListItem","position":4,"name":"Krav Maga","item":"https:\/\/www.daisho.be\/es\/categorie-produit\/equipamiento-y-ropa-para-artes-marciales-y-deportes-de-combate\/krav-maga-es\/"},{"@type":"ListItem","position":5,"name":"Armas de Krav Maga","item":"https:\/\/www.daisho.be\/es\/categorie-produit\/equipamiento-y-ropa-para-artes-marciales-y-deportes-de-combate\/krav-maga-es\/armas-de-krav-maga\/"},{"@type":"ListItem","position":6,"name":"MARCADOR DE TIZA TIRA DE CUCHILLO"}]},{"@type":"WebSite","@id":"https:\/\/www.daisho.be\/es\/#website","url":"https:\/\/www.daisho.be\/es\/","name":"Daisho","description":"Sp&eacute;cialiste de l'&eacute;quipement sportif d'arts martiaux","publisher":{"@id":"https:\/\/www.daisho.be\/es\/#organization"},"potentialAction":[{"@type":"SearchAction","target":{"@type":"EntryPoint","urlTemplate":"https:\/\/www.daisho.be\/es\/?s={search_term_string}"},"query-input":{"@type":"PropertyValueSpecification","valueRequired":true,"valueName":"search_term_string"}}],"inLanguage":"es"},{"@type":"Organization","@id":"https:\/\/www.daisho.be\/es\/#organization","name":"Daisho","url":"https:\/\/www.daisho.be\/es\/","logo":{"@type":"ImageObject","inLanguage":"es","@id":"https:\/\/www.daisho.be\/es\/#\/schema\/logo\/image\/","url":"https:\/\/www.daisho.be\/wp-content\/uploads\/2019\/07\/color-nothing-horizontale4x-e1564486100247.png","contentUrl":"https:\/\/www.daisho.be\/wp-content\/uploads\/2019\/07\/color-nothing-horizontale4x-e1564486100247.png","width":1547,"height":385,"caption":"Daisho"},"image":{"@id":"https:\/\/www.daisho.be\/es\/#\/schema\/logo\/image\/"}}]}},"_links":{"self":[{"href":"https:\/\/www.daisho.be\/es\/wp-json\/wp\/v2\/product\/500335","targetHints":{"allow":["GET"]}}],"collection":[{"href":"https:\/\/www.daisho.be\/es\/wp-json\/wp\/v2\/product"}],"about":[{"href":"https:\/\/www.daisho.be\/es\/wp-json\/wp\/v2\/types\/product"}],"replies":[{"embeddable":true,"href":"https:\/\/www.daisho.be\/es\/wp-json\/wp\/v2\/comments?post=500335"}],"wp:featuredmedia":[{"embeddable":true,"href":"https:\/\/www.daisho.be\/es\/wp-json\/wp\/v2\/media\/500317"}],"wp:attachment":[{"href":"https:\/\/www.daisho.be\/es\/wp-json\/wp\/v2\/media?parent=500335"}],"wp:term":[{"taxonomy":"product_brand","embeddable":true,"href":"https:\/\/www.daisho.be\/es\/wp-json\/wp\/v2\/product_brand?post=500335"},{"taxonomy":"product_cat","embeddable":true,"href":"https:\/\/www.daisho.be\/es\/wp-json\/wp\/v2\/product_cat?post=500335"},{"taxonomy":"product_tag","embeddable":true,"href":"https:\/\/www.daisho.be\/es\/wp-json\/wp\/v2\/product_tag?post=500335"},{"taxonomy":"sport","embeddable":true,"href":"https:\/\/www.daisho.be\/es\/wp-json\/wp\/v2\/sport?post=500335"}],"curies":[{"name":"wp","href":"https:\/\/api.w.org\/{rel}","templated":true}]}}