{"id":496832,"date":"2025-02-27T13:11:48","date_gmt":"2025-02-27T12:11:48","guid":{"rendered":"https:\/\/www.daisho.be\/produit\/bolas-antiestres\/"},"modified":"2026-01-08T10:56:24","modified_gmt":"2026-01-08T09:56:24","slug":"bolas-antiestres","status":"publish","type":"product","link":"https:\/\/www.daisho.be\/es\/produit\/bolas-antiestres\/","title":{"rendered":"Bolas antiestr\u00e9s"},"content":{"rendered":"<p>Las Bolas Terap\u00e9uticas Antiestr\u00e9s Schildkr\u00f6t (juego de 2) fortalecen los m\u00fasculos de las manos y los antebrazos, mejoran la movilidad y el agarre, favorecen la circulaci\u00f3n sangu\u00ednea y reducen el estr\u00e9s.<br \/>\nPrevia consulta con tu m\u00e9dico o terapeuta, tambi\u00e9n son ideales para la terapia posterior a una lesi\u00f3n.<br \/>\nSon duraderos, estables y lavables.<br \/>\nContenido: Dos bolas prensadas a mano de TPR (caucho termopl\u00e1stico) sin ftalatos, de dureza media.<br \/>\nGracias a su peque\u00f1o tama\u00f1o (\u00f8 48 mm) y bajo peso (aprox. 48 g), estas balas son extremadamente vers\u00e1tiles.<br \/>\nGracias a su estructura de superficie antideslizante, tambi\u00e9n son c\u00f3modos en la mano.<\/p>\n","protected":false},"excerpt":{"rendered":"<p>Las Bolas Terap\u00e9uticas Antiestr\u00e9s Schildkr\u00f6t (juego de 2) fortalecen los m\u00fasculos de las manos y los antebrazos, mejoran la movilidad y el agarre, favorecen la circulaci\u00f3n sangu\u00ednea y reducen el estr\u00e9s. Previa consulta con tu m\u00e9dico o terapeuta, tambi\u00e9n son ideales para la terapia posterior a una lesi\u00f3n. Son duraderos, estables y lavables. Contenido: Dos [&hellip;]<\/p>\n","protected":false},"featured_media":496813,"comment_status":"open","ping_status":"closed","template":"","meta":{"inline_featured_image":false},"product_brand":[],"product_cat":[1471,1541],"product_tag":[1608],"sport":[],"class_list":{"0":"post-496832","1":"product","2":"type-product","3":"status-publish","4":"has-post-thumbnail","6":"product_cat-atencion","7":"product_cat-masoterapia","8":"product_tag-schildkrot-es","10":"first","11":"instock","12":"sale","13":"taxable","14":"shipping-taxable","15":"purchasable","16":"product-type-simple"},"yoast_head":"<!-- This site is optimized with the Yoast SEO plugin v27.2 - https:\/\/yoast.com\/product\/yoast-seo-wordpress\/ -->\n<title>Bolas antiestr\u00e9s &#8211; Daisho<\/title>\n<meta name=\"description\" content=\"\u00bfDemasiado estresado? Echa un vistazo a nuestras pelotas antiestr\u00e9s de Schildkr\u00f6t. Adem\u00e1s, te ayudar\u00e1n a fortalecer los m\u00fasculos de las manos. www.daisho.be\" \/>\n<meta name=\"robots\" content=\"index, follow, max-snippet:-1, max-image-preview:large, max-video-preview:-1\" \/>\n<link rel=\"canonical\" href=\"https:\/\/www.daisho.be\/es\/produit\/bolas-antiestres\/\" \/>\n<meta property=\"og:locale\" content=\"es_ES\" \/>\n<meta property=\"og:type\" content=\"article\" \/>\n<meta property=\"og:title\" content=\"Bolas antiestr\u00e9s &#8211; Daisho\" \/>\n<meta property=\"og:description\" content=\"\u00bfDemasiado estresado? Echa un vistazo a nuestras pelotas antiestr\u00e9s de Schildkr\u00f6t. Adem\u00e1s, te ayudar\u00e1n a fortalecer los m\u00fasculos de las manos. www.daisho.be\" \/>\n<meta property=\"og:url\" content=\"https:\/\/www.daisho.be\/es\/produit\/bolas-antiestres\/\" \/>\n<meta property=\"og:site_name\" content=\"Daisho\" \/>\n<meta property=\"article:modified_time\" content=\"2026-01-08T09:56:24+00:00\" \/>\n<meta property=\"og:image\" content=\"https:\/\/www.daisho.be\/wp-content\/uploads\/2025\/02\/image-18.png\" \/>\n\t<meta property=\"og:image:width\" content=\"565\" \/>\n\t<meta property=\"og:image:height\" content=\"261\" \/>\n\t<meta property=\"og:image:type\" content=\"image\/png\" \/>\n<meta name=\"twitter:card\" content=\"summary_large_image\" \/>\n<meta name=\"twitter:label1\" content=\"Tiempo de lectura\" \/>\n\t<meta name=\"twitter:data1\" content=\"1 minuto\" \/>\n<script type=\"application\/ld+json\" class=\"yoast-schema-graph\">{\"@context\":\"https:\/\/schema.org\",\"@graph\":[{\"@type\":\"WebPage\",\"@id\":\"https:\/\/www.daisho.be\/es\/produit\/bolas-antiestres\/\",\"url\":\"https:\/\/www.daisho.be\/es\/produit\/bolas-antiestres\/\",\"name\":\"Bolas antiestr\u00e9s &#8211; Daisho\",\"isPartOf\":{\"@id\":\"https:\/\/www.daisho.be\/es\/#website\"},\"primaryImageOfPage\":{\"@id\":\"https:\/\/www.daisho.be\/es\/produit\/bolas-antiestres\/#primaryimage\"},\"image\":{\"@id\":\"https:\/\/www.daisho.be\/es\/produit\/bolas-antiestres\/#primaryimage\"},\"thumbnailUrl\":\"https:\/\/www.daisho.be\/wp-content\/uploads\/2025\/02\/image-18.png\",\"datePublished\":\"2025-02-27T12:11:48+00:00\",\"dateModified\":\"2026-01-08T09:56:24+00:00\",\"description\":\"\u00bfDemasiado estresado? Echa un vistazo a nuestras pelotas antiestr\u00e9s de Schildkr\u00f6t. Adem\u00e1s, te ayudar\u00e1n a fortalecer los m\u00fasculos de las manos. www.daisho.be\",\"breadcrumb\":{\"@id\":\"https:\/\/www.daisho.be\/es\/produit\/bolas-antiestres\/#breadcrumb\"},\"inLanguage\":\"es\",\"potentialAction\":[{\"@type\":\"ReadAction\",\"target\":[\"https:\/\/www.daisho.be\/es\/produit\/bolas-antiestres\/\"]}]},{\"@type\":\"ImageObject\",\"inLanguage\":\"es\",\"@id\":\"https:\/\/www.daisho.be\/es\/produit\/bolas-antiestres\/#primaryimage\",\"url\":\"https:\/\/www.daisho.be\/wp-content\/uploads\/2025\/02\/image-18.png\",\"contentUrl\":\"https:\/\/www.daisho.be\/wp-content\/uploads\/2025\/02\/image-18.png\",\"width\":565,\"height\":261,\"caption\":\"Balas antiestr\u00e9s-1\"},{\"@type\":\"BreadcrumbList\",\"@id\":\"https:\/\/www.daisho.be\/es\/produit\/bolas-antiestres\/#breadcrumb\",\"itemListElement\":[{\"@type\":\"ListItem\",\"position\":1,\"name\":\"Accueil\",\"item\":\"https:\/\/www.daisho.be\/es\/\"},{\"@type\":\"ListItem\",\"position\":2,\"name\":\"Productos\",\"item\":\"https:\/\/www.daisho.be\/es\/productos\/\"},{\"@type\":\"ListItem\",\"position\":3,\"name\":\"Deportes de combate\",\"item\":\"https:\/\/www.daisho.be\/es\/categorie-produit\/deportes-de-combate\/\"},{\"@type\":\"ListItem\",\"position\":4,\"name\":\"Atenci\u00f3n\",\"item\":\"https:\/\/www.daisho.be\/es\/categorie-produit\/deportes-de-combate\/atencion\/\"},{\"@type\":\"ListItem\",\"position\":5,\"name\":\"Bolas antiestr\u00e9s\"}]},{\"@type\":\"WebSite\",\"@id\":\"https:\/\/www.daisho.be\/es\/#website\",\"url\":\"https:\/\/www.daisho.be\/es\/\",\"name\":\"Daisho\",\"description\":\"Sp&eacute;cialiste de l'&eacute;quipement sportif d'arts martiaux\",\"publisher\":{\"@id\":\"https:\/\/www.daisho.be\/es\/#organization\"},\"potentialAction\":[{\"@type\":\"SearchAction\",\"target\":{\"@type\":\"EntryPoint\",\"urlTemplate\":\"https:\/\/www.daisho.be\/es\/?s={search_term_string}\"},\"query-input\":{\"@type\":\"PropertyValueSpecification\",\"valueRequired\":true,\"valueName\":\"search_term_string\"}}],\"inLanguage\":\"es\"},{\"@type\":\"Organization\",\"@id\":\"https:\/\/www.daisho.be\/es\/#organization\",\"name\":\"Daisho\",\"url\":\"https:\/\/www.daisho.be\/es\/\",\"logo\":{\"@type\":\"ImageObject\",\"inLanguage\":\"es\",\"@id\":\"https:\/\/www.daisho.be\/es\/#\/schema\/logo\/image\/\",\"url\":\"https:\/\/www.daisho.be\/wp-content\/uploads\/2019\/07\/color-nothing-horizontale4x-e1564486100247.png\",\"contentUrl\":\"https:\/\/www.daisho.be\/wp-content\/uploads\/2019\/07\/color-nothing-horizontale4x-e1564486100247.png\",\"width\":1547,\"height\":385,\"caption\":\"Daisho\"},\"image\":{\"@id\":\"https:\/\/www.daisho.be\/es\/#\/schema\/logo\/image\/\"}}]}<\/script>\n<!-- \/ Yoast SEO plugin. -->","yoast_head_json":{"title":"Bolas antiestr\u00e9s &#8211; Daisho","description":"\u00bfDemasiado estresado? Echa un vistazo a nuestras pelotas antiestr\u00e9s de Schildkr\u00f6t. Adem\u00e1s, te ayudar\u00e1n a fortalecer los m\u00fasculos de las manos. www.daisho.be","robots":{"index":"index","follow":"follow","max-snippet":"max-snippet:-1","max-image-preview":"max-image-preview:large","max-video-preview":"max-video-preview:-1"},"canonical":"https:\/\/www.daisho.be\/es\/produit\/bolas-antiestres\/","og_locale":"es_ES","og_type":"article","og_title":"Bolas antiestr\u00e9s &#8211; Daisho","og_description":"\u00bfDemasiado estresado? Echa un vistazo a nuestras pelotas antiestr\u00e9s de Schildkr\u00f6t. Adem\u00e1s, te ayudar\u00e1n a fortalecer los m\u00fasculos de las manos. www.daisho.be","og_url":"https:\/\/www.daisho.be\/es\/produit\/bolas-antiestres\/","og_site_name":"Daisho","article_modified_time":"2026-01-08T09:56:24+00:00","og_image":[{"width":565,"height":261,"url":"https:\/\/www.daisho.be\/wp-content\/uploads\/2025\/02\/image-18.png","type":"image\/png"}],"twitter_card":"summary_large_image","twitter_misc":{"Tiempo de lectura":"1 minuto"},"schema":{"@context":"https:\/\/schema.org","@graph":[{"@type":"WebPage","@id":"https:\/\/www.daisho.be\/es\/produit\/bolas-antiestres\/","url":"https:\/\/www.daisho.be\/es\/produit\/bolas-antiestres\/","name":"Bolas antiestr\u00e9s &#8211; Daisho","isPartOf":{"@id":"https:\/\/www.daisho.be\/es\/#website"},"primaryImageOfPage":{"@id":"https:\/\/www.daisho.be\/es\/produit\/bolas-antiestres\/#primaryimage"},"image":{"@id":"https:\/\/www.daisho.be\/es\/produit\/bolas-antiestres\/#primaryimage"},"thumbnailUrl":"https:\/\/www.daisho.be\/wp-content\/uploads\/2025\/02\/image-18.png","datePublished":"2025-02-27T12:11:48+00:00","dateModified":"2026-01-08T09:56:24+00:00","description":"\u00bfDemasiado estresado? Echa un vistazo a nuestras pelotas antiestr\u00e9s de Schildkr\u00f6t. Adem\u00e1s, te ayudar\u00e1n a fortalecer los m\u00fasculos de las manos. www.daisho.be","breadcrumb":{"@id":"https:\/\/www.daisho.be\/es\/produit\/bolas-antiestres\/#breadcrumb"},"inLanguage":"es","potentialAction":[{"@type":"ReadAction","target":["https:\/\/www.daisho.be\/es\/produit\/bolas-antiestres\/"]}]},{"@type":"ImageObject","inLanguage":"es","@id":"https:\/\/www.daisho.be\/es\/produit\/bolas-antiestres\/#primaryimage","url":"https:\/\/www.daisho.be\/wp-content\/uploads\/2025\/02\/image-18.png","contentUrl":"https:\/\/www.daisho.be\/wp-content\/uploads\/2025\/02\/image-18.png","width":565,"height":261,"caption":"Balas antiestr\u00e9s-1"},{"@type":"BreadcrumbList","@id":"https:\/\/www.daisho.be\/es\/produit\/bolas-antiestres\/#breadcrumb","itemListElement":[{"@type":"ListItem","position":1,"name":"Accueil","item":"https:\/\/www.daisho.be\/es\/"},{"@type":"ListItem","position":2,"name":"Productos","item":"https:\/\/www.daisho.be\/es\/productos\/"},{"@type":"ListItem","position":3,"name":"Deportes de combate","item":"https:\/\/www.daisho.be\/es\/categorie-produit\/deportes-de-combate\/"},{"@type":"ListItem","position":4,"name":"Atenci\u00f3n","item":"https:\/\/www.daisho.be\/es\/categorie-produit\/deportes-de-combate\/atencion\/"},{"@type":"ListItem","position":5,"name":"Bolas antiestr\u00e9s"}]},{"@type":"WebSite","@id":"https:\/\/www.daisho.be\/es\/#website","url":"https:\/\/www.daisho.be\/es\/","name":"Daisho","description":"Sp&eacute;cialiste de l'&eacute;quipement sportif d'arts martiaux","publisher":{"@id":"https:\/\/www.daisho.be\/es\/#organization"},"potentialAction":[{"@type":"SearchAction","target":{"@type":"EntryPoint","urlTemplate":"https:\/\/www.daisho.be\/es\/?s={search_term_string}"},"query-input":{"@type":"PropertyValueSpecification","valueRequired":true,"valueName":"search_term_string"}}],"inLanguage":"es"},{"@type":"Organization","@id":"https:\/\/www.daisho.be\/es\/#organization","name":"Daisho","url":"https:\/\/www.daisho.be\/es\/","logo":{"@type":"ImageObject","inLanguage":"es","@id":"https:\/\/www.daisho.be\/es\/#\/schema\/logo\/image\/","url":"https:\/\/www.daisho.be\/wp-content\/uploads\/2019\/07\/color-nothing-horizontale4x-e1564486100247.png","contentUrl":"https:\/\/www.daisho.be\/wp-content\/uploads\/2019\/07\/color-nothing-horizontale4x-e1564486100247.png","width":1547,"height":385,"caption":"Daisho"},"image":{"@id":"https:\/\/www.daisho.be\/es\/#\/schema\/logo\/image\/"}}]}},"_links":{"self":[{"href":"https:\/\/www.daisho.be\/es\/wp-json\/wp\/v2\/product\/496832","targetHints":{"allow":["GET"]}}],"collection":[{"href":"https:\/\/www.daisho.be\/es\/wp-json\/wp\/v2\/product"}],"about":[{"href":"https:\/\/www.daisho.be\/es\/wp-json\/wp\/v2\/types\/product"}],"replies":[{"embeddable":true,"href":"https:\/\/www.daisho.be\/es\/wp-json\/wp\/v2\/comments?post=496832"}],"wp:featuredmedia":[{"embeddable":true,"href":"https:\/\/www.daisho.be\/es\/wp-json\/wp\/v2\/media\/496813"}],"wp:attachment":[{"href":"https:\/\/www.daisho.be\/es\/wp-json\/wp\/v2\/media?parent=496832"}],"wp:term":[{"taxonomy":"product_brand","embeddable":true,"href":"https:\/\/www.daisho.be\/es\/wp-json\/wp\/v2\/product_brand?post=496832"},{"taxonomy":"product_cat","embeddable":true,"href":"https:\/\/www.daisho.be\/es\/wp-json\/wp\/v2\/product_cat?post=496832"},{"taxonomy":"product_tag","embeddable":true,"href":"https:\/\/www.daisho.be\/es\/wp-json\/wp\/v2\/product_tag?post=496832"},{"taxonomy":"sport","embeddable":true,"href":"https:\/\/www.daisho.be\/es\/wp-json\/wp\/v2\/sport?post=496832"}],"curies":[{"name":"wp","href":"https:\/\/api.w.org\/{rel}","templated":true}]}}