{"id":495515,"date":"2025-02-26T11:39:14","date_gmt":"2025-02-26T10:39:14","guid":{"rendered":"https:\/\/www.daisho.be\/produit\/expansor-dorsal\/"},"modified":"2025-02-26T11:39:14","modified_gmt":"2025-02-26T10:39:14","slug":"expansor-dorsal","status":"publish","type":"product","link":"https:\/\/www.daisho.be\/es\/produit\/expansor-dorsal\/","title":{"rendered":"Expansor dorsal"},"content":{"rendered":"<p>\u00a1El extensor de espalda es una soluci\u00f3n innovadora para la salud y flexibilidad de tu espalda!<br \/>\nEste vers\u00e1til aparato combina eficazmente el estiramiento de la espalda y el masaje de acupresi\u00f3n para un alivio y relajaci\u00f3n completos.<br \/>\nGracias a su exclusiva funcionalidad 2 en 1, puedes utilizar la camilla para la espalda tanto tumbado como sentado.<br \/>\nCon sus 3 niveles, ofrece opciones de adaptaci\u00f3n individuales: el primer nivel, de 7 cm de altura, es ideal para principiantes, mientras que el segundo nivel, de 9 cm de altura, ofrece m\u00e1s flexibilidad a los usuarios m\u00e1s experimentados.<br \/>\nEl tercer nivel, de 11,5 cm de altura, proporciona el m\u00e1ximo estiramiento para los usuarios experimentados.<br \/>\nEl aparato tiene 3 zonas de presi\u00f3n funcionales: 2 zonas laterales con espinillas de acupresi\u00f3n y bolas de masaje y una zona central con espuma de confort.<br \/>\nEstas zonas no s\u00f3lo ofrecen comodidad, sino que tambi\u00e9n favorecen los beneficios para la salud del masaje de acupresi\u00f3n.<br \/>\nUtilizar un extensor de espalda tiene muchas ventajas, como movilizar la columna vertebral r\u00edgida, relajar los m\u00fasculos tensos, reducir el estr\u00e9s y aliviar el dolor de espalda cr\u00f3nico.<br \/>\nTambi\u00e9n mejora la flexibilidad de los m\u00fasculos de los hombros y la espalda, restaurando la curvatura natural de la espalda y aumentando la flexibilidad de la columna vertebral.<br \/>\nEl respaldo est\u00e1 fabricado con ABS de alta calidad y espuma de PP, y ofrece una carga m\u00e1xima de 150 kg sin dejar de ser ligero y compacto.<br \/>\nTanto si eres un deportista que quiere mejorar su flexibilidad como alguien que simplemente quiere mantener sana su espalda, el extensor de espalda es la soluci\u00f3n ideal.<br \/>\nUtil\u00edzalo sentado o tumbado, ya sea en casa, en la oficina o incluso en el coche, y descubre los beneficios de un estiramiento y masaje eficaces de la espalda, que mejorar\u00e1n tu calidad de vida.<br \/>\nCaracter\u00edsticas :<br \/>\nMaterial: ABS y espuma de PP<br \/>\nMasaje de acupresi\u00f3n espinillas: s\u00ed<br \/>\ncarga m\u00e1xima: 150 kg<br \/>\ndimensiones (alto\/ancho\/fondo): 7-11,5\/25,5\/37 cm<br \/>\npeso: aprox. 0,5 kg<\/p>\n<p>Sujeto a disponibilidad en tienda<\/p>\n","protected":false},"excerpt":{"rendered":"<p>\u00a1El extensor de espalda es una soluci\u00f3n innovadora para la salud y flexibilidad de tu espalda! Este vers\u00e1til aparato combina eficazmente el estiramiento de la espalda y el masaje de acupresi\u00f3n para un alivio y relajaci\u00f3n completos. Gracias a su exclusiva funcionalidad 2 en 1, puedes utilizar la camilla para la espalda tanto tumbado como [&hellip;]<\/p>\n","protected":false},"featured_media":495481,"comment_status":"open","ping_status":"closed","template":"","meta":{"inline_featured_image":false},"product_brand":[],"product_cat":[1471,1541],"product_tag":[1469],"sport":[],"class_list":{"0":"post-495515","1":"product","2":"type-product","3":"status-publish","4":"has-post-thumbnail","6":"product_cat-atencion","7":"product_cat-masoterapia","8":"product_tag-s-b-j-es","10":"first","11":"instock","12":"taxable","13":"shipping-taxable","14":"purchasable","15":"product-type-simple"},"yoast_head":"<!-- This site is optimized with the Yoast SEO plugin v27.2 - https:\/\/yoast.com\/product\/yoast-seo-wordpress\/ -->\n<title>Expansor dorsal &#8211; Daisho<\/title>\n<meta name=\"robots\" content=\"index, follow, max-snippet:-1, max-image-preview:large, max-video-preview:-1\" \/>\n<link rel=\"canonical\" href=\"https:\/\/www.daisho.be\/es\/produit\/expansor-dorsal\/\" \/>\n<meta property=\"og:locale\" content=\"es_ES\" \/>\n<meta property=\"og:type\" content=\"article\" \/>\n<meta property=\"og:title\" content=\"Expansor dorsal &#8211; Daisho\" \/>\n<meta property=\"og:description\" content=\"\u00a1El extensor de espalda es una soluci\u00f3n innovadora para la salud y flexibilidad de tu espalda! Este vers\u00e1til aparato combina eficazmente el estiramiento de la espalda y el masaje de acupresi\u00f3n para un alivio y relajaci\u00f3n completos. Gracias a su exclusiva funcionalidad 2 en 1, puedes utilizar la camilla para la espalda tanto tumbado como [&hellip;]\" \/>\n<meta property=\"og:url\" content=\"https:\/\/www.daisho.be\/es\/produit\/expansor-dorsal\/\" \/>\n<meta property=\"og:site_name\" content=\"Daisho\" \/>\n<meta property=\"og:image\" content=\"https:\/\/www.daisho.be\/wp-content\/uploads\/2025\/02\/image-4.webp\" \/>\n\t<meta property=\"og:image:width\" content=\"1200\" \/>\n\t<meta property=\"og:image:height\" content=\"1200\" \/>\n\t<meta property=\"og:image:type\" content=\"image\/webp\" \/>\n<meta name=\"twitter:card\" content=\"summary_large_image\" \/>\n<meta name=\"twitter:label1\" content=\"Tiempo de lectura\" \/>\n\t<meta name=\"twitter:data1\" content=\"2 minutos\" \/>\n<script type=\"application\/ld+json\" class=\"yoast-schema-graph\">{\"@context\":\"https:\/\/schema.org\",\"@graph\":[{\"@type\":\"WebPage\",\"@id\":\"https:\/\/www.daisho.be\/es\/produit\/expansor-dorsal\/\",\"url\":\"https:\/\/www.daisho.be\/es\/produit\/expansor-dorsal\/\",\"name\":\"Expansor dorsal &#8211; Daisho\",\"isPartOf\":{\"@id\":\"https:\/\/www.daisho.be\/es\/#website\"},\"primaryImageOfPage\":{\"@id\":\"https:\/\/www.daisho.be\/es\/produit\/expansor-dorsal\/#primaryimage\"},\"image\":{\"@id\":\"https:\/\/www.daisho.be\/es\/produit\/expansor-dorsal\/#primaryimage\"},\"thumbnailUrl\":\"https:\/\/www.daisho.be\/wp-content\/uploads\/2025\/02\/image-4.webp\",\"datePublished\":\"2025-02-26T10:39:14+00:00\",\"breadcrumb\":{\"@id\":\"https:\/\/www.daisho.be\/es\/produit\/expansor-dorsal\/#breadcrumb\"},\"inLanguage\":\"es\",\"potentialAction\":[{\"@type\":\"ReadAction\",\"target\":[\"https:\/\/www.daisho.be\/es\/produit\/expansor-dorsal\/\"]}]},{\"@type\":\"ImageObject\",\"inLanguage\":\"es\",\"@id\":\"https:\/\/www.daisho.be\/es\/produit\/expansor-dorsal\/#primaryimage\",\"url\":\"https:\/\/www.daisho.be\/wp-content\/uploads\/2025\/02\/image-4.webp\",\"contentUrl\":\"https:\/\/www.daisho.be\/wp-content\/uploads\/2025\/02\/image-4.webp\",\"width\":1200,\"height\":1200,\"caption\":\"Expansor dorsal-1\"},{\"@type\":\"BreadcrumbList\",\"@id\":\"https:\/\/www.daisho.be\/es\/produit\/expansor-dorsal\/#breadcrumb\",\"itemListElement\":[{\"@type\":\"ListItem\",\"position\":1,\"name\":\"Accueil\",\"item\":\"https:\/\/www.daisho.be\/es\/\"},{\"@type\":\"ListItem\",\"position\":2,\"name\":\"Productos\",\"item\":\"https:\/\/www.daisho.be\/es\/productos\/\"},{\"@type\":\"ListItem\",\"position\":3,\"name\":\"Deportes de combate\",\"item\":\"https:\/\/www.daisho.be\/es\/categorie-produit\/deportes-de-combate\/\"},{\"@type\":\"ListItem\",\"position\":4,\"name\":\"Atenci\u00f3n\",\"item\":\"https:\/\/www.daisho.be\/es\/categorie-produit\/deportes-de-combate\/atencion\/\"},{\"@type\":\"ListItem\",\"position\":5,\"name\":\"Expansor dorsal\"}]},{\"@type\":\"WebSite\",\"@id\":\"https:\/\/www.daisho.be\/es\/#website\",\"url\":\"https:\/\/www.daisho.be\/es\/\",\"name\":\"Daisho\",\"description\":\"Sp&eacute;cialiste de l'&eacute;quipement sportif d'arts martiaux\",\"publisher\":{\"@id\":\"https:\/\/www.daisho.be\/es\/#organization\"},\"potentialAction\":[{\"@type\":\"SearchAction\",\"target\":{\"@type\":\"EntryPoint\",\"urlTemplate\":\"https:\/\/www.daisho.be\/es\/?s={search_term_string}\"},\"query-input\":{\"@type\":\"PropertyValueSpecification\",\"valueRequired\":true,\"valueName\":\"search_term_string\"}}],\"inLanguage\":\"es\"},{\"@type\":\"Organization\",\"@id\":\"https:\/\/www.daisho.be\/es\/#organization\",\"name\":\"Daisho\",\"url\":\"https:\/\/www.daisho.be\/es\/\",\"logo\":{\"@type\":\"ImageObject\",\"inLanguage\":\"es\",\"@id\":\"https:\/\/www.daisho.be\/es\/#\/schema\/logo\/image\/\",\"url\":\"https:\/\/www.daisho.be\/wp-content\/uploads\/2019\/07\/color-nothing-horizontale4x-e1564486100247.png\",\"contentUrl\":\"https:\/\/www.daisho.be\/wp-content\/uploads\/2019\/07\/color-nothing-horizontale4x-e1564486100247.png\",\"width\":1547,\"height\":385,\"caption\":\"Daisho\"},\"image\":{\"@id\":\"https:\/\/www.daisho.be\/es\/#\/schema\/logo\/image\/\"}}]}<\/script>\n<!-- \/ Yoast SEO plugin. -->","yoast_head_json":{"title":"Expansor dorsal &#8211; Daisho","robots":{"index":"index","follow":"follow","max-snippet":"max-snippet:-1","max-image-preview":"max-image-preview:large","max-video-preview":"max-video-preview:-1"},"canonical":"https:\/\/www.daisho.be\/es\/produit\/expansor-dorsal\/","og_locale":"es_ES","og_type":"article","og_title":"Expansor dorsal &#8211; Daisho","og_description":"\u00a1El extensor de espalda es una soluci\u00f3n innovadora para la salud y flexibilidad de tu espalda! Este vers\u00e1til aparato combina eficazmente el estiramiento de la espalda y el masaje de acupresi\u00f3n para un alivio y relajaci\u00f3n completos. Gracias a su exclusiva funcionalidad 2 en 1, puedes utilizar la camilla para la espalda tanto tumbado como [&hellip;]","og_url":"https:\/\/www.daisho.be\/es\/produit\/expansor-dorsal\/","og_site_name":"Daisho","og_image":[{"width":1200,"height":1200,"url":"https:\/\/www.daisho.be\/wp-content\/uploads\/2025\/02\/image-4.webp","type":"image\/webp"}],"twitter_card":"summary_large_image","twitter_misc":{"Tiempo de lectura":"2 minutos"},"schema":{"@context":"https:\/\/schema.org","@graph":[{"@type":"WebPage","@id":"https:\/\/www.daisho.be\/es\/produit\/expansor-dorsal\/","url":"https:\/\/www.daisho.be\/es\/produit\/expansor-dorsal\/","name":"Expansor dorsal &#8211; Daisho","isPartOf":{"@id":"https:\/\/www.daisho.be\/es\/#website"},"primaryImageOfPage":{"@id":"https:\/\/www.daisho.be\/es\/produit\/expansor-dorsal\/#primaryimage"},"image":{"@id":"https:\/\/www.daisho.be\/es\/produit\/expansor-dorsal\/#primaryimage"},"thumbnailUrl":"https:\/\/www.daisho.be\/wp-content\/uploads\/2025\/02\/image-4.webp","datePublished":"2025-02-26T10:39:14+00:00","breadcrumb":{"@id":"https:\/\/www.daisho.be\/es\/produit\/expansor-dorsal\/#breadcrumb"},"inLanguage":"es","potentialAction":[{"@type":"ReadAction","target":["https:\/\/www.daisho.be\/es\/produit\/expansor-dorsal\/"]}]},{"@type":"ImageObject","inLanguage":"es","@id":"https:\/\/www.daisho.be\/es\/produit\/expansor-dorsal\/#primaryimage","url":"https:\/\/www.daisho.be\/wp-content\/uploads\/2025\/02\/image-4.webp","contentUrl":"https:\/\/www.daisho.be\/wp-content\/uploads\/2025\/02\/image-4.webp","width":1200,"height":1200,"caption":"Expansor dorsal-1"},{"@type":"BreadcrumbList","@id":"https:\/\/www.daisho.be\/es\/produit\/expansor-dorsal\/#breadcrumb","itemListElement":[{"@type":"ListItem","position":1,"name":"Accueil","item":"https:\/\/www.daisho.be\/es\/"},{"@type":"ListItem","position":2,"name":"Productos","item":"https:\/\/www.daisho.be\/es\/productos\/"},{"@type":"ListItem","position":3,"name":"Deportes de combate","item":"https:\/\/www.daisho.be\/es\/categorie-produit\/deportes-de-combate\/"},{"@type":"ListItem","position":4,"name":"Atenci\u00f3n","item":"https:\/\/www.daisho.be\/es\/categorie-produit\/deportes-de-combate\/atencion\/"},{"@type":"ListItem","position":5,"name":"Expansor dorsal"}]},{"@type":"WebSite","@id":"https:\/\/www.daisho.be\/es\/#website","url":"https:\/\/www.daisho.be\/es\/","name":"Daisho","description":"Sp&eacute;cialiste de l'&eacute;quipement sportif d'arts martiaux","publisher":{"@id":"https:\/\/www.daisho.be\/es\/#organization"},"potentialAction":[{"@type":"SearchAction","target":{"@type":"EntryPoint","urlTemplate":"https:\/\/www.daisho.be\/es\/?s={search_term_string}"},"query-input":{"@type":"PropertyValueSpecification","valueRequired":true,"valueName":"search_term_string"}}],"inLanguage":"es"},{"@type":"Organization","@id":"https:\/\/www.daisho.be\/es\/#organization","name":"Daisho","url":"https:\/\/www.daisho.be\/es\/","logo":{"@type":"ImageObject","inLanguage":"es","@id":"https:\/\/www.daisho.be\/es\/#\/schema\/logo\/image\/","url":"https:\/\/www.daisho.be\/wp-content\/uploads\/2019\/07\/color-nothing-horizontale4x-e1564486100247.png","contentUrl":"https:\/\/www.daisho.be\/wp-content\/uploads\/2019\/07\/color-nothing-horizontale4x-e1564486100247.png","width":1547,"height":385,"caption":"Daisho"},"image":{"@id":"https:\/\/www.daisho.be\/es\/#\/schema\/logo\/image\/"}}]}},"_links":{"self":[{"href":"https:\/\/www.daisho.be\/es\/wp-json\/wp\/v2\/product\/495515","targetHints":{"allow":["GET"]}}],"collection":[{"href":"https:\/\/www.daisho.be\/es\/wp-json\/wp\/v2\/product"}],"about":[{"href":"https:\/\/www.daisho.be\/es\/wp-json\/wp\/v2\/types\/product"}],"replies":[{"embeddable":true,"href":"https:\/\/www.daisho.be\/es\/wp-json\/wp\/v2\/comments?post=495515"}],"wp:featuredmedia":[{"embeddable":true,"href":"https:\/\/www.daisho.be\/es\/wp-json\/wp\/v2\/media\/495481"}],"wp:attachment":[{"href":"https:\/\/www.daisho.be\/es\/wp-json\/wp\/v2\/media?parent=495515"}],"wp:term":[{"taxonomy":"product_brand","embeddable":true,"href":"https:\/\/www.daisho.be\/es\/wp-json\/wp\/v2\/product_brand?post=495515"},{"taxonomy":"product_cat","embeddable":true,"href":"https:\/\/www.daisho.be\/es\/wp-json\/wp\/v2\/product_cat?post=495515"},{"taxonomy":"product_tag","embeddable":true,"href":"https:\/\/www.daisho.be\/es\/wp-json\/wp\/v2\/product_tag?post=495515"},{"taxonomy":"sport","embeddable":true,"href":"https:\/\/www.daisho.be\/es\/wp-json\/wp\/v2\/sport?post=495515"}],"curies":[{"name":"wp","href":"https:\/\/api.w.org\/{rel}","templated":true}]}}