{"id":490438,"date":"2025-02-03T15:18:16","date_gmt":"2025-02-03T14:18:16","guid":{"rendered":"https:\/\/www.daisho.be\/produit\/munequeras-de-licra-lastradas\/"},"modified":"2026-03-16T13:49:01","modified_gmt":"2026-03-16T12:49:01","slug":"munequeras-de-licra-lastradas","status":"publish","type":"product","link":"https:\/\/www.daisho.be\/es\/produit\/munequeras-de-licra-lastradas\/","title":{"rendered":"Mu\u00f1equeras de licra lastradas"},"content":{"rendered":"<p>Muy pr\u00e1cticas tanto para las mu\u00f1ecas como para los tobillos.<br \/>\nF\u00e1ciles de abrochar gracias a su correa de ajuste de Velcro\u00c2\u00ae y a su hebilla de acero.<br \/>\nSe venden por pares.<br \/>\nMaterial: elastano.<br \/>\nComposici\u00f3n: \u00c3\u2030lastano + pesas con arena de hierro + hebilla met\u00e1lica<\/p>\n<p>Mu\u00f1equeras ponderadas por peso:<br \/>\n0940 = 500 gr x 2<br \/>\n0941 = 750 gr x 2<br \/>\n0942 = 1 kg x 2<br \/>\n0943 = 1,5 kg x 2<br \/>\n0944 = 2 kg x 2<\/p>\n","protected":false},"excerpt":{"rendered":"<p>Muy pr\u00e1cticas tanto para las mu\u00f1ecas como para los tobillos. F\u00e1ciles de abrochar gracias a su correa de ajuste de Velcro\u00c2\u00ae y a su hebilla de acero. Se venden por pares. Material: elastano. Composici\u00f3n: \u00c3\u2030lastano + pesas con arena de hierro + hebilla met\u00e1lica Mu\u00f1equeras ponderadas por peso: 0940 = 500 gr x 2 0941 [&hellip;]<\/p>\n","protected":false},"featured_media":490247,"comment_status":"open","ping_status":"closed","template":"","meta":{"inline_featured_image":false},"product_brand":[],"product_cat":[1409,1301],"product_tag":[1532],"sport":[],"class_list":{"0":"post-490438","1":"product","2":"type-product","3":"status-publish","4":"has-post-thumbnail","6":"product_cat-equipos-de-formacion-es","7":"product_cat-material-de-entrenamiento-de-karate","8":"product_tag-sveltus-es","9":"pa_size-1-kg","10":"pa_size-15-kg","11":"pa_size-2-kg","12":"pa_size-500-gr","13":"pa_size-750-gr","15":"first","16":"instock","17":"taxable","18":"shipping-taxable","19":"purchasable","20":"product-type-variable"},"yoast_head":"<!-- This site is optimized with the Yoast SEO plugin v27.2 - https:\/\/yoast.com\/product\/yoast-seo-wordpress\/ -->\n<title>Mu\u00f1equeras de licra lastradas &#8211; Daisho<\/title>\n<meta name=\"robots\" content=\"index, follow, max-snippet:-1, max-image-preview:large, max-video-preview:-1\" \/>\n<link rel=\"canonical\" href=\"https:\/\/www.daisho.be\/es\/produit\/munequeras-de-licra-lastradas\/\" \/>\n<meta property=\"og:locale\" content=\"es_ES\" \/>\n<meta property=\"og:type\" content=\"article\" \/>\n<meta property=\"og:title\" content=\"Mu\u00f1equeras de licra lastradas &#8211; Daisho\" \/>\n<meta property=\"og:description\" content=\"Muy pr\u00e1cticas tanto para las mu\u00f1ecas como para los tobillos. F\u00e1ciles de abrochar gracias a su correa de ajuste de Velcro\u00c2\u00ae y a su hebilla de acero. Se venden por pares. Material: elastano. Composici\u00f3n: \u00c3\u2030lastano + pesas con arena de hierro + hebilla met\u00e1lica Mu\u00f1equeras ponderadas por peso: 0940 = 500 gr x 2 0941 [&hellip;]\" \/>\n<meta property=\"og:url\" content=\"https:\/\/www.daisho.be\/es\/produit\/munequeras-de-licra-lastradas\/\" \/>\n<meta property=\"og:site_name\" content=\"Daisho\" \/>\n<meta property=\"article:modified_time\" content=\"2026-03-16T12:49:01+00:00\" \/>\n<meta property=\"og:image\" content=\"https:\/\/www.daisho.be\/wp-content\/uploads\/2025\/02\/image-42-scaled.jpg\" \/>\n\t<meta property=\"og:image:width\" content=\"2048\" \/>\n\t<meta property=\"og:image:height\" content=\"834\" \/>\n\t<meta property=\"og:image:type\" content=\"image\/jpeg\" \/>\n<meta name=\"twitter:card\" content=\"summary_large_image\" \/>\n<script type=\"application\/ld+json\" class=\"yoast-schema-graph\">{\"@context\":\"https:\/\/schema.org\",\"@graph\":[{\"@type\":\"WebPage\",\"@id\":\"https:\/\/www.daisho.be\/es\/produit\/munequeras-de-licra-lastradas\/\",\"url\":\"https:\/\/www.daisho.be\/es\/produit\/munequeras-de-licra-lastradas\/\",\"name\":\"Mu\u00f1equeras de licra lastradas &#8211; Daisho\",\"isPartOf\":{\"@id\":\"https:\/\/www.daisho.be\/es\/#website\"},\"primaryImageOfPage\":{\"@id\":\"https:\/\/www.daisho.be\/es\/produit\/munequeras-de-licra-lastradas\/#primaryimage\"},\"image\":{\"@id\":\"https:\/\/www.daisho.be\/es\/produit\/munequeras-de-licra-lastradas\/#primaryimage\"},\"thumbnailUrl\":\"https:\/\/www.daisho.be\/wp-content\/uploads\/2025\/02\/image-42-scaled.jpg\",\"datePublished\":\"2025-02-03T14:18:16+00:00\",\"dateModified\":\"2026-03-16T12:49:01+00:00\",\"breadcrumb\":{\"@id\":\"https:\/\/www.daisho.be\/es\/produit\/munequeras-de-licra-lastradas\/#breadcrumb\"},\"inLanguage\":\"es\",\"potentialAction\":[{\"@type\":\"ReadAction\",\"target\":[\"https:\/\/www.daisho.be\/es\/produit\/munequeras-de-licra-lastradas\/\"]}]},{\"@type\":\"ImageObject\",\"inLanguage\":\"es\",\"@id\":\"https:\/\/www.daisho.be\/es\/produit\/munequeras-de-licra-lastradas\/#primaryimage\",\"url\":\"https:\/\/www.daisho.be\/wp-content\/uploads\/2025\/02\/image-42-scaled.jpg\",\"contentUrl\":\"https:\/\/www.daisho.be\/wp-content\/uploads\/2025\/02\/image-42-scaled.jpg\",\"width\":2048,\"height\":834,\"caption\":\"Mu\u00f1equeras lastradas lycra-1\"},{\"@type\":\"BreadcrumbList\",\"@id\":\"https:\/\/www.daisho.be\/es\/produit\/munequeras-de-licra-lastradas\/#breadcrumb\",\"itemListElement\":[{\"@type\":\"ListItem\",\"position\":1,\"name\":\"Accueil\",\"item\":\"https:\/\/www.daisho.be\/es\/\"},{\"@type\":\"ListItem\",\"position\":2,\"name\":\"Productos\",\"item\":\"https:\/\/www.daisho.be\/es\/productos\/\"},{\"@type\":\"ListItem\",\"position\":3,\"name\":\"Equipamiento y ropa para artes marciales y deportes de combate\",\"item\":\"https:\/\/www.daisho.be\/es\/categorie-produit\/equipamiento-y-ropa-para-artes-marciales-y-deportes-de-combate\/\"},{\"@type\":\"ListItem\",\"position\":4,\"name\":\"Karate\",\"item\":\"https:\/\/www.daisho.be\/es\/categorie-produit\/equipamiento-y-ropa-para-artes-marciales-y-deportes-de-combate\/karate-es-2\/\"},{\"@type\":\"ListItem\",\"position\":5,\"name\":\"Material de entrenamiento de k\u00e1rate\",\"item\":\"https:\/\/www.daisho.be\/es\/categorie-produit\/equipamiento-y-ropa-para-artes-marciales-y-deportes-de-combate\/karate-es-2\/material-de-entrenamiento-de-karate\/\"},{\"@type\":\"ListItem\",\"position\":6,\"name\":\"Mu\u00f1equeras de licra lastradas\"}]},{\"@type\":\"WebSite\",\"@id\":\"https:\/\/www.daisho.be\/es\/#website\",\"url\":\"https:\/\/www.daisho.be\/es\/\",\"name\":\"Daisho\",\"description\":\"Sp&eacute;cialiste de l'&eacute;quipement sportif d'arts martiaux\",\"publisher\":{\"@id\":\"https:\/\/www.daisho.be\/es\/#organization\"},\"potentialAction\":[{\"@type\":\"SearchAction\",\"target\":{\"@type\":\"EntryPoint\",\"urlTemplate\":\"https:\/\/www.daisho.be\/es\/?s={search_term_string}\"},\"query-input\":{\"@type\":\"PropertyValueSpecification\",\"valueRequired\":true,\"valueName\":\"search_term_string\"}}],\"inLanguage\":\"es\"},{\"@type\":\"Organization\",\"@id\":\"https:\/\/www.daisho.be\/es\/#organization\",\"name\":\"Daisho\",\"url\":\"https:\/\/www.daisho.be\/es\/\",\"logo\":{\"@type\":\"ImageObject\",\"inLanguage\":\"es\",\"@id\":\"https:\/\/www.daisho.be\/es\/#\/schema\/logo\/image\/\",\"url\":\"https:\/\/www.daisho.be\/wp-content\/uploads\/2019\/07\/color-nothing-horizontale4x-e1564486100247.png\",\"contentUrl\":\"https:\/\/www.daisho.be\/wp-content\/uploads\/2019\/07\/color-nothing-horizontale4x-e1564486100247.png\",\"width\":1547,\"height\":385,\"caption\":\"Daisho\"},\"image\":{\"@id\":\"https:\/\/www.daisho.be\/es\/#\/schema\/logo\/image\/\"}}]}<\/script>\n<!-- \/ Yoast SEO plugin. -->","yoast_head_json":{"title":"Mu\u00f1equeras de licra lastradas &#8211; Daisho","robots":{"index":"index","follow":"follow","max-snippet":"max-snippet:-1","max-image-preview":"max-image-preview:large","max-video-preview":"max-video-preview:-1"},"canonical":"https:\/\/www.daisho.be\/es\/produit\/munequeras-de-licra-lastradas\/","og_locale":"es_ES","og_type":"article","og_title":"Mu\u00f1equeras de licra lastradas &#8211; Daisho","og_description":"Muy pr\u00e1cticas tanto para las mu\u00f1ecas como para los tobillos. F\u00e1ciles de abrochar gracias a su correa de ajuste de Velcro\u00c2\u00ae y a su hebilla de acero. Se venden por pares. Material: elastano. Composici\u00f3n: \u00c3\u2030lastano + pesas con arena de hierro + hebilla met\u00e1lica Mu\u00f1equeras ponderadas por peso: 0940 = 500 gr x 2 0941 [&hellip;]","og_url":"https:\/\/www.daisho.be\/es\/produit\/munequeras-de-licra-lastradas\/","og_site_name":"Daisho","article_modified_time":"2026-03-16T12:49:01+00:00","og_image":[{"width":2048,"height":834,"url":"https:\/\/www.daisho.be\/wp-content\/uploads\/2025\/02\/image-42-scaled.jpg","type":"image\/jpeg"}],"twitter_card":"summary_large_image","schema":{"@context":"https:\/\/schema.org","@graph":[{"@type":"WebPage","@id":"https:\/\/www.daisho.be\/es\/produit\/munequeras-de-licra-lastradas\/","url":"https:\/\/www.daisho.be\/es\/produit\/munequeras-de-licra-lastradas\/","name":"Mu\u00f1equeras de licra lastradas &#8211; Daisho","isPartOf":{"@id":"https:\/\/www.daisho.be\/es\/#website"},"primaryImageOfPage":{"@id":"https:\/\/www.daisho.be\/es\/produit\/munequeras-de-licra-lastradas\/#primaryimage"},"image":{"@id":"https:\/\/www.daisho.be\/es\/produit\/munequeras-de-licra-lastradas\/#primaryimage"},"thumbnailUrl":"https:\/\/www.daisho.be\/wp-content\/uploads\/2025\/02\/image-42-scaled.jpg","datePublished":"2025-02-03T14:18:16+00:00","dateModified":"2026-03-16T12:49:01+00:00","breadcrumb":{"@id":"https:\/\/www.daisho.be\/es\/produit\/munequeras-de-licra-lastradas\/#breadcrumb"},"inLanguage":"es","potentialAction":[{"@type":"ReadAction","target":["https:\/\/www.daisho.be\/es\/produit\/munequeras-de-licra-lastradas\/"]}]},{"@type":"ImageObject","inLanguage":"es","@id":"https:\/\/www.daisho.be\/es\/produit\/munequeras-de-licra-lastradas\/#primaryimage","url":"https:\/\/www.daisho.be\/wp-content\/uploads\/2025\/02\/image-42-scaled.jpg","contentUrl":"https:\/\/www.daisho.be\/wp-content\/uploads\/2025\/02\/image-42-scaled.jpg","width":2048,"height":834,"caption":"Mu\u00f1equeras lastradas lycra-1"},{"@type":"BreadcrumbList","@id":"https:\/\/www.daisho.be\/es\/produit\/munequeras-de-licra-lastradas\/#breadcrumb","itemListElement":[{"@type":"ListItem","position":1,"name":"Accueil","item":"https:\/\/www.daisho.be\/es\/"},{"@type":"ListItem","position":2,"name":"Productos","item":"https:\/\/www.daisho.be\/es\/productos\/"},{"@type":"ListItem","position":3,"name":"Equipamiento y ropa para artes marciales y deportes de combate","item":"https:\/\/www.daisho.be\/es\/categorie-produit\/equipamiento-y-ropa-para-artes-marciales-y-deportes-de-combate\/"},{"@type":"ListItem","position":4,"name":"Karate","item":"https:\/\/www.daisho.be\/es\/categorie-produit\/equipamiento-y-ropa-para-artes-marciales-y-deportes-de-combate\/karate-es-2\/"},{"@type":"ListItem","position":5,"name":"Material de entrenamiento de k\u00e1rate","item":"https:\/\/www.daisho.be\/es\/categorie-produit\/equipamiento-y-ropa-para-artes-marciales-y-deportes-de-combate\/karate-es-2\/material-de-entrenamiento-de-karate\/"},{"@type":"ListItem","position":6,"name":"Mu\u00f1equeras de licra lastradas"}]},{"@type":"WebSite","@id":"https:\/\/www.daisho.be\/es\/#website","url":"https:\/\/www.daisho.be\/es\/","name":"Daisho","description":"Sp&eacute;cialiste de l'&eacute;quipement sportif d'arts martiaux","publisher":{"@id":"https:\/\/www.daisho.be\/es\/#organization"},"potentialAction":[{"@type":"SearchAction","target":{"@type":"EntryPoint","urlTemplate":"https:\/\/www.daisho.be\/es\/?s={search_term_string}"},"query-input":{"@type":"PropertyValueSpecification","valueRequired":true,"valueName":"search_term_string"}}],"inLanguage":"es"},{"@type":"Organization","@id":"https:\/\/www.daisho.be\/es\/#organization","name":"Daisho","url":"https:\/\/www.daisho.be\/es\/","logo":{"@type":"ImageObject","inLanguage":"es","@id":"https:\/\/www.daisho.be\/es\/#\/schema\/logo\/image\/","url":"https:\/\/www.daisho.be\/wp-content\/uploads\/2019\/07\/color-nothing-horizontale4x-e1564486100247.png","contentUrl":"https:\/\/www.daisho.be\/wp-content\/uploads\/2019\/07\/color-nothing-horizontale4x-e1564486100247.png","width":1547,"height":385,"caption":"Daisho"},"image":{"@id":"https:\/\/www.daisho.be\/es\/#\/schema\/logo\/image\/"}}]}},"_links":{"self":[{"href":"https:\/\/www.daisho.be\/es\/wp-json\/wp\/v2\/product\/490438","targetHints":{"allow":["GET"]}}],"collection":[{"href":"https:\/\/www.daisho.be\/es\/wp-json\/wp\/v2\/product"}],"about":[{"href":"https:\/\/www.daisho.be\/es\/wp-json\/wp\/v2\/types\/product"}],"replies":[{"embeddable":true,"href":"https:\/\/www.daisho.be\/es\/wp-json\/wp\/v2\/comments?post=490438"}],"wp:featuredmedia":[{"embeddable":true,"href":"https:\/\/www.daisho.be\/es\/wp-json\/wp\/v2\/media\/490247"}],"wp:attachment":[{"href":"https:\/\/www.daisho.be\/es\/wp-json\/wp\/v2\/media?parent=490438"}],"wp:term":[{"taxonomy":"product_brand","embeddable":true,"href":"https:\/\/www.daisho.be\/es\/wp-json\/wp\/v2\/product_brand?post=490438"},{"taxonomy":"product_cat","embeddable":true,"href":"https:\/\/www.daisho.be\/es\/wp-json\/wp\/v2\/product_cat?post=490438"},{"taxonomy":"product_tag","embeddable":true,"href":"https:\/\/www.daisho.be\/es\/wp-json\/wp\/v2\/product_tag?post=490438"},{"taxonomy":"sport","embeddable":true,"href":"https:\/\/www.daisho.be\/es\/wp-json\/wp\/v2\/sport?post=490438"}],"curies":[{"name":"wp","href":"https:\/\/api.w.org\/{rel}","templated":true}]}}