{"id":490214,"date":"2025-02-03T15:06:27","date_gmt":"2025-02-03T14:06:27","guid":{"rendered":"https:\/\/www.daisho.be\/produit\/tabla-de-equilibrio-de-madera\/"},"modified":"2026-04-07T12:56:14","modified_gmt":"2026-04-07T10:56:14","slug":"tabla-de-equilibrio-de-madera","status":"publish","type":"product","link":"https:\/\/www.daisho.be\/es\/produit\/tabla-de-equilibrio-de-madera\/","title":{"rendered":"Tabla de equilibrio de madera"},"content":{"rendered":"<p>El objetivo de una tabla de equilibrio&#x2122;&#x2122; es mantenerse de pie sobre ella lo m\u00e1s recto posible. De este modo, se desaf\u00edan varias zonas del cuerpo, lo que te permite trabajar diferentes grupos musculares.<br \/>\nPara mayor dificultad, trabaja sentadillas, ejercicios abdominales o envolturas.<br \/>\nSu estructura de madera la hace m\u00e1s s\u00f3lida. Superficie antideslizante.<br \/>\n\u00e2\u20ac\u00a2 Altura: 8 cm<br \/>\n\u00e2\u20ac\u00a2 Di\u00c3\u00a1metro de la tabla: 39,5 cm<br \/>\n\u00e2\u20ac\u00a2 Di\u00c3\u00a1metro de la base: 17,5 cm<br \/>\n\u00e2\u20ac\u00a2 Carga m\u00c3\u00a1xima: 110 kg<br \/>\n\u00e2\u20ac\u00a2 Peso: 1,5 kg<br \/>\n\u00e2\u20ac\u00a2 Estructura de madera \u00e2\u20ac\u00a2 Base de PP  <\/p>\n","protected":false},"excerpt":{"rendered":"<p>El objetivo de una tabla de equilibrio&#x2122;&#x2122; es mantenerse de pie sobre ella lo m\u00e1s recto posible. De este modo, se desaf\u00edan varias zonas del cuerpo, lo que te permite trabajar diferentes grupos musculares. Para mayor dificultad, trabaja sentadillas, ejercicios abdominales o envolturas. Su estructura de madera la hace m\u00e1s s\u00f3lida. Superficie antideslizante. \u00e2\u20ac\u00a2 Altura: [&hellip;]<\/p>\n","protected":false},"featured_media":490187,"comment_status":"open","ping_status":"closed","template":"","meta":{"inline_featured_image":false},"product_brand":[],"product_cat":[1409],"product_tag":[1532],"sport":[],"class_list":{"0":"post-490214","1":"product","2":"type-product","3":"status-publish","4":"has-post-thumbnail","6":"product_cat-equipos-de-formacion-es","7":"product_tag-sveltus-es","8":"pa_size-sans-taille-defaut","10":"first","11":"instock","12":"taxable","13":"shipping-taxable","14":"purchasable","15":"product-type-simple"},"yoast_head":"<!-- This site is optimized with the Yoast SEO plugin v27.2 - https:\/\/yoast.com\/product\/yoast-seo-wordpress\/ -->\n<title>Tabla de equilibrio de madera &#8211; Daisho<\/title>\n<meta name=\"robots\" content=\"index, follow, max-snippet:-1, max-image-preview:large, max-video-preview:-1\" \/>\n<link rel=\"canonical\" href=\"https:\/\/www.daisho.be\/es\/produit\/tabla-de-equilibrio-de-madera\/\" \/>\n<meta property=\"og:locale\" content=\"es_ES\" \/>\n<meta property=\"og:type\" content=\"article\" \/>\n<meta property=\"og:title\" content=\"Tabla de equilibrio de madera &#8211; Daisho\" \/>\n<meta property=\"og:description\" content=\"El objetivo de una tabla de equilibrio&#x2122;&#x2122; es mantenerse de pie sobre ella lo m\u00e1s recto posible. De este modo, se desaf\u00edan varias zonas del cuerpo, lo que te permite trabajar diferentes grupos musculares. Para mayor dificultad, trabaja sentadillas, ejercicios abdominales o envolturas. Su estructura de madera la hace m\u00e1s s\u00f3lida. Superficie antideslizante. \u00e2\u20ac\u00a2 Altura: [&hellip;]\" \/>\n<meta property=\"og:url\" content=\"https:\/\/www.daisho.be\/es\/produit\/tabla-de-equilibrio-de-madera\/\" \/>\n<meta property=\"og:site_name\" content=\"Daisho\" \/>\n<meta property=\"article:modified_time\" content=\"2026-04-07T10:56:14+00:00\" \/>\n<meta property=\"og:image\" content=\"https:\/\/www.daisho.be\/wp-content\/uploads\/2025\/02\/image-36.jpg\" \/>\n\t<meta property=\"og:image:width\" content=\"1996\" \/>\n\t<meta property=\"og:image:height\" content=\"1452\" \/>\n\t<meta property=\"og:image:type\" content=\"image\/jpeg\" \/>\n<meta name=\"twitter:card\" content=\"summary_large_image\" \/>\n<script type=\"application\/ld+json\" class=\"yoast-schema-graph\">{\"@context\":\"https:\/\/schema.org\",\"@graph\":[{\"@type\":\"WebPage\",\"@id\":\"https:\/\/www.daisho.be\/es\/produit\/tabla-de-equilibrio-de-madera\/\",\"url\":\"https:\/\/www.daisho.be\/es\/produit\/tabla-de-equilibrio-de-madera\/\",\"name\":\"Tabla de equilibrio de madera &#8211; Daisho\",\"isPartOf\":{\"@id\":\"https:\/\/www.daisho.be\/es\/#website\"},\"primaryImageOfPage\":{\"@id\":\"https:\/\/www.daisho.be\/es\/produit\/tabla-de-equilibrio-de-madera\/#primaryimage\"},\"image\":{\"@id\":\"https:\/\/www.daisho.be\/es\/produit\/tabla-de-equilibrio-de-madera\/#primaryimage\"},\"thumbnailUrl\":\"https:\/\/www.daisho.be\/wp-content\/uploads\/2025\/02\/image-36.jpg\",\"datePublished\":\"2025-02-03T14:06:27+00:00\",\"dateModified\":\"2026-04-07T10:56:14+00:00\",\"breadcrumb\":{\"@id\":\"https:\/\/www.daisho.be\/es\/produit\/tabla-de-equilibrio-de-madera\/#breadcrumb\"},\"inLanguage\":\"es\",\"potentialAction\":[{\"@type\":\"ReadAction\",\"target\":[\"https:\/\/www.daisho.be\/es\/produit\/tabla-de-equilibrio-de-madera\/\"]}]},{\"@type\":\"ImageObject\",\"inLanguage\":\"es\",\"@id\":\"https:\/\/www.daisho.be\/es\/produit\/tabla-de-equilibrio-de-madera\/#primaryimage\",\"url\":\"https:\/\/www.daisho.be\/wp-content\/uploads\/2025\/02\/image-36.jpg\",\"contentUrl\":\"https:\/\/www.daisho.be\/wp-content\/uploads\/2025\/02\/image-36.jpg\",\"width\":1996,\"height\":1452,\"caption\":\"Tabla de madera para balanzas -1\"},{\"@type\":\"BreadcrumbList\",\"@id\":\"https:\/\/www.daisho.be\/es\/produit\/tabla-de-equilibrio-de-madera\/#breadcrumb\",\"itemListElement\":[{\"@type\":\"ListItem\",\"position\":1,\"name\":\"Accueil\",\"item\":\"https:\/\/www.daisho.be\/es\/\"},{\"@type\":\"ListItem\",\"position\":2,\"name\":\"Productos\",\"item\":\"https:\/\/www.daisho.be\/es\/productos\/\"},{\"@type\":\"ListItem\",\"position\":3,\"name\":\"Deportes de combate\",\"item\":\"https:\/\/www.daisho.be\/es\/categorie-produit\/deportes-de-combate\/\"},{\"@type\":\"ListItem\",\"position\":4,\"name\":\"Equipos de formaci\u00f3n\",\"item\":\"https:\/\/www.daisho.be\/es\/categorie-produit\/deportes-de-combate\/equipos-de-formacion-es\/\"},{\"@type\":\"ListItem\",\"position\":5,\"name\":\"Tabla de equilibrio de madera\"}]},{\"@type\":\"WebSite\",\"@id\":\"https:\/\/www.daisho.be\/es\/#website\",\"url\":\"https:\/\/www.daisho.be\/es\/\",\"name\":\"Daisho\",\"description\":\"Sp&eacute;cialiste de l'&eacute;quipement sportif d'arts martiaux\",\"publisher\":{\"@id\":\"https:\/\/www.daisho.be\/es\/#organization\"},\"potentialAction\":[{\"@type\":\"SearchAction\",\"target\":{\"@type\":\"EntryPoint\",\"urlTemplate\":\"https:\/\/www.daisho.be\/es\/?s={search_term_string}\"},\"query-input\":{\"@type\":\"PropertyValueSpecification\",\"valueRequired\":true,\"valueName\":\"search_term_string\"}}],\"inLanguage\":\"es\"},{\"@type\":\"Organization\",\"@id\":\"https:\/\/www.daisho.be\/es\/#organization\",\"name\":\"Daisho\",\"url\":\"https:\/\/www.daisho.be\/es\/\",\"logo\":{\"@type\":\"ImageObject\",\"inLanguage\":\"es\",\"@id\":\"https:\/\/www.daisho.be\/es\/#\/schema\/logo\/image\/\",\"url\":\"https:\/\/www.daisho.be\/wp-content\/uploads\/2019\/07\/color-nothing-horizontale4x-e1564486100247.png\",\"contentUrl\":\"https:\/\/www.daisho.be\/wp-content\/uploads\/2019\/07\/color-nothing-horizontale4x-e1564486100247.png\",\"width\":1547,\"height\":385,\"caption\":\"Daisho\"},\"image\":{\"@id\":\"https:\/\/www.daisho.be\/es\/#\/schema\/logo\/image\/\"}}]}<\/script>\n<!-- \/ Yoast SEO plugin. -->","yoast_head_json":{"title":"Tabla de equilibrio de madera &#8211; Daisho","robots":{"index":"index","follow":"follow","max-snippet":"max-snippet:-1","max-image-preview":"max-image-preview:large","max-video-preview":"max-video-preview:-1"},"canonical":"https:\/\/www.daisho.be\/es\/produit\/tabla-de-equilibrio-de-madera\/","og_locale":"es_ES","og_type":"article","og_title":"Tabla de equilibrio de madera &#8211; Daisho","og_description":"El objetivo de una tabla de equilibrio&#x2122;&#x2122; es mantenerse de pie sobre ella lo m\u00e1s recto posible. De este modo, se desaf\u00edan varias zonas del cuerpo, lo que te permite trabajar diferentes grupos musculares. Para mayor dificultad, trabaja sentadillas, ejercicios abdominales o envolturas. Su estructura de madera la hace m\u00e1s s\u00f3lida. Superficie antideslizante. \u00e2\u20ac\u00a2 Altura: [&hellip;]","og_url":"https:\/\/www.daisho.be\/es\/produit\/tabla-de-equilibrio-de-madera\/","og_site_name":"Daisho","article_modified_time":"2026-04-07T10:56:14+00:00","og_image":[{"width":1996,"height":1452,"url":"https:\/\/www.daisho.be\/wp-content\/uploads\/2025\/02\/image-36.jpg","type":"image\/jpeg"}],"twitter_card":"summary_large_image","schema":{"@context":"https:\/\/schema.org","@graph":[{"@type":"WebPage","@id":"https:\/\/www.daisho.be\/es\/produit\/tabla-de-equilibrio-de-madera\/","url":"https:\/\/www.daisho.be\/es\/produit\/tabla-de-equilibrio-de-madera\/","name":"Tabla de equilibrio de madera &#8211; Daisho","isPartOf":{"@id":"https:\/\/www.daisho.be\/es\/#website"},"primaryImageOfPage":{"@id":"https:\/\/www.daisho.be\/es\/produit\/tabla-de-equilibrio-de-madera\/#primaryimage"},"image":{"@id":"https:\/\/www.daisho.be\/es\/produit\/tabla-de-equilibrio-de-madera\/#primaryimage"},"thumbnailUrl":"https:\/\/www.daisho.be\/wp-content\/uploads\/2025\/02\/image-36.jpg","datePublished":"2025-02-03T14:06:27+00:00","dateModified":"2026-04-07T10:56:14+00:00","breadcrumb":{"@id":"https:\/\/www.daisho.be\/es\/produit\/tabla-de-equilibrio-de-madera\/#breadcrumb"},"inLanguage":"es","potentialAction":[{"@type":"ReadAction","target":["https:\/\/www.daisho.be\/es\/produit\/tabla-de-equilibrio-de-madera\/"]}]},{"@type":"ImageObject","inLanguage":"es","@id":"https:\/\/www.daisho.be\/es\/produit\/tabla-de-equilibrio-de-madera\/#primaryimage","url":"https:\/\/www.daisho.be\/wp-content\/uploads\/2025\/02\/image-36.jpg","contentUrl":"https:\/\/www.daisho.be\/wp-content\/uploads\/2025\/02\/image-36.jpg","width":1996,"height":1452,"caption":"Tabla de madera para balanzas -1"},{"@type":"BreadcrumbList","@id":"https:\/\/www.daisho.be\/es\/produit\/tabla-de-equilibrio-de-madera\/#breadcrumb","itemListElement":[{"@type":"ListItem","position":1,"name":"Accueil","item":"https:\/\/www.daisho.be\/es\/"},{"@type":"ListItem","position":2,"name":"Productos","item":"https:\/\/www.daisho.be\/es\/productos\/"},{"@type":"ListItem","position":3,"name":"Deportes de combate","item":"https:\/\/www.daisho.be\/es\/categorie-produit\/deportes-de-combate\/"},{"@type":"ListItem","position":4,"name":"Equipos de formaci\u00f3n","item":"https:\/\/www.daisho.be\/es\/categorie-produit\/deportes-de-combate\/equipos-de-formacion-es\/"},{"@type":"ListItem","position":5,"name":"Tabla de equilibrio de madera"}]},{"@type":"WebSite","@id":"https:\/\/www.daisho.be\/es\/#website","url":"https:\/\/www.daisho.be\/es\/","name":"Daisho","description":"Sp&eacute;cialiste de l'&eacute;quipement sportif d'arts martiaux","publisher":{"@id":"https:\/\/www.daisho.be\/es\/#organization"},"potentialAction":[{"@type":"SearchAction","target":{"@type":"EntryPoint","urlTemplate":"https:\/\/www.daisho.be\/es\/?s={search_term_string}"},"query-input":{"@type":"PropertyValueSpecification","valueRequired":true,"valueName":"search_term_string"}}],"inLanguage":"es"},{"@type":"Organization","@id":"https:\/\/www.daisho.be\/es\/#organization","name":"Daisho","url":"https:\/\/www.daisho.be\/es\/","logo":{"@type":"ImageObject","inLanguage":"es","@id":"https:\/\/www.daisho.be\/es\/#\/schema\/logo\/image\/","url":"https:\/\/www.daisho.be\/wp-content\/uploads\/2019\/07\/color-nothing-horizontale4x-e1564486100247.png","contentUrl":"https:\/\/www.daisho.be\/wp-content\/uploads\/2019\/07\/color-nothing-horizontale4x-e1564486100247.png","width":1547,"height":385,"caption":"Daisho"},"image":{"@id":"https:\/\/www.daisho.be\/es\/#\/schema\/logo\/image\/"}}]}},"_links":{"self":[{"href":"https:\/\/www.daisho.be\/es\/wp-json\/wp\/v2\/product\/490214","targetHints":{"allow":["GET"]}}],"collection":[{"href":"https:\/\/www.daisho.be\/es\/wp-json\/wp\/v2\/product"}],"about":[{"href":"https:\/\/www.daisho.be\/es\/wp-json\/wp\/v2\/types\/product"}],"replies":[{"embeddable":true,"href":"https:\/\/www.daisho.be\/es\/wp-json\/wp\/v2\/comments?post=490214"}],"wp:featuredmedia":[{"embeddable":true,"href":"https:\/\/www.daisho.be\/es\/wp-json\/wp\/v2\/media\/490187"}],"wp:attachment":[{"href":"https:\/\/www.daisho.be\/es\/wp-json\/wp\/v2\/media?parent=490214"}],"wp:term":[{"taxonomy":"product_brand","embeddable":true,"href":"https:\/\/www.daisho.be\/es\/wp-json\/wp\/v2\/product_brand?post=490214"},{"taxonomy":"product_cat","embeddable":true,"href":"https:\/\/www.daisho.be\/es\/wp-json\/wp\/v2\/product_cat?post=490214"},{"taxonomy":"product_tag","embeddable":true,"href":"https:\/\/www.daisho.be\/es\/wp-json\/wp\/v2\/product_tag?post=490214"},{"taxonomy":"sport","embeddable":true,"href":"https:\/\/www.daisho.be\/es\/wp-json\/wp\/v2\/sport?post=490214"}],"curies":[{"name":"wp","href":"https:\/\/api.w.org\/{rel}","templated":true}]}}