{"id":489959,"date":"2025-02-03T13:22:45","date_gmt":"2025-02-03T12:22:45","guid":{"rendered":"https:\/\/www.daisho.be\/produit\/cuerda-de-saltar-de-aluminio\/"},"modified":"2025-02-03T13:22:45","modified_gmt":"2025-02-03T12:22:45","slug":"cuerda-de-saltar-de-aluminio","status":"publish","type":"product","link":"https:\/\/www.daisho.be\/es\/produit\/cuerda-de-saltar-de-aluminio\/","title":{"rendered":"Cuerda de saltar de aluminio"},"content":{"rendered":"<p>Bonito dise\u00f1o para esta cuerda ajustable de aluminio. Las empu\u00f1aduras antideslizantes garantizan un excelente agarre y comodidad durante el ejercicio.<\/p>\n<p>Ideal para el entrenamiento cruzado. Velocidad de rotaci\u00f3n de 360\u00b0. Cable de acero recubierto de PVC. Puedes ajustar f\u00e1cilmente la longitud de la cuerda gracias al sistema de ajuste por tornillo. &#8211; Longitud total: 325 cm &#8211; Di\u00e1metro del cable: 2,5 mm &#8211; Longitud del mango: 15 cm &#8211; Peso: 150 g &#8211; Composici\u00f3n: Mangos de aluminio &#8211; Cable de acero recubierto de PVC &#8211; Tapones de PVC <\/p>\n","protected":false},"excerpt":{"rendered":"<p>Bonito dise\u00f1o para esta cuerda ajustable de aluminio. Las empu\u00f1aduras antideslizantes garantizan un excelente agarre y comodidad durante el ejercicio. Ideal para el entrenamiento cruzado. Velocidad de rotaci\u00f3n de 360\u00b0. Cable de acero recubierto de PVC. Puedes ajustar f\u00e1cilmente la longitud de la cuerda gracias al sistema de ajuste por tornillo. &#8211; Longitud total: 325 [&hellip;]<\/p>\n","protected":false},"featured_media":489844,"comment_status":"open","ping_status":"closed","template":"","meta":{"inline_featured_image":false},"product_brand":[],"product_cat":[1418,1409,1301],"product_tag":[1532],"sport":[],"class_list":{"0":"post-489959","1":"product","2":"type-product","3":"status-publish","4":"has-post-thumbnail","6":"product_cat-equipo-de-entrenamiento-de-boxeo","7":"product_cat-equipos-de-formacion-es","8":"product_cat-material-de-entrenamiento-de-karate","9":"product_tag-sveltus-es","11":"first","12":"instock","13":"taxable","14":"shipping-taxable","15":"purchasable","16":"product-type-simple"},"yoast_head":"<!-- This site is optimized with the Yoast SEO plugin v27.2 - https:\/\/yoast.com\/product\/yoast-seo-wordpress\/ -->\n<title>Cuerda de saltar de aluminio &#8211; Daisho<\/title>\n<meta name=\"robots\" content=\"index, follow, max-snippet:-1, max-image-preview:large, max-video-preview:-1\" \/>\n<link rel=\"canonical\" href=\"https:\/\/www.daisho.be\/es\/produit\/cuerda-de-saltar-de-aluminio\/\" \/>\n<meta property=\"og:locale\" content=\"es_ES\" \/>\n<meta property=\"og:type\" content=\"article\" \/>\n<meta property=\"og:title\" content=\"Cuerda de saltar de aluminio &#8211; Daisho\" \/>\n<meta property=\"og:description\" content=\"Bonito dise\u00f1o para esta cuerda ajustable de aluminio. Las empu\u00f1aduras antideslizantes garantizan un excelente agarre y comodidad durante el ejercicio. Ideal para el entrenamiento cruzado. Velocidad de rotaci\u00f3n de 360\u00b0. Cable de acero recubierto de PVC. Puedes ajustar f\u00e1cilmente la longitud de la cuerda gracias al sistema de ajuste por tornillo. &#8211; Longitud total: 325 [&hellip;]\" \/>\n<meta property=\"og:url\" content=\"https:\/\/www.daisho.be\/es\/produit\/cuerda-de-saltar-de-aluminio\/\" \/>\n<meta property=\"og:site_name\" content=\"Daisho\" \/>\n<meta property=\"og:image\" content=\"https:\/\/www.daisho.be\/wp-content\/uploads\/2025\/02\/image-4.jpg\" \/>\n\t<meta property=\"og:image:width\" content=\"1181\" \/>\n\t<meta property=\"og:image:height\" content=\"1651\" \/>\n\t<meta property=\"og:image:type\" content=\"image\/jpeg\" \/>\n<meta name=\"twitter:card\" content=\"summary_large_image\" \/>\n<script type=\"application\/ld+json\" class=\"yoast-schema-graph\">{\"@context\":\"https:\/\/schema.org\",\"@graph\":[{\"@type\":\"WebPage\",\"@id\":\"https:\/\/www.daisho.be\/es\/produit\/cuerda-de-saltar-de-aluminio\/\",\"url\":\"https:\/\/www.daisho.be\/es\/produit\/cuerda-de-saltar-de-aluminio\/\",\"name\":\"Cuerda de saltar de aluminio &#8211; Daisho\",\"isPartOf\":{\"@id\":\"https:\/\/www.daisho.be\/es\/#website\"},\"primaryImageOfPage\":{\"@id\":\"https:\/\/www.daisho.be\/es\/produit\/cuerda-de-saltar-de-aluminio\/#primaryimage\"},\"image\":{\"@id\":\"https:\/\/www.daisho.be\/es\/produit\/cuerda-de-saltar-de-aluminio\/#primaryimage\"},\"thumbnailUrl\":\"https:\/\/www.daisho.be\/wp-content\/uploads\/2025\/02\/image-4.jpg\",\"datePublished\":\"2025-02-03T12:22:45+00:00\",\"breadcrumb\":{\"@id\":\"https:\/\/www.daisho.be\/es\/produit\/cuerda-de-saltar-de-aluminio\/#breadcrumb\"},\"inLanguage\":\"es\",\"potentialAction\":[{\"@type\":\"ReadAction\",\"target\":[\"https:\/\/www.daisho.be\/es\/produit\/cuerda-de-saltar-de-aluminio\/\"]}]},{\"@type\":\"ImageObject\",\"inLanguage\":\"es\",\"@id\":\"https:\/\/www.daisho.be\/es\/produit\/cuerda-de-saltar-de-aluminio\/#primaryimage\",\"url\":\"https:\/\/www.daisho.be\/wp-content\/uploads\/2025\/02\/image-4.jpg\",\"contentUrl\":\"https:\/\/www.daisho.be\/wp-content\/uploads\/2025\/02\/image-4.jpg\",\"width\":1181,\"height\":1651,\"caption\":\"Cuerda de saltar de aluminio -1\"},{\"@type\":\"BreadcrumbList\",\"@id\":\"https:\/\/www.daisho.be\/es\/produit\/cuerda-de-saltar-de-aluminio\/#breadcrumb\",\"itemListElement\":[{\"@type\":\"ListItem\",\"position\":1,\"name\":\"Accueil\",\"item\":\"https:\/\/www.daisho.be\/es\/\"},{\"@type\":\"ListItem\",\"position\":2,\"name\":\"Productos\",\"item\":\"https:\/\/www.daisho.be\/es\/productos\/\"},{\"@type\":\"ListItem\",\"position\":3,\"name\":\"Equipamiento y ropa para artes marciales y deportes de combate\",\"item\":\"https:\/\/www.daisho.be\/es\/categorie-produit\/equipamiento-y-ropa-para-artes-marciales-y-deportes-de-combate\/\"},{\"@type\":\"ListItem\",\"position\":4,\"name\":\"Boxeo\",\"item\":\"https:\/\/www.daisho.be\/es\/categorie-produit\/equipamiento-y-ropa-para-artes-marciales-y-deportes-de-combate\/boxeo-es\/\"},{\"@type\":\"ListItem\",\"position\":5,\"name\":\"Equipo de entrenamiento de boxeo\",\"item\":\"https:\/\/www.daisho.be\/es\/categorie-produit\/equipamiento-y-ropa-para-artes-marciales-y-deportes-de-combate\/boxeo-es\/equipo-de-entrenamiento-de-boxeo\/\"},{\"@type\":\"ListItem\",\"position\":6,\"name\":\"Cuerda de saltar de aluminio\"}]},{\"@type\":\"WebSite\",\"@id\":\"https:\/\/www.daisho.be\/es\/#website\",\"url\":\"https:\/\/www.daisho.be\/es\/\",\"name\":\"Daisho\",\"description\":\"Sp&eacute;cialiste de l'&eacute;quipement sportif d'arts martiaux\",\"publisher\":{\"@id\":\"https:\/\/www.daisho.be\/es\/#organization\"},\"potentialAction\":[{\"@type\":\"SearchAction\",\"target\":{\"@type\":\"EntryPoint\",\"urlTemplate\":\"https:\/\/www.daisho.be\/es\/?s={search_term_string}\"},\"query-input\":{\"@type\":\"PropertyValueSpecification\",\"valueRequired\":true,\"valueName\":\"search_term_string\"}}],\"inLanguage\":\"es\"},{\"@type\":\"Organization\",\"@id\":\"https:\/\/www.daisho.be\/es\/#organization\",\"name\":\"Daisho\",\"url\":\"https:\/\/www.daisho.be\/es\/\",\"logo\":{\"@type\":\"ImageObject\",\"inLanguage\":\"es\",\"@id\":\"https:\/\/www.daisho.be\/es\/#\/schema\/logo\/image\/\",\"url\":\"https:\/\/www.daisho.be\/wp-content\/uploads\/2019\/07\/color-nothing-horizontale4x-e1564486100247.png\",\"contentUrl\":\"https:\/\/www.daisho.be\/wp-content\/uploads\/2019\/07\/color-nothing-horizontale4x-e1564486100247.png\",\"width\":1547,\"height\":385,\"caption\":\"Daisho\"},\"image\":{\"@id\":\"https:\/\/www.daisho.be\/es\/#\/schema\/logo\/image\/\"}}]}<\/script>\n<!-- \/ Yoast SEO plugin. -->","yoast_head_json":{"title":"Cuerda de saltar de aluminio &#8211; Daisho","robots":{"index":"index","follow":"follow","max-snippet":"max-snippet:-1","max-image-preview":"max-image-preview:large","max-video-preview":"max-video-preview:-1"},"canonical":"https:\/\/www.daisho.be\/es\/produit\/cuerda-de-saltar-de-aluminio\/","og_locale":"es_ES","og_type":"article","og_title":"Cuerda de saltar de aluminio &#8211; Daisho","og_description":"Bonito dise\u00f1o para esta cuerda ajustable de aluminio. Las empu\u00f1aduras antideslizantes garantizan un excelente agarre y comodidad durante el ejercicio. Ideal para el entrenamiento cruzado. Velocidad de rotaci\u00f3n de 360\u00b0. Cable de acero recubierto de PVC. Puedes ajustar f\u00e1cilmente la longitud de la cuerda gracias al sistema de ajuste por tornillo. &#8211; Longitud total: 325 [&hellip;]","og_url":"https:\/\/www.daisho.be\/es\/produit\/cuerda-de-saltar-de-aluminio\/","og_site_name":"Daisho","og_image":[{"width":1181,"height":1651,"url":"https:\/\/www.daisho.be\/wp-content\/uploads\/2025\/02\/image-4.jpg","type":"image\/jpeg"}],"twitter_card":"summary_large_image","schema":{"@context":"https:\/\/schema.org","@graph":[{"@type":"WebPage","@id":"https:\/\/www.daisho.be\/es\/produit\/cuerda-de-saltar-de-aluminio\/","url":"https:\/\/www.daisho.be\/es\/produit\/cuerda-de-saltar-de-aluminio\/","name":"Cuerda de saltar de aluminio &#8211; Daisho","isPartOf":{"@id":"https:\/\/www.daisho.be\/es\/#website"},"primaryImageOfPage":{"@id":"https:\/\/www.daisho.be\/es\/produit\/cuerda-de-saltar-de-aluminio\/#primaryimage"},"image":{"@id":"https:\/\/www.daisho.be\/es\/produit\/cuerda-de-saltar-de-aluminio\/#primaryimage"},"thumbnailUrl":"https:\/\/www.daisho.be\/wp-content\/uploads\/2025\/02\/image-4.jpg","datePublished":"2025-02-03T12:22:45+00:00","breadcrumb":{"@id":"https:\/\/www.daisho.be\/es\/produit\/cuerda-de-saltar-de-aluminio\/#breadcrumb"},"inLanguage":"es","potentialAction":[{"@type":"ReadAction","target":["https:\/\/www.daisho.be\/es\/produit\/cuerda-de-saltar-de-aluminio\/"]}]},{"@type":"ImageObject","inLanguage":"es","@id":"https:\/\/www.daisho.be\/es\/produit\/cuerda-de-saltar-de-aluminio\/#primaryimage","url":"https:\/\/www.daisho.be\/wp-content\/uploads\/2025\/02\/image-4.jpg","contentUrl":"https:\/\/www.daisho.be\/wp-content\/uploads\/2025\/02\/image-4.jpg","width":1181,"height":1651,"caption":"Cuerda de saltar de aluminio -1"},{"@type":"BreadcrumbList","@id":"https:\/\/www.daisho.be\/es\/produit\/cuerda-de-saltar-de-aluminio\/#breadcrumb","itemListElement":[{"@type":"ListItem","position":1,"name":"Accueil","item":"https:\/\/www.daisho.be\/es\/"},{"@type":"ListItem","position":2,"name":"Productos","item":"https:\/\/www.daisho.be\/es\/productos\/"},{"@type":"ListItem","position":3,"name":"Equipamiento y ropa para artes marciales y deportes de combate","item":"https:\/\/www.daisho.be\/es\/categorie-produit\/equipamiento-y-ropa-para-artes-marciales-y-deportes-de-combate\/"},{"@type":"ListItem","position":4,"name":"Boxeo","item":"https:\/\/www.daisho.be\/es\/categorie-produit\/equipamiento-y-ropa-para-artes-marciales-y-deportes-de-combate\/boxeo-es\/"},{"@type":"ListItem","position":5,"name":"Equipo de entrenamiento de boxeo","item":"https:\/\/www.daisho.be\/es\/categorie-produit\/equipamiento-y-ropa-para-artes-marciales-y-deportes-de-combate\/boxeo-es\/equipo-de-entrenamiento-de-boxeo\/"},{"@type":"ListItem","position":6,"name":"Cuerda de saltar de aluminio"}]},{"@type":"WebSite","@id":"https:\/\/www.daisho.be\/es\/#website","url":"https:\/\/www.daisho.be\/es\/","name":"Daisho","description":"Sp&eacute;cialiste de l'&eacute;quipement sportif d'arts martiaux","publisher":{"@id":"https:\/\/www.daisho.be\/es\/#organization"},"potentialAction":[{"@type":"SearchAction","target":{"@type":"EntryPoint","urlTemplate":"https:\/\/www.daisho.be\/es\/?s={search_term_string}"},"query-input":{"@type":"PropertyValueSpecification","valueRequired":true,"valueName":"search_term_string"}}],"inLanguage":"es"},{"@type":"Organization","@id":"https:\/\/www.daisho.be\/es\/#organization","name":"Daisho","url":"https:\/\/www.daisho.be\/es\/","logo":{"@type":"ImageObject","inLanguage":"es","@id":"https:\/\/www.daisho.be\/es\/#\/schema\/logo\/image\/","url":"https:\/\/www.daisho.be\/wp-content\/uploads\/2019\/07\/color-nothing-horizontale4x-e1564486100247.png","contentUrl":"https:\/\/www.daisho.be\/wp-content\/uploads\/2019\/07\/color-nothing-horizontale4x-e1564486100247.png","width":1547,"height":385,"caption":"Daisho"},"image":{"@id":"https:\/\/www.daisho.be\/es\/#\/schema\/logo\/image\/"}}]}},"_links":{"self":[{"href":"https:\/\/www.daisho.be\/es\/wp-json\/wp\/v2\/product\/489959","targetHints":{"allow":["GET"]}}],"collection":[{"href":"https:\/\/www.daisho.be\/es\/wp-json\/wp\/v2\/product"}],"about":[{"href":"https:\/\/www.daisho.be\/es\/wp-json\/wp\/v2\/types\/product"}],"replies":[{"embeddable":true,"href":"https:\/\/www.daisho.be\/es\/wp-json\/wp\/v2\/comments?post=489959"}],"wp:featuredmedia":[{"embeddable":true,"href":"https:\/\/www.daisho.be\/es\/wp-json\/wp\/v2\/media\/489844"}],"wp:attachment":[{"href":"https:\/\/www.daisho.be\/es\/wp-json\/wp\/v2\/media?parent=489959"}],"wp:term":[{"taxonomy":"product_brand","embeddable":true,"href":"https:\/\/www.daisho.be\/es\/wp-json\/wp\/v2\/product_brand?post=489959"},{"taxonomy":"product_cat","embeddable":true,"href":"https:\/\/www.daisho.be\/es\/wp-json\/wp\/v2\/product_cat?post=489959"},{"taxonomy":"product_tag","embeddable":true,"href":"https:\/\/www.daisho.be\/es\/wp-json\/wp\/v2\/product_tag?post=489959"},{"taxonomy":"sport","embeddable":true,"href":"https:\/\/www.daisho.be\/es\/wp-json\/wp\/v2\/sport?post=489959"}],"curies":[{"name":"wp","href":"https:\/\/api.w.org\/{rel}","templated":true}]}}