{"id":489721,"date":"2025-02-03T11:02:34","date_gmt":"2025-02-03T10:02:34","guid":{"rendered":"https:\/\/www.daisho.be\/produit\/dobok-poomsae-hombre-adulto\/"},"modified":"2025-10-21T21:12:10","modified_gmt":"2025-10-21T19:12:10","slug":"dobok-poomsae-hombre-adulto","status":"publish","type":"product","link":"https:\/\/www.daisho.be\/es\/produit\/dobok-poomsae-hombre-adulto\/","title":{"rendered":"DOBOK POOMSAE HOMBRE ADULTO"},"content":{"rendered":"<p>Dise\u00f1ado para artistas marciales exigentes, el Dobok Poomsae WT es el equipo perfecto para la competici\u00f3n de taekwondo y el entrenamiento intensivo.<\/p>\n<p>Este dobok combina comodidad, rendimiento y est\u00e9tica, al tiempo que cumple las normas de calidad del equipamiento para deportes de combate.<\/p>\n<p>Fabricado con una mezcla de tejidos de 35% algod\u00f3n y 65% poli\u00e9ster, ofrece una transpirabilidad \u00f3ptima, gran libertad de movimientos y una durabilidad excepcional.<\/p>\n<p>Especificaciones t\u00e9cnicas:<br \/>\nChaqueta ergon\u00f3mica: cuello en V con aberturas frontales y laterales para un ajuste perfecto, dise\u00f1ada para soportar los movimientos espec\u00edficos de las formas de Poomsae.<\/p>\n<p>Pantal\u00f3n funcional: cintura el\u00e1stica con cord\u00f3n de ajuste para una sujeci\u00f3n y comodidad \u00f3ptimas durante tus sesiones de entrenamiento.<\/p>\n<p>Materiales de alta gama: Tejido estructurado y resistente adaptado a las exigencias de los competidores.<\/p>\n<p>Acabado meticuloso: Logotipo de adidas bordado en la chaqueta y los pantalones, con un elegante bordado \u00abWT\u00bb en el pecho, que destaca su certificaci\u00f3n oficial World Taekwondo.<\/p>\n<p>Este dobok de taekwondo es la elecci\u00f3n esencial para todos los practicantes que buscan un kimono t\u00e9cnico, robusto y c\u00f3modo, para mejorar su pr\u00e1ctica.<br \/>\nCon su cuidado dise\u00f1o y su tejido de alta calidad, este dobok es perfecto para los competidores que quieran destacar en su disciplina.<\/p>\n","protected":false},"excerpt":{"rendered":"<p>Dise\u00f1ado para artistas marciales exigentes, el Dobok Poomsae WT es el equipo perfecto para la competici\u00f3n de taekwondo y el entrenamiento intensivo. Este dobok combina comodidad, rendimiento y est\u00e9tica, al tiempo que cumple las normas de calidad del equipamiento para deportes de combate. Fabricado con una mezcla de tejidos de 35% algod\u00f3n y 65% poli\u00e9ster, [&hellip;]<\/p>\n","protected":false},"featured_media":489460,"comment_status":"open","ping_status":"closed","template":"","meta":{"inline_featured_image":false},"product_brand":[],"product_cat":[1642,1722],"product_tag":[1560],"sport":[],"class_list":{"0":"post-489721","1":"product","2":"type-product","3":"status-publish","4":"has-post-thumbnail","6":"product_cat-kimono-dobok-adidas-es","7":"product_cat-taekwondo-dobok-traje","8":"product_tag-adidas-es","9":"pa_size-380","10":"pa_size-379","11":"pa_size-378","12":"pa_size-377","13":"pa_size-376","14":"pa_size-383","15":"pa_size-382","17":"first","18":"instock","19":"taxable","20":"shipping-taxable","21":"purchasable","22":"product-type-variable"},"yoast_head":"<!-- This site is optimized with the Yoast SEO plugin v27.2 - https:\/\/yoast.com\/product\/yoast-seo-wordpress\/ -->\n<title>DOBOK POOMSAE HOMBRE ADULTO &#8211; Daisho<\/title>\n<meta name=\"description\" content=\"El dobok-poomsae es un kimono que combina rendimiento y est\u00e9tica para los especialistas en Taekwondo. C\u00f3mpralo en nuestra p\u00e1gina web www.daisho.be\/ Daisho\" \/>\n<meta name=\"robots\" content=\"index, follow, max-snippet:-1, max-image-preview:large, max-video-preview:-1\" \/>\n<link rel=\"canonical\" href=\"https:\/\/www.daisho.be\/es\/produit\/dobok-poomsae-hombre-adulto\/\" \/>\n<meta property=\"og:locale\" content=\"es_ES\" \/>\n<meta property=\"og:type\" content=\"article\" \/>\n<meta property=\"og:title\" content=\"DOBOK POOMSAE HOMBRE ADULTO &#8211; Daisho\" \/>\n<meta property=\"og:description\" content=\"El dobok-poomsae es un kimono que combina rendimiento y est\u00e9tica para los especialistas en Taekwondo. C\u00f3mpralo en nuestra p\u00e1gina web www.daisho.be\/ Daisho\" \/>\n<meta property=\"og:url\" content=\"https:\/\/www.daisho.be\/es\/produit\/dobok-poomsae-hombre-adulto\/\" \/>\n<meta property=\"og:site_name\" content=\"Daisho\" \/>\n<meta property=\"article:modified_time\" content=\"2025-10-21T19:12:10+00:00\" \/>\n<meta property=\"og:image\" content=\"https:\/\/www.daisho.be\/wp-content\/uploads\/2025\/02\/image-5.png\" \/>\n\t<meta property=\"og:image:width\" content=\"467\" \/>\n\t<meta property=\"og:image:height\" content=\"695\" \/>\n\t<meta property=\"og:image:type\" content=\"image\/png\" \/>\n<meta name=\"twitter:card\" content=\"summary_large_image\" \/>\n<meta name=\"twitter:label1\" content=\"Tiempo de lectura\" \/>\n\t<meta name=\"twitter:data1\" content=\"1 minuto\" \/>\n<script type=\"application\/ld+json\" class=\"yoast-schema-graph\">{\"@context\":\"https:\/\/schema.org\",\"@graph\":[{\"@type\":\"WebPage\",\"@id\":\"https:\/\/www.daisho.be\/es\/produit\/dobok-poomsae-hombre-adulto\/\",\"url\":\"https:\/\/www.daisho.be\/es\/produit\/dobok-poomsae-hombre-adulto\/\",\"name\":\"DOBOK POOMSAE HOMBRE ADULTO &#8211; Daisho\",\"isPartOf\":{\"@id\":\"https:\/\/www.daisho.be\/es\/#website\"},\"primaryImageOfPage\":{\"@id\":\"https:\/\/www.daisho.be\/es\/produit\/dobok-poomsae-hombre-adulto\/#primaryimage\"},\"image\":{\"@id\":\"https:\/\/www.daisho.be\/es\/produit\/dobok-poomsae-hombre-adulto\/#primaryimage\"},\"thumbnailUrl\":\"https:\/\/www.daisho.be\/wp-content\/uploads\/2025\/02\/image-5.png\",\"datePublished\":\"2025-02-03T10:02:34+00:00\",\"dateModified\":\"2025-10-21T19:12:10+00:00\",\"description\":\"El dobok-poomsae es un kimono que combina rendimiento y est\u00e9tica para los especialistas en Taekwondo. C\u00f3mpralo en nuestra p\u00e1gina web www.daisho.be\/ Daisho\",\"breadcrumb\":{\"@id\":\"https:\/\/www.daisho.be\/es\/produit\/dobok-poomsae-hombre-adulto\/#breadcrumb\"},\"inLanguage\":\"es\",\"potentialAction\":[{\"@type\":\"ReadAction\",\"target\":[\"https:\/\/www.daisho.be\/es\/produit\/dobok-poomsae-hombre-adulto\/\"]}]},{\"@type\":\"ImageObject\",\"inLanguage\":\"es\",\"@id\":\"https:\/\/www.daisho.be\/es\/produit\/dobok-poomsae-hombre-adulto\/#primaryimage\",\"url\":\"https:\/\/www.daisho.be\/wp-content\/uploads\/2025\/02\/image-5.png\",\"contentUrl\":\"https:\/\/www.daisho.be\/wp-content\/uploads\/2025\/02\/image-5.png\",\"width\":467,\"height\":695,\"caption\":\"DOBOK POOMSAE ADULTO HOMBRE-1\"},{\"@type\":\"BreadcrumbList\",\"@id\":\"https:\/\/www.daisho.be\/es\/produit\/dobok-poomsae-hombre-adulto\/#breadcrumb\",\"itemListElement\":[{\"@type\":\"ListItem\",\"position\":1,\"name\":\"Accueil\",\"item\":\"https:\/\/www.daisho.be\/es\/\"},{\"@type\":\"ListItem\",\"position\":2,\"name\":\"Productos\",\"item\":\"https:\/\/www.daisho.be\/es\/productos\/\"},{\"@type\":\"ListItem\",\"position\":3,\"name\":\"ADIDAS COMBAT SPORTS\",\"item\":\"https:\/\/www.daisho.be\/es\/categorie-produit\/adidas-combat-sports-es\/\"},{\"@type\":\"ListItem\",\"position\":4,\"name\":\"Taekwondo\",\"item\":\"https:\/\/www.daisho.be\/es\/categorie-produit\/adidas-combat-sports-es\/taekwondo-es-2\/\"},{\"@type\":\"ListItem\",\"position\":5,\"name\":\"Kimono - Dobok Adidas\",\"item\":\"https:\/\/www.daisho.be\/es\/categorie-produit\/adidas-combat-sports-es\/taekwondo-es-2\/kimono-dobok-adidas-es\/\"},{\"@type\":\"ListItem\",\"position\":6,\"name\":\"DOBOK POOMSAE HOMBRE ADULTO\"}]},{\"@type\":\"WebSite\",\"@id\":\"https:\/\/www.daisho.be\/es\/#website\",\"url\":\"https:\/\/www.daisho.be\/es\/\",\"name\":\"Daisho\",\"description\":\"Sp&eacute;cialiste de l'&eacute;quipement sportif d'arts martiaux\",\"publisher\":{\"@id\":\"https:\/\/www.daisho.be\/es\/#organization\"},\"potentialAction\":[{\"@type\":\"SearchAction\",\"target\":{\"@type\":\"EntryPoint\",\"urlTemplate\":\"https:\/\/www.daisho.be\/es\/?s={search_term_string}\"},\"query-input\":{\"@type\":\"PropertyValueSpecification\",\"valueRequired\":true,\"valueName\":\"search_term_string\"}}],\"inLanguage\":\"es\"},{\"@type\":\"Organization\",\"@id\":\"https:\/\/www.daisho.be\/es\/#organization\",\"name\":\"Daisho\",\"url\":\"https:\/\/www.daisho.be\/es\/\",\"logo\":{\"@type\":\"ImageObject\",\"inLanguage\":\"es\",\"@id\":\"https:\/\/www.daisho.be\/es\/#\/schema\/logo\/image\/\",\"url\":\"https:\/\/www.daisho.be\/wp-content\/uploads\/2019\/07\/color-nothing-horizontale4x-e1564486100247.png\",\"contentUrl\":\"https:\/\/www.daisho.be\/wp-content\/uploads\/2019\/07\/color-nothing-horizontale4x-e1564486100247.png\",\"width\":1547,\"height\":385,\"caption\":\"Daisho\"},\"image\":{\"@id\":\"https:\/\/www.daisho.be\/es\/#\/schema\/logo\/image\/\"}}]}<\/script>\n<!-- \/ Yoast SEO plugin. -->","yoast_head_json":{"title":"DOBOK POOMSAE HOMBRE ADULTO &#8211; Daisho","description":"El dobok-poomsae es un kimono que combina rendimiento y est\u00e9tica para los especialistas en Taekwondo. C\u00f3mpralo en nuestra p\u00e1gina web www.daisho.be\/ Daisho","robots":{"index":"index","follow":"follow","max-snippet":"max-snippet:-1","max-image-preview":"max-image-preview:large","max-video-preview":"max-video-preview:-1"},"canonical":"https:\/\/www.daisho.be\/es\/produit\/dobok-poomsae-hombre-adulto\/","og_locale":"es_ES","og_type":"article","og_title":"DOBOK POOMSAE HOMBRE ADULTO &#8211; Daisho","og_description":"El dobok-poomsae es un kimono que combina rendimiento y est\u00e9tica para los especialistas en Taekwondo. C\u00f3mpralo en nuestra p\u00e1gina web www.daisho.be\/ Daisho","og_url":"https:\/\/www.daisho.be\/es\/produit\/dobok-poomsae-hombre-adulto\/","og_site_name":"Daisho","article_modified_time":"2025-10-21T19:12:10+00:00","og_image":[{"width":467,"height":695,"url":"https:\/\/www.daisho.be\/wp-content\/uploads\/2025\/02\/image-5.png","type":"image\/png"}],"twitter_card":"summary_large_image","twitter_misc":{"Tiempo de lectura":"1 minuto"},"schema":{"@context":"https:\/\/schema.org","@graph":[{"@type":"WebPage","@id":"https:\/\/www.daisho.be\/es\/produit\/dobok-poomsae-hombre-adulto\/","url":"https:\/\/www.daisho.be\/es\/produit\/dobok-poomsae-hombre-adulto\/","name":"DOBOK POOMSAE HOMBRE ADULTO &#8211; Daisho","isPartOf":{"@id":"https:\/\/www.daisho.be\/es\/#website"},"primaryImageOfPage":{"@id":"https:\/\/www.daisho.be\/es\/produit\/dobok-poomsae-hombre-adulto\/#primaryimage"},"image":{"@id":"https:\/\/www.daisho.be\/es\/produit\/dobok-poomsae-hombre-adulto\/#primaryimage"},"thumbnailUrl":"https:\/\/www.daisho.be\/wp-content\/uploads\/2025\/02\/image-5.png","datePublished":"2025-02-03T10:02:34+00:00","dateModified":"2025-10-21T19:12:10+00:00","description":"El dobok-poomsae es un kimono que combina rendimiento y est\u00e9tica para los especialistas en Taekwondo. C\u00f3mpralo en nuestra p\u00e1gina web www.daisho.be\/ Daisho","breadcrumb":{"@id":"https:\/\/www.daisho.be\/es\/produit\/dobok-poomsae-hombre-adulto\/#breadcrumb"},"inLanguage":"es","potentialAction":[{"@type":"ReadAction","target":["https:\/\/www.daisho.be\/es\/produit\/dobok-poomsae-hombre-adulto\/"]}]},{"@type":"ImageObject","inLanguage":"es","@id":"https:\/\/www.daisho.be\/es\/produit\/dobok-poomsae-hombre-adulto\/#primaryimage","url":"https:\/\/www.daisho.be\/wp-content\/uploads\/2025\/02\/image-5.png","contentUrl":"https:\/\/www.daisho.be\/wp-content\/uploads\/2025\/02\/image-5.png","width":467,"height":695,"caption":"DOBOK POOMSAE ADULTO HOMBRE-1"},{"@type":"BreadcrumbList","@id":"https:\/\/www.daisho.be\/es\/produit\/dobok-poomsae-hombre-adulto\/#breadcrumb","itemListElement":[{"@type":"ListItem","position":1,"name":"Accueil","item":"https:\/\/www.daisho.be\/es\/"},{"@type":"ListItem","position":2,"name":"Productos","item":"https:\/\/www.daisho.be\/es\/productos\/"},{"@type":"ListItem","position":3,"name":"ADIDAS COMBAT SPORTS","item":"https:\/\/www.daisho.be\/es\/categorie-produit\/adidas-combat-sports-es\/"},{"@type":"ListItem","position":4,"name":"Taekwondo","item":"https:\/\/www.daisho.be\/es\/categorie-produit\/adidas-combat-sports-es\/taekwondo-es-2\/"},{"@type":"ListItem","position":5,"name":"Kimono - Dobok Adidas","item":"https:\/\/www.daisho.be\/es\/categorie-produit\/adidas-combat-sports-es\/taekwondo-es-2\/kimono-dobok-adidas-es\/"},{"@type":"ListItem","position":6,"name":"DOBOK POOMSAE HOMBRE ADULTO"}]},{"@type":"WebSite","@id":"https:\/\/www.daisho.be\/es\/#website","url":"https:\/\/www.daisho.be\/es\/","name":"Daisho","description":"Sp&eacute;cialiste de l'&eacute;quipement sportif d'arts martiaux","publisher":{"@id":"https:\/\/www.daisho.be\/es\/#organization"},"potentialAction":[{"@type":"SearchAction","target":{"@type":"EntryPoint","urlTemplate":"https:\/\/www.daisho.be\/es\/?s={search_term_string}"},"query-input":{"@type":"PropertyValueSpecification","valueRequired":true,"valueName":"search_term_string"}}],"inLanguage":"es"},{"@type":"Organization","@id":"https:\/\/www.daisho.be\/es\/#organization","name":"Daisho","url":"https:\/\/www.daisho.be\/es\/","logo":{"@type":"ImageObject","inLanguage":"es","@id":"https:\/\/www.daisho.be\/es\/#\/schema\/logo\/image\/","url":"https:\/\/www.daisho.be\/wp-content\/uploads\/2019\/07\/color-nothing-horizontale4x-e1564486100247.png","contentUrl":"https:\/\/www.daisho.be\/wp-content\/uploads\/2019\/07\/color-nothing-horizontale4x-e1564486100247.png","width":1547,"height":385,"caption":"Daisho"},"image":{"@id":"https:\/\/www.daisho.be\/es\/#\/schema\/logo\/image\/"}}]}},"_links":{"self":[{"href":"https:\/\/www.daisho.be\/es\/wp-json\/wp\/v2\/product\/489721","targetHints":{"allow":["GET"]}}],"collection":[{"href":"https:\/\/www.daisho.be\/es\/wp-json\/wp\/v2\/product"}],"about":[{"href":"https:\/\/www.daisho.be\/es\/wp-json\/wp\/v2\/types\/product"}],"replies":[{"embeddable":true,"href":"https:\/\/www.daisho.be\/es\/wp-json\/wp\/v2\/comments?post=489721"}],"wp:featuredmedia":[{"embeddable":true,"href":"https:\/\/www.daisho.be\/es\/wp-json\/wp\/v2\/media\/489460"}],"wp:attachment":[{"href":"https:\/\/www.daisho.be\/es\/wp-json\/wp\/v2\/media?parent=489721"}],"wp:term":[{"taxonomy":"product_brand","embeddable":true,"href":"https:\/\/www.daisho.be\/es\/wp-json\/wp\/v2\/product_brand?post=489721"},{"taxonomy":"product_cat","embeddable":true,"href":"https:\/\/www.daisho.be\/es\/wp-json\/wp\/v2\/product_cat?post=489721"},{"taxonomy":"product_tag","embeddable":true,"href":"https:\/\/www.daisho.be\/es\/wp-json\/wp\/v2\/product_tag?post=489721"},{"taxonomy":"sport","embeddable":true,"href":"https:\/\/www.daisho.be\/es\/wp-json\/wp\/v2\/sport?post=489721"}],"curies":[{"name":"wp","href":"https:\/\/api.w.org\/{rel}","templated":true}]}}