{"id":487313,"date":"2025-01-21T10:27:41","date_gmt":"2025-01-21T09:27:41","guid":{"rendered":"https:\/\/www.daisho.be\/produit\/entrenador-cinturon-de-perforacion\/"},"modified":"2025-12-24T15:22:12","modified_gmt":"2025-12-24T14:22:12","slug":"entrenador-cinturon-de-perforacion","status":"publish","type":"product","link":"https:\/\/www.daisho.be\/es\/produit\/entrenador-cinturon-de-perforacion\/","title":{"rendered":"Entrenador cintur\u00f3n de perforaci\u00f3n"},"content":{"rendered":"<p>Cintur\u00f3n de pegada de entrenador, o protector abdominal, para entrenar t\u00e9cnicas de pegada con un compa\u00f1ero de artes marciales. <\/p>\n<p>Interior de espuma EVA de alta densidad para una seguridad \u00f3ptima durante la pr\u00e1ctica. Material exterior de PU resistente para una mayor durabilidad. Cierre de velcro para una sujeci\u00f3n eficaz. Color: blanco\/negro Ideal para boxeo, MMA, Muay Thai, etc.<\/p>\n","protected":false},"excerpt":{"rendered":"<p>Cintur\u00f3n de pegada de entrenador, o protector abdominal, para entrenar t\u00e9cnicas de pegada con un compa\u00f1ero de artes marciales. Interior de espuma EVA de alta densidad para una seguridad \u00f3ptima durante la pr\u00e1ctica. Material exterior de PU resistente para una mayor durabilidad. Cierre de velcro para una sujeci\u00f3n eficaz. Color: blanco\/negro Ideal para boxeo, MMA, [&hellip;]<\/p>\n","protected":false},"featured_media":487270,"comment_status":"open","ping_status":"closed","template":"","meta":{"inline_featured_image":false},"product_brand":[],"product_cat":[1324,1366,1700,1596],"product_tag":[1560],"sport":[],"class_list":{"0":"post-487313","1":"product","2":"type-product","3":"status-publish","4":"has-post-thumbnail","6":"product_cat-equipo-de-entrenamiento-de-muay-thai","7":"product_cat-proteccion-del-boxeo","8":"product_cat-protectores-adidas-muay-thai","9":"product_cat-protectores-de-boxeo-adidas","10":"product_tag-adidas-es","11":"pa_size-l-xl-2","12":"pa_size-s-m-2","14":"first","15":"instock","16":"taxable","17":"shipping-taxable","18":"purchasable","19":"product-type-variable"},"yoast_head":"<!-- This site is optimized with the Yoast SEO plugin v27.2 - https:\/\/yoast.com\/product\/yoast-seo-wordpress\/ -->\n<title>Entrenador cintur\u00f3n de perforaci\u00f3n &#8211; Daisho<\/title>\n<meta name=\"description\" content=\"El cintur\u00f3n de golpeo para aprender t\u00e9cnicas de golpeo a d\u00fao es adecuado para todas las artes marciales. C\u00f3mpralo en nuestra web www.daisho.be\/Daisho\" \/>\n<meta name=\"robots\" content=\"index, follow, max-snippet:-1, max-image-preview:large, max-video-preview:-1\" \/>\n<link rel=\"canonical\" href=\"https:\/\/www.daisho.be\/es\/produit\/entrenador-cinturon-de-perforacion\/\" \/>\n<meta property=\"og:locale\" content=\"es_ES\" \/>\n<meta property=\"og:type\" content=\"article\" \/>\n<meta property=\"og:title\" content=\"Entrenador cintur\u00f3n de perforaci\u00f3n &#8211; Daisho\" \/>\n<meta property=\"og:description\" content=\"El cintur\u00f3n de golpeo para aprender t\u00e9cnicas de golpeo a d\u00fao es adecuado para todas las artes marciales. C\u00f3mpralo en nuestra web www.daisho.be\/Daisho\" \/>\n<meta property=\"og:url\" content=\"https:\/\/www.daisho.be\/es\/produit\/entrenador-cinturon-de-perforacion\/\" \/>\n<meta property=\"og:site_name\" content=\"Daisho\" \/>\n<meta property=\"article:modified_time\" content=\"2025-12-24T14:22:12+00:00\" \/>\n<meta property=\"og:image\" content=\"https:\/\/www.daisho.be\/wp-content\/uploads\/2025\/01\/image-29.jpg\" \/>\n\t<meta property=\"og:image:width\" content=\"800\" \/>\n\t<meta property=\"og:image:height\" content=\"800\" \/>\n\t<meta property=\"og:image:type\" content=\"image\/jpeg\" \/>\n<meta name=\"twitter:card\" content=\"summary_large_image\" \/>\n<script type=\"application\/ld+json\" class=\"yoast-schema-graph\">{\"@context\":\"https:\/\/schema.org\",\"@graph\":[{\"@type\":\"WebPage\",\"@id\":\"https:\/\/www.daisho.be\/es\/produit\/entrenador-cinturon-de-perforacion\/\",\"url\":\"https:\/\/www.daisho.be\/es\/produit\/entrenador-cinturon-de-perforacion\/\",\"name\":\"Entrenador cintur\u00f3n de perforaci\u00f3n &#8211; Daisho\",\"isPartOf\":{\"@id\":\"https:\/\/www.daisho.be\/es\/#website\"},\"primaryImageOfPage\":{\"@id\":\"https:\/\/www.daisho.be\/es\/produit\/entrenador-cinturon-de-perforacion\/#primaryimage\"},\"image\":{\"@id\":\"https:\/\/www.daisho.be\/es\/produit\/entrenador-cinturon-de-perforacion\/#primaryimage\"},\"thumbnailUrl\":\"https:\/\/www.daisho.be\/wp-content\/uploads\/2025\/01\/image-29.jpg\",\"datePublished\":\"2025-01-21T09:27:41+00:00\",\"dateModified\":\"2025-12-24T14:22:12+00:00\",\"description\":\"El cintur\u00f3n de golpeo para aprender t\u00e9cnicas de golpeo a d\u00fao es adecuado para todas las artes marciales. C\u00f3mpralo en nuestra web www.daisho.be\/Daisho\",\"breadcrumb\":{\"@id\":\"https:\/\/www.daisho.be\/es\/produit\/entrenador-cinturon-de-perforacion\/#breadcrumb\"},\"inLanguage\":\"es\",\"potentialAction\":[{\"@type\":\"ReadAction\",\"target\":[\"https:\/\/www.daisho.be\/es\/produit\/entrenador-cinturon-de-perforacion\/\"]}]},{\"@type\":\"ImageObject\",\"inLanguage\":\"es\",\"@id\":\"https:\/\/www.daisho.be\/es\/produit\/entrenador-cinturon-de-perforacion\/#primaryimage\",\"url\":\"https:\/\/www.daisho.be\/wp-content\/uploads\/2025\/01\/image-29.jpg\",\"contentUrl\":\"https:\/\/www.daisho.be\/wp-content\/uploads\/2025\/01\/image-29.jpg\",\"width\":800,\"height\":800,\"caption\":\"Cinta de golpeo para entrenador-1\"},{\"@type\":\"BreadcrumbList\",\"@id\":\"https:\/\/www.daisho.be\/es\/produit\/entrenador-cinturon-de-perforacion\/#breadcrumb\",\"itemListElement\":[{\"@type\":\"ListItem\",\"position\":1,\"name\":\"Accueil\",\"item\":\"https:\/\/www.daisho.be\/es\/\"},{\"@type\":\"ListItem\",\"position\":2,\"name\":\"Productos\",\"item\":\"https:\/\/www.daisho.be\/es\/productos\/\"},{\"@type\":\"ListItem\",\"position\":3,\"name\":\"Equipamiento y ropa para artes marciales y deportes de combate\",\"item\":\"https:\/\/www.daisho.be\/es\/categorie-produit\/equipamiento-y-ropa-para-artes-marciales-y-deportes-de-combate\/\"},{\"@type\":\"ListItem\",\"position\":4,\"name\":\"Muay tailand\u00e9s\",\"item\":\"https:\/\/www.daisho.be\/es\/categorie-produit\/equipamiento-y-ropa-para-artes-marciales-y-deportes-de-combate\/muay-tailandes\/\"},{\"@type\":\"ListItem\",\"position\":5,\"name\":\"Equipo de entrenamiento de Muay Thai\",\"item\":\"https:\/\/www.daisho.be\/es\/categorie-produit\/equipamiento-y-ropa-para-artes-marciales-y-deportes-de-combate\/muay-tailandes\/equipo-de-entrenamiento-de-muay-thai\/\"},{\"@type\":\"ListItem\",\"position\":6,\"name\":\"Entrenador cintur\u00f3n de perforaci\u00f3n\"}]},{\"@type\":\"WebSite\",\"@id\":\"https:\/\/www.daisho.be\/es\/#website\",\"url\":\"https:\/\/www.daisho.be\/es\/\",\"name\":\"Daisho\",\"description\":\"Sp&eacute;cialiste de l'&eacute;quipement sportif d'arts martiaux\",\"publisher\":{\"@id\":\"https:\/\/www.daisho.be\/es\/#organization\"},\"potentialAction\":[{\"@type\":\"SearchAction\",\"target\":{\"@type\":\"EntryPoint\",\"urlTemplate\":\"https:\/\/www.daisho.be\/es\/?s={search_term_string}\"},\"query-input\":{\"@type\":\"PropertyValueSpecification\",\"valueRequired\":true,\"valueName\":\"search_term_string\"}}],\"inLanguage\":\"es\"},{\"@type\":\"Organization\",\"@id\":\"https:\/\/www.daisho.be\/es\/#organization\",\"name\":\"Daisho\",\"url\":\"https:\/\/www.daisho.be\/es\/\",\"logo\":{\"@type\":\"ImageObject\",\"inLanguage\":\"es\",\"@id\":\"https:\/\/www.daisho.be\/es\/#\/schema\/logo\/image\/\",\"url\":\"https:\/\/www.daisho.be\/wp-content\/uploads\/2019\/07\/color-nothing-horizontale4x-e1564486100247.png\",\"contentUrl\":\"https:\/\/www.daisho.be\/wp-content\/uploads\/2019\/07\/color-nothing-horizontale4x-e1564486100247.png\",\"width\":1547,\"height\":385,\"caption\":\"Daisho\"},\"image\":{\"@id\":\"https:\/\/www.daisho.be\/es\/#\/schema\/logo\/image\/\"}}]}<\/script>\n<!-- \/ Yoast SEO plugin. -->","yoast_head_json":{"title":"Entrenador cintur\u00f3n de perforaci\u00f3n &#8211; Daisho","description":"El cintur\u00f3n de golpeo para aprender t\u00e9cnicas de golpeo a d\u00fao es adecuado para todas las artes marciales. C\u00f3mpralo en nuestra web www.daisho.be\/Daisho","robots":{"index":"index","follow":"follow","max-snippet":"max-snippet:-1","max-image-preview":"max-image-preview:large","max-video-preview":"max-video-preview:-1"},"canonical":"https:\/\/www.daisho.be\/es\/produit\/entrenador-cinturon-de-perforacion\/","og_locale":"es_ES","og_type":"article","og_title":"Entrenador cintur\u00f3n de perforaci\u00f3n &#8211; Daisho","og_description":"El cintur\u00f3n de golpeo para aprender t\u00e9cnicas de golpeo a d\u00fao es adecuado para todas las artes marciales. C\u00f3mpralo en nuestra web www.daisho.be\/Daisho","og_url":"https:\/\/www.daisho.be\/es\/produit\/entrenador-cinturon-de-perforacion\/","og_site_name":"Daisho","article_modified_time":"2025-12-24T14:22:12+00:00","og_image":[{"width":800,"height":800,"url":"https:\/\/www.daisho.be\/wp-content\/uploads\/2025\/01\/image-29.jpg","type":"image\/jpeg"}],"twitter_card":"summary_large_image","schema":{"@context":"https:\/\/schema.org","@graph":[{"@type":"WebPage","@id":"https:\/\/www.daisho.be\/es\/produit\/entrenador-cinturon-de-perforacion\/","url":"https:\/\/www.daisho.be\/es\/produit\/entrenador-cinturon-de-perforacion\/","name":"Entrenador cintur\u00f3n de perforaci\u00f3n &#8211; Daisho","isPartOf":{"@id":"https:\/\/www.daisho.be\/es\/#website"},"primaryImageOfPage":{"@id":"https:\/\/www.daisho.be\/es\/produit\/entrenador-cinturon-de-perforacion\/#primaryimage"},"image":{"@id":"https:\/\/www.daisho.be\/es\/produit\/entrenador-cinturon-de-perforacion\/#primaryimage"},"thumbnailUrl":"https:\/\/www.daisho.be\/wp-content\/uploads\/2025\/01\/image-29.jpg","datePublished":"2025-01-21T09:27:41+00:00","dateModified":"2025-12-24T14:22:12+00:00","description":"El cintur\u00f3n de golpeo para aprender t\u00e9cnicas de golpeo a d\u00fao es adecuado para todas las artes marciales. C\u00f3mpralo en nuestra web www.daisho.be\/Daisho","breadcrumb":{"@id":"https:\/\/www.daisho.be\/es\/produit\/entrenador-cinturon-de-perforacion\/#breadcrumb"},"inLanguage":"es","potentialAction":[{"@type":"ReadAction","target":["https:\/\/www.daisho.be\/es\/produit\/entrenador-cinturon-de-perforacion\/"]}]},{"@type":"ImageObject","inLanguage":"es","@id":"https:\/\/www.daisho.be\/es\/produit\/entrenador-cinturon-de-perforacion\/#primaryimage","url":"https:\/\/www.daisho.be\/wp-content\/uploads\/2025\/01\/image-29.jpg","contentUrl":"https:\/\/www.daisho.be\/wp-content\/uploads\/2025\/01\/image-29.jpg","width":800,"height":800,"caption":"Cinta de golpeo para entrenador-1"},{"@type":"BreadcrumbList","@id":"https:\/\/www.daisho.be\/es\/produit\/entrenador-cinturon-de-perforacion\/#breadcrumb","itemListElement":[{"@type":"ListItem","position":1,"name":"Accueil","item":"https:\/\/www.daisho.be\/es\/"},{"@type":"ListItem","position":2,"name":"Productos","item":"https:\/\/www.daisho.be\/es\/productos\/"},{"@type":"ListItem","position":3,"name":"Equipamiento y ropa para artes marciales y deportes de combate","item":"https:\/\/www.daisho.be\/es\/categorie-produit\/equipamiento-y-ropa-para-artes-marciales-y-deportes-de-combate\/"},{"@type":"ListItem","position":4,"name":"Muay tailand\u00e9s","item":"https:\/\/www.daisho.be\/es\/categorie-produit\/equipamiento-y-ropa-para-artes-marciales-y-deportes-de-combate\/muay-tailandes\/"},{"@type":"ListItem","position":5,"name":"Equipo de entrenamiento de Muay Thai","item":"https:\/\/www.daisho.be\/es\/categorie-produit\/equipamiento-y-ropa-para-artes-marciales-y-deportes-de-combate\/muay-tailandes\/equipo-de-entrenamiento-de-muay-thai\/"},{"@type":"ListItem","position":6,"name":"Entrenador cintur\u00f3n de perforaci\u00f3n"}]},{"@type":"WebSite","@id":"https:\/\/www.daisho.be\/es\/#website","url":"https:\/\/www.daisho.be\/es\/","name":"Daisho","description":"Sp&eacute;cialiste de l'&eacute;quipement sportif d'arts martiaux","publisher":{"@id":"https:\/\/www.daisho.be\/es\/#organization"},"potentialAction":[{"@type":"SearchAction","target":{"@type":"EntryPoint","urlTemplate":"https:\/\/www.daisho.be\/es\/?s={search_term_string}"},"query-input":{"@type":"PropertyValueSpecification","valueRequired":true,"valueName":"search_term_string"}}],"inLanguage":"es"},{"@type":"Organization","@id":"https:\/\/www.daisho.be\/es\/#organization","name":"Daisho","url":"https:\/\/www.daisho.be\/es\/","logo":{"@type":"ImageObject","inLanguage":"es","@id":"https:\/\/www.daisho.be\/es\/#\/schema\/logo\/image\/","url":"https:\/\/www.daisho.be\/wp-content\/uploads\/2019\/07\/color-nothing-horizontale4x-e1564486100247.png","contentUrl":"https:\/\/www.daisho.be\/wp-content\/uploads\/2019\/07\/color-nothing-horizontale4x-e1564486100247.png","width":1547,"height":385,"caption":"Daisho"},"image":{"@id":"https:\/\/www.daisho.be\/es\/#\/schema\/logo\/image\/"}}]}},"_links":{"self":[{"href":"https:\/\/www.daisho.be\/es\/wp-json\/wp\/v2\/product\/487313","targetHints":{"allow":["GET"]}}],"collection":[{"href":"https:\/\/www.daisho.be\/es\/wp-json\/wp\/v2\/product"}],"about":[{"href":"https:\/\/www.daisho.be\/es\/wp-json\/wp\/v2\/types\/product"}],"replies":[{"embeddable":true,"href":"https:\/\/www.daisho.be\/es\/wp-json\/wp\/v2\/comments?post=487313"}],"wp:featuredmedia":[{"embeddable":true,"href":"https:\/\/www.daisho.be\/es\/wp-json\/wp\/v2\/media\/487270"}],"wp:attachment":[{"href":"https:\/\/www.daisho.be\/es\/wp-json\/wp\/v2\/media?parent=487313"}],"wp:term":[{"taxonomy":"product_brand","embeddable":true,"href":"https:\/\/www.daisho.be\/es\/wp-json\/wp\/v2\/product_brand?post=487313"},{"taxonomy":"product_cat","embeddable":true,"href":"https:\/\/www.daisho.be\/es\/wp-json\/wp\/v2\/product_cat?post=487313"},{"taxonomy":"product_tag","embeddable":true,"href":"https:\/\/www.daisho.be\/es\/wp-json\/wp\/v2\/product_tag?post=487313"},{"taxonomy":"sport","embeddable":true,"href":"https:\/\/www.daisho.be\/es\/wp-json\/wp\/v2\/sport?post=487313"}],"curies":[{"name":"wp","href":"https:\/\/api.w.org\/{rel}","templated":true}]}}