{"id":482452,"date":"2025-01-07T14:13:51","date_gmt":"2025-01-07T13:13:51","guid":{"rendered":"https:\/\/www.daisho.be\/produit\/adidas-j350-club-judogi-blanco-negro\/"},"modified":"2026-04-28T18:10:18","modified_gmt":"2026-04-28T16:10:18","slug":"adidas-j350-club-judogi-blanco-negro","status":"publish","type":"product","link":"https:\/\/www.daisho.be\/es\/produit\/adidas-j350-club-judogi-blanco-negro\/","title":{"rendered":"Adidas J350 Club Judogi Blanco\/Negro"},"content":{"rendered":"<p>El judogi Adidas J350 est\u00e1 dise\u00f1ado para ni\u00f1os y judokas principiantes. El judogi est\u00e1 confeccionado con un 60% de algod\u00f3n y un 40% de poli\u00e9ster y est\u00e1 reforzado en varios puntos para una mayor duraci\u00f3n. El pantal\u00f3n tiene la cintura el\u00e1stica para mayor comodidad.<\/p>\n<p> El judogi tiene etiquetas adidas en los hombros. El judogi est\u00e1 confeccionado en 60% algod\u00f3n y 40% poli\u00e9ster. Ventajas: &#8211; El judogi est\u00e1 reforzado en varios puntos para una mayor duraci\u00f3n &#8211; Cintura el\u00e1stica para mayor comodidad &#8211; Judogi perfecto para judokas de ocio &#8211; Encoge muy poco &#8211; Tejido: 350 g\/m\u00b2 de polialgod\u00f3n. <\/p>\n","protected":false},"excerpt":{"rendered":"<p>El judogi Adidas J350 est\u00e1 dise\u00f1ado para ni\u00f1os y judokas principiantes. El judogi est\u00e1 confeccionado con un 60% de algod\u00f3n y un 40% de poli\u00e9ster y est\u00e1 reforzado en varios puntos para una mayor duraci\u00f3n. El pantal\u00f3n tiene la cintura el\u00e1stica para mayor comodidad. El judogi tiene etiquetas adidas en los hombros. El judogi est\u00e1 [&hellip;]<\/p>\n","protected":false},"featured_media":482018,"comment_status":"open","ping_status":"closed","template":"","meta":{"inline_featured_image":false},"product_brand":[],"product_cat":[1728,1712,1654],"product_tag":[1560],"sport":[],"class_list":{"0":"post-482452","1":"product","2":"type-product","3":"status-publish","4":"has-post-thumbnail","6":"product_cat-kimono-jiu-jitsu-keikogi-es","7":"product_cat-kimono-judogi-adidas-es","8":"product_cat-kimonos-de-judo","9":"product_tag-adidas-es","10":"pa_size-375","11":"pa_size-374","12":"pa_size-373","13":"pa_size-381","14":"pa_size-380","15":"pa_size-379","16":"pa_size-378","17":"pa_size-377","18":"pa_size-376","20":"first","21":"instock","22":"taxable","23":"shipping-taxable","24":"purchasable","25":"product-type-variable"},"yoast_head":"<!-- This site is optimized with the Yoast SEO plugin v27.2 - https:\/\/yoast.com\/product\/yoast-seo-wordpress\/ -->\n<title>Adidas J350 Club Judogi Blanco\/Negro &#8211; Daisho<\/title>\n<meta name=\"description\" content=\"El judogi J350 est\u00e1 especialmente dise\u00f1ado para principiantes y ni\u00f1os. Combina comodidad y practicidad. Encu\u00e9ntralo en nuestra web www.daisho.be\/Daisho\" \/>\n<meta name=\"robots\" content=\"index, follow, max-snippet:-1, max-image-preview:large, max-video-preview:-1\" \/>\n<link rel=\"canonical\" href=\"https:\/\/www.daisho.be\/es\/produit\/adidas-j350-club-judogi-blanco-negro\/\" \/>\n<meta property=\"og:locale\" content=\"es_ES\" \/>\n<meta property=\"og:type\" content=\"article\" \/>\n<meta property=\"og:title\" content=\"Adidas J350 Club Judogi Blanco\/Negro &#8211; Daisho\" \/>\n<meta property=\"og:description\" content=\"El judogi J350 est\u00e1 especialmente dise\u00f1ado para principiantes y ni\u00f1os. Combina comodidad y practicidad. Encu\u00e9ntralo en nuestra web www.daisho.be\/Daisho\" \/>\n<meta property=\"og:url\" content=\"https:\/\/www.daisho.be\/es\/produit\/adidas-j350-club-judogi-blanco-negro\/\" \/>\n<meta property=\"og:site_name\" content=\"Daisho\" \/>\n<meta property=\"article:modified_time\" content=\"2026-04-28T16:10:18+00:00\" \/>\n<meta property=\"og:image\" content=\"https:\/\/www.daisho.be\/wp-content\/uploads\/2025\/01\/image-4.webp\" \/>\n\t<meta property=\"og:image:width\" content=\"758\" \/>\n\t<meta property=\"og:image:height\" content=\"1000\" \/>\n\t<meta property=\"og:image:type\" content=\"image\/webp\" \/>\n<meta name=\"twitter:card\" content=\"summary_large_image\" \/>\n<meta name=\"twitter:label1\" content=\"Tiempo de lectura\" \/>\n\t<meta name=\"twitter:data1\" content=\"1 minuto\" \/>\n<script type=\"application\/ld+json\" class=\"yoast-schema-graph\">{\"@context\":\"https:\/\/schema.org\",\"@graph\":[{\"@type\":\"WebPage\",\"@id\":\"https:\/\/www.daisho.be\/es\/produit\/adidas-j350-club-judogi-blanco-negro\/\",\"url\":\"https:\/\/www.daisho.be\/es\/produit\/adidas-j350-club-judogi-blanco-negro\/\",\"name\":\"Adidas J350 Club Judogi Blanco\/Negro &#8211; Daisho\",\"isPartOf\":{\"@id\":\"https:\/\/www.daisho.be\/es\/#website\"},\"primaryImageOfPage\":{\"@id\":\"https:\/\/www.daisho.be\/es\/produit\/adidas-j350-club-judogi-blanco-negro\/#primaryimage\"},\"image\":{\"@id\":\"https:\/\/www.daisho.be\/es\/produit\/adidas-j350-club-judogi-blanco-negro\/#primaryimage\"},\"thumbnailUrl\":\"https:\/\/www.daisho.be\/wp-content\/uploads\/2025\/01\/image-4.webp\",\"datePublished\":\"2025-01-07T13:13:51+00:00\",\"dateModified\":\"2026-04-28T16:10:18+00:00\",\"description\":\"El judogi J350 est\u00e1 especialmente dise\u00f1ado para principiantes y ni\u00f1os. Combina comodidad y practicidad. Encu\u00e9ntralo en nuestra web www.daisho.be\/Daisho\",\"breadcrumb\":{\"@id\":\"https:\/\/www.daisho.be\/es\/produit\/adidas-j350-club-judogi-blanco-negro\/#breadcrumb\"},\"inLanguage\":\"es\",\"potentialAction\":[{\"@type\":\"ReadAction\",\"target\":[\"https:\/\/www.daisho.be\/es\/produit\/adidas-j350-club-judogi-blanco-negro\/\"]}]},{\"@type\":\"ImageObject\",\"inLanguage\":\"es\",\"@id\":\"https:\/\/www.daisho.be\/es\/produit\/adidas-j350-club-judogi-blanco-negro\/#primaryimage\",\"url\":\"https:\/\/www.daisho.be\/wp-content\/uploads\/2025\/01\/image-4.webp\",\"contentUrl\":\"https:\/\/www.daisho.be\/wp-content\/uploads\/2025\/01\/image-4.webp\",\"width\":758,\"height\":1000,\"caption\":\"Adidas J350 Club Judogi Blanco\/Negro-1\"},{\"@type\":\"BreadcrumbList\",\"@id\":\"https:\/\/www.daisho.be\/es\/produit\/adidas-j350-club-judogi-blanco-negro\/#breadcrumb\",\"itemListElement\":[{\"@type\":\"ListItem\",\"position\":1,\"name\":\"Accueil\",\"item\":\"https:\/\/www.daisho.be\/es\/\"},{\"@type\":\"ListItem\",\"position\":2,\"name\":\"Productos\",\"item\":\"https:\/\/www.daisho.be\/es\/productos\/\"},{\"@type\":\"ListItem\",\"position\":3,\"name\":\"ADIDAS COMBAT SPORTS\",\"item\":\"https:\/\/www.daisho.be\/es\/categorie-produit\/adidas-combat-sports-es\/\"},{\"@type\":\"ListItem\",\"position\":4,\"name\":\"Jiu-Jitsu\",\"item\":\"https:\/\/www.daisho.be\/es\/categorie-produit\/adidas-combat-sports-es\/jiu-jitsu-es\/\"},{\"@type\":\"ListItem\",\"position\":5,\"name\":\"Kimono - Jiu-Jitsu Keikogi\",\"item\":\"https:\/\/www.daisho.be\/es\/categorie-produit\/adidas-combat-sports-es\/jiu-jitsu-es\/kimono-jiu-jitsu-keikogi-es\/\"},{\"@type\":\"ListItem\",\"position\":6,\"name\":\"Adidas J350 Club Judogi Blanco\/Negro\"}]},{\"@type\":\"WebSite\",\"@id\":\"https:\/\/www.daisho.be\/es\/#website\",\"url\":\"https:\/\/www.daisho.be\/es\/\",\"name\":\"Daisho\",\"description\":\"Sp&eacute;cialiste de l'&eacute;quipement sportif d'arts martiaux\",\"publisher\":{\"@id\":\"https:\/\/www.daisho.be\/es\/#organization\"},\"potentialAction\":[{\"@type\":\"SearchAction\",\"target\":{\"@type\":\"EntryPoint\",\"urlTemplate\":\"https:\/\/www.daisho.be\/es\/?s={search_term_string}\"},\"query-input\":{\"@type\":\"PropertyValueSpecification\",\"valueRequired\":true,\"valueName\":\"search_term_string\"}}],\"inLanguage\":\"es\"},{\"@type\":\"Organization\",\"@id\":\"https:\/\/www.daisho.be\/es\/#organization\",\"name\":\"Daisho\",\"url\":\"https:\/\/www.daisho.be\/es\/\",\"logo\":{\"@type\":\"ImageObject\",\"inLanguage\":\"es\",\"@id\":\"https:\/\/www.daisho.be\/es\/#\/schema\/logo\/image\/\",\"url\":\"https:\/\/www.daisho.be\/wp-content\/uploads\/2019\/07\/color-nothing-horizontale4x-e1564486100247.png\",\"contentUrl\":\"https:\/\/www.daisho.be\/wp-content\/uploads\/2019\/07\/color-nothing-horizontale4x-e1564486100247.png\",\"width\":1547,\"height\":385,\"caption\":\"Daisho\"},\"image\":{\"@id\":\"https:\/\/www.daisho.be\/es\/#\/schema\/logo\/image\/\"}}]}<\/script>\n<!-- \/ Yoast SEO plugin. -->","yoast_head_json":{"title":"Adidas J350 Club Judogi Blanco\/Negro &#8211; Daisho","description":"El judogi J350 est\u00e1 especialmente dise\u00f1ado para principiantes y ni\u00f1os. Combina comodidad y practicidad. Encu\u00e9ntralo en nuestra web www.daisho.be\/Daisho","robots":{"index":"index","follow":"follow","max-snippet":"max-snippet:-1","max-image-preview":"max-image-preview:large","max-video-preview":"max-video-preview:-1"},"canonical":"https:\/\/www.daisho.be\/es\/produit\/adidas-j350-club-judogi-blanco-negro\/","og_locale":"es_ES","og_type":"article","og_title":"Adidas J350 Club Judogi Blanco\/Negro &#8211; Daisho","og_description":"El judogi J350 est\u00e1 especialmente dise\u00f1ado para principiantes y ni\u00f1os. Combina comodidad y practicidad. Encu\u00e9ntralo en nuestra web www.daisho.be\/Daisho","og_url":"https:\/\/www.daisho.be\/es\/produit\/adidas-j350-club-judogi-blanco-negro\/","og_site_name":"Daisho","article_modified_time":"2026-04-28T16:10:18+00:00","og_image":[{"width":758,"height":1000,"url":"https:\/\/www.daisho.be\/wp-content\/uploads\/2025\/01\/image-4.webp","type":"image\/webp"}],"twitter_card":"summary_large_image","twitter_misc":{"Tiempo de lectura":"1 minuto"},"schema":{"@context":"https:\/\/schema.org","@graph":[{"@type":"WebPage","@id":"https:\/\/www.daisho.be\/es\/produit\/adidas-j350-club-judogi-blanco-negro\/","url":"https:\/\/www.daisho.be\/es\/produit\/adidas-j350-club-judogi-blanco-negro\/","name":"Adidas J350 Club Judogi Blanco\/Negro &#8211; Daisho","isPartOf":{"@id":"https:\/\/www.daisho.be\/es\/#website"},"primaryImageOfPage":{"@id":"https:\/\/www.daisho.be\/es\/produit\/adidas-j350-club-judogi-blanco-negro\/#primaryimage"},"image":{"@id":"https:\/\/www.daisho.be\/es\/produit\/adidas-j350-club-judogi-blanco-negro\/#primaryimage"},"thumbnailUrl":"https:\/\/www.daisho.be\/wp-content\/uploads\/2025\/01\/image-4.webp","datePublished":"2025-01-07T13:13:51+00:00","dateModified":"2026-04-28T16:10:18+00:00","description":"El judogi J350 est\u00e1 especialmente dise\u00f1ado para principiantes y ni\u00f1os. Combina comodidad y practicidad. Encu\u00e9ntralo en nuestra web www.daisho.be\/Daisho","breadcrumb":{"@id":"https:\/\/www.daisho.be\/es\/produit\/adidas-j350-club-judogi-blanco-negro\/#breadcrumb"},"inLanguage":"es","potentialAction":[{"@type":"ReadAction","target":["https:\/\/www.daisho.be\/es\/produit\/adidas-j350-club-judogi-blanco-negro\/"]}]},{"@type":"ImageObject","inLanguage":"es","@id":"https:\/\/www.daisho.be\/es\/produit\/adidas-j350-club-judogi-blanco-negro\/#primaryimage","url":"https:\/\/www.daisho.be\/wp-content\/uploads\/2025\/01\/image-4.webp","contentUrl":"https:\/\/www.daisho.be\/wp-content\/uploads\/2025\/01\/image-4.webp","width":758,"height":1000,"caption":"Adidas J350 Club Judogi Blanco\/Negro-1"},{"@type":"BreadcrumbList","@id":"https:\/\/www.daisho.be\/es\/produit\/adidas-j350-club-judogi-blanco-negro\/#breadcrumb","itemListElement":[{"@type":"ListItem","position":1,"name":"Accueil","item":"https:\/\/www.daisho.be\/es\/"},{"@type":"ListItem","position":2,"name":"Productos","item":"https:\/\/www.daisho.be\/es\/productos\/"},{"@type":"ListItem","position":3,"name":"ADIDAS COMBAT SPORTS","item":"https:\/\/www.daisho.be\/es\/categorie-produit\/adidas-combat-sports-es\/"},{"@type":"ListItem","position":4,"name":"Jiu-Jitsu","item":"https:\/\/www.daisho.be\/es\/categorie-produit\/adidas-combat-sports-es\/jiu-jitsu-es\/"},{"@type":"ListItem","position":5,"name":"Kimono - Jiu-Jitsu Keikogi","item":"https:\/\/www.daisho.be\/es\/categorie-produit\/adidas-combat-sports-es\/jiu-jitsu-es\/kimono-jiu-jitsu-keikogi-es\/"},{"@type":"ListItem","position":6,"name":"Adidas J350 Club Judogi Blanco\/Negro"}]},{"@type":"WebSite","@id":"https:\/\/www.daisho.be\/es\/#website","url":"https:\/\/www.daisho.be\/es\/","name":"Daisho","description":"Sp&eacute;cialiste de l'&eacute;quipement sportif d'arts martiaux","publisher":{"@id":"https:\/\/www.daisho.be\/es\/#organization"},"potentialAction":[{"@type":"SearchAction","target":{"@type":"EntryPoint","urlTemplate":"https:\/\/www.daisho.be\/es\/?s={search_term_string}"},"query-input":{"@type":"PropertyValueSpecification","valueRequired":true,"valueName":"search_term_string"}}],"inLanguage":"es"},{"@type":"Organization","@id":"https:\/\/www.daisho.be\/es\/#organization","name":"Daisho","url":"https:\/\/www.daisho.be\/es\/","logo":{"@type":"ImageObject","inLanguage":"es","@id":"https:\/\/www.daisho.be\/es\/#\/schema\/logo\/image\/","url":"https:\/\/www.daisho.be\/wp-content\/uploads\/2019\/07\/color-nothing-horizontale4x-e1564486100247.png","contentUrl":"https:\/\/www.daisho.be\/wp-content\/uploads\/2019\/07\/color-nothing-horizontale4x-e1564486100247.png","width":1547,"height":385,"caption":"Daisho"},"image":{"@id":"https:\/\/www.daisho.be\/es\/#\/schema\/logo\/image\/"}}]}},"_links":{"self":[{"href":"https:\/\/www.daisho.be\/es\/wp-json\/wp\/v2\/product\/482452","targetHints":{"allow":["GET"]}}],"collection":[{"href":"https:\/\/www.daisho.be\/es\/wp-json\/wp\/v2\/product"}],"about":[{"href":"https:\/\/www.daisho.be\/es\/wp-json\/wp\/v2\/types\/product"}],"replies":[{"embeddable":true,"href":"https:\/\/www.daisho.be\/es\/wp-json\/wp\/v2\/comments?post=482452"}],"wp:featuredmedia":[{"embeddable":true,"href":"https:\/\/www.daisho.be\/es\/wp-json\/wp\/v2\/media\/482018"}],"wp:attachment":[{"href":"https:\/\/www.daisho.be\/es\/wp-json\/wp\/v2\/media?parent=482452"}],"wp:term":[{"taxonomy":"product_brand","embeddable":true,"href":"https:\/\/www.daisho.be\/es\/wp-json\/wp\/v2\/product_brand?post=482452"},{"taxonomy":"product_cat","embeddable":true,"href":"https:\/\/www.daisho.be\/es\/wp-json\/wp\/v2\/product_cat?post=482452"},{"taxonomy":"product_tag","embeddable":true,"href":"https:\/\/www.daisho.be\/es\/wp-json\/wp\/v2\/product_tag?post=482452"},{"taxonomy":"sport","embeddable":true,"href":"https:\/\/www.daisho.be\/es\/wp-json\/wp\/v2\/sport?post=482452"}],"curies":[{"name":"wp","href":"https:\/\/api.w.org\/{rel}","templated":true}]}}