{"id":481909,"date":"2025-01-07T13:13:20","date_gmt":"2025-01-07T12:13:20","guid":{"rendered":"https:\/\/www.daisho.be\/produit\/judogi-adidas-j200-adistart-blanco\/"},"modified":"2025-12-22T14:19:46","modified_gmt":"2025-12-22T13:19:46","slug":"judogi-adidas-j200-adistart-blanco","status":"publish","type":"product","link":"https:\/\/www.daisho.be\/es\/produit\/judogi-adidas-j200-adistart-blanco\/","title":{"rendered":"Judogi adidas J200 AdiStart Blanco"},"content":{"rendered":"<p>El judogi Adi-Start J200 est\u00e1 fabricado con un tejido suave, que lo hace c\u00f3modo de llevar durante el entrenamiento. Cintura el\u00e1stica para una comodidad \u00f3ptima. Perfecto para principiantes.<\/p>\n","protected":false},"excerpt":{"rendered":"<p>El judogi Adi-Start J200 est\u00e1 fabricado con un tejido suave, que lo hace c\u00f3modo de llevar durante el entrenamiento. Cintura el\u00e1stica para una comodidad \u00f3ptima. Perfecto para principiantes.<\/p>\n","protected":false},"featured_media":426960,"comment_status":"open","ping_status":"closed","template":"","meta":{"inline_featured_image":false},"product_brand":[],"product_cat":[1728,1712],"product_tag":[1560],"sport":[],"class_list":{"0":"post-481909","1":"product","2":"type-product","3":"status-publish","4":"has-post-thumbnail","6":"product_cat-kimono-jiu-jitsu-keikogi-es","7":"product_cat-kimono-judogi-adidas-es","8":"product_tag-adidas-es","9":"pa_size-437","10":"pa_size-374","11":"pa_size-381","12":"pa_size-380","14":"first","15":"instock","16":"taxable","17":"shipping-taxable","18":"purchasable","19":"product-type-variable"},"yoast_head":"<!-- This site is optimized with the Yoast SEO plugin v27.2 - https:\/\/yoast.com\/product\/yoast-seo-wordpress\/ -->\n<title>Judogi adidas J200 AdiStart Blanco &#8211; Daisho<\/title>\n<meta name=\"description\" content=\"El judogi J200 AdiStart est\u00e1 dise\u00f1ado para iniciarse en el judo. Ofrece una comodidad \u00f3ptima. C\u00f3mpralo en nuestra web www.daisho.be\/Daisho\" \/>\n<meta name=\"robots\" content=\"index, follow, max-snippet:-1, max-image-preview:large, max-video-preview:-1\" \/>\n<link rel=\"canonical\" href=\"https:\/\/www.daisho.be\/es\/produit\/judogi-adidas-j200-adistart-blanco\/\" \/>\n<meta property=\"og:locale\" content=\"es_ES\" \/>\n<meta property=\"og:type\" content=\"article\" \/>\n<meta property=\"og:title\" content=\"Judogi adidas J200 AdiStart Blanco &#8211; Daisho\" \/>\n<meta property=\"og:description\" content=\"El judogi J200 AdiStart est\u00e1 dise\u00f1ado para iniciarse en el judo. Ofrece una comodidad \u00f3ptima. C\u00f3mpralo en nuestra web www.daisho.be\/Daisho\" \/>\n<meta property=\"og:url\" content=\"https:\/\/www.daisho.be\/es\/produit\/judogi-adidas-j200-adistart-blanco\/\" \/>\n<meta property=\"og:site_name\" content=\"Daisho\" \/>\n<meta property=\"article:modified_time\" content=\"2025-12-22T13:19:46+00:00\" \/>\n<meta property=\"og:image\" content=\"https:\/\/www.daisho.be\/wp-content\/uploads\/2024\/08\/image-41.jpg\" \/>\n\t<meta property=\"og:image:width\" content=\"650\" \/>\n\t<meta property=\"og:image:height\" content=\"650\" \/>\n\t<meta property=\"og:image:type\" content=\"image\/jpeg\" \/>\n<meta name=\"twitter:card\" content=\"summary_large_image\" \/>\n<script type=\"application\/ld+json\" class=\"yoast-schema-graph\">{\"@context\":\"https:\/\/schema.org\",\"@graph\":[{\"@type\":\"WebPage\",\"@id\":\"https:\/\/www.daisho.be\/es\/produit\/judogi-adidas-j200-adistart-blanco\/\",\"url\":\"https:\/\/www.daisho.be\/es\/produit\/judogi-adidas-j200-adistart-blanco\/\",\"name\":\"Judogi adidas J200 AdiStart Blanco &#8211; Daisho\",\"isPartOf\":{\"@id\":\"https:\/\/www.daisho.be\/es\/#website\"},\"primaryImageOfPage\":{\"@id\":\"https:\/\/www.daisho.be\/es\/produit\/judogi-adidas-j200-adistart-blanco\/#primaryimage\"},\"image\":{\"@id\":\"https:\/\/www.daisho.be\/es\/produit\/judogi-adidas-j200-adistart-blanco\/#primaryimage\"},\"thumbnailUrl\":\"https:\/\/www.daisho.be\/wp-content\/uploads\/2024\/08\/image-41.jpg\",\"datePublished\":\"2025-01-07T12:13:20+00:00\",\"dateModified\":\"2025-12-22T13:19:46+00:00\",\"description\":\"El judogi J200 AdiStart est\u00e1 dise\u00f1ado para iniciarse en el judo. Ofrece una comodidad \u00f3ptima. C\u00f3mpralo en nuestra web www.daisho.be\/Daisho\",\"breadcrumb\":{\"@id\":\"https:\/\/www.daisho.be\/es\/produit\/judogi-adidas-j200-adistart-blanco\/#breadcrumb\"},\"inLanguage\":\"es\",\"potentialAction\":[{\"@type\":\"ReadAction\",\"target\":[\"https:\/\/www.daisho.be\/es\/produit\/judogi-adidas-j200-adistart-blanco\/\"]}]},{\"@type\":\"ImageObject\",\"inLanguage\":\"es\",\"@id\":\"https:\/\/www.daisho.be\/es\/produit\/judogi-adidas-j200-adistart-blanco\/#primaryimage\",\"url\":\"https:\/\/www.daisho.be\/wp-content\/uploads\/2024\/08\/image-41.jpg\",\"contentUrl\":\"https:\/\/www.daisho.be\/wp-content\/uploads\/2024\/08\/image-41.jpg\",\"width\":650,\"height\":650,\"caption\":\"Judogi adidas J200 AdiStart Blanco-1\"},{\"@type\":\"BreadcrumbList\",\"@id\":\"https:\/\/www.daisho.be\/es\/produit\/judogi-adidas-j200-adistart-blanco\/#breadcrumb\",\"itemListElement\":[{\"@type\":\"ListItem\",\"position\":1,\"name\":\"Accueil\",\"item\":\"https:\/\/www.daisho.be\/es\/\"},{\"@type\":\"ListItem\",\"position\":2,\"name\":\"Productos\",\"item\":\"https:\/\/www.daisho.be\/es\/productos\/\"},{\"@type\":\"ListItem\",\"position\":3,\"name\":\"ADIDAS COMBAT SPORTS\",\"item\":\"https:\/\/www.daisho.be\/es\/categorie-produit\/adidas-combat-sports-es\/\"},{\"@type\":\"ListItem\",\"position\":4,\"name\":\"Jiu-Jitsu\",\"item\":\"https:\/\/www.daisho.be\/es\/categorie-produit\/adidas-combat-sports-es\/jiu-jitsu-es\/\"},{\"@type\":\"ListItem\",\"position\":5,\"name\":\"Kimono - Jiu-Jitsu Keikogi\",\"item\":\"https:\/\/www.daisho.be\/es\/categorie-produit\/adidas-combat-sports-es\/jiu-jitsu-es\/kimono-jiu-jitsu-keikogi-es\/\"},{\"@type\":\"ListItem\",\"position\":6,\"name\":\"Judogi adidas J200 AdiStart Blanco\"}]},{\"@type\":\"WebSite\",\"@id\":\"https:\/\/www.daisho.be\/es\/#website\",\"url\":\"https:\/\/www.daisho.be\/es\/\",\"name\":\"Daisho\",\"description\":\"Sp&eacute;cialiste de l'&eacute;quipement sportif d'arts martiaux\",\"publisher\":{\"@id\":\"https:\/\/www.daisho.be\/es\/#organization\"},\"potentialAction\":[{\"@type\":\"SearchAction\",\"target\":{\"@type\":\"EntryPoint\",\"urlTemplate\":\"https:\/\/www.daisho.be\/es\/?s={search_term_string}\"},\"query-input\":{\"@type\":\"PropertyValueSpecification\",\"valueRequired\":true,\"valueName\":\"search_term_string\"}}],\"inLanguage\":\"es\"},{\"@type\":\"Organization\",\"@id\":\"https:\/\/www.daisho.be\/es\/#organization\",\"name\":\"Daisho\",\"url\":\"https:\/\/www.daisho.be\/es\/\",\"logo\":{\"@type\":\"ImageObject\",\"inLanguage\":\"es\",\"@id\":\"https:\/\/www.daisho.be\/es\/#\/schema\/logo\/image\/\",\"url\":\"https:\/\/www.daisho.be\/wp-content\/uploads\/2019\/07\/color-nothing-horizontale4x-e1564486100247.png\",\"contentUrl\":\"https:\/\/www.daisho.be\/wp-content\/uploads\/2019\/07\/color-nothing-horizontale4x-e1564486100247.png\",\"width\":1547,\"height\":385,\"caption\":\"Daisho\"},\"image\":{\"@id\":\"https:\/\/www.daisho.be\/es\/#\/schema\/logo\/image\/\"}}]}<\/script>\n<!-- \/ Yoast SEO plugin. -->","yoast_head_json":{"title":"Judogi adidas J200 AdiStart Blanco &#8211; Daisho","description":"El judogi J200 AdiStart est\u00e1 dise\u00f1ado para iniciarse en el judo. Ofrece una comodidad \u00f3ptima. C\u00f3mpralo en nuestra web www.daisho.be\/Daisho","robots":{"index":"index","follow":"follow","max-snippet":"max-snippet:-1","max-image-preview":"max-image-preview:large","max-video-preview":"max-video-preview:-1"},"canonical":"https:\/\/www.daisho.be\/es\/produit\/judogi-adidas-j200-adistart-blanco\/","og_locale":"es_ES","og_type":"article","og_title":"Judogi adidas J200 AdiStart Blanco &#8211; Daisho","og_description":"El judogi J200 AdiStart est\u00e1 dise\u00f1ado para iniciarse en el judo. Ofrece una comodidad \u00f3ptima. C\u00f3mpralo en nuestra web www.daisho.be\/Daisho","og_url":"https:\/\/www.daisho.be\/es\/produit\/judogi-adidas-j200-adistart-blanco\/","og_site_name":"Daisho","article_modified_time":"2025-12-22T13:19:46+00:00","og_image":[{"width":650,"height":650,"url":"https:\/\/www.daisho.be\/wp-content\/uploads\/2024\/08\/image-41.jpg","type":"image\/jpeg"}],"twitter_card":"summary_large_image","schema":{"@context":"https:\/\/schema.org","@graph":[{"@type":"WebPage","@id":"https:\/\/www.daisho.be\/es\/produit\/judogi-adidas-j200-adistart-blanco\/","url":"https:\/\/www.daisho.be\/es\/produit\/judogi-adidas-j200-adistart-blanco\/","name":"Judogi adidas J200 AdiStart Blanco &#8211; Daisho","isPartOf":{"@id":"https:\/\/www.daisho.be\/es\/#website"},"primaryImageOfPage":{"@id":"https:\/\/www.daisho.be\/es\/produit\/judogi-adidas-j200-adistart-blanco\/#primaryimage"},"image":{"@id":"https:\/\/www.daisho.be\/es\/produit\/judogi-adidas-j200-adistart-blanco\/#primaryimage"},"thumbnailUrl":"https:\/\/www.daisho.be\/wp-content\/uploads\/2024\/08\/image-41.jpg","datePublished":"2025-01-07T12:13:20+00:00","dateModified":"2025-12-22T13:19:46+00:00","description":"El judogi J200 AdiStart est\u00e1 dise\u00f1ado para iniciarse en el judo. Ofrece una comodidad \u00f3ptima. C\u00f3mpralo en nuestra web www.daisho.be\/Daisho","breadcrumb":{"@id":"https:\/\/www.daisho.be\/es\/produit\/judogi-adidas-j200-adistart-blanco\/#breadcrumb"},"inLanguage":"es","potentialAction":[{"@type":"ReadAction","target":["https:\/\/www.daisho.be\/es\/produit\/judogi-adidas-j200-adistart-blanco\/"]}]},{"@type":"ImageObject","inLanguage":"es","@id":"https:\/\/www.daisho.be\/es\/produit\/judogi-adidas-j200-adistart-blanco\/#primaryimage","url":"https:\/\/www.daisho.be\/wp-content\/uploads\/2024\/08\/image-41.jpg","contentUrl":"https:\/\/www.daisho.be\/wp-content\/uploads\/2024\/08\/image-41.jpg","width":650,"height":650,"caption":"Judogi adidas J200 AdiStart Blanco-1"},{"@type":"BreadcrumbList","@id":"https:\/\/www.daisho.be\/es\/produit\/judogi-adidas-j200-adistart-blanco\/#breadcrumb","itemListElement":[{"@type":"ListItem","position":1,"name":"Accueil","item":"https:\/\/www.daisho.be\/es\/"},{"@type":"ListItem","position":2,"name":"Productos","item":"https:\/\/www.daisho.be\/es\/productos\/"},{"@type":"ListItem","position":3,"name":"ADIDAS COMBAT SPORTS","item":"https:\/\/www.daisho.be\/es\/categorie-produit\/adidas-combat-sports-es\/"},{"@type":"ListItem","position":4,"name":"Jiu-Jitsu","item":"https:\/\/www.daisho.be\/es\/categorie-produit\/adidas-combat-sports-es\/jiu-jitsu-es\/"},{"@type":"ListItem","position":5,"name":"Kimono - Jiu-Jitsu Keikogi","item":"https:\/\/www.daisho.be\/es\/categorie-produit\/adidas-combat-sports-es\/jiu-jitsu-es\/kimono-jiu-jitsu-keikogi-es\/"},{"@type":"ListItem","position":6,"name":"Judogi adidas J200 AdiStart Blanco"}]},{"@type":"WebSite","@id":"https:\/\/www.daisho.be\/es\/#website","url":"https:\/\/www.daisho.be\/es\/","name":"Daisho","description":"Sp&eacute;cialiste de l'&eacute;quipement sportif d'arts martiaux","publisher":{"@id":"https:\/\/www.daisho.be\/es\/#organization"},"potentialAction":[{"@type":"SearchAction","target":{"@type":"EntryPoint","urlTemplate":"https:\/\/www.daisho.be\/es\/?s={search_term_string}"},"query-input":{"@type":"PropertyValueSpecification","valueRequired":true,"valueName":"search_term_string"}}],"inLanguage":"es"},{"@type":"Organization","@id":"https:\/\/www.daisho.be\/es\/#organization","name":"Daisho","url":"https:\/\/www.daisho.be\/es\/","logo":{"@type":"ImageObject","inLanguage":"es","@id":"https:\/\/www.daisho.be\/es\/#\/schema\/logo\/image\/","url":"https:\/\/www.daisho.be\/wp-content\/uploads\/2019\/07\/color-nothing-horizontale4x-e1564486100247.png","contentUrl":"https:\/\/www.daisho.be\/wp-content\/uploads\/2019\/07\/color-nothing-horizontale4x-e1564486100247.png","width":1547,"height":385,"caption":"Daisho"},"image":{"@id":"https:\/\/www.daisho.be\/es\/#\/schema\/logo\/image\/"}}]}},"_links":{"self":[{"href":"https:\/\/www.daisho.be\/es\/wp-json\/wp\/v2\/product\/481909","targetHints":{"allow":["GET"]}}],"collection":[{"href":"https:\/\/www.daisho.be\/es\/wp-json\/wp\/v2\/product"}],"about":[{"href":"https:\/\/www.daisho.be\/es\/wp-json\/wp\/v2\/types\/product"}],"replies":[{"embeddable":true,"href":"https:\/\/www.daisho.be\/es\/wp-json\/wp\/v2\/comments?post=481909"}],"wp:featuredmedia":[{"embeddable":true,"href":"https:\/\/www.daisho.be\/es\/wp-json\/wp\/v2\/media\/426960"}],"wp:attachment":[{"href":"https:\/\/www.daisho.be\/es\/wp-json\/wp\/v2\/media?parent=481909"}],"wp:term":[{"taxonomy":"product_brand","embeddable":true,"href":"https:\/\/www.daisho.be\/es\/wp-json\/wp\/v2\/product_brand?post=481909"},{"taxonomy":"product_cat","embeddable":true,"href":"https:\/\/www.daisho.be\/es\/wp-json\/wp\/v2\/product_cat?post=481909"},{"taxonomy":"product_tag","embeddable":true,"href":"https:\/\/www.daisho.be\/es\/wp-json\/wp\/v2\/product_tag?post=481909"},{"taxonomy":"sport","embeddable":true,"href":"https:\/\/www.daisho.be\/es\/wp-json\/wp\/v2\/sport?post=481909"}],"curies":[{"name":"wp","href":"https:\/\/api.w.org\/{rel}","templated":true}]}}