{"id":481865,"date":"2025-01-07T10:50:51","date_gmt":"2025-01-07T09:50:51","guid":{"rendered":"https:\/\/www.daisho.be\/produit\/llevar-chaqueta-keikogi-premium\/"},"modified":"2025-12-22T16:36:54","modified_gmt":"2025-12-22T15:36:54","slug":"llevar-chaqueta-keikogi-premium","status":"publish","type":"product","link":"https:\/\/www.daisho.be\/es\/produit\/llevar-chaqueta-keikogi-premium\/","title":{"rendered":"Llevar Chaqueta keikogi Premium"},"content":{"rendered":"<p>La chaqueta Take est\u00e1 fabricada con una lona de algod\u00f3n gruesa y resistente, que se ha forrado en la parte delantera desde el muslo hacia arriba, de modo que la chaqueta pueda reforzarse para el exigente suwariwaza del Aikido. El resto de la chaqueta est\u00e1 fabricada con una sola capa de lona de algod\u00f3n, lo que hace que se seque m\u00e1s r\u00e1pidamente y sea m\u00e1s c\u00f3moda de llevar. Se puede ajustar y atar con las cuerdas de los laterales. Est\u00e1 dise\u00f1ada para ser robusta y f\u00e1cil de llevar, y para soportar los movimientos t\u00edpicos de los practicantes de Aikido. Estas chaquetas est\u00e1n confeccionadas por nuestros experimentados sastres en el taller Tozando de Iwate (Jap\u00f3n).<\/p>\n<p>Caracter\u00edsticas: &#8211; Fabricadas con algod\u00f3n 100% &#8211; Tejido Sashiko en la parte superior y estampado Hishizashi en la inferior &#8211; Disponibles en corte normal y corte ajustado \u00abtipo Y\u00bb.<\/p>\n<p>&#8211; Recomendado para principiantes y practicantes de nivel intermedio<\/p>\n","protected":false},"excerpt":{"rendered":"<p>La chaqueta Take est\u00e1 fabricada con una lona de algod\u00f3n gruesa y resistente, que se ha forrado en la parte delantera desde el muslo hacia arriba, de modo que la chaqueta pueda reforzarse para el exigente suwariwaza del Aikido. El resto de la chaqueta est\u00e1 fabricada con una sola capa de lona de algod\u00f3n, lo [&hellip;]<\/p>\n","protected":false},"featured_media":480539,"comment_status":"open","ping_status":"closed","template":"","meta":{"inline_featured_image":false},"product_brand":[],"product_cat":[1326,1311],"product_tag":[1739],"sport":[],"class_list":{"0":"post-481865","1":"product","2":"type-product","3":"status-publish","4":"has-post-thumbnail","6":"product_cat-kimonos-de-aikido","7":"product_cat-trajes-kimonos","8":"product_tag-tozando-es-2","9":"pa_size-87","10":"pa_size-1148","11":"pa_size-86","12":"pa_size-25-2","13":"pa_size-85","14":"pa_size-35-2","15":"pa_size-84","16":"pa_size-45-2","17":"pa_size-83","19":"first","20":"instock","21":"taxable","22":"shipping-taxable","23":"product-type-variable"},"yoast_head":"<!-- This site is optimized with the Yoast SEO plugin v27.2 - https:\/\/yoast.com\/product\/yoast-seo-wordpress\/ -->\n<title>Llevar Chaqueta keikogi Premium &#8211; Daisho<\/title>\n<meta name=\"robots\" content=\"index, follow, max-snippet:-1, max-image-preview:large, max-video-preview:-1\" \/>\n<link rel=\"canonical\" href=\"https:\/\/www.daisho.be\/es\/produit\/llevar-chaqueta-keikogi-premium\/\" \/>\n<meta property=\"og:locale\" content=\"es_ES\" \/>\n<meta property=\"og:type\" content=\"article\" \/>\n<meta property=\"og:title\" content=\"Llevar Chaqueta keikogi Premium &#8211; Daisho\" \/>\n<meta property=\"og:description\" content=\"La chaqueta Take est\u00e1 fabricada con una lona de algod\u00f3n gruesa y resistente, que se ha forrado en la parte delantera desde el muslo hacia arriba, de modo que la chaqueta pueda reforzarse para el exigente suwariwaza del Aikido. El resto de la chaqueta est\u00e1 fabricada con una sola capa de lona de algod\u00f3n, lo [&hellip;]\" \/>\n<meta property=\"og:url\" content=\"https:\/\/www.daisho.be\/es\/produit\/llevar-chaqueta-keikogi-premium\/\" \/>\n<meta property=\"og:site_name\" content=\"Daisho\" \/>\n<meta property=\"article:modified_time\" content=\"2025-12-22T15:36:54+00:00\" \/>\n<meta property=\"og:image\" content=\"https:\/\/www.daisho.be\/wp-content\/uploads\/2025\/01\/image.webp\" \/>\n\t<meta property=\"og:image:width\" content=\"600\" \/>\n\t<meta property=\"og:image:height\" content=\"600\" \/>\n\t<meta property=\"og:image:type\" content=\"image\/webp\" \/>\n<meta name=\"twitter:card\" content=\"summary_large_image\" \/>\n<meta name=\"twitter:label1\" content=\"Tiempo de lectura\" \/>\n\t<meta name=\"twitter:data1\" content=\"1 minuto\" \/>\n<script type=\"application\/ld+json\" class=\"yoast-schema-graph\">{\"@context\":\"https:\/\/schema.org\",\"@graph\":[{\"@type\":\"WebPage\",\"@id\":\"https:\/\/www.daisho.be\/es\/produit\/llevar-chaqueta-keikogi-premium\/\",\"url\":\"https:\/\/www.daisho.be\/es\/produit\/llevar-chaqueta-keikogi-premium\/\",\"name\":\"Llevar Chaqueta keikogi Premium &#8211; Daisho\",\"isPartOf\":{\"@id\":\"https:\/\/www.daisho.be\/es\/#website\"},\"primaryImageOfPage\":{\"@id\":\"https:\/\/www.daisho.be\/es\/produit\/llevar-chaqueta-keikogi-premium\/#primaryimage\"},\"image\":{\"@id\":\"https:\/\/www.daisho.be\/es\/produit\/llevar-chaqueta-keikogi-premium\/#primaryimage\"},\"thumbnailUrl\":\"https:\/\/www.daisho.be\/wp-content\/uploads\/2025\/01\/image.webp\",\"datePublished\":\"2025-01-07T09:50:51+00:00\",\"dateModified\":\"2025-12-22T15:36:54+00:00\",\"breadcrumb\":{\"@id\":\"https:\/\/www.daisho.be\/es\/produit\/llevar-chaqueta-keikogi-premium\/#breadcrumb\"},\"inLanguage\":\"es\",\"potentialAction\":[{\"@type\":\"ReadAction\",\"target\":[\"https:\/\/www.daisho.be\/es\/produit\/llevar-chaqueta-keikogi-premium\/\"]}]},{\"@type\":\"ImageObject\",\"inLanguage\":\"es\",\"@id\":\"https:\/\/www.daisho.be\/es\/produit\/llevar-chaqueta-keikogi-premium\/#primaryimage\",\"url\":\"https:\/\/www.daisho.be\/wp-content\/uploads\/2025\/01\/image.webp\",\"contentUrl\":\"https:\/\/www.daisho.be\/wp-content\/uploads\/2025\/01\/image.webp\",\"width\":600,\"height\":600,\"caption\":\"Lleva la chaqueta keikogi Premium-1\"},{\"@type\":\"BreadcrumbList\",\"@id\":\"https:\/\/www.daisho.be\/es\/produit\/llevar-chaqueta-keikogi-premium\/#breadcrumb\",\"itemListElement\":[{\"@type\":\"ListItem\",\"position\":1,\"name\":\"Accueil\",\"item\":\"https:\/\/www.daisho.be\/es\/\"},{\"@type\":\"ListItem\",\"position\":2,\"name\":\"Productos\",\"item\":\"https:\/\/www.daisho.be\/es\/productos\/\"},{\"@type\":\"ListItem\",\"position\":3,\"name\":\"Equipamiento y ropa para artes marciales y deportes de combate\",\"item\":\"https:\/\/www.daisho.be\/es\/categorie-produit\/equipamiento-y-ropa-para-artes-marciales-y-deportes-de-combate\/\"},{\"@type\":\"ListItem\",\"position\":4,\"name\":\"Aikido\",\"item\":\"https:\/\/www.daisho.be\/es\/categorie-produit\/equipamiento-y-ropa-para-artes-marciales-y-deportes-de-combate\/aikido-es\/\"},{\"@type\":\"ListItem\",\"position\":5,\"name\":\"Kimonos de Aikido\",\"item\":\"https:\/\/www.daisho.be\/es\/categorie-produit\/equipamiento-y-ropa-para-artes-marciales-y-deportes-de-combate\/aikido-es\/kimonos-de-aikido\/\"},{\"@type\":\"ListItem\",\"position\":6,\"name\":\"Llevar Chaqueta keikogi Premium\"}]},{\"@type\":\"WebSite\",\"@id\":\"https:\/\/www.daisho.be\/es\/#website\",\"url\":\"https:\/\/www.daisho.be\/es\/\",\"name\":\"Daisho\",\"description\":\"Sp&eacute;cialiste de l'&eacute;quipement sportif d'arts martiaux\",\"publisher\":{\"@id\":\"https:\/\/www.daisho.be\/es\/#organization\"},\"potentialAction\":[{\"@type\":\"SearchAction\",\"target\":{\"@type\":\"EntryPoint\",\"urlTemplate\":\"https:\/\/www.daisho.be\/es\/?s={search_term_string}\"},\"query-input\":{\"@type\":\"PropertyValueSpecification\",\"valueRequired\":true,\"valueName\":\"search_term_string\"}}],\"inLanguage\":\"es\"},{\"@type\":\"Organization\",\"@id\":\"https:\/\/www.daisho.be\/es\/#organization\",\"name\":\"Daisho\",\"url\":\"https:\/\/www.daisho.be\/es\/\",\"logo\":{\"@type\":\"ImageObject\",\"inLanguage\":\"es\",\"@id\":\"https:\/\/www.daisho.be\/es\/#\/schema\/logo\/image\/\",\"url\":\"https:\/\/www.daisho.be\/wp-content\/uploads\/2019\/07\/color-nothing-horizontale4x-e1564486100247.png\",\"contentUrl\":\"https:\/\/www.daisho.be\/wp-content\/uploads\/2019\/07\/color-nothing-horizontale4x-e1564486100247.png\",\"width\":1547,\"height\":385,\"caption\":\"Daisho\"},\"image\":{\"@id\":\"https:\/\/www.daisho.be\/es\/#\/schema\/logo\/image\/\"}}]}<\/script>\n<!-- \/ Yoast SEO plugin. -->","yoast_head_json":{"title":"Llevar Chaqueta keikogi Premium &#8211; Daisho","robots":{"index":"index","follow":"follow","max-snippet":"max-snippet:-1","max-image-preview":"max-image-preview:large","max-video-preview":"max-video-preview:-1"},"canonical":"https:\/\/www.daisho.be\/es\/produit\/llevar-chaqueta-keikogi-premium\/","og_locale":"es_ES","og_type":"article","og_title":"Llevar Chaqueta keikogi Premium &#8211; Daisho","og_description":"La chaqueta Take est\u00e1 fabricada con una lona de algod\u00f3n gruesa y resistente, que se ha forrado en la parte delantera desde el muslo hacia arriba, de modo que la chaqueta pueda reforzarse para el exigente suwariwaza del Aikido. El resto de la chaqueta est\u00e1 fabricada con una sola capa de lona de algod\u00f3n, lo [&hellip;]","og_url":"https:\/\/www.daisho.be\/es\/produit\/llevar-chaqueta-keikogi-premium\/","og_site_name":"Daisho","article_modified_time":"2025-12-22T15:36:54+00:00","og_image":[{"width":600,"height":600,"url":"https:\/\/www.daisho.be\/wp-content\/uploads\/2025\/01\/image.webp","type":"image\/webp"}],"twitter_card":"summary_large_image","twitter_misc":{"Tiempo de lectura":"1 minuto"},"schema":{"@context":"https:\/\/schema.org","@graph":[{"@type":"WebPage","@id":"https:\/\/www.daisho.be\/es\/produit\/llevar-chaqueta-keikogi-premium\/","url":"https:\/\/www.daisho.be\/es\/produit\/llevar-chaqueta-keikogi-premium\/","name":"Llevar Chaqueta keikogi Premium &#8211; Daisho","isPartOf":{"@id":"https:\/\/www.daisho.be\/es\/#website"},"primaryImageOfPage":{"@id":"https:\/\/www.daisho.be\/es\/produit\/llevar-chaqueta-keikogi-premium\/#primaryimage"},"image":{"@id":"https:\/\/www.daisho.be\/es\/produit\/llevar-chaqueta-keikogi-premium\/#primaryimage"},"thumbnailUrl":"https:\/\/www.daisho.be\/wp-content\/uploads\/2025\/01\/image.webp","datePublished":"2025-01-07T09:50:51+00:00","dateModified":"2025-12-22T15:36:54+00:00","breadcrumb":{"@id":"https:\/\/www.daisho.be\/es\/produit\/llevar-chaqueta-keikogi-premium\/#breadcrumb"},"inLanguage":"es","potentialAction":[{"@type":"ReadAction","target":["https:\/\/www.daisho.be\/es\/produit\/llevar-chaqueta-keikogi-premium\/"]}]},{"@type":"ImageObject","inLanguage":"es","@id":"https:\/\/www.daisho.be\/es\/produit\/llevar-chaqueta-keikogi-premium\/#primaryimage","url":"https:\/\/www.daisho.be\/wp-content\/uploads\/2025\/01\/image.webp","contentUrl":"https:\/\/www.daisho.be\/wp-content\/uploads\/2025\/01\/image.webp","width":600,"height":600,"caption":"Lleva la chaqueta keikogi Premium-1"},{"@type":"BreadcrumbList","@id":"https:\/\/www.daisho.be\/es\/produit\/llevar-chaqueta-keikogi-premium\/#breadcrumb","itemListElement":[{"@type":"ListItem","position":1,"name":"Accueil","item":"https:\/\/www.daisho.be\/es\/"},{"@type":"ListItem","position":2,"name":"Productos","item":"https:\/\/www.daisho.be\/es\/productos\/"},{"@type":"ListItem","position":3,"name":"Equipamiento y ropa para artes marciales y deportes de combate","item":"https:\/\/www.daisho.be\/es\/categorie-produit\/equipamiento-y-ropa-para-artes-marciales-y-deportes-de-combate\/"},{"@type":"ListItem","position":4,"name":"Aikido","item":"https:\/\/www.daisho.be\/es\/categorie-produit\/equipamiento-y-ropa-para-artes-marciales-y-deportes-de-combate\/aikido-es\/"},{"@type":"ListItem","position":5,"name":"Kimonos de Aikido","item":"https:\/\/www.daisho.be\/es\/categorie-produit\/equipamiento-y-ropa-para-artes-marciales-y-deportes-de-combate\/aikido-es\/kimonos-de-aikido\/"},{"@type":"ListItem","position":6,"name":"Llevar Chaqueta keikogi Premium"}]},{"@type":"WebSite","@id":"https:\/\/www.daisho.be\/es\/#website","url":"https:\/\/www.daisho.be\/es\/","name":"Daisho","description":"Sp&eacute;cialiste de l'&eacute;quipement sportif d'arts martiaux","publisher":{"@id":"https:\/\/www.daisho.be\/es\/#organization"},"potentialAction":[{"@type":"SearchAction","target":{"@type":"EntryPoint","urlTemplate":"https:\/\/www.daisho.be\/es\/?s={search_term_string}"},"query-input":{"@type":"PropertyValueSpecification","valueRequired":true,"valueName":"search_term_string"}}],"inLanguage":"es"},{"@type":"Organization","@id":"https:\/\/www.daisho.be\/es\/#organization","name":"Daisho","url":"https:\/\/www.daisho.be\/es\/","logo":{"@type":"ImageObject","inLanguage":"es","@id":"https:\/\/www.daisho.be\/es\/#\/schema\/logo\/image\/","url":"https:\/\/www.daisho.be\/wp-content\/uploads\/2019\/07\/color-nothing-horizontale4x-e1564486100247.png","contentUrl":"https:\/\/www.daisho.be\/wp-content\/uploads\/2019\/07\/color-nothing-horizontale4x-e1564486100247.png","width":1547,"height":385,"caption":"Daisho"},"image":{"@id":"https:\/\/www.daisho.be\/es\/#\/schema\/logo\/image\/"}}]}},"_links":{"self":[{"href":"https:\/\/www.daisho.be\/es\/wp-json\/wp\/v2\/product\/481865","targetHints":{"allow":["GET"]}}],"collection":[{"href":"https:\/\/www.daisho.be\/es\/wp-json\/wp\/v2\/product"}],"about":[{"href":"https:\/\/www.daisho.be\/es\/wp-json\/wp\/v2\/types\/product"}],"replies":[{"embeddable":true,"href":"https:\/\/www.daisho.be\/es\/wp-json\/wp\/v2\/comments?post=481865"}],"wp:featuredmedia":[{"embeddable":true,"href":"https:\/\/www.daisho.be\/es\/wp-json\/wp\/v2\/media\/480539"}],"wp:attachment":[{"href":"https:\/\/www.daisho.be\/es\/wp-json\/wp\/v2\/media?parent=481865"}],"wp:term":[{"taxonomy":"product_brand","embeddable":true,"href":"https:\/\/www.daisho.be\/es\/wp-json\/wp\/v2\/product_brand?post=481865"},{"taxonomy":"product_cat","embeddable":true,"href":"https:\/\/www.daisho.be\/es\/wp-json\/wp\/v2\/product_cat?post=481865"},{"taxonomy":"product_tag","embeddable":true,"href":"https:\/\/www.daisho.be\/es\/wp-json\/wp\/v2\/product_tag?post=481865"},{"taxonomy":"sport","embeddable":true,"href":"https:\/\/www.daisho.be\/es\/wp-json\/wp\/v2\/sport?post=481865"}],"curies":[{"name":"wp","href":"https:\/\/api.w.org\/{rel}","templated":true}]}}