{"id":477836,"date":"2024-12-26T10:17:12","date_gmt":"2024-12-26T09:17:12","guid":{"rendered":"https:\/\/www.daisho.be\/produit\/adidas-adilette-aqua-negro-oro\/"},"modified":"2025-02-25T14:28:45","modified_gmt":"2025-02-25T13:28:45","slug":"adidas-adilette-aqua-negro-oro","status":"publish","type":"product","link":"https:\/\/www.daisho.be\/es\/produit\/adidas-adilette-aqua-negro-oro\/","title":{"rendered":"adidas Adilette Aqua negro oro"},"content":{"rendered":"<p>Las zapatillas de ducha adidas son un cl\u00e1sico absoluto, ideales para tu rutina pre y post entrenamiento.<br \/>\nEstas sencillas zapatillas de ducha, con su elegante dise\u00f1o de una pieza y su efecto de secado r\u00e1pido, ofrecen una comodidad pr\u00e1ctica en la que puedes confiar plenamente.<br \/>\nParte superior de EVA moldeada suave para una gran comodidad<br \/>\nConstrucci\u00f3n de una sola pieza con efecto de secado r\u00e1pido Suela de EVA moldeada suave para una comodidad \u00f3ptima<br \/>\nSuela de EVA moldeada por inyecci\u00f3n para una comodidad ligera<br \/>\nLas zapatillas est\u00e1n disponibles en negro con tres rayas doradas.<\/p>\n","protected":false},"excerpt":{"rendered":"<p>Las zapatillas de ducha adidas son un cl\u00e1sico absoluto, ideales para tu rutina pre y post entrenamiento. Estas sencillas zapatillas de ducha, con su elegante dise\u00f1o de una pieza y su efecto de secado r\u00e1pido, ofrecen una comodidad pr\u00e1ctica en la que puedes confiar plenamente. Parte superior de EVA moldeada suave para una gran comodidad [&hellip;]<\/p>\n","protected":false},"featured_media":477784,"comment_status":"open","ping_status":"closed","template":"","meta":{"inline_featured_image":false},"product_brand":[],"product_cat":[1390,1576,1581,1495],"product_tag":[1560],"sport":[],"class_list":{"0":"post-477836","1":"product","2":"type-product","3":"status-publish","4":"has-post-thumbnail","6":"product_cat-ropa-de-karate","7":"product_cat-ropa-de-karate-adidas","8":"product_cat-ropa-deportiva-de-combate-adidas","9":"product_cat-zapatos","10":"product_tag-adidas-es","11":"pa_size-40-2-3","12":"pa_size-394","13":"pa_size-43-1-3","14":"pa_size-2465","15":"pa_size-390","16":"pa_size-389","17":"pa_size-48-1-2","19":"first","20":"instock","21":"taxable","22":"shipping-taxable","23":"purchasable","24":"product-type-variable"},"yoast_head":"<!-- This site is optimized with the Yoast SEO plugin v27.2 - https:\/\/yoast.com\/product\/yoast-seo-wordpress\/ -->\n<title>adidas Adilette Aqua negro oro &#8211; Daisho<\/title>\n<meta name=\"description\" content=\"Descubre las zapatillas de nataci\u00f3n Adidas: comodidad, estilo y calidad para antes y despu\u00e9s de tus entrenamientos. Encu\u00e9ntralas en nuestro sitio web www.daisho.be\/Daisho\" \/>\n<meta name=\"robots\" content=\"index, follow, max-snippet:-1, max-image-preview:large, max-video-preview:-1\" \/>\n<link rel=\"canonical\" href=\"https:\/\/www.daisho.be\/es\/produit\/adidas-adilette-aqua-negro-oro\/\" \/>\n<meta property=\"og:locale\" content=\"es_ES\" \/>\n<meta property=\"og:type\" content=\"article\" \/>\n<meta property=\"og:title\" content=\"adidas Adilette Aqua negro oro &#8211; Daisho\" \/>\n<meta property=\"og:description\" content=\"Descubre las zapatillas de nataci\u00f3n Adidas: comodidad, estilo y calidad para antes y despu\u00e9s de tus entrenamientos. Encu\u00e9ntralas en nuestro sitio web www.daisho.be\/Daisho\" \/>\n<meta property=\"og:url\" content=\"https:\/\/www.daisho.be\/es\/produit\/adidas-adilette-aqua-negro-oro\/\" \/>\n<meta property=\"og:site_name\" content=\"Daisho\" \/>\n<meta property=\"article:modified_time\" content=\"2025-02-25T13:28:45+00:00\" \/>\n<meta property=\"og:image\" content=\"https:\/\/www.daisho.be\/wp-content\/uploads\/2024\/12\/image-5.webp\" \/>\n\t<meta property=\"og:image:width\" content=\"1200\" \/>\n\t<meta property=\"og:image:height\" content=\"1200\" \/>\n\t<meta property=\"og:image:type\" content=\"image\/webp\" \/>\n<meta name=\"twitter:card\" content=\"summary_large_image\" \/>\n<meta name=\"twitter:label1\" content=\"Tiempo de lectura\" \/>\n\t<meta name=\"twitter:data1\" content=\"1 minuto\" \/>\n<script type=\"application\/ld+json\" class=\"yoast-schema-graph\">{\"@context\":\"https:\/\/schema.org\",\"@graph\":[{\"@type\":\"WebPage\",\"@id\":\"https:\/\/www.daisho.be\/es\/produit\/adidas-adilette-aqua-negro-oro\/\",\"url\":\"https:\/\/www.daisho.be\/es\/produit\/adidas-adilette-aqua-negro-oro\/\",\"name\":\"adidas Adilette Aqua negro oro &#8211; Daisho\",\"isPartOf\":{\"@id\":\"https:\/\/www.daisho.be\/es\/#website\"},\"primaryImageOfPage\":{\"@id\":\"https:\/\/www.daisho.be\/es\/produit\/adidas-adilette-aqua-negro-oro\/#primaryimage\"},\"image\":{\"@id\":\"https:\/\/www.daisho.be\/es\/produit\/adidas-adilette-aqua-negro-oro\/#primaryimage\"},\"thumbnailUrl\":\"https:\/\/www.daisho.be\/wp-content\/uploads\/2024\/12\/image-5.webp\",\"datePublished\":\"2024-12-26T09:17:12+00:00\",\"dateModified\":\"2025-02-25T13:28:45+00:00\",\"description\":\"Descubre las zapatillas de nataci\u00f3n Adidas: comodidad, estilo y calidad para antes y despu\u00e9s de tus entrenamientos. Encu\u00e9ntralas en nuestro sitio web www.daisho.be\/Daisho\",\"breadcrumb\":{\"@id\":\"https:\/\/www.daisho.be\/es\/produit\/adidas-adilette-aqua-negro-oro\/#breadcrumb\"},\"inLanguage\":\"es\",\"potentialAction\":[{\"@type\":\"ReadAction\",\"target\":[\"https:\/\/www.daisho.be\/es\/produit\/adidas-adilette-aqua-negro-oro\/\"]}]},{\"@type\":\"ImageObject\",\"inLanguage\":\"es\",\"@id\":\"https:\/\/www.daisho.be\/es\/produit\/adidas-adilette-aqua-negro-oro\/#primaryimage\",\"url\":\"https:\/\/www.daisho.be\/wp-content\/uploads\/2024\/12\/image-5.webp\",\"contentUrl\":\"https:\/\/www.daisho.be\/wp-content\/uploads\/2024\/12\/image-5.webp\",\"width\":1200,\"height\":1200,\"caption\":\"adidas Adilette Aqua noir or-1\"},{\"@type\":\"BreadcrumbList\",\"@id\":\"https:\/\/www.daisho.be\/es\/produit\/adidas-adilette-aqua-negro-oro\/#breadcrumb\",\"itemListElement\":[{\"@type\":\"ListItem\",\"position\":1,\"name\":\"Accueil\",\"item\":\"https:\/\/www.daisho.be\/es\/\"},{\"@type\":\"ListItem\",\"position\":2,\"name\":\"Productos\",\"item\":\"https:\/\/www.daisho.be\/es\/productos\/\"},{\"@type\":\"ListItem\",\"position\":3,\"name\":\"Equipamiento y ropa para artes marciales y deportes de combate\",\"item\":\"https:\/\/www.daisho.be\/es\/categorie-produit\/equipamiento-y-ropa-para-artes-marciales-y-deportes-de-combate\/\"},{\"@type\":\"ListItem\",\"position\":4,\"name\":\"Karate\",\"item\":\"https:\/\/www.daisho.be\/es\/categorie-produit\/equipamiento-y-ropa-para-artes-marciales-y-deportes-de-combate\/karate-es-2\/\"},{\"@type\":\"ListItem\",\"position\":5,\"name\":\"Ropa de k\u00e1rate\",\"item\":\"https:\/\/www.daisho.be\/es\/categorie-produit\/equipamiento-y-ropa-para-artes-marciales-y-deportes-de-combate\/karate-es-2\/ropa-de-karate\/\"},{\"@type\":\"ListItem\",\"position\":6,\"name\":\"adidas Adilette Aqua negro oro\"}]},{\"@type\":\"WebSite\",\"@id\":\"https:\/\/www.daisho.be\/es\/#website\",\"url\":\"https:\/\/www.daisho.be\/es\/\",\"name\":\"Daisho\",\"description\":\"Sp&eacute;cialiste de l'&eacute;quipement sportif d'arts martiaux\",\"publisher\":{\"@id\":\"https:\/\/www.daisho.be\/es\/#organization\"},\"potentialAction\":[{\"@type\":\"SearchAction\",\"target\":{\"@type\":\"EntryPoint\",\"urlTemplate\":\"https:\/\/www.daisho.be\/es\/?s={search_term_string}\"},\"query-input\":{\"@type\":\"PropertyValueSpecification\",\"valueRequired\":true,\"valueName\":\"search_term_string\"}}],\"inLanguage\":\"es\"},{\"@type\":\"Organization\",\"@id\":\"https:\/\/www.daisho.be\/es\/#organization\",\"name\":\"Daisho\",\"url\":\"https:\/\/www.daisho.be\/es\/\",\"logo\":{\"@type\":\"ImageObject\",\"inLanguage\":\"es\",\"@id\":\"https:\/\/www.daisho.be\/es\/#\/schema\/logo\/image\/\",\"url\":\"https:\/\/www.daisho.be\/wp-content\/uploads\/2019\/07\/color-nothing-horizontale4x-e1564486100247.png\",\"contentUrl\":\"https:\/\/www.daisho.be\/wp-content\/uploads\/2019\/07\/color-nothing-horizontale4x-e1564486100247.png\",\"width\":1547,\"height\":385,\"caption\":\"Daisho\"},\"image\":{\"@id\":\"https:\/\/www.daisho.be\/es\/#\/schema\/logo\/image\/\"}}]}<\/script>\n<!-- \/ Yoast SEO plugin. -->","yoast_head_json":{"title":"adidas Adilette Aqua negro oro &#8211; Daisho","description":"Descubre las zapatillas de nataci\u00f3n Adidas: comodidad, estilo y calidad para antes y despu\u00e9s de tus entrenamientos. Encu\u00e9ntralas en nuestro sitio web www.daisho.be\/Daisho","robots":{"index":"index","follow":"follow","max-snippet":"max-snippet:-1","max-image-preview":"max-image-preview:large","max-video-preview":"max-video-preview:-1"},"canonical":"https:\/\/www.daisho.be\/es\/produit\/adidas-adilette-aqua-negro-oro\/","og_locale":"es_ES","og_type":"article","og_title":"adidas Adilette Aqua negro oro &#8211; Daisho","og_description":"Descubre las zapatillas de nataci\u00f3n Adidas: comodidad, estilo y calidad para antes y despu\u00e9s de tus entrenamientos. Encu\u00e9ntralas en nuestro sitio web www.daisho.be\/Daisho","og_url":"https:\/\/www.daisho.be\/es\/produit\/adidas-adilette-aqua-negro-oro\/","og_site_name":"Daisho","article_modified_time":"2025-02-25T13:28:45+00:00","og_image":[{"width":1200,"height":1200,"url":"https:\/\/www.daisho.be\/wp-content\/uploads\/2024\/12\/image-5.webp","type":"image\/webp"}],"twitter_card":"summary_large_image","twitter_misc":{"Tiempo de lectura":"1 minuto"},"schema":{"@context":"https:\/\/schema.org","@graph":[{"@type":"WebPage","@id":"https:\/\/www.daisho.be\/es\/produit\/adidas-adilette-aqua-negro-oro\/","url":"https:\/\/www.daisho.be\/es\/produit\/adidas-adilette-aqua-negro-oro\/","name":"adidas Adilette Aqua negro oro &#8211; Daisho","isPartOf":{"@id":"https:\/\/www.daisho.be\/es\/#website"},"primaryImageOfPage":{"@id":"https:\/\/www.daisho.be\/es\/produit\/adidas-adilette-aqua-negro-oro\/#primaryimage"},"image":{"@id":"https:\/\/www.daisho.be\/es\/produit\/adidas-adilette-aqua-negro-oro\/#primaryimage"},"thumbnailUrl":"https:\/\/www.daisho.be\/wp-content\/uploads\/2024\/12\/image-5.webp","datePublished":"2024-12-26T09:17:12+00:00","dateModified":"2025-02-25T13:28:45+00:00","description":"Descubre las zapatillas de nataci\u00f3n Adidas: comodidad, estilo y calidad para antes y despu\u00e9s de tus entrenamientos. Encu\u00e9ntralas en nuestro sitio web www.daisho.be\/Daisho","breadcrumb":{"@id":"https:\/\/www.daisho.be\/es\/produit\/adidas-adilette-aqua-negro-oro\/#breadcrumb"},"inLanguage":"es","potentialAction":[{"@type":"ReadAction","target":["https:\/\/www.daisho.be\/es\/produit\/adidas-adilette-aqua-negro-oro\/"]}]},{"@type":"ImageObject","inLanguage":"es","@id":"https:\/\/www.daisho.be\/es\/produit\/adidas-adilette-aqua-negro-oro\/#primaryimage","url":"https:\/\/www.daisho.be\/wp-content\/uploads\/2024\/12\/image-5.webp","contentUrl":"https:\/\/www.daisho.be\/wp-content\/uploads\/2024\/12\/image-5.webp","width":1200,"height":1200,"caption":"adidas Adilette Aqua noir or-1"},{"@type":"BreadcrumbList","@id":"https:\/\/www.daisho.be\/es\/produit\/adidas-adilette-aqua-negro-oro\/#breadcrumb","itemListElement":[{"@type":"ListItem","position":1,"name":"Accueil","item":"https:\/\/www.daisho.be\/es\/"},{"@type":"ListItem","position":2,"name":"Productos","item":"https:\/\/www.daisho.be\/es\/productos\/"},{"@type":"ListItem","position":3,"name":"Equipamiento y ropa para artes marciales y deportes de combate","item":"https:\/\/www.daisho.be\/es\/categorie-produit\/equipamiento-y-ropa-para-artes-marciales-y-deportes-de-combate\/"},{"@type":"ListItem","position":4,"name":"Karate","item":"https:\/\/www.daisho.be\/es\/categorie-produit\/equipamiento-y-ropa-para-artes-marciales-y-deportes-de-combate\/karate-es-2\/"},{"@type":"ListItem","position":5,"name":"Ropa de k\u00e1rate","item":"https:\/\/www.daisho.be\/es\/categorie-produit\/equipamiento-y-ropa-para-artes-marciales-y-deportes-de-combate\/karate-es-2\/ropa-de-karate\/"},{"@type":"ListItem","position":6,"name":"adidas Adilette Aqua negro oro"}]},{"@type":"WebSite","@id":"https:\/\/www.daisho.be\/es\/#website","url":"https:\/\/www.daisho.be\/es\/","name":"Daisho","description":"Sp&eacute;cialiste de l'&eacute;quipement sportif d'arts martiaux","publisher":{"@id":"https:\/\/www.daisho.be\/es\/#organization"},"potentialAction":[{"@type":"SearchAction","target":{"@type":"EntryPoint","urlTemplate":"https:\/\/www.daisho.be\/es\/?s={search_term_string}"},"query-input":{"@type":"PropertyValueSpecification","valueRequired":true,"valueName":"search_term_string"}}],"inLanguage":"es"},{"@type":"Organization","@id":"https:\/\/www.daisho.be\/es\/#organization","name":"Daisho","url":"https:\/\/www.daisho.be\/es\/","logo":{"@type":"ImageObject","inLanguage":"es","@id":"https:\/\/www.daisho.be\/es\/#\/schema\/logo\/image\/","url":"https:\/\/www.daisho.be\/wp-content\/uploads\/2019\/07\/color-nothing-horizontale4x-e1564486100247.png","contentUrl":"https:\/\/www.daisho.be\/wp-content\/uploads\/2019\/07\/color-nothing-horizontale4x-e1564486100247.png","width":1547,"height":385,"caption":"Daisho"},"image":{"@id":"https:\/\/www.daisho.be\/es\/#\/schema\/logo\/image\/"}}]}},"_links":{"self":[{"href":"https:\/\/www.daisho.be\/es\/wp-json\/wp\/v2\/product\/477836","targetHints":{"allow":["GET"]}}],"collection":[{"href":"https:\/\/www.daisho.be\/es\/wp-json\/wp\/v2\/product"}],"about":[{"href":"https:\/\/www.daisho.be\/es\/wp-json\/wp\/v2\/types\/product"}],"replies":[{"embeddable":true,"href":"https:\/\/www.daisho.be\/es\/wp-json\/wp\/v2\/comments?post=477836"}],"wp:featuredmedia":[{"embeddable":true,"href":"https:\/\/www.daisho.be\/es\/wp-json\/wp\/v2\/media\/477784"}],"wp:attachment":[{"href":"https:\/\/www.daisho.be\/es\/wp-json\/wp\/v2\/media?parent=477836"}],"wp:term":[{"taxonomy":"product_brand","embeddable":true,"href":"https:\/\/www.daisho.be\/es\/wp-json\/wp\/v2\/product_brand?post=477836"},{"taxonomy":"product_cat","embeddable":true,"href":"https:\/\/www.daisho.be\/es\/wp-json\/wp\/v2\/product_cat?post=477836"},{"taxonomy":"product_tag","embeddable":true,"href":"https:\/\/www.daisho.be\/es\/wp-json\/wp\/v2\/product_tag?post=477836"},{"taxonomy":"sport","embeddable":true,"href":"https:\/\/www.daisho.be\/es\/wp-json\/wp\/v2\/sport?post=477836"}],"curies":[{"name":"wp","href":"https:\/\/api.w.org\/{rel}","templated":true}]}}