{"id":471208,"date":"2024-12-07T12:58:13","date_gmt":"2024-12-07T11:58:13","guid":{"rendered":"https:\/\/www.daisho.be\/produit\/exhibicion-de-karate-ckf\/"},"modified":"2025-10-09T14:28:41","modified_gmt":"2025-10-09T12:28:41","slug":"exhibicion-de-karate-ckf","status":"publish","type":"product","link":"https:\/\/www.daisho.be\/es\/produit\/exhibicion-de-karate-ckf\/","title":{"rendered":"Exhibici\u00f3n de k\u00e1rate CKF"},"content":{"rendered":"<p>El marcador CKF est\u00e1 especialmente dise\u00f1ado para el k\u00e1rate.  <\/p>\n<p>Especificaciones:<br \/>\nDimensiones: 1800x800x90 mm<br \/>\nLegibilidad: 60 m<br \/>\nAltura m\u00e1xima de los d\u00edgitos: 16 cm<br \/>\nPeso: 28 kg<br \/>\nPantalla: LED de alto brillo cms<br \/>\n\u00c1ngulo de lectura: 160\u00b0<br \/>\nTransmisi\u00f3n: por cable<br \/>\nAlimentaci\u00f3n: 230 V (red el\u00e9ctrica)  <\/p>\n<p>Funciones :<br \/>\nIndicador de puntuaci\u00f3n<br \/>\nIndicador de penaltis<br \/>\nCron\u00f3metro<br \/>\nSenshu<br \/>\nCategor\u00eda de peso ajustable<br \/>\nC\u00f3digo de pa\u00eds<br \/>\nN\u00famero de tatami<\/p>\n<p>Opci\u00f3n:<br \/>\nVisualizaci\u00f3n del repetidor<br \/>\nPie rodante  <\/p>\n","protected":false},"excerpt":{"rendered":"<p>El marcador CKF est\u00e1 especialmente dise\u00f1ado para el k\u00e1rate. Especificaciones: Dimensiones: 1800x800x90 mm Legibilidad: 60 m Altura m\u00e1xima de los d\u00edgitos: 16 cm Peso: 28 kg Pantalla: LED de alto brillo cms \u00c1ngulo de lectura: 160\u00b0 Transmisi\u00f3n: por cable Alimentaci\u00f3n: 230 V (red el\u00e9ctrica) Funciones : Indicador de puntuaci\u00f3n Indicador de penaltis Cron\u00f3metro Senshu Categor\u00eda [&hellip;]<\/p>\n","protected":false},"featured_media":470548,"comment_status":"open","ping_status":"closed","template":"","meta":{"inline_featured_image":false},"product_brand":[],"product_cat":[1431],"product_tag":[1429],"sport":[],"class_list":{"0":"post-471208","1":"product","2":"type-product","3":"status-publish","4":"has-post-thumbnail","6":"product_cat-exposiciones-concurso","7":"product_tag-stramatel-es","9":"first","10":"instock","11":"taxable","12":"shipping-taxable","13":"purchasable","14":"product-type-simple"},"yoast_head":"<!-- This site is optimized with the Yoast SEO plugin v27.2 - https:\/\/yoast.com\/product\/yoast-seo-wordpress\/ -->\n<title>Exhibici\u00f3n de k\u00e1rate CKF &#8211; Daisho<\/title>\n<meta name=\"description\" content=\"Descubre las exhibiciones de k\u00e1rate en soportes rodantes para competiciones. C\u00f3mpralo en nuestra web www.daisho.be|Daisho\" \/>\n<meta name=\"robots\" content=\"index, follow, max-snippet:-1, max-image-preview:large, max-video-preview:-1\" \/>\n<link rel=\"canonical\" href=\"https:\/\/www.daisho.be\/es\/produit\/exhibicion-de-karate-ckf\/\" \/>\n<meta property=\"og:locale\" content=\"es_ES\" \/>\n<meta property=\"og:type\" content=\"article\" \/>\n<meta property=\"og:title\" content=\"Exhibici\u00f3n de k\u00e1rate CKF &#8211; Daisho\" \/>\n<meta property=\"og:description\" content=\"Descubre las exhibiciones de k\u00e1rate en soportes rodantes para competiciones. C\u00f3mpralo en nuestra web www.daisho.be|Daisho\" \/>\n<meta property=\"og:url\" content=\"https:\/\/www.daisho.be\/es\/produit\/exhibicion-de-karate-ckf\/\" \/>\n<meta property=\"og:site_name\" content=\"Daisho\" \/>\n<meta property=\"article:modified_time\" content=\"2025-10-09T12:28:41+00:00\" \/>\n<meta property=\"og:image\" content=\"https:\/\/www.daisho.be\/wp-content\/uploads\/2024\/12\/image-9.png\" \/>\n\t<meta property=\"og:image:width\" content=\"533\" \/>\n\t<meta property=\"og:image:height\" content=\"288\" \/>\n\t<meta property=\"og:image:type\" content=\"image\/png\" \/>\n<meta name=\"twitter:card\" content=\"summary_large_image\" \/>\n<script type=\"application\/ld+json\" class=\"yoast-schema-graph\">{\"@context\":\"https:\/\/schema.org\",\"@graph\":[{\"@type\":\"WebPage\",\"@id\":\"https:\/\/www.daisho.be\/es\/produit\/exhibicion-de-karate-ckf\/\",\"url\":\"https:\/\/www.daisho.be\/es\/produit\/exhibicion-de-karate-ckf\/\",\"name\":\"Exhibici\u00f3n de k\u00e1rate CKF &#8211; Daisho\",\"isPartOf\":{\"@id\":\"https:\/\/www.daisho.be\/es\/#website\"},\"primaryImageOfPage\":{\"@id\":\"https:\/\/www.daisho.be\/es\/produit\/exhibicion-de-karate-ckf\/#primaryimage\"},\"image\":{\"@id\":\"https:\/\/www.daisho.be\/es\/produit\/exhibicion-de-karate-ckf\/#primaryimage\"},\"thumbnailUrl\":\"https:\/\/www.daisho.be\/wp-content\/uploads\/2024\/12\/image-9.png\",\"datePublished\":\"2024-12-07T11:58:13+00:00\",\"dateModified\":\"2025-10-09T12:28:41+00:00\",\"description\":\"Descubre las exhibiciones de k\u00e1rate en soportes rodantes para competiciones. C\u00f3mpralo en nuestra web www.daisho.be|Daisho\",\"breadcrumb\":{\"@id\":\"https:\/\/www.daisho.be\/es\/produit\/exhibicion-de-karate-ckf\/#breadcrumb\"},\"inLanguage\":\"es\",\"potentialAction\":[{\"@type\":\"ReadAction\",\"target\":[\"https:\/\/www.daisho.be\/es\/produit\/exhibicion-de-karate-ckf\/\"]}]},{\"@type\":\"ImageObject\",\"inLanguage\":\"es\",\"@id\":\"https:\/\/www.daisho.be\/es\/produit\/exhibicion-de-karate-ckf\/#primaryimage\",\"url\":\"https:\/\/www.daisho.be\/wp-content\/uploads\/2024\/12\/image-9.png\",\"contentUrl\":\"https:\/\/www.daisho.be\/wp-content\/uploads\/2024\/12\/image-9.png\",\"width\":533,\"height\":288,\"caption\":\"Pantalla de k\u00e1rate CKF-1\"},{\"@type\":\"BreadcrumbList\",\"@id\":\"https:\/\/www.daisho.be\/es\/produit\/exhibicion-de-karate-ckf\/#breadcrumb\",\"itemListElement\":[{\"@type\":\"ListItem\",\"position\":1,\"name\":\"Accueil\",\"item\":\"https:\/\/www.daisho.be\/es\/\"},{\"@type\":\"ListItem\",\"position\":2,\"name\":\"Productos\",\"item\":\"https:\/\/www.daisho.be\/es\/productos\/\"},{\"@type\":\"ListItem\",\"position\":3,\"name\":\"Deportes de combate\",\"item\":\"https:\/\/www.daisho.be\/es\/categorie-produit\/deportes-de-combate\/\"},{\"@type\":\"ListItem\",\"position\":4,\"name\":\"Exposiciones (concurso)\",\"item\":\"https:\/\/www.daisho.be\/es\/categorie-produit\/deportes-de-combate\/exposiciones-concurso\/\"},{\"@type\":\"ListItem\",\"position\":5,\"name\":\"Exhibici\u00f3n de k\u00e1rate CKF\"}]},{\"@type\":\"WebSite\",\"@id\":\"https:\/\/www.daisho.be\/es\/#website\",\"url\":\"https:\/\/www.daisho.be\/es\/\",\"name\":\"Daisho\",\"description\":\"Sp&eacute;cialiste de l'&eacute;quipement sportif d'arts martiaux\",\"publisher\":{\"@id\":\"https:\/\/www.daisho.be\/es\/#organization\"},\"potentialAction\":[{\"@type\":\"SearchAction\",\"target\":{\"@type\":\"EntryPoint\",\"urlTemplate\":\"https:\/\/www.daisho.be\/es\/?s={search_term_string}\"},\"query-input\":{\"@type\":\"PropertyValueSpecification\",\"valueRequired\":true,\"valueName\":\"search_term_string\"}}],\"inLanguage\":\"es\"},{\"@type\":\"Organization\",\"@id\":\"https:\/\/www.daisho.be\/es\/#organization\",\"name\":\"Daisho\",\"url\":\"https:\/\/www.daisho.be\/es\/\",\"logo\":{\"@type\":\"ImageObject\",\"inLanguage\":\"es\",\"@id\":\"https:\/\/www.daisho.be\/es\/#\/schema\/logo\/image\/\",\"url\":\"https:\/\/www.daisho.be\/wp-content\/uploads\/2019\/07\/color-nothing-horizontale4x-e1564486100247.png\",\"contentUrl\":\"https:\/\/www.daisho.be\/wp-content\/uploads\/2019\/07\/color-nothing-horizontale4x-e1564486100247.png\",\"width\":1547,\"height\":385,\"caption\":\"Daisho\"},\"image\":{\"@id\":\"https:\/\/www.daisho.be\/es\/#\/schema\/logo\/image\/\"}}]}<\/script>\n<!-- \/ Yoast SEO plugin. -->","yoast_head_json":{"title":"Exhibici\u00f3n de k\u00e1rate CKF &#8211; Daisho","description":"Descubre las exhibiciones de k\u00e1rate en soportes rodantes para competiciones. C\u00f3mpralo en nuestra web www.daisho.be|Daisho","robots":{"index":"index","follow":"follow","max-snippet":"max-snippet:-1","max-image-preview":"max-image-preview:large","max-video-preview":"max-video-preview:-1"},"canonical":"https:\/\/www.daisho.be\/es\/produit\/exhibicion-de-karate-ckf\/","og_locale":"es_ES","og_type":"article","og_title":"Exhibici\u00f3n de k\u00e1rate CKF &#8211; Daisho","og_description":"Descubre las exhibiciones de k\u00e1rate en soportes rodantes para competiciones. C\u00f3mpralo en nuestra web www.daisho.be|Daisho","og_url":"https:\/\/www.daisho.be\/es\/produit\/exhibicion-de-karate-ckf\/","og_site_name":"Daisho","article_modified_time":"2025-10-09T12:28:41+00:00","og_image":[{"width":533,"height":288,"url":"https:\/\/www.daisho.be\/wp-content\/uploads\/2024\/12\/image-9.png","type":"image\/png"}],"twitter_card":"summary_large_image","schema":{"@context":"https:\/\/schema.org","@graph":[{"@type":"WebPage","@id":"https:\/\/www.daisho.be\/es\/produit\/exhibicion-de-karate-ckf\/","url":"https:\/\/www.daisho.be\/es\/produit\/exhibicion-de-karate-ckf\/","name":"Exhibici\u00f3n de k\u00e1rate CKF &#8211; Daisho","isPartOf":{"@id":"https:\/\/www.daisho.be\/es\/#website"},"primaryImageOfPage":{"@id":"https:\/\/www.daisho.be\/es\/produit\/exhibicion-de-karate-ckf\/#primaryimage"},"image":{"@id":"https:\/\/www.daisho.be\/es\/produit\/exhibicion-de-karate-ckf\/#primaryimage"},"thumbnailUrl":"https:\/\/www.daisho.be\/wp-content\/uploads\/2024\/12\/image-9.png","datePublished":"2024-12-07T11:58:13+00:00","dateModified":"2025-10-09T12:28:41+00:00","description":"Descubre las exhibiciones de k\u00e1rate en soportes rodantes para competiciones. C\u00f3mpralo en nuestra web www.daisho.be|Daisho","breadcrumb":{"@id":"https:\/\/www.daisho.be\/es\/produit\/exhibicion-de-karate-ckf\/#breadcrumb"},"inLanguage":"es","potentialAction":[{"@type":"ReadAction","target":["https:\/\/www.daisho.be\/es\/produit\/exhibicion-de-karate-ckf\/"]}]},{"@type":"ImageObject","inLanguage":"es","@id":"https:\/\/www.daisho.be\/es\/produit\/exhibicion-de-karate-ckf\/#primaryimage","url":"https:\/\/www.daisho.be\/wp-content\/uploads\/2024\/12\/image-9.png","contentUrl":"https:\/\/www.daisho.be\/wp-content\/uploads\/2024\/12\/image-9.png","width":533,"height":288,"caption":"Pantalla de k\u00e1rate CKF-1"},{"@type":"BreadcrumbList","@id":"https:\/\/www.daisho.be\/es\/produit\/exhibicion-de-karate-ckf\/#breadcrumb","itemListElement":[{"@type":"ListItem","position":1,"name":"Accueil","item":"https:\/\/www.daisho.be\/es\/"},{"@type":"ListItem","position":2,"name":"Productos","item":"https:\/\/www.daisho.be\/es\/productos\/"},{"@type":"ListItem","position":3,"name":"Deportes de combate","item":"https:\/\/www.daisho.be\/es\/categorie-produit\/deportes-de-combate\/"},{"@type":"ListItem","position":4,"name":"Exposiciones (concurso)","item":"https:\/\/www.daisho.be\/es\/categorie-produit\/deportes-de-combate\/exposiciones-concurso\/"},{"@type":"ListItem","position":5,"name":"Exhibici\u00f3n de k\u00e1rate CKF"}]},{"@type":"WebSite","@id":"https:\/\/www.daisho.be\/es\/#website","url":"https:\/\/www.daisho.be\/es\/","name":"Daisho","description":"Sp&eacute;cialiste de l'&eacute;quipement sportif d'arts martiaux","publisher":{"@id":"https:\/\/www.daisho.be\/es\/#organization"},"potentialAction":[{"@type":"SearchAction","target":{"@type":"EntryPoint","urlTemplate":"https:\/\/www.daisho.be\/es\/?s={search_term_string}"},"query-input":{"@type":"PropertyValueSpecification","valueRequired":true,"valueName":"search_term_string"}}],"inLanguage":"es"},{"@type":"Organization","@id":"https:\/\/www.daisho.be\/es\/#organization","name":"Daisho","url":"https:\/\/www.daisho.be\/es\/","logo":{"@type":"ImageObject","inLanguage":"es","@id":"https:\/\/www.daisho.be\/es\/#\/schema\/logo\/image\/","url":"https:\/\/www.daisho.be\/wp-content\/uploads\/2019\/07\/color-nothing-horizontale4x-e1564486100247.png","contentUrl":"https:\/\/www.daisho.be\/wp-content\/uploads\/2019\/07\/color-nothing-horizontale4x-e1564486100247.png","width":1547,"height":385,"caption":"Daisho"},"image":{"@id":"https:\/\/www.daisho.be\/es\/#\/schema\/logo\/image\/"}}]}},"_links":{"self":[{"href":"https:\/\/www.daisho.be\/es\/wp-json\/wp\/v2\/product\/471208","targetHints":{"allow":["GET"]}}],"collection":[{"href":"https:\/\/www.daisho.be\/es\/wp-json\/wp\/v2\/product"}],"about":[{"href":"https:\/\/www.daisho.be\/es\/wp-json\/wp\/v2\/types\/product"}],"replies":[{"embeddable":true,"href":"https:\/\/www.daisho.be\/es\/wp-json\/wp\/v2\/comments?post=471208"}],"wp:featuredmedia":[{"embeddable":true,"href":"https:\/\/www.daisho.be\/es\/wp-json\/wp\/v2\/media\/470548"}],"wp:attachment":[{"href":"https:\/\/www.daisho.be\/es\/wp-json\/wp\/v2\/media?parent=471208"}],"wp:term":[{"taxonomy":"product_brand","embeddable":true,"href":"https:\/\/www.daisho.be\/es\/wp-json\/wp\/v2\/product_brand?post=471208"},{"taxonomy":"product_cat","embeddable":true,"href":"https:\/\/www.daisho.be\/es\/wp-json\/wp\/v2\/product_cat?post=471208"},{"taxonomy":"product_tag","embeddable":true,"href":"https:\/\/www.daisho.be\/es\/wp-json\/wp\/v2\/product_tag?post=471208"},{"taxonomy":"sport","embeddable":true,"href":"https:\/\/www.daisho.be\/es\/wp-json\/wp\/v2\/sport?post=471208"}],"curies":[{"name":"wp","href":"https:\/\/api.w.org\/{rel}","templated":true}]}}