{"id":470535,"date":"2024-12-07T12:39:50","date_gmt":"2024-12-07T11:39:50","guid":{"rendered":"https:\/\/www.daisho.be\/produit\/exhibicion-de-karate-ckm\/"},"modified":"2025-10-09T14:28:41","modified_gmt":"2025-10-09T12:28:41","slug":"exhibicion-de-karate-ckm","status":"publish","type":"product","link":"https:\/\/www.daisho.be\/es\/produit\/exhibicion-de-karate-ckm\/","title":{"rendered":"Exhibici\u00f3n de k\u00e1rate CKM"},"content":{"rendered":"<p>La pantalla CKM para k\u00e1rate es un aut\u00e9ntico marcador. Se enchufa a la red el\u00e9ctrica y se suministra con un cable de alimentaci\u00f3n. Tiene una gran pantalla LCD (340 x 175 x 60 mm) para una visualizaci\u00f3n de calidad real.<br \/>\nComposici\u00f3n:<br \/>\n -1 pantalla compuesta por 1 m\u00f3dulos<br \/>\n-1 paneles de control<br \/>\n-Cables y cajas de conexi\u00f3n para el modelo con cable<br \/>\n-Nota de instalaci\u00f3n y uso  <\/p>\n<p>Descripci\u00f3n t\u00e9cnica:<br \/>\nUso: Interior<br \/>\nTransmisi\u00f3n: por radio (868 MHz) o por cable<br \/>\nLegibilidad: 50 m, \u00e1ngulo &gt;160\u00b0<br \/>\nDimensiones: 1500 x 600 x 90 mm<br \/>\nPeso: 23 kg<br \/>\nFuente de alimentaci\u00f3n: Red 230V \/ 50-60Hz 5,6A<br \/>\nProtecci\u00f3n: Panel frontal irrompible de policarbonato negro mate antideslumbrante (DIN 18032-3)<br \/>\nBocina incorporada: 116 dB a 1 m<br \/>\nCable de red (suministrado): 25 m &#8211; Tipo: 230V, 3G, 0.75 mm\u00b2<br \/>\nCableado de transmisi\u00f3n: para modelo con cable o radio con kit con cable<br \/>\nCaja de empalmes + 50 m de cable de transmisi\u00f3n r\u00edgido (panel\/caja de empalmes) &#8211;<br \/>\nTipo: cable de 2 pares 6\/10 + 10 m de cable de transmisi\u00f3n flexible DIN\/DIN (caja de empalmes\/panel)<\/p>\n<p>Funciones de visualizaci\u00f3n:<br \/>\nPuntuaci\u00f3n por golpes +1+2+3: 2&#215;2 d\u00edgitos rojos (12cm)<br \/>\nPenaltis: Por luz roja<br \/>\nPosesi\u00f3n del bal\u00f3n: 2 flechas rojas<br \/>\nCategor\u00eda de lucha: + y dos d\u00edgitos amarillos de 12cm<br \/>\nCron\u00f3metro: 3 d\u00edgitos rojos (12cm) + puntos intermitentes<br \/>\nSai Shiai<\/p>\n<p>Paneles de control:<br \/>\n1 paneles: (340 x 175 x 60 mm) con pantalla LCD de 2 l\u00edneas y 20 caracteres de 9 mm<br \/>\n1 maletas: Almacenamiento para los pupitres de mando (360 x 260 x 90 mm)<br \/>\n1 cargador: Carga permanente de los pupitres de mando cuando no se utilizan (tiempo m\u00e1ximo de funcionamiento 16 h)<\/p>\n<p>Opciones:<br \/>\nInterfaz de TV (RS 485): Transmisi\u00f3n de los datos de la consola al sistema de TV<br \/>\nInterfaz de sonido: Amplificaci\u00f3n de zumbadores, conexi\u00f3n de megafon\u00eda ambiental<br \/>\nKit de cableado: Transmisi\u00f3n adicional por cable para modelos de radio<br \/>\nBastidor de instalaci\u00f3n o soportes rodantes<\/p>\n","protected":false},"excerpt":{"rendered":"<p>La pantalla CKM para k\u00e1rate es un aut\u00e9ntico marcador. Se enchufa a la red el\u00e9ctrica y se suministra con un cable de alimentaci\u00f3n. Tiene una gran pantalla LCD (340 x 175 x 60 mm) para una visualizaci\u00f3n de calidad real. Composici\u00f3n: -1 pantalla compuesta por 1 m\u00f3dulos -1 paneles de control -Cables y cajas de [&hellip;]<\/p>\n","protected":false},"featured_media":470527,"comment_status":"open","ping_status":"closed","template":"","meta":{"inline_featured_image":false},"product_brand":[],"product_cat":[1431],"product_tag":[1429],"sport":[],"class_list":{"0":"post-470535","1":"product","2":"type-product","3":"status-publish","4":"has-post-thumbnail","6":"product_cat-exposiciones-concurso","7":"product_tag-stramatel-es","9":"first","10":"instock","11":"taxable","12":"shipping-taxable","13":"purchasable","14":"product-type-simple"},"yoast_head":"<!-- This site is optimized with the Yoast SEO plugin v27.2 - https:\/\/yoast.com\/product\/yoast-seo-wordpress\/ -->\n<title>Exhibici\u00f3n de k\u00e1rate CKM &#8211; Daisho<\/title>\n<meta name=\"description\" content=\"Descubre los expositores de k\u00e1rate CKM con soporte rodante, una opci\u00f3n para tus competiciones. C\u00f3mpralo en www.daisho.be|Daisho\" \/>\n<meta name=\"robots\" content=\"index, follow, max-snippet:-1, max-image-preview:large, max-video-preview:-1\" \/>\n<link rel=\"canonical\" href=\"https:\/\/www.daisho.be\/es\/produit\/exhibicion-de-karate-ckm\/\" \/>\n<meta property=\"og:locale\" content=\"es_ES\" \/>\n<meta property=\"og:type\" content=\"article\" \/>\n<meta property=\"og:title\" content=\"Exhibici\u00f3n de k\u00e1rate CKM &#8211; Daisho\" \/>\n<meta property=\"og:description\" content=\"Descubre los expositores de k\u00e1rate CKM con soporte rodante, una opci\u00f3n para tus competiciones. C\u00f3mpralo en www.daisho.be|Daisho\" \/>\n<meta property=\"og:url\" content=\"https:\/\/www.daisho.be\/es\/produit\/exhibicion-de-karate-ckm\/\" \/>\n<meta property=\"og:site_name\" content=\"Daisho\" \/>\n<meta property=\"article:modified_time\" content=\"2025-10-09T12:28:41+00:00\" \/>\n<meta property=\"og:image\" content=\"https:\/\/www.daisho.be\/wp-content\/uploads\/2024\/12\/image-8.png\" \/>\n\t<meta property=\"og:image:width\" content=\"612\" \/>\n\t<meta property=\"og:image:height\" content=\"282\" \/>\n\t<meta property=\"og:image:type\" content=\"image\/png\" \/>\n<meta name=\"twitter:card\" content=\"summary_large_image\" \/>\n<meta name=\"twitter:label1\" content=\"Tiempo de lectura\" \/>\n\t<meta name=\"twitter:data1\" content=\"2 minutos\" \/>\n<script type=\"application\/ld+json\" class=\"yoast-schema-graph\">{\"@context\":\"https:\/\/schema.org\",\"@graph\":[{\"@type\":\"WebPage\",\"@id\":\"https:\/\/www.daisho.be\/es\/produit\/exhibicion-de-karate-ckm\/\",\"url\":\"https:\/\/www.daisho.be\/es\/produit\/exhibicion-de-karate-ckm\/\",\"name\":\"Exhibici\u00f3n de k\u00e1rate CKM &#8211; Daisho\",\"isPartOf\":{\"@id\":\"https:\/\/www.daisho.be\/es\/#website\"},\"primaryImageOfPage\":{\"@id\":\"https:\/\/www.daisho.be\/es\/produit\/exhibicion-de-karate-ckm\/#primaryimage\"},\"image\":{\"@id\":\"https:\/\/www.daisho.be\/es\/produit\/exhibicion-de-karate-ckm\/#primaryimage\"},\"thumbnailUrl\":\"https:\/\/www.daisho.be\/wp-content\/uploads\/2024\/12\/image-8.png\",\"datePublished\":\"2024-12-07T11:39:50+00:00\",\"dateModified\":\"2025-10-09T12:28:41+00:00\",\"description\":\"Descubre los expositores de k\u00e1rate CKM con soporte rodante, una opci\u00f3n para tus competiciones. C\u00f3mpralo en www.daisho.be|Daisho\",\"breadcrumb\":{\"@id\":\"https:\/\/www.daisho.be\/es\/produit\/exhibicion-de-karate-ckm\/#breadcrumb\"},\"inLanguage\":\"es\",\"potentialAction\":[{\"@type\":\"ReadAction\",\"target\":[\"https:\/\/www.daisho.be\/es\/produit\/exhibicion-de-karate-ckm\/\"]}]},{\"@type\":\"ImageObject\",\"inLanguage\":\"es\",\"@id\":\"https:\/\/www.daisho.be\/es\/produit\/exhibicion-de-karate-ckm\/#primaryimage\",\"url\":\"https:\/\/www.daisho.be\/wp-content\/uploads\/2024\/12\/image-8.png\",\"contentUrl\":\"https:\/\/www.daisho.be\/wp-content\/uploads\/2024\/12\/image-8.png\",\"width\":612,\"height\":282,\"caption\":\"Pantalla de k\u00e1rate CKM-1\"},{\"@type\":\"BreadcrumbList\",\"@id\":\"https:\/\/www.daisho.be\/es\/produit\/exhibicion-de-karate-ckm\/#breadcrumb\",\"itemListElement\":[{\"@type\":\"ListItem\",\"position\":1,\"name\":\"Accueil\",\"item\":\"https:\/\/www.daisho.be\/es\/\"},{\"@type\":\"ListItem\",\"position\":2,\"name\":\"Productos\",\"item\":\"https:\/\/www.daisho.be\/es\/productos\/\"},{\"@type\":\"ListItem\",\"position\":3,\"name\":\"Deportes de combate\",\"item\":\"https:\/\/www.daisho.be\/es\/categorie-produit\/deportes-de-combate\/\"},{\"@type\":\"ListItem\",\"position\":4,\"name\":\"Exposiciones (concurso)\",\"item\":\"https:\/\/www.daisho.be\/es\/categorie-produit\/deportes-de-combate\/exposiciones-concurso\/\"},{\"@type\":\"ListItem\",\"position\":5,\"name\":\"Exhibici\u00f3n de k\u00e1rate CKM\"}]},{\"@type\":\"WebSite\",\"@id\":\"https:\/\/www.daisho.be\/es\/#website\",\"url\":\"https:\/\/www.daisho.be\/es\/\",\"name\":\"Daisho\",\"description\":\"Sp&eacute;cialiste de l'&eacute;quipement sportif d'arts martiaux\",\"publisher\":{\"@id\":\"https:\/\/www.daisho.be\/es\/#organization\"},\"potentialAction\":[{\"@type\":\"SearchAction\",\"target\":{\"@type\":\"EntryPoint\",\"urlTemplate\":\"https:\/\/www.daisho.be\/es\/?s={search_term_string}\"},\"query-input\":{\"@type\":\"PropertyValueSpecification\",\"valueRequired\":true,\"valueName\":\"search_term_string\"}}],\"inLanguage\":\"es\"},{\"@type\":\"Organization\",\"@id\":\"https:\/\/www.daisho.be\/es\/#organization\",\"name\":\"Daisho\",\"url\":\"https:\/\/www.daisho.be\/es\/\",\"logo\":{\"@type\":\"ImageObject\",\"inLanguage\":\"es\",\"@id\":\"https:\/\/www.daisho.be\/es\/#\/schema\/logo\/image\/\",\"url\":\"https:\/\/www.daisho.be\/wp-content\/uploads\/2019\/07\/color-nothing-horizontale4x-e1564486100247.png\",\"contentUrl\":\"https:\/\/www.daisho.be\/wp-content\/uploads\/2019\/07\/color-nothing-horizontale4x-e1564486100247.png\",\"width\":1547,\"height\":385,\"caption\":\"Daisho\"},\"image\":{\"@id\":\"https:\/\/www.daisho.be\/es\/#\/schema\/logo\/image\/\"}}]}<\/script>\n<!-- \/ Yoast SEO plugin. -->","yoast_head_json":{"title":"Exhibici\u00f3n de k\u00e1rate CKM &#8211; Daisho","description":"Descubre los expositores de k\u00e1rate CKM con soporte rodante, una opci\u00f3n para tus competiciones. C\u00f3mpralo en www.daisho.be|Daisho","robots":{"index":"index","follow":"follow","max-snippet":"max-snippet:-1","max-image-preview":"max-image-preview:large","max-video-preview":"max-video-preview:-1"},"canonical":"https:\/\/www.daisho.be\/es\/produit\/exhibicion-de-karate-ckm\/","og_locale":"es_ES","og_type":"article","og_title":"Exhibici\u00f3n de k\u00e1rate CKM &#8211; Daisho","og_description":"Descubre los expositores de k\u00e1rate CKM con soporte rodante, una opci\u00f3n para tus competiciones. C\u00f3mpralo en www.daisho.be|Daisho","og_url":"https:\/\/www.daisho.be\/es\/produit\/exhibicion-de-karate-ckm\/","og_site_name":"Daisho","article_modified_time":"2025-10-09T12:28:41+00:00","og_image":[{"width":612,"height":282,"url":"https:\/\/www.daisho.be\/wp-content\/uploads\/2024\/12\/image-8.png","type":"image\/png"}],"twitter_card":"summary_large_image","twitter_misc":{"Tiempo de lectura":"2 minutos"},"schema":{"@context":"https:\/\/schema.org","@graph":[{"@type":"WebPage","@id":"https:\/\/www.daisho.be\/es\/produit\/exhibicion-de-karate-ckm\/","url":"https:\/\/www.daisho.be\/es\/produit\/exhibicion-de-karate-ckm\/","name":"Exhibici\u00f3n de k\u00e1rate CKM &#8211; Daisho","isPartOf":{"@id":"https:\/\/www.daisho.be\/es\/#website"},"primaryImageOfPage":{"@id":"https:\/\/www.daisho.be\/es\/produit\/exhibicion-de-karate-ckm\/#primaryimage"},"image":{"@id":"https:\/\/www.daisho.be\/es\/produit\/exhibicion-de-karate-ckm\/#primaryimage"},"thumbnailUrl":"https:\/\/www.daisho.be\/wp-content\/uploads\/2024\/12\/image-8.png","datePublished":"2024-12-07T11:39:50+00:00","dateModified":"2025-10-09T12:28:41+00:00","description":"Descubre los expositores de k\u00e1rate CKM con soporte rodante, una opci\u00f3n para tus competiciones. C\u00f3mpralo en www.daisho.be|Daisho","breadcrumb":{"@id":"https:\/\/www.daisho.be\/es\/produit\/exhibicion-de-karate-ckm\/#breadcrumb"},"inLanguage":"es","potentialAction":[{"@type":"ReadAction","target":["https:\/\/www.daisho.be\/es\/produit\/exhibicion-de-karate-ckm\/"]}]},{"@type":"ImageObject","inLanguage":"es","@id":"https:\/\/www.daisho.be\/es\/produit\/exhibicion-de-karate-ckm\/#primaryimage","url":"https:\/\/www.daisho.be\/wp-content\/uploads\/2024\/12\/image-8.png","contentUrl":"https:\/\/www.daisho.be\/wp-content\/uploads\/2024\/12\/image-8.png","width":612,"height":282,"caption":"Pantalla de k\u00e1rate CKM-1"},{"@type":"BreadcrumbList","@id":"https:\/\/www.daisho.be\/es\/produit\/exhibicion-de-karate-ckm\/#breadcrumb","itemListElement":[{"@type":"ListItem","position":1,"name":"Accueil","item":"https:\/\/www.daisho.be\/es\/"},{"@type":"ListItem","position":2,"name":"Productos","item":"https:\/\/www.daisho.be\/es\/productos\/"},{"@type":"ListItem","position":3,"name":"Deportes de combate","item":"https:\/\/www.daisho.be\/es\/categorie-produit\/deportes-de-combate\/"},{"@type":"ListItem","position":4,"name":"Exposiciones (concurso)","item":"https:\/\/www.daisho.be\/es\/categorie-produit\/deportes-de-combate\/exposiciones-concurso\/"},{"@type":"ListItem","position":5,"name":"Exhibici\u00f3n de k\u00e1rate CKM"}]},{"@type":"WebSite","@id":"https:\/\/www.daisho.be\/es\/#website","url":"https:\/\/www.daisho.be\/es\/","name":"Daisho","description":"Sp&eacute;cialiste de l'&eacute;quipement sportif d'arts martiaux","publisher":{"@id":"https:\/\/www.daisho.be\/es\/#organization"},"potentialAction":[{"@type":"SearchAction","target":{"@type":"EntryPoint","urlTemplate":"https:\/\/www.daisho.be\/es\/?s={search_term_string}"},"query-input":{"@type":"PropertyValueSpecification","valueRequired":true,"valueName":"search_term_string"}}],"inLanguage":"es"},{"@type":"Organization","@id":"https:\/\/www.daisho.be\/es\/#organization","name":"Daisho","url":"https:\/\/www.daisho.be\/es\/","logo":{"@type":"ImageObject","inLanguage":"es","@id":"https:\/\/www.daisho.be\/es\/#\/schema\/logo\/image\/","url":"https:\/\/www.daisho.be\/wp-content\/uploads\/2019\/07\/color-nothing-horizontale4x-e1564486100247.png","contentUrl":"https:\/\/www.daisho.be\/wp-content\/uploads\/2019\/07\/color-nothing-horizontale4x-e1564486100247.png","width":1547,"height":385,"caption":"Daisho"},"image":{"@id":"https:\/\/www.daisho.be\/es\/#\/schema\/logo\/image\/"}}]}},"_links":{"self":[{"href":"https:\/\/www.daisho.be\/es\/wp-json\/wp\/v2\/product\/470535","targetHints":{"allow":["GET"]}}],"collection":[{"href":"https:\/\/www.daisho.be\/es\/wp-json\/wp\/v2\/product"}],"about":[{"href":"https:\/\/www.daisho.be\/es\/wp-json\/wp\/v2\/types\/product"}],"replies":[{"embeddable":true,"href":"https:\/\/www.daisho.be\/es\/wp-json\/wp\/v2\/comments?post=470535"}],"wp:featuredmedia":[{"embeddable":true,"href":"https:\/\/www.daisho.be\/es\/wp-json\/wp\/v2\/media\/470527"}],"wp:attachment":[{"href":"https:\/\/www.daisho.be\/es\/wp-json\/wp\/v2\/media?parent=470535"}],"wp:term":[{"taxonomy":"product_brand","embeddable":true,"href":"https:\/\/www.daisho.be\/es\/wp-json\/wp\/v2\/product_brand?post=470535"},{"taxonomy":"product_cat","embeddable":true,"href":"https:\/\/www.daisho.be\/es\/wp-json\/wp\/v2\/product_cat?post=470535"},{"taxonomy":"product_tag","embeddable":true,"href":"https:\/\/www.daisho.be\/es\/wp-json\/wp\/v2\/product_tag?post=470535"},{"taxonomy":"sport","embeddable":true,"href":"https:\/\/www.daisho.be\/es\/wp-json\/wp\/v2\/sport?post=470535"}],"curies":[{"name":"wp","href":"https:\/\/api.w.org\/{rel}","templated":true}]}}