{"id":466739,"date":"2024-11-28T14:09:25","date_gmt":"2024-11-28T13:09:25","guid":{"rendered":"https:\/\/www.daisho.be\/produit\/tubo-fitness-rojo-fuerte-vrac\/"},"modified":"2026-01-03T16:56:20","modified_gmt":"2026-01-03T15:56:20","slug":"tubo-fitness-rojo-fuerte-vrac","status":"publish","type":"product","link":"https:\/\/www.daisho.be\/es\/produit\/tubo-fitness-rojo-fuerte-vrac\/","title":{"rendered":"tubo fitness rojo fuerte- vrac"},"content":{"rendered":"<p>Tubo de musculaci\u00f3n para trabajar la parte superior del cuerpo, la parte inferior y los m\u00fasculos abdominales. Asa en cada extremo. Elast\u00f3mero. &#8211; Longitud: 130 cm &#8211; Longitud del asa: 12 cm &#8211; Di\u00e1metro del asa: 2,5 cm &#8211; Composici\u00f3n: Tubo de elast\u00f3mero Asas y correas de PP Espuma de PU &#8211; Peso: 140 g &#8211; Resistencia: 11 kg<\/p>\n","protected":false},"excerpt":{"rendered":"<p>Tubo de musculaci\u00f3n para trabajar la parte superior del cuerpo, la parte inferior y los m\u00fasculos abdominales. Asa en cada extremo. Elast\u00f3mero. &#8211; Longitud: 130 cm &#8211; Longitud del asa: 12 cm &#8211; Di\u00e1metro del asa: 2,5 cm &#8211; Composici\u00f3n: Tubo de elast\u00f3mero Asas y correas de PP Espuma de PU &#8211; Peso: 140 g [&hellip;]<\/p>\n","protected":false},"featured_media":466655,"comment_status":"open","ping_status":"closed","template":"","meta":{"inline_featured_image":false},"product_brand":[],"product_cat":[1409],"product_tag":[1532],"sport":[],"class_list":{"0":"post-466739","1":"product","2":"type-product","3":"status-publish","4":"has-post-thumbnail","6":"product_cat-equipos-de-formacion-es","7":"product_tag-sveltus-es","8":"pa_size-sans-taille-defaut","10":"first","11":"instock","12":"taxable","13":"shipping-taxable","14":"purchasable","15":"product-type-simple"},"yoast_head":"<!-- This site is optimized with the Yoast SEO plugin v27.2 - https:\/\/yoast.com\/product\/yoast-seo-wordpress\/ -->\n<title>tubo fitness rojo fuerte- vrac &#8211; Daisho<\/title>\n<meta name=\"robots\" content=\"index, follow, max-snippet:-1, max-image-preview:large, max-video-preview:-1\" \/>\n<link rel=\"canonical\" href=\"https:\/\/www.daisho.be\/es\/produit\/tubo-fitness-rojo-fuerte-vrac\/\" \/>\n<meta property=\"og:locale\" content=\"es_ES\" \/>\n<meta property=\"og:type\" content=\"article\" \/>\n<meta property=\"og:title\" content=\"tubo fitness rojo fuerte- vrac &#8211; Daisho\" \/>\n<meta property=\"og:description\" content=\"Tubo de musculaci\u00f3n para trabajar la parte superior del cuerpo, la parte inferior y los m\u00fasculos abdominales. Asa en cada extremo. Elast\u00f3mero. &#8211; Longitud: 130 cm &#8211; Longitud del asa: 12 cm &#8211; Di\u00e1metro del asa: 2,5 cm &#8211; Composici\u00f3n: Tubo de elast\u00f3mero Asas y correas de PP Espuma de PU &#8211; Peso: 140 g [&hellip;]\" \/>\n<meta property=\"og:url\" content=\"https:\/\/www.daisho.be\/es\/produit\/tubo-fitness-rojo-fuerte-vrac\/\" \/>\n<meta property=\"og:site_name\" content=\"Daisho\" \/>\n<meta property=\"article:modified_time\" content=\"2026-01-03T15:56:20+00:00\" \/>\n<meta property=\"og:image\" content=\"https:\/\/www.daisho.be\/wp-content\/uploads\/2024\/11\/image-64.jpg\" \/>\n\t<meta property=\"og:image:width\" content=\"1181\" \/>\n\t<meta property=\"og:image:height\" content=\"713\" \/>\n\t<meta property=\"og:image:type\" content=\"image\/jpeg\" \/>\n<meta name=\"twitter:card\" content=\"summary_large_image\" \/>\n<script type=\"application\/ld+json\" class=\"yoast-schema-graph\">{\"@context\":\"https:\/\/schema.org\",\"@graph\":[{\"@type\":\"WebPage\",\"@id\":\"https:\/\/www.daisho.be\/es\/produit\/tubo-fitness-rojo-fuerte-vrac\/\",\"url\":\"https:\/\/www.daisho.be\/es\/produit\/tubo-fitness-rojo-fuerte-vrac\/\",\"name\":\"tubo fitness rojo fuerte- vrac &#8211; Daisho\",\"isPartOf\":{\"@id\":\"https:\/\/www.daisho.be\/es\/#website\"},\"primaryImageOfPage\":{\"@id\":\"https:\/\/www.daisho.be\/es\/produit\/tubo-fitness-rojo-fuerte-vrac\/#primaryimage\"},\"image\":{\"@id\":\"https:\/\/www.daisho.be\/es\/produit\/tubo-fitness-rojo-fuerte-vrac\/#primaryimage\"},\"thumbnailUrl\":\"https:\/\/www.daisho.be\/wp-content\/uploads\/2024\/11\/image-64.jpg\",\"datePublished\":\"2024-11-28T13:09:25+00:00\",\"dateModified\":\"2026-01-03T15:56:20+00:00\",\"breadcrumb\":{\"@id\":\"https:\/\/www.daisho.be\/es\/produit\/tubo-fitness-rojo-fuerte-vrac\/#breadcrumb\"},\"inLanguage\":\"es\",\"potentialAction\":[{\"@type\":\"ReadAction\",\"target\":[\"https:\/\/www.daisho.be\/es\/produit\/tubo-fitness-rojo-fuerte-vrac\/\"]}]},{\"@type\":\"ImageObject\",\"inLanguage\":\"es\",\"@id\":\"https:\/\/www.daisho.be\/es\/produit\/tubo-fitness-rojo-fuerte-vrac\/#primaryimage\",\"url\":\"https:\/\/www.daisho.be\/wp-content\/uploads\/2024\/11\/image-64.jpg\",\"contentUrl\":\"https:\/\/www.daisho.be\/wp-content\/uploads\/2024\/11\/image-64.jpg\",\"width\":1181,\"height\":713,\"caption\":\"tubo fitness rojo fuerte- vrac -1\"},{\"@type\":\"BreadcrumbList\",\"@id\":\"https:\/\/www.daisho.be\/es\/produit\/tubo-fitness-rojo-fuerte-vrac\/#breadcrumb\",\"itemListElement\":[{\"@type\":\"ListItem\",\"position\":1,\"name\":\"Accueil\",\"item\":\"https:\/\/www.daisho.be\/es\/\"},{\"@type\":\"ListItem\",\"position\":2,\"name\":\"Productos\",\"item\":\"https:\/\/www.daisho.be\/es\/productos\/\"},{\"@type\":\"ListItem\",\"position\":3,\"name\":\"Deportes de combate\",\"item\":\"https:\/\/www.daisho.be\/es\/categorie-produit\/deportes-de-combate\/\"},{\"@type\":\"ListItem\",\"position\":4,\"name\":\"Equipos de formaci\u00f3n\",\"item\":\"https:\/\/www.daisho.be\/es\/categorie-produit\/deportes-de-combate\/equipos-de-formacion-es\/\"},{\"@type\":\"ListItem\",\"position\":5,\"name\":\"tubo fitness rojo fuerte- vrac\"}]},{\"@type\":\"WebSite\",\"@id\":\"https:\/\/www.daisho.be\/es\/#website\",\"url\":\"https:\/\/www.daisho.be\/es\/\",\"name\":\"Daisho\",\"description\":\"Sp&eacute;cialiste de l'&eacute;quipement sportif d'arts martiaux\",\"publisher\":{\"@id\":\"https:\/\/www.daisho.be\/es\/#organization\"},\"potentialAction\":[{\"@type\":\"SearchAction\",\"target\":{\"@type\":\"EntryPoint\",\"urlTemplate\":\"https:\/\/www.daisho.be\/es\/?s={search_term_string}\"},\"query-input\":{\"@type\":\"PropertyValueSpecification\",\"valueRequired\":true,\"valueName\":\"search_term_string\"}}],\"inLanguage\":\"es\"},{\"@type\":\"Organization\",\"@id\":\"https:\/\/www.daisho.be\/es\/#organization\",\"name\":\"Daisho\",\"url\":\"https:\/\/www.daisho.be\/es\/\",\"logo\":{\"@type\":\"ImageObject\",\"inLanguage\":\"es\",\"@id\":\"https:\/\/www.daisho.be\/es\/#\/schema\/logo\/image\/\",\"url\":\"https:\/\/www.daisho.be\/wp-content\/uploads\/2019\/07\/color-nothing-horizontale4x-e1564486100247.png\",\"contentUrl\":\"https:\/\/www.daisho.be\/wp-content\/uploads\/2019\/07\/color-nothing-horizontale4x-e1564486100247.png\",\"width\":1547,\"height\":385,\"caption\":\"Daisho\"},\"image\":{\"@id\":\"https:\/\/www.daisho.be\/es\/#\/schema\/logo\/image\/\"}}]}<\/script>\n<!-- \/ Yoast SEO plugin. -->","yoast_head_json":{"title":"tubo fitness rojo fuerte- vrac &#8211; Daisho","robots":{"index":"index","follow":"follow","max-snippet":"max-snippet:-1","max-image-preview":"max-image-preview:large","max-video-preview":"max-video-preview:-1"},"canonical":"https:\/\/www.daisho.be\/es\/produit\/tubo-fitness-rojo-fuerte-vrac\/","og_locale":"es_ES","og_type":"article","og_title":"tubo fitness rojo fuerte- vrac &#8211; Daisho","og_description":"Tubo de musculaci\u00f3n para trabajar la parte superior del cuerpo, la parte inferior y los m\u00fasculos abdominales. Asa en cada extremo. Elast\u00f3mero. &#8211; Longitud: 130 cm &#8211; Longitud del asa: 12 cm &#8211; Di\u00e1metro del asa: 2,5 cm &#8211; Composici\u00f3n: Tubo de elast\u00f3mero Asas y correas de PP Espuma de PU &#8211; Peso: 140 g [&hellip;]","og_url":"https:\/\/www.daisho.be\/es\/produit\/tubo-fitness-rojo-fuerte-vrac\/","og_site_name":"Daisho","article_modified_time":"2026-01-03T15:56:20+00:00","og_image":[{"width":1181,"height":713,"url":"https:\/\/www.daisho.be\/wp-content\/uploads\/2024\/11\/image-64.jpg","type":"image\/jpeg"}],"twitter_card":"summary_large_image","schema":{"@context":"https:\/\/schema.org","@graph":[{"@type":"WebPage","@id":"https:\/\/www.daisho.be\/es\/produit\/tubo-fitness-rojo-fuerte-vrac\/","url":"https:\/\/www.daisho.be\/es\/produit\/tubo-fitness-rojo-fuerte-vrac\/","name":"tubo fitness rojo fuerte- vrac &#8211; Daisho","isPartOf":{"@id":"https:\/\/www.daisho.be\/es\/#website"},"primaryImageOfPage":{"@id":"https:\/\/www.daisho.be\/es\/produit\/tubo-fitness-rojo-fuerte-vrac\/#primaryimage"},"image":{"@id":"https:\/\/www.daisho.be\/es\/produit\/tubo-fitness-rojo-fuerte-vrac\/#primaryimage"},"thumbnailUrl":"https:\/\/www.daisho.be\/wp-content\/uploads\/2024\/11\/image-64.jpg","datePublished":"2024-11-28T13:09:25+00:00","dateModified":"2026-01-03T15:56:20+00:00","breadcrumb":{"@id":"https:\/\/www.daisho.be\/es\/produit\/tubo-fitness-rojo-fuerte-vrac\/#breadcrumb"},"inLanguage":"es","potentialAction":[{"@type":"ReadAction","target":["https:\/\/www.daisho.be\/es\/produit\/tubo-fitness-rojo-fuerte-vrac\/"]}]},{"@type":"ImageObject","inLanguage":"es","@id":"https:\/\/www.daisho.be\/es\/produit\/tubo-fitness-rojo-fuerte-vrac\/#primaryimage","url":"https:\/\/www.daisho.be\/wp-content\/uploads\/2024\/11\/image-64.jpg","contentUrl":"https:\/\/www.daisho.be\/wp-content\/uploads\/2024\/11\/image-64.jpg","width":1181,"height":713,"caption":"tubo fitness rojo fuerte- vrac -1"},{"@type":"BreadcrumbList","@id":"https:\/\/www.daisho.be\/es\/produit\/tubo-fitness-rojo-fuerte-vrac\/#breadcrumb","itemListElement":[{"@type":"ListItem","position":1,"name":"Accueil","item":"https:\/\/www.daisho.be\/es\/"},{"@type":"ListItem","position":2,"name":"Productos","item":"https:\/\/www.daisho.be\/es\/productos\/"},{"@type":"ListItem","position":3,"name":"Deportes de combate","item":"https:\/\/www.daisho.be\/es\/categorie-produit\/deportes-de-combate\/"},{"@type":"ListItem","position":4,"name":"Equipos de formaci\u00f3n","item":"https:\/\/www.daisho.be\/es\/categorie-produit\/deportes-de-combate\/equipos-de-formacion-es\/"},{"@type":"ListItem","position":5,"name":"tubo fitness rojo fuerte- vrac"}]},{"@type":"WebSite","@id":"https:\/\/www.daisho.be\/es\/#website","url":"https:\/\/www.daisho.be\/es\/","name":"Daisho","description":"Sp&eacute;cialiste de l'&eacute;quipement sportif d'arts martiaux","publisher":{"@id":"https:\/\/www.daisho.be\/es\/#organization"},"potentialAction":[{"@type":"SearchAction","target":{"@type":"EntryPoint","urlTemplate":"https:\/\/www.daisho.be\/es\/?s={search_term_string}"},"query-input":{"@type":"PropertyValueSpecification","valueRequired":true,"valueName":"search_term_string"}}],"inLanguage":"es"},{"@type":"Organization","@id":"https:\/\/www.daisho.be\/es\/#organization","name":"Daisho","url":"https:\/\/www.daisho.be\/es\/","logo":{"@type":"ImageObject","inLanguage":"es","@id":"https:\/\/www.daisho.be\/es\/#\/schema\/logo\/image\/","url":"https:\/\/www.daisho.be\/wp-content\/uploads\/2019\/07\/color-nothing-horizontale4x-e1564486100247.png","contentUrl":"https:\/\/www.daisho.be\/wp-content\/uploads\/2019\/07\/color-nothing-horizontale4x-e1564486100247.png","width":1547,"height":385,"caption":"Daisho"},"image":{"@id":"https:\/\/www.daisho.be\/es\/#\/schema\/logo\/image\/"}}]}},"_links":{"self":[{"href":"https:\/\/www.daisho.be\/es\/wp-json\/wp\/v2\/product\/466739","targetHints":{"allow":["GET"]}}],"collection":[{"href":"https:\/\/www.daisho.be\/es\/wp-json\/wp\/v2\/product"}],"about":[{"href":"https:\/\/www.daisho.be\/es\/wp-json\/wp\/v2\/types\/product"}],"replies":[{"embeddable":true,"href":"https:\/\/www.daisho.be\/es\/wp-json\/wp\/v2\/comments?post=466739"}],"wp:featuredmedia":[{"embeddable":true,"href":"https:\/\/www.daisho.be\/es\/wp-json\/wp\/v2\/media\/466655"}],"wp:attachment":[{"href":"https:\/\/www.daisho.be\/es\/wp-json\/wp\/v2\/media?parent=466739"}],"wp:term":[{"taxonomy":"product_brand","embeddable":true,"href":"https:\/\/www.daisho.be\/es\/wp-json\/wp\/v2\/product_brand?post=466739"},{"taxonomy":"product_cat","embeddable":true,"href":"https:\/\/www.daisho.be\/es\/wp-json\/wp\/v2\/product_cat?post=466739"},{"taxonomy":"product_tag","embeddable":true,"href":"https:\/\/www.daisho.be\/es\/wp-json\/wp\/v2\/product_tag?post=466739"},{"taxonomy":"sport","embeddable":true,"href":"https:\/\/www.daisho.be\/es\/wp-json\/wp\/v2\/sport?post=466739"}],"curies":[{"name":"wp","href":"https:\/\/api.w.org\/{rel}","templated":true}]}}