{"id":466013,"date":"2024-11-28T11:31:08","date_gmt":"2024-11-28T10:31:08","guid":{"rendered":"https:\/\/www.daisho.be\/produit\/dobok-adifighter-iii\/"},"modified":"2025-02-25T16:01:14","modified_gmt":"2025-02-25T15:01:14","slug":"dobok-adifighter-iii","status":"publish","type":"product","link":"https:\/\/www.daisho.be\/es\/produit\/dobok-adifighter-iii\/","title":{"rendered":"Dobok ADIFIGHTER III"},"content":{"rendered":"<p>El nuevo uniforme \u00abadifighter\u00bb se ha dise\u00f1ado de acuerdo con el plan de sostenibilidad de adidas.<br \/>\nFibra de poli\u00e9ster reciclado Primegreen.<br \/>\nEste dobok ofrece un concepto \u00fanico, al tiempo que conserva el corte y el tacto del uniforme de luchador tan popular entre los atletas de \u00e9lite.<br \/>\nEste dobok ofrece un concepto \u00fanico, al tiempo que conserva el corte y el tacto del uniforme de luchador aclamado por los mejores atletas.<br \/>\nSe trata de un posicionamiento sostenible \u00fanico que demandan los consumidores de todo el mundo.<br \/>\nDobok aprobado por WTF con cuello en V.<br \/>\nTejido de poli\u00e9ster ligero para una libertad de movimientos \u00f3ptima<br \/>\nTejido de secado r\u00e1pido para regular la temperatura<br \/>\nCintura el\u00e1stica y cord\u00f3n adicional para ajustarla<br \/>\nDisponible con cuello de pico en negro, blanco o rojo\/negro<br \/>\nCARACTER\u00cdSTICAS PRINCIPALES :<br \/>\n&#8211; MATERIALES RECICLADOS<br \/>\n&#8211; 100% poli\u00e9ster reciclado PRIMEGREEN<br \/>\n&#8211; Material adilight extremadamente ligero<br \/>\n&#8211; Para competici\u00f3n y aprobado por la WTF<\/p>\n<p><span style=\"align-items: flex-start\"><br \/>\n<img decoding=\"async\" class=\"alignleft\" src=\"https:\/\/www.daisho.be\/wp-content\/uploads\/2024\/11\/primegreen.jpg\" alt=\"\" width=\"\" height=\"\"><br \/>\n<img decoding=\"async\" class=\"alignleft\" src=\"https:\/\/www.daisho.be\/wp-content\/uploads\/2024\/11\/wt-logo.png\" alt=\"\" width=\"\" height=\"\"><br \/>\n<\/span><\/p>\n","protected":false},"excerpt":{"rendered":"<p>El nuevo uniforme \u00abadifighter\u00bb se ha dise\u00f1ado de acuerdo con el plan de sostenibilidad de adidas. Fibra de poli\u00e9ster reciclado Primegreen. Este dobok ofrece un concepto \u00fanico, al tiempo que conserva el corte y el tacto del uniforme de luchador tan popular entre los atletas de \u00e9lite. Este dobok ofrece un concepto \u00fanico, al tiempo [&hellip;]<\/p>\n","protected":false},"featured_media":465970,"comment_status":"open","ping_status":"closed","template":"","meta":{"inline_featured_image":false},"product_brand":[],"product_cat":[1642],"product_tag":[1560],"sport":[],"class_list":{"0":"post-466013","1":"product","2":"type-product","3":"status-publish","4":"has-post-thumbnail","6":"product_cat-kimono-dobok-adidas-es","7":"product_tag-adidas-es","8":"pa_size-380","9":"pa_size-379","10":"pa_size-378","11":"pa_size-377","12":"pa_size-376","13":"pa_size-383","14":"pa_size-382","16":"first","17":"instock","18":"taxable","19":"shipping-taxable","20":"purchasable","21":"product-type-variable"},"yoast_head":"<!-- This site is optimized with the Yoast SEO plugin v27.2 - https:\/\/yoast.com\/product\/yoast-seo-wordpress\/ -->\n<title>Dobok ADIFIGHTER III &#8211; Daisho<\/title>\n<meta name=\"description\" content=\"El dobok ADIFIGHTER III es una adaptaci\u00f3n sostenible y ecol\u00f3gica. Es \u00fanico y est\u00e1 disponible en nuestro sitio web www.daisho.be\/Daisho\" \/>\n<meta name=\"robots\" content=\"index, follow, max-snippet:-1, max-image-preview:large, max-video-preview:-1\" \/>\n<link rel=\"canonical\" href=\"https:\/\/www.daisho.be\/es\/produit\/dobok-adifighter-iii\/\" \/>\n<meta property=\"og:locale\" content=\"es_ES\" \/>\n<meta property=\"og:type\" content=\"article\" \/>\n<meta property=\"og:title\" content=\"Dobok ADIFIGHTER III &#8211; Daisho\" \/>\n<meta property=\"og:description\" content=\"El dobok ADIFIGHTER III es una adaptaci\u00f3n sostenible y ecol\u00f3gica. Es \u00fanico y est\u00e1 disponible en nuestro sitio web www.daisho.be\/Daisho\" \/>\n<meta property=\"og:url\" content=\"https:\/\/www.daisho.be\/es\/produit\/dobok-adifighter-iii\/\" \/>\n<meta property=\"og:site_name\" content=\"Daisho\" \/>\n<meta property=\"article:modified_time\" content=\"2025-02-25T15:01:14+00:00\" \/>\n<meta property=\"og:image\" content=\"https:\/\/www.daisho.be\/wp-content\/uploads\/2024\/11\/image-36.png\" \/>\n\t<meta property=\"og:image:width\" content=\"427\" \/>\n\t<meta property=\"og:image:height\" content=\"702\" \/>\n\t<meta property=\"og:image:type\" content=\"image\/png\" \/>\n<meta name=\"twitter:card\" content=\"summary_large_image\" \/>\n<meta name=\"twitter:label1\" content=\"Tiempo de lectura\" \/>\n\t<meta name=\"twitter:data1\" content=\"1 minuto\" \/>\n<script type=\"application\/ld+json\" class=\"yoast-schema-graph\">{\"@context\":\"https:\/\/schema.org\",\"@graph\":[{\"@type\":\"WebPage\",\"@id\":\"https:\/\/www.daisho.be\/es\/produit\/dobok-adifighter-iii\/\",\"url\":\"https:\/\/www.daisho.be\/es\/produit\/dobok-adifighter-iii\/\",\"name\":\"Dobok ADIFIGHTER III &#8211; Daisho\",\"isPartOf\":{\"@id\":\"https:\/\/www.daisho.be\/es\/#website\"},\"primaryImageOfPage\":{\"@id\":\"https:\/\/www.daisho.be\/es\/produit\/dobok-adifighter-iii\/#primaryimage\"},\"image\":{\"@id\":\"https:\/\/www.daisho.be\/es\/produit\/dobok-adifighter-iii\/#primaryimage\"},\"thumbnailUrl\":\"https:\/\/www.daisho.be\/wp-content\/uploads\/2024\/11\/image-36.png\",\"datePublished\":\"2024-11-28T10:31:08+00:00\",\"dateModified\":\"2025-02-25T15:01:14+00:00\",\"description\":\"El dobok ADIFIGHTER III es una adaptaci\u00f3n sostenible y ecol\u00f3gica. Es \u00fanico y est\u00e1 disponible en nuestro sitio web www.daisho.be\/Daisho\",\"breadcrumb\":{\"@id\":\"https:\/\/www.daisho.be\/es\/produit\/dobok-adifighter-iii\/#breadcrumb\"},\"inLanguage\":\"es\",\"potentialAction\":[{\"@type\":\"ReadAction\",\"target\":[\"https:\/\/www.daisho.be\/es\/produit\/dobok-adifighter-iii\/\"]}]},{\"@type\":\"ImageObject\",\"inLanguage\":\"es\",\"@id\":\"https:\/\/www.daisho.be\/es\/produit\/dobok-adifighter-iii\/#primaryimage\",\"url\":\"https:\/\/www.daisho.be\/wp-content\/uploads\/2024\/11\/image-36.png\",\"contentUrl\":\"https:\/\/www.daisho.be\/wp-content\/uploads\/2024\/11\/image-36.png\",\"width\":427,\"height\":702,\"caption\":\"Dobok ADIFIGHTER III-2\"},{\"@type\":\"BreadcrumbList\",\"@id\":\"https:\/\/www.daisho.be\/es\/produit\/dobok-adifighter-iii\/#breadcrumb\",\"itemListElement\":[{\"@type\":\"ListItem\",\"position\":1,\"name\":\"Accueil\",\"item\":\"https:\/\/www.daisho.be\/es\/\"},{\"@type\":\"ListItem\",\"position\":2,\"name\":\"Productos\",\"item\":\"https:\/\/www.daisho.be\/es\/productos\/\"},{\"@type\":\"ListItem\",\"position\":3,\"name\":\"ADIDAS COMBAT SPORTS\",\"item\":\"https:\/\/www.daisho.be\/es\/categorie-produit\/adidas-combat-sports-es\/\"},{\"@type\":\"ListItem\",\"position\":4,\"name\":\"Taekwondo\",\"item\":\"https:\/\/www.daisho.be\/es\/categorie-produit\/adidas-combat-sports-es\/taekwondo-es-2\/\"},{\"@type\":\"ListItem\",\"position\":5,\"name\":\"Kimono - Dobok Adidas\",\"item\":\"https:\/\/www.daisho.be\/es\/categorie-produit\/adidas-combat-sports-es\/taekwondo-es-2\/kimono-dobok-adidas-es\/\"},{\"@type\":\"ListItem\",\"position\":6,\"name\":\"Dobok ADIFIGHTER III\"}]},{\"@type\":\"WebSite\",\"@id\":\"https:\/\/www.daisho.be\/es\/#website\",\"url\":\"https:\/\/www.daisho.be\/es\/\",\"name\":\"Daisho\",\"description\":\"Sp&eacute;cialiste de l'&eacute;quipement sportif d'arts martiaux\",\"publisher\":{\"@id\":\"https:\/\/www.daisho.be\/es\/#organization\"},\"potentialAction\":[{\"@type\":\"SearchAction\",\"target\":{\"@type\":\"EntryPoint\",\"urlTemplate\":\"https:\/\/www.daisho.be\/es\/?s={search_term_string}\"},\"query-input\":{\"@type\":\"PropertyValueSpecification\",\"valueRequired\":true,\"valueName\":\"search_term_string\"}}],\"inLanguage\":\"es\"},{\"@type\":\"Organization\",\"@id\":\"https:\/\/www.daisho.be\/es\/#organization\",\"name\":\"Daisho\",\"url\":\"https:\/\/www.daisho.be\/es\/\",\"logo\":{\"@type\":\"ImageObject\",\"inLanguage\":\"es\",\"@id\":\"https:\/\/www.daisho.be\/es\/#\/schema\/logo\/image\/\",\"url\":\"https:\/\/www.daisho.be\/wp-content\/uploads\/2019\/07\/color-nothing-horizontale4x-e1564486100247.png\",\"contentUrl\":\"https:\/\/www.daisho.be\/wp-content\/uploads\/2019\/07\/color-nothing-horizontale4x-e1564486100247.png\",\"width\":1547,\"height\":385,\"caption\":\"Daisho\"},\"image\":{\"@id\":\"https:\/\/www.daisho.be\/es\/#\/schema\/logo\/image\/\"}}]}<\/script>\n<!-- \/ Yoast SEO plugin. -->","yoast_head_json":{"title":"Dobok ADIFIGHTER III &#8211; Daisho","description":"El dobok ADIFIGHTER III es una adaptaci\u00f3n sostenible y ecol\u00f3gica. Es \u00fanico y est\u00e1 disponible en nuestro sitio web www.daisho.be\/Daisho","robots":{"index":"index","follow":"follow","max-snippet":"max-snippet:-1","max-image-preview":"max-image-preview:large","max-video-preview":"max-video-preview:-1"},"canonical":"https:\/\/www.daisho.be\/es\/produit\/dobok-adifighter-iii\/","og_locale":"es_ES","og_type":"article","og_title":"Dobok ADIFIGHTER III &#8211; Daisho","og_description":"El dobok ADIFIGHTER III es una adaptaci\u00f3n sostenible y ecol\u00f3gica. Es \u00fanico y est\u00e1 disponible en nuestro sitio web www.daisho.be\/Daisho","og_url":"https:\/\/www.daisho.be\/es\/produit\/dobok-adifighter-iii\/","og_site_name":"Daisho","article_modified_time":"2025-02-25T15:01:14+00:00","og_image":[{"width":427,"height":702,"url":"https:\/\/www.daisho.be\/wp-content\/uploads\/2024\/11\/image-36.png","type":"image\/png"}],"twitter_card":"summary_large_image","twitter_misc":{"Tiempo de lectura":"1 minuto"},"schema":{"@context":"https:\/\/schema.org","@graph":[{"@type":"WebPage","@id":"https:\/\/www.daisho.be\/es\/produit\/dobok-adifighter-iii\/","url":"https:\/\/www.daisho.be\/es\/produit\/dobok-adifighter-iii\/","name":"Dobok ADIFIGHTER III &#8211; Daisho","isPartOf":{"@id":"https:\/\/www.daisho.be\/es\/#website"},"primaryImageOfPage":{"@id":"https:\/\/www.daisho.be\/es\/produit\/dobok-adifighter-iii\/#primaryimage"},"image":{"@id":"https:\/\/www.daisho.be\/es\/produit\/dobok-adifighter-iii\/#primaryimage"},"thumbnailUrl":"https:\/\/www.daisho.be\/wp-content\/uploads\/2024\/11\/image-36.png","datePublished":"2024-11-28T10:31:08+00:00","dateModified":"2025-02-25T15:01:14+00:00","description":"El dobok ADIFIGHTER III es una adaptaci\u00f3n sostenible y ecol\u00f3gica. Es \u00fanico y est\u00e1 disponible en nuestro sitio web www.daisho.be\/Daisho","breadcrumb":{"@id":"https:\/\/www.daisho.be\/es\/produit\/dobok-adifighter-iii\/#breadcrumb"},"inLanguage":"es","potentialAction":[{"@type":"ReadAction","target":["https:\/\/www.daisho.be\/es\/produit\/dobok-adifighter-iii\/"]}]},{"@type":"ImageObject","inLanguage":"es","@id":"https:\/\/www.daisho.be\/es\/produit\/dobok-adifighter-iii\/#primaryimage","url":"https:\/\/www.daisho.be\/wp-content\/uploads\/2024\/11\/image-36.png","contentUrl":"https:\/\/www.daisho.be\/wp-content\/uploads\/2024\/11\/image-36.png","width":427,"height":702,"caption":"Dobok ADIFIGHTER III-2"},{"@type":"BreadcrumbList","@id":"https:\/\/www.daisho.be\/es\/produit\/dobok-adifighter-iii\/#breadcrumb","itemListElement":[{"@type":"ListItem","position":1,"name":"Accueil","item":"https:\/\/www.daisho.be\/es\/"},{"@type":"ListItem","position":2,"name":"Productos","item":"https:\/\/www.daisho.be\/es\/productos\/"},{"@type":"ListItem","position":3,"name":"ADIDAS COMBAT SPORTS","item":"https:\/\/www.daisho.be\/es\/categorie-produit\/adidas-combat-sports-es\/"},{"@type":"ListItem","position":4,"name":"Taekwondo","item":"https:\/\/www.daisho.be\/es\/categorie-produit\/adidas-combat-sports-es\/taekwondo-es-2\/"},{"@type":"ListItem","position":5,"name":"Kimono - Dobok Adidas","item":"https:\/\/www.daisho.be\/es\/categorie-produit\/adidas-combat-sports-es\/taekwondo-es-2\/kimono-dobok-adidas-es\/"},{"@type":"ListItem","position":6,"name":"Dobok ADIFIGHTER III"}]},{"@type":"WebSite","@id":"https:\/\/www.daisho.be\/es\/#website","url":"https:\/\/www.daisho.be\/es\/","name":"Daisho","description":"Sp&eacute;cialiste de l'&eacute;quipement sportif d'arts martiaux","publisher":{"@id":"https:\/\/www.daisho.be\/es\/#organization"},"potentialAction":[{"@type":"SearchAction","target":{"@type":"EntryPoint","urlTemplate":"https:\/\/www.daisho.be\/es\/?s={search_term_string}"},"query-input":{"@type":"PropertyValueSpecification","valueRequired":true,"valueName":"search_term_string"}}],"inLanguage":"es"},{"@type":"Organization","@id":"https:\/\/www.daisho.be\/es\/#organization","name":"Daisho","url":"https:\/\/www.daisho.be\/es\/","logo":{"@type":"ImageObject","inLanguage":"es","@id":"https:\/\/www.daisho.be\/es\/#\/schema\/logo\/image\/","url":"https:\/\/www.daisho.be\/wp-content\/uploads\/2019\/07\/color-nothing-horizontale4x-e1564486100247.png","contentUrl":"https:\/\/www.daisho.be\/wp-content\/uploads\/2019\/07\/color-nothing-horizontale4x-e1564486100247.png","width":1547,"height":385,"caption":"Daisho"},"image":{"@id":"https:\/\/www.daisho.be\/es\/#\/schema\/logo\/image\/"}}]}},"_links":{"self":[{"href":"https:\/\/www.daisho.be\/es\/wp-json\/wp\/v2\/product\/466013","targetHints":{"allow":["GET"]}}],"collection":[{"href":"https:\/\/www.daisho.be\/es\/wp-json\/wp\/v2\/product"}],"about":[{"href":"https:\/\/www.daisho.be\/es\/wp-json\/wp\/v2\/types\/product"}],"replies":[{"embeddable":true,"href":"https:\/\/www.daisho.be\/es\/wp-json\/wp\/v2\/comments?post=466013"}],"wp:featuredmedia":[{"embeddable":true,"href":"https:\/\/www.daisho.be\/es\/wp-json\/wp\/v2\/media\/465970"}],"wp:attachment":[{"href":"https:\/\/www.daisho.be\/es\/wp-json\/wp\/v2\/media?parent=466013"}],"wp:term":[{"taxonomy":"product_brand","embeddable":true,"href":"https:\/\/www.daisho.be\/es\/wp-json\/wp\/v2\/product_brand?post=466013"},{"taxonomy":"product_cat","embeddable":true,"href":"https:\/\/www.daisho.be\/es\/wp-json\/wp\/v2\/product_cat?post=466013"},{"taxonomy":"product_tag","embeddable":true,"href":"https:\/\/www.daisho.be\/es\/wp-json\/wp\/v2\/product_tag?post=466013"},{"taxonomy":"sport","embeddable":true,"href":"https:\/\/www.daisho.be\/es\/wp-json\/wp\/v2\/sport?post=466013"}],"curies":[{"name":"wp","href":"https:\/\/api.w.org\/{rel}","templated":true}]}}