{"id":465916,"date":"2024-11-28T11:30:31","date_gmt":"2024-11-28T10:30:31","guid":{"rendered":"https:\/\/www.daisho.be\/produit\/dobok-adi-fighter-eco\/"},"modified":"2025-02-25T15:49:27","modified_gmt":"2025-02-25T14:49:27","slug":"dobok-adi-fighter-eco","status":"publish","type":"product","link":"https:\/\/www.daisho.be\/es\/produit\/dobok-adi-fighter-eco\/","title":{"rendered":"DOBOK ADI-FIGHTER ECO"},"content":{"rendered":"<p>El nuevo uniforme \u00abadifighter\u00bb se ha dise\u00f1ado de acuerdo con el plan de sostenibilidad de adidas.<br \/>\nFibra de poli\u00e9ster reciclado Primegreen.<br \/>\nEste dobok ofrece un concepto \u00fanico, al tiempo que conserva el corte y el tacto del uniforme de luchador tan popular entre los atletas de \u00e9lite.<br \/>\nEste dobok ofrece un concepto \u00fanico, al tiempo que conserva el corte y el tacto del uniforme de luchador aclamado por los mejores atletas.<br \/>\nSe trata de un posicionamiento sostenible \u00fanico que demandan los consumidores de todo el mundo.<br \/>\nDobok aprobado por WTF con cuello en V.<br \/>\nTejido de poli\u00e9ster ligero para una libertad de movimientos \u00f3ptima<br \/>\nTejido de secado r\u00e1pido para regular la temperatura<br \/>\nCintura el\u00e1stica y cord\u00f3n adicional para ajustarla<br \/>\nDisponible con cuello de pico en negro, blanco o rojo\/negro<br \/>\nCARACTER\u00cdSTICAS PRINCIPALES: MATERIALES RECICLADOS<\/p>\n<p><span style=\"align-items: flex-start\"><br \/>\n<img decoding=\"async\" class=\"alignleft\" src=\"https:\/\/www.daisho.be\/wp-content\/uploads\/2024\/11\/eco.png\" alt=\"\" width=\"\" height=\"\"><br \/>\n<img decoding=\"async\" class=\"alignleft\" src=\"https:\/\/www.daisho.be\/wp-content\/uploads\/2024\/11\/wt-logo.png\" alt=\"\" width=\"\" height=\"\"><br \/>\n<\/span><\/p>\n","protected":false},"excerpt":{"rendered":"<p>El nuevo uniforme \u00abadifighter\u00bb se ha dise\u00f1ado de acuerdo con el plan de sostenibilidad de adidas. Fibra de poli\u00e9ster reciclado Primegreen. Este dobok ofrece un concepto \u00fanico, al tiempo que conserva el corte y el tacto del uniforme de luchador tan popular entre los atletas de \u00e9lite. Este dobok ofrece un concepto \u00fanico, al tiempo [&hellip;]<\/p>\n","protected":false},"featured_media":466490,"comment_status":"open","ping_status":"closed","template":"","meta":{"inline_featured_image":false},"product_brand":[],"product_cat":[1642],"product_tag":[1560],"sport":[],"class_list":{"0":"post-465916","1":"product","2":"type-product","3":"status-publish","4":"has-post-thumbnail","6":"product_cat-kimono-dobok-adidas-es","7":"product_tag-adidas-es","8":"pa_size-380","9":"pa_size-379","10":"pa_size-378","11":"pa_size-377","12":"pa_size-376","13":"pa_size-383","14":"pa_size-382","16":"first","17":"instock","18":"taxable","19":"shipping-taxable","20":"purchasable","21":"product-type-variable"},"yoast_head":"<!-- This site is optimized with the Yoast SEO plugin v27.2 - https:\/\/yoast.com\/product\/yoast-seo-wordpress\/ -->\n<title>DOBOK ADI-FIGHTER ECO &#8211; Daisho<\/title>\n<meta name=\"description\" content=\"El adi fighter dobok est\u00e1 dise\u00f1ado seg\u00fan principios ecol\u00f3gicos. Tiene las mismas caracter\u00edsticas que el ADIFIGHTER. Encu\u00e9ntralo en nuestra p\u00e1gina web www.daisho.be\" \/>\n<meta name=\"robots\" content=\"index, follow, max-snippet:-1, max-image-preview:large, max-video-preview:-1\" \/>\n<link rel=\"canonical\" href=\"https:\/\/www.daisho.be\/es\/produit\/dobok-adi-fighter-eco\/\" \/>\n<meta property=\"og:locale\" content=\"es_ES\" \/>\n<meta property=\"og:type\" content=\"article\" \/>\n<meta property=\"og:title\" content=\"DOBOK ADI-FIGHTER ECO &#8211; Daisho\" \/>\n<meta property=\"og:description\" content=\"El adi fighter dobok est\u00e1 dise\u00f1ado seg\u00fan principios ecol\u00f3gicos. Tiene las mismas caracter\u00edsticas que el ADIFIGHTER. Encu\u00e9ntralo en nuestra p\u00e1gina web www.daisho.be\" \/>\n<meta property=\"og:url\" content=\"https:\/\/www.daisho.be\/es\/produit\/dobok-adi-fighter-eco\/\" \/>\n<meta property=\"og:site_name\" content=\"Daisho\" \/>\n<meta property=\"article:modified_time\" content=\"2025-02-25T14:49:27+00:00\" \/>\n<meta property=\"og:image\" content=\"https:\/\/www.daisho.be\/wp-content\/uploads\/2024\/11\/image-46.png\" \/>\n\t<meta property=\"og:image:width\" content=\"656\" \/>\n\t<meta property=\"og:image:height\" content=\"686\" \/>\n\t<meta property=\"og:image:type\" content=\"image\/png\" \/>\n<meta name=\"twitter:card\" content=\"summary_large_image\" \/>\n<meta name=\"twitter:label1\" content=\"Tiempo de lectura\" \/>\n\t<meta name=\"twitter:data1\" content=\"1 minuto\" \/>\n<script type=\"application\/ld+json\" class=\"yoast-schema-graph\">{\"@context\":\"https:\/\/schema.org\",\"@graph\":[{\"@type\":\"WebPage\",\"@id\":\"https:\/\/www.daisho.be\/es\/produit\/dobok-adi-fighter-eco\/\",\"url\":\"https:\/\/www.daisho.be\/es\/produit\/dobok-adi-fighter-eco\/\",\"name\":\"DOBOK ADI-FIGHTER ECO &#8211; Daisho\",\"isPartOf\":{\"@id\":\"https:\/\/www.daisho.be\/es\/#website\"},\"primaryImageOfPage\":{\"@id\":\"https:\/\/www.daisho.be\/es\/produit\/dobok-adi-fighter-eco\/#primaryimage\"},\"image\":{\"@id\":\"https:\/\/www.daisho.be\/es\/produit\/dobok-adi-fighter-eco\/#primaryimage\"},\"thumbnailUrl\":\"https:\/\/www.daisho.be\/wp-content\/uploads\/2024\/11\/image-46.png\",\"datePublished\":\"2024-11-28T10:30:31+00:00\",\"dateModified\":\"2025-02-25T14:49:27+00:00\",\"description\":\"El adi fighter dobok est\u00e1 dise\u00f1ado seg\u00fan principios ecol\u00f3gicos. Tiene las mismas caracter\u00edsticas que el ADIFIGHTER. Encu\u00e9ntralo en nuestra p\u00e1gina web www.daisho.be\",\"breadcrumb\":{\"@id\":\"https:\/\/www.daisho.be\/es\/produit\/dobok-adi-fighter-eco\/#breadcrumb\"},\"inLanguage\":\"es\",\"potentialAction\":[{\"@type\":\"ReadAction\",\"target\":[\"https:\/\/www.daisho.be\/es\/produit\/dobok-adi-fighter-eco\/\"]}]},{\"@type\":\"ImageObject\",\"inLanguage\":\"es\",\"@id\":\"https:\/\/www.daisho.be\/es\/produit\/dobok-adi-fighter-eco\/#primaryimage\",\"url\":\"https:\/\/www.daisho.be\/wp-content\/uploads\/2024\/11\/image-46.png\",\"contentUrl\":\"https:\/\/www.daisho.be\/wp-content\/uploads\/2024\/11\/image-46.png\",\"width\":656,\"height\":686,\"caption\":\"DOBOK ADI-FIGHTER ECO-1\"},{\"@type\":\"BreadcrumbList\",\"@id\":\"https:\/\/www.daisho.be\/es\/produit\/dobok-adi-fighter-eco\/#breadcrumb\",\"itemListElement\":[{\"@type\":\"ListItem\",\"position\":1,\"name\":\"Accueil\",\"item\":\"https:\/\/www.daisho.be\/es\/\"},{\"@type\":\"ListItem\",\"position\":2,\"name\":\"Productos\",\"item\":\"https:\/\/www.daisho.be\/es\/productos\/\"},{\"@type\":\"ListItem\",\"position\":3,\"name\":\"ADIDAS COMBAT SPORTS\",\"item\":\"https:\/\/www.daisho.be\/es\/categorie-produit\/adidas-combat-sports-es\/\"},{\"@type\":\"ListItem\",\"position\":4,\"name\":\"Taekwondo\",\"item\":\"https:\/\/www.daisho.be\/es\/categorie-produit\/adidas-combat-sports-es\/taekwondo-es-2\/\"},{\"@type\":\"ListItem\",\"position\":5,\"name\":\"Kimono - Dobok Adidas\",\"item\":\"https:\/\/www.daisho.be\/es\/categorie-produit\/adidas-combat-sports-es\/taekwondo-es-2\/kimono-dobok-adidas-es\/\"},{\"@type\":\"ListItem\",\"position\":6,\"name\":\"DOBOK ADI-FIGHTER ECO\"}]},{\"@type\":\"WebSite\",\"@id\":\"https:\/\/www.daisho.be\/es\/#website\",\"url\":\"https:\/\/www.daisho.be\/es\/\",\"name\":\"Daisho\",\"description\":\"Sp&eacute;cialiste de l'&eacute;quipement sportif d'arts martiaux\",\"publisher\":{\"@id\":\"https:\/\/www.daisho.be\/es\/#organization\"},\"potentialAction\":[{\"@type\":\"SearchAction\",\"target\":{\"@type\":\"EntryPoint\",\"urlTemplate\":\"https:\/\/www.daisho.be\/es\/?s={search_term_string}\"},\"query-input\":{\"@type\":\"PropertyValueSpecification\",\"valueRequired\":true,\"valueName\":\"search_term_string\"}}],\"inLanguage\":\"es\"},{\"@type\":\"Organization\",\"@id\":\"https:\/\/www.daisho.be\/es\/#organization\",\"name\":\"Daisho\",\"url\":\"https:\/\/www.daisho.be\/es\/\",\"logo\":{\"@type\":\"ImageObject\",\"inLanguage\":\"es\",\"@id\":\"https:\/\/www.daisho.be\/es\/#\/schema\/logo\/image\/\",\"url\":\"https:\/\/www.daisho.be\/wp-content\/uploads\/2019\/07\/color-nothing-horizontale4x-e1564486100247.png\",\"contentUrl\":\"https:\/\/www.daisho.be\/wp-content\/uploads\/2019\/07\/color-nothing-horizontale4x-e1564486100247.png\",\"width\":1547,\"height\":385,\"caption\":\"Daisho\"},\"image\":{\"@id\":\"https:\/\/www.daisho.be\/es\/#\/schema\/logo\/image\/\"}}]}<\/script>\n<!-- \/ Yoast SEO plugin. -->","yoast_head_json":{"title":"DOBOK ADI-FIGHTER ECO &#8211; Daisho","description":"El adi fighter dobok est\u00e1 dise\u00f1ado seg\u00fan principios ecol\u00f3gicos. Tiene las mismas caracter\u00edsticas que el ADIFIGHTER. Encu\u00e9ntralo en nuestra p\u00e1gina web www.daisho.be","robots":{"index":"index","follow":"follow","max-snippet":"max-snippet:-1","max-image-preview":"max-image-preview:large","max-video-preview":"max-video-preview:-1"},"canonical":"https:\/\/www.daisho.be\/es\/produit\/dobok-adi-fighter-eco\/","og_locale":"es_ES","og_type":"article","og_title":"DOBOK ADI-FIGHTER ECO &#8211; Daisho","og_description":"El adi fighter dobok est\u00e1 dise\u00f1ado seg\u00fan principios ecol\u00f3gicos. Tiene las mismas caracter\u00edsticas que el ADIFIGHTER. Encu\u00e9ntralo en nuestra p\u00e1gina web www.daisho.be","og_url":"https:\/\/www.daisho.be\/es\/produit\/dobok-adi-fighter-eco\/","og_site_name":"Daisho","article_modified_time":"2025-02-25T14:49:27+00:00","og_image":[{"width":656,"height":686,"url":"https:\/\/www.daisho.be\/wp-content\/uploads\/2024\/11\/image-46.png","type":"image\/png"}],"twitter_card":"summary_large_image","twitter_misc":{"Tiempo de lectura":"1 minuto"},"schema":{"@context":"https:\/\/schema.org","@graph":[{"@type":"WebPage","@id":"https:\/\/www.daisho.be\/es\/produit\/dobok-adi-fighter-eco\/","url":"https:\/\/www.daisho.be\/es\/produit\/dobok-adi-fighter-eco\/","name":"DOBOK ADI-FIGHTER ECO &#8211; Daisho","isPartOf":{"@id":"https:\/\/www.daisho.be\/es\/#website"},"primaryImageOfPage":{"@id":"https:\/\/www.daisho.be\/es\/produit\/dobok-adi-fighter-eco\/#primaryimage"},"image":{"@id":"https:\/\/www.daisho.be\/es\/produit\/dobok-adi-fighter-eco\/#primaryimage"},"thumbnailUrl":"https:\/\/www.daisho.be\/wp-content\/uploads\/2024\/11\/image-46.png","datePublished":"2024-11-28T10:30:31+00:00","dateModified":"2025-02-25T14:49:27+00:00","description":"El adi fighter dobok est\u00e1 dise\u00f1ado seg\u00fan principios ecol\u00f3gicos. Tiene las mismas caracter\u00edsticas que el ADIFIGHTER. Encu\u00e9ntralo en nuestra p\u00e1gina web www.daisho.be","breadcrumb":{"@id":"https:\/\/www.daisho.be\/es\/produit\/dobok-adi-fighter-eco\/#breadcrumb"},"inLanguage":"es","potentialAction":[{"@type":"ReadAction","target":["https:\/\/www.daisho.be\/es\/produit\/dobok-adi-fighter-eco\/"]}]},{"@type":"ImageObject","inLanguage":"es","@id":"https:\/\/www.daisho.be\/es\/produit\/dobok-adi-fighter-eco\/#primaryimage","url":"https:\/\/www.daisho.be\/wp-content\/uploads\/2024\/11\/image-46.png","contentUrl":"https:\/\/www.daisho.be\/wp-content\/uploads\/2024\/11\/image-46.png","width":656,"height":686,"caption":"DOBOK ADI-FIGHTER ECO-1"},{"@type":"BreadcrumbList","@id":"https:\/\/www.daisho.be\/es\/produit\/dobok-adi-fighter-eco\/#breadcrumb","itemListElement":[{"@type":"ListItem","position":1,"name":"Accueil","item":"https:\/\/www.daisho.be\/es\/"},{"@type":"ListItem","position":2,"name":"Productos","item":"https:\/\/www.daisho.be\/es\/productos\/"},{"@type":"ListItem","position":3,"name":"ADIDAS COMBAT SPORTS","item":"https:\/\/www.daisho.be\/es\/categorie-produit\/adidas-combat-sports-es\/"},{"@type":"ListItem","position":4,"name":"Taekwondo","item":"https:\/\/www.daisho.be\/es\/categorie-produit\/adidas-combat-sports-es\/taekwondo-es-2\/"},{"@type":"ListItem","position":5,"name":"Kimono - Dobok Adidas","item":"https:\/\/www.daisho.be\/es\/categorie-produit\/adidas-combat-sports-es\/taekwondo-es-2\/kimono-dobok-adidas-es\/"},{"@type":"ListItem","position":6,"name":"DOBOK ADI-FIGHTER ECO"}]},{"@type":"WebSite","@id":"https:\/\/www.daisho.be\/es\/#website","url":"https:\/\/www.daisho.be\/es\/","name":"Daisho","description":"Sp&eacute;cialiste de l'&eacute;quipement sportif d'arts martiaux","publisher":{"@id":"https:\/\/www.daisho.be\/es\/#organization"},"potentialAction":[{"@type":"SearchAction","target":{"@type":"EntryPoint","urlTemplate":"https:\/\/www.daisho.be\/es\/?s={search_term_string}"},"query-input":{"@type":"PropertyValueSpecification","valueRequired":true,"valueName":"search_term_string"}}],"inLanguage":"es"},{"@type":"Organization","@id":"https:\/\/www.daisho.be\/es\/#organization","name":"Daisho","url":"https:\/\/www.daisho.be\/es\/","logo":{"@type":"ImageObject","inLanguage":"es","@id":"https:\/\/www.daisho.be\/es\/#\/schema\/logo\/image\/","url":"https:\/\/www.daisho.be\/wp-content\/uploads\/2019\/07\/color-nothing-horizontale4x-e1564486100247.png","contentUrl":"https:\/\/www.daisho.be\/wp-content\/uploads\/2019\/07\/color-nothing-horizontale4x-e1564486100247.png","width":1547,"height":385,"caption":"Daisho"},"image":{"@id":"https:\/\/www.daisho.be\/es\/#\/schema\/logo\/image\/"}}]}},"_links":{"self":[{"href":"https:\/\/www.daisho.be\/es\/wp-json\/wp\/v2\/product\/465916","targetHints":{"allow":["GET"]}}],"collection":[{"href":"https:\/\/www.daisho.be\/es\/wp-json\/wp\/v2\/product"}],"about":[{"href":"https:\/\/www.daisho.be\/es\/wp-json\/wp\/v2\/types\/product"}],"replies":[{"embeddable":true,"href":"https:\/\/www.daisho.be\/es\/wp-json\/wp\/v2\/comments?post=465916"}],"wp:featuredmedia":[{"embeddable":true,"href":"https:\/\/www.daisho.be\/es\/wp-json\/wp\/v2\/media\/466490"}],"wp:attachment":[{"href":"https:\/\/www.daisho.be\/es\/wp-json\/wp\/v2\/media?parent=465916"}],"wp:term":[{"taxonomy":"product_brand","embeddable":true,"href":"https:\/\/www.daisho.be\/es\/wp-json\/wp\/v2\/product_brand?post=465916"},{"taxonomy":"product_cat","embeddable":true,"href":"https:\/\/www.daisho.be\/es\/wp-json\/wp\/v2\/product_cat?post=465916"},{"taxonomy":"product_tag","embeddable":true,"href":"https:\/\/www.daisho.be\/es\/wp-json\/wp\/v2\/product_tag?post=465916"},{"taxonomy":"sport","embeddable":true,"href":"https:\/\/www.daisho.be\/es\/wp-json\/wp\/v2\/sport?post=465916"}],"curies":[{"name":"wp","href":"https:\/\/api.w.org\/{rel}","templated":true}]}}