{"id":465022,"date":"2024-11-26T11:20:36","date_gmt":"2024-11-26T10:20:36","guid":{"rendered":"https:\/\/www.daisho.be\/produit\/plastron-tokaido-liga-juvenil-aprobado-wkf\/"},"modified":"2025-11-18T10:07:15","modified_gmt":"2025-11-18T09:07:15","slug":"plastron-tokaido-liga-juvenil-aprobado-wkf","status":"publish","type":"product","link":"https:\/\/www.daisho.be\/es\/produit\/plastron-tokaido-liga-juvenil-aprobado-wkf\/","title":{"rendered":"PLASTRON TOKAIDO &#8211; Liga Juvenil &#8211; APROBADO WKF"},"content":{"rendered":"<p> <span style=\"color:#e60000;font-weight:bold\"><br \/>\n<i class=\"fa fa-clock-o\"><\/i> DISPONIBILIDAD: DICIEMBRE 2025 | ENERO 2026<br \/>\n<\/span><br \/>\n Chaleco de k\u00e1rate para ni\u00f1os, Liga Juvenil TOKAIDO, WKF<br \/>\nDescubre la combinaci\u00f3n perfecta de protecci\u00f3n y comodidad con nuestro chaleco dise\u00f1ado espec\u00edficamente para la Liga Juvenil de Karate, homologado por la Federaci\u00f3n Mundial de Karate (WKF).<br \/>\nEste chaleco est\u00e1 dise\u00f1ado para llevarlo sobre la equipaci\u00f3n de k\u00e1rate y ofrece una protecci\u00f3n \u00f3ptima durante los entrenamientos y las competiciones.<br \/>\nCaracter\u00edsticas:<br \/>\n&#8211; aprobado por la Youth League<br \/>\n&#8211; aprobado por la WKF<br \/>\n&#8211; ligero y resistente<br \/>\n&#8211; ajuste seguro<br \/>\n&#8211; cierre de velcro ajustable<\/p>\n<p><span style=\"display: flex;align-items: flex-start\"><img decoding=\"async\" class=\"alignleft\" src=\"https:\/\/www.daisho.be\/wp-content\/uploads\/2025\/10\/fb515.png\" alt=\"\" width=\"60%\" height=\"\"><\/span><\/p>\n","protected":false},"excerpt":{"rendered":"<p>DISPONIBILIDAD: DICIEMBRE 2025 | ENERO 2026 Chaleco de k\u00e1rate para ni\u00f1os, Liga Juvenil TOKAIDO, WKF Descubre la combinaci\u00f3n perfecta de protecci\u00f3n y comodidad con nuestro chaleco dise\u00f1ado espec\u00edficamente para la Liga Juvenil de Karate, homologado por la Federaci\u00f3n Mundial de Karate (WKF). Este chaleco est\u00e1 dise\u00f1ado para llevarlo sobre la equipaci\u00f3n de k\u00e1rate y ofrece [&hellip;]<\/p>\n","protected":false},"featured_media":464847,"comment_status":"open","ping_status":"closed","template":"","meta":{"inline_featured_image":false},"product_brand":[],"product_cat":[1363,1368,1361],"product_tag":[1306],"sport":[],"class_list":{"0":"post-465022","1":"product","2":"type-product","3":"status-publish","4":"has-post-thumbnail","6":"product_cat-proteccion-del-karate","7":"product_cat-proteccion-kick-boxing","8":"product_cat-protecciones","9":"product_tag-tokaido-es","10":"pa_size-l","11":"pa_size-m","12":"pa_size-s","13":"pa_size-xl","14":"pa_size-xs","16":"first","17":"instock","18":"taxable","19":"shipping-taxable","20":"purchasable","21":"product-type-variable"},"yoast_head":"<!-- This site is optimized with the Yoast SEO plugin v27.2 - https:\/\/yoast.com\/product\/yoast-seo-wordpress\/ -->\n<title>PLASTRON TOKAIDO - Liga Juvenil - APROBADO WKF &#8211; Daisho<\/title>\n<meta name=\"robots\" content=\"index, follow, max-snippet:-1, max-image-preview:large, max-video-preview:-1\" \/>\n<link rel=\"canonical\" href=\"https:\/\/www.daisho.be\/es\/produit\/plastron-tokaido-liga-juvenil-aprobado-wkf\/\" \/>\n<meta property=\"og:locale\" content=\"es_ES\" \/>\n<meta property=\"og:type\" content=\"article\" \/>\n<meta property=\"og:title\" content=\"PLASTRON TOKAIDO - Liga Juvenil - APROBADO WKF &#8211; Daisho\" \/>\n<meta property=\"og:description\" content=\"DISPONIBILIDAD: DICIEMBRE 2025 | ENERO 2026 Chaleco de k\u00e1rate para ni\u00f1os, Liga Juvenil TOKAIDO, WKF Descubre la combinaci\u00f3n perfecta de protecci\u00f3n y comodidad con nuestro chaleco dise\u00f1ado espec\u00edficamente para la Liga Juvenil de Karate, homologado por la Federaci\u00f3n Mundial de Karate (WKF). Este chaleco est\u00e1 dise\u00f1ado para llevarlo sobre la equipaci\u00f3n de k\u00e1rate y ofrece [&hellip;]\" \/>\n<meta property=\"og:url\" content=\"https:\/\/www.daisho.be\/es\/produit\/plastron-tokaido-liga-juvenil-aprobado-wkf\/\" \/>\n<meta property=\"og:site_name\" content=\"Daisho\" \/>\n<meta property=\"article:modified_time\" content=\"2025-11-18T09:07:15+00:00\" \/>\n<meta property=\"og:image\" content=\"https:\/\/www.daisho.be\/wp-content\/uploads\/2024\/11\/image-56.jpg\" \/>\n\t<meta property=\"og:image:width\" content=\"800\" \/>\n\t<meta property=\"og:image:height\" content=\"1280\" \/>\n\t<meta property=\"og:image:type\" content=\"image\/jpeg\" \/>\n<meta name=\"twitter:card\" content=\"summary_large_image\" \/>\n<script type=\"application\/ld+json\" class=\"yoast-schema-graph\">{\"@context\":\"https:\/\/schema.org\",\"@graph\":[{\"@type\":\"WebPage\",\"@id\":\"https:\/\/www.daisho.be\/es\/produit\/plastron-tokaido-liga-juvenil-aprobado-wkf\/\",\"url\":\"https:\/\/www.daisho.be\/es\/produit\/plastron-tokaido-liga-juvenil-aprobado-wkf\/\",\"name\":\"PLASTRON TOKAIDO - Liga Juvenil - APROBADO WKF &#8211; Daisho\",\"isPartOf\":{\"@id\":\"https:\/\/www.daisho.be\/es\/#website\"},\"primaryImageOfPage\":{\"@id\":\"https:\/\/www.daisho.be\/es\/produit\/plastron-tokaido-liga-juvenil-aprobado-wkf\/#primaryimage\"},\"image\":{\"@id\":\"https:\/\/www.daisho.be\/es\/produit\/plastron-tokaido-liga-juvenil-aprobado-wkf\/#primaryimage\"},\"thumbnailUrl\":\"https:\/\/www.daisho.be\/wp-content\/uploads\/2024\/11\/image-56.jpg\",\"datePublished\":\"2024-11-26T10:20:36+00:00\",\"dateModified\":\"2025-11-18T09:07:15+00:00\",\"breadcrumb\":{\"@id\":\"https:\/\/www.daisho.be\/es\/produit\/plastron-tokaido-liga-juvenil-aprobado-wkf\/#breadcrumb\"},\"inLanguage\":\"es\",\"potentialAction\":[{\"@type\":\"ReadAction\",\"target\":[\"https:\/\/www.daisho.be\/es\/produit\/plastron-tokaido-liga-juvenil-aprobado-wkf\/\"]}]},{\"@type\":\"ImageObject\",\"inLanguage\":\"es\",\"@id\":\"https:\/\/www.daisho.be\/es\/produit\/plastron-tokaido-liga-juvenil-aprobado-wkf\/#primaryimage\",\"url\":\"https:\/\/www.daisho.be\/wp-content\/uploads\/2024\/11\/image-56.jpg\",\"contentUrl\":\"https:\/\/www.daisho.be\/wp-content\/uploads\/2024\/11\/image-56.jpg\",\"width\":800,\"height\":1280,\"caption\":\"PLASTRON TOKAIDO - Liga Juvenil - WKF APPROVED-1\"},{\"@type\":\"BreadcrumbList\",\"@id\":\"https:\/\/www.daisho.be\/es\/produit\/plastron-tokaido-liga-juvenil-aprobado-wkf\/#breadcrumb\",\"itemListElement\":[{\"@type\":\"ListItem\",\"position\":1,\"name\":\"Accueil\",\"item\":\"https:\/\/www.daisho.be\/es\/\"},{\"@type\":\"ListItem\",\"position\":2,\"name\":\"Productos\",\"item\":\"https:\/\/www.daisho.be\/es\/productos\/\"},{\"@type\":\"ListItem\",\"position\":3,\"name\":\"Equipamiento y ropa para artes marciales y deportes de combate\",\"item\":\"https:\/\/www.daisho.be\/es\/categorie-produit\/equipamiento-y-ropa-para-artes-marciales-y-deportes-de-combate\/\"},{\"@type\":\"ListItem\",\"position\":4,\"name\":\"Karate\",\"item\":\"https:\/\/www.daisho.be\/es\/categorie-produit\/equipamiento-y-ropa-para-artes-marciales-y-deportes-de-combate\/karate-es-2\/\"},{\"@type\":\"ListItem\",\"position\":5,\"name\":\"Protecci\u00f3n del k\u00e1rate\",\"item\":\"https:\/\/www.daisho.be\/es\/categorie-produit\/equipamiento-y-ropa-para-artes-marciales-y-deportes-de-combate\/karate-es-2\/proteccion-del-karate\/\"},{\"@type\":\"ListItem\",\"position\":6,\"name\":\"PLASTRON TOKAIDO &#8211; Liga Juvenil &#8211; APROBADO WKF\"}]},{\"@type\":\"WebSite\",\"@id\":\"https:\/\/www.daisho.be\/es\/#website\",\"url\":\"https:\/\/www.daisho.be\/es\/\",\"name\":\"Daisho\",\"description\":\"Sp&eacute;cialiste de l'&eacute;quipement sportif d'arts martiaux\",\"publisher\":{\"@id\":\"https:\/\/www.daisho.be\/es\/#organization\"},\"potentialAction\":[{\"@type\":\"SearchAction\",\"target\":{\"@type\":\"EntryPoint\",\"urlTemplate\":\"https:\/\/www.daisho.be\/es\/?s={search_term_string}\"},\"query-input\":{\"@type\":\"PropertyValueSpecification\",\"valueRequired\":true,\"valueName\":\"search_term_string\"}}],\"inLanguage\":\"es\"},{\"@type\":\"Organization\",\"@id\":\"https:\/\/www.daisho.be\/es\/#organization\",\"name\":\"Daisho\",\"url\":\"https:\/\/www.daisho.be\/es\/\",\"logo\":{\"@type\":\"ImageObject\",\"inLanguage\":\"es\",\"@id\":\"https:\/\/www.daisho.be\/es\/#\/schema\/logo\/image\/\",\"url\":\"https:\/\/www.daisho.be\/wp-content\/uploads\/2019\/07\/color-nothing-horizontale4x-e1564486100247.png\",\"contentUrl\":\"https:\/\/www.daisho.be\/wp-content\/uploads\/2019\/07\/color-nothing-horizontale4x-e1564486100247.png\",\"width\":1547,\"height\":385,\"caption\":\"Daisho\"},\"image\":{\"@id\":\"https:\/\/www.daisho.be\/es\/#\/schema\/logo\/image\/\"}}]}<\/script>\n<!-- \/ Yoast SEO plugin. -->","yoast_head_json":{"title":"PLASTRON TOKAIDO - Liga Juvenil - APROBADO WKF &#8211; Daisho","robots":{"index":"index","follow":"follow","max-snippet":"max-snippet:-1","max-image-preview":"max-image-preview:large","max-video-preview":"max-video-preview:-1"},"canonical":"https:\/\/www.daisho.be\/es\/produit\/plastron-tokaido-liga-juvenil-aprobado-wkf\/","og_locale":"es_ES","og_type":"article","og_title":"PLASTRON TOKAIDO - Liga Juvenil - APROBADO WKF &#8211; Daisho","og_description":"DISPONIBILIDAD: DICIEMBRE 2025 | ENERO 2026 Chaleco de k\u00e1rate para ni\u00f1os, Liga Juvenil TOKAIDO, WKF Descubre la combinaci\u00f3n perfecta de protecci\u00f3n y comodidad con nuestro chaleco dise\u00f1ado espec\u00edficamente para la Liga Juvenil de Karate, homologado por la Federaci\u00f3n Mundial de Karate (WKF). Este chaleco est\u00e1 dise\u00f1ado para llevarlo sobre la equipaci\u00f3n de k\u00e1rate y ofrece [&hellip;]","og_url":"https:\/\/www.daisho.be\/es\/produit\/plastron-tokaido-liga-juvenil-aprobado-wkf\/","og_site_name":"Daisho","article_modified_time":"2025-11-18T09:07:15+00:00","og_image":[{"width":800,"height":1280,"url":"https:\/\/www.daisho.be\/wp-content\/uploads\/2024\/11\/image-56.jpg","type":"image\/jpeg"}],"twitter_card":"summary_large_image","schema":{"@context":"https:\/\/schema.org","@graph":[{"@type":"WebPage","@id":"https:\/\/www.daisho.be\/es\/produit\/plastron-tokaido-liga-juvenil-aprobado-wkf\/","url":"https:\/\/www.daisho.be\/es\/produit\/plastron-tokaido-liga-juvenil-aprobado-wkf\/","name":"PLASTRON TOKAIDO - Liga Juvenil - APROBADO WKF &#8211; Daisho","isPartOf":{"@id":"https:\/\/www.daisho.be\/es\/#website"},"primaryImageOfPage":{"@id":"https:\/\/www.daisho.be\/es\/produit\/plastron-tokaido-liga-juvenil-aprobado-wkf\/#primaryimage"},"image":{"@id":"https:\/\/www.daisho.be\/es\/produit\/plastron-tokaido-liga-juvenil-aprobado-wkf\/#primaryimage"},"thumbnailUrl":"https:\/\/www.daisho.be\/wp-content\/uploads\/2024\/11\/image-56.jpg","datePublished":"2024-11-26T10:20:36+00:00","dateModified":"2025-11-18T09:07:15+00:00","breadcrumb":{"@id":"https:\/\/www.daisho.be\/es\/produit\/plastron-tokaido-liga-juvenil-aprobado-wkf\/#breadcrumb"},"inLanguage":"es","potentialAction":[{"@type":"ReadAction","target":["https:\/\/www.daisho.be\/es\/produit\/plastron-tokaido-liga-juvenil-aprobado-wkf\/"]}]},{"@type":"ImageObject","inLanguage":"es","@id":"https:\/\/www.daisho.be\/es\/produit\/plastron-tokaido-liga-juvenil-aprobado-wkf\/#primaryimage","url":"https:\/\/www.daisho.be\/wp-content\/uploads\/2024\/11\/image-56.jpg","contentUrl":"https:\/\/www.daisho.be\/wp-content\/uploads\/2024\/11\/image-56.jpg","width":800,"height":1280,"caption":"PLASTRON TOKAIDO - Liga Juvenil - WKF APPROVED-1"},{"@type":"BreadcrumbList","@id":"https:\/\/www.daisho.be\/es\/produit\/plastron-tokaido-liga-juvenil-aprobado-wkf\/#breadcrumb","itemListElement":[{"@type":"ListItem","position":1,"name":"Accueil","item":"https:\/\/www.daisho.be\/es\/"},{"@type":"ListItem","position":2,"name":"Productos","item":"https:\/\/www.daisho.be\/es\/productos\/"},{"@type":"ListItem","position":3,"name":"Equipamiento y ropa para artes marciales y deportes de combate","item":"https:\/\/www.daisho.be\/es\/categorie-produit\/equipamiento-y-ropa-para-artes-marciales-y-deportes-de-combate\/"},{"@type":"ListItem","position":4,"name":"Karate","item":"https:\/\/www.daisho.be\/es\/categorie-produit\/equipamiento-y-ropa-para-artes-marciales-y-deportes-de-combate\/karate-es-2\/"},{"@type":"ListItem","position":5,"name":"Protecci\u00f3n del k\u00e1rate","item":"https:\/\/www.daisho.be\/es\/categorie-produit\/equipamiento-y-ropa-para-artes-marciales-y-deportes-de-combate\/karate-es-2\/proteccion-del-karate\/"},{"@type":"ListItem","position":6,"name":"PLASTRON TOKAIDO &#8211; Liga Juvenil &#8211; APROBADO WKF"}]},{"@type":"WebSite","@id":"https:\/\/www.daisho.be\/es\/#website","url":"https:\/\/www.daisho.be\/es\/","name":"Daisho","description":"Sp&eacute;cialiste de l'&eacute;quipement sportif d'arts martiaux","publisher":{"@id":"https:\/\/www.daisho.be\/es\/#organization"},"potentialAction":[{"@type":"SearchAction","target":{"@type":"EntryPoint","urlTemplate":"https:\/\/www.daisho.be\/es\/?s={search_term_string}"},"query-input":{"@type":"PropertyValueSpecification","valueRequired":true,"valueName":"search_term_string"}}],"inLanguage":"es"},{"@type":"Organization","@id":"https:\/\/www.daisho.be\/es\/#organization","name":"Daisho","url":"https:\/\/www.daisho.be\/es\/","logo":{"@type":"ImageObject","inLanguage":"es","@id":"https:\/\/www.daisho.be\/es\/#\/schema\/logo\/image\/","url":"https:\/\/www.daisho.be\/wp-content\/uploads\/2019\/07\/color-nothing-horizontale4x-e1564486100247.png","contentUrl":"https:\/\/www.daisho.be\/wp-content\/uploads\/2019\/07\/color-nothing-horizontale4x-e1564486100247.png","width":1547,"height":385,"caption":"Daisho"},"image":{"@id":"https:\/\/www.daisho.be\/es\/#\/schema\/logo\/image\/"}}]}},"_links":{"self":[{"href":"https:\/\/www.daisho.be\/es\/wp-json\/wp\/v2\/product\/465022","targetHints":{"allow":["GET"]}}],"collection":[{"href":"https:\/\/www.daisho.be\/es\/wp-json\/wp\/v2\/product"}],"about":[{"href":"https:\/\/www.daisho.be\/es\/wp-json\/wp\/v2\/types\/product"}],"replies":[{"embeddable":true,"href":"https:\/\/www.daisho.be\/es\/wp-json\/wp\/v2\/comments?post=465022"}],"wp:featuredmedia":[{"embeddable":true,"href":"https:\/\/www.daisho.be\/es\/wp-json\/wp\/v2\/media\/464847"}],"wp:attachment":[{"href":"https:\/\/www.daisho.be\/es\/wp-json\/wp\/v2\/media?parent=465022"}],"wp:term":[{"taxonomy":"product_brand","embeddable":true,"href":"https:\/\/www.daisho.be\/es\/wp-json\/wp\/v2\/product_brand?post=465022"},{"taxonomy":"product_cat","embeddable":true,"href":"https:\/\/www.daisho.be\/es\/wp-json\/wp\/v2\/product_cat?post=465022"},{"taxonomy":"product_tag","embeddable":true,"href":"https:\/\/www.daisho.be\/es\/wp-json\/wp\/v2\/product_tag?post=465022"},{"taxonomy":"sport","embeddable":true,"href":"https:\/\/www.daisho.be\/es\/wp-json\/wp\/v2\/sport?post=465022"}],"curies":[{"name":"wp","href":"https:\/\/api.w.org\/{rel}","templated":true}]}}