{"id":445439,"date":"2024-10-29T17:02:39","date_gmt":"2024-10-29T16:02:39","guid":{"rendered":"https:\/\/www.daisho.be\/produit\/dobok-adidas-taekwondo-adi-start-ii-eco\/"},"modified":"2025-12-22T17:24:19","modified_gmt":"2025-12-22T16:24:19","slug":"dobok-adidas-taekwondo-adi-start-ii-eco","status":"publish","type":"product","link":"https:\/\/www.daisho.be\/es\/produit\/dobok-adidas-taekwondo-adi-start-ii-eco\/","title":{"rendered":"Dobok adidas Taekwondo Adi Start II Eco"},"content":{"rendered":"<p>Un traje de taekwondo con una fant\u00e1stica relaci\u00f3n calidad-precio. Con un magn\u00edfico relieve en el tejido, las tres rayas cubren todo el dobok. <\/p>\n<p>Traje para principiantes en tejido ligero, con solapas blancas para cinturones en colores que van del blanco al rojo.<br \/>\nChaqueta con cuello alzado, cuello en V estilo WT. Pantal\u00f3n con cintura el\u00e1stica y cord\u00f3n adicional.<br \/>\nMaterial: 100% poli\u00e9ster Se suministra con chaqueta, pantal\u00f3n y cintur\u00f3n. <\/p>\n<p>Especificaciones t\u00e9cnicas:<\/p>\n<p> El dobok es de talla normal<br \/>\n Pantal\u00f3n con banda el\u00e1stica y cord\u00f3n adicional<br \/>\n con el nuevo logotipo de WT en el cuello de pico<br \/>\n Extremadamente ligero y f\u00e1cil de llevar<br \/>\n Material: 100% poli\u00e9ster<\/p>\n","protected":false},"excerpt":{"rendered":"<p>Un traje de taekwondo con una fant\u00e1stica relaci\u00f3n calidad-precio. Con un magn\u00edfico relieve en el tejido, las tres rayas cubren todo el dobok. Traje para principiantes en tejido ligero, con solapas blancas para cinturones en colores que van del blanco al rojo. Chaqueta con cuello alzado, cuello en V estilo WT. Pantal\u00f3n con cintura el\u00e1stica [&hellip;]<\/p>\n","protected":false},"featured_media":444968,"comment_status":"open","ping_status":"closed","template":"","meta":{"inline_featured_image":false},"product_brand":[],"product_cat":[1642,1722,1311],"product_tag":[1560],"sport":[],"class_list":{"0":"post-445439","1":"product","2":"type-product","3":"status-publish","4":"has-post-thumbnail","6":"product_cat-kimono-dobok-adidas-es","7":"product_cat-taekwondo-dobok-traje","8":"product_cat-trajes-kimonos","9":"product_tag-adidas-es","10":"pa_size-437","11":"pa_size-375","12":"pa_size-374","13":"pa_size-373","14":"pa_size-381","15":"pa_size-380","16":"pa_size-379","17":"pa_size-378","18":"pa_size-377","19":"pa_size-376","20":"pa_size-383","22":"first","23":"instock","24":"taxable","25":"shipping-taxable","26":"purchasable","27":"product-type-variable"},"yoast_head":"<!-- This site is optimized with the Yoast SEO plugin v27.2 - https:\/\/yoast.com\/product\/yoast-seo-wordpress\/ -->\n<title>Dobok adidas Taekwondo Adi Start II Eco &#8211; Daisho<\/title>\n<meta name=\"description\" content=\"\u00bfBuscas un dobok? \u00c9ste es el tuyo. Ofrece una buena relaci\u00f3n calidad-precio. C\u00f3mpralo ahora en www.daisho.be\" \/>\n<meta name=\"robots\" content=\"index, follow, max-snippet:-1, max-image-preview:large, max-video-preview:-1\" \/>\n<link rel=\"canonical\" href=\"https:\/\/www.daisho.be\/es\/produit\/dobok-adidas-taekwondo-adi-start-ii-eco\/\" \/>\n<meta property=\"og:locale\" content=\"es_ES\" \/>\n<meta property=\"og:type\" content=\"article\" \/>\n<meta property=\"og:title\" content=\"Dobok adidas Taekwondo Adi Start II Eco &#8211; Daisho\" \/>\n<meta property=\"og:description\" content=\"\u00bfBuscas un dobok? \u00c9ste es el tuyo. Ofrece una buena relaci\u00f3n calidad-precio. C\u00f3mpralo ahora en www.daisho.be\" \/>\n<meta property=\"og:url\" content=\"https:\/\/www.daisho.be\/es\/produit\/dobok-adidas-taekwondo-adi-start-ii-eco\/\" \/>\n<meta property=\"og:site_name\" content=\"Daisho\" \/>\n<meta property=\"article:modified_time\" content=\"2025-12-22T16:24:19+00:00\" \/>\n<meta property=\"og:image\" content=\"https:\/\/www.daisho.be\/wp-content\/uploads\/2024\/10\/image-17.webp\" \/>\n\t<meta property=\"og:image:width\" content=\"855\" \/>\n\t<meta property=\"og:image:height\" content=\"1200\" \/>\n\t<meta property=\"og:image:type\" content=\"image\/webp\" \/>\n<meta name=\"twitter:card\" content=\"summary_large_image\" \/>\n<meta name=\"twitter:label1\" content=\"Tiempo de lectura\" \/>\n\t<meta name=\"twitter:data1\" content=\"1 minuto\" \/>\n<script type=\"application\/ld+json\" class=\"yoast-schema-graph\">{\"@context\":\"https:\/\/schema.org\",\"@graph\":[{\"@type\":\"WebPage\",\"@id\":\"https:\/\/www.daisho.be\/es\/produit\/dobok-adidas-taekwondo-adi-start-ii-eco\/\",\"url\":\"https:\/\/www.daisho.be\/es\/produit\/dobok-adidas-taekwondo-adi-start-ii-eco\/\",\"name\":\"Dobok adidas Taekwondo Adi Start II Eco &#8211; Daisho\",\"isPartOf\":{\"@id\":\"https:\/\/www.daisho.be\/es\/#website\"},\"primaryImageOfPage\":{\"@id\":\"https:\/\/www.daisho.be\/es\/produit\/dobok-adidas-taekwondo-adi-start-ii-eco\/#primaryimage\"},\"image\":{\"@id\":\"https:\/\/www.daisho.be\/es\/produit\/dobok-adidas-taekwondo-adi-start-ii-eco\/#primaryimage\"},\"thumbnailUrl\":\"https:\/\/www.daisho.be\/wp-content\/uploads\/2024\/10\/image-17.webp\",\"datePublished\":\"2024-10-29T16:02:39+00:00\",\"dateModified\":\"2025-12-22T16:24:19+00:00\",\"description\":\"\u00bfBuscas un dobok? \u00c9ste es el tuyo. Ofrece una buena relaci\u00f3n calidad-precio. C\u00f3mpralo ahora en www.daisho.be\",\"breadcrumb\":{\"@id\":\"https:\/\/www.daisho.be\/es\/produit\/dobok-adidas-taekwondo-adi-start-ii-eco\/#breadcrumb\"},\"inLanguage\":\"es\",\"potentialAction\":[{\"@type\":\"ReadAction\",\"target\":[\"https:\/\/www.daisho.be\/es\/produit\/dobok-adidas-taekwondo-adi-start-ii-eco\/\"]}]},{\"@type\":\"ImageObject\",\"inLanguage\":\"es\",\"@id\":\"https:\/\/www.daisho.be\/es\/produit\/dobok-adidas-taekwondo-adi-start-ii-eco\/#primaryimage\",\"url\":\"https:\/\/www.daisho.be\/wp-content\/uploads\/2024\/10\/image-17.webp\",\"contentUrl\":\"https:\/\/www.daisho.be\/wp-content\/uploads\/2024\/10\/image-17.webp\",\"width\":855,\"height\":1200,\"caption\":\"adidas Taekwondo Dobok Adi Start II Eco-1\"},{\"@type\":\"BreadcrumbList\",\"@id\":\"https:\/\/www.daisho.be\/es\/produit\/dobok-adidas-taekwondo-adi-start-ii-eco\/#breadcrumb\",\"itemListElement\":[{\"@type\":\"ListItem\",\"position\":1,\"name\":\"Accueil\",\"item\":\"https:\/\/www.daisho.be\/es\/\"},{\"@type\":\"ListItem\",\"position\":2,\"name\":\"Productos\",\"item\":\"https:\/\/www.daisho.be\/es\/productos\/\"},{\"@type\":\"ListItem\",\"position\":3,\"name\":\"ADIDAS COMBAT SPORTS\",\"item\":\"https:\/\/www.daisho.be\/es\/categorie-produit\/adidas-combat-sports-es\/\"},{\"@type\":\"ListItem\",\"position\":4,\"name\":\"Taekwondo\",\"item\":\"https:\/\/www.daisho.be\/es\/categorie-produit\/adidas-combat-sports-es\/taekwondo-es-2\/\"},{\"@type\":\"ListItem\",\"position\":5,\"name\":\"Kimono - Dobok Adidas\",\"item\":\"https:\/\/www.daisho.be\/es\/categorie-produit\/adidas-combat-sports-es\/taekwondo-es-2\/kimono-dobok-adidas-es\/\"},{\"@type\":\"ListItem\",\"position\":6,\"name\":\"Dobok adidas Taekwondo Adi Start II Eco\"}]},{\"@type\":\"WebSite\",\"@id\":\"https:\/\/www.daisho.be\/es\/#website\",\"url\":\"https:\/\/www.daisho.be\/es\/\",\"name\":\"Daisho\",\"description\":\"Sp&eacute;cialiste de l'&eacute;quipement sportif d'arts martiaux\",\"publisher\":{\"@id\":\"https:\/\/www.daisho.be\/es\/#organization\"},\"potentialAction\":[{\"@type\":\"SearchAction\",\"target\":{\"@type\":\"EntryPoint\",\"urlTemplate\":\"https:\/\/www.daisho.be\/es\/?s={search_term_string}\"},\"query-input\":{\"@type\":\"PropertyValueSpecification\",\"valueRequired\":true,\"valueName\":\"search_term_string\"}}],\"inLanguage\":\"es\"},{\"@type\":\"Organization\",\"@id\":\"https:\/\/www.daisho.be\/es\/#organization\",\"name\":\"Daisho\",\"url\":\"https:\/\/www.daisho.be\/es\/\",\"logo\":{\"@type\":\"ImageObject\",\"inLanguage\":\"es\",\"@id\":\"https:\/\/www.daisho.be\/es\/#\/schema\/logo\/image\/\",\"url\":\"https:\/\/www.daisho.be\/wp-content\/uploads\/2019\/07\/color-nothing-horizontale4x-e1564486100247.png\",\"contentUrl\":\"https:\/\/www.daisho.be\/wp-content\/uploads\/2019\/07\/color-nothing-horizontale4x-e1564486100247.png\",\"width\":1547,\"height\":385,\"caption\":\"Daisho\"},\"image\":{\"@id\":\"https:\/\/www.daisho.be\/es\/#\/schema\/logo\/image\/\"}}]}<\/script>\n<!-- \/ Yoast SEO plugin. -->","yoast_head_json":{"title":"Dobok adidas Taekwondo Adi Start II Eco &#8211; Daisho","description":"\u00bfBuscas un dobok? \u00c9ste es el tuyo. Ofrece una buena relaci\u00f3n calidad-precio. C\u00f3mpralo ahora en www.daisho.be","robots":{"index":"index","follow":"follow","max-snippet":"max-snippet:-1","max-image-preview":"max-image-preview:large","max-video-preview":"max-video-preview:-1"},"canonical":"https:\/\/www.daisho.be\/es\/produit\/dobok-adidas-taekwondo-adi-start-ii-eco\/","og_locale":"es_ES","og_type":"article","og_title":"Dobok adidas Taekwondo Adi Start II Eco &#8211; Daisho","og_description":"\u00bfBuscas un dobok? \u00c9ste es el tuyo. Ofrece una buena relaci\u00f3n calidad-precio. C\u00f3mpralo ahora en www.daisho.be","og_url":"https:\/\/www.daisho.be\/es\/produit\/dobok-adidas-taekwondo-adi-start-ii-eco\/","og_site_name":"Daisho","article_modified_time":"2025-12-22T16:24:19+00:00","og_image":[{"width":855,"height":1200,"url":"https:\/\/www.daisho.be\/wp-content\/uploads\/2024\/10\/image-17.webp","type":"image\/webp"}],"twitter_card":"summary_large_image","twitter_misc":{"Tiempo de lectura":"1 minuto"},"schema":{"@context":"https:\/\/schema.org","@graph":[{"@type":"WebPage","@id":"https:\/\/www.daisho.be\/es\/produit\/dobok-adidas-taekwondo-adi-start-ii-eco\/","url":"https:\/\/www.daisho.be\/es\/produit\/dobok-adidas-taekwondo-adi-start-ii-eco\/","name":"Dobok adidas Taekwondo Adi Start II Eco &#8211; Daisho","isPartOf":{"@id":"https:\/\/www.daisho.be\/es\/#website"},"primaryImageOfPage":{"@id":"https:\/\/www.daisho.be\/es\/produit\/dobok-adidas-taekwondo-adi-start-ii-eco\/#primaryimage"},"image":{"@id":"https:\/\/www.daisho.be\/es\/produit\/dobok-adidas-taekwondo-adi-start-ii-eco\/#primaryimage"},"thumbnailUrl":"https:\/\/www.daisho.be\/wp-content\/uploads\/2024\/10\/image-17.webp","datePublished":"2024-10-29T16:02:39+00:00","dateModified":"2025-12-22T16:24:19+00:00","description":"\u00bfBuscas un dobok? \u00c9ste es el tuyo. Ofrece una buena relaci\u00f3n calidad-precio. C\u00f3mpralo ahora en www.daisho.be","breadcrumb":{"@id":"https:\/\/www.daisho.be\/es\/produit\/dobok-adidas-taekwondo-adi-start-ii-eco\/#breadcrumb"},"inLanguage":"es","potentialAction":[{"@type":"ReadAction","target":["https:\/\/www.daisho.be\/es\/produit\/dobok-adidas-taekwondo-adi-start-ii-eco\/"]}]},{"@type":"ImageObject","inLanguage":"es","@id":"https:\/\/www.daisho.be\/es\/produit\/dobok-adidas-taekwondo-adi-start-ii-eco\/#primaryimage","url":"https:\/\/www.daisho.be\/wp-content\/uploads\/2024\/10\/image-17.webp","contentUrl":"https:\/\/www.daisho.be\/wp-content\/uploads\/2024\/10\/image-17.webp","width":855,"height":1200,"caption":"adidas Taekwondo Dobok Adi Start II Eco-1"},{"@type":"BreadcrumbList","@id":"https:\/\/www.daisho.be\/es\/produit\/dobok-adidas-taekwondo-adi-start-ii-eco\/#breadcrumb","itemListElement":[{"@type":"ListItem","position":1,"name":"Accueil","item":"https:\/\/www.daisho.be\/es\/"},{"@type":"ListItem","position":2,"name":"Productos","item":"https:\/\/www.daisho.be\/es\/productos\/"},{"@type":"ListItem","position":3,"name":"ADIDAS COMBAT SPORTS","item":"https:\/\/www.daisho.be\/es\/categorie-produit\/adidas-combat-sports-es\/"},{"@type":"ListItem","position":4,"name":"Taekwondo","item":"https:\/\/www.daisho.be\/es\/categorie-produit\/adidas-combat-sports-es\/taekwondo-es-2\/"},{"@type":"ListItem","position":5,"name":"Kimono - Dobok Adidas","item":"https:\/\/www.daisho.be\/es\/categorie-produit\/adidas-combat-sports-es\/taekwondo-es-2\/kimono-dobok-adidas-es\/"},{"@type":"ListItem","position":6,"name":"Dobok adidas Taekwondo Adi Start II Eco"}]},{"@type":"WebSite","@id":"https:\/\/www.daisho.be\/es\/#website","url":"https:\/\/www.daisho.be\/es\/","name":"Daisho","description":"Sp&eacute;cialiste de l'&eacute;quipement sportif d'arts martiaux","publisher":{"@id":"https:\/\/www.daisho.be\/es\/#organization"},"potentialAction":[{"@type":"SearchAction","target":{"@type":"EntryPoint","urlTemplate":"https:\/\/www.daisho.be\/es\/?s={search_term_string}"},"query-input":{"@type":"PropertyValueSpecification","valueRequired":true,"valueName":"search_term_string"}}],"inLanguage":"es"},{"@type":"Organization","@id":"https:\/\/www.daisho.be\/es\/#organization","name":"Daisho","url":"https:\/\/www.daisho.be\/es\/","logo":{"@type":"ImageObject","inLanguage":"es","@id":"https:\/\/www.daisho.be\/es\/#\/schema\/logo\/image\/","url":"https:\/\/www.daisho.be\/wp-content\/uploads\/2019\/07\/color-nothing-horizontale4x-e1564486100247.png","contentUrl":"https:\/\/www.daisho.be\/wp-content\/uploads\/2019\/07\/color-nothing-horizontale4x-e1564486100247.png","width":1547,"height":385,"caption":"Daisho"},"image":{"@id":"https:\/\/www.daisho.be\/es\/#\/schema\/logo\/image\/"}}]}},"_links":{"self":[{"href":"https:\/\/www.daisho.be\/es\/wp-json\/wp\/v2\/product\/445439","targetHints":{"allow":["GET"]}}],"collection":[{"href":"https:\/\/www.daisho.be\/es\/wp-json\/wp\/v2\/product"}],"about":[{"href":"https:\/\/www.daisho.be\/es\/wp-json\/wp\/v2\/types\/product"}],"replies":[{"embeddable":true,"href":"https:\/\/www.daisho.be\/es\/wp-json\/wp\/v2\/comments?post=445439"}],"wp:featuredmedia":[{"embeddable":true,"href":"https:\/\/www.daisho.be\/es\/wp-json\/wp\/v2\/media\/444968"}],"wp:attachment":[{"href":"https:\/\/www.daisho.be\/es\/wp-json\/wp\/v2\/media?parent=445439"}],"wp:term":[{"taxonomy":"product_brand","embeddable":true,"href":"https:\/\/www.daisho.be\/es\/wp-json\/wp\/v2\/product_brand?post=445439"},{"taxonomy":"product_cat","embeddable":true,"href":"https:\/\/www.daisho.be\/es\/wp-json\/wp\/v2\/product_cat?post=445439"},{"taxonomy":"product_tag","embeddable":true,"href":"https:\/\/www.daisho.be\/es\/wp-json\/wp\/v2\/product_tag?post=445439"},{"taxonomy":"sport","embeddable":true,"href":"https:\/\/www.daisho.be\/es\/wp-json\/wp\/v2\/sport?post=445439"}],"curies":[{"name":"wp","href":"https:\/\/api.w.org\/{rel}","templated":true}]}}