{"id":444467,"date":"2024-10-25T12:03:43","date_gmt":"2024-10-25T10:03:43","guid":{"rendered":"https:\/\/www.daisho.be\/produit\/raqueta-adidas-doble-punching\/"},"modified":"2025-02-25T16:36:14","modified_gmt":"2025-02-25T15:36:14","slug":"raqueta-adidas-doble-punching","status":"publish","type":"product","link":"https:\/\/www.daisho.be\/es\/produit\/raqueta-adidas-doble-punching\/","title":{"rendered":"raqueta adidas doble punching"},"content":{"rendered":"<p>Vers\u00e1til y eficaz, la raqueta de doble golpeo Adidas es adecuada para todos los estilos de artes marciales.<br \/>\nTanto si eres principiante como experto, te ayudar\u00e1 a desarrollar tu t\u00e9cnica y tu fuerza.<br \/>\nSu dise\u00f1o ergon\u00f3mico y su peso equilibrado garantizan una comodidad de uso \u00f3ptima.<\/p>\n<p>Caracter\u00edsticas:<br \/>\n&#8211; Robusta carcasa exterior de PU para una m\u00e1xima durabilidad<br \/>\n&#8211; Interior de espuma de alta densidad para una \u00f3ptima absorci\u00f3n de los impactos<br \/>\n&#8211; Mu\u00f1equera de nylon para un ajuste seguro y c\u00f3modo<br \/>\n&#8211; Talla \u00fanica.<br \/>\n&#8211; Dise\u00f1ado ergon\u00f3micamente para un uso prolongado sin molestias.<\/p>\n","protected":false},"excerpt":{"rendered":"<p>Vers\u00e1til y eficaz, la raqueta de doble golpeo Adidas es adecuada para todos los estilos de artes marciales. Tanto si eres principiante como experto, te ayudar\u00e1 a desarrollar tu t\u00e9cnica y tu fuerza. Su dise\u00f1o ergon\u00f3mico y su peso equilibrado garantizan una comodidad de uso \u00f3ptima. Caracter\u00edsticas: &#8211; Robusta carcasa exterior de PU para una [&hellip;]<\/p>\n","protected":false},"featured_media":444462,"comment_status":"open","ping_status":"closed","template":"","meta":{"inline_featured_image":false},"product_brand":[],"product_cat":[1301,1459,1630,1633],"product_tag":[1560],"sport":[],"class_list":{"0":"post-444467","1":"product","2":"type-product","3":"status-publish","4":"has-post-thumbnail","6":"product_cat-material-de-entrenamiento-de-karate","7":"product_cat-material-de-entrenamiento-de-taekwondo","8":"product_cat-sacos-de-boxeo-y-accesorios-de-entrenamiento-de-karate","9":"product_cat-sacos-de-boxeo-y-accesorios-de-entrenamiento-de-taekwondo-adidas","10":"product_tag-adidas-es","12":"first","13":"instock","14":"taxable","15":"shipping-taxable","16":"purchasable","17":"product-type-simple"},"yoast_head":"<!-- This site is optimized with the Yoast SEO plugin v27.2 - https:\/\/yoast.com\/product\/yoast-seo-wordpress\/ -->\n<title>raqueta adidas doble punching &#8211; Daisho<\/title>\n<meta name=\"description\" content=\"Desarrolla tus t\u00e9cnicas con nuestras raquetas de doble golpe. Son adecuadas para todas las artes marciales Encu\u00e9ntralas en www.daisho.be\/Daisho\" \/>\n<meta name=\"robots\" content=\"index, follow, max-snippet:-1, max-image-preview:large, max-video-preview:-1\" \/>\n<link rel=\"canonical\" href=\"https:\/\/www.daisho.be\/es\/produit\/raqueta-adidas-doble-punching\/\" \/>\n<meta property=\"og:locale\" content=\"es_ES\" \/>\n<meta property=\"og:type\" content=\"article\" \/>\n<meta property=\"og:title\" content=\"raqueta adidas doble punching &#8211; Daisho\" \/>\n<meta property=\"og:description\" content=\"Desarrolla tus t\u00e9cnicas con nuestras raquetas de doble golpe. Son adecuadas para todas las artes marciales Encu\u00e9ntralas en www.daisho.be\/Daisho\" \/>\n<meta property=\"og:url\" content=\"https:\/\/www.daisho.be\/es\/produit\/raqueta-adidas-doble-punching\/\" \/>\n<meta property=\"og:site_name\" content=\"Daisho\" \/>\n<meta property=\"article:modified_time\" content=\"2025-02-25T15:36:14+00:00\" \/>\n<meta property=\"og:image\" content=\"https:\/\/www.daisho.be\/wp-content\/uploads\/2024\/10\/image-16.webp\" \/>\n\t<meta property=\"og:image:width\" content=\"1000\" \/>\n\t<meta property=\"og:image:height\" content=\"1000\" \/>\n\t<meta property=\"og:image:type\" content=\"image\/webp\" \/>\n<meta name=\"twitter:card\" content=\"summary_large_image\" \/>\n<meta name=\"twitter:label1\" content=\"Tiempo de lectura\" \/>\n\t<meta name=\"twitter:data1\" content=\"1 minuto\" \/>\n<script type=\"application\/ld+json\" class=\"yoast-schema-graph\">{\"@context\":\"https:\/\/schema.org\",\"@graph\":[{\"@type\":\"WebPage\",\"@id\":\"https:\/\/www.daisho.be\/es\/produit\/raqueta-adidas-doble-punching\/\",\"url\":\"https:\/\/www.daisho.be\/es\/produit\/raqueta-adidas-doble-punching\/\",\"name\":\"raqueta adidas doble punching &#8211; Daisho\",\"isPartOf\":{\"@id\":\"https:\/\/www.daisho.be\/es\/#website\"},\"primaryImageOfPage\":{\"@id\":\"https:\/\/www.daisho.be\/es\/produit\/raqueta-adidas-doble-punching\/#primaryimage\"},\"image\":{\"@id\":\"https:\/\/www.daisho.be\/es\/produit\/raqueta-adidas-doble-punching\/#primaryimage\"},\"thumbnailUrl\":\"https:\/\/www.daisho.be\/wp-content\/uploads\/2024\/10\/image-16.webp\",\"datePublished\":\"2024-10-25T10:03:43+00:00\",\"dateModified\":\"2025-02-25T15:36:14+00:00\",\"description\":\"Desarrolla tus t\u00e9cnicas con nuestras raquetas de doble golpe. Son adecuadas para todas las artes marciales Encu\u00e9ntralas en www.daisho.be\/Daisho\",\"breadcrumb\":{\"@id\":\"https:\/\/www.daisho.be\/es\/produit\/raqueta-adidas-doble-punching\/#breadcrumb\"},\"inLanguage\":\"es\",\"potentialAction\":[{\"@type\":\"ReadAction\",\"target\":[\"https:\/\/www.daisho.be\/es\/produit\/raqueta-adidas-doble-punching\/\"]}]},{\"@type\":\"ImageObject\",\"inLanguage\":\"es\",\"@id\":\"https:\/\/www.daisho.be\/es\/produit\/raqueta-adidas-doble-punching\/#primaryimage\",\"url\":\"https:\/\/www.daisho.be\/wp-content\/uploads\/2024\/10\/image-16.webp\",\"contentUrl\":\"https:\/\/www.daisho.be\/wp-content\/uploads\/2024\/10\/image-16.webp\",\"width\":1000,\"height\":1000,\"caption\":\"adidas-1 raqueta de doble golpe\"},{\"@type\":\"BreadcrumbList\",\"@id\":\"https:\/\/www.daisho.be\/es\/produit\/raqueta-adidas-doble-punching\/#breadcrumb\",\"itemListElement\":[{\"@type\":\"ListItem\",\"position\":1,\"name\":\"Accueil\",\"item\":\"https:\/\/www.daisho.be\/es\/\"},{\"@type\":\"ListItem\",\"position\":2,\"name\":\"Productos\",\"item\":\"https:\/\/www.daisho.be\/es\/productos\/\"},{\"@type\":\"ListItem\",\"position\":3,\"name\":\"Equipamiento y ropa para artes marciales y deportes de combate\",\"item\":\"https:\/\/www.daisho.be\/es\/categorie-produit\/equipamiento-y-ropa-para-artes-marciales-y-deportes-de-combate\/\"},{\"@type\":\"ListItem\",\"position\":4,\"name\":\"Karate\",\"item\":\"https:\/\/www.daisho.be\/es\/categorie-produit\/equipamiento-y-ropa-para-artes-marciales-y-deportes-de-combate\/karate-es-2\/\"},{\"@type\":\"ListItem\",\"position\":5,\"name\":\"Material de entrenamiento de k\u00e1rate\",\"item\":\"https:\/\/www.daisho.be\/es\/categorie-produit\/equipamiento-y-ropa-para-artes-marciales-y-deportes-de-combate\/karate-es-2\/material-de-entrenamiento-de-karate\/\"},{\"@type\":\"ListItem\",\"position\":6,\"name\":\"raqueta adidas doble punching\"}]},{\"@type\":\"WebSite\",\"@id\":\"https:\/\/www.daisho.be\/es\/#website\",\"url\":\"https:\/\/www.daisho.be\/es\/\",\"name\":\"Daisho\",\"description\":\"Sp&eacute;cialiste de l'&eacute;quipement sportif d'arts martiaux\",\"publisher\":{\"@id\":\"https:\/\/www.daisho.be\/es\/#organization\"},\"potentialAction\":[{\"@type\":\"SearchAction\",\"target\":{\"@type\":\"EntryPoint\",\"urlTemplate\":\"https:\/\/www.daisho.be\/es\/?s={search_term_string}\"},\"query-input\":{\"@type\":\"PropertyValueSpecification\",\"valueRequired\":true,\"valueName\":\"search_term_string\"}}],\"inLanguage\":\"es\"},{\"@type\":\"Organization\",\"@id\":\"https:\/\/www.daisho.be\/es\/#organization\",\"name\":\"Daisho\",\"url\":\"https:\/\/www.daisho.be\/es\/\",\"logo\":{\"@type\":\"ImageObject\",\"inLanguage\":\"es\",\"@id\":\"https:\/\/www.daisho.be\/es\/#\/schema\/logo\/image\/\",\"url\":\"https:\/\/www.daisho.be\/wp-content\/uploads\/2019\/07\/color-nothing-horizontale4x-e1564486100247.png\",\"contentUrl\":\"https:\/\/www.daisho.be\/wp-content\/uploads\/2019\/07\/color-nothing-horizontale4x-e1564486100247.png\",\"width\":1547,\"height\":385,\"caption\":\"Daisho\"},\"image\":{\"@id\":\"https:\/\/www.daisho.be\/es\/#\/schema\/logo\/image\/\"}}]}<\/script>\n<!-- \/ Yoast SEO plugin. -->","yoast_head_json":{"title":"raqueta adidas doble punching &#8211; Daisho","description":"Desarrolla tus t\u00e9cnicas con nuestras raquetas de doble golpe. Son adecuadas para todas las artes marciales Encu\u00e9ntralas en www.daisho.be\/Daisho","robots":{"index":"index","follow":"follow","max-snippet":"max-snippet:-1","max-image-preview":"max-image-preview:large","max-video-preview":"max-video-preview:-1"},"canonical":"https:\/\/www.daisho.be\/es\/produit\/raqueta-adidas-doble-punching\/","og_locale":"es_ES","og_type":"article","og_title":"raqueta adidas doble punching &#8211; Daisho","og_description":"Desarrolla tus t\u00e9cnicas con nuestras raquetas de doble golpe. Son adecuadas para todas las artes marciales Encu\u00e9ntralas en www.daisho.be\/Daisho","og_url":"https:\/\/www.daisho.be\/es\/produit\/raqueta-adidas-doble-punching\/","og_site_name":"Daisho","article_modified_time":"2025-02-25T15:36:14+00:00","og_image":[{"width":1000,"height":1000,"url":"https:\/\/www.daisho.be\/wp-content\/uploads\/2024\/10\/image-16.webp","type":"image\/webp"}],"twitter_card":"summary_large_image","twitter_misc":{"Tiempo de lectura":"1 minuto"},"schema":{"@context":"https:\/\/schema.org","@graph":[{"@type":"WebPage","@id":"https:\/\/www.daisho.be\/es\/produit\/raqueta-adidas-doble-punching\/","url":"https:\/\/www.daisho.be\/es\/produit\/raqueta-adidas-doble-punching\/","name":"raqueta adidas doble punching &#8211; Daisho","isPartOf":{"@id":"https:\/\/www.daisho.be\/es\/#website"},"primaryImageOfPage":{"@id":"https:\/\/www.daisho.be\/es\/produit\/raqueta-adidas-doble-punching\/#primaryimage"},"image":{"@id":"https:\/\/www.daisho.be\/es\/produit\/raqueta-adidas-doble-punching\/#primaryimage"},"thumbnailUrl":"https:\/\/www.daisho.be\/wp-content\/uploads\/2024\/10\/image-16.webp","datePublished":"2024-10-25T10:03:43+00:00","dateModified":"2025-02-25T15:36:14+00:00","description":"Desarrolla tus t\u00e9cnicas con nuestras raquetas de doble golpe. Son adecuadas para todas las artes marciales Encu\u00e9ntralas en www.daisho.be\/Daisho","breadcrumb":{"@id":"https:\/\/www.daisho.be\/es\/produit\/raqueta-adidas-doble-punching\/#breadcrumb"},"inLanguage":"es","potentialAction":[{"@type":"ReadAction","target":["https:\/\/www.daisho.be\/es\/produit\/raqueta-adidas-doble-punching\/"]}]},{"@type":"ImageObject","inLanguage":"es","@id":"https:\/\/www.daisho.be\/es\/produit\/raqueta-adidas-doble-punching\/#primaryimage","url":"https:\/\/www.daisho.be\/wp-content\/uploads\/2024\/10\/image-16.webp","contentUrl":"https:\/\/www.daisho.be\/wp-content\/uploads\/2024\/10\/image-16.webp","width":1000,"height":1000,"caption":"adidas-1 raqueta de doble golpe"},{"@type":"BreadcrumbList","@id":"https:\/\/www.daisho.be\/es\/produit\/raqueta-adidas-doble-punching\/#breadcrumb","itemListElement":[{"@type":"ListItem","position":1,"name":"Accueil","item":"https:\/\/www.daisho.be\/es\/"},{"@type":"ListItem","position":2,"name":"Productos","item":"https:\/\/www.daisho.be\/es\/productos\/"},{"@type":"ListItem","position":3,"name":"Equipamiento y ropa para artes marciales y deportes de combate","item":"https:\/\/www.daisho.be\/es\/categorie-produit\/equipamiento-y-ropa-para-artes-marciales-y-deportes-de-combate\/"},{"@type":"ListItem","position":4,"name":"Karate","item":"https:\/\/www.daisho.be\/es\/categorie-produit\/equipamiento-y-ropa-para-artes-marciales-y-deportes-de-combate\/karate-es-2\/"},{"@type":"ListItem","position":5,"name":"Material de entrenamiento de k\u00e1rate","item":"https:\/\/www.daisho.be\/es\/categorie-produit\/equipamiento-y-ropa-para-artes-marciales-y-deportes-de-combate\/karate-es-2\/material-de-entrenamiento-de-karate\/"},{"@type":"ListItem","position":6,"name":"raqueta adidas doble punching"}]},{"@type":"WebSite","@id":"https:\/\/www.daisho.be\/es\/#website","url":"https:\/\/www.daisho.be\/es\/","name":"Daisho","description":"Sp&eacute;cialiste de l'&eacute;quipement sportif d'arts martiaux","publisher":{"@id":"https:\/\/www.daisho.be\/es\/#organization"},"potentialAction":[{"@type":"SearchAction","target":{"@type":"EntryPoint","urlTemplate":"https:\/\/www.daisho.be\/es\/?s={search_term_string}"},"query-input":{"@type":"PropertyValueSpecification","valueRequired":true,"valueName":"search_term_string"}}],"inLanguage":"es"},{"@type":"Organization","@id":"https:\/\/www.daisho.be\/es\/#organization","name":"Daisho","url":"https:\/\/www.daisho.be\/es\/","logo":{"@type":"ImageObject","inLanguage":"es","@id":"https:\/\/www.daisho.be\/es\/#\/schema\/logo\/image\/","url":"https:\/\/www.daisho.be\/wp-content\/uploads\/2019\/07\/color-nothing-horizontale4x-e1564486100247.png","contentUrl":"https:\/\/www.daisho.be\/wp-content\/uploads\/2019\/07\/color-nothing-horizontale4x-e1564486100247.png","width":1547,"height":385,"caption":"Daisho"},"image":{"@id":"https:\/\/www.daisho.be\/es\/#\/schema\/logo\/image\/"}}]}},"_links":{"self":[{"href":"https:\/\/www.daisho.be\/es\/wp-json\/wp\/v2\/product\/444467","targetHints":{"allow":["GET"]}}],"collection":[{"href":"https:\/\/www.daisho.be\/es\/wp-json\/wp\/v2\/product"}],"about":[{"href":"https:\/\/www.daisho.be\/es\/wp-json\/wp\/v2\/types\/product"}],"replies":[{"embeddable":true,"href":"https:\/\/www.daisho.be\/es\/wp-json\/wp\/v2\/comments?post=444467"}],"wp:featuredmedia":[{"embeddable":true,"href":"https:\/\/www.daisho.be\/es\/wp-json\/wp\/v2\/media\/444462"}],"wp:attachment":[{"href":"https:\/\/www.daisho.be\/es\/wp-json\/wp\/v2\/media?parent=444467"}],"wp:term":[{"taxonomy":"product_brand","embeddable":true,"href":"https:\/\/www.daisho.be\/es\/wp-json\/wp\/v2\/product_brand?post=444467"},{"taxonomy":"product_cat","embeddable":true,"href":"https:\/\/www.daisho.be\/es\/wp-json\/wp\/v2\/product_cat?post=444467"},{"taxonomy":"product_tag","embeddable":true,"href":"https:\/\/www.daisho.be\/es\/wp-json\/wp\/v2\/product_tag?post=444467"},{"taxonomy":"sport","embeddable":true,"href":"https:\/\/www.daisho.be\/es\/wp-json\/wp\/v2\/sport?post=444467"}],"curies":[{"name":"wp","href":"https:\/\/api.w.org\/{rel}","templated":true}]}}