{"id":443775,"date":"2024-10-19T16:28:51","date_gmt":"2024-10-19T14:28:51","guid":{"rendered":"https:\/\/www.daisho.be\/produit\/tatami-karate-verde-aprobado-por-la-wkf\/"},"modified":"2026-04-14T13:56:09","modified_gmt":"2026-04-14T11:56:09","slug":"tatami-karate-verde-aprobado-por-la-wkf","status":"publish","type":"product","link":"https:\/\/www.daisho.be\/es\/produit\/tatami-karate-verde-aprobado-por-la-wkf\/","title":{"rendered":"Tatami KARATE VERDE Aprobado por la WKF"},"content":{"rendered":"<p>Los tatamis ProGame han sido desarrollados, probados y homologados para ofrecer soluciones de alta calidad, teniendo en cuenta las necesidades de los atletas y las reglas de competici\u00f3n.<br \/>\nEl innovador dise\u00f1o de tres capas del nuevo Tatami Verde Homologado por la WKF proporciona un agarre al tatami y una precisi\u00f3n de movimientos nunca antes conseguidos por ProGame.<br \/>\nSe trata del primer tatami de origen biol\u00f3gico con caracter\u00edsticas Premium (de gama alta). Reduce las emisiones de CO2 en al menos un 20% en comparaci\u00f3n con el modelo anterior.<br \/>\nEstas colchonetas satisfacen las necesidades de los atletas y los requisitos de la WKF (Federaci\u00f3n Mundial de Karate), que regula las competiciones.<br \/>\nEl tatami puzzle Progame ofrece una dureza \u00f3ptima y una superficie antideslizante.<br \/>\nFavorece la concentraci\u00f3n y la reactividad.<br \/>\nCaracter\u00edsticas:<br \/>\n&#8211; Espuma de polietileno expandido reticulado,<br \/>\n&#8211; 20% de contenido de base biol\u00f3gica*,<br \/>\n&#8211; Menos emisiones de CO2 que el modelo anterior.<br \/>\n&#8211; Dimensiones: 1000 x 1000 x 20 mm<br \/>\n&#8211; Colores: Azul\/Verde\/Rojo (conforme a las normas de la WKF)<br \/>\n&#8211; Seguridad: EN 1177 HIC (Head Injury Criteria) &#8211; NF EN 12503.1 &#8211; NF EN 12503.4 &#8211; NF EN 12503.5 &#8211; NF EN 12503.6 &#8211; NF EN 12503.7<br \/>\n&#8211; Logotipo de la WKF impreso con l\u00e1ser.<br \/>\n&#8211; Peso: 2 kg<br \/>\nNota:<br \/>\nCon cada tatami se incluye un borde de acabado.<\/p>\n","protected":false},"excerpt":{"rendered":"<p>Los tatamis ProGame han sido desarrollados, probados y homologados para ofrecer soluciones de alta calidad, teniendo en cuenta las necesidades de los atletas y las reglas de competici\u00f3n. El innovador dise\u00f1o de tres capas del nuevo Tatami Verde Homologado por la WKF proporciona un agarre al tatami y una precisi\u00f3n de movimientos nunca antes conseguidos [&hellip;]<\/p>\n","protected":false},"featured_media":443748,"comment_status":"open","ping_status":"closed","template":"","meta":{"inline_featured_image":false},"product_brand":[],"product_cat":[1301,1294],"product_tag":[1290],"sport":[],"class_list":{"0":"post-443775","1":"product","2":"type-product","3":"status-publish","4":"has-post-thumbnail","6":"product_cat-material-de-entrenamiento-de-karate","7":"product_cat-tatamis-de-judo-karate-y-taekwondo-artes-marciales","8":"product_tag-progame-tatamis-es","9":"pa_size-2-cm","11":"first","12":"instock","13":"taxable","14":"shipping-taxable","15":"purchasable","16":"product-type-variable"},"yoast_head":"<!-- This site is optimized with the Yoast SEO plugin v27.2 - https:\/\/yoast.com\/product\/yoast-seo-wordpress\/ -->\n<title>Tatami KARATE VERDE Aprobado por la WKF &#8211; Daisho<\/title>\n<meta name=\"description\" content=\"Tatami WKF de origen biol\u00f3gico, agarre \u00f3ptimo, precisi\u00f3n de movimiento, seguridad certificada y bajo impacto de CO2. Encu\u00e9ntralos en www.daisho.be|Daisho\" \/>\n<meta name=\"robots\" content=\"index, follow, max-snippet:-1, max-image-preview:large, max-video-preview:-1\" \/>\n<link rel=\"canonical\" href=\"https:\/\/www.daisho.be\/es\/produit\/tatami-karate-verde-aprobado-por-la-wkf\/\" \/>\n<meta property=\"og:locale\" content=\"es_ES\" \/>\n<meta property=\"og:type\" content=\"article\" \/>\n<meta property=\"og:title\" content=\"Tatami KARATE VERDE Aprobado por la WKF &#8211; Daisho\" \/>\n<meta property=\"og:description\" content=\"Tatami WKF de origen biol\u00f3gico, agarre \u00f3ptimo, precisi\u00f3n de movimiento, seguridad certificada y bajo impacto de CO2. Encu\u00e9ntralos en www.daisho.be|Daisho\" \/>\n<meta property=\"og:url\" content=\"https:\/\/www.daisho.be\/es\/produit\/tatami-karate-verde-aprobado-por-la-wkf\/\" \/>\n<meta property=\"og:site_name\" content=\"Daisho\" \/>\n<meta property=\"article:modified_time\" content=\"2026-04-14T11:56:09+00:00\" \/>\n<meta property=\"og:image\" content=\"https:\/\/www.daisho.be\/wp-content\/uploads\/2024\/10\/image-46.jpg\" \/>\n\t<meta property=\"og:image:width\" content=\"1024\" \/>\n\t<meta property=\"og:image:height\" content=\"706\" \/>\n\t<meta property=\"og:image:type\" content=\"image\/jpeg\" \/>\n<meta name=\"twitter:card\" content=\"summary_large_image\" \/>\n<meta name=\"twitter:label1\" content=\"Tiempo de lectura\" \/>\n\t<meta name=\"twitter:data1\" content=\"1 minuto\" \/>\n<script type=\"application\/ld+json\" class=\"yoast-schema-graph\">{\"@context\":\"https:\/\/schema.org\",\"@graph\":[{\"@type\":\"WebPage\",\"@id\":\"https:\/\/www.daisho.be\/es\/produit\/tatami-karate-verde-aprobado-por-la-wkf\/\",\"url\":\"https:\/\/www.daisho.be\/es\/produit\/tatami-karate-verde-aprobado-por-la-wkf\/\",\"name\":\"Tatami KARATE VERDE Aprobado por la WKF &#8211; Daisho\",\"isPartOf\":{\"@id\":\"https:\/\/www.daisho.be\/es\/#website\"},\"primaryImageOfPage\":{\"@id\":\"https:\/\/www.daisho.be\/es\/produit\/tatami-karate-verde-aprobado-por-la-wkf\/#primaryimage\"},\"image\":{\"@id\":\"https:\/\/www.daisho.be\/es\/produit\/tatami-karate-verde-aprobado-por-la-wkf\/#primaryimage\"},\"thumbnailUrl\":\"https:\/\/www.daisho.be\/wp-content\/uploads\/2024\/10\/image-46.jpg\",\"datePublished\":\"2024-10-19T14:28:51+00:00\",\"dateModified\":\"2026-04-14T11:56:09+00:00\",\"description\":\"Tatami WKF de origen biol\u00f3gico, agarre \u00f3ptimo, precisi\u00f3n de movimiento, seguridad certificada y bajo impacto de CO2. Encu\u00e9ntralos en www.daisho.be|Daisho\",\"breadcrumb\":{\"@id\":\"https:\/\/www.daisho.be\/es\/produit\/tatami-karate-verde-aprobado-por-la-wkf\/#breadcrumb\"},\"inLanguage\":\"es\",\"potentialAction\":[{\"@type\":\"ReadAction\",\"target\":[\"https:\/\/www.daisho.be\/es\/produit\/tatami-karate-verde-aprobado-por-la-wkf\/\"]}]},{\"@type\":\"ImageObject\",\"inLanguage\":\"es\",\"@id\":\"https:\/\/www.daisho.be\/es\/produit\/tatami-karate-verde-aprobado-por-la-wkf\/#primaryimage\",\"url\":\"https:\/\/www.daisho.be\/wp-content\/uploads\/2024\/10\/image-46.jpg\",\"contentUrl\":\"https:\/\/www.daisho.be\/wp-content\/uploads\/2024\/10\/image-46.jpg\",\"width\":14651,\"height\":10107,\"caption\":\"Tatami KARATE VERDE Aprobado por la WKF-1\"},{\"@type\":\"BreadcrumbList\",\"@id\":\"https:\/\/www.daisho.be\/es\/produit\/tatami-karate-verde-aprobado-por-la-wkf\/#breadcrumb\",\"itemListElement\":[{\"@type\":\"ListItem\",\"position\":1,\"name\":\"Accueil\",\"item\":\"https:\/\/www.daisho.be\/es\/\"},{\"@type\":\"ListItem\",\"position\":2,\"name\":\"Productos\",\"item\":\"https:\/\/www.daisho.be\/es\/productos\/\"},{\"@type\":\"ListItem\",\"position\":3,\"name\":\"Equipamiento y ropa para artes marciales y deportes de combate\",\"item\":\"https:\/\/www.daisho.be\/es\/categorie-produit\/equipamiento-y-ropa-para-artes-marciales-y-deportes-de-combate\/\"},{\"@type\":\"ListItem\",\"position\":4,\"name\":\"Karate\",\"item\":\"https:\/\/www.daisho.be\/es\/categorie-produit\/equipamiento-y-ropa-para-artes-marciales-y-deportes-de-combate\/karate-es-2\/\"},{\"@type\":\"ListItem\",\"position\":5,\"name\":\"Material de entrenamiento de k\u00e1rate\",\"item\":\"https:\/\/www.daisho.be\/es\/categorie-produit\/equipamiento-y-ropa-para-artes-marciales-y-deportes-de-combate\/karate-es-2\/material-de-entrenamiento-de-karate\/\"},{\"@type\":\"ListItem\",\"position\":6,\"name\":\"Tatami KARATE VERDE Aprobado por la WKF\"}]},{\"@type\":\"WebSite\",\"@id\":\"https:\/\/www.daisho.be\/es\/#website\",\"url\":\"https:\/\/www.daisho.be\/es\/\",\"name\":\"Daisho\",\"description\":\"Sp&eacute;cialiste de l'&eacute;quipement sportif d'arts martiaux\",\"publisher\":{\"@id\":\"https:\/\/www.daisho.be\/es\/#organization\"},\"potentialAction\":[{\"@type\":\"SearchAction\",\"target\":{\"@type\":\"EntryPoint\",\"urlTemplate\":\"https:\/\/www.daisho.be\/es\/?s={search_term_string}\"},\"query-input\":{\"@type\":\"PropertyValueSpecification\",\"valueRequired\":true,\"valueName\":\"search_term_string\"}}],\"inLanguage\":\"es\"},{\"@type\":\"Organization\",\"@id\":\"https:\/\/www.daisho.be\/es\/#organization\",\"name\":\"Daisho\",\"url\":\"https:\/\/www.daisho.be\/es\/\",\"logo\":{\"@type\":\"ImageObject\",\"inLanguage\":\"es\",\"@id\":\"https:\/\/www.daisho.be\/es\/#\/schema\/logo\/image\/\",\"url\":\"https:\/\/www.daisho.be\/wp-content\/uploads\/2019\/07\/color-nothing-horizontale4x-e1564486100247.png\",\"contentUrl\":\"https:\/\/www.daisho.be\/wp-content\/uploads\/2019\/07\/color-nothing-horizontale4x-e1564486100247.png\",\"width\":1547,\"height\":385,\"caption\":\"Daisho\"},\"image\":{\"@id\":\"https:\/\/www.daisho.be\/es\/#\/schema\/logo\/image\/\"}}]}<\/script>\n<!-- \/ Yoast SEO plugin. -->","yoast_head_json":{"title":"Tatami KARATE VERDE Aprobado por la WKF &#8211; Daisho","description":"Tatami WKF de origen biol\u00f3gico, agarre \u00f3ptimo, precisi\u00f3n de movimiento, seguridad certificada y bajo impacto de CO2. Encu\u00e9ntralos en www.daisho.be|Daisho","robots":{"index":"index","follow":"follow","max-snippet":"max-snippet:-1","max-image-preview":"max-image-preview:large","max-video-preview":"max-video-preview:-1"},"canonical":"https:\/\/www.daisho.be\/es\/produit\/tatami-karate-verde-aprobado-por-la-wkf\/","og_locale":"es_ES","og_type":"article","og_title":"Tatami KARATE VERDE Aprobado por la WKF &#8211; Daisho","og_description":"Tatami WKF de origen biol\u00f3gico, agarre \u00f3ptimo, precisi\u00f3n de movimiento, seguridad certificada y bajo impacto de CO2. Encu\u00e9ntralos en www.daisho.be|Daisho","og_url":"https:\/\/www.daisho.be\/es\/produit\/tatami-karate-verde-aprobado-por-la-wkf\/","og_site_name":"Daisho","article_modified_time":"2026-04-14T11:56:09+00:00","og_image":[{"url":"https:\/\/www.daisho.be\/wp-content\/uploads\/2024\/10\/image-46.jpg","width":1024,"height":706,"type":"image\/jpeg"}],"twitter_card":"summary_large_image","twitter_misc":{"Tiempo de lectura":"1 minuto"},"schema":{"@context":"https:\/\/schema.org","@graph":[{"@type":"WebPage","@id":"https:\/\/www.daisho.be\/es\/produit\/tatami-karate-verde-aprobado-por-la-wkf\/","url":"https:\/\/www.daisho.be\/es\/produit\/tatami-karate-verde-aprobado-por-la-wkf\/","name":"Tatami KARATE VERDE Aprobado por la WKF &#8211; Daisho","isPartOf":{"@id":"https:\/\/www.daisho.be\/es\/#website"},"primaryImageOfPage":{"@id":"https:\/\/www.daisho.be\/es\/produit\/tatami-karate-verde-aprobado-por-la-wkf\/#primaryimage"},"image":{"@id":"https:\/\/www.daisho.be\/es\/produit\/tatami-karate-verde-aprobado-por-la-wkf\/#primaryimage"},"thumbnailUrl":"https:\/\/www.daisho.be\/wp-content\/uploads\/2024\/10\/image-46.jpg","datePublished":"2024-10-19T14:28:51+00:00","dateModified":"2026-04-14T11:56:09+00:00","description":"Tatami WKF de origen biol\u00f3gico, agarre \u00f3ptimo, precisi\u00f3n de movimiento, seguridad certificada y bajo impacto de CO2. Encu\u00e9ntralos en www.daisho.be|Daisho","breadcrumb":{"@id":"https:\/\/www.daisho.be\/es\/produit\/tatami-karate-verde-aprobado-por-la-wkf\/#breadcrumb"},"inLanguage":"es","potentialAction":[{"@type":"ReadAction","target":["https:\/\/www.daisho.be\/es\/produit\/tatami-karate-verde-aprobado-por-la-wkf\/"]}]},{"@type":"ImageObject","inLanguage":"es","@id":"https:\/\/www.daisho.be\/es\/produit\/tatami-karate-verde-aprobado-por-la-wkf\/#primaryimage","url":"https:\/\/www.daisho.be\/wp-content\/uploads\/2024\/10\/image-46.jpg","contentUrl":"https:\/\/www.daisho.be\/wp-content\/uploads\/2024\/10\/image-46.jpg","width":14651,"height":10107,"caption":"Tatami KARATE VERDE Aprobado por la WKF-1"},{"@type":"BreadcrumbList","@id":"https:\/\/www.daisho.be\/es\/produit\/tatami-karate-verde-aprobado-por-la-wkf\/#breadcrumb","itemListElement":[{"@type":"ListItem","position":1,"name":"Accueil","item":"https:\/\/www.daisho.be\/es\/"},{"@type":"ListItem","position":2,"name":"Productos","item":"https:\/\/www.daisho.be\/es\/productos\/"},{"@type":"ListItem","position":3,"name":"Equipamiento y ropa para artes marciales y deportes de combate","item":"https:\/\/www.daisho.be\/es\/categorie-produit\/equipamiento-y-ropa-para-artes-marciales-y-deportes-de-combate\/"},{"@type":"ListItem","position":4,"name":"Karate","item":"https:\/\/www.daisho.be\/es\/categorie-produit\/equipamiento-y-ropa-para-artes-marciales-y-deportes-de-combate\/karate-es-2\/"},{"@type":"ListItem","position":5,"name":"Material de entrenamiento de k\u00e1rate","item":"https:\/\/www.daisho.be\/es\/categorie-produit\/equipamiento-y-ropa-para-artes-marciales-y-deportes-de-combate\/karate-es-2\/material-de-entrenamiento-de-karate\/"},{"@type":"ListItem","position":6,"name":"Tatami KARATE VERDE Aprobado por la WKF"}]},{"@type":"WebSite","@id":"https:\/\/www.daisho.be\/es\/#website","url":"https:\/\/www.daisho.be\/es\/","name":"Daisho","description":"Sp&eacute;cialiste de l'&eacute;quipement sportif d'arts martiaux","publisher":{"@id":"https:\/\/www.daisho.be\/es\/#organization"},"potentialAction":[{"@type":"SearchAction","target":{"@type":"EntryPoint","urlTemplate":"https:\/\/www.daisho.be\/es\/?s={search_term_string}"},"query-input":{"@type":"PropertyValueSpecification","valueRequired":true,"valueName":"search_term_string"}}],"inLanguage":"es"},{"@type":"Organization","@id":"https:\/\/www.daisho.be\/es\/#organization","name":"Daisho","url":"https:\/\/www.daisho.be\/es\/","logo":{"@type":"ImageObject","inLanguage":"es","@id":"https:\/\/www.daisho.be\/es\/#\/schema\/logo\/image\/","url":"https:\/\/www.daisho.be\/wp-content\/uploads\/2019\/07\/color-nothing-horizontale4x-e1564486100247.png","contentUrl":"https:\/\/www.daisho.be\/wp-content\/uploads\/2019\/07\/color-nothing-horizontale4x-e1564486100247.png","width":1547,"height":385,"caption":"Daisho"},"image":{"@id":"https:\/\/www.daisho.be\/es\/#\/schema\/logo\/image\/"}}]}},"_links":{"self":[{"href":"https:\/\/www.daisho.be\/es\/wp-json\/wp\/v2\/product\/443775","targetHints":{"allow":["GET"]}}],"collection":[{"href":"https:\/\/www.daisho.be\/es\/wp-json\/wp\/v2\/product"}],"about":[{"href":"https:\/\/www.daisho.be\/es\/wp-json\/wp\/v2\/types\/product"}],"replies":[{"embeddable":true,"href":"https:\/\/www.daisho.be\/es\/wp-json\/wp\/v2\/comments?post=443775"}],"wp:featuredmedia":[{"embeddable":true,"href":"https:\/\/www.daisho.be\/es\/wp-json\/wp\/v2\/media\/443748"}],"wp:attachment":[{"href":"https:\/\/www.daisho.be\/es\/wp-json\/wp\/v2\/media?parent=443775"}],"wp:term":[{"taxonomy":"product_brand","embeddable":true,"href":"https:\/\/www.daisho.be\/es\/wp-json\/wp\/v2\/product_brand?post=443775"},{"taxonomy":"product_cat","embeddable":true,"href":"https:\/\/www.daisho.be\/es\/wp-json\/wp\/v2\/product_cat?post=443775"},{"taxonomy":"product_tag","embeddable":true,"href":"https:\/\/www.daisho.be\/es\/wp-json\/wp\/v2\/product_tag?post=443775"},{"taxonomy":"sport","embeddable":true,"href":"https:\/\/www.daisho.be\/es\/wp-json\/wp\/v2\/sport?post=443775"}],"curies":[{"name":"wp","href":"https:\/\/api.w.org\/{rel}","templated":true}]}}