{"id":443399,"date":"2024-10-17T14:42:10","date_gmt":"2024-10-17T12:42:10","guid":{"rendered":"https:\/\/www.daisho.be\/produit\/guantes-de-entrenamiento-adidas-grappling-negro-blanco\/"},"modified":"2025-02-25T16:36:14","modified_gmt":"2025-02-25T15:36:14","slug":"guantes-de-entrenamiento-adidas-grappling-negro-blanco","status":"publish","type":"product","link":"https:\/\/www.daisho.be\/es\/produit\/guantes-de-entrenamiento-adidas-grappling-negro-blanco\/","title":{"rendered":"Guantes de entrenamiento adidas Grappling Negro\/Blanco"},"content":{"rendered":"<p>Estos guantes de MMA est\u00e1n fabricados con piel sint\u00e9tica de alta calidad. El cierre de velcro es de PU. El acolchado es de espuma EVA, que rebota bien, lo que ofrece una buena protecci\u00f3n para tus manos y articulaciones.<\/p>\n<p>El interior est\u00e1 forrado con un material de secado r\u00e1pido que ofrece mayor comodidad y durabilidad. Estos guantes son adecuados para MMA y sparring libre, as\u00ed como para entrenamientos de boxeo con saco y almohadilla. Ventajas: &#8211; Cierre de velcro &#8211; ajuste perfecto &#8211; muy seguros &#8211; Acolchado de EVA<\/p>\n","protected":false},"excerpt":{"rendered":"<p>Estos guantes de MMA est\u00e1n fabricados con piel sint\u00e9tica de alta calidad. El cierre de velcro es de PU. El acolchado es de espuma EVA, que rebota bien, lo que ofrece una buena protecci\u00f3n para tus manos y articulaciones. El interior est\u00e1 forrado con un material de secado r\u00e1pido que ofrece mayor comodidad y durabilidad. [&hellip;]<\/p>\n","protected":false},"featured_media":443339,"comment_status":"open","ping_status":"closed","template":"","meta":{"inline_featured_image":false},"product_brand":[],"product_cat":[1595,1685,1691,1591],"product_tag":[1560],"sport":[],"class_list":{"0":"post-443399","1":"product","2":"type-product","3":"status-publish","4":"has-post-thumbnail","6":"product_cat-almohadillas-adidas-para-mma","7":"product_cat-guantes-adidas-muay-thai","8":"product_cat-guantes-de-boxeo-adidas","9":"product_cat-protectores-adidas-kickboxing","10":"product_tag-adidas-es","11":"pa_size-l","12":"pa_size-m","13":"pa_size-s","14":"pa_size-xl","16":"first","17":"instock","18":"taxable","19":"shipping-taxable","20":"purchasable","21":"product-type-variable"},"yoast_head":"<!-- This site is optimized with the Yoast SEO plugin v27.2 - https:\/\/yoast.com\/product\/yoast-seo-wordpress\/ -->\n<title>Guantes de entrenamiento adidas Grappling Negro\/Blanco &#8211; Daisho<\/title>\n<meta name=\"description\" content=\"Protege tus manos con nuestros guantes de MMA. Proporcionan una protecci\u00f3n y durabilidad \u00f3ptimas. C\u00f3mpralos en www.daisho.be\/Daisho\" \/>\n<meta name=\"robots\" content=\"index, follow, max-snippet:-1, max-image-preview:large, max-video-preview:-1\" \/>\n<link rel=\"canonical\" href=\"https:\/\/www.daisho.be\/es\/produit\/guantes-de-entrenamiento-adidas-grappling-negro-blanco\/\" \/>\n<meta property=\"og:locale\" content=\"es_ES\" \/>\n<meta property=\"og:type\" content=\"article\" \/>\n<meta property=\"og:title\" content=\"Guantes de entrenamiento adidas Grappling Negro\/Blanco &#8211; Daisho\" \/>\n<meta property=\"og:description\" content=\"Protege tus manos con nuestros guantes de MMA. Proporcionan una protecci\u00f3n y durabilidad \u00f3ptimas. C\u00f3mpralos en www.daisho.be\/Daisho\" \/>\n<meta property=\"og:url\" content=\"https:\/\/www.daisho.be\/es\/produit\/guantes-de-entrenamiento-adidas-grappling-negro-blanco\/\" \/>\n<meta property=\"og:site_name\" content=\"Daisho\" \/>\n<meta property=\"article:modified_time\" content=\"2025-02-25T15:36:14+00:00\" \/>\n<meta property=\"og:image\" content=\"https:\/\/www.daisho.be\/wp-content\/uploads\/2024\/10\/image-6.png\" \/>\n\t<meta property=\"og:image:width\" content=\"658\" \/>\n\t<meta property=\"og:image:height\" content=\"677\" \/>\n\t<meta property=\"og:image:type\" content=\"image\/png\" \/>\n<meta name=\"twitter:card\" content=\"summary_large_image\" \/>\n<script type=\"application\/ld+json\" class=\"yoast-schema-graph\">{\"@context\":\"https:\/\/schema.org\",\"@graph\":[{\"@type\":\"WebPage\",\"@id\":\"https:\/\/www.daisho.be\/es\/produit\/guantes-de-entrenamiento-adidas-grappling-negro-blanco\/\",\"url\":\"https:\/\/www.daisho.be\/es\/produit\/guantes-de-entrenamiento-adidas-grappling-negro-blanco\/\",\"name\":\"Guantes de entrenamiento adidas Grappling Negro\/Blanco &#8211; Daisho\",\"isPartOf\":{\"@id\":\"https:\/\/www.daisho.be\/es\/#website\"},\"primaryImageOfPage\":{\"@id\":\"https:\/\/www.daisho.be\/es\/produit\/guantes-de-entrenamiento-adidas-grappling-negro-blanco\/#primaryimage\"},\"image\":{\"@id\":\"https:\/\/www.daisho.be\/es\/produit\/guantes-de-entrenamiento-adidas-grappling-negro-blanco\/#primaryimage\"},\"thumbnailUrl\":\"https:\/\/www.daisho.be\/wp-content\/uploads\/2024\/10\/image-6.png\",\"datePublished\":\"2024-10-17T12:42:10+00:00\",\"dateModified\":\"2025-02-25T15:36:14+00:00\",\"description\":\"Protege tus manos con nuestros guantes de MMA. Proporcionan una protecci\u00f3n y durabilidad \u00f3ptimas. C\u00f3mpralos en www.daisho.be\/Daisho\",\"breadcrumb\":{\"@id\":\"https:\/\/www.daisho.be\/es\/produit\/guantes-de-entrenamiento-adidas-grappling-negro-blanco\/#breadcrumb\"},\"inLanguage\":\"es\",\"potentialAction\":[{\"@type\":\"ReadAction\",\"target\":[\"https:\/\/www.daisho.be\/es\/produit\/guantes-de-entrenamiento-adidas-grappling-negro-blanco\/\"]}]},{\"@type\":\"ImageObject\",\"inLanguage\":\"es\",\"@id\":\"https:\/\/www.daisho.be\/es\/produit\/guantes-de-entrenamiento-adidas-grappling-negro-blanco\/#primaryimage\",\"url\":\"https:\/\/www.daisho.be\/wp-content\/uploads\/2024\/10\/image-6.png\",\"contentUrl\":\"https:\/\/www.daisho.be\/wp-content\/uploads\/2024\/10\/image-6.png\",\"width\":658,\"height\":677,\"caption\":\"Guantes de entrenamiento adidas Grappling Negro\/Blanco-2\"},{\"@type\":\"BreadcrumbList\",\"@id\":\"https:\/\/www.daisho.be\/es\/produit\/guantes-de-entrenamiento-adidas-grappling-negro-blanco\/#breadcrumb\",\"itemListElement\":[{\"@type\":\"ListItem\",\"position\":1,\"name\":\"Accueil\",\"item\":\"https:\/\/www.daisho.be\/es\/\"},{\"@type\":\"ListItem\",\"position\":2,\"name\":\"Productos\",\"item\":\"https:\/\/www.daisho.be\/es\/productos\/\"},{\"@type\":\"ListItem\",\"position\":3,\"name\":\"ADIDAS COMBAT SPORTS\",\"item\":\"https:\/\/www.daisho.be\/es\/categorie-produit\/adidas-combat-sports-es\/\"},{\"@type\":\"ListItem\",\"position\":4,\"name\":\"MMA\",\"item\":\"https:\/\/www.daisho.be\/es\/categorie-produit\/adidas-combat-sports-es\/mma-es-2\/\"},{\"@type\":\"ListItem\",\"position\":5,\"name\":\"Almohadillas Adidas para MMA\",\"item\":\"https:\/\/www.daisho.be\/es\/categorie-produit\/adidas-combat-sports-es\/mma-es-2\/almohadillas-adidas-para-mma\/\"},{\"@type\":\"ListItem\",\"position\":6,\"name\":\"Guantes de entrenamiento adidas Grappling Negro\/Blanco\"}]},{\"@type\":\"WebSite\",\"@id\":\"https:\/\/www.daisho.be\/es\/#website\",\"url\":\"https:\/\/www.daisho.be\/es\/\",\"name\":\"Daisho\",\"description\":\"Sp&eacute;cialiste de l'&eacute;quipement sportif d'arts martiaux\",\"publisher\":{\"@id\":\"https:\/\/www.daisho.be\/es\/#organization\"},\"potentialAction\":[{\"@type\":\"SearchAction\",\"target\":{\"@type\":\"EntryPoint\",\"urlTemplate\":\"https:\/\/www.daisho.be\/es\/?s={search_term_string}\"},\"query-input\":{\"@type\":\"PropertyValueSpecification\",\"valueRequired\":true,\"valueName\":\"search_term_string\"}}],\"inLanguage\":\"es\"},{\"@type\":\"Organization\",\"@id\":\"https:\/\/www.daisho.be\/es\/#organization\",\"name\":\"Daisho\",\"url\":\"https:\/\/www.daisho.be\/es\/\",\"logo\":{\"@type\":\"ImageObject\",\"inLanguage\":\"es\",\"@id\":\"https:\/\/www.daisho.be\/es\/#\/schema\/logo\/image\/\",\"url\":\"https:\/\/www.daisho.be\/wp-content\/uploads\/2019\/07\/color-nothing-horizontale4x-e1564486100247.png\",\"contentUrl\":\"https:\/\/www.daisho.be\/wp-content\/uploads\/2019\/07\/color-nothing-horizontale4x-e1564486100247.png\",\"width\":1547,\"height\":385,\"caption\":\"Daisho\"},\"image\":{\"@id\":\"https:\/\/www.daisho.be\/es\/#\/schema\/logo\/image\/\"}}]}<\/script>\n<!-- \/ Yoast SEO plugin. -->","yoast_head_json":{"title":"Guantes de entrenamiento adidas Grappling Negro\/Blanco &#8211; Daisho","description":"Protege tus manos con nuestros guantes de MMA. Proporcionan una protecci\u00f3n y durabilidad \u00f3ptimas. C\u00f3mpralos en www.daisho.be\/Daisho","robots":{"index":"index","follow":"follow","max-snippet":"max-snippet:-1","max-image-preview":"max-image-preview:large","max-video-preview":"max-video-preview:-1"},"canonical":"https:\/\/www.daisho.be\/es\/produit\/guantes-de-entrenamiento-adidas-grappling-negro-blanco\/","og_locale":"es_ES","og_type":"article","og_title":"Guantes de entrenamiento adidas Grappling Negro\/Blanco &#8211; Daisho","og_description":"Protege tus manos con nuestros guantes de MMA. Proporcionan una protecci\u00f3n y durabilidad \u00f3ptimas. C\u00f3mpralos en www.daisho.be\/Daisho","og_url":"https:\/\/www.daisho.be\/es\/produit\/guantes-de-entrenamiento-adidas-grappling-negro-blanco\/","og_site_name":"Daisho","article_modified_time":"2025-02-25T15:36:14+00:00","og_image":[{"width":658,"height":677,"url":"https:\/\/www.daisho.be\/wp-content\/uploads\/2024\/10\/image-6.png","type":"image\/png"}],"twitter_card":"summary_large_image","schema":{"@context":"https:\/\/schema.org","@graph":[{"@type":"WebPage","@id":"https:\/\/www.daisho.be\/es\/produit\/guantes-de-entrenamiento-adidas-grappling-negro-blanco\/","url":"https:\/\/www.daisho.be\/es\/produit\/guantes-de-entrenamiento-adidas-grappling-negro-blanco\/","name":"Guantes de entrenamiento adidas Grappling Negro\/Blanco &#8211; Daisho","isPartOf":{"@id":"https:\/\/www.daisho.be\/es\/#website"},"primaryImageOfPage":{"@id":"https:\/\/www.daisho.be\/es\/produit\/guantes-de-entrenamiento-adidas-grappling-negro-blanco\/#primaryimage"},"image":{"@id":"https:\/\/www.daisho.be\/es\/produit\/guantes-de-entrenamiento-adidas-grappling-negro-blanco\/#primaryimage"},"thumbnailUrl":"https:\/\/www.daisho.be\/wp-content\/uploads\/2024\/10\/image-6.png","datePublished":"2024-10-17T12:42:10+00:00","dateModified":"2025-02-25T15:36:14+00:00","description":"Protege tus manos con nuestros guantes de MMA. Proporcionan una protecci\u00f3n y durabilidad \u00f3ptimas. C\u00f3mpralos en www.daisho.be\/Daisho","breadcrumb":{"@id":"https:\/\/www.daisho.be\/es\/produit\/guantes-de-entrenamiento-adidas-grappling-negro-blanco\/#breadcrumb"},"inLanguage":"es","potentialAction":[{"@type":"ReadAction","target":["https:\/\/www.daisho.be\/es\/produit\/guantes-de-entrenamiento-adidas-grappling-negro-blanco\/"]}]},{"@type":"ImageObject","inLanguage":"es","@id":"https:\/\/www.daisho.be\/es\/produit\/guantes-de-entrenamiento-adidas-grappling-negro-blanco\/#primaryimage","url":"https:\/\/www.daisho.be\/wp-content\/uploads\/2024\/10\/image-6.png","contentUrl":"https:\/\/www.daisho.be\/wp-content\/uploads\/2024\/10\/image-6.png","width":658,"height":677,"caption":"Guantes de entrenamiento adidas Grappling Negro\/Blanco-2"},{"@type":"BreadcrumbList","@id":"https:\/\/www.daisho.be\/es\/produit\/guantes-de-entrenamiento-adidas-grappling-negro-blanco\/#breadcrumb","itemListElement":[{"@type":"ListItem","position":1,"name":"Accueil","item":"https:\/\/www.daisho.be\/es\/"},{"@type":"ListItem","position":2,"name":"Productos","item":"https:\/\/www.daisho.be\/es\/productos\/"},{"@type":"ListItem","position":3,"name":"ADIDAS COMBAT SPORTS","item":"https:\/\/www.daisho.be\/es\/categorie-produit\/adidas-combat-sports-es\/"},{"@type":"ListItem","position":4,"name":"MMA","item":"https:\/\/www.daisho.be\/es\/categorie-produit\/adidas-combat-sports-es\/mma-es-2\/"},{"@type":"ListItem","position":5,"name":"Almohadillas Adidas para MMA","item":"https:\/\/www.daisho.be\/es\/categorie-produit\/adidas-combat-sports-es\/mma-es-2\/almohadillas-adidas-para-mma\/"},{"@type":"ListItem","position":6,"name":"Guantes de entrenamiento adidas Grappling Negro\/Blanco"}]},{"@type":"WebSite","@id":"https:\/\/www.daisho.be\/es\/#website","url":"https:\/\/www.daisho.be\/es\/","name":"Daisho","description":"Sp&eacute;cialiste de l'&eacute;quipement sportif d'arts martiaux","publisher":{"@id":"https:\/\/www.daisho.be\/es\/#organization"},"potentialAction":[{"@type":"SearchAction","target":{"@type":"EntryPoint","urlTemplate":"https:\/\/www.daisho.be\/es\/?s={search_term_string}"},"query-input":{"@type":"PropertyValueSpecification","valueRequired":true,"valueName":"search_term_string"}}],"inLanguage":"es"},{"@type":"Organization","@id":"https:\/\/www.daisho.be\/es\/#organization","name":"Daisho","url":"https:\/\/www.daisho.be\/es\/","logo":{"@type":"ImageObject","inLanguage":"es","@id":"https:\/\/www.daisho.be\/es\/#\/schema\/logo\/image\/","url":"https:\/\/www.daisho.be\/wp-content\/uploads\/2019\/07\/color-nothing-horizontale4x-e1564486100247.png","contentUrl":"https:\/\/www.daisho.be\/wp-content\/uploads\/2019\/07\/color-nothing-horizontale4x-e1564486100247.png","width":1547,"height":385,"caption":"Daisho"},"image":{"@id":"https:\/\/www.daisho.be\/es\/#\/schema\/logo\/image\/"}}]}},"_links":{"self":[{"href":"https:\/\/www.daisho.be\/es\/wp-json\/wp\/v2\/product\/443399","targetHints":{"allow":["GET"]}}],"collection":[{"href":"https:\/\/www.daisho.be\/es\/wp-json\/wp\/v2\/product"}],"about":[{"href":"https:\/\/www.daisho.be\/es\/wp-json\/wp\/v2\/types\/product"}],"replies":[{"embeddable":true,"href":"https:\/\/www.daisho.be\/es\/wp-json\/wp\/v2\/comments?post=443399"}],"wp:featuredmedia":[{"embeddable":true,"href":"https:\/\/www.daisho.be\/es\/wp-json\/wp\/v2\/media\/443339"}],"wp:attachment":[{"href":"https:\/\/www.daisho.be\/es\/wp-json\/wp\/v2\/media?parent=443399"}],"wp:term":[{"taxonomy":"product_brand","embeddable":true,"href":"https:\/\/www.daisho.be\/es\/wp-json\/wp\/v2\/product_brand?post=443399"},{"taxonomy":"product_cat","embeddable":true,"href":"https:\/\/www.daisho.be\/es\/wp-json\/wp\/v2\/product_cat?post=443399"},{"taxonomy":"product_tag","embeddable":true,"href":"https:\/\/www.daisho.be\/es\/wp-json\/wp\/v2\/product_tag?post=443399"},{"taxonomy":"sport","embeddable":true,"href":"https:\/\/www.daisho.be\/es\/wp-json\/wp\/v2\/sport?post=443399"}],"curies":[{"name":"wp","href":"https:\/\/api.w.org\/{rel}","templated":true}]}}