{"id":443317,"date":"2024-10-17T14:31:48","date_gmt":"2024-10-17T12:31:48","guid":{"rendered":"https:\/\/www.daisho.be\/produit\/bolsa-deportiva-adidas-big-zip-bag-2-en-1-gris-rojo\/"},"modified":"2025-10-09T14:29:07","modified_gmt":"2025-10-09T12:29:07","slug":"bolsa-deportiva-adidas-big-zip-bag-2-en-1-gris-rojo","status":"publish","type":"product","link":"https:\/\/www.daisho.be\/es\/produit\/bolsa-deportiva-adidas-big-zip-bag-2-en-1-gris-rojo\/","title":{"rendered":"Bolsa Deportiva ADIDAS Big Zip Bag 2 en 1 &#8211; Gris\/Rojo"},"content":{"rendered":"<p>NOVEDAD La elegante Bolsa adidas Gran Cremallera tambi\u00e9n puede utilizarse como mochila. La bolsa tiene una gran cremallera en el compartimento principal.<\/p>\n<p>Adem\u00e1s, la bolsa\/mochila tiene un bolsillo lateral con una cremallera larga. Gracias a su forma, la bolsa tambi\u00e9n se puede colocar en vertical. Las correas de la mochila se guardan ordenadamente en un compartimento separado. Un lado con el logotipo grande de adidas.  El segundo lado presenta un cierre de cremallera y 3 rayas adidas del color de la bolsa.<\/p>\n<p>Caracter\u00edsticas :<br \/>\n&#8211; Material : PU &#8211; polipiel<br \/>\n&#8211; Gran compartimento principal con cremallera Bigzip<br \/>\n&#8211; compartimento lateral longitudinal interior con bolsillo de malla adicional<br \/>\n&#8211; con tirantes retr\u00e1ctiles<\/p>\n<p>Talla M :<br \/>\nLargo aprox. 62 cm, alto aprox. 31 cm, ancho aprox. 31 cm<br \/>\nvolumen aprox. 50 litros<\/p>\n<p>Talla L :<\/p>\n<p>Longitud aprox. 72 cm, altura aprox. 34 cm, anchura: aprox. 34 cm volumen aprox. 65 litros Activa la funci\u00f3n mochila: Las correas de los hombros se guardan en la espalda.<br \/>\nGira la bolsa para que puedas ver la parte trasera.<br \/>\nEn la parte superior hay una leng\u00fceta sujeta con velcro. <x id=\"gid_0\"><\/x><x id=\"gid_1\"><\/x><x id=\"gid_2\"><\/x>\u00c1brela. En la parte inferior de la bolsa, ver\u00e1s dos peque\u00f1as aberturas a izquierda y derecha. Desengancha los mosquetones y retira las correas de los hombros por la abertura superior. Vuelve a enganchar los mosquetones en la parte inferior desde el exterior. Repita esta operaci\u00f3n con la segunda correa y la bolsa funcionar\u00e1 como una mochila.  <\/p>\n","protected":false},"excerpt":{"rendered":"<p>NOVEDAD La elegante Bolsa adidas Gran Cremallera tambi\u00e9n puede utilizarse como mochila. La bolsa tiene una gran cremallera en el compartimento principal. Adem\u00e1s, la bolsa\/mochila tiene un bolsillo lateral con una cremallera larga. Gracias a su forma, la bolsa tambi\u00e9n se puede colocar en vertical. Las correas de la mochila se guardan ordenadamente en un [&hellip;]<\/p>\n","protected":false},"featured_media":443302,"comment_status":"open","ping_status":"closed","template":"","meta":{"inline_featured_image":false},"product_brand":[],"product_cat":[1580,1451,1585,1452],"product_tag":[1560],"sport":[],"class_list":{"0":"post-443317","1":"product","2":"type-product","3":"status-publish","4":"has-post-thumbnail","6":"product_cat-bolsa-de-karate-adidas","7":"product_cat-bolsas-de-deporte","8":"product_cat-bolsas-de-deporte-adidas-combat","9":"product_cat-bolsas-de-karate","10":"product_tag-adidas-es","11":"pa_size-l","12":"pa_size-m","14":"first","15":"instock","16":"taxable","17":"shipping-taxable","18":"purchasable","19":"product-type-variable"},"yoast_head":"<!-- This site is optimized with the Yoast SEO plugin v27.2 - https:\/\/yoast.com\/product\/yoast-seo-wordpress\/ -->\n<title>Bolsa Deportiva ADIDAS Big Zip Bag 2 en 1 - Gris\/Rojo &#8211; Daisho<\/title>\n<meta name=\"robots\" content=\"index, follow, max-snippet:-1, max-image-preview:large, max-video-preview:-1\" \/>\n<link rel=\"canonical\" href=\"https:\/\/www.daisho.be\/es\/produit\/bolsa-deportiva-adidas-big-zip-bag-2-en-1-gris-rojo\/\" \/>\n<meta property=\"og:locale\" content=\"es_ES\" \/>\n<meta property=\"og:type\" content=\"article\" \/>\n<meta property=\"og:title\" content=\"Bolsa Deportiva ADIDAS Big Zip Bag 2 en 1 - Gris\/Rojo &#8211; Daisho\" \/>\n<meta property=\"og:description\" content=\"NOVEDAD La elegante Bolsa adidas Gran Cremallera tambi\u00e9n puede utilizarse como mochila. La bolsa tiene una gran cremallera en el compartimento principal. Adem\u00e1s, la bolsa\/mochila tiene un bolsillo lateral con una cremallera larga. Gracias a su forma, la bolsa tambi\u00e9n se puede colocar en vertical. Las correas de la mochila se guardan ordenadamente en un [&hellip;]\" \/>\n<meta property=\"og:url\" content=\"https:\/\/www.daisho.be\/es\/produit\/bolsa-deportiva-adidas-big-zip-bag-2-en-1-gris-rojo\/\" \/>\n<meta property=\"og:site_name\" content=\"Daisho\" \/>\n<meta property=\"article:modified_time\" content=\"2025-10-09T12:29:07+00:00\" \/>\n<meta property=\"og:image\" content=\"https:\/\/www.daisho.be\/wp-content\/uploads\/2024\/10\/image-4.png\" \/>\n\t<meta property=\"og:image:width\" content=\"734\" \/>\n\t<meta property=\"og:image:height\" content=\"537\" \/>\n\t<meta property=\"og:image:type\" content=\"image\/png\" \/>\n<meta name=\"twitter:card\" content=\"summary_large_image\" \/>\n<meta name=\"twitter:label1\" content=\"Tiempo de lectura\" \/>\n\t<meta name=\"twitter:data1\" content=\"1 minuto\" \/>\n<script type=\"application\/ld+json\" class=\"yoast-schema-graph\">{\"@context\":\"https:\/\/schema.org\",\"@graph\":[{\"@type\":\"WebPage\",\"@id\":\"https:\/\/www.daisho.be\/es\/produit\/bolsa-deportiva-adidas-big-zip-bag-2-en-1-gris-rojo\/\",\"url\":\"https:\/\/www.daisho.be\/es\/produit\/bolsa-deportiva-adidas-big-zip-bag-2-en-1-gris-rojo\/\",\"name\":\"Bolsa Deportiva ADIDAS Big Zip Bag 2 en 1 - Gris\/Rojo &#8211; Daisho\",\"isPartOf\":{\"@id\":\"https:\/\/www.daisho.be\/es\/#website\"},\"primaryImageOfPage\":{\"@id\":\"https:\/\/www.daisho.be\/es\/produit\/bolsa-deportiva-adidas-big-zip-bag-2-en-1-gris-rojo\/#primaryimage\"},\"image\":{\"@id\":\"https:\/\/www.daisho.be\/es\/produit\/bolsa-deportiva-adidas-big-zip-bag-2-en-1-gris-rojo\/#primaryimage\"},\"thumbnailUrl\":\"https:\/\/www.daisho.be\/wp-content\/uploads\/2024\/10\/image-4.png\",\"datePublished\":\"2024-10-17T12:31:48+00:00\",\"dateModified\":\"2025-10-09T12:29:07+00:00\",\"breadcrumb\":{\"@id\":\"https:\/\/www.daisho.be\/es\/produit\/bolsa-deportiva-adidas-big-zip-bag-2-en-1-gris-rojo\/#breadcrumb\"},\"inLanguage\":\"es\",\"potentialAction\":[{\"@type\":\"ReadAction\",\"target\":[\"https:\/\/www.daisho.be\/es\/produit\/bolsa-deportiva-adidas-big-zip-bag-2-en-1-gris-rojo\/\"]}]},{\"@type\":\"ImageObject\",\"inLanguage\":\"es\",\"@id\":\"https:\/\/www.daisho.be\/es\/produit\/bolsa-deportiva-adidas-big-zip-bag-2-en-1-gris-rojo\/#primaryimage\",\"url\":\"https:\/\/www.daisho.be\/wp-content\/uploads\/2024\/10\/image-4.png\",\"contentUrl\":\"https:\/\/www.daisho.be\/wp-content\/uploads\/2024\/10\/image-4.png\",\"width\":734,\"height\":537,\"caption\":\"Bolsa Deportiva ADIDAS Big Zip Bag 2 en 1 - Gris\/Rojo-1\"},{\"@type\":\"BreadcrumbList\",\"@id\":\"https:\/\/www.daisho.be\/es\/produit\/bolsa-deportiva-adidas-big-zip-bag-2-en-1-gris-rojo\/#breadcrumb\",\"itemListElement\":[{\"@type\":\"ListItem\",\"position\":1,\"name\":\"Accueil\",\"item\":\"https:\/\/www.daisho.be\/es\/\"},{\"@type\":\"ListItem\",\"position\":2,\"name\":\"Productos\",\"item\":\"https:\/\/www.daisho.be\/es\/productos\/\"},{\"@type\":\"ListItem\",\"position\":3,\"name\":\"ADIDAS COMBAT SPORTS\",\"item\":\"https:\/\/www.daisho.be\/es\/categorie-produit\/adidas-combat-sports-es\/\"},{\"@type\":\"ListItem\",\"position\":4,\"name\":\"Karate\",\"item\":\"https:\/\/www.daisho.be\/es\/categorie-produit\/adidas-combat-sports-es\/karate-es\/\"},{\"@type\":\"ListItem\",\"position\":5,\"name\":\"Bolsa de k\u00e1rate Adidas\",\"item\":\"https:\/\/www.daisho.be\/es\/categorie-produit\/adidas-combat-sports-es\/karate-es\/bolsa-de-karate-adidas\/\"},{\"@type\":\"ListItem\",\"position\":6,\"name\":\"Bolsa Deportiva ADIDAS Big Zip Bag 2 en 1 &#8211; Gris\/Rojo\"}]},{\"@type\":\"WebSite\",\"@id\":\"https:\/\/www.daisho.be\/es\/#website\",\"url\":\"https:\/\/www.daisho.be\/es\/\",\"name\":\"Daisho\",\"description\":\"Sp&eacute;cialiste de l'&eacute;quipement sportif d'arts martiaux\",\"publisher\":{\"@id\":\"https:\/\/www.daisho.be\/es\/#organization\"},\"potentialAction\":[{\"@type\":\"SearchAction\",\"target\":{\"@type\":\"EntryPoint\",\"urlTemplate\":\"https:\/\/www.daisho.be\/es\/?s={search_term_string}\"},\"query-input\":{\"@type\":\"PropertyValueSpecification\",\"valueRequired\":true,\"valueName\":\"search_term_string\"}}],\"inLanguage\":\"es\"},{\"@type\":\"Organization\",\"@id\":\"https:\/\/www.daisho.be\/es\/#organization\",\"name\":\"Daisho\",\"url\":\"https:\/\/www.daisho.be\/es\/\",\"logo\":{\"@type\":\"ImageObject\",\"inLanguage\":\"es\",\"@id\":\"https:\/\/www.daisho.be\/es\/#\/schema\/logo\/image\/\",\"url\":\"https:\/\/www.daisho.be\/wp-content\/uploads\/2019\/07\/color-nothing-horizontale4x-e1564486100247.png\",\"contentUrl\":\"https:\/\/www.daisho.be\/wp-content\/uploads\/2019\/07\/color-nothing-horizontale4x-e1564486100247.png\",\"width\":1547,\"height\":385,\"caption\":\"Daisho\"},\"image\":{\"@id\":\"https:\/\/www.daisho.be\/es\/#\/schema\/logo\/image\/\"}}]}<\/script>\n<!-- \/ Yoast SEO plugin. -->","yoast_head_json":{"title":"Bolsa Deportiva ADIDAS Big Zip Bag 2 en 1 - Gris\/Rojo &#8211; Daisho","robots":{"index":"index","follow":"follow","max-snippet":"max-snippet:-1","max-image-preview":"max-image-preview:large","max-video-preview":"max-video-preview:-1"},"canonical":"https:\/\/www.daisho.be\/es\/produit\/bolsa-deportiva-adidas-big-zip-bag-2-en-1-gris-rojo\/","og_locale":"es_ES","og_type":"article","og_title":"Bolsa Deportiva ADIDAS Big Zip Bag 2 en 1 - Gris\/Rojo &#8211; Daisho","og_description":"NOVEDAD La elegante Bolsa adidas Gran Cremallera tambi\u00e9n puede utilizarse como mochila. La bolsa tiene una gran cremallera en el compartimento principal. Adem\u00e1s, la bolsa\/mochila tiene un bolsillo lateral con una cremallera larga. Gracias a su forma, la bolsa tambi\u00e9n se puede colocar en vertical. Las correas de la mochila se guardan ordenadamente en un [&hellip;]","og_url":"https:\/\/www.daisho.be\/es\/produit\/bolsa-deportiva-adidas-big-zip-bag-2-en-1-gris-rojo\/","og_site_name":"Daisho","article_modified_time":"2025-10-09T12:29:07+00:00","og_image":[{"width":734,"height":537,"url":"https:\/\/www.daisho.be\/wp-content\/uploads\/2024\/10\/image-4.png","type":"image\/png"}],"twitter_card":"summary_large_image","twitter_misc":{"Tiempo de lectura":"1 minuto"},"schema":{"@context":"https:\/\/schema.org","@graph":[{"@type":"WebPage","@id":"https:\/\/www.daisho.be\/es\/produit\/bolsa-deportiva-adidas-big-zip-bag-2-en-1-gris-rojo\/","url":"https:\/\/www.daisho.be\/es\/produit\/bolsa-deportiva-adidas-big-zip-bag-2-en-1-gris-rojo\/","name":"Bolsa Deportiva ADIDAS Big Zip Bag 2 en 1 - Gris\/Rojo &#8211; Daisho","isPartOf":{"@id":"https:\/\/www.daisho.be\/es\/#website"},"primaryImageOfPage":{"@id":"https:\/\/www.daisho.be\/es\/produit\/bolsa-deportiva-adidas-big-zip-bag-2-en-1-gris-rojo\/#primaryimage"},"image":{"@id":"https:\/\/www.daisho.be\/es\/produit\/bolsa-deportiva-adidas-big-zip-bag-2-en-1-gris-rojo\/#primaryimage"},"thumbnailUrl":"https:\/\/www.daisho.be\/wp-content\/uploads\/2024\/10\/image-4.png","datePublished":"2024-10-17T12:31:48+00:00","dateModified":"2025-10-09T12:29:07+00:00","breadcrumb":{"@id":"https:\/\/www.daisho.be\/es\/produit\/bolsa-deportiva-adidas-big-zip-bag-2-en-1-gris-rojo\/#breadcrumb"},"inLanguage":"es","potentialAction":[{"@type":"ReadAction","target":["https:\/\/www.daisho.be\/es\/produit\/bolsa-deportiva-adidas-big-zip-bag-2-en-1-gris-rojo\/"]}]},{"@type":"ImageObject","inLanguage":"es","@id":"https:\/\/www.daisho.be\/es\/produit\/bolsa-deportiva-adidas-big-zip-bag-2-en-1-gris-rojo\/#primaryimage","url":"https:\/\/www.daisho.be\/wp-content\/uploads\/2024\/10\/image-4.png","contentUrl":"https:\/\/www.daisho.be\/wp-content\/uploads\/2024\/10\/image-4.png","width":734,"height":537,"caption":"Bolsa Deportiva ADIDAS Big Zip Bag 2 en 1 - Gris\/Rojo-1"},{"@type":"BreadcrumbList","@id":"https:\/\/www.daisho.be\/es\/produit\/bolsa-deportiva-adidas-big-zip-bag-2-en-1-gris-rojo\/#breadcrumb","itemListElement":[{"@type":"ListItem","position":1,"name":"Accueil","item":"https:\/\/www.daisho.be\/es\/"},{"@type":"ListItem","position":2,"name":"Productos","item":"https:\/\/www.daisho.be\/es\/productos\/"},{"@type":"ListItem","position":3,"name":"ADIDAS COMBAT SPORTS","item":"https:\/\/www.daisho.be\/es\/categorie-produit\/adidas-combat-sports-es\/"},{"@type":"ListItem","position":4,"name":"Karate","item":"https:\/\/www.daisho.be\/es\/categorie-produit\/adidas-combat-sports-es\/karate-es\/"},{"@type":"ListItem","position":5,"name":"Bolsa de k\u00e1rate Adidas","item":"https:\/\/www.daisho.be\/es\/categorie-produit\/adidas-combat-sports-es\/karate-es\/bolsa-de-karate-adidas\/"},{"@type":"ListItem","position":6,"name":"Bolsa Deportiva ADIDAS Big Zip Bag 2 en 1 &#8211; Gris\/Rojo"}]},{"@type":"WebSite","@id":"https:\/\/www.daisho.be\/es\/#website","url":"https:\/\/www.daisho.be\/es\/","name":"Daisho","description":"Sp&eacute;cialiste de l'&eacute;quipement sportif d'arts martiaux","publisher":{"@id":"https:\/\/www.daisho.be\/es\/#organization"},"potentialAction":[{"@type":"SearchAction","target":{"@type":"EntryPoint","urlTemplate":"https:\/\/www.daisho.be\/es\/?s={search_term_string}"},"query-input":{"@type":"PropertyValueSpecification","valueRequired":true,"valueName":"search_term_string"}}],"inLanguage":"es"},{"@type":"Organization","@id":"https:\/\/www.daisho.be\/es\/#organization","name":"Daisho","url":"https:\/\/www.daisho.be\/es\/","logo":{"@type":"ImageObject","inLanguage":"es","@id":"https:\/\/www.daisho.be\/es\/#\/schema\/logo\/image\/","url":"https:\/\/www.daisho.be\/wp-content\/uploads\/2019\/07\/color-nothing-horizontale4x-e1564486100247.png","contentUrl":"https:\/\/www.daisho.be\/wp-content\/uploads\/2019\/07\/color-nothing-horizontale4x-e1564486100247.png","width":1547,"height":385,"caption":"Daisho"},"image":{"@id":"https:\/\/www.daisho.be\/es\/#\/schema\/logo\/image\/"}}]}},"_links":{"self":[{"href":"https:\/\/www.daisho.be\/es\/wp-json\/wp\/v2\/product\/443317","targetHints":{"allow":["GET"]}}],"collection":[{"href":"https:\/\/www.daisho.be\/es\/wp-json\/wp\/v2\/product"}],"about":[{"href":"https:\/\/www.daisho.be\/es\/wp-json\/wp\/v2\/types\/product"}],"replies":[{"embeddable":true,"href":"https:\/\/www.daisho.be\/es\/wp-json\/wp\/v2\/comments?post=443317"}],"wp:featuredmedia":[{"embeddable":true,"href":"https:\/\/www.daisho.be\/es\/wp-json\/wp\/v2\/media\/443302"}],"wp:attachment":[{"href":"https:\/\/www.daisho.be\/es\/wp-json\/wp\/v2\/media?parent=443317"}],"wp:term":[{"taxonomy":"product_brand","embeddable":true,"href":"https:\/\/www.daisho.be\/es\/wp-json\/wp\/v2\/product_brand?post=443317"},{"taxonomy":"product_cat","embeddable":true,"href":"https:\/\/www.daisho.be\/es\/wp-json\/wp\/v2\/product_cat?post=443317"},{"taxonomy":"product_tag","embeddable":true,"href":"https:\/\/www.daisho.be\/es\/wp-json\/wp\/v2\/product_tag?post=443317"},{"taxonomy":"sport","embeddable":true,"href":"https:\/\/www.daisho.be\/es\/wp-json\/wp\/v2\/sport?post=443317"}],"curies":[{"name":"wp","href":"https:\/\/api.w.org\/{rel}","templated":true}]}}