{"id":441226,"date":"2024-10-04T13:26:28","date_gmt":"2024-10-04T11:26:28","guid":{"rendered":"https:\/\/www.daisho.be\/produit\/karategi-tokaido-kata-master-sen-wkf-made-in-japan\/"},"modified":"2026-04-09T14:56:59","modified_gmt":"2026-04-09T12:56:59","slug":"karategi-tokaido-kata-master-sen-wkf-made-in-japan","status":"publish","type":"product","link":"https:\/\/www.daisho.be\/es\/produit\/karategi-tokaido-kata-master-sen-wkf-made-in-japan\/","title":{"rendered":"KARATEGI TOKAIDO KATA MASTER SEN &#8211; WKF &#8211; MADE IN JAPAN"},"content":{"rendered":"<p>Karategi TOKAIDO Kata Master SEN &#8211; Fabricado en Jap\u00f3n, WKF<br \/>\nEl Kata Master SEN es un conjunto japon\u00e9s de alta calidad dise\u00f1ado para proporcionar una experiencia de kata excepcional.<br \/>\nSu nuevo corte, desarrollado en colaboraci\u00f3n con expertos de varios pa\u00edses (Kuwait, Alemania, Italia, Azerbaiy\u00e1n), garantiza un ajuste \u00f3ptimo.<br \/>\nLos pantalones extra anchos ofrecen una gran libertad de movimiento y una excelente elasticidad, mientras que el tejido, creado con la ayuda de atletas del equipo japon\u00e9s de kata, garantiza un sonido \u00fanico con cada movimiento.<br \/>\nEste Gi, perfecto para los competidores que aspiran a la excelencia, presenta mangas rectas que permiten una total libertad de movimientos sin que la chaqueta se deslice.<br \/>\nSus mangas cortas y falda larga ofrecen un aspecto impecable, apoyado por la tecnolog\u00eda Ultimate Sound para mejorar la expresividad durante las ejecuciones de kata.<br \/>\nEl tejido de alta densidad (10 onzas) es ligero y c\u00f3modo. Las costuras reforzadas de las mangas garantizan un ajuste excelente durante el movimiento.<br \/>\nEl pantal\u00f3n de cintura alta con cord\u00f3n de ajuste ofrece una sujeci\u00f3n fiable, incluso durante las t\u00e9cnicas complejas (bunkai).<br \/>\nFabricado con un 70% de algod\u00f3n y un 30% de poli\u00e9ster, este karategi sin bordados en el pecho, los hombros o el cuello es ideal para las competiciones de la JKA. <\/p>\n<p><img loading=\"lazy\" decoding=\"async\" class=\"size-full wp-image-416609 alignleft\" src=\"https:\/\/www.daisho.be\/wp-content\/uploads\/2019\/09\/kata-cut.png\" alt=\"\" width=\"108\" height=\"120\" srcset=\"https:\/\/www.daisho.be\/wp-content\/uploads\/2019\/09\/kata-cut.png 108w, https:\/\/www.daisho.be\/wp-content\/uploads\/2019\/09\/kata-cut-72x80.png 72w\" sizes=\"auto, (max-width: 108px) 100vw, 108px\" \/> <img loading=\"lazy\" decoding=\"async\" class=\"size-full wp-image-416601 alignleft\" src=\"https:\/\/www.daisho.be\/wp-content\/uploads\/2019\/09\/mij.png\" alt=\"\" width=\"108\" height=\"121\"> <img loading=\"lazy\" decoding=\"async\" class=\"size-full wp-image-416621 alignleft\" src=\"https:\/\/www.daisho.be\/wp-content\/uploads\/2019\/09\/wkf-approved.png\" alt=\"\" width=\"108\" height=\"121\" srcset=\"https:\/\/www.daisho.be\/wp-content\/uploads\/2019\/09\/wkf-approved.png 108w, https:\/\/www.daisho.be\/wp-content\/uploads\/2019\/09\/wkf-approved-71x80.png 71w\" sizes=\"auto, (max-width: 108px) 100vw, 108px\" \/> <img loading=\"lazy\" decoding=\"async\" class=\"size-full wp-image-416605 alignleft\" src=\"https:\/\/www.daisho.be\/wp-content\/uploads\/2019\/09\/embroidery.png\" alt=\"\" width=\"108\" height=\"122\" srcset=\"https:\/\/www.daisho.be\/wp-content\/uploads\/2019\/09\/embroidery.png 108w, https:\/\/www.daisho.be\/wp-content\/uploads\/2019\/09\/embroidery-71x80.png 71w\" sizes=\"auto, (max-width: 108px) 100vw, 108px\" \/><\/p>\n","protected":false},"excerpt":{"rendered":"<p>Karategi TOKAIDO Kata Master SEN &#8211; Fabricado en Jap\u00f3n, WKF El Kata Master SEN es un conjunto japon\u00e9s de alta calidad dise\u00f1ado para proporcionar una experiencia de kata excepcional. Su nuevo corte, desarrollado en colaboraci\u00f3n con expertos de varios pa\u00edses (Kuwait, Alemania, Italia, Azerbaiy\u00e1n), garantiza un ajuste \u00f3ptimo. Los pantalones extra anchos ofrecen una gran [&hellip;]<\/p>\n","protected":false},"featured_media":475872,"comment_status":"open","ping_status":"closed","template":"","meta":{"inline_featured_image":false},"product_brand":[],"product_cat":[1314,1311],"product_tag":[1306],"sport":[],"class_list":{"0":"post-441226","1":"product","2":"type-product","3":"status-publish","4":"has-post-thumbnail","6":"product_cat-kimonos-de-karate","7":"product_cat-trajes-kimonos","8":"product_tag-tokaido-es","9":"pa_size-380","10":"pa_size-379","11":"pa_size-387","12":"pa_size-378","13":"pa_size-386","14":"pa_size-377","15":"pa_size-385","16":"pa_size-376","17":"pa_size-384","18":"pa_size-383","20":"first","21":"instock","22":"taxable","23":"shipping-taxable","24":"purchasable","25":"product-type-variable"},"yoast_head":"<!-- This site is optimized with the Yoast SEO plugin v27.2 - https:\/\/yoast.com\/product\/yoast-seo-wordpress\/ -->\n<title>KARATEGI TOKAIDO KATA MASTER SEN - WKF - MADE IN JAPAN &#8211; Daisho<\/title>\n<meta name=\"description\" content=\"Kata Master SEN, kimono de alta calidad dise\u00f1ado para proporcionar una experiencia de kata excepcional. Encu\u00e9ntralo en www.daisho.be | Daisho\" \/>\n<meta name=\"robots\" content=\"index, follow, max-snippet:-1, max-image-preview:large, max-video-preview:-1\" \/>\n<link rel=\"canonical\" href=\"https:\/\/www.daisho.be\/es\/produit\/karategi-tokaido-kata-master-sen-wkf-made-in-japan\/\" \/>\n<meta property=\"og:locale\" content=\"es_ES\" \/>\n<meta property=\"og:type\" content=\"article\" \/>\n<meta property=\"og:title\" content=\"KARATEGI TOKAIDO KATA MASTER SEN - WKF - MADE IN JAPAN &#8211; Daisho\" \/>\n<meta property=\"og:description\" content=\"Kata Master SEN, kimono de alta calidad dise\u00f1ado para proporcionar una experiencia de kata excepcional. Encu\u00e9ntralo en www.daisho.be | Daisho\" \/>\n<meta property=\"og:url\" content=\"https:\/\/www.daisho.be\/es\/produit\/karategi-tokaido-kata-master-sen-wkf-made-in-japan\/\" \/>\n<meta property=\"og:site_name\" content=\"Daisho\" \/>\n<meta property=\"article:modified_time\" content=\"2026-04-09T12:56:59+00:00\" \/>\n<meta property=\"og:image\" content=\"https:\/\/www.daisho.be\/wp-content\/uploads\/2024\/12\/image-17.jpg\" \/>\n\t<meta property=\"og:image:width\" content=\"800\" \/>\n\t<meta property=\"og:image:height\" content=\"1280\" \/>\n\t<meta property=\"og:image:type\" content=\"image\/jpeg\" \/>\n<meta name=\"twitter:card\" content=\"summary_large_image\" \/>\n<meta name=\"twitter:label1\" content=\"Tiempo de lectura\" \/>\n\t<meta name=\"twitter:data1\" content=\"1 minuto\" \/>\n<script type=\"application\/ld+json\" class=\"yoast-schema-graph\">{\"@context\":\"https:\/\/schema.org\",\"@graph\":[{\"@type\":\"WebPage\",\"@id\":\"https:\/\/www.daisho.be\/es\/produit\/karategi-tokaido-kata-master-sen-wkf-made-in-japan\/\",\"url\":\"https:\/\/www.daisho.be\/es\/produit\/karategi-tokaido-kata-master-sen-wkf-made-in-japan\/\",\"name\":\"KARATEGI TOKAIDO KATA MASTER SEN - WKF - MADE IN JAPAN &#8211; Daisho\",\"isPartOf\":{\"@id\":\"https:\/\/www.daisho.be\/es\/#website\"},\"primaryImageOfPage\":{\"@id\":\"https:\/\/www.daisho.be\/es\/produit\/karategi-tokaido-kata-master-sen-wkf-made-in-japan\/#primaryimage\"},\"image\":{\"@id\":\"https:\/\/www.daisho.be\/es\/produit\/karategi-tokaido-kata-master-sen-wkf-made-in-japan\/#primaryimage\"},\"thumbnailUrl\":\"https:\/\/www.daisho.be\/wp-content\/uploads\/2024\/12\/image-17.jpg\",\"datePublished\":\"2024-10-04T11:26:28+00:00\",\"dateModified\":\"2026-04-09T12:56:59+00:00\",\"description\":\"Kata Master SEN, kimono de alta calidad dise\u00f1ado para proporcionar una experiencia de kata excepcional. Encu\u00e9ntralo en www.daisho.be | Daisho\",\"breadcrumb\":{\"@id\":\"https:\/\/www.daisho.be\/es\/produit\/karategi-tokaido-kata-master-sen-wkf-made-in-japan\/#breadcrumb\"},\"inLanguage\":\"es\",\"potentialAction\":[{\"@type\":\"ReadAction\",\"target\":[\"https:\/\/www.daisho.be\/es\/produit\/karategi-tokaido-kata-master-sen-wkf-made-in-japan\/\"]}]},{\"@type\":\"ImageObject\",\"inLanguage\":\"es\",\"@id\":\"https:\/\/www.daisho.be\/es\/produit\/karategi-tokaido-kata-master-sen-wkf-made-in-japan\/#primaryimage\",\"url\":\"https:\/\/www.daisho.be\/wp-content\/uploads\/2024\/12\/image-17.jpg\",\"contentUrl\":\"https:\/\/www.daisho.be\/wp-content\/uploads\/2024\/12\/image-17.jpg\",\"width\":800,\"height\":1280,\"caption\":\"KARATEGI TOKAIDO KATA MASTER SEN - WKF - MADE IN JAPAN-1\"},{\"@type\":\"BreadcrumbList\",\"@id\":\"https:\/\/www.daisho.be\/es\/produit\/karategi-tokaido-kata-master-sen-wkf-made-in-japan\/#breadcrumb\",\"itemListElement\":[{\"@type\":\"ListItem\",\"position\":1,\"name\":\"Accueil\",\"item\":\"https:\/\/www.daisho.be\/es\/\"},{\"@type\":\"ListItem\",\"position\":2,\"name\":\"Productos\",\"item\":\"https:\/\/www.daisho.be\/es\/productos\/\"},{\"@type\":\"ListItem\",\"position\":3,\"name\":\"Equipamiento y ropa para artes marciales y deportes de combate\",\"item\":\"https:\/\/www.daisho.be\/es\/categorie-produit\/equipamiento-y-ropa-para-artes-marciales-y-deportes-de-combate\/\"},{\"@type\":\"ListItem\",\"position\":4,\"name\":\"Karate\",\"item\":\"https:\/\/www.daisho.be\/es\/categorie-produit\/equipamiento-y-ropa-para-artes-marciales-y-deportes-de-combate\/karate-es-2\/\"},{\"@type\":\"ListItem\",\"position\":5,\"name\":\"Kimonos de k\u00e1rate\",\"item\":\"https:\/\/www.daisho.be\/es\/categorie-produit\/equipamiento-y-ropa-para-artes-marciales-y-deportes-de-combate\/karate-es-2\/kimonos-de-karate\/\"},{\"@type\":\"ListItem\",\"position\":6,\"name\":\"KARATEGI TOKAIDO KATA MASTER SEN &#8211; WKF &#8211; MADE IN JAPAN\"}]},{\"@type\":\"WebSite\",\"@id\":\"https:\/\/www.daisho.be\/es\/#website\",\"url\":\"https:\/\/www.daisho.be\/es\/\",\"name\":\"Daisho\",\"description\":\"Sp&eacute;cialiste de l'&eacute;quipement sportif d'arts martiaux\",\"publisher\":{\"@id\":\"https:\/\/www.daisho.be\/es\/#organization\"},\"potentialAction\":[{\"@type\":\"SearchAction\",\"target\":{\"@type\":\"EntryPoint\",\"urlTemplate\":\"https:\/\/www.daisho.be\/es\/?s={search_term_string}\"},\"query-input\":{\"@type\":\"PropertyValueSpecification\",\"valueRequired\":true,\"valueName\":\"search_term_string\"}}],\"inLanguage\":\"es\"},{\"@type\":\"Organization\",\"@id\":\"https:\/\/www.daisho.be\/es\/#organization\",\"name\":\"Daisho\",\"url\":\"https:\/\/www.daisho.be\/es\/\",\"logo\":{\"@type\":\"ImageObject\",\"inLanguage\":\"es\",\"@id\":\"https:\/\/www.daisho.be\/es\/#\/schema\/logo\/image\/\",\"url\":\"https:\/\/www.daisho.be\/wp-content\/uploads\/2019\/07\/color-nothing-horizontale4x-e1564486100247.png\",\"contentUrl\":\"https:\/\/www.daisho.be\/wp-content\/uploads\/2019\/07\/color-nothing-horizontale4x-e1564486100247.png\",\"width\":1547,\"height\":385,\"caption\":\"Daisho\"},\"image\":{\"@id\":\"https:\/\/www.daisho.be\/es\/#\/schema\/logo\/image\/\"}}]}<\/script>\n<!-- \/ Yoast SEO plugin. -->","yoast_head_json":{"title":"KARATEGI TOKAIDO KATA MASTER SEN - WKF - MADE IN JAPAN &#8211; Daisho","description":"Kata Master SEN, kimono de alta calidad dise\u00f1ado para proporcionar una experiencia de kata excepcional. Encu\u00e9ntralo en www.daisho.be | Daisho","robots":{"index":"index","follow":"follow","max-snippet":"max-snippet:-1","max-image-preview":"max-image-preview:large","max-video-preview":"max-video-preview:-1"},"canonical":"https:\/\/www.daisho.be\/es\/produit\/karategi-tokaido-kata-master-sen-wkf-made-in-japan\/","og_locale":"es_ES","og_type":"article","og_title":"KARATEGI TOKAIDO KATA MASTER SEN - WKF - MADE IN JAPAN &#8211; Daisho","og_description":"Kata Master SEN, kimono de alta calidad dise\u00f1ado para proporcionar una experiencia de kata excepcional. Encu\u00e9ntralo en www.daisho.be | Daisho","og_url":"https:\/\/www.daisho.be\/es\/produit\/karategi-tokaido-kata-master-sen-wkf-made-in-japan\/","og_site_name":"Daisho","article_modified_time":"2026-04-09T12:56:59+00:00","og_image":[{"width":800,"height":1280,"url":"https:\/\/www.daisho.be\/wp-content\/uploads\/2024\/12\/image-17.jpg","type":"image\/jpeg"}],"twitter_card":"summary_large_image","twitter_misc":{"Tiempo de lectura":"1 minuto"},"schema":{"@context":"https:\/\/schema.org","@graph":[{"@type":"WebPage","@id":"https:\/\/www.daisho.be\/es\/produit\/karategi-tokaido-kata-master-sen-wkf-made-in-japan\/","url":"https:\/\/www.daisho.be\/es\/produit\/karategi-tokaido-kata-master-sen-wkf-made-in-japan\/","name":"KARATEGI TOKAIDO KATA MASTER SEN - WKF - MADE IN JAPAN &#8211; Daisho","isPartOf":{"@id":"https:\/\/www.daisho.be\/es\/#website"},"primaryImageOfPage":{"@id":"https:\/\/www.daisho.be\/es\/produit\/karategi-tokaido-kata-master-sen-wkf-made-in-japan\/#primaryimage"},"image":{"@id":"https:\/\/www.daisho.be\/es\/produit\/karategi-tokaido-kata-master-sen-wkf-made-in-japan\/#primaryimage"},"thumbnailUrl":"https:\/\/www.daisho.be\/wp-content\/uploads\/2024\/12\/image-17.jpg","datePublished":"2024-10-04T11:26:28+00:00","dateModified":"2026-04-09T12:56:59+00:00","description":"Kata Master SEN, kimono de alta calidad dise\u00f1ado para proporcionar una experiencia de kata excepcional. Encu\u00e9ntralo en www.daisho.be | Daisho","breadcrumb":{"@id":"https:\/\/www.daisho.be\/es\/produit\/karategi-tokaido-kata-master-sen-wkf-made-in-japan\/#breadcrumb"},"inLanguage":"es","potentialAction":[{"@type":"ReadAction","target":["https:\/\/www.daisho.be\/es\/produit\/karategi-tokaido-kata-master-sen-wkf-made-in-japan\/"]}]},{"@type":"ImageObject","inLanguage":"es","@id":"https:\/\/www.daisho.be\/es\/produit\/karategi-tokaido-kata-master-sen-wkf-made-in-japan\/#primaryimage","url":"https:\/\/www.daisho.be\/wp-content\/uploads\/2024\/12\/image-17.jpg","contentUrl":"https:\/\/www.daisho.be\/wp-content\/uploads\/2024\/12\/image-17.jpg","width":800,"height":1280,"caption":"KARATEGI TOKAIDO KATA MASTER SEN - WKF - MADE IN JAPAN-1"},{"@type":"BreadcrumbList","@id":"https:\/\/www.daisho.be\/es\/produit\/karategi-tokaido-kata-master-sen-wkf-made-in-japan\/#breadcrumb","itemListElement":[{"@type":"ListItem","position":1,"name":"Accueil","item":"https:\/\/www.daisho.be\/es\/"},{"@type":"ListItem","position":2,"name":"Productos","item":"https:\/\/www.daisho.be\/es\/productos\/"},{"@type":"ListItem","position":3,"name":"Equipamiento y ropa para artes marciales y deportes de combate","item":"https:\/\/www.daisho.be\/es\/categorie-produit\/equipamiento-y-ropa-para-artes-marciales-y-deportes-de-combate\/"},{"@type":"ListItem","position":4,"name":"Karate","item":"https:\/\/www.daisho.be\/es\/categorie-produit\/equipamiento-y-ropa-para-artes-marciales-y-deportes-de-combate\/karate-es-2\/"},{"@type":"ListItem","position":5,"name":"Kimonos de k\u00e1rate","item":"https:\/\/www.daisho.be\/es\/categorie-produit\/equipamiento-y-ropa-para-artes-marciales-y-deportes-de-combate\/karate-es-2\/kimonos-de-karate\/"},{"@type":"ListItem","position":6,"name":"KARATEGI TOKAIDO KATA MASTER SEN &#8211; WKF &#8211; MADE IN JAPAN"}]},{"@type":"WebSite","@id":"https:\/\/www.daisho.be\/es\/#website","url":"https:\/\/www.daisho.be\/es\/","name":"Daisho","description":"Sp&eacute;cialiste de l'&eacute;quipement sportif d'arts martiaux","publisher":{"@id":"https:\/\/www.daisho.be\/es\/#organization"},"potentialAction":[{"@type":"SearchAction","target":{"@type":"EntryPoint","urlTemplate":"https:\/\/www.daisho.be\/es\/?s={search_term_string}"},"query-input":{"@type":"PropertyValueSpecification","valueRequired":true,"valueName":"search_term_string"}}],"inLanguage":"es"},{"@type":"Organization","@id":"https:\/\/www.daisho.be\/es\/#organization","name":"Daisho","url":"https:\/\/www.daisho.be\/es\/","logo":{"@type":"ImageObject","inLanguage":"es","@id":"https:\/\/www.daisho.be\/es\/#\/schema\/logo\/image\/","url":"https:\/\/www.daisho.be\/wp-content\/uploads\/2019\/07\/color-nothing-horizontale4x-e1564486100247.png","contentUrl":"https:\/\/www.daisho.be\/wp-content\/uploads\/2019\/07\/color-nothing-horizontale4x-e1564486100247.png","width":1547,"height":385,"caption":"Daisho"},"image":{"@id":"https:\/\/www.daisho.be\/es\/#\/schema\/logo\/image\/"}}]}},"_links":{"self":[{"href":"https:\/\/www.daisho.be\/es\/wp-json\/wp\/v2\/product\/441226","targetHints":{"allow":["GET"]}}],"collection":[{"href":"https:\/\/www.daisho.be\/es\/wp-json\/wp\/v2\/product"}],"about":[{"href":"https:\/\/www.daisho.be\/es\/wp-json\/wp\/v2\/types\/product"}],"replies":[{"embeddable":true,"href":"https:\/\/www.daisho.be\/es\/wp-json\/wp\/v2\/comments?post=441226"}],"wp:featuredmedia":[{"embeddable":true,"href":"https:\/\/www.daisho.be\/es\/wp-json\/wp\/v2\/media\/475872"}],"wp:attachment":[{"href":"https:\/\/www.daisho.be\/es\/wp-json\/wp\/v2\/media?parent=441226"}],"wp:term":[{"taxonomy":"product_brand","embeddable":true,"href":"https:\/\/www.daisho.be\/es\/wp-json\/wp\/v2\/product_brand?post=441226"},{"taxonomy":"product_cat","embeddable":true,"href":"https:\/\/www.daisho.be\/es\/wp-json\/wp\/v2\/product_cat?post=441226"},{"taxonomy":"product_tag","embeddable":true,"href":"https:\/\/www.daisho.be\/es\/wp-json\/wp\/v2\/product_tag?post=441226"},{"taxonomy":"sport","embeddable":true,"href":"https:\/\/www.daisho.be\/es\/wp-json\/wp\/v2\/sport?post=441226"}],"curies":[{"name":"wp","href":"https:\/\/api.w.org\/{rel}","templated":true}]}}