{"id":432265,"date":"2024-09-11T11:01:42","date_gmt":"2024-09-11T09:01:42","guid":{"rendered":"https:\/\/www.daisho.be\/produit\/adidas-contest-jiu-jitsu-keikogi-negro\/"},"modified":"2025-10-09T14:27:45","modified_gmt":"2025-10-09T12:27:45","slug":"adidas-contest-jiu-jitsu-keikogi-negro","status":"publish","type":"product","link":"https:\/\/www.daisho.be\/es\/produit\/adidas-contest-jiu-jitsu-keikogi-negro\/","title":{"rendered":"adidas CONTEST Jiu-Jitsu Keikogi &#8211; Negro"},"content":{"rendered":"<p>Este nuevo Gi para practicantes JJB de la marca de las tres rayas ha sido dise\u00f1ado para el entrenamiento y la competici\u00f3n.<br \/>\nEste modelo se adapta totalmente a la pr\u00e1ctica del JJB gracias a su dise\u00f1o t\u00e9cnico y a la elecci\u00f3n de materiales de alta calidad.<\/p>\n<p>Descripci\u00f3n :<br \/>\nPara entrenamientos intensivos y competiciones, homologado por la IBJJF<br \/>\n  Material de algod\u00f3n \u00abtejido perla\u00bb espec\u00edfico para jiu-jitsu: tejido ligero y resistente para mayor transpirabilidad y durabilidad<br \/>\n Tejido de la chaqueta: 60% algod\u00f3n BCI \/ 40% poli\u00e9ster reciclado Tejido 100% sostenible<br \/>\n Tejido de los pantalones: Ripstop 60% algod\u00f3n \/ 40% poli\u00e9ster<br \/>\n Forros interiores de malla sublimada<br \/>\n Cuello grueso con una sola pieza de espuma EVA de secado r\u00e1pido.<br \/>\n  Pantal\u00f3n con Ripstop resistente y rodillas reforzadas<br \/>\nTama\u00f1os: A0 (155\/160) &#8211; A1 (160\/165) &#8211; A2 (170\/175) A3 (180\/185) &#8211; A4 (185\/190)<\/p>\n","protected":false},"excerpt":{"rendered":"<p>Este nuevo Gi para practicantes JJB de la marca de las tres rayas ha sido dise\u00f1ado para el entrenamiento y la competici\u00f3n. Este modelo se adapta totalmente a la pr\u00e1ctica del JJB gracias a su dise\u00f1o t\u00e9cnico y a la elecci\u00f3n de materiales de alta calidad. Descripci\u00f3n : Para entrenamientos intensivos y competiciones, homologado por [&hellip;]<\/p>\n","protected":false},"featured_media":432251,"comment_status":"open","ping_status":"closed","template":"","meta":{"inline_featured_image":false},"product_brand":[],"product_cat":[1728,1712],"product_tag":[1560],"sport":[],"class_list":{"0":"post-432265","1":"product","2":"type-product","3":"status-publish","4":"has-post-thumbnail","6":"product_cat-kimono-jiu-jitsu-keikogi-es","7":"product_cat-kimono-judogi-adidas-es","8":"product_tag-adidas-es","9":"pa_size-a0","10":"pa_size-a1","11":"pa_size-a2","12":"pa_size-a3","13":"pa_size-a4","15":"first","16":"onbackorder","17":"taxable","18":"shipping-taxable","19":"purchasable","20":"product-type-variable"},"yoast_head":"<!-- This site is optimized with the Yoast SEO plugin v27.2 - https:\/\/yoast.com\/product\/yoast-seo-wordpress\/ -->\n<title>adidas CONTEST Jiu-Jitsu Keikogi - Negro &#8211; Daisho<\/title>\n<meta name=\"description\" content=\"\u00bfEres especialista en Jiu-Jitsu? Descubre nuestro nuevo Gi de alta calidad. \u00a1Mejora tu rendimiento! C\u00f3mpralo en nuestra p\u00e1gina web www.daisho.be\/Daisho\" \/>\n<meta name=\"robots\" content=\"index, follow, max-snippet:-1, max-image-preview:large, max-video-preview:-1\" \/>\n<link rel=\"canonical\" href=\"https:\/\/www.daisho.be\/es\/produit\/adidas-contest-jiu-jitsu-keikogi-negro\/\" \/>\n<meta property=\"og:locale\" content=\"es_ES\" \/>\n<meta property=\"og:type\" content=\"article\" \/>\n<meta property=\"og:title\" content=\"adidas CONTEST Jiu-Jitsu Keikogi - Negro &#8211; Daisho\" \/>\n<meta property=\"og:description\" content=\"\u00bfEres especialista en Jiu-Jitsu? Descubre nuestro nuevo Gi de alta calidad. \u00a1Mejora tu rendimiento! C\u00f3mpralo en nuestra p\u00e1gina web www.daisho.be\/Daisho\" \/>\n<meta property=\"og:url\" content=\"https:\/\/www.daisho.be\/es\/produit\/adidas-contest-jiu-jitsu-keikogi-negro\/\" \/>\n<meta property=\"og:site_name\" content=\"Daisho\" \/>\n<meta property=\"article:modified_time\" content=\"2025-10-09T12:27:45+00:00\" \/>\n<meta property=\"og:image\" content=\"https:\/\/www.daisho.be\/wp-content\/uploads\/2024\/09\/image-8.png\" \/>\n\t<meta property=\"og:image:width\" content=\"402\" \/>\n\t<meta property=\"og:image:height\" content=\"722\" \/>\n\t<meta property=\"og:image:type\" content=\"image\/png\" \/>\n<meta name=\"twitter:card\" content=\"summary_large_image\" \/>\n<meta name=\"twitter:label1\" content=\"Tiempo de lectura\" \/>\n\t<meta name=\"twitter:data1\" content=\"1 minuto\" \/>\n<script type=\"application\/ld+json\" class=\"yoast-schema-graph\">{\"@context\":\"https:\/\/schema.org\",\"@graph\":[{\"@type\":\"WebPage\",\"@id\":\"https:\/\/www.daisho.be\/es\/produit\/adidas-contest-jiu-jitsu-keikogi-negro\/\",\"url\":\"https:\/\/www.daisho.be\/es\/produit\/adidas-contest-jiu-jitsu-keikogi-negro\/\",\"name\":\"adidas CONTEST Jiu-Jitsu Keikogi - Negro &#8211; Daisho\",\"isPartOf\":{\"@id\":\"https:\/\/www.daisho.be\/es\/#website\"},\"primaryImageOfPage\":{\"@id\":\"https:\/\/www.daisho.be\/es\/produit\/adidas-contest-jiu-jitsu-keikogi-negro\/#primaryimage\"},\"image\":{\"@id\":\"https:\/\/www.daisho.be\/es\/produit\/adidas-contest-jiu-jitsu-keikogi-negro\/#primaryimage\"},\"thumbnailUrl\":\"https:\/\/www.daisho.be\/wp-content\/uploads\/2024\/09\/image-8.png\",\"datePublished\":\"2024-09-11T09:01:42+00:00\",\"dateModified\":\"2025-10-09T12:27:45+00:00\",\"description\":\"\u00bfEres especialista en Jiu-Jitsu? Descubre nuestro nuevo Gi de alta calidad. \u00a1Mejora tu rendimiento! C\u00f3mpralo en nuestra p\u00e1gina web www.daisho.be\/Daisho\",\"breadcrumb\":{\"@id\":\"https:\/\/www.daisho.be\/es\/produit\/adidas-contest-jiu-jitsu-keikogi-negro\/#breadcrumb\"},\"inLanguage\":\"es\",\"potentialAction\":[{\"@type\":\"ReadAction\",\"target\":[\"https:\/\/www.daisho.be\/es\/produit\/adidas-contest-jiu-jitsu-keikogi-negro\/\"]}]},{\"@type\":\"ImageObject\",\"inLanguage\":\"es\",\"@id\":\"https:\/\/www.daisho.be\/es\/produit\/adidas-contest-jiu-jitsu-keikogi-negro\/#primaryimage\",\"url\":\"https:\/\/www.daisho.be\/wp-content\/uploads\/2024\/09\/image-8.png\",\"contentUrl\":\"https:\/\/www.daisho.be\/wp-content\/uploads\/2024\/09\/image-8.png\",\"width\":402,\"height\":722,\"caption\":\"adidas CONTEST Jiu-Jitsu Keikogi - Negro-1\"},{\"@type\":\"BreadcrumbList\",\"@id\":\"https:\/\/www.daisho.be\/es\/produit\/adidas-contest-jiu-jitsu-keikogi-negro\/#breadcrumb\",\"itemListElement\":[{\"@type\":\"ListItem\",\"position\":1,\"name\":\"Accueil\",\"item\":\"https:\/\/www.daisho.be\/es\/\"},{\"@type\":\"ListItem\",\"position\":2,\"name\":\"Productos\",\"item\":\"https:\/\/www.daisho.be\/es\/productos\/\"},{\"@type\":\"ListItem\",\"position\":3,\"name\":\"ADIDAS COMBAT SPORTS\",\"item\":\"https:\/\/www.daisho.be\/es\/categorie-produit\/adidas-combat-sports-es\/\"},{\"@type\":\"ListItem\",\"position\":4,\"name\":\"Jiu-Jitsu\",\"item\":\"https:\/\/www.daisho.be\/es\/categorie-produit\/adidas-combat-sports-es\/jiu-jitsu-es\/\"},{\"@type\":\"ListItem\",\"position\":5,\"name\":\"Kimono - Jiu-Jitsu Keikogi\",\"item\":\"https:\/\/www.daisho.be\/es\/categorie-produit\/adidas-combat-sports-es\/jiu-jitsu-es\/kimono-jiu-jitsu-keikogi-es\/\"},{\"@type\":\"ListItem\",\"position\":6,\"name\":\"adidas CONTEST Jiu-Jitsu Keikogi &#8211; Negro\"}]},{\"@type\":\"WebSite\",\"@id\":\"https:\/\/www.daisho.be\/es\/#website\",\"url\":\"https:\/\/www.daisho.be\/es\/\",\"name\":\"Daisho\",\"description\":\"Sp&eacute;cialiste de l'&eacute;quipement sportif d'arts martiaux\",\"publisher\":{\"@id\":\"https:\/\/www.daisho.be\/es\/#organization\"},\"potentialAction\":[{\"@type\":\"SearchAction\",\"target\":{\"@type\":\"EntryPoint\",\"urlTemplate\":\"https:\/\/www.daisho.be\/es\/?s={search_term_string}\"},\"query-input\":{\"@type\":\"PropertyValueSpecification\",\"valueRequired\":true,\"valueName\":\"search_term_string\"}}],\"inLanguage\":\"es\"},{\"@type\":\"Organization\",\"@id\":\"https:\/\/www.daisho.be\/es\/#organization\",\"name\":\"Daisho\",\"url\":\"https:\/\/www.daisho.be\/es\/\",\"logo\":{\"@type\":\"ImageObject\",\"inLanguage\":\"es\",\"@id\":\"https:\/\/www.daisho.be\/es\/#\/schema\/logo\/image\/\",\"url\":\"https:\/\/www.daisho.be\/wp-content\/uploads\/2019\/07\/color-nothing-horizontale4x-e1564486100247.png\",\"contentUrl\":\"https:\/\/www.daisho.be\/wp-content\/uploads\/2019\/07\/color-nothing-horizontale4x-e1564486100247.png\",\"width\":1547,\"height\":385,\"caption\":\"Daisho\"},\"image\":{\"@id\":\"https:\/\/www.daisho.be\/es\/#\/schema\/logo\/image\/\"}}]}<\/script>\n<!-- \/ Yoast SEO plugin. -->","yoast_head_json":{"title":"adidas CONTEST Jiu-Jitsu Keikogi - Negro &#8211; Daisho","description":"\u00bfEres especialista en Jiu-Jitsu? Descubre nuestro nuevo Gi de alta calidad. \u00a1Mejora tu rendimiento! C\u00f3mpralo en nuestra p\u00e1gina web www.daisho.be\/Daisho","robots":{"index":"index","follow":"follow","max-snippet":"max-snippet:-1","max-image-preview":"max-image-preview:large","max-video-preview":"max-video-preview:-1"},"canonical":"https:\/\/www.daisho.be\/es\/produit\/adidas-contest-jiu-jitsu-keikogi-negro\/","og_locale":"es_ES","og_type":"article","og_title":"adidas CONTEST Jiu-Jitsu Keikogi - Negro &#8211; Daisho","og_description":"\u00bfEres especialista en Jiu-Jitsu? Descubre nuestro nuevo Gi de alta calidad. \u00a1Mejora tu rendimiento! C\u00f3mpralo en nuestra p\u00e1gina web www.daisho.be\/Daisho","og_url":"https:\/\/www.daisho.be\/es\/produit\/adidas-contest-jiu-jitsu-keikogi-negro\/","og_site_name":"Daisho","article_modified_time":"2025-10-09T12:27:45+00:00","og_image":[{"width":402,"height":722,"url":"https:\/\/www.daisho.be\/wp-content\/uploads\/2024\/09\/image-8.png","type":"image\/png"}],"twitter_card":"summary_large_image","twitter_misc":{"Tiempo de lectura":"1 minuto"},"schema":{"@context":"https:\/\/schema.org","@graph":[{"@type":"WebPage","@id":"https:\/\/www.daisho.be\/es\/produit\/adidas-contest-jiu-jitsu-keikogi-negro\/","url":"https:\/\/www.daisho.be\/es\/produit\/adidas-contest-jiu-jitsu-keikogi-negro\/","name":"adidas CONTEST Jiu-Jitsu Keikogi - Negro &#8211; Daisho","isPartOf":{"@id":"https:\/\/www.daisho.be\/es\/#website"},"primaryImageOfPage":{"@id":"https:\/\/www.daisho.be\/es\/produit\/adidas-contest-jiu-jitsu-keikogi-negro\/#primaryimage"},"image":{"@id":"https:\/\/www.daisho.be\/es\/produit\/adidas-contest-jiu-jitsu-keikogi-negro\/#primaryimage"},"thumbnailUrl":"https:\/\/www.daisho.be\/wp-content\/uploads\/2024\/09\/image-8.png","datePublished":"2024-09-11T09:01:42+00:00","dateModified":"2025-10-09T12:27:45+00:00","description":"\u00bfEres especialista en Jiu-Jitsu? Descubre nuestro nuevo Gi de alta calidad. \u00a1Mejora tu rendimiento! C\u00f3mpralo en nuestra p\u00e1gina web www.daisho.be\/Daisho","breadcrumb":{"@id":"https:\/\/www.daisho.be\/es\/produit\/adidas-contest-jiu-jitsu-keikogi-negro\/#breadcrumb"},"inLanguage":"es","potentialAction":[{"@type":"ReadAction","target":["https:\/\/www.daisho.be\/es\/produit\/adidas-contest-jiu-jitsu-keikogi-negro\/"]}]},{"@type":"ImageObject","inLanguage":"es","@id":"https:\/\/www.daisho.be\/es\/produit\/adidas-contest-jiu-jitsu-keikogi-negro\/#primaryimage","url":"https:\/\/www.daisho.be\/wp-content\/uploads\/2024\/09\/image-8.png","contentUrl":"https:\/\/www.daisho.be\/wp-content\/uploads\/2024\/09\/image-8.png","width":402,"height":722,"caption":"adidas CONTEST Jiu-Jitsu Keikogi - Negro-1"},{"@type":"BreadcrumbList","@id":"https:\/\/www.daisho.be\/es\/produit\/adidas-contest-jiu-jitsu-keikogi-negro\/#breadcrumb","itemListElement":[{"@type":"ListItem","position":1,"name":"Accueil","item":"https:\/\/www.daisho.be\/es\/"},{"@type":"ListItem","position":2,"name":"Productos","item":"https:\/\/www.daisho.be\/es\/productos\/"},{"@type":"ListItem","position":3,"name":"ADIDAS COMBAT SPORTS","item":"https:\/\/www.daisho.be\/es\/categorie-produit\/adidas-combat-sports-es\/"},{"@type":"ListItem","position":4,"name":"Jiu-Jitsu","item":"https:\/\/www.daisho.be\/es\/categorie-produit\/adidas-combat-sports-es\/jiu-jitsu-es\/"},{"@type":"ListItem","position":5,"name":"Kimono - Jiu-Jitsu Keikogi","item":"https:\/\/www.daisho.be\/es\/categorie-produit\/adidas-combat-sports-es\/jiu-jitsu-es\/kimono-jiu-jitsu-keikogi-es\/"},{"@type":"ListItem","position":6,"name":"adidas CONTEST Jiu-Jitsu Keikogi &#8211; Negro"}]},{"@type":"WebSite","@id":"https:\/\/www.daisho.be\/es\/#website","url":"https:\/\/www.daisho.be\/es\/","name":"Daisho","description":"Sp&eacute;cialiste de l'&eacute;quipement sportif d'arts martiaux","publisher":{"@id":"https:\/\/www.daisho.be\/es\/#organization"},"potentialAction":[{"@type":"SearchAction","target":{"@type":"EntryPoint","urlTemplate":"https:\/\/www.daisho.be\/es\/?s={search_term_string}"},"query-input":{"@type":"PropertyValueSpecification","valueRequired":true,"valueName":"search_term_string"}}],"inLanguage":"es"},{"@type":"Organization","@id":"https:\/\/www.daisho.be\/es\/#organization","name":"Daisho","url":"https:\/\/www.daisho.be\/es\/","logo":{"@type":"ImageObject","inLanguage":"es","@id":"https:\/\/www.daisho.be\/es\/#\/schema\/logo\/image\/","url":"https:\/\/www.daisho.be\/wp-content\/uploads\/2019\/07\/color-nothing-horizontale4x-e1564486100247.png","contentUrl":"https:\/\/www.daisho.be\/wp-content\/uploads\/2019\/07\/color-nothing-horizontale4x-e1564486100247.png","width":1547,"height":385,"caption":"Daisho"},"image":{"@id":"https:\/\/www.daisho.be\/es\/#\/schema\/logo\/image\/"}}]}},"_links":{"self":[{"href":"https:\/\/www.daisho.be\/es\/wp-json\/wp\/v2\/product\/432265","targetHints":{"allow":["GET"]}}],"collection":[{"href":"https:\/\/www.daisho.be\/es\/wp-json\/wp\/v2\/product"}],"about":[{"href":"https:\/\/www.daisho.be\/es\/wp-json\/wp\/v2\/types\/product"}],"replies":[{"embeddable":true,"href":"https:\/\/www.daisho.be\/es\/wp-json\/wp\/v2\/comments?post=432265"}],"wp:featuredmedia":[{"embeddable":true,"href":"https:\/\/www.daisho.be\/es\/wp-json\/wp\/v2\/media\/432251"}],"wp:attachment":[{"href":"https:\/\/www.daisho.be\/es\/wp-json\/wp\/v2\/media?parent=432265"}],"wp:term":[{"taxonomy":"product_brand","embeddable":true,"href":"https:\/\/www.daisho.be\/es\/wp-json\/wp\/v2\/product_brand?post=432265"},{"taxonomy":"product_cat","embeddable":true,"href":"https:\/\/www.daisho.be\/es\/wp-json\/wp\/v2\/product_cat?post=432265"},{"taxonomy":"product_tag","embeddable":true,"href":"https:\/\/www.daisho.be\/es\/wp-json\/wp\/v2\/product_tag?post=432265"},{"taxonomy":"sport","embeddable":true,"href":"https:\/\/www.daisho.be\/es\/wp-json\/wp\/v2\/sport?post=432265"}],"curies":[{"name":"wp","href":"https:\/\/api.w.org\/{rel}","templated":true}]}}