{"id":432151,"date":"2024-09-11T11:00:19","date_gmt":"2024-09-11T09:00:19","guid":{"rendered":"https:\/\/www.daisho.be\/produit\/keikogi-adidas-challenge-de-jiu-jitsu-negro\/"},"modified":"2026-02-26T08:50:29","modified_gmt":"2026-02-26T07:50:29","slug":"keikogi-adidas-challenge-de-jiu-jitsu-negro","status":"publish","type":"product","link":"https:\/\/www.daisho.be\/es\/produit\/keikogi-adidas-challenge-de-jiu-jitsu-negro\/","title":{"rendered":"Keikogi adidas \u00abChallenge\u00bb de Jiu-Jitsu &#8211; Negro"},"content":{"rendered":"<p>Este nuevo Gi de la marca de las tres rayas ha sido dise\u00f1ado para practicantes de JJB de todos los niveles.<br \/>\nEste modelo est\u00e1 totalmente adaptado a la pr\u00e1ctica de JJB gracias a su dise\u00f1o t\u00e9cnico y a la elecci\u00f3n de materiales de alta calidad.<\/p>\n<p>Descripci\u00f3n :<br \/>\nChaqueta de algod\u00f3n 100% 350 gr\/m2 preencogido premium de alta resistencia<br \/>\nCuello reforzado<br \/>\nPantal\u00f3n de algod\u00f3n prereforzado de 280 g con rodillas reforzadas, cierre de cord\u00f3n<br \/>\nLogotipo de adidas bordado en el hombro izquierdo y en el pantal\u00f3n<br \/>\nColor: negro con costuras de contraste y logotipo en blanco<\/p>\n<p>Gu\u00eda de tallas:<br \/>\n&#8211; A0: de 150 a 160 cm<br \/>\n&#8211; A1: de 160 a 170 cm<br \/>\n&#8211; A2: de 170 a 180 cm<br \/>\n&#8211; A3: de 180 a 190 cm<br \/>\n&#8211; A4: de 190 a 200 cm<\/p>\n","protected":false},"excerpt":{"rendered":"<p>Este nuevo Gi de la marca de las tres rayas ha sido dise\u00f1ado para practicantes de JJB de todos los niveles. Este modelo est\u00e1 totalmente adaptado a la pr\u00e1ctica de JJB gracias a su dise\u00f1o t\u00e9cnico y a la elecci\u00f3n de materiales de alta calidad. Descripci\u00f3n : Chaqueta de algod\u00f3n 100% 350 gr\/m2 preencogido premium [&hellip;]<\/p>\n","protected":false},"featured_media":432132,"comment_status":"open","ping_status":"closed","template":"","meta":{"inline_featured_image":false},"product_brand":[],"product_cat":[1728],"product_tag":[1560],"sport":[],"class_list":{"0":"post-432151","1":"product","2":"type-product","3":"status-publish","4":"has-post-thumbnail","6":"product_cat-kimono-jiu-jitsu-keikogi-es","7":"product_tag-adidas-es","8":"pa_size-a0","9":"pa_size-a1","10":"pa_size-a2","11":"pa_size-a3","12":"pa_size-a4","14":"first","15":"instock","16":"taxable","17":"shipping-taxable","18":"purchasable","19":"product-type-variable"},"yoast_head":"<!-- This site is optimized with the Yoast SEO plugin v27.2 - https:\/\/yoast.com\/product\/yoast-seo-wordpress\/ -->\n<title>Keikogi adidas &quot;Challenge&quot; de Jiu-Jitsu - Negro &#8211; Daisho<\/title>\n<meta name=\"description\" content=\"Si buscas un keikogi de calidad dise\u00f1ado con una t\u00e9cnica espec\u00edfica, \u00e9ste es el tuyo. Compru\u00e9balo en www.daisho.be\/Daisho\" \/>\n<meta name=\"robots\" content=\"index, follow, max-snippet:-1, max-image-preview:large, max-video-preview:-1\" \/>\n<link rel=\"canonical\" href=\"https:\/\/www.daisho.be\/es\/produit\/keikogi-adidas-challenge-de-jiu-jitsu-negro\/\" \/>\n<meta property=\"og:locale\" content=\"es_ES\" \/>\n<meta property=\"og:type\" content=\"article\" \/>\n<meta property=\"og:title\" content=\"Keikogi adidas &quot;Challenge&quot; de Jiu-Jitsu - Negro &#8211; Daisho\" \/>\n<meta property=\"og:description\" content=\"Si buscas un keikogi de calidad dise\u00f1ado con una t\u00e9cnica espec\u00edfica, \u00e9ste es el tuyo. Compru\u00e9balo en www.daisho.be\/Daisho\" \/>\n<meta property=\"og:url\" content=\"https:\/\/www.daisho.be\/es\/produit\/keikogi-adidas-challenge-de-jiu-jitsu-negro\/\" \/>\n<meta property=\"og:site_name\" content=\"Daisho\" \/>\n<meta property=\"article:modified_time\" content=\"2026-02-26T07:50:29+00:00\" \/>\n<meta property=\"og:image\" content=\"https:\/\/www.daisho.be\/wp-content\/uploads\/2024\/09\/image-5.png\" \/>\n\t<meta property=\"og:image:width\" content=\"461\" \/>\n\t<meta property=\"og:image:height\" content=\"694\" \/>\n\t<meta property=\"og:image:type\" content=\"image\/png\" \/>\n<meta name=\"twitter:card\" content=\"summary_large_image\" \/>\n<meta name=\"twitter:label1\" content=\"Tiempo de lectura\" \/>\n\t<meta name=\"twitter:data1\" content=\"1 minuto\" \/>\n<script type=\"application\/ld+json\" class=\"yoast-schema-graph\">{\"@context\":\"https:\/\/schema.org\",\"@graph\":[{\"@type\":\"WebPage\",\"@id\":\"https:\/\/www.daisho.be\/es\/produit\/keikogi-adidas-challenge-de-jiu-jitsu-negro\/\",\"url\":\"https:\/\/www.daisho.be\/es\/produit\/keikogi-adidas-challenge-de-jiu-jitsu-negro\/\",\"name\":\"Keikogi adidas \\\"Challenge\\\" de Jiu-Jitsu - Negro &#8211; Daisho\",\"isPartOf\":{\"@id\":\"https:\/\/www.daisho.be\/es\/#website\"},\"primaryImageOfPage\":{\"@id\":\"https:\/\/www.daisho.be\/es\/produit\/keikogi-adidas-challenge-de-jiu-jitsu-negro\/#primaryimage\"},\"image\":{\"@id\":\"https:\/\/www.daisho.be\/es\/produit\/keikogi-adidas-challenge-de-jiu-jitsu-negro\/#primaryimage\"},\"thumbnailUrl\":\"https:\/\/www.daisho.be\/wp-content\/uploads\/2024\/09\/image-5.png\",\"datePublished\":\"2024-09-11T09:00:19+00:00\",\"dateModified\":\"2026-02-26T07:50:29+00:00\",\"description\":\"Si buscas un keikogi de calidad dise\u00f1ado con una t\u00e9cnica espec\u00edfica, \u00e9ste es el tuyo. Compru\u00e9balo en www.daisho.be\/Daisho\",\"breadcrumb\":{\"@id\":\"https:\/\/www.daisho.be\/es\/produit\/keikogi-adidas-challenge-de-jiu-jitsu-negro\/#breadcrumb\"},\"inLanguage\":\"es\",\"potentialAction\":[{\"@type\":\"ReadAction\",\"target\":[\"https:\/\/www.daisho.be\/es\/produit\/keikogi-adidas-challenge-de-jiu-jitsu-negro\/\"]}]},{\"@type\":\"ImageObject\",\"inLanguage\":\"es\",\"@id\":\"https:\/\/www.daisho.be\/es\/produit\/keikogi-adidas-challenge-de-jiu-jitsu-negro\/#primaryimage\",\"url\":\"https:\/\/www.daisho.be\/wp-content\/uploads\/2024\/09\/image-5.png\",\"contentUrl\":\"https:\/\/www.daisho.be\/wp-content\/uploads\/2024\/09\/image-5.png\",\"width\":461,\"height\":694,\"caption\":\"Keikogi de jiu-jitsu adidas \\\"Challenge\\\" - Negro-1\"},{\"@type\":\"BreadcrumbList\",\"@id\":\"https:\/\/www.daisho.be\/es\/produit\/keikogi-adidas-challenge-de-jiu-jitsu-negro\/#breadcrumb\",\"itemListElement\":[{\"@type\":\"ListItem\",\"position\":1,\"name\":\"Accueil\",\"item\":\"https:\/\/www.daisho.be\/es\/\"},{\"@type\":\"ListItem\",\"position\":2,\"name\":\"Productos\",\"item\":\"https:\/\/www.daisho.be\/es\/productos\/\"},{\"@type\":\"ListItem\",\"position\":3,\"name\":\"ADIDAS COMBAT SPORTS\",\"item\":\"https:\/\/www.daisho.be\/es\/categorie-produit\/adidas-combat-sports-es\/\"},{\"@type\":\"ListItem\",\"position\":4,\"name\":\"Jiu-Jitsu\",\"item\":\"https:\/\/www.daisho.be\/es\/categorie-produit\/adidas-combat-sports-es\/jiu-jitsu-es\/\"},{\"@type\":\"ListItem\",\"position\":5,\"name\":\"Kimono - Jiu-Jitsu Keikogi\",\"item\":\"https:\/\/www.daisho.be\/es\/categorie-produit\/adidas-combat-sports-es\/jiu-jitsu-es\/kimono-jiu-jitsu-keikogi-es\/\"},{\"@type\":\"ListItem\",\"position\":6,\"name\":\"Keikogi adidas \u00ab\u00a0Challenge\u00a0\u00bb de Jiu-Jitsu &#8211; Negro\"}]},{\"@type\":\"WebSite\",\"@id\":\"https:\/\/www.daisho.be\/es\/#website\",\"url\":\"https:\/\/www.daisho.be\/es\/\",\"name\":\"Daisho\",\"description\":\"Sp&eacute;cialiste de l'&eacute;quipement sportif d'arts martiaux\",\"publisher\":{\"@id\":\"https:\/\/www.daisho.be\/es\/#organization\"},\"potentialAction\":[{\"@type\":\"SearchAction\",\"target\":{\"@type\":\"EntryPoint\",\"urlTemplate\":\"https:\/\/www.daisho.be\/es\/?s={search_term_string}\"},\"query-input\":{\"@type\":\"PropertyValueSpecification\",\"valueRequired\":true,\"valueName\":\"search_term_string\"}}],\"inLanguage\":\"es\"},{\"@type\":\"Organization\",\"@id\":\"https:\/\/www.daisho.be\/es\/#organization\",\"name\":\"Daisho\",\"url\":\"https:\/\/www.daisho.be\/es\/\",\"logo\":{\"@type\":\"ImageObject\",\"inLanguage\":\"es\",\"@id\":\"https:\/\/www.daisho.be\/es\/#\/schema\/logo\/image\/\",\"url\":\"https:\/\/www.daisho.be\/wp-content\/uploads\/2019\/07\/color-nothing-horizontale4x-e1564486100247.png\",\"contentUrl\":\"https:\/\/www.daisho.be\/wp-content\/uploads\/2019\/07\/color-nothing-horizontale4x-e1564486100247.png\",\"width\":1547,\"height\":385,\"caption\":\"Daisho\"},\"image\":{\"@id\":\"https:\/\/www.daisho.be\/es\/#\/schema\/logo\/image\/\"}}]}<\/script>\n<!-- \/ Yoast SEO plugin. -->","yoast_head_json":{"title":"Keikogi adidas \"Challenge\" de Jiu-Jitsu - Negro &#8211; Daisho","description":"Si buscas un keikogi de calidad dise\u00f1ado con una t\u00e9cnica espec\u00edfica, \u00e9ste es el tuyo. Compru\u00e9balo en www.daisho.be\/Daisho","robots":{"index":"index","follow":"follow","max-snippet":"max-snippet:-1","max-image-preview":"max-image-preview:large","max-video-preview":"max-video-preview:-1"},"canonical":"https:\/\/www.daisho.be\/es\/produit\/keikogi-adidas-challenge-de-jiu-jitsu-negro\/","og_locale":"es_ES","og_type":"article","og_title":"Keikogi adidas \"Challenge\" de Jiu-Jitsu - Negro &#8211; Daisho","og_description":"Si buscas un keikogi de calidad dise\u00f1ado con una t\u00e9cnica espec\u00edfica, \u00e9ste es el tuyo. Compru\u00e9balo en www.daisho.be\/Daisho","og_url":"https:\/\/www.daisho.be\/es\/produit\/keikogi-adidas-challenge-de-jiu-jitsu-negro\/","og_site_name":"Daisho","article_modified_time":"2026-02-26T07:50:29+00:00","og_image":[{"width":461,"height":694,"url":"https:\/\/www.daisho.be\/wp-content\/uploads\/2024\/09\/image-5.png","type":"image\/png"}],"twitter_card":"summary_large_image","twitter_misc":{"Tiempo de lectura":"1 minuto"},"schema":{"@context":"https:\/\/schema.org","@graph":[{"@type":"WebPage","@id":"https:\/\/www.daisho.be\/es\/produit\/keikogi-adidas-challenge-de-jiu-jitsu-negro\/","url":"https:\/\/www.daisho.be\/es\/produit\/keikogi-adidas-challenge-de-jiu-jitsu-negro\/","name":"Keikogi adidas \"Challenge\" de Jiu-Jitsu - Negro &#8211; Daisho","isPartOf":{"@id":"https:\/\/www.daisho.be\/es\/#website"},"primaryImageOfPage":{"@id":"https:\/\/www.daisho.be\/es\/produit\/keikogi-adidas-challenge-de-jiu-jitsu-negro\/#primaryimage"},"image":{"@id":"https:\/\/www.daisho.be\/es\/produit\/keikogi-adidas-challenge-de-jiu-jitsu-negro\/#primaryimage"},"thumbnailUrl":"https:\/\/www.daisho.be\/wp-content\/uploads\/2024\/09\/image-5.png","datePublished":"2024-09-11T09:00:19+00:00","dateModified":"2026-02-26T07:50:29+00:00","description":"Si buscas un keikogi de calidad dise\u00f1ado con una t\u00e9cnica espec\u00edfica, \u00e9ste es el tuyo. Compru\u00e9balo en www.daisho.be\/Daisho","breadcrumb":{"@id":"https:\/\/www.daisho.be\/es\/produit\/keikogi-adidas-challenge-de-jiu-jitsu-negro\/#breadcrumb"},"inLanguage":"es","potentialAction":[{"@type":"ReadAction","target":["https:\/\/www.daisho.be\/es\/produit\/keikogi-adidas-challenge-de-jiu-jitsu-negro\/"]}]},{"@type":"ImageObject","inLanguage":"es","@id":"https:\/\/www.daisho.be\/es\/produit\/keikogi-adidas-challenge-de-jiu-jitsu-negro\/#primaryimage","url":"https:\/\/www.daisho.be\/wp-content\/uploads\/2024\/09\/image-5.png","contentUrl":"https:\/\/www.daisho.be\/wp-content\/uploads\/2024\/09\/image-5.png","width":461,"height":694,"caption":"Keikogi de jiu-jitsu adidas \"Challenge\" - Negro-1"},{"@type":"BreadcrumbList","@id":"https:\/\/www.daisho.be\/es\/produit\/keikogi-adidas-challenge-de-jiu-jitsu-negro\/#breadcrumb","itemListElement":[{"@type":"ListItem","position":1,"name":"Accueil","item":"https:\/\/www.daisho.be\/es\/"},{"@type":"ListItem","position":2,"name":"Productos","item":"https:\/\/www.daisho.be\/es\/productos\/"},{"@type":"ListItem","position":3,"name":"ADIDAS COMBAT SPORTS","item":"https:\/\/www.daisho.be\/es\/categorie-produit\/adidas-combat-sports-es\/"},{"@type":"ListItem","position":4,"name":"Jiu-Jitsu","item":"https:\/\/www.daisho.be\/es\/categorie-produit\/adidas-combat-sports-es\/jiu-jitsu-es\/"},{"@type":"ListItem","position":5,"name":"Kimono - Jiu-Jitsu Keikogi","item":"https:\/\/www.daisho.be\/es\/categorie-produit\/adidas-combat-sports-es\/jiu-jitsu-es\/kimono-jiu-jitsu-keikogi-es\/"},{"@type":"ListItem","position":6,"name":"Keikogi adidas \u00ab\u00a0Challenge\u00a0\u00bb de Jiu-Jitsu &#8211; Negro"}]},{"@type":"WebSite","@id":"https:\/\/www.daisho.be\/es\/#website","url":"https:\/\/www.daisho.be\/es\/","name":"Daisho","description":"Sp&eacute;cialiste de l'&eacute;quipement sportif d'arts martiaux","publisher":{"@id":"https:\/\/www.daisho.be\/es\/#organization"},"potentialAction":[{"@type":"SearchAction","target":{"@type":"EntryPoint","urlTemplate":"https:\/\/www.daisho.be\/es\/?s={search_term_string}"},"query-input":{"@type":"PropertyValueSpecification","valueRequired":true,"valueName":"search_term_string"}}],"inLanguage":"es"},{"@type":"Organization","@id":"https:\/\/www.daisho.be\/es\/#organization","name":"Daisho","url":"https:\/\/www.daisho.be\/es\/","logo":{"@type":"ImageObject","inLanguage":"es","@id":"https:\/\/www.daisho.be\/es\/#\/schema\/logo\/image\/","url":"https:\/\/www.daisho.be\/wp-content\/uploads\/2019\/07\/color-nothing-horizontale4x-e1564486100247.png","contentUrl":"https:\/\/www.daisho.be\/wp-content\/uploads\/2019\/07\/color-nothing-horizontale4x-e1564486100247.png","width":1547,"height":385,"caption":"Daisho"},"image":{"@id":"https:\/\/www.daisho.be\/es\/#\/schema\/logo\/image\/"}}]}},"_links":{"self":[{"href":"https:\/\/www.daisho.be\/es\/wp-json\/wp\/v2\/product\/432151","targetHints":{"allow":["GET"]}}],"collection":[{"href":"https:\/\/www.daisho.be\/es\/wp-json\/wp\/v2\/product"}],"about":[{"href":"https:\/\/www.daisho.be\/es\/wp-json\/wp\/v2\/types\/product"}],"replies":[{"embeddable":true,"href":"https:\/\/www.daisho.be\/es\/wp-json\/wp\/v2\/comments?post=432151"}],"wp:featuredmedia":[{"embeddable":true,"href":"https:\/\/www.daisho.be\/es\/wp-json\/wp\/v2\/media\/432132"}],"wp:attachment":[{"href":"https:\/\/www.daisho.be\/es\/wp-json\/wp\/v2\/media?parent=432151"}],"wp:term":[{"taxonomy":"product_brand","embeddable":true,"href":"https:\/\/www.daisho.be\/es\/wp-json\/wp\/v2\/product_brand?post=432151"},{"taxonomy":"product_cat","embeddable":true,"href":"https:\/\/www.daisho.be\/es\/wp-json\/wp\/v2\/product_cat?post=432151"},{"taxonomy":"product_tag","embeddable":true,"href":"https:\/\/www.daisho.be\/es\/wp-json\/wp\/v2\/product_tag?post=432151"},{"taxonomy":"sport","embeddable":true,"href":"https:\/\/www.daisho.be\/es\/wp-json\/wp\/v2\/sport?post=432151"}],"curies":[{"name":"wp","href":"https:\/\/api.w.org\/{rel}","templated":true}]}}