{"id":432003,"date":"2024-09-10T15:41:49","date_gmt":"2024-09-10T13:41:49","guid":{"rendered":"https:\/\/www.daisho.be\/produit\/adidas-brazilian-jiu-jitsu-keikogi-rookie-azul\/"},"modified":"2025-02-26T12:14:42","modified_gmt":"2025-02-26T11:14:42","slug":"adidas-brazilian-jiu-jitsu-keikogi-rookie-azul","status":"publish","type":"product","link":"https:\/\/www.daisho.be\/es\/produit\/adidas-brazilian-jiu-jitsu-keikogi-rookie-azul\/","title":{"rendered":"adidas Brazilian Jiu Jitsu Keikogi \u00abROOKiE\u00bb Azul"},"content":{"rendered":"<p>Este nuevo Gi de la marca de las tres rayas ha sido especialmente dise\u00f1ado para los ni\u00f1os que practican JJB, sea cual sea su nivel.<br \/>\nEl Gi adidas JJ250 JJB es adecuado para JJB por su corte ce\u00f1ido, que deja a tus adversarios con poco agarre.<\/p>\n<p>Descripci\u00f3n:<br \/>\nChaqueta de 65% poli\u00e9ster 35% algod\u00f3n 250 gr\/m2<br \/>\nRipstop integrado en el pantal\u00f3n con refuerzos en las rodillas<br \/>\nPantal\u00f3n con el\u00e1stico hasta la talla M2 y con cord\u00f3n en la talla M3<br \/>\nDobladillo y mangas<br \/>\nRayas grises adidas en los hombros<br \/>\nSe vende sin cintur\u00f3n<br \/>\nGu\u00eda de tallas adidas JJB Gi :<br \/>\n&#8211; M0: de 140 a 145 cm<br \/>\n&#8211; M1: de 145 a 150 cm<br \/>\n&#8211; M2: de 150 a 155 cm<br \/>\n&#8211; M3: de 155 a 160 cm<\/p>\n","protected":false},"excerpt":{"rendered":"<p>Este nuevo Gi de la marca de las tres rayas ha sido especialmente dise\u00f1ado para los ni\u00f1os que practican JJB, sea cual sea su nivel. El Gi adidas JJ250 JJB es adecuado para JJB por su corte ce\u00f1ido, que deja a tus adversarios con poco agarre. Descripci\u00f3n: Chaqueta de 65% poli\u00e9ster 35% algod\u00f3n 250 gr\/m2 [&hellip;]<\/p>\n","protected":false},"featured_media":431580,"comment_status":"open","ping_status":"closed","template":"","meta":{"inline_featured_image":false},"product_brand":[],"product_cat":[1728,1712],"product_tag":[1560],"sport":[],"class_list":{"0":"post-432003","1":"product","2":"type-product","3":"status-publish","4":"has-post-thumbnail","6":"product_cat-kimono-jiu-jitsu-keikogi-es","7":"product_cat-kimono-judogi-adidas-es","8":"product_tag-adidas-es","9":"pa_size-375","10":"pa_size-374","11":"pa_size-373","12":"pa_size-381","14":"first","15":"instock","16":"taxable","17":"shipping-taxable","18":"purchasable","19":"product-type-variable"},"yoast_head":"<!-- This site is optimized with the Yoast SEO plugin v27.2 - https:\/\/yoast.com\/product\/yoast-seo-wordpress\/ -->\n<title>adidas Brazilian Jiu Jitsu Keikogi &quot;ROOKiE&quot; Azul &#8211; Daisho<\/title>\n<meta name=\"description\" content=\"Descubre nuestro keikogi especialmente dise\u00f1ado para ni\u00f1os. C\u00f3mpralo ahora en nuestra web www.daisho.be\/Daisho\" \/>\n<meta name=\"robots\" content=\"index, follow, max-snippet:-1, max-image-preview:large, max-video-preview:-1\" \/>\n<link rel=\"canonical\" href=\"https:\/\/www.daisho.be\/es\/produit\/adidas-brazilian-jiu-jitsu-keikogi-rookie-azul\/\" \/>\n<meta property=\"og:locale\" content=\"es_ES\" \/>\n<meta property=\"og:type\" content=\"article\" \/>\n<meta property=\"og:title\" content=\"adidas Brazilian Jiu Jitsu Keikogi &quot;ROOKiE&quot; Azul &#8211; Daisho\" \/>\n<meta property=\"og:description\" content=\"Descubre nuestro keikogi especialmente dise\u00f1ado para ni\u00f1os. C\u00f3mpralo ahora en nuestra web www.daisho.be\/Daisho\" \/>\n<meta property=\"og:url\" content=\"https:\/\/www.daisho.be\/es\/produit\/adidas-brazilian-jiu-jitsu-keikogi-rookie-azul\/\" \/>\n<meta property=\"og:site_name\" content=\"Daisho\" \/>\n<meta property=\"article:modified_time\" content=\"2025-02-26T11:14:42+00:00\" \/>\n<meta property=\"og:image\" content=\"https:\/\/www.daisho.be\/wp-content\/uploads\/2024\/09\/image-10.webp\" \/>\n\t<meta property=\"og:image:width\" content=\"1200\" \/>\n\t<meta property=\"og:image:height\" content=\"1200\" \/>\n\t<meta property=\"og:image:type\" content=\"image\/webp\" \/>\n<meta name=\"twitter:card\" content=\"summary_large_image\" \/>\n<meta name=\"twitter:label1\" content=\"Tiempo de lectura\" \/>\n\t<meta name=\"twitter:data1\" content=\"1 minuto\" \/>\n<script type=\"application\/ld+json\" class=\"yoast-schema-graph\">{\"@context\":\"https:\/\/schema.org\",\"@graph\":[{\"@type\":\"WebPage\",\"@id\":\"https:\/\/www.daisho.be\/es\/produit\/adidas-brazilian-jiu-jitsu-keikogi-rookie-azul\/\",\"url\":\"https:\/\/www.daisho.be\/es\/produit\/adidas-brazilian-jiu-jitsu-keikogi-rookie-azul\/\",\"name\":\"adidas Brazilian Jiu Jitsu Keikogi \\\"ROOKiE\\\" Azul &#8211; Daisho\",\"isPartOf\":{\"@id\":\"https:\/\/www.daisho.be\/es\/#website\"},\"primaryImageOfPage\":{\"@id\":\"https:\/\/www.daisho.be\/es\/produit\/adidas-brazilian-jiu-jitsu-keikogi-rookie-azul\/#primaryimage\"},\"image\":{\"@id\":\"https:\/\/www.daisho.be\/es\/produit\/adidas-brazilian-jiu-jitsu-keikogi-rookie-azul\/#primaryimage\"},\"thumbnailUrl\":\"https:\/\/www.daisho.be\/wp-content\/uploads\/2024\/09\/image-10.webp\",\"datePublished\":\"2024-09-10T13:41:49+00:00\",\"dateModified\":\"2025-02-26T11:14:42+00:00\",\"description\":\"Descubre nuestro keikogi especialmente dise\u00f1ado para ni\u00f1os. C\u00f3mpralo ahora en nuestra web www.daisho.be\/Daisho\",\"breadcrumb\":{\"@id\":\"https:\/\/www.daisho.be\/es\/produit\/adidas-brazilian-jiu-jitsu-keikogi-rookie-azul\/#breadcrumb\"},\"inLanguage\":\"es\",\"potentialAction\":[{\"@type\":\"ReadAction\",\"target\":[\"https:\/\/www.daisho.be\/es\/produit\/adidas-brazilian-jiu-jitsu-keikogi-rookie-azul\/\"]}]},{\"@type\":\"ImageObject\",\"inLanguage\":\"es\",\"@id\":\"https:\/\/www.daisho.be\/es\/produit\/adidas-brazilian-jiu-jitsu-keikogi-rookie-azul\/#primaryimage\",\"url\":\"https:\/\/www.daisho.be\/wp-content\/uploads\/2024\/09\/image-10.webp\",\"contentUrl\":\"https:\/\/www.daisho.be\/wp-content\/uploads\/2024\/09\/image-10.webp\",\"width\":1200,\"height\":1200,\"caption\":\"adidas \\\"ROOKiE\\\" Brazilian Jiu Jitsu Keikogi Azul-1\"},{\"@type\":\"BreadcrumbList\",\"@id\":\"https:\/\/www.daisho.be\/es\/produit\/adidas-brazilian-jiu-jitsu-keikogi-rookie-azul\/#breadcrumb\",\"itemListElement\":[{\"@type\":\"ListItem\",\"position\":1,\"name\":\"Accueil\",\"item\":\"https:\/\/www.daisho.be\/es\/\"},{\"@type\":\"ListItem\",\"position\":2,\"name\":\"Productos\",\"item\":\"https:\/\/www.daisho.be\/es\/productos\/\"},{\"@type\":\"ListItem\",\"position\":3,\"name\":\"ADIDAS COMBAT SPORTS\",\"item\":\"https:\/\/www.daisho.be\/es\/categorie-produit\/adidas-combat-sports-es\/\"},{\"@type\":\"ListItem\",\"position\":4,\"name\":\"Jiu-Jitsu\",\"item\":\"https:\/\/www.daisho.be\/es\/categorie-produit\/adidas-combat-sports-es\/jiu-jitsu-es\/\"},{\"@type\":\"ListItem\",\"position\":5,\"name\":\"Kimono - Jiu-Jitsu Keikogi\",\"item\":\"https:\/\/www.daisho.be\/es\/categorie-produit\/adidas-combat-sports-es\/jiu-jitsu-es\/kimono-jiu-jitsu-keikogi-es\/\"},{\"@type\":\"ListItem\",\"position\":6,\"name\":\"adidas Brazilian Jiu Jitsu Keikogi \u00abROOKiE\u00bb Azul\"}]},{\"@type\":\"WebSite\",\"@id\":\"https:\/\/www.daisho.be\/es\/#website\",\"url\":\"https:\/\/www.daisho.be\/es\/\",\"name\":\"Daisho\",\"description\":\"Sp&eacute;cialiste de l'&eacute;quipement sportif d'arts martiaux\",\"publisher\":{\"@id\":\"https:\/\/www.daisho.be\/es\/#organization\"},\"potentialAction\":[{\"@type\":\"SearchAction\",\"target\":{\"@type\":\"EntryPoint\",\"urlTemplate\":\"https:\/\/www.daisho.be\/es\/?s={search_term_string}\"},\"query-input\":{\"@type\":\"PropertyValueSpecification\",\"valueRequired\":true,\"valueName\":\"search_term_string\"}}],\"inLanguage\":\"es\"},{\"@type\":\"Organization\",\"@id\":\"https:\/\/www.daisho.be\/es\/#organization\",\"name\":\"Daisho\",\"url\":\"https:\/\/www.daisho.be\/es\/\",\"logo\":{\"@type\":\"ImageObject\",\"inLanguage\":\"es\",\"@id\":\"https:\/\/www.daisho.be\/es\/#\/schema\/logo\/image\/\",\"url\":\"https:\/\/www.daisho.be\/wp-content\/uploads\/2019\/07\/color-nothing-horizontale4x-e1564486100247.png\",\"contentUrl\":\"https:\/\/www.daisho.be\/wp-content\/uploads\/2019\/07\/color-nothing-horizontale4x-e1564486100247.png\",\"width\":1547,\"height\":385,\"caption\":\"Daisho\"},\"image\":{\"@id\":\"https:\/\/www.daisho.be\/es\/#\/schema\/logo\/image\/\"}}]}<\/script>\n<!-- \/ Yoast SEO plugin. -->","yoast_head_json":{"title":"adidas Brazilian Jiu Jitsu Keikogi \"ROOKiE\" Azul &#8211; Daisho","description":"Descubre nuestro keikogi especialmente dise\u00f1ado para ni\u00f1os. C\u00f3mpralo ahora en nuestra web www.daisho.be\/Daisho","robots":{"index":"index","follow":"follow","max-snippet":"max-snippet:-1","max-image-preview":"max-image-preview:large","max-video-preview":"max-video-preview:-1"},"canonical":"https:\/\/www.daisho.be\/es\/produit\/adidas-brazilian-jiu-jitsu-keikogi-rookie-azul\/","og_locale":"es_ES","og_type":"article","og_title":"adidas Brazilian Jiu Jitsu Keikogi \"ROOKiE\" Azul &#8211; Daisho","og_description":"Descubre nuestro keikogi especialmente dise\u00f1ado para ni\u00f1os. C\u00f3mpralo ahora en nuestra web www.daisho.be\/Daisho","og_url":"https:\/\/www.daisho.be\/es\/produit\/adidas-brazilian-jiu-jitsu-keikogi-rookie-azul\/","og_site_name":"Daisho","article_modified_time":"2025-02-26T11:14:42+00:00","og_image":[{"width":1200,"height":1200,"url":"https:\/\/www.daisho.be\/wp-content\/uploads\/2024\/09\/image-10.webp","type":"image\/webp"}],"twitter_card":"summary_large_image","twitter_misc":{"Tiempo de lectura":"1 minuto"},"schema":{"@context":"https:\/\/schema.org","@graph":[{"@type":"WebPage","@id":"https:\/\/www.daisho.be\/es\/produit\/adidas-brazilian-jiu-jitsu-keikogi-rookie-azul\/","url":"https:\/\/www.daisho.be\/es\/produit\/adidas-brazilian-jiu-jitsu-keikogi-rookie-azul\/","name":"adidas Brazilian Jiu Jitsu Keikogi \"ROOKiE\" Azul &#8211; Daisho","isPartOf":{"@id":"https:\/\/www.daisho.be\/es\/#website"},"primaryImageOfPage":{"@id":"https:\/\/www.daisho.be\/es\/produit\/adidas-brazilian-jiu-jitsu-keikogi-rookie-azul\/#primaryimage"},"image":{"@id":"https:\/\/www.daisho.be\/es\/produit\/adidas-brazilian-jiu-jitsu-keikogi-rookie-azul\/#primaryimage"},"thumbnailUrl":"https:\/\/www.daisho.be\/wp-content\/uploads\/2024\/09\/image-10.webp","datePublished":"2024-09-10T13:41:49+00:00","dateModified":"2025-02-26T11:14:42+00:00","description":"Descubre nuestro keikogi especialmente dise\u00f1ado para ni\u00f1os. C\u00f3mpralo ahora en nuestra web www.daisho.be\/Daisho","breadcrumb":{"@id":"https:\/\/www.daisho.be\/es\/produit\/adidas-brazilian-jiu-jitsu-keikogi-rookie-azul\/#breadcrumb"},"inLanguage":"es","potentialAction":[{"@type":"ReadAction","target":["https:\/\/www.daisho.be\/es\/produit\/adidas-brazilian-jiu-jitsu-keikogi-rookie-azul\/"]}]},{"@type":"ImageObject","inLanguage":"es","@id":"https:\/\/www.daisho.be\/es\/produit\/adidas-brazilian-jiu-jitsu-keikogi-rookie-azul\/#primaryimage","url":"https:\/\/www.daisho.be\/wp-content\/uploads\/2024\/09\/image-10.webp","contentUrl":"https:\/\/www.daisho.be\/wp-content\/uploads\/2024\/09\/image-10.webp","width":1200,"height":1200,"caption":"adidas \"ROOKiE\" Brazilian Jiu Jitsu Keikogi Azul-1"},{"@type":"BreadcrumbList","@id":"https:\/\/www.daisho.be\/es\/produit\/adidas-brazilian-jiu-jitsu-keikogi-rookie-azul\/#breadcrumb","itemListElement":[{"@type":"ListItem","position":1,"name":"Accueil","item":"https:\/\/www.daisho.be\/es\/"},{"@type":"ListItem","position":2,"name":"Productos","item":"https:\/\/www.daisho.be\/es\/productos\/"},{"@type":"ListItem","position":3,"name":"ADIDAS COMBAT SPORTS","item":"https:\/\/www.daisho.be\/es\/categorie-produit\/adidas-combat-sports-es\/"},{"@type":"ListItem","position":4,"name":"Jiu-Jitsu","item":"https:\/\/www.daisho.be\/es\/categorie-produit\/adidas-combat-sports-es\/jiu-jitsu-es\/"},{"@type":"ListItem","position":5,"name":"Kimono - Jiu-Jitsu Keikogi","item":"https:\/\/www.daisho.be\/es\/categorie-produit\/adidas-combat-sports-es\/jiu-jitsu-es\/kimono-jiu-jitsu-keikogi-es\/"},{"@type":"ListItem","position":6,"name":"adidas Brazilian Jiu Jitsu Keikogi \u00abROOKiE\u00bb Azul"}]},{"@type":"WebSite","@id":"https:\/\/www.daisho.be\/es\/#website","url":"https:\/\/www.daisho.be\/es\/","name":"Daisho","description":"Sp&eacute;cialiste de l'&eacute;quipement sportif d'arts martiaux","publisher":{"@id":"https:\/\/www.daisho.be\/es\/#organization"},"potentialAction":[{"@type":"SearchAction","target":{"@type":"EntryPoint","urlTemplate":"https:\/\/www.daisho.be\/es\/?s={search_term_string}"},"query-input":{"@type":"PropertyValueSpecification","valueRequired":true,"valueName":"search_term_string"}}],"inLanguage":"es"},{"@type":"Organization","@id":"https:\/\/www.daisho.be\/es\/#organization","name":"Daisho","url":"https:\/\/www.daisho.be\/es\/","logo":{"@type":"ImageObject","inLanguage":"es","@id":"https:\/\/www.daisho.be\/es\/#\/schema\/logo\/image\/","url":"https:\/\/www.daisho.be\/wp-content\/uploads\/2019\/07\/color-nothing-horizontale4x-e1564486100247.png","contentUrl":"https:\/\/www.daisho.be\/wp-content\/uploads\/2019\/07\/color-nothing-horizontale4x-e1564486100247.png","width":1547,"height":385,"caption":"Daisho"},"image":{"@id":"https:\/\/www.daisho.be\/es\/#\/schema\/logo\/image\/"}}]}},"_links":{"self":[{"href":"https:\/\/www.daisho.be\/es\/wp-json\/wp\/v2\/product\/432003","targetHints":{"allow":["GET"]}}],"collection":[{"href":"https:\/\/www.daisho.be\/es\/wp-json\/wp\/v2\/product"}],"about":[{"href":"https:\/\/www.daisho.be\/es\/wp-json\/wp\/v2\/types\/product"}],"replies":[{"embeddable":true,"href":"https:\/\/www.daisho.be\/es\/wp-json\/wp\/v2\/comments?post=432003"}],"wp:featuredmedia":[{"embeddable":true,"href":"https:\/\/www.daisho.be\/es\/wp-json\/wp\/v2\/media\/431580"}],"wp:attachment":[{"href":"https:\/\/www.daisho.be\/es\/wp-json\/wp\/v2\/media?parent=432003"}],"wp:term":[{"taxonomy":"product_brand","embeddable":true,"href":"https:\/\/www.daisho.be\/es\/wp-json\/wp\/v2\/product_brand?post=432003"},{"taxonomy":"product_cat","embeddable":true,"href":"https:\/\/www.daisho.be\/es\/wp-json\/wp\/v2\/product_cat?post=432003"},{"taxonomy":"product_tag","embeddable":true,"href":"https:\/\/www.daisho.be\/es\/wp-json\/wp\/v2\/product_tag?post=432003"},{"taxonomy":"sport","embeddable":true,"href":"https:\/\/www.daisho.be\/es\/wp-json\/wp\/v2\/sport?post=432003"}],"curies":[{"name":"wp","href":"https:\/\/api.w.org\/{rel}","templated":true}]}}