{"id":430806,"date":"2024-09-05T14:30:57","date_gmt":"2024-09-05T12:30:57","guid":{"rendered":"https:\/\/www.daisho.be\/produit\/bolsa-de-deporte-militar-adidas-camuflaje-rosa-plata\/"},"modified":"2025-02-26T12:37:42","modified_gmt":"2025-02-26T11:37:42","slug":"bolsa-de-deporte-militar-adidas-camuflaje-rosa-plata","status":"publish","type":"product","link":"https:\/\/www.daisho.be\/es\/produit\/bolsa-de-deporte-militar-adidas-camuflaje-rosa-plata\/","title":{"rendered":"Bolsa de deporte militar adidas Camuflaje Rosa\/Plata"},"content":{"rendered":"<p>Una elegante Bolsa Bigzip Adidas que tambi\u00e9n puede utilizarse como mochila. La bolsa puede ampliarse o reducirse a la capacidad deseada enroll\u00e1ndola. La bolsa tiene un gran compartimento que se abre con la cremallera Bigzip.<\/p>\n<p>Encima hay un compartimento h\u00famedo, al que tambi\u00e9n se puede acceder desde la parte superior. Las dos correas de la mochila se pueden transformar en bandolera mediante una cremallera. Caracter\u00edsticas: &#8211; fabricada en poli\u00e9ster resistente &#8211; gran compartimento de almacenamiento &#8211; pr\u00e1ctica para reducir &#8211; compartimentos de almacenamiento adicionales<\/p>\n","protected":false},"excerpt":{"rendered":"<p>Una elegante Bolsa Bigzip Adidas que tambi\u00e9n puede utilizarse como mochila. La bolsa puede ampliarse o reducirse a la capacidad deseada enroll\u00e1ndola. La bolsa tiene un gran compartimento que se abre con la cremallera Bigzip. Encima hay un compartimento h\u00famedo, al que tambi\u00e9n se puede acceder desde la parte superior. Las dos correas de la [&hellip;]<\/p>\n","protected":false},"featured_media":430742,"comment_status":"open","ping_status":"closed","template":"","meta":{"inline_featured_image":false},"product_brand":[],"product_cat":[1580,1451,1585,1452],"product_tag":[1560],"sport":[],"class_list":{"0":"post-430806","1":"product","2":"type-product","3":"status-publish","4":"has-post-thumbnail","6":"product_cat-bolsa-de-karate-adidas","7":"product_cat-bolsas-de-deporte","8":"product_cat-bolsas-de-deporte-adidas-combat","9":"product_cat-bolsas-de-karate","10":"product_tag-adidas-es","11":"pa_size-l","12":"pa_size-m","14":"first","15":"instock","16":"taxable","17":"shipping-taxable","18":"purchasable","19":"product-type-variable"},"yoast_head":"<!-- This site is optimized with the Yoast SEO plugin v27.2 - https:\/\/yoast.com\/product\/yoast-seo-wordpress\/ -->\n<title>Bolsa de deporte militar adidas Camuflaje Rosa\/Plata &#8211; Daisho<\/title>\n<meta name=\"description\" content=\"Si buscas una bolsa de deporte que sea a la vez elegante y pr\u00e1ctica, \u00e9sta es tu bolsa. Encu\u00e9ntrala en nuestro sitio web www.daisho.be\/Daisho\" \/>\n<meta name=\"robots\" content=\"index, follow, max-snippet:-1, max-image-preview:large, max-video-preview:-1\" \/>\n<link rel=\"canonical\" href=\"https:\/\/www.daisho.be\/es\/produit\/bolsa-de-deporte-militar-adidas-camuflaje-rosa-plata\/\" \/>\n<meta property=\"og:locale\" content=\"es_ES\" \/>\n<meta property=\"og:type\" content=\"article\" \/>\n<meta property=\"og:title\" content=\"Bolsa de deporte militar adidas Camuflaje Rosa\/Plata &#8211; Daisho\" \/>\n<meta property=\"og:description\" content=\"Si buscas una bolsa de deporte que sea a la vez elegante y pr\u00e1ctica, \u00e9sta es tu bolsa. Encu\u00e9ntrala en nuestro sitio web www.daisho.be\/Daisho\" \/>\n<meta property=\"og:url\" content=\"https:\/\/www.daisho.be\/es\/produit\/bolsa-de-deporte-militar-adidas-camuflaje-rosa-plata\/\" \/>\n<meta property=\"og:site_name\" content=\"Daisho\" \/>\n<meta property=\"article:modified_time\" content=\"2025-02-26T11:37:42+00:00\" \/>\n<meta property=\"og:image\" content=\"https:\/\/www.daisho.be\/wp-content\/uploads\/2024\/09\/image-4.jpg\" \/>\n\t<meta property=\"og:image:width\" content=\"559\" \/>\n\t<meta property=\"og:image:height\" content=\"554\" \/>\n\t<meta property=\"og:image:type\" content=\"image\/jpeg\" \/>\n<meta name=\"twitter:card\" content=\"summary_large_image\" \/>\n<script type=\"application\/ld+json\" class=\"yoast-schema-graph\">{\"@context\":\"https:\/\/schema.org\",\"@graph\":[{\"@type\":\"WebPage\",\"@id\":\"https:\/\/www.daisho.be\/es\/produit\/bolsa-de-deporte-militar-adidas-camuflaje-rosa-plata\/\",\"url\":\"https:\/\/www.daisho.be\/es\/produit\/bolsa-de-deporte-militar-adidas-camuflaje-rosa-plata\/\",\"name\":\"Bolsa de deporte militar adidas Camuflaje Rosa\/Plata &#8211; Daisho\",\"isPartOf\":{\"@id\":\"https:\/\/www.daisho.be\/es\/#website\"},\"primaryImageOfPage\":{\"@id\":\"https:\/\/www.daisho.be\/es\/produit\/bolsa-de-deporte-militar-adidas-camuflaje-rosa-plata\/#primaryimage\"},\"image\":{\"@id\":\"https:\/\/www.daisho.be\/es\/produit\/bolsa-de-deporte-militar-adidas-camuflaje-rosa-plata\/#primaryimage\"},\"thumbnailUrl\":\"https:\/\/www.daisho.be\/wp-content\/uploads\/2024\/09\/image-4.jpg\",\"datePublished\":\"2024-09-05T12:30:57+00:00\",\"dateModified\":\"2025-02-26T11:37:42+00:00\",\"description\":\"Si buscas una bolsa de deporte que sea a la vez elegante y pr\u00e1ctica, \u00e9sta es tu bolsa. Encu\u00e9ntrala en nuestro sitio web www.daisho.be\/Daisho\",\"breadcrumb\":{\"@id\":\"https:\/\/www.daisho.be\/es\/produit\/bolsa-de-deporte-militar-adidas-camuflaje-rosa-plata\/#breadcrumb\"},\"inLanguage\":\"es\",\"potentialAction\":[{\"@type\":\"ReadAction\",\"target\":[\"https:\/\/www.daisho.be\/es\/produit\/bolsa-de-deporte-militar-adidas-camuflaje-rosa-plata\/\"]}]},{\"@type\":\"ImageObject\",\"inLanguage\":\"es\",\"@id\":\"https:\/\/www.daisho.be\/es\/produit\/bolsa-de-deporte-militar-adidas-camuflaje-rosa-plata\/#primaryimage\",\"url\":\"https:\/\/www.daisho.be\/wp-content\/uploads\/2024\/09\/image-4.jpg\",\"contentUrl\":\"https:\/\/www.daisho.be\/wp-content\/uploads\/2024\/09\/image-4.jpg\",\"width\":559,\"height\":554,\"caption\":\"Bolsa de deporte de combate militar adidas Rosa Camo\/Plata-1\"},{\"@type\":\"BreadcrumbList\",\"@id\":\"https:\/\/www.daisho.be\/es\/produit\/bolsa-de-deporte-militar-adidas-camuflaje-rosa-plata\/#breadcrumb\",\"itemListElement\":[{\"@type\":\"ListItem\",\"position\":1,\"name\":\"Accueil\",\"item\":\"https:\/\/www.daisho.be\/es\/\"},{\"@type\":\"ListItem\",\"position\":2,\"name\":\"Productos\",\"item\":\"https:\/\/www.daisho.be\/es\/productos\/\"},{\"@type\":\"ListItem\",\"position\":3,\"name\":\"ADIDAS COMBAT SPORTS\",\"item\":\"https:\/\/www.daisho.be\/es\/categorie-produit\/adidas-combat-sports-es\/\"},{\"@type\":\"ListItem\",\"position\":4,\"name\":\"Karate\",\"item\":\"https:\/\/www.daisho.be\/es\/categorie-produit\/adidas-combat-sports-es\/karate-es\/\"},{\"@type\":\"ListItem\",\"position\":5,\"name\":\"Bolsa de k\u00e1rate Adidas\",\"item\":\"https:\/\/www.daisho.be\/es\/categorie-produit\/adidas-combat-sports-es\/karate-es\/bolsa-de-karate-adidas\/\"},{\"@type\":\"ListItem\",\"position\":6,\"name\":\"Bolsa de deporte militar adidas Camuflaje Rosa\/Plata\"}]},{\"@type\":\"WebSite\",\"@id\":\"https:\/\/www.daisho.be\/es\/#website\",\"url\":\"https:\/\/www.daisho.be\/es\/\",\"name\":\"Daisho\",\"description\":\"Sp&eacute;cialiste de l'&eacute;quipement sportif d'arts martiaux\",\"publisher\":{\"@id\":\"https:\/\/www.daisho.be\/es\/#organization\"},\"potentialAction\":[{\"@type\":\"SearchAction\",\"target\":{\"@type\":\"EntryPoint\",\"urlTemplate\":\"https:\/\/www.daisho.be\/es\/?s={search_term_string}\"},\"query-input\":{\"@type\":\"PropertyValueSpecification\",\"valueRequired\":true,\"valueName\":\"search_term_string\"}}],\"inLanguage\":\"es\"},{\"@type\":\"Organization\",\"@id\":\"https:\/\/www.daisho.be\/es\/#organization\",\"name\":\"Daisho\",\"url\":\"https:\/\/www.daisho.be\/es\/\",\"logo\":{\"@type\":\"ImageObject\",\"inLanguage\":\"es\",\"@id\":\"https:\/\/www.daisho.be\/es\/#\/schema\/logo\/image\/\",\"url\":\"https:\/\/www.daisho.be\/wp-content\/uploads\/2019\/07\/color-nothing-horizontale4x-e1564486100247.png\",\"contentUrl\":\"https:\/\/www.daisho.be\/wp-content\/uploads\/2019\/07\/color-nothing-horizontale4x-e1564486100247.png\",\"width\":1547,\"height\":385,\"caption\":\"Daisho\"},\"image\":{\"@id\":\"https:\/\/www.daisho.be\/es\/#\/schema\/logo\/image\/\"}}]}<\/script>\n<!-- \/ Yoast SEO plugin. -->","yoast_head_json":{"title":"Bolsa de deporte militar adidas Camuflaje Rosa\/Plata &#8211; Daisho","description":"Si buscas una bolsa de deporte que sea a la vez elegante y pr\u00e1ctica, \u00e9sta es tu bolsa. Encu\u00e9ntrala en nuestro sitio web www.daisho.be\/Daisho","robots":{"index":"index","follow":"follow","max-snippet":"max-snippet:-1","max-image-preview":"max-image-preview:large","max-video-preview":"max-video-preview:-1"},"canonical":"https:\/\/www.daisho.be\/es\/produit\/bolsa-de-deporte-militar-adidas-camuflaje-rosa-plata\/","og_locale":"es_ES","og_type":"article","og_title":"Bolsa de deporte militar adidas Camuflaje Rosa\/Plata &#8211; Daisho","og_description":"Si buscas una bolsa de deporte que sea a la vez elegante y pr\u00e1ctica, \u00e9sta es tu bolsa. Encu\u00e9ntrala en nuestro sitio web www.daisho.be\/Daisho","og_url":"https:\/\/www.daisho.be\/es\/produit\/bolsa-de-deporte-militar-adidas-camuflaje-rosa-plata\/","og_site_name":"Daisho","article_modified_time":"2025-02-26T11:37:42+00:00","og_image":[{"width":559,"height":554,"url":"https:\/\/www.daisho.be\/wp-content\/uploads\/2024\/09\/image-4.jpg","type":"image\/jpeg"}],"twitter_card":"summary_large_image","schema":{"@context":"https:\/\/schema.org","@graph":[{"@type":"WebPage","@id":"https:\/\/www.daisho.be\/es\/produit\/bolsa-de-deporte-militar-adidas-camuflaje-rosa-plata\/","url":"https:\/\/www.daisho.be\/es\/produit\/bolsa-de-deporte-militar-adidas-camuflaje-rosa-plata\/","name":"Bolsa de deporte militar adidas Camuflaje Rosa\/Plata &#8211; Daisho","isPartOf":{"@id":"https:\/\/www.daisho.be\/es\/#website"},"primaryImageOfPage":{"@id":"https:\/\/www.daisho.be\/es\/produit\/bolsa-de-deporte-militar-adidas-camuflaje-rosa-plata\/#primaryimage"},"image":{"@id":"https:\/\/www.daisho.be\/es\/produit\/bolsa-de-deporte-militar-adidas-camuflaje-rosa-plata\/#primaryimage"},"thumbnailUrl":"https:\/\/www.daisho.be\/wp-content\/uploads\/2024\/09\/image-4.jpg","datePublished":"2024-09-05T12:30:57+00:00","dateModified":"2025-02-26T11:37:42+00:00","description":"Si buscas una bolsa de deporte que sea a la vez elegante y pr\u00e1ctica, \u00e9sta es tu bolsa. Encu\u00e9ntrala en nuestro sitio web www.daisho.be\/Daisho","breadcrumb":{"@id":"https:\/\/www.daisho.be\/es\/produit\/bolsa-de-deporte-militar-adidas-camuflaje-rosa-plata\/#breadcrumb"},"inLanguage":"es","potentialAction":[{"@type":"ReadAction","target":["https:\/\/www.daisho.be\/es\/produit\/bolsa-de-deporte-militar-adidas-camuflaje-rosa-plata\/"]}]},{"@type":"ImageObject","inLanguage":"es","@id":"https:\/\/www.daisho.be\/es\/produit\/bolsa-de-deporte-militar-adidas-camuflaje-rosa-plata\/#primaryimage","url":"https:\/\/www.daisho.be\/wp-content\/uploads\/2024\/09\/image-4.jpg","contentUrl":"https:\/\/www.daisho.be\/wp-content\/uploads\/2024\/09\/image-4.jpg","width":559,"height":554,"caption":"Bolsa de deporte de combate militar adidas Rosa Camo\/Plata-1"},{"@type":"BreadcrumbList","@id":"https:\/\/www.daisho.be\/es\/produit\/bolsa-de-deporte-militar-adidas-camuflaje-rosa-plata\/#breadcrumb","itemListElement":[{"@type":"ListItem","position":1,"name":"Accueil","item":"https:\/\/www.daisho.be\/es\/"},{"@type":"ListItem","position":2,"name":"Productos","item":"https:\/\/www.daisho.be\/es\/productos\/"},{"@type":"ListItem","position":3,"name":"ADIDAS COMBAT SPORTS","item":"https:\/\/www.daisho.be\/es\/categorie-produit\/adidas-combat-sports-es\/"},{"@type":"ListItem","position":4,"name":"Karate","item":"https:\/\/www.daisho.be\/es\/categorie-produit\/adidas-combat-sports-es\/karate-es\/"},{"@type":"ListItem","position":5,"name":"Bolsa de k\u00e1rate Adidas","item":"https:\/\/www.daisho.be\/es\/categorie-produit\/adidas-combat-sports-es\/karate-es\/bolsa-de-karate-adidas\/"},{"@type":"ListItem","position":6,"name":"Bolsa de deporte militar adidas Camuflaje Rosa\/Plata"}]},{"@type":"WebSite","@id":"https:\/\/www.daisho.be\/es\/#website","url":"https:\/\/www.daisho.be\/es\/","name":"Daisho","description":"Sp&eacute;cialiste de l'&eacute;quipement sportif d'arts martiaux","publisher":{"@id":"https:\/\/www.daisho.be\/es\/#organization"},"potentialAction":[{"@type":"SearchAction","target":{"@type":"EntryPoint","urlTemplate":"https:\/\/www.daisho.be\/es\/?s={search_term_string}"},"query-input":{"@type":"PropertyValueSpecification","valueRequired":true,"valueName":"search_term_string"}}],"inLanguage":"es"},{"@type":"Organization","@id":"https:\/\/www.daisho.be\/es\/#organization","name":"Daisho","url":"https:\/\/www.daisho.be\/es\/","logo":{"@type":"ImageObject","inLanguage":"es","@id":"https:\/\/www.daisho.be\/es\/#\/schema\/logo\/image\/","url":"https:\/\/www.daisho.be\/wp-content\/uploads\/2019\/07\/color-nothing-horizontale4x-e1564486100247.png","contentUrl":"https:\/\/www.daisho.be\/wp-content\/uploads\/2019\/07\/color-nothing-horizontale4x-e1564486100247.png","width":1547,"height":385,"caption":"Daisho"},"image":{"@id":"https:\/\/www.daisho.be\/es\/#\/schema\/logo\/image\/"}}]}},"_links":{"self":[{"href":"https:\/\/www.daisho.be\/es\/wp-json\/wp\/v2\/product\/430806","targetHints":{"allow":["GET"]}}],"collection":[{"href":"https:\/\/www.daisho.be\/es\/wp-json\/wp\/v2\/product"}],"about":[{"href":"https:\/\/www.daisho.be\/es\/wp-json\/wp\/v2\/types\/product"}],"replies":[{"embeddable":true,"href":"https:\/\/www.daisho.be\/es\/wp-json\/wp\/v2\/comments?post=430806"}],"wp:featuredmedia":[{"embeddable":true,"href":"https:\/\/www.daisho.be\/es\/wp-json\/wp\/v2\/media\/430742"}],"wp:attachment":[{"href":"https:\/\/www.daisho.be\/es\/wp-json\/wp\/v2\/media?parent=430806"}],"wp:term":[{"taxonomy":"product_brand","embeddable":true,"href":"https:\/\/www.daisho.be\/es\/wp-json\/wp\/v2\/product_brand?post=430806"},{"taxonomy":"product_cat","embeddable":true,"href":"https:\/\/www.daisho.be\/es\/wp-json\/wp\/v2\/product_cat?post=430806"},{"taxonomy":"product_tag","embeddable":true,"href":"https:\/\/www.daisho.be\/es\/wp-json\/wp\/v2\/product_tag?post=430806"},{"taxonomy":"sport","embeddable":true,"href":"https:\/\/www.daisho.be\/es\/wp-json\/wp\/v2\/sport?post=430806"}],"curies":[{"name":"wp","href":"https:\/\/api.w.org\/{rel}","templated":true}]}}