{"id":426782,"date":"2024-08-09T13:33:44","date_gmt":"2024-08-09T11:33:44","guid":{"rendered":"https:\/\/www.daisho.be\/produit\/adidas-j690-quest-judogi-blanco-rojo\/"},"modified":"2026-01-09T16:28:22","modified_gmt":"2026-01-09T15:28:22","slug":"adidas-j690-quest-judogi-blanco-rojo","status":"publish","type":"product","link":"https:\/\/www.daisho.be\/es\/produit\/adidas-j690-quest-judogi-blanco-rojo\/","title":{"rendered":"Adidas J690 Quest Judogi Blanco\/Rojo"},"content":{"rendered":"<p>El judogi adidas Judo J690 Quest es adecuado para judokas principiantes y avanzados.<\/p>\n<p>El judogi es de doble tejido y est\u00e1 reforzado en varios puntos. La chaqueta y el pantal\u00f3n est\u00e1n fabricados con un 60% de algod\u00f3n y un 40% de poli\u00e9ster, para que el judogi encoja lo menos posible. <\/p>\n<p>Los pantalones tienen una cintura el\u00e1stica para mayor comodidad.<\/p>\n<p>El judogi est\u00e1 confeccionado con un corte ce\u00f1ido para que se ajuste perfectamente al cuerpo.<\/p>\n<p>Los pantalones tienen cordones para mantenerlos en su sitio. Las rayas con el logotipo de adidas est\u00e1n bordadas en los hombros. <\/p>\n<p>Descripci\u00f3n :<\/p>\n<p>Peso: 690 g<\/p>\n<p>Judogi de competici\u00f3n y entrenamiento para ni\u00f1os y adultos.<\/p>\n<p>Tejido denso de arroz 60% algod\u00f3n\/40% poli\u00e9ster<\/p>\n<p>Forro interior sublimado en los hombros<\/p>\n<p>Nuevo cuello reforzado con 6 filas de costuras<\/p>\n<p>Nuevo, m\u00e1s ajustado<\/p>\n<p>Pantal\u00f3n abrochado con cord\u00f3n tradicional en la cintura<\/p>\n<p>NB: Cintur\u00f3n no incluido<\/p>\n","protected":false},"excerpt":{"rendered":"<p>El judogi adidas Judo J690 Quest es adecuado para judokas principiantes y avanzados. El judogi es de doble tejido y est\u00e1 reforzado en varios puntos. La chaqueta y el pantal\u00f3n est\u00e1n fabricados con un 60% de algod\u00f3n y un 40% de poli\u00e9ster, para que el judogi encoja lo menos posible. Los pantalones tienen una cintura [&hellip;]<\/p>\n","protected":false},"featured_media":426773,"comment_status":"open","ping_status":"closed","template":"","meta":{"inline_featured_image":false},"product_brand":[],"product_cat":[1712,1327,1654,1311],"product_tag":[1560],"sport":[],"class_list":{"0":"post-426782","1":"product","2":"type-product","3":"status-publish","4":"has-post-thumbnail","6":"product_cat-kimono-judogi-adidas-es","7":"product_cat-kimono-de-jujitsu-es","8":"product_cat-kimonos-de-judo","9":"product_cat-trajes-kimonos","10":"product_tag-adidas-es","11":"pa_size-380","12":"pa_size-388","13":"pa_size-379","14":"pa_size-378","15":"pa_size-386","16":"pa_size-377","17":"pa_size-385","18":"pa_size-376","19":"pa_size-384","20":"pa_size-383","22":"first","23":"instock","24":"taxable","25":"shipping-taxable","26":"purchasable","27":"product-type-variable"},"yoast_head":"<!-- This site is optimized with the Yoast SEO plugin v27.2 - https:\/\/yoast.com\/product\/yoast-seo-wordpress\/ -->\n<title>Adidas J690 Quest Judogi Blanco\/Rojo &#8211; Daisho<\/title>\n<meta name=\"description\" content=\"\u00bfEres nuevo en el judo? El Gi Adidas J690 te ofrece comodidad, durabilidad y estilo para tus entrenamientos. Encu\u00e9ntralo en www.daisho.be\/Daisho\" \/>\n<meta name=\"robots\" content=\"index, follow, max-snippet:-1, max-image-preview:large, max-video-preview:-1\" \/>\n<link rel=\"canonical\" href=\"https:\/\/www.daisho.be\/es\/produit\/adidas-j690-quest-judogi-blanco-rojo\/\" \/>\n<meta property=\"og:locale\" content=\"es_ES\" \/>\n<meta property=\"og:type\" content=\"article\" \/>\n<meta property=\"og:title\" content=\"Adidas J690 Quest Judogi Blanco\/Rojo &#8211; Daisho\" \/>\n<meta property=\"og:description\" content=\"\u00bfEres nuevo en el judo? El Gi Adidas J690 te ofrece comodidad, durabilidad y estilo para tus entrenamientos. Encu\u00e9ntralo en www.daisho.be\/Daisho\" \/>\n<meta property=\"og:url\" content=\"https:\/\/www.daisho.be\/es\/produit\/adidas-j690-quest-judogi-blanco-rojo\/\" \/>\n<meta property=\"og:site_name\" content=\"Daisho\" \/>\n<meta property=\"article:modified_time\" content=\"2026-01-09T15:28:22+00:00\" \/>\n<meta property=\"og:image\" content=\"https:\/\/www.daisho.be\/wp-content\/uploads\/2024\/08\/image-40.jpg\" \/>\n\t<meta property=\"og:image:width\" content=\"1000\" \/>\n\t<meta property=\"og:image:height\" content=\"1000\" \/>\n\t<meta property=\"og:image:type\" content=\"image\/jpeg\" \/>\n<meta name=\"twitter:card\" content=\"summary_large_image\" \/>\n<meta name=\"twitter:label1\" content=\"Tiempo de lectura\" \/>\n\t<meta name=\"twitter:data1\" content=\"1 minuto\" \/>\n<script type=\"application\/ld+json\" class=\"yoast-schema-graph\">{\"@context\":\"https:\/\/schema.org\",\"@graph\":[{\"@type\":\"WebPage\",\"@id\":\"https:\/\/www.daisho.be\/es\/produit\/adidas-j690-quest-judogi-blanco-rojo\/\",\"url\":\"https:\/\/www.daisho.be\/es\/produit\/adidas-j690-quest-judogi-blanco-rojo\/\",\"name\":\"Adidas J690 Quest Judogi Blanco\/Rojo &#8211; Daisho\",\"isPartOf\":{\"@id\":\"https:\/\/www.daisho.be\/es\/#website\"},\"primaryImageOfPage\":{\"@id\":\"https:\/\/www.daisho.be\/es\/produit\/adidas-j690-quest-judogi-blanco-rojo\/#primaryimage\"},\"image\":{\"@id\":\"https:\/\/www.daisho.be\/es\/produit\/adidas-j690-quest-judogi-blanco-rojo\/#primaryimage\"},\"thumbnailUrl\":\"https:\/\/www.daisho.be\/wp-content\/uploads\/2024\/08\/image-40.jpg\",\"datePublished\":\"2024-08-09T11:33:44+00:00\",\"dateModified\":\"2026-01-09T15:28:22+00:00\",\"description\":\"\u00bfEres nuevo en el judo? El Gi Adidas J690 te ofrece comodidad, durabilidad y estilo para tus entrenamientos. Encu\u00e9ntralo en www.daisho.be\/Daisho\",\"breadcrumb\":{\"@id\":\"https:\/\/www.daisho.be\/es\/produit\/adidas-j690-quest-judogi-blanco-rojo\/#breadcrumb\"},\"inLanguage\":\"es\",\"potentialAction\":[{\"@type\":\"ReadAction\",\"target\":[\"https:\/\/www.daisho.be\/es\/produit\/adidas-j690-quest-judogi-blanco-rojo\/\"]}]},{\"@type\":\"ImageObject\",\"inLanguage\":\"es\",\"@id\":\"https:\/\/www.daisho.be\/es\/produit\/adidas-j690-quest-judogi-blanco-rojo\/#primaryimage\",\"url\":\"https:\/\/www.daisho.be\/wp-content\/uploads\/2024\/08\/image-40.jpg\",\"contentUrl\":\"https:\/\/www.daisho.be\/wp-content\/uploads\/2024\/08\/image-40.jpg\",\"width\":1000,\"height\":1000,\"caption\":\"Judogi Adidas J690 Quest Blanco\/Rojo-1\"},{\"@type\":\"BreadcrumbList\",\"@id\":\"https:\/\/www.daisho.be\/es\/produit\/adidas-j690-quest-judogi-blanco-rojo\/#breadcrumb\",\"itemListElement\":[{\"@type\":\"ListItem\",\"position\":1,\"name\":\"Accueil\",\"item\":\"https:\/\/www.daisho.be\/es\/\"},{\"@type\":\"ListItem\",\"position\":2,\"name\":\"Productos\",\"item\":\"https:\/\/www.daisho.be\/es\/productos\/\"},{\"@type\":\"ListItem\",\"position\":3,\"name\":\"ADIDAS COMBAT SPORTS\",\"item\":\"https:\/\/www.daisho.be\/es\/categorie-produit\/adidas-combat-sports-es\/\"},{\"@type\":\"ListItem\",\"position\":4,\"name\":\"Judo\",\"item\":\"https:\/\/www.daisho.be\/es\/categorie-produit\/adidas-combat-sports-es\/judo-es-2\/\"},{\"@type\":\"ListItem\",\"position\":5,\"name\":\"Kimono - Judogi Adidas\",\"item\":\"https:\/\/www.daisho.be\/es\/categorie-produit\/adidas-combat-sports-es\/judo-es-2\/kimono-judogi-adidas-es\/\"},{\"@type\":\"ListItem\",\"position\":6,\"name\":\"Adidas J690 Quest Judogi Blanco\/Rojo\"}]},{\"@type\":\"WebSite\",\"@id\":\"https:\/\/www.daisho.be\/es\/#website\",\"url\":\"https:\/\/www.daisho.be\/es\/\",\"name\":\"Daisho\",\"description\":\"Sp&eacute;cialiste de l'&eacute;quipement sportif d'arts martiaux\",\"publisher\":{\"@id\":\"https:\/\/www.daisho.be\/es\/#organization\"},\"potentialAction\":[{\"@type\":\"SearchAction\",\"target\":{\"@type\":\"EntryPoint\",\"urlTemplate\":\"https:\/\/www.daisho.be\/es\/?s={search_term_string}\"},\"query-input\":{\"@type\":\"PropertyValueSpecification\",\"valueRequired\":true,\"valueName\":\"search_term_string\"}}],\"inLanguage\":\"es\"},{\"@type\":\"Organization\",\"@id\":\"https:\/\/www.daisho.be\/es\/#organization\",\"name\":\"Daisho\",\"url\":\"https:\/\/www.daisho.be\/es\/\",\"logo\":{\"@type\":\"ImageObject\",\"inLanguage\":\"es\",\"@id\":\"https:\/\/www.daisho.be\/es\/#\/schema\/logo\/image\/\",\"url\":\"https:\/\/www.daisho.be\/wp-content\/uploads\/2019\/07\/color-nothing-horizontale4x-e1564486100247.png\",\"contentUrl\":\"https:\/\/www.daisho.be\/wp-content\/uploads\/2019\/07\/color-nothing-horizontale4x-e1564486100247.png\",\"width\":1547,\"height\":385,\"caption\":\"Daisho\"},\"image\":{\"@id\":\"https:\/\/www.daisho.be\/es\/#\/schema\/logo\/image\/\"}}]}<\/script>\n<!-- \/ Yoast SEO plugin. -->","yoast_head_json":{"title":"Adidas J690 Quest Judogi Blanco\/Rojo &#8211; Daisho","description":"\u00bfEres nuevo en el judo? El Gi Adidas J690 te ofrece comodidad, durabilidad y estilo para tus entrenamientos. Encu\u00e9ntralo en www.daisho.be\/Daisho","robots":{"index":"index","follow":"follow","max-snippet":"max-snippet:-1","max-image-preview":"max-image-preview:large","max-video-preview":"max-video-preview:-1"},"canonical":"https:\/\/www.daisho.be\/es\/produit\/adidas-j690-quest-judogi-blanco-rojo\/","og_locale":"es_ES","og_type":"article","og_title":"Adidas J690 Quest Judogi Blanco\/Rojo &#8211; Daisho","og_description":"\u00bfEres nuevo en el judo? El Gi Adidas J690 te ofrece comodidad, durabilidad y estilo para tus entrenamientos. Encu\u00e9ntralo en www.daisho.be\/Daisho","og_url":"https:\/\/www.daisho.be\/es\/produit\/adidas-j690-quest-judogi-blanco-rojo\/","og_site_name":"Daisho","article_modified_time":"2026-01-09T15:28:22+00:00","og_image":[{"width":1000,"height":1000,"url":"https:\/\/www.daisho.be\/wp-content\/uploads\/2024\/08\/image-40.jpg","type":"image\/jpeg"}],"twitter_card":"summary_large_image","twitter_misc":{"Tiempo de lectura":"1 minuto"},"schema":{"@context":"https:\/\/schema.org","@graph":[{"@type":"WebPage","@id":"https:\/\/www.daisho.be\/es\/produit\/adidas-j690-quest-judogi-blanco-rojo\/","url":"https:\/\/www.daisho.be\/es\/produit\/adidas-j690-quest-judogi-blanco-rojo\/","name":"Adidas J690 Quest Judogi Blanco\/Rojo &#8211; Daisho","isPartOf":{"@id":"https:\/\/www.daisho.be\/es\/#website"},"primaryImageOfPage":{"@id":"https:\/\/www.daisho.be\/es\/produit\/adidas-j690-quest-judogi-blanco-rojo\/#primaryimage"},"image":{"@id":"https:\/\/www.daisho.be\/es\/produit\/adidas-j690-quest-judogi-blanco-rojo\/#primaryimage"},"thumbnailUrl":"https:\/\/www.daisho.be\/wp-content\/uploads\/2024\/08\/image-40.jpg","datePublished":"2024-08-09T11:33:44+00:00","dateModified":"2026-01-09T15:28:22+00:00","description":"\u00bfEres nuevo en el judo? El Gi Adidas J690 te ofrece comodidad, durabilidad y estilo para tus entrenamientos. Encu\u00e9ntralo en www.daisho.be\/Daisho","breadcrumb":{"@id":"https:\/\/www.daisho.be\/es\/produit\/adidas-j690-quest-judogi-blanco-rojo\/#breadcrumb"},"inLanguage":"es","potentialAction":[{"@type":"ReadAction","target":["https:\/\/www.daisho.be\/es\/produit\/adidas-j690-quest-judogi-blanco-rojo\/"]}]},{"@type":"ImageObject","inLanguage":"es","@id":"https:\/\/www.daisho.be\/es\/produit\/adidas-j690-quest-judogi-blanco-rojo\/#primaryimage","url":"https:\/\/www.daisho.be\/wp-content\/uploads\/2024\/08\/image-40.jpg","contentUrl":"https:\/\/www.daisho.be\/wp-content\/uploads\/2024\/08\/image-40.jpg","width":1000,"height":1000,"caption":"Judogi Adidas J690 Quest Blanco\/Rojo-1"},{"@type":"BreadcrumbList","@id":"https:\/\/www.daisho.be\/es\/produit\/adidas-j690-quest-judogi-blanco-rojo\/#breadcrumb","itemListElement":[{"@type":"ListItem","position":1,"name":"Accueil","item":"https:\/\/www.daisho.be\/es\/"},{"@type":"ListItem","position":2,"name":"Productos","item":"https:\/\/www.daisho.be\/es\/productos\/"},{"@type":"ListItem","position":3,"name":"ADIDAS COMBAT SPORTS","item":"https:\/\/www.daisho.be\/es\/categorie-produit\/adidas-combat-sports-es\/"},{"@type":"ListItem","position":4,"name":"Judo","item":"https:\/\/www.daisho.be\/es\/categorie-produit\/adidas-combat-sports-es\/judo-es-2\/"},{"@type":"ListItem","position":5,"name":"Kimono - Judogi Adidas","item":"https:\/\/www.daisho.be\/es\/categorie-produit\/adidas-combat-sports-es\/judo-es-2\/kimono-judogi-adidas-es\/"},{"@type":"ListItem","position":6,"name":"Adidas J690 Quest Judogi Blanco\/Rojo"}]},{"@type":"WebSite","@id":"https:\/\/www.daisho.be\/es\/#website","url":"https:\/\/www.daisho.be\/es\/","name":"Daisho","description":"Sp&eacute;cialiste de l'&eacute;quipement sportif d'arts martiaux","publisher":{"@id":"https:\/\/www.daisho.be\/es\/#organization"},"potentialAction":[{"@type":"SearchAction","target":{"@type":"EntryPoint","urlTemplate":"https:\/\/www.daisho.be\/es\/?s={search_term_string}"},"query-input":{"@type":"PropertyValueSpecification","valueRequired":true,"valueName":"search_term_string"}}],"inLanguage":"es"},{"@type":"Organization","@id":"https:\/\/www.daisho.be\/es\/#organization","name":"Daisho","url":"https:\/\/www.daisho.be\/es\/","logo":{"@type":"ImageObject","inLanguage":"es","@id":"https:\/\/www.daisho.be\/es\/#\/schema\/logo\/image\/","url":"https:\/\/www.daisho.be\/wp-content\/uploads\/2019\/07\/color-nothing-horizontale4x-e1564486100247.png","contentUrl":"https:\/\/www.daisho.be\/wp-content\/uploads\/2019\/07\/color-nothing-horizontale4x-e1564486100247.png","width":1547,"height":385,"caption":"Daisho"},"image":{"@id":"https:\/\/www.daisho.be\/es\/#\/schema\/logo\/image\/"}}]}},"_links":{"self":[{"href":"https:\/\/www.daisho.be\/es\/wp-json\/wp\/v2\/product\/426782","targetHints":{"allow":["GET"]}}],"collection":[{"href":"https:\/\/www.daisho.be\/es\/wp-json\/wp\/v2\/product"}],"about":[{"href":"https:\/\/www.daisho.be\/es\/wp-json\/wp\/v2\/types\/product"}],"replies":[{"embeddable":true,"href":"https:\/\/www.daisho.be\/es\/wp-json\/wp\/v2\/comments?post=426782"}],"wp:featuredmedia":[{"embeddable":true,"href":"https:\/\/www.daisho.be\/es\/wp-json\/wp\/v2\/media\/426773"}],"wp:attachment":[{"href":"https:\/\/www.daisho.be\/es\/wp-json\/wp\/v2\/media?parent=426782"}],"wp:term":[{"taxonomy":"product_brand","embeddable":true,"href":"https:\/\/www.daisho.be\/es\/wp-json\/wp\/v2\/product_brand?post=426782"},{"taxonomy":"product_cat","embeddable":true,"href":"https:\/\/www.daisho.be\/es\/wp-json\/wp\/v2\/product_cat?post=426782"},{"taxonomy":"product_tag","embeddable":true,"href":"https:\/\/www.daisho.be\/es\/wp-json\/wp\/v2\/product_tag?post=426782"},{"taxonomy":"sport","embeddable":true,"href":"https:\/\/www.daisho.be\/es\/wp-json\/wp\/v2\/sport?post=426782"}],"curies":[{"name":"wp","href":"https:\/\/api.w.org\/{rel}","templated":true}]}}