{"id":426182,"date":"2024-08-07T12:47:33","date_gmt":"2024-08-07T10:47:33","guid":{"rendered":"https:\/\/www.daisho.be\/produit\/chaqueta-judogi-azul-moskito\/"},"modified":"2026-04-30T10:08:48","modified_gmt":"2026-04-30T08:08:48","slug":"chaqueta-judogi-azul-moskito","status":"publish","type":"product","link":"https:\/\/www.daisho.be\/es\/produit\/chaqueta-judogi-azul-moskito\/","title":{"rendered":"CHAQUETA JUDOGI AZUL MOSKITO"},"content":{"rendered":"<p>Chaqueta de judo, MOSKITO, Regular y Slim Fit<br \/>\nEsta chaqueta de judo de competici\u00f3n de alta calidad, fabricada en algod\u00f3n 100%, es la elecci\u00f3n ideal para los judokas ambiciosos.<br \/>\nLa chaqueta est\u00e1 disponible en las versiones Slim Fit (S) y Regular, para que puedas elegir el ajuste que mejor se adapte a ti.<br \/>\nSistema Mix &amp; Match: Puedes comprar por separado pantalones de judo a juego para confeccionar tu propio uniforme de judo.<\/p>\n<p>Caracter\u00edsticas:<br \/>\n&#8211; homologada para torneos nacionales,<br \/>\n&#8211; ideal para entrenamiento y competici\u00f3n,<br \/>\n&#8211; chaqueta reforzada en hombros, pecho y solapas,<br \/>\n&#8211; bordado \u00abMosquito\u00bb en los hombros,<br \/>\n&#8211; 100% algod\u00f3n, aprox. 650 g\/m,<br \/>\n&#8211; \u00edndice de encogimiento : aprox. 7%,<br \/>\n&#8211; art\u00edculos suministrados: s\u00f3lo chaqueta,<br \/>\n&#8211; sistema Mix &amp; Match: los pantalones a juego pueden adquirirse por separado,<br \/>\n&#8211; disponible en corte slim fit (S) y regular fit.<\/p>\n","protected":false},"excerpt":{"rendered":"<p>Chaqueta de judo, MOSKITO, Regular y Slim Fit Esta chaqueta de judo de competici\u00f3n de alta calidad, fabricada en algod\u00f3n 100%, es la elecci\u00f3n ideal para los judokas ambiciosos. La chaqueta est\u00e1 disponible en las versiones Slim Fit (S) y Regular, para que puedas elegir el ajuste que mejor se adapte a ti. Sistema Mix [&hellip;]<\/p>\n","protected":false},"featured_media":542430,"comment_status":"open","ping_status":"closed","template":"","meta":{"inline_featured_image":false},"product_brand":[],"product_cat":[1327,1326,1654,1311],"product_tag":[1507],"sport":[],"class_list":{"0":"post-426182","1":"product","2":"type-product","3":"status-publish","4":"has-post-thumbnail","6":"product_cat-kimono-de-jujitsu-es","7":"product_cat-kimonos-de-aikido","8":"product_cat-kimonos-de-judo","9":"product_cat-trajes-kimonos","10":"product_tag-moskito-es","11":"pa_size-373","12":"pa_size-381","13":"pa_size-380","14":"pa_size-388","15":"pa_size-379","16":"pa_size-387","17":"pa_size-378","18":"pa_size-386","19":"pa_size-377","20":"pa_size-385","21":"pa_size-376","22":"pa_size-384","23":"pa_size-383","25":"first","26":"instock","27":"taxable","28":"shipping-taxable","29":"purchasable","30":"product-type-variable"},"yoast_head":"<!-- This site is optimized with the Yoast SEO plugin v27.2 - https:\/\/yoast.com\/product\/yoast-seo-wordpress\/ -->\n<title>CHAQUETA JUDOGI AZUL MOSKITO &#8211; Daisho<\/title>\n<meta name=\"description\" content=\"Chaqueta de judo Moskito 100% algod\u00f3n 650 g\/m\u00b2, corte entallado o regular, reforzada. Homologada para competici\u00f3n. Encu\u00e9ntralo en www.daisho.be|Daisho\" \/>\n<meta name=\"robots\" content=\"index, follow, max-snippet:-1, max-image-preview:large, max-video-preview:-1\" \/>\n<link rel=\"canonical\" href=\"https:\/\/www.daisho.be\/es\/produit\/chaqueta-judogi-azul-moskito\/\" \/>\n<meta property=\"og:locale\" content=\"es_ES\" \/>\n<meta property=\"og:type\" content=\"article\" \/>\n<meta property=\"og:title\" content=\"CHAQUETA JUDOGI AZUL MOSKITO &#8211; Daisho\" \/>\n<meta property=\"og:description\" content=\"Chaqueta de judo Moskito 100% algod\u00f3n 650 g\/m\u00b2, corte entallado o regular, reforzada. Homologada para competici\u00f3n. Encu\u00e9ntralo en www.daisho.be|Daisho\" \/>\n<meta property=\"og:url\" content=\"https:\/\/www.daisho.be\/es\/produit\/chaqueta-judogi-azul-moskito\/\" \/>\n<meta property=\"og:site_name\" content=\"Daisho\" \/>\n<meta property=\"article:modified_time\" content=\"2026-04-30T08:08:48+00:00\" \/>\n<meta property=\"og:image\" content=\"https:\/\/www.daisho.be\/wp-content\/uploads\/2025\/07\/image-8.jpg\" \/>\n\t<meta property=\"og:image:width\" content=\"800\" \/>\n\t<meta property=\"og:image:height\" content=\"1280\" \/>\n\t<meta property=\"og:image:type\" content=\"image\/jpeg\" \/>\n<meta name=\"twitter:card\" content=\"summary_large_image\" \/>\n<meta name=\"twitter:label1\" content=\"Tiempo de lectura\" \/>\n\t<meta name=\"twitter:data1\" content=\"1 minuto\" \/>\n<script type=\"application\/ld+json\" class=\"yoast-schema-graph\">{\"@context\":\"https:\/\/schema.org\",\"@graph\":[{\"@type\":\"WebPage\",\"@id\":\"https:\/\/www.daisho.be\/es\/produit\/chaqueta-judogi-azul-moskito\/\",\"url\":\"https:\/\/www.daisho.be\/es\/produit\/chaqueta-judogi-azul-moskito\/\",\"name\":\"CHAQUETA JUDOGI AZUL MOSKITO &#8211; Daisho\",\"isPartOf\":{\"@id\":\"https:\/\/www.daisho.be\/es\/#website\"},\"primaryImageOfPage\":{\"@id\":\"https:\/\/www.daisho.be\/es\/produit\/chaqueta-judogi-azul-moskito\/#primaryimage\"},\"image\":{\"@id\":\"https:\/\/www.daisho.be\/es\/produit\/chaqueta-judogi-azul-moskito\/#primaryimage\"},\"thumbnailUrl\":\"https:\/\/www.daisho.be\/wp-content\/uploads\/2025\/07\/image-8.jpg\",\"datePublished\":\"2024-08-07T10:47:33+00:00\",\"dateModified\":\"2026-04-30T08:08:48+00:00\",\"description\":\"Chaqueta de judo Moskito 100% algod\u00f3n 650 g\/m\u00b2, corte entallado o regular, reforzada. Homologada para competici\u00f3n. Encu\u00e9ntralo en www.daisho.be|Daisho\",\"breadcrumb\":{\"@id\":\"https:\/\/www.daisho.be\/es\/produit\/chaqueta-judogi-azul-moskito\/#breadcrumb\"},\"inLanguage\":\"es\",\"potentialAction\":[{\"@type\":\"ReadAction\",\"target\":[\"https:\/\/www.daisho.be\/es\/produit\/chaqueta-judogi-azul-moskito\/\"]}]},{\"@type\":\"ImageObject\",\"inLanguage\":\"es\",\"@id\":\"https:\/\/www.daisho.be\/es\/produit\/chaqueta-judogi-azul-moskito\/#primaryimage\",\"url\":\"https:\/\/www.daisho.be\/wp-content\/uploads\/2025\/07\/image-8.jpg\",\"contentUrl\":\"https:\/\/www.daisho.be\/wp-content\/uploads\/2025\/07\/image-8.jpg\",\"width\":800,\"height\":1280,\"caption\":\"MOSKITO CHAQUETA JUDOGI AZUL-1\"},{\"@type\":\"BreadcrumbList\",\"@id\":\"https:\/\/www.daisho.be\/es\/produit\/chaqueta-judogi-azul-moskito\/#breadcrumb\",\"itemListElement\":[{\"@type\":\"ListItem\",\"position\":1,\"name\":\"Accueil\",\"item\":\"https:\/\/www.daisho.be\/es\/\"},{\"@type\":\"ListItem\",\"position\":2,\"name\":\"Productos\",\"item\":\"https:\/\/www.daisho.be\/es\/productos\/\"},{\"@type\":\"ListItem\",\"position\":3,\"name\":\"Equipamiento y ropa para artes marciales y deportes de combate\",\"item\":\"https:\/\/www.daisho.be\/es\/categorie-produit\/equipamiento-y-ropa-para-artes-marciales-y-deportes-de-combate\/\"},{\"@type\":\"ListItem\",\"position\":4,\"name\":\"Jujitsu y jiu-jitsu brasile\u00f1os\",\"item\":\"https:\/\/www.daisho.be\/es\/categorie-produit\/equipamiento-y-ropa-para-artes-marciales-y-deportes-de-combate\/jujitsu-y-jiu-jitsu-brasilenos\/\"},{\"@type\":\"ListItem\",\"position\":5,\"name\":\"Kimono de Jujitsu\",\"item\":\"https:\/\/www.daisho.be\/es\/categorie-produit\/equipamiento-y-ropa-para-artes-marciales-y-deportes-de-combate\/jujitsu-y-jiu-jitsu-brasilenos\/kimono-de-jujitsu-es\/\"},{\"@type\":\"ListItem\",\"position\":6,\"name\":\"CHAQUETA JUDOGI AZUL MOSKITO\"}]},{\"@type\":\"WebSite\",\"@id\":\"https:\/\/www.daisho.be\/es\/#website\",\"url\":\"https:\/\/www.daisho.be\/es\/\",\"name\":\"Daisho\",\"description\":\"Sp&eacute;cialiste de l'&eacute;quipement sportif d'arts martiaux\",\"publisher\":{\"@id\":\"https:\/\/www.daisho.be\/es\/#organization\"},\"potentialAction\":[{\"@type\":\"SearchAction\",\"target\":{\"@type\":\"EntryPoint\",\"urlTemplate\":\"https:\/\/www.daisho.be\/es\/?s={search_term_string}\"},\"query-input\":{\"@type\":\"PropertyValueSpecification\",\"valueRequired\":true,\"valueName\":\"search_term_string\"}}],\"inLanguage\":\"es\"},{\"@type\":\"Organization\",\"@id\":\"https:\/\/www.daisho.be\/es\/#organization\",\"name\":\"Daisho\",\"url\":\"https:\/\/www.daisho.be\/es\/\",\"logo\":{\"@type\":\"ImageObject\",\"inLanguage\":\"es\",\"@id\":\"https:\/\/www.daisho.be\/es\/#\/schema\/logo\/image\/\",\"url\":\"https:\/\/www.daisho.be\/wp-content\/uploads\/2019\/07\/color-nothing-horizontale4x-e1564486100247.png\",\"contentUrl\":\"https:\/\/www.daisho.be\/wp-content\/uploads\/2019\/07\/color-nothing-horizontale4x-e1564486100247.png\",\"width\":1547,\"height\":385,\"caption\":\"Daisho\"},\"image\":{\"@id\":\"https:\/\/www.daisho.be\/es\/#\/schema\/logo\/image\/\"}}]}<\/script>\n<!-- \/ Yoast SEO plugin. -->","yoast_head_json":{"title":"CHAQUETA JUDOGI AZUL MOSKITO &#8211; Daisho","description":"Chaqueta de judo Moskito 100% algod\u00f3n 650 g\/m\u00b2, corte entallado o regular, reforzada. Homologada para competici\u00f3n. Encu\u00e9ntralo en www.daisho.be|Daisho","robots":{"index":"index","follow":"follow","max-snippet":"max-snippet:-1","max-image-preview":"max-image-preview:large","max-video-preview":"max-video-preview:-1"},"canonical":"https:\/\/www.daisho.be\/es\/produit\/chaqueta-judogi-azul-moskito\/","og_locale":"es_ES","og_type":"article","og_title":"CHAQUETA JUDOGI AZUL MOSKITO &#8211; Daisho","og_description":"Chaqueta de judo Moskito 100% algod\u00f3n 650 g\/m\u00b2, corte entallado o regular, reforzada. Homologada para competici\u00f3n. Encu\u00e9ntralo en www.daisho.be|Daisho","og_url":"https:\/\/www.daisho.be\/es\/produit\/chaqueta-judogi-azul-moskito\/","og_site_name":"Daisho","article_modified_time":"2026-04-30T08:08:48+00:00","og_image":[{"width":800,"height":1280,"url":"https:\/\/www.daisho.be\/wp-content\/uploads\/2025\/07\/image-8.jpg","type":"image\/jpeg"}],"twitter_card":"summary_large_image","twitter_misc":{"Tiempo de lectura":"1 minuto"},"schema":{"@context":"https:\/\/schema.org","@graph":[{"@type":"WebPage","@id":"https:\/\/www.daisho.be\/es\/produit\/chaqueta-judogi-azul-moskito\/","url":"https:\/\/www.daisho.be\/es\/produit\/chaqueta-judogi-azul-moskito\/","name":"CHAQUETA JUDOGI AZUL MOSKITO &#8211; Daisho","isPartOf":{"@id":"https:\/\/www.daisho.be\/es\/#website"},"primaryImageOfPage":{"@id":"https:\/\/www.daisho.be\/es\/produit\/chaqueta-judogi-azul-moskito\/#primaryimage"},"image":{"@id":"https:\/\/www.daisho.be\/es\/produit\/chaqueta-judogi-azul-moskito\/#primaryimage"},"thumbnailUrl":"https:\/\/www.daisho.be\/wp-content\/uploads\/2025\/07\/image-8.jpg","datePublished":"2024-08-07T10:47:33+00:00","dateModified":"2026-04-30T08:08:48+00:00","description":"Chaqueta de judo Moskito 100% algod\u00f3n 650 g\/m\u00b2, corte entallado o regular, reforzada. Homologada para competici\u00f3n. Encu\u00e9ntralo en www.daisho.be|Daisho","breadcrumb":{"@id":"https:\/\/www.daisho.be\/es\/produit\/chaqueta-judogi-azul-moskito\/#breadcrumb"},"inLanguage":"es","potentialAction":[{"@type":"ReadAction","target":["https:\/\/www.daisho.be\/es\/produit\/chaqueta-judogi-azul-moskito\/"]}]},{"@type":"ImageObject","inLanguage":"es","@id":"https:\/\/www.daisho.be\/es\/produit\/chaqueta-judogi-azul-moskito\/#primaryimage","url":"https:\/\/www.daisho.be\/wp-content\/uploads\/2025\/07\/image-8.jpg","contentUrl":"https:\/\/www.daisho.be\/wp-content\/uploads\/2025\/07\/image-8.jpg","width":800,"height":1280,"caption":"MOSKITO CHAQUETA JUDOGI AZUL-1"},{"@type":"BreadcrumbList","@id":"https:\/\/www.daisho.be\/es\/produit\/chaqueta-judogi-azul-moskito\/#breadcrumb","itemListElement":[{"@type":"ListItem","position":1,"name":"Accueil","item":"https:\/\/www.daisho.be\/es\/"},{"@type":"ListItem","position":2,"name":"Productos","item":"https:\/\/www.daisho.be\/es\/productos\/"},{"@type":"ListItem","position":3,"name":"Equipamiento y ropa para artes marciales y deportes de combate","item":"https:\/\/www.daisho.be\/es\/categorie-produit\/equipamiento-y-ropa-para-artes-marciales-y-deportes-de-combate\/"},{"@type":"ListItem","position":4,"name":"Jujitsu y jiu-jitsu brasile\u00f1os","item":"https:\/\/www.daisho.be\/es\/categorie-produit\/equipamiento-y-ropa-para-artes-marciales-y-deportes-de-combate\/jujitsu-y-jiu-jitsu-brasilenos\/"},{"@type":"ListItem","position":5,"name":"Kimono de Jujitsu","item":"https:\/\/www.daisho.be\/es\/categorie-produit\/equipamiento-y-ropa-para-artes-marciales-y-deportes-de-combate\/jujitsu-y-jiu-jitsu-brasilenos\/kimono-de-jujitsu-es\/"},{"@type":"ListItem","position":6,"name":"CHAQUETA JUDOGI AZUL MOSKITO"}]},{"@type":"WebSite","@id":"https:\/\/www.daisho.be\/es\/#website","url":"https:\/\/www.daisho.be\/es\/","name":"Daisho","description":"Sp&eacute;cialiste de l'&eacute;quipement sportif d'arts martiaux","publisher":{"@id":"https:\/\/www.daisho.be\/es\/#organization"},"potentialAction":[{"@type":"SearchAction","target":{"@type":"EntryPoint","urlTemplate":"https:\/\/www.daisho.be\/es\/?s={search_term_string}"},"query-input":{"@type":"PropertyValueSpecification","valueRequired":true,"valueName":"search_term_string"}}],"inLanguage":"es"},{"@type":"Organization","@id":"https:\/\/www.daisho.be\/es\/#organization","name":"Daisho","url":"https:\/\/www.daisho.be\/es\/","logo":{"@type":"ImageObject","inLanguage":"es","@id":"https:\/\/www.daisho.be\/es\/#\/schema\/logo\/image\/","url":"https:\/\/www.daisho.be\/wp-content\/uploads\/2019\/07\/color-nothing-horizontale4x-e1564486100247.png","contentUrl":"https:\/\/www.daisho.be\/wp-content\/uploads\/2019\/07\/color-nothing-horizontale4x-e1564486100247.png","width":1547,"height":385,"caption":"Daisho"},"image":{"@id":"https:\/\/www.daisho.be\/es\/#\/schema\/logo\/image\/"}}]}},"_links":{"self":[{"href":"https:\/\/www.daisho.be\/es\/wp-json\/wp\/v2\/product\/426182","targetHints":{"allow":["GET"]}}],"collection":[{"href":"https:\/\/www.daisho.be\/es\/wp-json\/wp\/v2\/product"}],"about":[{"href":"https:\/\/www.daisho.be\/es\/wp-json\/wp\/v2\/types\/product"}],"replies":[{"embeddable":true,"href":"https:\/\/www.daisho.be\/es\/wp-json\/wp\/v2\/comments?post=426182"}],"wp:featuredmedia":[{"embeddable":true,"href":"https:\/\/www.daisho.be\/es\/wp-json\/wp\/v2\/media\/542430"}],"wp:attachment":[{"href":"https:\/\/www.daisho.be\/es\/wp-json\/wp\/v2\/media?parent=426182"}],"wp:term":[{"taxonomy":"product_brand","embeddable":true,"href":"https:\/\/www.daisho.be\/es\/wp-json\/wp\/v2\/product_brand?post=426182"},{"taxonomy":"product_cat","embeddable":true,"href":"https:\/\/www.daisho.be\/es\/wp-json\/wp\/v2\/product_cat?post=426182"},{"taxonomy":"product_tag","embeddable":true,"href":"https:\/\/www.daisho.be\/es\/wp-json\/wp\/v2\/product_tag?post=426182"},{"taxonomy":"sport","embeddable":true,"href":"https:\/\/www.daisho.be\/es\/wp-json\/wp\/v2\/sport?post=426182"}],"curies":[{"name":"wp","href":"https:\/\/api.w.org\/{rel}","templated":true}]}}