{"id":421917,"date":"2024-07-10T16:39:31","date_gmt":"2024-07-10T14:39:31","guid":{"rendered":"https:\/\/www.daisho.be\/produit\/karategi-adidas-adilight-dna-primegreen-azul\/"},"modified":"2026-03-04T11:20:20","modified_gmt":"2026-03-04T10:20:20","slug":"karategi-adidas-adilight-dna-primegreen-azul","status":"publish","type":"product","link":"https:\/\/www.daisho.be\/es\/produit\/karategi-adidas-adilight-dna-primegreen-azul\/","title":{"rendered":"KARATEGI ADIDAS ADILIGHT DNA PRIMEGREEN &#8211; Azul"},"content":{"rendered":"<p>El karategi adidas AdiLight DNA Primegreen es un conjunto de karate de alta calidad creado por la famosa marca adidas.<br \/>\nDise\u00f1ado espec\u00edficamente para los practicantes de k\u00e1rate, este karategi combina comodidad, rendimiento y estilo.<\/p>\n<p>Fabricado con tejido Primegreen, un material innovador y respetuoso con el medio ambiente, este karategi no s\u00f3lo es c\u00f3modo de llevar, sino tambi\u00e9n ecol\u00f3gico.<\/p>\n<p>Primegreen est\u00e1 fabricado con materiales 100% reciclados, lo que contribuye a reducir la huella medioambiental de la producci\u00f3n textil.<\/p>\n<p>Con su corte entallado y su acabado de alta calidad, este karategi ofrece una libertad de movimiento \u00f3ptima para una pr\u00e1ctica fluida y eficaz del k\u00e1rate.<\/p>\n<p>Tambi\u00e9n incorpora la tecnolog\u00eda Climalite, que evacua el sudor para mantenerte seco y c\u00f3modo durante tus entrenamientos o competiciones.<\/p>\n<p>El dise\u00f1o liso y elegante de este karategi adidas AdiLight DNA Primegreen lo convierte en una opci\u00f3n ideal para los atletas preocupados por el estilo.<\/p>\n<p>El logotipo de adidas en el pecho y las ic\u00f3nicas rayas en las mangas a\u00f1aden un toque moderno al conjunto.<\/p>\n<p>Tanto si eres principiante como un practicante experimentado, este karategi adidas AdiLight DNA Primegreen es una elecci\u00f3n esencial para tu pr\u00e1ctica del k\u00e1rate.<\/p>\n<p>P\u00eddelo ahora y aprov\u00e9chate de ropa de alta calidad, respetuosa con el medio ambiente y con estilo para tus entrenamientos y competiciones de k\u00e1rate.<\/p>\n<p>N.B.: Sujeto a disponibilidad.<\/p>\n<p><img loading=\"lazy\" decoding=\"async\" class=\"alignnone size-medium wp-image-483018\" src=\"https:\/\/www.daisho.be\/wp-content\/uploads\/2025\/01\/image-4-300x107.png\" alt=\"KARATEGI ADIDAS ADILIGHT PRIMEGREEN-2\" width=\"300\" height=\"107\" srcset=\"https:\/\/www.daisho.be\/wp-content\/uploads\/2025\/01\/image-4-300x107.png 300w, https:\/\/www.daisho.be\/wp-content\/uploads\/2025\/01\/image-4-223x80.png 223w, https:\/\/www.daisho.be\/wp-content\/uploads\/2025\/01\/image-4.png 377w\" sizes=\"auto, (max-width: 300px) 100vw, 300px\" \/><\/p>\n","protected":false},"excerpt":{"rendered":"<p>El karategi adidas AdiLight DNA Primegreen es un conjunto de karate de alta calidad creado por la famosa marca adidas. Dise\u00f1ado espec\u00edficamente para los practicantes de k\u00e1rate, este karategi combina comodidad, rendimiento y estilo. Fabricado con tejido Primegreen, un material innovador y respetuoso con el medio ambiente, este karategi no s\u00f3lo es c\u00f3modo de llevar, [&hellip;]<\/p>\n","protected":false},"featured_media":497971,"comment_status":"open","ping_status":"closed","template":"","meta":{"inline_featured_image":false},"product_brand":[],"product_cat":[1561,1314,1311],"product_tag":[1560],"sport":[],"class_list":{"0":"post-421917","1":"product","2":"type-product","3":"status-publish","4":"has-post-thumbnail","6":"product_cat-kimono-karategi-adidas","7":"product_cat-kimonos-de-karate","8":"product_cat-trajes-kimonos","9":"product_tag-adidas-es","10":"pa_size-380","11":"pa_size-388","12":"pa_size-379","13":"pa_size-387","14":"pa_size-378","15":"pa_size-386","16":"pa_size-377","17":"pa_size-385","18":"pa_size-376","19":"pa_size-384","20":"pa_size-383","21":"pa_size-953","23":"first","24":"instock","25":"taxable","26":"shipping-taxable","27":"purchasable","28":"product-type-variable"},"yoast_head":"<!-- This site is optimized with the Yoast SEO plugin v27.2 - https:\/\/yoast.com\/product\/yoast-seo-wordpress\/ -->\n<title>KARATEGI ADIDAS ADILIGHT DNA PRIMEGREEN - Azul &#8211; Daisho<\/title>\n<meta name=\"description\" content=\"Descubre el Adidas DNA adilight karategi, que combina elegancia, rendimiento y ecolog\u00eda gracias al tejido PRIMEGREEN utilizado. C\u00f3mpralo en www.daisho.be\/Daisho\" \/>\n<meta name=\"robots\" content=\"index, follow, max-snippet:-1, max-image-preview:large, max-video-preview:-1\" \/>\n<link rel=\"canonical\" href=\"https:\/\/www.daisho.be\/es\/produit\/karategi-adidas-adilight-dna-primegreen-azul\/\" \/>\n<meta property=\"og:locale\" content=\"es_ES\" \/>\n<meta property=\"og:type\" content=\"article\" \/>\n<meta property=\"og:title\" content=\"KARATEGI ADIDAS ADILIGHT DNA PRIMEGREEN - Azul &#8211; Daisho\" \/>\n<meta property=\"og:description\" content=\"Descubre el Adidas DNA adilight karategi, que combina elegancia, rendimiento y ecolog\u00eda gracias al tejido PRIMEGREEN utilizado. C\u00f3mpralo en www.daisho.be\/Daisho\" \/>\n<meta property=\"og:url\" content=\"https:\/\/www.daisho.be\/es\/produit\/karategi-adidas-adilight-dna-primegreen-azul\/\" \/>\n<meta property=\"og:site_name\" content=\"Daisho\" \/>\n<meta property=\"article:modified_time\" content=\"2026-03-04T10:20:20+00:00\" \/>\n<meta property=\"og:image\" content=\"https:\/\/www.daisho.be\/wp-content\/uploads\/2025\/02\/image-23.png\" \/>\n\t<meta property=\"og:image:width\" content=\"519\" \/>\n\t<meta property=\"og:image:height\" content=\"695\" \/>\n\t<meta property=\"og:image:type\" content=\"image\/png\" \/>\n<meta name=\"twitter:card\" content=\"summary_large_image\" \/>\n<meta name=\"twitter:label1\" content=\"Tiempo de lectura\" \/>\n\t<meta name=\"twitter:data1\" content=\"1 minuto\" \/>\n<script type=\"application\/ld+json\" class=\"yoast-schema-graph\">{\"@context\":\"https:\/\/schema.org\",\"@graph\":[{\"@type\":\"WebPage\",\"@id\":\"https:\/\/www.daisho.be\/es\/produit\/karategi-adidas-adilight-dna-primegreen-azul\/\",\"url\":\"https:\/\/www.daisho.be\/es\/produit\/karategi-adidas-adilight-dna-primegreen-azul\/\",\"name\":\"KARATEGI ADIDAS ADILIGHT DNA PRIMEGREEN - Azul &#8211; Daisho\",\"isPartOf\":{\"@id\":\"https:\/\/www.daisho.be\/es\/#website\"},\"primaryImageOfPage\":{\"@id\":\"https:\/\/www.daisho.be\/es\/produit\/karategi-adidas-adilight-dna-primegreen-azul\/#primaryimage\"},\"image\":{\"@id\":\"https:\/\/www.daisho.be\/es\/produit\/karategi-adidas-adilight-dna-primegreen-azul\/#primaryimage\"},\"thumbnailUrl\":\"https:\/\/www.daisho.be\/wp-content\/uploads\/2025\/02\/image-23.png\",\"datePublished\":\"2024-07-10T14:39:31+00:00\",\"dateModified\":\"2026-03-04T10:20:20+00:00\",\"description\":\"Descubre el Adidas DNA adilight karategi, que combina elegancia, rendimiento y ecolog\u00eda gracias al tejido PRIMEGREEN utilizado. C\u00f3mpralo en www.daisho.be\/Daisho\",\"breadcrumb\":{\"@id\":\"https:\/\/www.daisho.be\/es\/produit\/karategi-adidas-adilight-dna-primegreen-azul\/#breadcrumb\"},\"inLanguage\":\"es\",\"potentialAction\":[{\"@type\":\"ReadAction\",\"target\":[\"https:\/\/www.daisho.be\/es\/produit\/karategi-adidas-adilight-dna-primegreen-azul\/\"]}]},{\"@type\":\"ImageObject\",\"inLanguage\":\"es\",\"@id\":\"https:\/\/www.daisho.be\/es\/produit\/karategi-adidas-adilight-dna-primegreen-azul\/#primaryimage\",\"url\":\"https:\/\/www.daisho.be\/wp-content\/uploads\/2025\/02\/image-23.png\",\"contentUrl\":\"https:\/\/www.daisho.be\/wp-content\/uploads\/2025\/02\/image-23.png\",\"width\":519,\"height\":695,\"caption\":\"KARATEGI ADIDAS ADILIGHT DNA PRIMEGREEN - Azul-1\"},{\"@type\":\"BreadcrumbList\",\"@id\":\"https:\/\/www.daisho.be\/es\/produit\/karategi-adidas-adilight-dna-primegreen-azul\/#breadcrumb\",\"itemListElement\":[{\"@type\":\"ListItem\",\"position\":1,\"name\":\"Accueil\",\"item\":\"https:\/\/www.daisho.be\/es\/\"},{\"@type\":\"ListItem\",\"position\":2,\"name\":\"Productos\",\"item\":\"https:\/\/www.daisho.be\/es\/productos\/\"},{\"@type\":\"ListItem\",\"position\":3,\"name\":\"ADIDAS COMBAT SPORTS\",\"item\":\"https:\/\/www.daisho.be\/es\/categorie-produit\/adidas-combat-sports-es\/\"},{\"@type\":\"ListItem\",\"position\":4,\"name\":\"Karate\",\"item\":\"https:\/\/www.daisho.be\/es\/categorie-produit\/adidas-combat-sports-es\/karate-es\/\"},{\"@type\":\"ListItem\",\"position\":5,\"name\":\"Kimono - Karategi Adidas\",\"item\":\"https:\/\/www.daisho.be\/es\/categorie-produit\/adidas-combat-sports-es\/karate-es\/kimono-karategi-adidas\/\"},{\"@type\":\"ListItem\",\"position\":6,\"name\":\"KARATEGI ADIDAS ADILIGHT DNA PRIMEGREEN &#8211; Azul\"}]},{\"@type\":\"WebSite\",\"@id\":\"https:\/\/www.daisho.be\/es\/#website\",\"url\":\"https:\/\/www.daisho.be\/es\/\",\"name\":\"Daisho\",\"description\":\"Sp&eacute;cialiste de l'&eacute;quipement sportif d'arts martiaux\",\"publisher\":{\"@id\":\"https:\/\/www.daisho.be\/es\/#organization\"},\"potentialAction\":[{\"@type\":\"SearchAction\",\"target\":{\"@type\":\"EntryPoint\",\"urlTemplate\":\"https:\/\/www.daisho.be\/es\/?s={search_term_string}\"},\"query-input\":{\"@type\":\"PropertyValueSpecification\",\"valueRequired\":true,\"valueName\":\"search_term_string\"}}],\"inLanguage\":\"es\"},{\"@type\":\"Organization\",\"@id\":\"https:\/\/www.daisho.be\/es\/#organization\",\"name\":\"Daisho\",\"url\":\"https:\/\/www.daisho.be\/es\/\",\"logo\":{\"@type\":\"ImageObject\",\"inLanguage\":\"es\",\"@id\":\"https:\/\/www.daisho.be\/es\/#\/schema\/logo\/image\/\",\"url\":\"https:\/\/www.daisho.be\/wp-content\/uploads\/2019\/07\/color-nothing-horizontale4x-e1564486100247.png\",\"contentUrl\":\"https:\/\/www.daisho.be\/wp-content\/uploads\/2019\/07\/color-nothing-horizontale4x-e1564486100247.png\",\"width\":1547,\"height\":385,\"caption\":\"Daisho\"},\"image\":{\"@id\":\"https:\/\/www.daisho.be\/es\/#\/schema\/logo\/image\/\"}}]}<\/script>\n<!-- \/ Yoast SEO plugin. -->","yoast_head_json":{"title":"KARATEGI ADIDAS ADILIGHT DNA PRIMEGREEN - Azul &#8211; Daisho","description":"Descubre el Adidas DNA adilight karategi, que combina elegancia, rendimiento y ecolog\u00eda gracias al tejido PRIMEGREEN utilizado. C\u00f3mpralo en www.daisho.be\/Daisho","robots":{"index":"index","follow":"follow","max-snippet":"max-snippet:-1","max-image-preview":"max-image-preview:large","max-video-preview":"max-video-preview:-1"},"canonical":"https:\/\/www.daisho.be\/es\/produit\/karategi-adidas-adilight-dna-primegreen-azul\/","og_locale":"es_ES","og_type":"article","og_title":"KARATEGI ADIDAS ADILIGHT DNA PRIMEGREEN - Azul &#8211; Daisho","og_description":"Descubre el Adidas DNA adilight karategi, que combina elegancia, rendimiento y ecolog\u00eda gracias al tejido PRIMEGREEN utilizado. C\u00f3mpralo en www.daisho.be\/Daisho","og_url":"https:\/\/www.daisho.be\/es\/produit\/karategi-adidas-adilight-dna-primegreen-azul\/","og_site_name":"Daisho","article_modified_time":"2026-03-04T10:20:20+00:00","og_image":[{"width":519,"height":695,"url":"https:\/\/www.daisho.be\/wp-content\/uploads\/2025\/02\/image-23.png","type":"image\/png"}],"twitter_card":"summary_large_image","twitter_misc":{"Tiempo de lectura":"1 minuto"},"schema":{"@context":"https:\/\/schema.org","@graph":[{"@type":"WebPage","@id":"https:\/\/www.daisho.be\/es\/produit\/karategi-adidas-adilight-dna-primegreen-azul\/","url":"https:\/\/www.daisho.be\/es\/produit\/karategi-adidas-adilight-dna-primegreen-azul\/","name":"KARATEGI ADIDAS ADILIGHT DNA PRIMEGREEN - Azul &#8211; Daisho","isPartOf":{"@id":"https:\/\/www.daisho.be\/es\/#website"},"primaryImageOfPage":{"@id":"https:\/\/www.daisho.be\/es\/produit\/karategi-adidas-adilight-dna-primegreen-azul\/#primaryimage"},"image":{"@id":"https:\/\/www.daisho.be\/es\/produit\/karategi-adidas-adilight-dna-primegreen-azul\/#primaryimage"},"thumbnailUrl":"https:\/\/www.daisho.be\/wp-content\/uploads\/2025\/02\/image-23.png","datePublished":"2024-07-10T14:39:31+00:00","dateModified":"2026-03-04T10:20:20+00:00","description":"Descubre el Adidas DNA adilight karategi, que combina elegancia, rendimiento y ecolog\u00eda gracias al tejido PRIMEGREEN utilizado. C\u00f3mpralo en www.daisho.be\/Daisho","breadcrumb":{"@id":"https:\/\/www.daisho.be\/es\/produit\/karategi-adidas-adilight-dna-primegreen-azul\/#breadcrumb"},"inLanguage":"es","potentialAction":[{"@type":"ReadAction","target":["https:\/\/www.daisho.be\/es\/produit\/karategi-adidas-adilight-dna-primegreen-azul\/"]}]},{"@type":"ImageObject","inLanguage":"es","@id":"https:\/\/www.daisho.be\/es\/produit\/karategi-adidas-adilight-dna-primegreen-azul\/#primaryimage","url":"https:\/\/www.daisho.be\/wp-content\/uploads\/2025\/02\/image-23.png","contentUrl":"https:\/\/www.daisho.be\/wp-content\/uploads\/2025\/02\/image-23.png","width":519,"height":695,"caption":"KARATEGI ADIDAS ADILIGHT DNA PRIMEGREEN - Azul-1"},{"@type":"BreadcrumbList","@id":"https:\/\/www.daisho.be\/es\/produit\/karategi-adidas-adilight-dna-primegreen-azul\/#breadcrumb","itemListElement":[{"@type":"ListItem","position":1,"name":"Accueil","item":"https:\/\/www.daisho.be\/es\/"},{"@type":"ListItem","position":2,"name":"Productos","item":"https:\/\/www.daisho.be\/es\/productos\/"},{"@type":"ListItem","position":3,"name":"ADIDAS COMBAT SPORTS","item":"https:\/\/www.daisho.be\/es\/categorie-produit\/adidas-combat-sports-es\/"},{"@type":"ListItem","position":4,"name":"Karate","item":"https:\/\/www.daisho.be\/es\/categorie-produit\/adidas-combat-sports-es\/karate-es\/"},{"@type":"ListItem","position":5,"name":"Kimono - Karategi Adidas","item":"https:\/\/www.daisho.be\/es\/categorie-produit\/adidas-combat-sports-es\/karate-es\/kimono-karategi-adidas\/"},{"@type":"ListItem","position":6,"name":"KARATEGI ADIDAS ADILIGHT DNA PRIMEGREEN &#8211; Azul"}]},{"@type":"WebSite","@id":"https:\/\/www.daisho.be\/es\/#website","url":"https:\/\/www.daisho.be\/es\/","name":"Daisho","description":"Sp&eacute;cialiste de l'&eacute;quipement sportif d'arts martiaux","publisher":{"@id":"https:\/\/www.daisho.be\/es\/#organization"},"potentialAction":[{"@type":"SearchAction","target":{"@type":"EntryPoint","urlTemplate":"https:\/\/www.daisho.be\/es\/?s={search_term_string}"},"query-input":{"@type":"PropertyValueSpecification","valueRequired":true,"valueName":"search_term_string"}}],"inLanguage":"es"},{"@type":"Organization","@id":"https:\/\/www.daisho.be\/es\/#organization","name":"Daisho","url":"https:\/\/www.daisho.be\/es\/","logo":{"@type":"ImageObject","inLanguage":"es","@id":"https:\/\/www.daisho.be\/es\/#\/schema\/logo\/image\/","url":"https:\/\/www.daisho.be\/wp-content\/uploads\/2019\/07\/color-nothing-horizontale4x-e1564486100247.png","contentUrl":"https:\/\/www.daisho.be\/wp-content\/uploads\/2019\/07\/color-nothing-horizontale4x-e1564486100247.png","width":1547,"height":385,"caption":"Daisho"},"image":{"@id":"https:\/\/www.daisho.be\/es\/#\/schema\/logo\/image\/"}}]}},"_links":{"self":[{"href":"https:\/\/www.daisho.be\/es\/wp-json\/wp\/v2\/product\/421917","targetHints":{"allow":["GET"]}}],"collection":[{"href":"https:\/\/www.daisho.be\/es\/wp-json\/wp\/v2\/product"}],"about":[{"href":"https:\/\/www.daisho.be\/es\/wp-json\/wp\/v2\/types\/product"}],"replies":[{"embeddable":true,"href":"https:\/\/www.daisho.be\/es\/wp-json\/wp\/v2\/comments?post=421917"}],"wp:featuredmedia":[{"embeddable":true,"href":"https:\/\/www.daisho.be\/es\/wp-json\/wp\/v2\/media\/497971"}],"wp:attachment":[{"href":"https:\/\/www.daisho.be\/es\/wp-json\/wp\/v2\/media?parent=421917"}],"wp:term":[{"taxonomy":"product_brand","embeddable":true,"href":"https:\/\/www.daisho.be\/es\/wp-json\/wp\/v2\/product_brand?post=421917"},{"taxonomy":"product_cat","embeddable":true,"href":"https:\/\/www.daisho.be\/es\/wp-json\/wp\/v2\/product_cat?post=421917"},{"taxonomy":"product_tag","embeddable":true,"href":"https:\/\/www.daisho.be\/es\/wp-json\/wp\/v2\/product_tag?post=421917"},{"taxonomy":"sport","embeddable":true,"href":"https:\/\/www.daisho.be\/es\/wp-json\/wp\/v2\/sport?post=421917"}],"curies":[{"name":"wp","href":"https:\/\/api.w.org\/{rel}","templated":true}]}}